{"id":31740,"date":"2025-06-25T10:04:58","date_gmt":"2025-09-24T14:40:36","guid":{"rendered":"https:\/\/www.ufi.eu\/product\/pcn-ufi-paketi\/"},"modified":"2026-01-09T16:15:16","modified_gmt":"2026-01-09T16:15:16","slug":"pcn-ufi-paketi","status":"publish","type":"product","link":"https:\/\/www.ufi.eu\/tr\/product\/pcn-ufi-paketi\/","title":{"rendered":"PCN &amp; UFI Paketi"},"content":{"rendered":"\n<h2 class=\"wp-block-heading\" id=\"h-how-does-the-ufi-creation-and-pcn-notification-service-work\">UFI olu\u015fturma ve PCN bildirim hizmeti nas\u0131l \u00e7al\u0131\u015f\u0131r?<\/h2>\n\n<p>Bu hizmeti sat\u0131n ald\u0131ktan sonra g\u00fcvenli portala eri\u015fim elde edeceksiniz. Bu portal t\u00fcm ad\u0131mlara genel bir bak\u0131\u015f i\u00e7erir.  Siz \u00fcr\u00fcn bilgilerinizi girin, biz i\u015fe koyulal\u0131m.<\/p>\n\n<h3 class=\"wp-block-heading\" id=\"h-poison-center-notification-amp-ufi\">Zehir Merkezi Bildirimi &amp; UFI<\/h3>\n\n<p>Biz sa\u011flayaca\u011f\u0131z:<\/p>\n\n<ul class=\"wp-block-list\">\n<li>\u00dcr\u00fcn\u00fcn\u00fcz\u00fcn Benzersiz Form\u00fcl Tan\u0131mlay\u0131c\u0131s\u0131 (UFI)<\/li>\n\n\n\n<li>Bir Zehir Merkezi Bildirimi (PCN) raporu<\/li>\n\n\n\n<li>\u00dcr\u00fcn\u00fcn\u00fcz\u00fcn ECHA arac\u0131l\u0131\u011f\u0131yla ilgili ulusal Zehir Merkezlerine kaydedilmesi.<\/li>\n\n\n\n<li>\u00dcr\u00fcn\u00fcn\u00fcz\u00fcn MSDS&#8217;si<\/li>\n<\/ul>\n\n<h3 class=\"wp-block-heading\" id=\"h-countries-for-pcn-registration\">PCN kayd\u0131 i\u00e7in \u00fclkeler<\/h3>\n\n<p>\u00dcr\u00fcn\u00fcn\u00fcz\u00fc kaydettirmek istedi\u011finiz \u00fclke say\u0131s\u0131n\u0131 sayabilirsiniz. Bu, sat\u0131n alman\u0131z gereken \u00fclke say\u0131s\u0131d\u0131r.  Portal i\u00e7inde belirli \u00fclkeleri se\u00e7ebileceksiniz. \u00dcr\u00fcnlerinizin sat\u0131\u015f\u0131n\u0131 daha sonraki bir tarihte yeni \u00fclkelere geni\u015fletmeyi planl\u0131yorsan\u0131z, her zaman ek <a href=\"https:\/\/www.ufi.eu\/pcn\/countries\/countries-for-pcn-registration\/\" target=\"_blank\" rel=\"noreferrer noopener\">PCN \u00fclke kay\u0131tlar\u0131<\/a> sipari\u015f edebilirsiniz.<br\/>AB&#8217;de 27 \u00fclke ve AEA&#8217;da 30 \u00fclke (AB+Lichtenstein, Norve\u00e7 ve \u0130zlanda) Portalda bu \u00fclkeleri se\u00e7ebilirsiniz: <\/p>\n\n<figure class=\"wp-block-table\"><table class=\"has-fixed-layout\"><tbody><tr><td>Bel\u00e7ika<\/td><td>(BE)<\/td><td>\u0130spanya<\/td><td>(ES)<\/td><td>Macaristan<\/td><td>(HU)<\/td><td>Slovakya<\/td><td>(SK)<\/td><\/tr><tr><td>Bulgaristan<\/td><td>(BG)<\/td><td>Fransa<\/td><td>(FR)<\/td><td>Malta<\/td><td>(MT)<\/td><td>Finlandiya<\/td><td>(FI)<\/td><\/tr><tr><td>\u00c7ekya<\/td><td>(CZ)<\/td><td>H\u0131rvatistan<\/td><td>(HR)<\/td><td>Hollanda<\/td><td>(NL)<\/td><td>\u0130sve\u00e7<\/td><td>(SE)<\/td><\/tr><tr><td>Danimarka<\/td><td>(DK)<\/td><td>\u0130talya<\/td><td>(IT)<\/td><td>Avusturya<\/td><td>(AT)<\/td><td>Almanya<\/td><td>(DE)<\/td><\/tr><tr><td>K\u0131br\u0131s<\/td><td>(CY)<\/td><td>Polonya<\/td><td>(PL)<\/td><td>\u0130zlanda<\/td><td>(IS)<\/td><td>Estonya<\/td><td>(EE)<\/td><\/tr><tr><td>Letonya<\/td><td>(LV)<\/td><td>Portekiz<\/td><td>(PT)<\/td><td>Lihten\u015ftayn<\/td><td>(LI)<\/td><td>\u0130rlanda<\/td><td>(IE)<\/td><\/tr><tr><td>Litvanya<\/td><td>(LT)<\/td><td>Romanya<\/td><td>(RO)<\/td><td>Norve\u00e7<\/td><td>(HAYIR)<\/td><td>Yunanistan<\/td><td>(EL)<\/td><\/tr><tr><td>L\u00fcksemburg<\/td><td>(LU)<\/td><td>Slovenya<\/td><td>(SI)<\/td><td>\u0130svi\u00e7re*<\/td><td>(CH)<\/td><td>\u00a0<\/td><td>\u00a0<\/td><\/tr><\/tbody><\/table><\/figure>\n\n<p>*\u0130svi\u00e7re i\u00e7in, \u0130svi\u00e7re portal\u0131nda bir ba\u015fvuru yapmak i\u00e7in gerekli t\u00fcm bilgileri i\u00e7eren PCN dosyas\u0131n\u0131 olu\u015fturabiliriz. Daha fazla bilgi i\u00e7in bize ula\u015f\u0131n. <\/p>\n\n<h3 class=\"wp-block-heading\" id=\"h-clp-label-information\">CLP Etiket Bilgileri<\/h3>\n\n<p>AB CLP T\u00fcz\u00fc\u011f\u00fcn\u00fcn gerektirdi\u011fi t\u00fcm zorunlu bilgileri i\u00e7eren CLP uyumlu bir \u00fcr\u00fcn etiketi sat\u0131n alma se\u00e7ene\u011fi sunuyoruz. Bu bir PDF olarak sa\u011flanacakt\u0131r.  Bu bir tasar\u0131m de\u011fil, gerekli bilgilerin bir \u00f6zetidir. Bu, gerekli bilgileri \u00fcr\u00fcn etiketi tasar\u0131m\u0131n\u0131za entegre etmenizi sa\u011flayacakt\u0131r. <a href=\"https:\/\/www.ufi.eu\/pcn\/clp-label\/clp-label-creation-compliance-check\/\" target=\"_blank\" rel=\"noreferrer noopener\">CLP etiketi olu\u015fturma<\/a> i\u015flemini ayr\u0131ca sipari\u015f edebilirsiniz.   Zaten bir etiketiniz mi var? &#8211; Mevcut <a href=\"https:\/\/www.ufi.eu\/pcn\/clp-label\/clp-label-creation-compliance-check\/\" target=\"_blank\" rel=\"noreferrer noopener\">CLP gerekliliklerine uygun olarak etiketinizin CLP etiket uygunluk kontrol\u00fcn\u00fc<\/a> yapabiliriz. Etiketinizin t\u00fcm d\u00fczenleyici standartlar\u0131 kar\u015f\u0131lad\u0131\u011f\u0131ndan emin olmak i\u00e7in ayr\u0131nt\u0131l\u0131 geri bildirim ve d\u00fczeltmeler sa\u011flayaca\u011f\u0131z.  <\/p>\n\n<h2 class=\"wp-block-heading\" id=\"h-registering-formulations-with-the-eu-poison-centre\">Form\u00fclasyonlar\u0131n AB Zehir Merkezine Kaydedilmesi<\/h2>\n\n<p>Form\u00fclasyonlar, di\u011fer kar\u0131\u015f\u0131mlara daha fazla form\u00fcle edilmesi veya do\u011frudan son kullan\u0131m i\u00e7in ama\u00e7lanan kimyasal kar\u0131\u015f\u0131mlard\u0131r. Bu kar\u0131\u015f\u0131mlar, kazara maruz kalma durumunda acil m\u00fcdahale ekiplerinin \u00f6nemli g\u00fcvenlik verilerine eri\u015fimini sa\u011flamak i\u00e7in AB Zehir Merkezine kaydedilmelidir. Zehir Merkezi Bildirimi (PCN) s\u00fcreci, ilgili tehlike s\u0131n\u0131fland\u0131rmalar\u0131n\u0131n ve toksikolojik profillerin t\u0131p uzmanlar\u0131 ve yetkililer i\u00e7in haz\u0131r olmas\u0131n\u0131 sa\u011flar.  <\/p>\n\n<h3 class=\"wp-block-heading\" id=\"h-what-is-a-ufi\">UFI nedir?<\/h3>\n\n<p>Benzersiz Form\u00fcl Tan\u0131mlay\u0131c\u0131 (UFI), bir kimyasal kar\u0131\u015f\u0131m\u0131 benzersiz bir \u015fekilde tan\u0131mlamak i\u00e7in kullan\u0131lan 16 karakterli alfan\u00fcmerik bir koddur. \u00dcr\u00fcn etiketine bas\u0131lmal\u0131 ve G\u00fcvenlik Bilgi Formuna (SDS) dahil edilmelidir. UFI, zehir merkezlerinin bir olay durumunda kar\u0131\u015f\u0131mla ilgili g\u00fcvenlik ve toksikolojik bilgilere h\u0131zl\u0131 bir \u015fekilde ula\u015fmas\u0131n\u0131 sa\u011flar.  <\/p>\n\n<h3 class=\"wp-block-heading\" id=\"h-what-is-a-pcn\">PCN nedir?<\/h3>\n\n<p>Zehir Merkezi Bildirimi (PCN), tehlikeli kar\u0131\u015f\u0131mlar hakk\u0131nda ayr\u0131nt\u0131l\u0131 g\u00fcvenlik ve toksikolojik veriler i\u00e7eren d\u00fczenleyici bir g\u00f6nderidir. PCN, kar\u0131\u015f\u0131m\u0131n bile\u015fimi, s\u0131n\u0131fland\u0131rmas\u0131, tehlike uyar\u0131lar\u0131 ve acil m\u00fcdahale \u00f6nlemleri gibi bilgileri i\u00e7erir. AB pazar\u0131na s\u00fcr\u00fclen t\u00fcm tehlikeli kar\u0131\u015f\u0131mlar i\u00e7in zorunludur.  <\/p>\n\n<h3 class=\"wp-block-heading\" id=\"h-what-is-clp\">CLP nedir?<\/h3>\n\n<p>CLP (S\u0131n\u0131fland\u0131rma, Etiketleme ve Ambalajlama), kimyasal \u00fcr\u00fcnlerin tehlikelerine g\u00f6re s\u0131n\u0131fland\u0131r\u0131lmas\u0131n\u0131 ve etiketlenmesini sa\u011flayan bir AB y\u00f6netmeli\u011fidir (EC No 1272\/2008). BM K\u00fcresel Uyumla\u015ft\u0131r\u0131lm\u0131\u015f Sistemi (GHS) ile uyumludur ve t\u00fcm tehlikeli kar\u0131\u015f\u0131mlar\u0131n uygun uyar\u0131 etiketlerine ve g\u00fcvenlik talimatlar\u0131na sahip olmas\u0131n\u0131 sa\u011flar. <\/p>\n\n<h3 class=\"wp-block-heading\" id=\"h-what-is-the-eu-poison-centre\">AB Zehir Merkezi nedir?<\/h3>\n\n<p>AB Zehir Merkezi, tehlikeli kar\u0131\u015f\u0131mlar hakk\u0131nda g\u00fcvenlik bilgilerini toplayan ve saklayan resmi bir kurumdur. Sa\u011fl\u0131k uzmanlar\u0131 ve acil durum m\u00fcdahale ekipleri, kazara maruz kalma veya zehirlenme vakalar\u0131nda do\u011fru kimyasal g\u00fcvenlik verilerini sa\u011flamak i\u00e7in Zehir Merkezine g\u00fcvenmektedir. <\/p>\n\n<h3 class=\"wp-block-heading\" id=\"h-why-is-this-needed\">Bu Neden Gerekli?<\/h3>\n\n<p>End\u00fcstriyel form\u00fclasyonlar genellikle acil durum senaryolar\u0131nda net tan\u0131mlama gerektiren tehlikeli kimyasallar i\u00e7erir. \u0130\u015fletmeler bir PCN g\u00f6ndererek zehir merkezlerinin ve t\u0131p uzmanlar\u0131n\u0131n ilgili bilgilere an\u0131nda eri\u015febilmesini sa\u011flar ve maruz kalma durumunda g\u00fcvenlik sonu\u00e7lar\u0131n\u0131 iyile\u015ftirir. <\/p>\n\n<h3 class=\"wp-block-heading\" id=\"h-since-when-is-it-by-law-obligatory\">Ne Zamandan Beri Kanunen Zorunludur?<\/h3>\n\n<p>Tehlikeli kar\u0131\u015f\u0131mlar i\u00e7in PCN sunulmas\u0131na ili\u015fkin yasal gereklilik 1 Ocak 2021 tarihinde y\u00fcr\u00fcrl\u00fc\u011fe girmi\u015ftir. Yaln\u0131zca ileri i\u015flemlerde kullan\u0131lan end\u00fcstriyel form\u00fclasyonlar i\u00e7in 1 Ocak 2024&#8217;ten beri uyumluluk zorunludur. <\/p>\n","protected":false},"excerpt":{"rendered":"<p>UFI olu\u015fturma ve PCN bildirim hizmeti nas\u0131l \u00e7al\u0131\u015f\u0131r? Bu hizmeti sat\u0131n ald\u0131ktan sonra g\u00fcvenli portala eri\u015fim elde edeceksiniz. Bu portal t\u00fcm ad\u0131mlara genel bir bak\u0131\u015f i\u00e7erir. Siz \u00fcr\u00fcn bilgilerinizi girin, biz i\u015fe koyulal\u0131m. Zehir Merkezi Bildirimi &amp; UFI Biz sa\u011flayaca\u011f\u0131z: PCN kayd\u0131 i\u00e7in \u00fclkeler \u00dcr\u00fcn\u00fcn\u00fcz\u00fc kaydettirmek istedi\u011finiz \u00fclke say\u0131s\u0131n\u0131 sayabilirsiniz. Bu, sat\u0131n alman\u0131z gereken \u00fclke [&hellip;]<\/p>\n","protected":false},"featured_media":12495,"template":"","meta":[],"product_brand":[],"product_cat":[397],"product_tag":[],"class_list":{"0":"post-31740","1":"product","2":"type-product","3":"status-publish","4":"has-post-thumbnail","6":"product_cat-clp-etiketi","8":"first","9":"instock","10":"virtual","11":"taxable","12":"purchasable","13":"product-type-bundle"},"bundled_by":[],"bundle_stock_status":"instock","bundle_stock_quantity":"","bundle_virtual":false,"bundle_layout":"default","bundle_add_to_cart_form_location":"default","bundle_editable_in_cart":false,"bundle_sold_individually_context":"product","bundle_item_grouping":"parent","bundle_min_size":"","bundle_max_size":"","bundle_price":{"price":{"min":{"incl_tax":"78.65","excl_tax":"65"},"max":{"incl_tax":"","excl_tax":""}},"regular_price":{"min":{"incl_tax":"78.65","excl_tax":"65"},"max":{"incl_tax":"","excl_tax":""}}},"bundled_items":[{"bundled_item_id":13072,"product_id":12578,"menu_order":0,"quantity_min":1,"quantity_max":"","quantity_default":1,"priced_individually":true,"shipped_individually":true,"override_title":false,"title":"Zehir Merkezi Bildirimi &amp; UFI","override_description":false,"description":"Zehir Merkezi Bildirimi &amp; UFI","optional":false,"hide_thumbnail":false,"discount":"","override_variations":false,"allowed_variations":[""],"override_default_variation_attributes":false,"default_variation_attributes":[],"single_product_visibility":"visible","cart_visibility":"visible","order_visibility":"visible","single_product_price_visibility":"visible","cart_price_visibility":"visible","order_price_visibility":"visible","stock_status":"in_stock"},{"bundled_item_id":13073,"product_id":31696,"menu_order":1,"quantity_min":0,"quantity_max":"","quantity_default":0,"priced_individually":true,"shipped_individually":false,"override_title":false,"title":"PCN kay\u0131t paketi i\u00e7in t\u00fcm AEA \u00dclkeleri","override_description":false,"description":"PCN kay\u0131t paketi i\u00e7in t\u00fcm AEA \u00dclkeleri","optional":false,"hide_thumbnail":false,"discount":"","override_variations":false,"allowed_variations":[""],"override_default_variation_attributes":false,"default_variation_attributes":[],"single_product_visibility":"visible","cart_visibility":"visible","order_visibility":"visible","single_product_price_visibility":"visible","cart_price_visibility":"visible","order_price_visibility":"visible","stock_status":"in_stock"},{"bundled_item_id":13167,"product_id":12580,"menu_order":1,"quantity_min":0,"quantity_max":"","quantity_default":1,"priced_individually":true,"shipped_individually":true,"override_title":false,"title":"PCN kayd\u0131 i\u00e7in \u00fclkeler","override_description":false,"description":"PCN kayd\u0131 i\u00e7in \u00fclkeler","optional":false,"hide_thumbnail":false,"discount":"","override_variations":false,"allowed_variations":[""],"override_default_variation_attributes":false,"default_variation_attributes":[],"single_product_visibility":"visible","cart_visibility":"visible","order_visibility":"visible","single_product_price_visibility":"visible","cart_price_visibility":"visible","order_price_visibility":"visible","stock_status":"in_stock"},{"bundled_item_id":13074,"product_id":12762,"menu_order":2,"quantity_min":0,"quantity_max":"","quantity_default":0,"priced_individually":true,"shipped_individually":true,"override_title":false,"title":"CLP Etiketi Olu\u015fturma ve Uyumluluk Kontrol\u00fc","override_description":true,"description":"","optional":false,"hide_thumbnail":false,"discount":"","override_variations":false,"allowed_variations":[""],"override_default_variation_attributes":false,"default_variation_attributes":[],"single_product_visibility":"visible","cart_visibility":"visible","order_visibility":"visible","single_product_price_visibility":"visible","cart_price_visibility":"visible","order_price_visibility":"visible","stock_status":"in_stock"},{"bundled_item_id":13075,"product_id":12493,"menu_order":3,"quantity_min":0,"quantity_max":"","quantity_default":0,"priced_individually":true,"shipped_individually":true,"override_title":false,"title":"G\u00fcvenlik Bilgi Formu Olu\u015fturma","override_description":false,"description":"G\u00fcvenlik Bilgi Formu Olu\u015fturma","optional":false,"hide_thumbnail":false,"discount":"","override_variations":false,"allowed_variations":[""],"override_default_variation_attributes":false,"default_variation_attributes":[],"single_product_visibility":"visible","cart_visibility":"visible","order_visibility":"visible","single_product_price_visibility":"visible","cart_price_visibility":"visible","order_price_visibility":"visible","stock_status":"in_stock"},{"bundled_item_id":13076,"product_id":12506,"menu_order":4,"quantity_min":0,"quantity_max":"","quantity_default":0,"priced_individually":true,"shipped_individually":false,"override_title":true,"title":"G\u00fcvenlik Bilgi Formu Dili","override_description":false,"description":"G\u00fcvenlik Bilgi Formu Dili","optional":false,"hide_thumbnail":false,"discount":"","override_variations":false,"allowed_variations":[""],"override_default_variation_attributes":false,"default_variation_attributes":[],"single_product_visibility":"visible","cart_visibility":"visible","order_visibility":"visible","single_product_price_visibility":"visible","cart_price_visibility":"visible","order_price_visibility":"visible","stock_status":"in_stock"}],"bundle_sell_ids":[],"yoast_head":"<!-- This site is optimized with the Yoast SEO Premium plugin v25.1 (Yoast SEO v25.1) - https:\/\/yoast.com\/wordpress\/plugins\/seo\/ -->\n<title>PCN &amp; UFI Paketi - UFI<\/title>\n<meta name=\"description\" content=\"PCN &amp; UFI Paketi, \u00fcr\u00fcn\u00fcn\u00fcz\u00fc AB&#039;de satmaya ba\u015flamak i\u00e7in ihtiyac\u0131n\u0131z olan her \u015feyi size sa\u011flayacakt\u0131r.\" \/>\n<meta name=\"robots\" content=\"index, follow, max-snippet:-1, max-image-preview:large, max-video-preview:-1\" \/>\n<link rel=\"canonical\" href=\"https:\/\/www.ufi.eu\/tr\/product\/pcn-ufi-paketi\/\" \/>\n<meta property=\"og:locale\" content=\"tr_TR\" \/>\n<meta property=\"og:type\" content=\"article\" \/>\n<meta property=\"og:title\" content=\"PCN &amp; UFI Paketi\" \/>\n<meta property=\"og:description\" content=\"PCN &amp; UFI Paketi, \u00fcr\u00fcn\u00fcn\u00fcz\u00fc AB&#039;de satmaya ba\u015flamak i\u00e7in ihtiyac\u0131n\u0131z olan her \u015feyi size sa\u011flayacakt\u0131r.\" \/>\n<meta property=\"og:url\" content=\"https:\/\/www.ufi.eu\/tr\/product\/pcn-ufi-paketi\/\" \/>\n<meta property=\"og:site_name\" content=\"UFI\" \/>\n<meta property=\"article:modified_time\" content=\"2026-01-09T16:15:16+00:00\" \/>\n<meta property=\"og:image\" content=\"https:\/\/www.ufi.eu\/wp-content\/uploads\/2025\/03\/pcn_ufi.jpg\" \/>\n\t<meta property=\"og:image:width\" content=\"1024\" \/>\n\t<meta property=\"og:image:height\" content=\"1024\" \/>\n\t<meta property=\"og:image:type\" content=\"image\/jpeg\" \/>\n<meta name=\"twitter:card\" content=\"summary_large_image\" \/>\n<meta name=\"twitter:label1\" content=\"Fiyat\" \/>\n\t<meta name=\"twitter:data1\" content=\"&euro;0.00\" \/>\n\t<meta name=\"twitter:label2\" content=\"Durumu\" \/>\n\t<meta name=\"twitter:data2\" content=\"Stokta var\" \/>\n<script type=\"application\/ld+json\" class=\"yoast-schema-graph\">{\"@context\":\"https:\/\/schema.org\",\"@graph\":[{\"@type\":\"WebPage\",\"@id\":\"https:\/\/www.ufi.eu\/tr\/product\/pcn-ufi-paketi\/\",\"url\":\"https:\/\/www.ufi.eu\/tr\/product\/pcn-ufi-paketi\/\",\"name\":\"PCN &amp; UFI Paketi - UFI\",\"isPartOf\":{\"@id\":\"https:\/\/www.ufi.eu\/tr\/#website\"},\"primaryImageOfPage\":{\"@id\":\"https:\/\/www.ufi.eu\/tr\/product\/pcn-ufi-paketi\/#primaryimage\"},\"image\":{\"@id\":\"https:\/\/www.ufi.eu\/tr\/product\/pcn-ufi-paketi\/#primaryimage\"},\"thumbnailUrl\":\"https:\/\/www.ufi.eu\/wp-content\/uploads\/2025\/03\/pcn_ufi.jpg\",\"datePublished\":\"2025-09-24T14:40:36+00:00\",\"dateModified\":\"2026-01-09T16:15:16+00:00\",\"description\":\"PCN & UFI Paketi, \u00fcr\u00fcn\u00fcn\u00fcz\u00fc AB'de satmaya ba\u015flamak i\u00e7in ihtiyac\u0131n\u0131z olan her \u015feyi size sa\u011flayacakt\u0131r.\",\"breadcrumb\":{\"@id\":\"https:\/\/www.ufi.eu\/tr\/product\/pcn-ufi-paketi\/#breadcrumb\"},\"inLanguage\":\"tr\",\"potentialAction\":[{\"@type\":\"ReadAction\",\"target\":[\"https:\/\/www.ufi.eu\/tr\/product\/pcn-ufi-paketi\/\"]}]},{\"@type\":\"ImageObject\",\"inLanguage\":\"tr\",\"@id\":\"https:\/\/www.ufi.eu\/tr\/product\/pcn-ufi-paketi\/#primaryimage\",\"url\":\"https:\/\/www.ufi.eu\/wp-content\/uploads\/2025\/03\/pcn_ufi.jpg\",\"contentUrl\":\"https:\/\/www.ufi.eu\/wp-content\/uploads\/2025\/03\/pcn_ufi.jpg\",\"width\":1024,\"height\":1024},{\"@type\":\"BreadcrumbList\",\"@id\":\"https:\/\/www.ufi.eu\/tr\/product\/pcn-ufi-paketi\/#breadcrumb\",\"itemListElement\":[{\"@type\":\"ListItem\",\"position\":1,\"name\":\"Home\",\"item\":\"https:\/\/www.ufi.eu\/tr\/ev\/\"},{\"@type\":\"ListItem\",\"position\":2,\"name\":\"Ma\u011faza\",\"item\":\"https:\/\/www.ufi.eu\/tr\/magaza\/\"},{\"@type\":\"ListItem\",\"position\":3,\"name\":\"PCN &amp; UFI Paketi\"}]},{\"@type\":\"WebSite\",\"@id\":\"https:\/\/www.ufi.eu\/tr\/#website\",\"url\":\"https:\/\/www.ufi.eu\/tr\/\",\"name\":\"UFI.EU\",\"description\":\"Poison Centre Notifications (PCN) and UFI\",\"publisher\":{\"@id\":\"https:\/\/www.ufi.eu\/tr\/#organization\"},\"potentialAction\":[{\"@type\":\"SearchAction\",\"target\":{\"@type\":\"EntryPoint\",\"urlTemplate\":\"https:\/\/www.ufi.eu\/tr\/?s={search_term_string}\"},\"query-input\":{\"@type\":\"PropertyValueSpecification\",\"valueRequired\":true,\"valueName\":\"search_term_string\"}}],\"inLanguage\":\"tr\"},{\"@type\":\"Organization\",\"@id\":\"https:\/\/www.ufi.eu\/tr\/#organization\",\"name\":\"UFI.EU\",\"url\":\"https:\/\/www.ufi.eu\/tr\/\",\"logo\":{\"@type\":\"ImageObject\",\"inLanguage\":\"tr\",\"@id\":\"https:\/\/www.ufi.eu\/tr\/#\/schema\/logo\/image\/\",\"url\":\"https:\/\/www.ufi.eu\/wp-content\/uploads\/2025\/03\/cropped-logo_ufi3.jpg\",\"contentUrl\":\"https:\/\/www.ufi.eu\/wp-content\/uploads\/2025\/03\/cropped-logo_ufi3.jpg\",\"width\":231,\"height\":78,\"caption\":\"UFI.EU\"},\"image\":{\"@id\":\"https:\/\/www.ufi.eu\/tr\/#\/schema\/logo\/image\/\"},\"description\":\"UFI.eu specializes in digital registrations for Poison Centre Notifications (PCN), ensuring your chemical products meet EU regulatory requirements effortlessly. Our streamlined solutions help businesses stay compliant while reducing complexity and administrative burden.\",\"email\":\"info@ufi.eu\",\"legalName\":\"UFI.EU\"}]}<\/script>\n<meta property=\"product:price:amount\" content=\"0.00\" \/>\n<meta property=\"product:price:currency\" content=\"EUR\" \/>\n<meta property=\"og:availability\" content=\"instock\" \/>\n<meta property=\"product:availability\" content=\"instock\" \/>\n<meta property=\"product:condition\" content=\"new\" \/>\n<!-- \/ Yoast SEO Premium plugin. -->","yoast_head_json":{"title":"PCN &amp; UFI Paketi - UFI","description":"PCN & UFI Paketi, \u00fcr\u00fcn\u00fcn\u00fcz\u00fc AB'de satmaya ba\u015flamak i\u00e7in ihtiyac\u0131n\u0131z olan her \u015feyi size sa\u011flayacakt\u0131r.","robots":{"index":"index","follow":"follow","max-snippet":"max-snippet:-1","max-image-preview":"max-image-preview:large","max-video-preview":"max-video-preview:-1"},"canonical":"https:\/\/www.ufi.eu\/tr\/product\/pcn-ufi-paketi\/","og_locale":"tr_TR","og_type":"article","og_title":"PCN &amp; UFI Paketi","og_description":"PCN & UFI Paketi, \u00fcr\u00fcn\u00fcn\u00fcz\u00fc AB'de satmaya ba\u015flamak i\u00e7in ihtiyac\u0131n\u0131z olan her \u015feyi size sa\u011flayacakt\u0131r.","og_url":"https:\/\/www.ufi.eu\/tr\/product\/pcn-ufi-paketi\/","og_site_name":"UFI","article_modified_time":"2026-01-09T16:15:16+00:00","og_image":[{"width":1024,"height":1024,"url":"https:\/\/www.ufi.eu\/wp-content\/uploads\/2025\/03\/pcn_ufi.jpg","type":"image\/jpeg"}],"twitter_card":"summary_large_image","twitter_misc":{"Fiyat":"&euro;0.00","Durumu":"Stokta var"},"schema":{"@context":"https:\/\/schema.org","@graph":[{"@type":"WebPage","@id":"https:\/\/www.ufi.eu\/tr\/product\/pcn-ufi-paketi\/","url":"https:\/\/www.ufi.eu\/tr\/product\/pcn-ufi-paketi\/","name":"PCN &amp; UFI Paketi - UFI","isPartOf":{"@id":"https:\/\/www.ufi.eu\/tr\/#website"},"primaryImageOfPage":{"@id":"https:\/\/www.ufi.eu\/tr\/product\/pcn-ufi-paketi\/#primaryimage"},"image":{"@id":"https:\/\/www.ufi.eu\/tr\/product\/pcn-ufi-paketi\/#primaryimage"},"thumbnailUrl":"https:\/\/www.ufi.eu\/wp-content\/uploads\/2025\/03\/pcn_ufi.jpg","datePublished":"2025-09-24T14:40:36+00:00","dateModified":"2026-01-09T16:15:16+00:00","description":"PCN & UFI Paketi, \u00fcr\u00fcn\u00fcn\u00fcz\u00fc AB'de satmaya ba\u015flamak i\u00e7in ihtiyac\u0131n\u0131z olan her \u015feyi size sa\u011flayacakt\u0131r.","breadcrumb":{"@id":"https:\/\/www.ufi.eu\/tr\/product\/pcn-ufi-paketi\/#breadcrumb"},"inLanguage":"tr","potentialAction":[{"@type":"ReadAction","target":["https:\/\/www.ufi.eu\/tr\/product\/pcn-ufi-paketi\/"]}]},{"@type":"ImageObject","inLanguage":"tr","@id":"https:\/\/www.ufi.eu\/tr\/product\/pcn-ufi-paketi\/#primaryimage","url":"https:\/\/www.ufi.eu\/wp-content\/uploads\/2025\/03\/pcn_ufi.jpg","contentUrl":"https:\/\/www.ufi.eu\/wp-content\/uploads\/2025\/03\/pcn_ufi.jpg","width":1024,"height":1024},{"@type":"BreadcrumbList","@id":"https:\/\/www.ufi.eu\/tr\/product\/pcn-ufi-paketi\/#breadcrumb","itemListElement":[{"@type":"ListItem","position":1,"name":"Home","item":"https:\/\/www.ufi.eu\/tr\/ev\/"},{"@type":"ListItem","position":2,"name":"Ma\u011faza","item":"https:\/\/www.ufi.eu\/tr\/magaza\/"},{"@type":"ListItem","position":3,"name":"PCN &amp; UFI Paketi"}]},{"@type":"WebSite","@id":"https:\/\/www.ufi.eu\/tr\/#website","url":"https:\/\/www.ufi.eu\/tr\/","name":"UFI.EU","description":"Poison Centre Notifications (PCN) and UFI","publisher":{"@id":"https:\/\/www.ufi.eu\/tr\/#organization"},"potentialAction":[{"@type":"SearchAction","target":{"@type":"EntryPoint","urlTemplate":"https:\/\/www.ufi.eu\/tr\/?s={search_term_string}"},"query-input":{"@type":"PropertyValueSpecification","valueRequired":true,"valueName":"search_term_string"}}],"inLanguage":"tr"},{"@type":"Organization","@id":"https:\/\/www.ufi.eu\/tr\/#organization","name":"UFI.EU","url":"https:\/\/www.ufi.eu\/tr\/","logo":{"@type":"ImageObject","inLanguage":"tr","@id":"https:\/\/www.ufi.eu\/tr\/#\/schema\/logo\/image\/","url":"https:\/\/www.ufi.eu\/wp-content\/uploads\/2025\/03\/cropped-logo_ufi3.jpg","contentUrl":"https:\/\/www.ufi.eu\/wp-content\/uploads\/2025\/03\/cropped-logo_ufi3.jpg","width":231,"height":78,"caption":"UFI.EU"},"image":{"@id":"https:\/\/www.ufi.eu\/tr\/#\/schema\/logo\/image\/"},"description":"UFI.eu specializes in digital registrations for Poison Centre Notifications (PCN), ensuring your chemical products meet EU regulatory requirements effortlessly. Our streamlined solutions help businesses stay compliant while reducing complexity and administrative burden.","email":"info@ufi.eu","legalName":"UFI.EU"}]},"product_price_amount":"0.00","product_price_currency":"EUR","og_availability":"instock","product_availability":"instock","product_condition":"new"},"_links":{"self":[{"href":"https:\/\/www.ufi.eu\/tr\/wp-json\/wp\/v2\/product\/31740","targetHints":{"allow":["GET"]}}],"collection":[{"href":"https:\/\/www.ufi.eu\/tr\/wp-json\/wp\/v2\/product"}],"about":[{"href":"https:\/\/www.ufi.eu\/tr\/wp-json\/wp\/v2\/types\/product"}],"wp:featuredmedia":[{"embeddable":true,"href":"https:\/\/www.ufi.eu\/tr\/wp-json\/wp\/v2\/media\/12495"}],"wp:attachment":[{"href":"https:\/\/www.ufi.eu\/tr\/wp-json\/wp\/v2\/media?parent=31740"}],"wp:term":[{"taxonomy":"product_brand","embeddable":true,"href":"https:\/\/www.ufi.eu\/tr\/wp-json\/wp\/v2\/product_brand?post=31740"},{"taxonomy":"product_cat","embeddable":true,"href":"https:\/\/www.ufi.eu\/tr\/wp-json\/wp\/v2\/product_cat?post=31740"},{"taxonomy":"product_tag","embeddable":true,"href":"https:\/\/www.ufi.eu\/tr\/wp-json\/wp\/v2\/product_tag?post=31740"}],"curies":[{"name":"wp","href":"https:\/\/api.w.org\/{rel}","templated":true}]}}