{"id":18689,"date":"2025-03-20T08:27:21","date_gmt":"2025-04-17T08:11:24","guid":{"rendered":"https:\/\/www.ufi.eu\/pcn\/kategorilenmemis\/diger-kimyasal-proses-urunleri-icin-pcn-ve-ufi\/"},"modified":"2025-04-17T08:11:24","modified_gmt":"2025-04-17T08:11:24","slug":"diger-kimyasal-proses-urunleri-icin-pcn-ve-ufi","status":"publish","type":"product","link":"https:\/\/www.ufi.eu\/tr\/product\/diger-kimyasal-proses-urunleri-icin-pcn-ve-ufi\/","title":{"rendered":"Di\u011fer Kimyasal Proses \u00dcr\u00fcnleri i\u00e7in PCN ve UFI"},"content":{"rendered":"<h2>UFI olu\u015fturma ve PCN bildirim hizmeti nas\u0131l \u00e7al\u0131\u015f\u0131r?<\/h2>\n<p>Bu hizmeti sat\u0131n ald\u0131ktan sonra g\u00fcvenli portala eri\u015fim elde edeceksiniz. Bu portal t\u00fcm ad\u0131mlara genel bir bak\u0131\u015f i\u00e7erir.  Siz \u00fcr\u00fcn bilgilerinizi girin, biz i\u015fe koyulal\u0131m.<\/p>\n<h3>Zehir Merkezi Bildirimi &amp; UFI<\/h3>\n<p>Biz sa\u011flayaca\u011f\u0131z:<\/p>\n<ul>\n<li>\u00dcr\u00fcn\u00fcn\u00fcz\u00fcn Benzersiz Form\u00fcl Tan\u0131mlay\u0131c\u0131s\u0131 (UFI)<\/li>\n<li>Bir Zehir Merkezi Bildirimi (PCN) raporu<\/li>\n<li>\u00dcr\u00fcn\u00fcn\u00fcz\u00fcn ECHA arac\u0131l\u0131\u011f\u0131yla ilgili ulusal Zehir Merkezlerine kaydedilmesi.<\/li>\n<\/ul>\n<h3>PCN kayd\u0131 i\u00e7in \u00fclkeler<\/h3>\n<p>\u00dcr\u00fcn\u00fcn\u00fcz\u00fc kaydettirmek istedi\u011finiz \u00fclke say\u0131s\u0131n\u0131 sayabilirsiniz. Bu, sat\u0131n alman\u0131z gereken \u00fclke say\u0131s\u0131d\u0131r.  Portal i\u00e7inde belirli \u00fclkeleri se\u00e7ebileceksiniz. \u00dcr\u00fcnlerinizin sat\u0131\u015f\u0131n\u0131 daha sonraki bir tarihte yeni \u00fclkelere geni\u015fletmeyi planl\u0131yorsan\u0131z, her zaman ek <a href=\"https:\/\/www.ufi.eu\/tr\/pcn\/ulkeler\/pcn-kaydi-icin-ulkeler\/\" target=\"_blank\" title=\"PCN \u00fclke kay\u0131tlar\u0131\">PCN \u00fclke kay\u0131tlar\u0131<\/a> sipari\u015f edebilirsiniz.<br \/>AB&#8217;de 27 \u00fclke ve EEA&#8217;da 30 \u00fclke (AB+Lichtenstein, Norve\u00e7 ve \u0130zlanda) Portalda bu \u00fclkeleri se\u00e7ebilirsiniz: <\/p>\n<table cellpadding=\"2\" cellspacing=\"0\" border=\"1\">\n<tbody>\n<tr>\n<td>Bel\u00e7ika<\/td>\n<td>(BE)<\/td>\n<td>\u0130spanya<\/td>\n<td>(ES)<\/td>\n<td>Macaristan<\/td>\n<td>(HU)<\/td>\n<td>Slovakya<\/td>\n<td>(SK)<\/td>\n<\/tr>\n<tr>\n<td>Bulgaristan<\/td>\n<td>(BG)<\/td>\n<td>Fransa<\/td>\n<td>(FR)<\/td>\n<td>Malta<\/td>\n<td>(MT)<\/td>\n<td>Finlandiya<\/td>\n<td>(FI)<\/td>\n<\/tr>\n<tr>\n<td>\u00c7ekya<\/td>\n<td>(CZ)<\/td>\n<td>H\u0131rvatistan<\/td>\n<td>(HR)<\/td>\n<td>Hollanda<\/td>\n<td>(NL)<\/td>\n<td>\u0130sve\u00e7<\/td>\n<td>(SE)<\/td>\n<\/tr>\n<tr>\n<td>Danimarka<\/td>\n<td>(DK)<\/td>\n<td>\u0130talya<\/td>\n<td>(IT)<\/td>\n<td>Avusturya<\/td>\n<td>(AT)<\/td>\n<td>Almanya<\/td>\n<td>(DE)<\/td>\n<\/tr>\n<tr>\n<td>K\u0131br\u0131s<\/td>\n<td>(CY)<\/td>\n<td>Polonya<\/td>\n<td>(PL)<\/td>\n<td>\u0130zlanda<\/td>\n<td>(IS)<\/td>\n<td>Estonya<\/td>\n<td>(EE)<\/td>\n<\/tr>\n<tr>\n<td>Letonya<\/td>\n<td>(LV)<\/td>\n<td>Portekiz<\/td>\n<td>(PT)<\/td>\n<td>Lihten\u015ftayn<\/td>\n<td>(LI)<\/td>\n<td>\u0130rlanda<\/td>\n<td>(IE)<\/td>\n<\/tr>\n<tr>\n<td>Litvanya<\/td>\n<td>(LT)<\/td>\n<td>Romanya<\/td>\n<td>(RO)<\/td>\n<td>Norve\u00e7<\/td>\n<td>(HAYIR)<\/td>\n<td>Yunanistan<\/td>\n<td>(EL)<\/td>\n<\/tr>\n<tr>\n<td>L\u00fcksemburg<\/td>\n<td>(LU)<\/td>\n<td>Slovenya<\/td>\n<td>(SI)<\/td>\n<td>\u0130svi\u00e7re*<\/td>\n<td>(CH)<\/td>\n<td><\/td>\n<td><\/td>\n<\/tr>\n<\/tbody>\n<\/table>\n<p>*\u0130svi\u00e7re i\u00e7in, \u0130svi\u00e7re portal\u0131nda bir ba\u015fvuru yapmak i\u00e7in gerekli t\u00fcm bilgileri i\u00e7eren PCN dosyas\u0131n\u0131 olu\u015fturabiliriz. Daha fazla bilgi i\u00e7in bize ula\u015f\u0131n. <\/p>\n<h3>CLP Etiket Bilgileri<\/h3>\n<p>AB CLP T\u00fcz\u00fc\u011f\u00fcn\u00fcn gerektirdi\u011fi t\u00fcm zorunlu bilgileri i\u00e7eren CLP uyumlu bir \u00fcr\u00fcn etiketi sat\u0131n alma se\u00e7ene\u011fi sunuyoruz. Bu bir PDF olarak sa\u011flanacakt\u0131r.  Bu bir tasar\u0131m de\u011fil, gerekli bilgilerin bir \u00f6zetidir. Bu, gerekli bilgileri \u00fcr\u00fcn etiketi tasar\u0131m\u0131n\u0131za entegre etmenizi sa\u011flayacakt\u0131r. <a href=\"https:\/\/www.ufi.eu\/tr\/pcn\/clp-etiketi\/clp-etiketi-olusturma-ve-uyumluluk-kontrolu\/\" target=\"_blank\" title=\"CLP labelcCreation\">CLP etiketi olu\u015fturma<\/a> i\u015flemini ayr\u0131 olarak da sipari\u015f edebilirsiniz. Zaten bir etiketiniz mi var? &#8211; Mevcut CLP gerekliliklerine uygun olarak etiketinizin <a href=\"https:\/\/www.ufi.eu\/tr\/pcn\/clp-etiketi\/clp-etiketi-olusturma-ve-uyumluluk-kontrolu\/\" target=\"_blank\" title=\"CLP etiket uygunluk kontrol\u00fc\">CLP etiketi uygunluk kontrol\u00fcn\u00fc<\/a> yapabiliriz. Etiketinizin t\u00fcm d\u00fczenleyici standartlar\u0131 kar\u015f\u0131lad\u0131\u011f\u0131ndan emin olmak i\u00e7in ayr\u0131nt\u0131l\u0131 geri bildirim ve d\u00fczeltmeler sa\u011flayaca\u011f\u0131z.     <\/p>\n<h2>Kimyasal veya Teknik Prosesler i\u00e7in Di\u011fer \u00dcr\u00fcnler i\u00e7in Zehir Merkezi Bildirimi<\/h2>\n<p>\u00d6zel uygulamalar i\u00e7in end\u00fcstrilerde \u00e7e\u015fitli kimyasal ve teknik proses \u00fcr\u00fcnleri kullan\u0131lmaktad\u0131r. Bunlar aras\u0131nda i\u015fleme yard\u0131mc\u0131lar\u0131, end\u00fcstriyel katk\u0131 maddeleri ve belirli kategoriler alt\u0131nda kapsanmayan di\u011fer form\u00fclasyonlar yer alabilir. Bu \u00fcr\u00fcnler tehlikeli maddeler i\u00e7eriyorsa, bir Zehir Merkezi Bildirimi (PCN) arac\u0131l\u0131\u011f\u0131yla Zehir Merkezine kaydedilmelidir. Bu, acil m\u00fcdahale ekiplerinin maruz kalma durumunda acil t\u0131bbi yard\u0131m sa\u011flamak i\u00e7in do\u011fru bilgilere sahip olmas\u0131n\u0131 sa\u011flar.   <\/p>\n<h3>UFI nedir?<\/h3>\n<p>Benzersiz Form\u00fcl Tan\u0131mlay\u0131c\u0131 (UFI), \u00fcr\u00fcn etiketlerinde ve g\u00fcvenlik bilgi formlar\u0131nda bulunmas\u0131 gereken 16 karakterli alfan\u00fcmerik bir koddur. Zehir merkezleri taraf\u0131ndan acil bir durumda bir \u00fcr\u00fcn\u00fcn tam bile\u015fimini h\u0131zl\u0131 bir \u015fekilde tan\u0131mlamak i\u00e7in kullan\u0131l\u0131r. <\/p>\n<h3>PCN nedir?<\/h3>\n<p>Zehir Merkezi Bildirimi (PCN), AB&#8217;nin CLP y\u00f6netmeli\u011fi kapsam\u0131nda d\u00fczenleyici bir gerekliliktir. Form\u00fcl\u00fc, tehlike s\u0131n\u0131fland\u0131rmas\u0131 ve g\u00fcvenlik \u00f6nlemleri de dahil olmak \u00fczere bir kimyasal kar\u0131\u015f\u0131m hakk\u0131nda ayr\u0131nt\u0131l\u0131 bilgilerin Zehir Merkezine g\u00f6nderilmesini i\u00e7erir. Bu, kazara maruz kalma durumunda uygun t\u0131bbi m\u00fcdahalenin sa\u011flanmas\u0131na yard\u0131mc\u0131 olur.  <\/p>\n<h3>CLP nedir?<\/h3>\n<p>S\u0131n\u0131fland\u0131rma, Etiketleme ve Ambalajlama (CLP) y\u00f6netmeli\u011fi, AB i\u00e7inde kimyasallarla ili\u015fkili tehlikelerin tan\u0131mlanmas\u0131 ve iletilmesi i\u00e7in tek tip bir sistem olu\u015fturmaktad\u0131r. \u00dcr\u00fcnlerin a\u00e7\u0131k\u00e7a etiketlenmesini ve kullan\u0131c\u0131lar\u0131n kritik g\u00fcvenlik bilgilerine eri\u015febilmesini sa\u011flar. <\/p>\n<h3>Zehir Merkezi nedir?<\/h3>\n<p>Zehir Merkezi, kimyasal maddelere maruz kalma durumlar\u0131nda t\u0131bbi tavsiye sa\u011flamaktan sorumlu ulusal kurulu\u015flardan olu\u015fan bir a\u011fd\u0131r. \u00dcreticiler ve tedarik\u00e7iler, bir \u00fcr\u00fcn\u00fc Zehir Merkezine kaydettirerek sa\u011fl\u0131k uzmanlar\u0131n\u0131n tehlikeli maddeler hakk\u0131nda hayati bilgilere eri\u015febilmesini sa\u011flar. <\/p>\n<h3>Bu Neden Gerekli?<\/h3>\n<p>Bir\u00e7ok kimyasal ve teknik proses \u00fcr\u00fcn\u00fc solundu\u011funda, yutuldu\u011funda veya ciltle temas etti\u011finde tehlikeli olabilecek maddeler i\u00e7erir. Bir PCN, ilk m\u00fcdahale ekiplerinin ve sa\u011fl\u0131k hizmeti sa\u011flay\u0131c\u0131lar\u0131n\u0131n zehirlenme vakalar\u0131n\u0131 etkili bir \u015fekilde y\u00f6netmek i\u00e7in gerekli bilgilere sahip olmas\u0131n\u0131 sa\u011flayarak sa\u011fl\u0131k risklerini en aza indirir. <\/p>\n<h3>Bu Ne Zamandan Beri Kanunen Zorunludur?<\/h3>\n<p>1 Ocak 2021 tarihinden itibaren AB pazar\u0131na sunulan t\u00fcm tehlikeli kimyasal kar\u0131\u015f\u0131mlar\u0131n CLP t\u00fcz\u00fc\u011f\u00fcn\u00fcn Ek VIII&#8217;i kapsam\u0131nda Zehir Merkezine kaydedilmesi gerekmektedir. Bu gereklilik, Avrupa Birli\u011fi genelinde g\u00fcvenlik ve acil durum m\u00fcdahalesini geli\u015ftirmektedir. <\/p>\n<h2>SSS<\/h2>\n<h3>Soru T\u00fcm kimyasal veya teknik proses \u00fcr\u00fcnleri bir PCN gerektirir mi?<\/h3>\n<p>Cevap: Bir \u00fcr\u00fcn CLP y\u00f6netmeli\u011fi kapsam\u0131nda s\u0131n\u0131fland\u0131r\u0131lan tehlikeli maddeler i\u00e7eriyorsa, AB&#8217;de pazarlanmadan \u00f6nce bir PCN sunulmal\u0131d\u0131r.<\/p>\n<h3>Soru: Bir PCN ba\u015fvurusunda hangi bilgiler yer al\u0131r?<\/h3>\n<p>Cevap: Bir PCN ba\u015fvurusu UFI, \u00fcr\u00fcn bile\u015fimi, tehlike s\u0131n\u0131fland\u0131rmas\u0131, toksikolojik bilgiler ve acil durum m\u00fcdahale \u00f6nerilerini i\u00e7ermelidir.<\/p>\n<h3>Soru PCN g\u00f6ndermemenin sonu\u00e7lar\u0131 nelerdir?<\/h3>\n<p>Cevap verin: PCN y\u00f6netmeliklerine uyulmamas\u0131 para cezalar\u0131na, sat\u0131\u015f k\u0131s\u0131tlamalar\u0131na ve zehirlenme vakalar\u0131nda yasal sorumlulu\u011fun artmas\u0131na neden olabilir.<\/p>\n<h3>Soru: \u00dcr\u00fcn\u00fcm i\u00e7in \u00dcr\u00fcn\u00fcm i\u00e7in nas\u0131l PCN g\u00f6nderebilirim?<\/h3>\n<p>Cevap: PCN g\u00f6nderimleri Avrupa Kimyasallar Ajans\u0131 (ECHA) portal\u0131 \u00fczerinden yap\u0131lmaktad\u0131r. \u015eirketimiz UFI olu\u015fturma, CLP uyumlu etiketleme, PCN raporu haz\u0131rlama ve Zehir Merkezine \u00fcr\u00fcn kayd\u0131 dahil olmak \u00fczere eksiksiz bir hizmet sunmaktad\u0131r. <\/p>\n<h3>Soru UFI ve PCN bildiriminin g\u00f6nderilmesi ne kadar s\u00fcrer?<\/h3>\n<p>Bu bizim birka\u00e7 g\u00fcnl\u00fck i\u015fimizi al\u0131r. Belgeleri y\u00fckledi\u011finiz anda hemen \u00e7al\u0131\u015fmaya ba\u015flayaca\u011f\u0131z. <\/p>\n<h3>Soru: PCN bildiriminin sahibi ben miyim?<\/h3>\n<p>Evet, PCN bildiriminin sahibi sizsiniz. Sa\u011flad\u0131\u011f\u0131n\u0131z verilerin t\u00fcm m\u00fclkiyeti size aittir.  PCN bildirimine ECHA hesab\u0131n\u0131zdan eri\u015febilirsiniz.<\/p>\n<h3>Soru: Bu hizmet bir \u00fcr\u00fcn i\u00e7in mi yoksa daha fazlas\u0131 i\u00e7in mi?<\/h3>\n<p>Hizmet tek bir \u00fcr\u00fcn i\u00e7indir.<\/p>\n<h3>Soru Bir UFI olu\u015fturmak i\u00e7in neden \u00f6deme yapmam gerekiyor?<\/h3>\n<p>Sundu\u011fumuz hizmet sadece bir UFI sa\u011flamaktan ibaret de\u011fildir. UFI, \u00e7ok daha kapsaml\u0131 bir s\u00fcrecin bir bile\u015fenidir.  Sa\u011flad\u0131\u011f\u0131m\u0131z temel hizmet, tehlikeli kar\u0131\u015f\u0131mlar\u0131n piyasaya s\u00fcr\u00fclmesi i\u00e7in AB CLP T\u00fcz\u00fc\u011f\u00fc kapsam\u0131nda zorunlu bir gereklilik olan Zehir Merkezi Bildiriminizin (PCN) haz\u0131rlanmas\u0131 ve ECHA portal\u0131 arac\u0131l\u0131\u011f\u0131yla ulusal atanm\u0131\u015f kurumlara sunulmas\u0131d\u0131r. Bir UFI olu\u015fturmak en basit k\u0131s\u0131md\u0131r. Ancak PCN raporu karma\u015f\u0131kt\u0131r. ECHA arac\u0131l\u0131\u011f\u0131yla Zehir Merkezine g\u00f6nderilmek \u00fczere tam olarak bi\u00e7imlendirilmi\u015f ayr\u0131nt\u0131l\u0131 i\u00e7erik incelemesi -kimyasal s\u0131n\u0131fland\u0131rmalar- gerektirir.   <\/p>\n<h3>Soru \u015eirketim AB&#8217;de yerle\u015fik de\u011fil, nas\u0131l PCN g\u00f6nderebilirim?<\/h3>\n<p>AB&#8217;de yerle\u015fik olmayan \u015firketler i\u00e7in bir \u00e7\u00f6z\u00fcm sunuyoruz. <a href=\"https:\/\/www.ufi.eu\/tr\/pcn\/ab-disinda\/ab-uyesi-olmayan-sirketler-icin-pcn-ve-ufi\/\" target=\"_blank\" rel=\"noopener\">AB \u00fcyesi olmayan \u015firketler i\u00e7in PCN &amp; UFI<\/a> sayfas\u0131nda daha fazla bilgi bulabilirsiniz. <\/p>\n<h3>Soru: G\u00fcvenlik Bilgi Formlar\u0131 AB Y\u00f6netmeli\u011fi (REACH &amp; CLP) ile tam uyumlu G\u00fcvenlik Bilgi Formlar\u0131 sa\u011flayabilir misiniz?<\/h3>\n<p>Evet, yapabiliriz. <a href=\"https:\/\/www.ufi.eu\/tr\/pcn\/guvenlik-bilgi-formu\/guvenlik-bilgi-formu-msds-sds-olusturma-hizmeti\/\" target=\"_blank\"><strong>G\u00fcvenlik Bilgi Formlar\u0131 (SDS) olu\u015fturun<\/strong><\/a>&#8211; <strong>Malzeme G\u00fcvenlik Bilgi Formlar\u0131 (MSDS<\/strong>) olarak da bilinir &#8211; \u00fcr\u00fcn\u00fcn\u00fcze g\u00f6re uyarlanm\u0131\u015f ve en son AB y\u00f6netmelikleriyle uyumludur. \u0130ster kimyasal kar\u0131\u015f\u0131mlar \u00fcretiyor, ister \u00fcr\u00fcnleri AB&#8217;ye ithal ediyor veya \u00f6zel bir etiket alt\u0131nda da\u011f\u0131t\u0131yor olun, uyumlu bir GBF yasal olarak gereklidir ve tedarik zinciri boyunca g\u00fcvenli kullan\u0131m i\u00e7in gereklidir. <a href=\"https:\/\/www.ufi.eu\/tr\/pcn\/guvenlik-bilgi-formu\/guvenlik-bilgi-formu-msds-sds-olusturma-hizmeti\/\" target=\"_blank\">G\u00fcvenlik Bilgi Formu (MSDS\/SDS) Olu\u015fturma Hizmeti<\/a> sayfas\u0131nda daha fazla bilgi bulabilirsiniz.  <\/p>\n","protected":false},"excerpt":{"rendered":"<p>UFI olu\u015fturma ve PCN bildirim hizmeti nas\u0131l \u00e7al\u0131\u015f\u0131r? Bu hizmeti sat\u0131n ald\u0131ktan sonra g\u00fcvenli portala eri\u015fim elde edeceksiniz. Bu portal t\u00fcm ad\u0131mlara genel bir bak\u0131\u015f i\u00e7erir. Siz \u00fcr\u00fcn bilgilerinizi girin, biz i\u015fe koyulal\u0131m. Zehir Merkezi Bildirimi &amp; UFI Biz sa\u011flayaca\u011f\u0131z: \u00dcr\u00fcn\u00fcn\u00fcz\u00fcn Benzersiz Form\u00fcl Tan\u0131mlay\u0131c\u0131s\u0131 (UFI) Bir Zehir Merkezi Bildirimi (PCN) raporu \u00dcr\u00fcn\u00fcn\u00fcz\u00fcn ECHA arac\u0131l\u0131\u011f\u0131yla ilgili [&hellip;]<\/p>\n","protected":false},"featured_media":18690,"template":"","meta":[],"product_brand":[],"product_cat":[353],"product_tag":[],"class_list":{"0":"post-18689","1":"product","2":"type-product","3":"status-publish","4":"has-post-thumbnail","6":"product_cat-kimyasal-veya-teknik-prosesler-icin-urunler","8":"first","9":"instock","10":"virtual","11":"taxable","12":"purchasable","13":"product-type-bundle"},"bundled_by":[],"bundle_stock_status":"instock","bundle_stock_quantity":"","bundle_virtual":false,"bundle_layout":"default","bundle_add_to_cart_form_location":"default","bundle_editable_in_cart":false,"bundle_sold_individually_context":"product","bundle_item_grouping":"parent","bundle_min_size":"","bundle_max_size":"","bundle_price":{"price":{"min":{"incl_tax":"121","excl_tax":"100"},"max":{"incl_tax":"","excl_tax":""}},"regular_price":{"min":{"incl_tax":"121","excl_tax":"100"},"max":{"incl_tax":"","excl_tax":""}}},"bundled_items":[{"bundled_item_id":7420,"product_id":12578,"menu_order":0,"quantity_min":1,"quantity_max":1,"quantity_default":1,"priced_individually":true,"shipped_individually":false,"override_title":false,"title":null,"override_description":false,"description":null,"optional":false,"hide_thumbnail":false,"discount":"","override_variations":false,"allowed_variations":[""],"override_default_variation_attributes":false,"default_variation_attributes":[],"single_product_visibility":"visible","cart_visibility":"visible","order_visibility":"visible","single_product_price_visibility":"visible","cart_price_visibility":"visible","order_price_visibility":"visible","stock_status":"in_stock"},{"bundled_item_id":7421,"product_id":12580,"menu_order":1,"quantity_min":1,"quantity_max":"","quantity_default":1,"priced_individually":true,"shipped_individually":false,"override_title":false,"title":null,"override_description":false,"description":null,"optional":false,"hide_thumbnail":false,"discount":"","override_variations":false,"allowed_variations":[""],"override_default_variation_attributes":false,"default_variation_attributes":[],"single_product_visibility":"visible","cart_visibility":"visible","order_visibility":"visible","single_product_price_visibility":"visible","cart_price_visibility":"visible","order_price_visibility":"visible","stock_status":"in_stock"}],"bundle_sell_ids":[],"yoast_head":"<!-- This site is optimized with the Yoast SEO Premium plugin v25.1 (Yoast SEO v25.1) - https:\/\/yoast.com\/wordpress\/plugins\/seo\/ -->\n<title>Di\u011fer Kimyasal Proses \u00dcr\u00fcnleri i\u00e7in PCN ve UFI - UFI<\/title>\n<meta name=\"description\" content=\"Ba\u015fka bir yerde kapsanmayan kimyasal ve teknik proses \u00fcr\u00fcnleri i\u00e7in PCN ve UFI al\u0131n. H\u0131zl\u0131 ve g\u00fcvenilir hizmetimizle AB Zehir Merkezi uyumlulu\u011funu sa\u011flay\u0131n!\" \/>\n<meta name=\"robots\" content=\"index, follow, max-snippet:-1, max-image-preview:large, max-video-preview:-1\" \/>\n<link rel=\"canonical\" href=\"https:\/\/www.ufi.eu\/tr\/product\/diger-kimyasal-proses-urunleri-icin-pcn-ve-ufi\/\" \/>\n<meta property=\"og:locale\" content=\"tr_TR\" \/>\n<meta property=\"og:type\" content=\"article\" \/>\n<meta property=\"og:title\" content=\"Di\u011fer Kimyasal Proses \u00dcr\u00fcnleri i\u00e7in PCN ve UFI\" \/>\n<meta property=\"og:description\" content=\"Ba\u015fka bir yerde kapsanmayan kimyasal ve teknik proses \u00fcr\u00fcnleri i\u00e7in PCN ve UFI al\u0131n. H\u0131zl\u0131 ve g\u00fcvenilir hizmetimizle AB Zehir Merkezi uyumlulu\u011funu sa\u011flay\u0131n!\" \/>\n<meta property=\"og:url\" content=\"https:\/\/www.ufi.eu\/tr\/product\/diger-kimyasal-proses-urunleri-icin-pcn-ve-ufi\/\" \/>\n<meta property=\"og:site_name\" content=\"UFI\" \/>\n<meta property=\"og:image\" content=\"https:\/\/www.ufi.eu\/wp-content\/uploads\/2025\/03\/PC-TEC-OTH.jpg\" \/>\n\t<meta property=\"og:image:width\" content=\"1024\" \/>\n\t<meta property=\"og:image:height\" content=\"1024\" \/>\n\t<meta property=\"og:image:type\" content=\"image\/jpeg\" \/>\n<meta name=\"twitter:card\" content=\"summary_large_image\" \/>\n<meta name=\"twitter:label1\" content=\"Fiyat\" \/>\n\t<meta name=\"twitter:data1\" content=\"&euro;0.00\" \/>\n\t<meta name=\"twitter:label2\" content=\"Durumu\" \/>\n\t<meta name=\"twitter:data2\" content=\"Stokta var\" \/>\n<script type=\"application\/ld+json\" class=\"yoast-schema-graph\">{\"@context\":\"https:\/\/schema.org\",\"@graph\":[{\"@type\":\"WebPage\",\"@id\":\"https:\/\/www.ufi.eu\/tr\/product\/diger-kimyasal-proses-urunleri-icin-pcn-ve-ufi\/\",\"url\":\"https:\/\/www.ufi.eu\/tr\/product\/diger-kimyasal-proses-urunleri-icin-pcn-ve-ufi\/\",\"name\":\"Di\u011fer Kimyasal Proses \u00dcr\u00fcnleri i\u00e7in PCN ve UFI - UFI\",\"isPartOf\":{\"@id\":\"https:\/\/www.ufi.eu\/tr\/#website\"},\"primaryImageOfPage\":{\"@id\":\"https:\/\/www.ufi.eu\/tr\/product\/diger-kimyasal-proses-urunleri-icin-pcn-ve-ufi\/#primaryimage\"},\"image\":{\"@id\":\"https:\/\/www.ufi.eu\/tr\/product\/diger-kimyasal-proses-urunleri-icin-pcn-ve-ufi\/#primaryimage\"},\"thumbnailUrl\":\"https:\/\/www.ufi.eu\/wp-content\/uploads\/2025\/03\/PC-TEC-OTH.jpg\",\"datePublished\":\"2025-04-17T08:11:24+00:00\",\"description\":\"Ba\u015fka bir yerde kapsanmayan kimyasal ve teknik proses \u00fcr\u00fcnleri i\u00e7in PCN ve UFI al\u0131n. H\u0131zl\u0131 ve g\u00fcvenilir hizmetimizle AB Zehir Merkezi uyumlulu\u011funu sa\u011flay\u0131n!\",\"breadcrumb\":{\"@id\":\"https:\/\/www.ufi.eu\/tr\/product\/diger-kimyasal-proses-urunleri-icin-pcn-ve-ufi\/#breadcrumb\"},\"inLanguage\":\"tr\",\"potentialAction\":[{\"@type\":\"ReadAction\",\"target\":[\"https:\/\/www.ufi.eu\/tr\/product\/diger-kimyasal-proses-urunleri-icin-pcn-ve-ufi\/\"]}]},{\"@type\":\"ImageObject\",\"inLanguage\":\"tr\",\"@id\":\"https:\/\/www.ufi.eu\/tr\/product\/diger-kimyasal-proses-urunleri-icin-pcn-ve-ufi\/#primaryimage\",\"url\":\"https:\/\/www.ufi.eu\/wp-content\/uploads\/2025\/03\/PC-TEC-OTH.jpg\",\"contentUrl\":\"https:\/\/www.ufi.eu\/wp-content\/uploads\/2025\/03\/PC-TEC-OTH.jpg\",\"width\":1024,\"height\":1024},{\"@type\":\"BreadcrumbList\",\"@id\":\"https:\/\/www.ufi.eu\/tr\/product\/diger-kimyasal-proses-urunleri-icin-pcn-ve-ufi\/#breadcrumb\",\"itemListElement\":[{\"@type\":\"ListItem\",\"position\":1,\"name\":\"Home\",\"item\":\"https:\/\/www.ufi.eu\/tr\/ev\/\"},{\"@type\":\"ListItem\",\"position\":2,\"name\":\"Ma\u011faza\",\"item\":\"https:\/\/www.ufi.eu\/tr\/magaza\/\"},{\"@type\":\"ListItem\",\"position\":3,\"name\":\"Di\u011fer Kimyasal Proses \u00dcr\u00fcnleri i\u00e7in PCN ve UFI\"}]},{\"@type\":\"WebSite\",\"@id\":\"https:\/\/www.ufi.eu\/tr\/#website\",\"url\":\"https:\/\/www.ufi.eu\/tr\/\",\"name\":\"UFI.EU\",\"description\":\"Poison Centre Notifications (PCN) and UFI\",\"publisher\":{\"@id\":\"https:\/\/www.ufi.eu\/tr\/#organization\"},\"potentialAction\":[{\"@type\":\"SearchAction\",\"target\":{\"@type\":\"EntryPoint\",\"urlTemplate\":\"https:\/\/www.ufi.eu\/tr\/?s={search_term_string}\"},\"query-input\":{\"@type\":\"PropertyValueSpecification\",\"valueRequired\":true,\"valueName\":\"search_term_string\"}}],\"inLanguage\":\"tr\"},{\"@type\":\"Organization\",\"@id\":\"https:\/\/www.ufi.eu\/tr\/#organization\",\"name\":\"UFI.EU\",\"url\":\"https:\/\/www.ufi.eu\/tr\/\",\"logo\":{\"@type\":\"ImageObject\",\"inLanguage\":\"tr\",\"@id\":\"https:\/\/www.ufi.eu\/tr\/#\/schema\/logo\/image\/\",\"url\":\"https:\/\/www.ufi.eu\/wp-content\/uploads\/2025\/03\/cropped-logo_ufi3.jpg\",\"contentUrl\":\"https:\/\/www.ufi.eu\/wp-content\/uploads\/2025\/03\/cropped-logo_ufi3.jpg\",\"width\":231,\"height\":78,\"caption\":\"UFI.EU\"},\"image\":{\"@id\":\"https:\/\/www.ufi.eu\/tr\/#\/schema\/logo\/image\/\"},\"description\":\"UFI.eu specializes in digital registrations for Poison Centre Notifications (PCN), ensuring your chemical products meet EU regulatory requirements effortlessly. Our streamlined solutions help businesses stay compliant while reducing complexity and administrative burden.\",\"email\":\"info@ufi.eu\",\"legalName\":\"UFI.EU\"}]}<\/script>\n<meta property=\"product:price:amount\" content=\"0.00\" \/>\n<meta property=\"product:price:currency\" content=\"EUR\" \/>\n<meta property=\"og:availability\" content=\"instock\" \/>\n<meta property=\"product:availability\" content=\"instock\" \/>\n<meta property=\"product:retailer_item_id\" content=\"PC-TEC-OTH\" \/>\n<meta property=\"product:condition\" content=\"new\" \/>\n<!-- \/ Yoast SEO Premium plugin. -->","yoast_head_json":{"title":"Di\u011fer Kimyasal Proses \u00dcr\u00fcnleri i\u00e7in PCN ve UFI - UFI","description":"Ba\u015fka bir yerde kapsanmayan kimyasal ve teknik proses \u00fcr\u00fcnleri i\u00e7in PCN ve UFI al\u0131n. H\u0131zl\u0131 ve g\u00fcvenilir hizmetimizle AB Zehir Merkezi uyumlulu\u011funu sa\u011flay\u0131n!","robots":{"index":"index","follow":"follow","max-snippet":"max-snippet:-1","max-image-preview":"max-image-preview:large","max-video-preview":"max-video-preview:-1"},"canonical":"https:\/\/www.ufi.eu\/tr\/product\/diger-kimyasal-proses-urunleri-icin-pcn-ve-ufi\/","og_locale":"tr_TR","og_type":"article","og_title":"Di\u011fer Kimyasal Proses \u00dcr\u00fcnleri i\u00e7in PCN ve UFI","og_description":"Ba\u015fka bir yerde kapsanmayan kimyasal ve teknik proses \u00fcr\u00fcnleri i\u00e7in PCN ve UFI al\u0131n. H\u0131zl\u0131 ve g\u00fcvenilir hizmetimizle AB Zehir Merkezi uyumlulu\u011funu sa\u011flay\u0131n!","og_url":"https:\/\/www.ufi.eu\/tr\/product\/diger-kimyasal-proses-urunleri-icin-pcn-ve-ufi\/","og_site_name":"UFI","og_image":[{"width":1024,"height":1024,"url":"https:\/\/www.ufi.eu\/wp-content\/uploads\/2025\/03\/PC-TEC-OTH.jpg","type":"image\/jpeg"}],"twitter_card":"summary_large_image","twitter_misc":{"Fiyat":"&euro;0.00","Durumu":"Stokta var"},"schema":{"@context":"https:\/\/schema.org","@graph":[{"@type":"WebPage","@id":"https:\/\/www.ufi.eu\/tr\/product\/diger-kimyasal-proses-urunleri-icin-pcn-ve-ufi\/","url":"https:\/\/www.ufi.eu\/tr\/product\/diger-kimyasal-proses-urunleri-icin-pcn-ve-ufi\/","name":"Di\u011fer Kimyasal Proses \u00dcr\u00fcnleri i\u00e7in PCN ve UFI - UFI","isPartOf":{"@id":"https:\/\/www.ufi.eu\/tr\/#website"},"primaryImageOfPage":{"@id":"https:\/\/www.ufi.eu\/tr\/product\/diger-kimyasal-proses-urunleri-icin-pcn-ve-ufi\/#primaryimage"},"image":{"@id":"https:\/\/www.ufi.eu\/tr\/product\/diger-kimyasal-proses-urunleri-icin-pcn-ve-ufi\/#primaryimage"},"thumbnailUrl":"https:\/\/www.ufi.eu\/wp-content\/uploads\/2025\/03\/PC-TEC-OTH.jpg","datePublished":"2025-04-17T08:11:24+00:00","description":"Ba\u015fka bir yerde kapsanmayan kimyasal ve teknik proses \u00fcr\u00fcnleri i\u00e7in PCN ve UFI al\u0131n. H\u0131zl\u0131 ve g\u00fcvenilir hizmetimizle AB Zehir Merkezi uyumlulu\u011funu sa\u011flay\u0131n!","breadcrumb":{"@id":"https:\/\/www.ufi.eu\/tr\/product\/diger-kimyasal-proses-urunleri-icin-pcn-ve-ufi\/#breadcrumb"},"inLanguage":"tr","potentialAction":[{"@type":"ReadAction","target":["https:\/\/www.ufi.eu\/tr\/product\/diger-kimyasal-proses-urunleri-icin-pcn-ve-ufi\/"]}]},{"@type":"ImageObject","inLanguage":"tr","@id":"https:\/\/www.ufi.eu\/tr\/product\/diger-kimyasal-proses-urunleri-icin-pcn-ve-ufi\/#primaryimage","url":"https:\/\/www.ufi.eu\/wp-content\/uploads\/2025\/03\/PC-TEC-OTH.jpg","contentUrl":"https:\/\/www.ufi.eu\/wp-content\/uploads\/2025\/03\/PC-TEC-OTH.jpg","width":1024,"height":1024},{"@type":"BreadcrumbList","@id":"https:\/\/www.ufi.eu\/tr\/product\/diger-kimyasal-proses-urunleri-icin-pcn-ve-ufi\/#breadcrumb","itemListElement":[{"@type":"ListItem","position":1,"name":"Home","item":"https:\/\/www.ufi.eu\/tr\/ev\/"},{"@type":"ListItem","position":2,"name":"Ma\u011faza","item":"https:\/\/www.ufi.eu\/tr\/magaza\/"},{"@type":"ListItem","position":3,"name":"Di\u011fer Kimyasal Proses \u00dcr\u00fcnleri i\u00e7in PCN ve UFI"}]},{"@type":"WebSite","@id":"https:\/\/www.ufi.eu\/tr\/#website","url":"https:\/\/www.ufi.eu\/tr\/","name":"UFI.EU","description":"Poison Centre Notifications (PCN) and UFI","publisher":{"@id":"https:\/\/www.ufi.eu\/tr\/#organization"},"potentialAction":[{"@type":"SearchAction","target":{"@type":"EntryPoint","urlTemplate":"https:\/\/www.ufi.eu\/tr\/?s={search_term_string}"},"query-input":{"@type":"PropertyValueSpecification","valueRequired":true,"valueName":"search_term_string"}}],"inLanguage":"tr"},{"@type":"Organization","@id":"https:\/\/www.ufi.eu\/tr\/#organization","name":"UFI.EU","url":"https:\/\/www.ufi.eu\/tr\/","logo":{"@type":"ImageObject","inLanguage":"tr","@id":"https:\/\/www.ufi.eu\/tr\/#\/schema\/logo\/image\/","url":"https:\/\/www.ufi.eu\/wp-content\/uploads\/2025\/03\/cropped-logo_ufi3.jpg","contentUrl":"https:\/\/www.ufi.eu\/wp-content\/uploads\/2025\/03\/cropped-logo_ufi3.jpg","width":231,"height":78,"caption":"UFI.EU"},"image":{"@id":"https:\/\/www.ufi.eu\/tr\/#\/schema\/logo\/image\/"},"description":"UFI.eu specializes in digital registrations for Poison Centre Notifications (PCN), ensuring your chemical products meet EU regulatory requirements effortlessly. Our streamlined solutions help businesses stay compliant while reducing complexity and administrative burden.","email":"info@ufi.eu","legalName":"UFI.EU"}]},"product_price_amount":"0.00","product_price_currency":"EUR","og_availability":"instock","product_availability":"instock","product_retailer_item_id":"PC-TEC-OTH","product_condition":"new"},"_links":{"self":[{"href":"https:\/\/www.ufi.eu\/tr\/wp-json\/wp\/v2\/product\/18689","targetHints":{"allow":["GET"]}}],"collection":[{"href":"https:\/\/www.ufi.eu\/tr\/wp-json\/wp\/v2\/product"}],"about":[{"href":"https:\/\/www.ufi.eu\/tr\/wp-json\/wp\/v2\/types\/product"}],"wp:featuredmedia":[{"embeddable":true,"href":"https:\/\/www.ufi.eu\/tr\/wp-json\/wp\/v2\/media\/18690"}],"wp:attachment":[{"href":"https:\/\/www.ufi.eu\/tr\/wp-json\/wp\/v2\/media?parent=18689"}],"wp:term":[{"taxonomy":"product_brand","embeddable":true,"href":"https:\/\/www.ufi.eu\/tr\/wp-json\/wp\/v2\/product_brand?post=18689"},{"taxonomy":"product_cat","embeddable":true,"href":"https:\/\/www.ufi.eu\/tr\/wp-json\/wp\/v2\/product_cat?post=18689"},{"taxonomy":"product_tag","embeddable":true,"href":"https:\/\/www.ufi.eu\/tr\/wp-json\/wp\/v2\/product_tag?post=18689"}],"curies":[{"name":"wp","href":"https:\/\/api.w.org\/{rel}","templated":true}]}}