{"id":12813,"date":"2025-04-15T20:37:18","date_gmt":"2025-04-15T20:37:18","guid":{"rendered":"https:\/\/www.ufi.eu\/pcn\/kategorilenmemis\/guvenlik-bilgi-formu-msds-sds-olusturma-hizmeti\/"},"modified":"2025-04-15T20:37:25","modified_gmt":"2025-04-15T20:37:25","slug":"guvenlik-bilgi-formu-msds-sds-olusturma-hizmeti","status":"publish","type":"product","link":"https:\/\/www.ufi.eu\/tr\/product\/guvenlik-bilgi-formu-msds-sds-olusturma-hizmeti\/","title":{"rendered":"G\u00fcvenlik Bilgi Formu (MSDS\/SDS) Olu\u015fturma Hizmeti"},"content":{"rendered":"\n<p><strong>AB Y\u00f6netmeli\u011fi (REACH &amp; CLP) ile tam uyumlu profesyonelce yaz\u0131lm\u0131\u015f G\u00fcvenlik Bilgi Formlar\u0131<\/strong><\/p>\n\n<p><strong>Malzeme<\/strong> <strong>G\u00fcvenlik Bilgi Formlar\u0131<\/strong> <strong>(MSDS<\/strong> ) olarak da bilinen, \u00fcr\u00fcn\u00fcn\u00fcze g\u00f6re uyarlanm\u0131\u015f ve en son AB y\u00f6netmelikleriyle uyumlu, ustal\u0131kla haz\u0131rlanm\u0131\u015f <strong>G\u00fcvenlik Bilgi Formlar\u0131 (SDS<\/strong> ) sa\u011fl\u0131yoruz. \u0130ster kimyasal kar\u0131\u015f\u0131mlar \u00fcretiyor, ister \u00fcr\u00fcnleri AB&#8217;ye ithal ediyor veya \u00f6zel bir etiket alt\u0131nda da\u011f\u0131t\u0131yor olun, uyumlu bir GBF yasal olarak gereklidir ve tedarik zinciri boyunca g\u00fcvenli kullan\u0131m i\u00e7in gereklidir. <\/p>\n\n<h2 class=\"wp-block-heading\" id=\"h-what-is-an-safety-data-sheet-msds-sds-and-why-do-you-need-one\">G\u00fcvenlik Bilgi Formu (MSDS\/SDS) Nedir ve Neden Gereklidir?<\/h2>\n\n<p><strong>G\u00fcvenlik Bilgi Formu<\/strong>, bir kimyasal madde veya kar\u0131\u015f\u0131m\u0131n \u00f6zellikleri hakk\u0131nda kapsaml\u0131 bilgi sa\u011flayan yasal olarak gerekli bir belgedir. <strong>REACH (EC No 1907\/2006)<\/strong> kapsam\u0131nda ve <strong><a href=\"https:\/\/www.ufi.eu\/tr\/pcn\/clp-etiketi\/clp-etiketi-olusturma-ve-uyumluluk-kontrolu\/\">CLP (EC No 1272\/2008)<\/a><\/strong>tedarik\u00e7iler, tehlikeli olan veya endi\u015fe verici maddeler i\u00e7eren herhangi bir \u00fcr\u00fcn i\u00e7in alt kullan\u0131c\u0131lara bir GBF sa\u011flamal\u0131d\u0131r. <\/p>\n\n<p>Do\u011fru ve eksiksiz bir SDS&#8217;nin sa\u011flanmamas\u0131 a\u015fa\u011f\u0131dakilere yol a\u00e7abilir:<\/p>\n\n<ul class=\"wp-block-list\">\n<li><strong>Yasal cezalar<\/strong> veya g\u00fcmr\u00fck gecikmeleri<\/li>\n\n\n\n<li><strong>Reddedilen g\u00f6nderiler<\/strong> veya kaybedilen i\u015f ortaklar\u0131<\/li>\n\n\n\n<li><strong>\u0130nsan sa\u011fl\u0131\u011f\u0131 ve \u00e7evre i\u00e7in risk<\/strong><\/li>\n<\/ul>\n\n<h2 class=\"wp-block-heading\" id=\"h-what-our-sds-creation-service-includes\">SDS Olu\u015fturma Hizmetimiz Neleri \u0130\u00e7erir<\/h2>\n\n<h4 class=\"wp-block-heading\" id=\"h-1-fully-compliant-sds-creation-16-sections\">1. <strong>Tam Uyumlu SDS Olu\u015fturma (16 B\u00f6l\u00fcm)<\/strong><\/h4>\n\n<p>GBF&#8217;nizi \u00fcr\u00fcn form\u00fclasyonunuza ve\/veya mevcut verilerinize dayanarak s\u0131f\u0131rdan olu\u015fturuyoruz:<\/p>\n\n<ul class=\"wp-block-list\">\n<li>Tehlike s\u0131n\u0131fland\u0131rmas\u0131 ve etiketleme bilgileri (CLP uyumlu)<\/li>\n\n\n\n<li>Bile\u015fim ve i\u00e7erik a\u00e7\u0131klamas\u0131<\/li>\n\n\n\n<li>G\u00fcvenli elle\u00e7leme, depolama ve ta\u015f\u0131ma talimatlar\u0131<\/li>\n\n\n\n<li>\u0130lk yard\u0131m, yang\u0131nla m\u00fccadele ve kazara sal\u0131n\u0131m \u00f6nlemleri<\/li>\n\n\n\n<li>D\u00fczenleyici referanslar (REACH Ek II)<\/li>\n<\/ul>\n\n<p>Her bir GBF, <strong>REACH Ek II<\/strong>&#8216;ye uygun olarak, en son g\u00fcncellemeler ve uyumla\u015ft\u0131r\u0131lm\u0131\u015f s\u0131n\u0131fland\u0131rmalarla uyumlu bir \u015fekilde teslim edilir.<\/p>\n\n<h4 class=\"wp-block-heading\" id=\"h-2-multilingual-sds-versions\">2. <strong>\u00c7ok Dilli SDS S\u00fcr\u00fcmleri<\/strong><\/h4>\n\n<p>S\u0131n\u0131r \u00f6tesi da\u011f\u0131t\u0131ma haz\u0131r, \u00e7ok say\u0131da resmi AB dilinde SDS olu\u015fturma hizmeti sunuyoruz. Buna a\u015fa\u011f\u0131dakiler dahildir: <\/p>\n\n<ul class=\"wp-block-list\">\n<li>Kimyasal terminolojiye a\u015fina uzmanlar taraf\u0131ndan <a href=\"https:\/\/www.ufi.eu\/tr\/pcn\/guvenlik-bilgi-formu\/guvenlik-bilgi-formu-cevirisi\/\">MSDS \u00c7evirileri<\/a> <\/li>\n\n\n\n<li>Gerekti\u011finde \u00fclkeye \u00f6zg\u00fc uyarlamalar (\u00f6rn. ulusal maruziyet limitleri)<\/li>\n<\/ul>\n\n<h4 class=\"wp-block-heading\" id=\"h-3-update-amp-conversion-service\">3. <strong>G\u00fcncelleme ve D\u00f6n\u00fc\u015ft\u00fcrme Hizmeti<\/strong><\/h4>\n\n<p>Halihaz\u0131rda eski veya uyumlu olmayan bir GBF&#8217;niz mi var? Biz yapabiliriz: <\/p>\n\n<ul class=\"wp-block-list\">\n<li>Mevcut standartlar\u0131 kar\u015f\u0131lamak i\u00e7in mevcut sayfan\u0131z\u0131 g\u00f6zden ge\u00e7irin ve g\u00fcncelleyin<\/li>\n\n\n\n<li>AB d\u0131\u015f\u0131 SDS formatlar\u0131n\u0131 (\u00f6rn. ABD OSHA) AB REACH uyumlu versiyonlara d\u00f6n\u00fc\u015ft\u00fcrme<\/li>\n<\/ul>\n\n<h4 class=\"wp-block-heading\" id=\"h-4-optional-add-ons\">4. <strong>Opsiyonel Eklentiler<\/strong><\/h4>\n\n<ul class=\"wp-block-list\">\n<li>SDS ile e\u015fle\u015ftirmek i\u00e7in <a href=\"https:\/\/www.ufi.eu\/tr\/pcn\/clp-etiketi\/clp-etiketi-olusturma-ve-uyumluluk-kontrolu\/\">CLP Etiketi olu\u015fturma<\/a> <\/li>\n\n\n\n<li>UFI olu\u015fturma ve PCN bildirimi<\/li>\n\n\n\n<li>Hammadde veya i\u00e7erik listelerine dayal\u0131 \u00fcr\u00fcn s\u0131n\u0131fland\u0131rmas\u0131<\/li>\n<\/ul>\n\n<h2 class=\"wp-block-heading\" id=\"h-which-products-need-an-sds\">Hangi \u00dcr\u00fcnler \u0130\u00e7in GBF Gerekir?<\/h2>\n\n<p>\u00dcr\u00fcn\u00fcn\u00fcz i\u00e7in bir SDS gereklidir:<\/p>\n\n<ul class=\"wp-block-list\">\n<li>Tehlikeli olarak s\u0131n\u0131fland\u0131r\u0131lm\u0131\u015ft\u0131r (\u00f6rn. yan\u0131c\u0131, tahri\u015f edici, toksik, a\u015f\u0131nd\u0131r\u0131c\u0131)<\/li>\n\n\n\n<li>Tehlikeli veya belirli d\u00fczenleyici listelerde yer alan maddeler i\u00e7erir (\u00f6rn. SVHC)<\/li>\n\n\n\n<li>Tehlikeli olarak s\u0131n\u0131fland\u0131r\u0131lmam\u0131\u015f olsa bile profesyonel veya end\u00fcstriyel kullan\u0131m i\u00e7in tasarlanm\u0131\u015ft\u0131r<\/li>\n<\/ul>\n\n<p>Bu, geni\u015f bir \u00fcr\u00fcn yelpazesi i\u00e7in ge\u00e7erlidir:<\/p>\n\n<ul class=\"wp-block-list\">\n<li>Koku ve u\u00e7ucu ya\u011f kar\u0131\u015f\u0131mlar\u0131<\/li>\n\n\n\n<li>Temizlik maddeleri ve y\u00fczey spreyleri<\/li>\n\n\n\n<li>Boyalar, kaplamalar ve re\u00e7ineler<\/li>\n\n\n\n<li>Mum eriticiler, oda spreyleri ve oda spreyleri<\/li>\n\n\n\n<li>End\u00fcstriyel kimyasallar ve ara \u00fcr\u00fcnler<\/li>\n<\/ul>\n\n<h2 class=\"wp-block-heading\" id=\"h-who-is-this-service-for\">Bu Hizmet Kimin \u0130\u00e7in?<\/h2>\n\n<ul class=\"wp-block-list\">\n<li>Kimyasal kar\u0131\u015f\u0131mlar\u0131n \u00fcreticileri ve marka sahipleri<\/li>\n\n\n\n<li>AB d\u0131\u015f\u0131ndan gelen \u00fcr\u00fcnlerin ithalat\u00e7\u0131lar\u0131<\/li>\n\n\n\n<li>\u00d6zel markal\u0131 ve beyaz etiketli distrib\u00fct\u00f6rler<\/li>\n\n\n\n<li>Tehlikeli mallar\u0131 \u00e7evrimi\u00e7i pazar yerleri veya perakende \u00fczerinden satan \u015firketler<\/li>\n<\/ul>\n\n<h2 class=\"wp-block-heading\" id=\"h-why-choose-ufi-eu\">Neden UFI.EU&#8217;yu Se\u00e7melisiniz?<\/h2>\n\n<ul class=\"wp-block-list\">\n<li>CLP, REACH ve PCN konular\u0131nda uzmanla\u015fm\u0131\u015f <strong>deneyimli d\u00fczenleyici ekip<\/strong> <\/li>\n\n\n\n<li>\u00dcr\u00fcn\u00fcn\u00fcze g\u00f6re uyarlanm\u0131\u015f <strong>do\u011fru ve tam uyumlu GBF<\/strong> &#8216;ler<\/li>\n\n\n\n<li>AB \u00e7ap\u0131nda uyumluluk i\u00e7in <strong>\u00e7ok dilli destek<\/strong> <\/li>\n\n\n\n<li><strong>H\u0131zl\u0131 geri d\u00f6n\u00fc\u015f s\u00fcreleri<\/strong> ve \u015feffaf fiyatland\u0131rma<\/li>\n<\/ul>\n\n<h2 class=\"wp-block-heading\" id=\"h-how-it-works\">Nas\u0131l \u00c7al\u0131\u015f\u0131r<\/h2>\n\n<ol class=\"wp-block-list\">\n<li><strong>\u00dcr\u00fcn form\u00fclasyonunuzu veya mevcut SDS&#8217;nizi g\u00f6nderin<\/strong><\/li>\n\n\n\n<li><strong>Bile\u015fenleri analiz ediyor ve SDS&#8217;yi haz\u0131rl\u0131yoruz<\/strong><\/li>\n\n\n\n<li><strong>Da\u011f\u0131t\u0131m veya kay\u0131t i\u00e7in haz\u0131r, profesyonelce bi\u00e7imlendirilmi\u015f bir belge al\u0131n<\/strong><\/li>\n<\/ol>\n\n<h2 class=\"wp-block-heading\" id=\"h-order-your-sds-today\">SDS&#8217;nizi Bug\u00fcn Sipari\u015f Edin<\/h2>\n\n<p>\u0130ster yeni bir GBF&#8217;ye, ister bir g\u00fcncellemeye veya farkl\u0131 pazarlar i\u00e7in \u00e7ok dilli versiyonlara ihtiyac\u0131n\u0131z olsun, <strong>UFI.EU<\/strong> kimyasal uyumluluk i\u00e7in g\u00fcvenilir orta\u011f\u0131n\u0131zd\u0131r.<br\/><strong>GBF olu\u015fturma hizmetinizi \u015fimdi sipari\u015f edin ve AB yasalar\u0131yla tam uyumlu kal\u0131n<\/strong>.<\/p>\n","protected":false},"excerpt":{"rendered":"<p>AB Y\u00f6netmeli\u011fi (REACH &amp; CLP) ile tam uyumlu profesyonelce yaz\u0131lm\u0131\u015f G\u00fcvenlik Bilgi Formlar\u0131 Malzeme G\u00fcvenlik Bilgi Formlar\u0131 (MSDS ) olarak da bilinen, \u00fcr\u00fcn\u00fcn\u00fcze g\u00f6re uyarlanm\u0131\u015f ve en son AB y\u00f6netmelikleriyle uyumlu, ustal\u0131kla haz\u0131rlanm\u0131\u015f G\u00fcvenlik Bilgi Formlar\u0131 (SDS ) sa\u011fl\u0131yoruz. \u0130ster kimyasal kar\u0131\u015f\u0131mlar \u00fcretiyor, ister \u00fcr\u00fcnleri AB&#8217;ye ithal ediyor veya \u00f6zel bir etiket alt\u0131nda da\u011f\u0131t\u0131yor olun, [&hellip;]<\/p>\n","protected":false},"featured_media":12495,"template":"","meta":[],"product_brand":[],"product_cat":[305],"product_tag":[],"class_list":{"0":"post-12813","1":"product","2":"type-product","3":"status-publish","4":"has-post-thumbnail","6":"product_cat-guvenlik-bilgi-formu","8":"first","9":"instock","10":"virtual","11":"taxable","12":"purchasable","13":"product-type-bundle"},"bundled_by":[],"bundle_stock_status":"instock","bundle_stock_quantity":"","bundle_virtual":false,"bundle_layout":"default","bundle_add_to_cart_form_location":"default","bundle_editable_in_cart":false,"bundle_sold_individually_context":"product","bundle_item_grouping":"parent","bundle_min_size":"","bundle_max_size":"","bundle_price":{"price":{"min":{"incl_tax":"119.79","excl_tax":"99"},"max":{"incl_tax":"","excl_tax":""}},"regular_price":{"min":{"incl_tax":"119.79","excl_tax":"99"},"max":{"incl_tax":"","excl_tax":""}}},"bundled_items":[{"bundled_item_id":1370,"product_id":12493,"menu_order":0,"quantity_min":1,"quantity_max":1,"quantity_default":1,"priced_individually":true,"shipped_individually":true,"override_title":false,"title":null,"override_description":false,"description":null,"optional":false,"hide_thumbnail":false,"discount":"","override_variations":false,"allowed_variations":[""],"override_default_variation_attributes":false,"default_variation_attributes":[],"single_product_visibility":"visible","cart_visibility":"visible","order_visibility":"visible","single_product_price_visibility":"visible","cart_price_visibility":"visible","order_price_visibility":"visible","stock_status":"in_stock"},{"bundled_item_id":1371,"product_id":12506,"menu_order":1,"quantity_min":1,"quantity_max":"","quantity_default":1,"priced_individually":true,"shipped_individually":false,"override_title":false,"title":null,"override_description":false,"description":null,"optional":false,"hide_thumbnail":false,"discount":"","override_variations":false,"allowed_variations":[""],"override_default_variation_attributes":false,"default_variation_attributes":[],"single_product_visibility":"visible","cart_visibility":"visible","order_visibility":"visible","single_product_price_visibility":"visible","cart_price_visibility":"visible","order_price_visibility":"visible","stock_status":"in_stock"}],"bundle_sell_ids":[],"yoast_head":"<!-- This site is optimized with the Yoast SEO Premium plugin v25.1 (Yoast SEO v25.1) - https:\/\/yoast.com\/wordpress\/plugins\/seo\/ -->\n<title>G\u00fcvenlik Bilgi Formu (MSDS\/SDS) Olu\u015fturma Hizmeti - UFI<\/title>\n<meta name=\"description\" content=\"Malzeme G\u00fcvenlik Bilgi Formlar\u0131 (MSDS) olarak da bilinen, \u00fcr\u00fcn\u00fcn\u00fcze \u00f6zel ve en son AB y\u00f6netmelikleriyle uyumlu, ustal\u0131kla haz\u0131rlanm\u0131\u015f G\u00fcvenlik Bilgi Formlar\u0131 (SDS) sa\u011fl\u0131yoruz.\" \/>\n<meta name=\"robots\" content=\"index, follow, max-snippet:-1, max-image-preview:large, max-video-preview:-1\" \/>\n<link rel=\"canonical\" href=\"https:\/\/www.ufi.eu\/tr\/product\/guvenlik-bilgi-formu-msds-sds-olusturma-hizmeti\/\" \/>\n<meta property=\"og:locale\" content=\"tr_TR\" \/>\n<meta property=\"og:type\" content=\"article\" \/>\n<meta property=\"og:title\" content=\"G\u00fcvenlik Bilgi Formu (MSDS\/SDS) Olu\u015fturma Hizmeti\" \/>\n<meta property=\"og:description\" content=\"Malzeme G\u00fcvenlik Bilgi Formlar\u0131 (MSDS) olarak da bilinen, \u00fcr\u00fcn\u00fcn\u00fcze \u00f6zel ve en son AB y\u00f6netmelikleriyle uyumlu, ustal\u0131kla haz\u0131rlanm\u0131\u015f G\u00fcvenlik Bilgi Formlar\u0131 (SDS) sa\u011fl\u0131yoruz.\" \/>\n<meta property=\"og:url\" content=\"https:\/\/www.ufi.eu\/tr\/product\/guvenlik-bilgi-formu-msds-sds-olusturma-hizmeti\/\" \/>\n<meta property=\"og:site_name\" content=\"UFI\" \/>\n<meta property=\"article:modified_time\" content=\"2025-04-15T20:37:25+00:00\" \/>\n<meta property=\"og:image\" content=\"https:\/\/www.ufi.eu\/wp-content\/uploads\/2025\/03\/pcn_ufi.jpg\" \/>\n\t<meta property=\"og:image:width\" content=\"1024\" \/>\n\t<meta property=\"og:image:height\" content=\"1024\" \/>\n\t<meta property=\"og:image:type\" content=\"image\/jpeg\" \/>\n<meta name=\"twitter:card\" content=\"summary_large_image\" \/>\n<meta name=\"twitter:label1\" content=\"Fiyat\" \/>\n\t<meta name=\"twitter:data1\" content=\"&euro;0.00\" \/>\n\t<meta name=\"twitter:label2\" content=\"Durumu\" \/>\n\t<meta name=\"twitter:data2\" content=\"Stokta var\" \/>\n<script type=\"application\/ld+json\" class=\"yoast-schema-graph\">{\"@context\":\"https:\/\/schema.org\",\"@graph\":[{\"@type\":\"WebPage\",\"@id\":\"https:\/\/www.ufi.eu\/tr\/product\/guvenlik-bilgi-formu-msds-sds-olusturma-hizmeti\/\",\"url\":\"https:\/\/www.ufi.eu\/tr\/product\/guvenlik-bilgi-formu-msds-sds-olusturma-hizmeti\/\",\"name\":\"G\u00fcvenlik Bilgi Formu (MSDS\/SDS) Olu\u015fturma Hizmeti - UFI\",\"isPartOf\":{\"@id\":\"https:\/\/www.ufi.eu\/tr\/#website\"},\"primaryImageOfPage\":{\"@id\":\"https:\/\/www.ufi.eu\/tr\/product\/guvenlik-bilgi-formu-msds-sds-olusturma-hizmeti\/#primaryimage\"},\"image\":{\"@id\":\"https:\/\/www.ufi.eu\/tr\/product\/guvenlik-bilgi-formu-msds-sds-olusturma-hizmeti\/#primaryimage\"},\"thumbnailUrl\":\"https:\/\/www.ufi.eu\/wp-content\/uploads\/2025\/03\/pcn_ufi.jpg\",\"datePublished\":\"2025-04-15T20:37:18+00:00\",\"dateModified\":\"2025-04-15T20:37:25+00:00\",\"description\":\"Malzeme G\u00fcvenlik Bilgi Formlar\u0131 (MSDS) olarak da bilinen, \u00fcr\u00fcn\u00fcn\u00fcze \u00f6zel ve en son AB y\u00f6netmelikleriyle uyumlu, ustal\u0131kla haz\u0131rlanm\u0131\u015f G\u00fcvenlik Bilgi Formlar\u0131 (SDS) sa\u011fl\u0131yoruz.\",\"breadcrumb\":{\"@id\":\"https:\/\/www.ufi.eu\/tr\/product\/guvenlik-bilgi-formu-msds-sds-olusturma-hizmeti\/#breadcrumb\"},\"inLanguage\":\"tr\",\"potentialAction\":[{\"@type\":\"ReadAction\",\"target\":[\"https:\/\/www.ufi.eu\/tr\/product\/guvenlik-bilgi-formu-msds-sds-olusturma-hizmeti\/\"]}]},{\"@type\":\"ImageObject\",\"inLanguage\":\"tr\",\"@id\":\"https:\/\/www.ufi.eu\/tr\/product\/guvenlik-bilgi-formu-msds-sds-olusturma-hizmeti\/#primaryimage\",\"url\":\"https:\/\/www.ufi.eu\/wp-content\/uploads\/2025\/03\/pcn_ufi.jpg\",\"contentUrl\":\"https:\/\/www.ufi.eu\/wp-content\/uploads\/2025\/03\/pcn_ufi.jpg\",\"width\":1024,\"height\":1024},{\"@type\":\"BreadcrumbList\",\"@id\":\"https:\/\/www.ufi.eu\/tr\/product\/guvenlik-bilgi-formu-msds-sds-olusturma-hizmeti\/#breadcrumb\",\"itemListElement\":[{\"@type\":\"ListItem\",\"position\":1,\"name\":\"Home\",\"item\":\"https:\/\/www.ufi.eu\/tr\/ev\/\"},{\"@type\":\"ListItem\",\"position\":2,\"name\":\"Ma\u011faza\",\"item\":\"https:\/\/www.ufi.eu\/tr\/magaza\/\"},{\"@type\":\"ListItem\",\"position\":3,\"name\":\"G\u00fcvenlik Bilgi Formu (MSDS\/SDS) Olu\u015fturma Hizmeti\"}]},{\"@type\":\"WebSite\",\"@id\":\"https:\/\/www.ufi.eu\/tr\/#website\",\"url\":\"https:\/\/www.ufi.eu\/tr\/\",\"name\":\"UFI.EU\",\"description\":\"Poison Centre Notifications (PCN) and UFI\",\"publisher\":{\"@id\":\"https:\/\/www.ufi.eu\/tr\/#organization\"},\"potentialAction\":[{\"@type\":\"SearchAction\",\"target\":{\"@type\":\"EntryPoint\",\"urlTemplate\":\"https:\/\/www.ufi.eu\/tr\/?s={search_term_string}\"},\"query-input\":{\"@type\":\"PropertyValueSpecification\",\"valueRequired\":true,\"valueName\":\"search_term_string\"}}],\"inLanguage\":\"tr\"},{\"@type\":\"Organization\",\"@id\":\"https:\/\/www.ufi.eu\/tr\/#organization\",\"name\":\"UFI.EU\",\"url\":\"https:\/\/www.ufi.eu\/tr\/\",\"logo\":{\"@type\":\"ImageObject\",\"inLanguage\":\"tr\",\"@id\":\"https:\/\/www.ufi.eu\/tr\/#\/schema\/logo\/image\/\",\"url\":\"https:\/\/www.ufi.eu\/wp-content\/uploads\/2025\/03\/cropped-logo_ufi3.jpg\",\"contentUrl\":\"https:\/\/www.ufi.eu\/wp-content\/uploads\/2025\/03\/cropped-logo_ufi3.jpg\",\"width\":231,\"height\":78,\"caption\":\"UFI.EU\"},\"image\":{\"@id\":\"https:\/\/www.ufi.eu\/tr\/#\/schema\/logo\/image\/\"},\"description\":\"UFI.eu specializes in digital registrations for Poison Centre Notifications (PCN), ensuring your chemical products meet EU regulatory requirements effortlessly. Our streamlined solutions help businesses stay compliant while reducing complexity and administrative burden.\",\"email\":\"info@ufi.eu\",\"legalName\":\"UFI.EU\"}]}<\/script>\n<meta property=\"product:price:amount\" content=\"0.00\" \/>\n<meta property=\"product:price:currency\" content=\"EUR\" \/>\n<meta property=\"og:availability\" content=\"instock\" \/>\n<meta property=\"product:availability\" content=\"instock\" \/>\n<meta property=\"product:condition\" content=\"new\" \/>\n<!-- \/ Yoast SEO Premium plugin. -->","yoast_head_json":{"title":"G\u00fcvenlik Bilgi Formu (MSDS\/SDS) Olu\u015fturma Hizmeti - UFI","description":"Malzeme G\u00fcvenlik Bilgi Formlar\u0131 (MSDS) olarak da bilinen, \u00fcr\u00fcn\u00fcn\u00fcze \u00f6zel ve en son AB y\u00f6netmelikleriyle uyumlu, ustal\u0131kla haz\u0131rlanm\u0131\u015f G\u00fcvenlik Bilgi Formlar\u0131 (SDS) sa\u011fl\u0131yoruz.","robots":{"index":"index","follow":"follow","max-snippet":"max-snippet:-1","max-image-preview":"max-image-preview:large","max-video-preview":"max-video-preview:-1"},"canonical":"https:\/\/www.ufi.eu\/tr\/product\/guvenlik-bilgi-formu-msds-sds-olusturma-hizmeti\/","og_locale":"tr_TR","og_type":"article","og_title":"G\u00fcvenlik Bilgi Formu (MSDS\/SDS) Olu\u015fturma Hizmeti","og_description":"Malzeme G\u00fcvenlik Bilgi Formlar\u0131 (MSDS) olarak da bilinen, \u00fcr\u00fcn\u00fcn\u00fcze \u00f6zel ve en son AB y\u00f6netmelikleriyle uyumlu, ustal\u0131kla haz\u0131rlanm\u0131\u015f G\u00fcvenlik Bilgi Formlar\u0131 (SDS) sa\u011fl\u0131yoruz.","og_url":"https:\/\/www.ufi.eu\/tr\/product\/guvenlik-bilgi-formu-msds-sds-olusturma-hizmeti\/","og_site_name":"UFI","article_modified_time":"2025-04-15T20:37:25+00:00","og_image":[{"width":1024,"height":1024,"url":"https:\/\/www.ufi.eu\/wp-content\/uploads\/2025\/03\/pcn_ufi.jpg","type":"image\/jpeg"}],"twitter_card":"summary_large_image","twitter_misc":{"Fiyat":"&euro;0.00","Durumu":"Stokta var"},"schema":{"@context":"https:\/\/schema.org","@graph":[{"@type":"WebPage","@id":"https:\/\/www.ufi.eu\/tr\/product\/guvenlik-bilgi-formu-msds-sds-olusturma-hizmeti\/","url":"https:\/\/www.ufi.eu\/tr\/product\/guvenlik-bilgi-formu-msds-sds-olusturma-hizmeti\/","name":"G\u00fcvenlik Bilgi Formu (MSDS\/SDS) Olu\u015fturma Hizmeti - UFI","isPartOf":{"@id":"https:\/\/www.ufi.eu\/tr\/#website"},"primaryImageOfPage":{"@id":"https:\/\/www.ufi.eu\/tr\/product\/guvenlik-bilgi-formu-msds-sds-olusturma-hizmeti\/#primaryimage"},"image":{"@id":"https:\/\/www.ufi.eu\/tr\/product\/guvenlik-bilgi-formu-msds-sds-olusturma-hizmeti\/#primaryimage"},"thumbnailUrl":"https:\/\/www.ufi.eu\/wp-content\/uploads\/2025\/03\/pcn_ufi.jpg","datePublished":"2025-04-15T20:37:18+00:00","dateModified":"2025-04-15T20:37:25+00:00","description":"Malzeme G\u00fcvenlik Bilgi Formlar\u0131 (MSDS) olarak da bilinen, \u00fcr\u00fcn\u00fcn\u00fcze \u00f6zel ve en son AB y\u00f6netmelikleriyle uyumlu, ustal\u0131kla haz\u0131rlanm\u0131\u015f G\u00fcvenlik Bilgi Formlar\u0131 (SDS) sa\u011fl\u0131yoruz.","breadcrumb":{"@id":"https:\/\/www.ufi.eu\/tr\/product\/guvenlik-bilgi-formu-msds-sds-olusturma-hizmeti\/#breadcrumb"},"inLanguage":"tr","potentialAction":[{"@type":"ReadAction","target":["https:\/\/www.ufi.eu\/tr\/product\/guvenlik-bilgi-formu-msds-sds-olusturma-hizmeti\/"]}]},{"@type":"ImageObject","inLanguage":"tr","@id":"https:\/\/www.ufi.eu\/tr\/product\/guvenlik-bilgi-formu-msds-sds-olusturma-hizmeti\/#primaryimage","url":"https:\/\/www.ufi.eu\/wp-content\/uploads\/2025\/03\/pcn_ufi.jpg","contentUrl":"https:\/\/www.ufi.eu\/wp-content\/uploads\/2025\/03\/pcn_ufi.jpg","width":1024,"height":1024},{"@type":"BreadcrumbList","@id":"https:\/\/www.ufi.eu\/tr\/product\/guvenlik-bilgi-formu-msds-sds-olusturma-hizmeti\/#breadcrumb","itemListElement":[{"@type":"ListItem","position":1,"name":"Home","item":"https:\/\/www.ufi.eu\/tr\/ev\/"},{"@type":"ListItem","position":2,"name":"Ma\u011faza","item":"https:\/\/www.ufi.eu\/tr\/magaza\/"},{"@type":"ListItem","position":3,"name":"G\u00fcvenlik Bilgi Formu (MSDS\/SDS) Olu\u015fturma Hizmeti"}]},{"@type":"WebSite","@id":"https:\/\/www.ufi.eu\/tr\/#website","url":"https:\/\/www.ufi.eu\/tr\/","name":"UFI.EU","description":"Poison Centre Notifications (PCN) and UFI","publisher":{"@id":"https:\/\/www.ufi.eu\/tr\/#organization"},"potentialAction":[{"@type":"SearchAction","target":{"@type":"EntryPoint","urlTemplate":"https:\/\/www.ufi.eu\/tr\/?s={search_term_string}"},"query-input":{"@type":"PropertyValueSpecification","valueRequired":true,"valueName":"search_term_string"}}],"inLanguage":"tr"},{"@type":"Organization","@id":"https:\/\/www.ufi.eu\/tr\/#organization","name":"UFI.EU","url":"https:\/\/www.ufi.eu\/tr\/","logo":{"@type":"ImageObject","inLanguage":"tr","@id":"https:\/\/www.ufi.eu\/tr\/#\/schema\/logo\/image\/","url":"https:\/\/www.ufi.eu\/wp-content\/uploads\/2025\/03\/cropped-logo_ufi3.jpg","contentUrl":"https:\/\/www.ufi.eu\/wp-content\/uploads\/2025\/03\/cropped-logo_ufi3.jpg","width":231,"height":78,"caption":"UFI.EU"},"image":{"@id":"https:\/\/www.ufi.eu\/tr\/#\/schema\/logo\/image\/"},"description":"UFI.eu specializes in digital registrations for Poison Centre Notifications (PCN), ensuring your chemical products meet EU regulatory requirements effortlessly. Our streamlined solutions help businesses stay compliant while reducing complexity and administrative burden.","email":"info@ufi.eu","legalName":"UFI.EU"}]},"product_price_amount":"0.00","product_price_currency":"EUR","og_availability":"instock","product_availability":"instock","product_condition":"new"},"_links":{"self":[{"href":"https:\/\/www.ufi.eu\/tr\/wp-json\/wp\/v2\/product\/12813","targetHints":{"allow":["GET"]}}],"collection":[{"href":"https:\/\/www.ufi.eu\/tr\/wp-json\/wp\/v2\/product"}],"about":[{"href":"https:\/\/www.ufi.eu\/tr\/wp-json\/wp\/v2\/types\/product"}],"wp:featuredmedia":[{"embeddable":true,"href":"https:\/\/www.ufi.eu\/tr\/wp-json\/wp\/v2\/media\/12495"}],"wp:attachment":[{"href":"https:\/\/www.ufi.eu\/tr\/wp-json\/wp\/v2\/media?parent=12813"}],"wp:term":[{"taxonomy":"product_brand","embeddable":true,"href":"https:\/\/www.ufi.eu\/tr\/wp-json\/wp\/v2\/product_brand?post=12813"},{"taxonomy":"product_cat","embeddable":true,"href":"https:\/\/www.ufi.eu\/tr\/wp-json\/wp\/v2\/product_cat?post=12813"},{"taxonomy":"product_tag","embeddable":true,"href":"https:\/\/www.ufi.eu\/tr\/wp-json\/wp\/v2\/product_tag?post=12813"}],"curies":[{"name":"wp","href":"https:\/\/api.w.org\/{rel}","templated":true}]}}