{"id":12580,"date":"2025-03-09T14:12:29","date_gmt":"2025-04-15T19:37:27","guid":{"rendered":"https:\/\/www.ufi.eu\/pcn\/kategorilenmemis\/pcn-kaydi-icin-ulkeler\/"},"modified":"2025-05-15T16:48:00","modified_gmt":"2025-05-15T16:48:00","slug":"pcn-kaydi-icin-ulkeler","status":"publish","type":"product","link":"https:\/\/www.ufi.eu\/tr\/product\/pcn-kaydi-icin-ulkeler\/","title":{"rendered":"PCN kayd\u0131 i\u00e7in \u00fclkeler"},"content":{"rendered":"\n<h2 class=\"wp-block-heading\" id=\"h-launch-your-product-across-europe-with-ease\">\u00dcr\u00fcn\u00fcn\u00fcz\u00fc Avrupa&#8217;da kolayl\u0131kla piyasaya s\u00fcr\u00fcn<\/h2>\n\n<p>\u00dcr\u00fcn\u00fcn\u00fcz\u00fc AB Zehir Merkezi Bildirimi (PCN) i\u00e7in kaydederken, sat\u0131\u015f yapmay\u0131 planlad\u0131\u011f\u0131n\u0131z her \u00fclkenin kendi ulusal otoritesine g\u00f6nderilmesi gerekir. PCN Kayd\u0131 i\u00e7in AB \u00dclkeleri \u00fcr\u00fcn\u00fcm\u00fczle, \u00fcr\u00fcn\u00fcn\u00fcz\u00fc piyasaya s\u00fcrmek istedi\u011finiz \u00fclkeleri tam olarak se\u00e7ebilirsiniz; bu da size pazar eri\u015fiminiz \u00fczerinde tam esneklik ve kontrol sa\u011flar. <\/p>\n\n<h2 class=\"wp-block-heading\" id=\"h-what-you-re-purchasing\">Ne Sat\u0131n Al\u0131yorsunuz<\/h2>\n\n<p>Bu \u00fcr\u00fcn, 27 AB \u00dcye Devleti i\u00e7in <strong>\u00fclke jetonlar\u0131 sat\u0131n<\/strong> alman\u0131z\u0131 sa\u011flar. Bu jetonlar bizimle yapt\u0131\u011f\u0131n\u0131z <strong>herhangi bir PCN kayd\u0131nda<\/strong> kullan\u0131labilir. \u00dclkeler sat\u0131n al\u0131nd\u0131ktan sonra <strong> <a href=\"https:\/\/www.ufi.eu\/my-account\/points\/\">PCN \u00fclke listenize<\/a> eklenir<\/strong> ve \u00fcr\u00fcn\u00fcn\u00fcz i\u00e7in <strong>PCN al\u0131m formumuzu<\/strong> doldururken uygulanabilir.    <\/p>\n\n<p><strong>Ayr\u0131ca <a href=\"https:\/\/www.ufi.eu\/shop\/\">\u00fcr\u00fcn\u00fcn\u00fcz i\u00e7in bir PCN sat\u0131n<\/a> alman\u0131z gerekecektir. Bu \u00fcr\u00fcn sadece gev\u015fek bir \u00fclkedir, PCN de\u011fildir. <\/strong><\/p>\n\n<h4 class=\"wp-block-heading\">\u2705 Nas\u0131l \u00c7al\u0131\u015f\u0131r?<\/h4>\n\n<ol class=\"wp-block-list\">\n<li>Sat\u0131\u015f yapmay\u0131 planlad\u0131\u011f\u0131n\u0131z <strong>\u00fclkeleri<\/strong> belirleyin.<\/li>\n\n\n\n<li><strong>\u00dclke jetonlar\u0131n\u0131n<\/strong> say\u0131s\u0131n\u0131 sat\u0131n al\u0131n.<\/li>\n\n\n\n<li><a href=\"https:\/\/www.ufi.eu\/tr\/yeni-urun\/\">\u00dcr\u00fcn\u00fcn\u00fcz\u00fcn al\u0131m formunu bize g\u00f6nderin<\/a>.<\/li>\n\n\n\n<li>\u00dcr\u00fcn\u00fcn\u00fcz\u00fc PCN g\u00f6nderimi i\u00e7in g\u00f6ndermemizi istedi\u011finiz \u00fclkeleri ataman\u0131z yeterlidir.<\/li>\n\n\n\n<li>\u00dclke belirteci, formunuzu bize g\u00f6nderirken toplam\u0131n\u0131zdan d\u00fc\u015f\u00fcl\u00fcr.<\/li>\n<\/ol>\n\n<p>\u0130ster tek bir \u00fcr\u00fcn piyasaya s\u00fcr\u00fcyor olun ister t\u00fcm portf\u00f6y\u00fc y\u00f6netiyor olun, <strong> <a href=\"https:\/\/www.ufi.eu\/my-account\/points\/\">sat\u0131n ald\u0131\u011f\u0131n\u0131z \u00fclke tokenlar\u0131n\u0131<\/a><\/strong> farkl\u0131 PCN g\u00f6nderimlerinde <strong>kullanarak<\/strong> zamandan tasarruf edebilir, uyumlulu\u011fu sa\u011flayabilir ve AB pazar\u0131ndaki varl\u0131\u011f\u0131n\u0131z\u0131 zahmetsizce geni\u015fletebilirsiniz.<\/p>\n\n<h3 class=\"wp-block-heading\" id=\"h-supported-eu-countries\">Desteklenen AB \u00dclkeleri<\/h3>\n\n<p>AB&#8217;de 27, AEA&#8217;da ise 30 \u00fclke bulunmaktad\u0131r (AB+Likhten\u015ftayn, Norve\u00e7 ve \u0130zlanda) Portalda bu \u00fclkeler aras\u0131ndan se\u00e7im yapabilirsiniz:<\/p>\n\n<figure class=\"wp-block-table\"><table class=\"has-fixed-layout\"><tbody><tr><td>Bel\u00e7ika<\/td><td>(BE)<\/td><td>\u0130spanya<\/td><td>(ES)<\/td><td>Macaristan<\/td><td>(HU)<\/td><td>Slovakya<\/td><td>(SK)<\/td><\/tr><tr><td>Bulgaristan<\/td><td>(BG)<\/td><td>Fransa<\/td><td>(FR)<\/td><td>Malta<\/td><td>(MT)<\/td><td>Finlandiya<\/td><td>(FI)<\/td><\/tr><tr><td>\u00c7ekya<\/td><td>(CZ)<\/td><td>H\u0131rvatistan<\/td><td>(HR)<\/td><td>Hollanda<\/td><td>(NL)<\/td><td>\u0130sve\u00e7<\/td><td>(SE)<\/td><\/tr><tr><td>Danimarka<\/td><td>(DK)<\/td><td>\u0130talya<\/td><td>(IT)<\/td><td>Avusturya<\/td><td>(AT)<\/td><td>Almanya<\/td><td>(DE)<\/td><\/tr><tr><td>K\u0131br\u0131s<\/td><td>(CY)<\/td><td>Polonya<\/td><td>(PL)<\/td><td>\u0130zlanda<\/td><td>(IS)<\/td><td>Estonya<\/td><td>(EE)<\/td><\/tr><tr><td>Letonya<\/td><td>(LV)<\/td><td>Portekiz<\/td><td>(PT)<\/td><td>Lihten\u015ftayn<\/td><td>(LI)<\/td><td>\u0130rlanda<\/td><td>(IE)<\/td><\/tr><tr><td>Litvanya<\/td><td>(LT)<\/td><td>Romanya<\/td><td>(RO)<\/td><td>Norve\u00e7<\/td><td>(HAYIR)<\/td><td>Yunanistan<\/td><td>(EL)<\/td><\/tr><tr><td>L\u00fcksemburg<\/td><td>(LU)<\/td><td>Slovenya<\/td><td>(SI)<\/td><td>\u0130svi\u00e7re*<\/td><td>(CH)<\/td><td><\/td><td><\/td><\/tr><\/tbody><\/table><\/figure>\n\n<p>*\u0130svi\u00e7re i\u00e7in, \u0130svi\u00e7re portal\u0131nda bir ba\u015fvuru yapmak i\u00e7in gerekli t\u00fcm bilgileri i\u00e7eren PCN dosyas\u0131n\u0131 olu\u015fturabiliriz. Daha fazla bilgi i\u00e7in bize ula\u015f\u0131n. <\/p>\n\n<h2 class=\"wp-block-heading\" id=\"h-example-of-how-it-works\">Nas\u0131l \u00e7al\u0131\u015ft\u0131\u011f\u0131na dair \u00f6rnek<\/h2>\n\n<p><strong>Fransa, Almanya ve \u0130spanya&#8217;d<\/strong>a yeni bir temizlik \u00fcr\u00fcn\u00fc piyasaya s\u00fcr\u00fcyorsunuz. Sadece \u00fc\u00e7 \u00fclke sat\u0131n al\u0131n. Bizimle PCN al\u0131m formunu doldururken, bu \u00fclke belirte\u00e7lerini \u00fcr\u00fcne atayacaks\u0131n\u0131z; b\u00f6ylece tek tek g\u00f6nderim zahmetine girmeden \u00fc\u00e7 pazarda da yasal uyumlulu\u011fu garanti edeceksiniz.  <\/p>\n","protected":false},"excerpt":{"rendered":"<p>L\u00fctfen \u00fcr\u00fcn\u00fcn\u00fcz\u00fc kaydettirmek istedi\u011finiz \u00fclke say\u0131s\u0131n\u0131 se\u00e7in.<\/p>\n","protected":false},"featured_media":12581,"template":"","meta":[],"product_brand":[],"product_cat":[355],"product_tag":[],"class_list":{"0":"post-12580","1":"product","2":"type-product","3":"status-publish","4":"has-post-thumbnail","6":"product_cat-ulkeler","8":"first","9":"instock","10":"virtual","11":"taxable","12":"purchasable","13":"product-type-simple"},"bundled_by":["12600","12620","12803","12862","12892","12902","12932","13134","13293","13303","13347","13367","13590","13632","13640","13666","13670","13704","13724","13754","13944","13968","14182","14200","14202","14224","14232","14268","14288","14298","14318","14338","14574","14634","14664","14736","14768","14868","14898","14918","14934","15139","15159","15179","15207","15209","15237","15321","15399","15561","15581","15591","15609","15743","15763","15783","15793","16040","16081","16089","16123","16145","16179","16189","16209","16409","16429","16657","16687","16697","16717","16737","16757","16777","16797","16827","16837","16867","17103","17113","17141","17171","17191","17201","17483","17495","17517","17537","17555","17565","17595","17623","17633","17987","17997","18090","18100","18120","18140","18150","18269","18285","18303","18549","18569","18585","18669","18689","18701","18841","18859","19119","19139","19177","19187","19207","19237","19247","19465","19539","19559","19579","19609","19629","19649","19947","20013","20033","20043","20073","20093","20103","20123","20153","20461","20471","20491","20511","20541","20561","20581","20601","20891","20901","20931","20959","20979","20999","21029","21039","21075","21089","21267","21277","21297","21315","21337","21355","21369","21567","21801","21831","21841","21859","21877","21907","21919","22017","22315","22343","22345","22373","22383","22411","22427","22791","22811","22827","22841","22851","22875","22895","22905","22935","23269","23335","23355","23365","23389","23409","23429","23459","23479","23495","23775","23795","23815","23863","23883","23893","23923","23943","24020","24040","24070","24090","31740"],"bundle_stock_status":"instock","bundle_stock_quantity":null,"bundle_virtual":false,"bundle_layout":"","bundle_add_to_cart_form_location":"","bundle_editable_in_cart":false,"bundle_sold_individually_context":"","bundle_item_grouping":"","bundle_min_size":"","bundle_max_size":"","bundle_price":[],"bundled_items":[],"bundle_sell_ids":[],"yoast_head":"<!-- This site is optimized with the Yoast SEO Premium plugin v25.1 (Yoast SEO v25.1) - https:\/\/yoast.com\/wordpress\/plugins\/seo\/ -->\n<title>PCN kayd\u0131 i\u00e7in \u00fclkeler - UFI<\/title>\n<meta name=\"description\" content=\"PCN Kayd\u0131 i\u00e7in AB \u00dclkelerimiz ile \u00fcr\u00fcn\u00fcn\u00fcz\u00fc piyasaya s\u00fcrmek istedi\u011finiz \u00fclkeleri tam olarak se\u00e7ebilirsiniz; bu da size pazar eri\u015fiminiz \u00fczerinde tam esneklik ve kontrol sa\u011flar.\" \/>\n<meta name=\"robots\" content=\"index, follow, max-snippet:-1, max-image-preview:large, max-video-preview:-1\" \/>\n<link rel=\"canonical\" href=\"https:\/\/www.ufi.eu\/tr\/product\/pcn-kaydi-icin-ulkeler\/\" \/>\n<meta property=\"og:locale\" content=\"tr_TR\" \/>\n<meta property=\"og:type\" content=\"article\" \/>\n<meta property=\"og:title\" content=\"PCN kayd\u0131 i\u00e7in \u00fclkeler\" \/>\n<meta property=\"og:description\" content=\"PCN Kayd\u0131 i\u00e7in AB \u00dclkelerimiz ile \u00fcr\u00fcn\u00fcn\u00fcz\u00fc piyasaya s\u00fcrmek istedi\u011finiz \u00fclkeleri tam olarak se\u00e7ebilirsiniz; bu da size pazar eri\u015fiminiz \u00fczerinde tam esneklik ve kontrol sa\u011flar.\" \/>\n<meta property=\"og:url\" content=\"https:\/\/www.ufi.eu\/tr\/product\/pcn-kaydi-icin-ulkeler\/\" \/>\n<meta property=\"og:site_name\" content=\"UFI\" \/>\n<meta property=\"article:modified_time\" content=\"2025-05-15T16:48:00+00:00\" \/>\n<meta property=\"og:image\" content=\"https:\/\/www.ufi.eu\/wp-content\/uploads\/2025\/03\/eu.jpg\" \/>\n\t<meta property=\"og:image:width\" content=\"800\" \/>\n\t<meta property=\"og:image:height\" content=\"800\" \/>\n\t<meta property=\"og:image:type\" content=\"image\/jpeg\" \/>\n<meta name=\"twitter:card\" content=\"summary_large_image\" \/>\n<meta name=\"twitter:label1\" content=\"Fiyat\" \/>\n\t<meta name=\"twitter:data1\" content=\"&euro;35.00\" \/>\n\t<meta name=\"twitter:label2\" content=\"Durumu\" \/>\n\t<meta name=\"twitter:data2\" content=\"Stokta var\" \/>\n<script type=\"application\/ld+json\" class=\"yoast-schema-graph\">{\"@context\":\"https:\/\/schema.org\",\"@graph\":[{\"@type\":\"WebPage\",\"@id\":\"https:\/\/www.ufi.eu\/tr\/product\/pcn-kaydi-icin-ulkeler\/\",\"url\":\"https:\/\/www.ufi.eu\/tr\/product\/pcn-kaydi-icin-ulkeler\/\",\"name\":\"PCN kayd\u0131 i\u00e7in \u00fclkeler - UFI\",\"isPartOf\":{\"@id\":\"https:\/\/www.ufi.eu\/tr\/#website\"},\"primaryImageOfPage\":{\"@id\":\"https:\/\/www.ufi.eu\/tr\/product\/pcn-kaydi-icin-ulkeler\/#primaryimage\"},\"image\":{\"@id\":\"https:\/\/www.ufi.eu\/tr\/product\/pcn-kaydi-icin-ulkeler\/#primaryimage\"},\"thumbnailUrl\":\"https:\/\/www.ufi.eu\/wp-content\/uploads\/2025\/03\/eu.jpg\",\"datePublished\":\"2025-04-15T19:37:27+00:00\",\"dateModified\":\"2025-05-15T16:48:00+00:00\",\"description\":\"PCN Kayd\u0131 i\u00e7in AB \u00dclkelerimiz ile \u00fcr\u00fcn\u00fcn\u00fcz\u00fc piyasaya s\u00fcrmek istedi\u011finiz \u00fclkeleri tam olarak se\u00e7ebilirsiniz; bu da size pazar eri\u015fiminiz \u00fczerinde tam esneklik ve kontrol sa\u011flar.\",\"breadcrumb\":{\"@id\":\"https:\/\/www.ufi.eu\/tr\/product\/pcn-kaydi-icin-ulkeler\/#breadcrumb\"},\"inLanguage\":\"tr\",\"potentialAction\":[{\"@type\":\"ReadAction\",\"target\":[\"https:\/\/www.ufi.eu\/tr\/product\/pcn-kaydi-icin-ulkeler\/\"]}]},{\"@type\":\"ImageObject\",\"inLanguage\":\"tr\",\"@id\":\"https:\/\/www.ufi.eu\/tr\/product\/pcn-kaydi-icin-ulkeler\/#primaryimage\",\"url\":\"https:\/\/www.ufi.eu\/wp-content\/uploads\/2025\/03\/eu.jpg\",\"contentUrl\":\"https:\/\/www.ufi.eu\/wp-content\/uploads\/2025\/03\/eu.jpg\",\"width\":800,\"height\":800},{\"@type\":\"BreadcrumbList\",\"@id\":\"https:\/\/www.ufi.eu\/tr\/product\/pcn-kaydi-icin-ulkeler\/#breadcrumb\",\"itemListElement\":[{\"@type\":\"ListItem\",\"position\":1,\"name\":\"Home\",\"item\":\"https:\/\/www.ufi.eu\/tr\/ev\/\"},{\"@type\":\"ListItem\",\"position\":2,\"name\":\"Ma\u011faza\",\"item\":\"https:\/\/www.ufi.eu\/tr\/magaza\/\"},{\"@type\":\"ListItem\",\"position\":3,\"name\":\"PCN kayd\u0131 i\u00e7in \u00fclkeler\"}]},{\"@type\":\"WebSite\",\"@id\":\"https:\/\/www.ufi.eu\/tr\/#website\",\"url\":\"https:\/\/www.ufi.eu\/tr\/\",\"name\":\"UFI.EU\",\"description\":\"Poison Centre Notifications (PCN) and UFI\",\"publisher\":{\"@id\":\"https:\/\/www.ufi.eu\/tr\/#organization\"},\"potentialAction\":[{\"@type\":\"SearchAction\",\"target\":{\"@type\":\"EntryPoint\",\"urlTemplate\":\"https:\/\/www.ufi.eu\/tr\/?s={search_term_string}\"},\"query-input\":{\"@type\":\"PropertyValueSpecification\",\"valueRequired\":true,\"valueName\":\"search_term_string\"}}],\"inLanguage\":\"tr\"},{\"@type\":\"Organization\",\"@id\":\"https:\/\/www.ufi.eu\/tr\/#organization\",\"name\":\"UFI.EU\",\"url\":\"https:\/\/www.ufi.eu\/tr\/\",\"logo\":{\"@type\":\"ImageObject\",\"inLanguage\":\"tr\",\"@id\":\"https:\/\/www.ufi.eu\/tr\/#\/schema\/logo\/image\/\",\"url\":\"https:\/\/www.ufi.eu\/wp-content\/uploads\/2025\/03\/cropped-logo_ufi3.jpg\",\"contentUrl\":\"https:\/\/www.ufi.eu\/wp-content\/uploads\/2025\/03\/cropped-logo_ufi3.jpg\",\"width\":231,\"height\":78,\"caption\":\"UFI.EU\"},\"image\":{\"@id\":\"https:\/\/www.ufi.eu\/tr\/#\/schema\/logo\/image\/\"},\"description\":\"UFI.eu specializes in digital registrations for Poison Centre Notifications (PCN), ensuring your chemical products meet EU regulatory requirements effortlessly. Our streamlined solutions help businesses stay compliant while reducing complexity and administrative burden.\",\"email\":\"info@ufi.eu\",\"legalName\":\"UFI.EU\"}]}<\/script>\n<meta property=\"product:price:amount\" content=\"35.00\" \/>\n<meta property=\"product:price:currency\" content=\"EUR\" \/>\n<meta property=\"og:availability\" content=\"instock\" \/>\n<meta property=\"product:availability\" content=\"instock\" \/>\n<meta property=\"product:retailer_item_id\" content=\"PCN-COUNTRIES\" \/>\n<meta property=\"product:condition\" content=\"new\" \/>\n<!-- \/ Yoast SEO Premium plugin. -->","yoast_head_json":{"title":"PCN kayd\u0131 i\u00e7in \u00fclkeler - UFI","description":"PCN Kayd\u0131 i\u00e7in AB \u00dclkelerimiz ile \u00fcr\u00fcn\u00fcn\u00fcz\u00fc piyasaya s\u00fcrmek istedi\u011finiz \u00fclkeleri tam olarak se\u00e7ebilirsiniz; bu da size pazar eri\u015fiminiz \u00fczerinde tam esneklik ve kontrol sa\u011flar.","robots":{"index":"index","follow":"follow","max-snippet":"max-snippet:-1","max-image-preview":"max-image-preview:large","max-video-preview":"max-video-preview:-1"},"canonical":"https:\/\/www.ufi.eu\/tr\/product\/pcn-kaydi-icin-ulkeler\/","og_locale":"tr_TR","og_type":"article","og_title":"PCN kayd\u0131 i\u00e7in \u00fclkeler","og_description":"PCN Kayd\u0131 i\u00e7in AB \u00dclkelerimiz ile \u00fcr\u00fcn\u00fcn\u00fcz\u00fc piyasaya s\u00fcrmek istedi\u011finiz \u00fclkeleri tam olarak se\u00e7ebilirsiniz; bu da size pazar eri\u015fiminiz \u00fczerinde tam esneklik ve kontrol sa\u011flar.","og_url":"https:\/\/www.ufi.eu\/tr\/product\/pcn-kaydi-icin-ulkeler\/","og_site_name":"UFI","article_modified_time":"2025-05-15T16:48:00+00:00","og_image":[{"width":800,"height":800,"url":"https:\/\/www.ufi.eu\/wp-content\/uploads\/2025\/03\/eu.jpg","type":"image\/jpeg"}],"twitter_card":"summary_large_image","twitter_misc":{"Fiyat":"&euro;35.00","Durumu":"Stokta var"},"schema":{"@context":"https:\/\/schema.org","@graph":[{"@type":"WebPage","@id":"https:\/\/www.ufi.eu\/tr\/product\/pcn-kaydi-icin-ulkeler\/","url":"https:\/\/www.ufi.eu\/tr\/product\/pcn-kaydi-icin-ulkeler\/","name":"PCN kayd\u0131 i\u00e7in \u00fclkeler - UFI","isPartOf":{"@id":"https:\/\/www.ufi.eu\/tr\/#website"},"primaryImageOfPage":{"@id":"https:\/\/www.ufi.eu\/tr\/product\/pcn-kaydi-icin-ulkeler\/#primaryimage"},"image":{"@id":"https:\/\/www.ufi.eu\/tr\/product\/pcn-kaydi-icin-ulkeler\/#primaryimage"},"thumbnailUrl":"https:\/\/www.ufi.eu\/wp-content\/uploads\/2025\/03\/eu.jpg","datePublished":"2025-04-15T19:37:27+00:00","dateModified":"2025-05-15T16:48:00+00:00","description":"PCN Kayd\u0131 i\u00e7in AB \u00dclkelerimiz ile \u00fcr\u00fcn\u00fcn\u00fcz\u00fc piyasaya s\u00fcrmek istedi\u011finiz \u00fclkeleri tam olarak se\u00e7ebilirsiniz; bu da size pazar eri\u015fiminiz \u00fczerinde tam esneklik ve kontrol sa\u011flar.","breadcrumb":{"@id":"https:\/\/www.ufi.eu\/tr\/product\/pcn-kaydi-icin-ulkeler\/#breadcrumb"},"inLanguage":"tr","potentialAction":[{"@type":"ReadAction","target":["https:\/\/www.ufi.eu\/tr\/product\/pcn-kaydi-icin-ulkeler\/"]}]},{"@type":"ImageObject","inLanguage":"tr","@id":"https:\/\/www.ufi.eu\/tr\/product\/pcn-kaydi-icin-ulkeler\/#primaryimage","url":"https:\/\/www.ufi.eu\/wp-content\/uploads\/2025\/03\/eu.jpg","contentUrl":"https:\/\/www.ufi.eu\/wp-content\/uploads\/2025\/03\/eu.jpg","width":800,"height":800},{"@type":"BreadcrumbList","@id":"https:\/\/www.ufi.eu\/tr\/product\/pcn-kaydi-icin-ulkeler\/#breadcrumb","itemListElement":[{"@type":"ListItem","position":1,"name":"Home","item":"https:\/\/www.ufi.eu\/tr\/ev\/"},{"@type":"ListItem","position":2,"name":"Ma\u011faza","item":"https:\/\/www.ufi.eu\/tr\/magaza\/"},{"@type":"ListItem","position":3,"name":"PCN kayd\u0131 i\u00e7in \u00fclkeler"}]},{"@type":"WebSite","@id":"https:\/\/www.ufi.eu\/tr\/#website","url":"https:\/\/www.ufi.eu\/tr\/","name":"UFI.EU","description":"Poison Centre Notifications (PCN) and UFI","publisher":{"@id":"https:\/\/www.ufi.eu\/tr\/#organization"},"potentialAction":[{"@type":"SearchAction","target":{"@type":"EntryPoint","urlTemplate":"https:\/\/www.ufi.eu\/tr\/?s={search_term_string}"},"query-input":{"@type":"PropertyValueSpecification","valueRequired":true,"valueName":"search_term_string"}}],"inLanguage":"tr"},{"@type":"Organization","@id":"https:\/\/www.ufi.eu\/tr\/#organization","name":"UFI.EU","url":"https:\/\/www.ufi.eu\/tr\/","logo":{"@type":"ImageObject","inLanguage":"tr","@id":"https:\/\/www.ufi.eu\/tr\/#\/schema\/logo\/image\/","url":"https:\/\/www.ufi.eu\/wp-content\/uploads\/2025\/03\/cropped-logo_ufi3.jpg","contentUrl":"https:\/\/www.ufi.eu\/wp-content\/uploads\/2025\/03\/cropped-logo_ufi3.jpg","width":231,"height":78,"caption":"UFI.EU"},"image":{"@id":"https:\/\/www.ufi.eu\/tr\/#\/schema\/logo\/image\/"},"description":"UFI.eu specializes in digital registrations for Poison Centre Notifications (PCN), ensuring your chemical products meet EU regulatory requirements effortlessly. Our streamlined solutions help businesses stay compliant while reducing complexity and administrative burden.","email":"info@ufi.eu","legalName":"UFI.EU"}]},"product_price_amount":"35.00","product_price_currency":"EUR","og_availability":"instock","product_availability":"instock","product_retailer_item_id":"PCN-COUNTRIES","product_condition":"new"},"_links":{"self":[{"href":"https:\/\/www.ufi.eu\/tr\/wp-json\/wp\/v2\/product\/12580","targetHints":{"allow":["GET"]}}],"collection":[{"href":"https:\/\/www.ufi.eu\/tr\/wp-json\/wp\/v2\/product"}],"about":[{"href":"https:\/\/www.ufi.eu\/tr\/wp-json\/wp\/v2\/types\/product"}],"wp:featuredmedia":[{"embeddable":true,"href":"https:\/\/www.ufi.eu\/tr\/wp-json\/wp\/v2\/media\/12581"}],"wp:attachment":[{"href":"https:\/\/www.ufi.eu\/tr\/wp-json\/wp\/v2\/media?parent=12580"}],"wp:term":[{"taxonomy":"product_brand","embeddable":true,"href":"https:\/\/www.ufi.eu\/tr\/wp-json\/wp\/v2\/product_brand?post=12580"},{"taxonomy":"product_cat","embeddable":true,"href":"https:\/\/www.ufi.eu\/tr\/wp-json\/wp\/v2\/product_cat?post=12580"},{"taxonomy":"product_tag","embeddable":true,"href":"https:\/\/www.ufi.eu\/tr\/wp-json\/wp\/v2\/product_tag?post=12580"}],"curies":[{"name":"wp","href":"https:\/\/api.w.org\/{rel}","templated":true}]}}