{"id":11362,"date":"2025-04-15T07:32:52","date_gmt":"2025-04-15T07:32:52","guid":{"rendered":"https:\/\/www.ufi.eu\/sartlar-ve-kosullar\/"},"modified":"2025-04-15T07:32:53","modified_gmt":"2025-04-15T07:32:53","slug":"sartlar-ve-kosullar","status":"publish","type":"page","link":"https:\/\/www.ufi.eu\/tr\/sartlar-ve-kosullar\/","title":{"rendered":"\u015eartlar ve Ko\u015fullar"},"content":{"rendered":"\n<p><strong>\u015eirket<\/strong> UFI.EU<br\/><strong>Kay\u0131tl\u0131 Adres:<\/strong> Transistorstraat 91 &#8211; 02, 1322 CL Almere, Hollanda<br\/><strong>Ticaret Odas\u0131 (KvK):<\/strong> 61064939<br\/><strong>KDV KIMLI\u011eI:<\/strong> NL854189543B01<\/p>\n\n<h2 class=\"wp-block-heading\" id=\"h-1-overview\"><strong>1. Genel Bak\u0131\u015f<\/strong><\/h2>\n\n<p>Bu web sitesi <strong>UFI.EU<\/strong> taraf\u0131ndan i\u015fletilmektedir. Site boyunca, &#8220;biz&#8221;, &#8220;bize&#8221; ve &#8220;bizim&#8221; terimleri <strong>UFI.EU<\/strong>&#8216;yu ifade eder. Sitemizi ziyaret ederek ve\/veya bizden bir \u015fey sat\u0131n alarak, &#8220;Hizmetimizi&#8221; kullanm\u0131\u015f olursunuz ve burada at\u0131fta bulunulan veya bu sayfadan ba\u011flant\u0131 verilen t\u00fcm ek \u015fartlar, ko\u015fullar ve politikalar dahil olmak \u00fczere a\u015fa\u011f\u0131daki \u015eartlar <strong>ve Ko\u015fullara<\/strong> (&#8220;\u015eartlar&#8221;) tabi olmay\u0131 kabul edersiniz.  <\/p>\n\n<p>Bu Ko\u015fullar, taray\u0131c\u0131lar, sat\u0131c\u0131lar, m\u00fc\u015fteriler, t\u00fcccarlar ve i\u00e7erik katk\u0131da bulunanlar dahil ancak bunlarla s\u0131n\u0131rl\u0131 olmamak \u00fczere sitenin t\u00fcm kullan\u0131c\u0131lar\u0131 i\u00e7in ge\u00e7erlidir. Bu s\u00f6zle\u015fmenin t\u00fcm \u015fartlar\u0131n\u0131 kabul etmiyorsan\u0131z, web sitesine eri\u015femez veya herhangi bir hizmeti kullanamazs\u0131n\u0131z. <\/p>\n\n<p>Bu Ko\u015fullar\u0131 diledi\u011fimiz zaman g\u00fcncelleme veya de\u011fi\u015ftirme hakk\u0131m\u0131z sakl\u0131d\u0131r. Bu sayfay\u0131 d\u00fczenli olarak kontrol etmek sizin sorumlulu\u011funuzdad\u0131r. Herhangi bir de\u011fi\u015fiklikten sonra web sitesinin kullan\u0131lmaya devam edilmesi, bu de\u011fi\u015fikliklerin kabul edildi\u011fi anlam\u0131na gelir.  <\/p>\n\n<h2 class=\"wp-block-heading\" id=\"h-2-online-store-terms\"><strong>2. Online Ma\u011faza Ko\u015fullar\u0131<\/strong><\/h2>\n\n<p>Bu \u015eartlar\u0131 kabul ederek, ikamet etti\u011finiz \u00fclkede re\u015fit oldu\u011funuzu veya bu siteyi sizin sorumlulu\u011funuz alt\u0131nda kullanan re\u015fit olmayan ki\u015filer i\u00e7in izin verdi\u011finizi onaylam\u0131\u015f olursunuz.<\/p>\n\n<p>\u00dcr\u00fcnlerimizi veya hizmetlerimizi herhangi bir yasad\u0131\u015f\u0131 veya yetkisiz ama\u00e7 i\u00e7in kullanamazs\u0131n\u0131z veya hizmeti kullan\u0131rken yarg\u0131 alan\u0131n\u0131zdaki herhangi bir yasay\u0131 ihlal edemezsiniz. Bu \u015eartlardan herhangi birinin ihlali, Hizmetlerimize eri\u015fiminizin derhal sonland\u0131r\u0131lmas\u0131yla sonu\u00e7lanacakt\u0131r. <\/p>\n\n<h2 class=\"wp-block-heading\" id=\"h-3-accuracy-completeness-amp-timeliness-of-information\"><strong>3. Bilgilerin Do\u011frulu\u011fu, Eksiksizli\u011fi ve Zamanl\u0131l\u0131\u011f\u0131<\/strong><\/h2>\n\n<p>Bu sitede sunulan bilgilerin do\u011fru, eksiksiz veya g\u00fcncel olmamas\u0131ndan sorumlu de\u011filiz. Bu materyaller yaln\u0131zca genel bilgilendirme ama\u00e7l\u0131d\u0131r ve karar vermek i\u00e7in tek dayanak olarak kullan\u0131lmamal\u0131d\u0131r. <\/p>\n\n<p>Web sitemizin i\u00e7eri\u011fini istedi\u011fimiz zaman g\u00fcncelleyebiliriz, ancak bunu yapmak zorunda de\u011filiz. Sitemizdeki de\u011fi\u015fiklikleri izlemenin sizin sorumlulu\u011funuzda oldu\u011funu kabul edersiniz. <\/p>\n\n<h2 class=\"wp-block-heading\" id=\"h-4-modifications-to-services-amp-prices\"><strong>4. Hizmetlerde ve Fiyatlarda De\u011fi\u015fiklikler<\/strong><\/h2>\n\n<p>Hizmetlerimizin fiyatlar\u0131 \u00f6nceden haber verilmeksizin de\u011fi\u015ftirilebilir. Herhangi bir zamanda bir hizmeti (veya bir k\u0131sm\u0131n\u0131) haber vermeksizin de\u011fi\u015ftirme veya durdurma hakk\u0131m\u0131z\u0131 sakl\u0131 tutar\u0131z. Herhangi bir de\u011fi\u015fiklik, fiyat de\u011fi\u015fikli\u011fi, ask\u0131ya alma veya hizmetin durdurulmas\u0131ndan sorumlu de\u011filiz.  <\/p>\n\n<h2 class=\"wp-block-heading\" id=\"h-5-products-amp-services\"><strong>5. \u00dcr\u00fcnler &amp; Hizmetler<\/strong><\/h2>\n\n<p>Baz\u0131 hizmetler yaln\u0131zca web sitemiz \u00fczerinden \u00e7evrimi\u00e7i olarak sunulabilir. Bunlar s\u0131n\u0131rl\u0131 kullan\u0131labilirli\u011fe sahip olabilir ve \u0130ade ve Geri \u00d6deme Politikam\u0131za tabidir. <\/p>\n\n<p>Hizmetlerimizin sat\u0131\u015f\u0131n\u0131 belirli b\u00f6lgeler, kullan\u0131c\u0131lar veya yarg\u0131 b\u00f6lgeleri ile s\u0131n\u0131rlama hakk\u0131m\u0131z\u0131 sakl\u0131 tutar\u0131z. Hizmetlerin tan\u0131mlar\u0131 ve fiyatland\u0131rmas\u0131 \u00f6nceden haber verilmeksizin de\u011fi\u015ftirilebilir. Sat\u0131n al\u0131nan hizmetlerin kalitesinin beklentilerinizi kar\u015f\u0131layaca\u011f\u0131n\u0131 garanti etmiyoruz.  <\/p>\n\n<h2 class=\"wp-block-heading\" id=\"h-6-accuracy-of-billing-amp-account-information\"><strong>6. Faturalama ve Hesap Bilgilerinin Do\u011frulu\u011fu<\/strong><\/h2>\n\n<p>Herhangi bir sipari\u015fi reddetme veya iptal etme hakk\u0131m\u0131z sakl\u0131d\u0131r. G\u00fcncel, eksiksiz ve do\u011fru sat\u0131n alma ve hesap bilgileri sa\u011flamay\u0131 kabul edersiniz. Hesap ve \u00f6deme bilgilerinizi derhal g\u00fcncellemekten siz sorumlusunuz.  <\/p>\n\n<h2 class=\"wp-block-heading\" id=\"h-7-use-of-pcn-and-country-tokens\"><strong>7. PCN ve \u00dclke Jetonlar\u0131n\u0131n Kullan\u0131m\u0131<\/strong><\/h2>\n\n<p>PCN ve \u00fclke belirte\u00e7leri, belirli AB \u00fclkelerine PCN bildirimleri g\u00f6nderme haklar\u0131n\u0131 temsil eder. Jetonlar her \u00fclke i\u00e7in \u00fcr\u00fcn ba\u015f\u0131na atan\u0131r. Jetonlar iade edilemez.  <\/p>\n\n<h2 class=\"wp-block-heading\" id=\"h-8-optional-tools-amp-third-party-links\"><strong>8. \u0130ste\u011fe Ba\u011fl\u0131 Ara\u00e7lar ve \u00dc\u00e7\u00fcnc\u00fc Taraf Ba\u011flant\u0131lar\u0131<\/strong><\/h2>\n\n<p>\u0130zleme veya kontrol olmaks\u0131z\u0131n \u00fc\u00e7\u00fcnc\u00fc taraf ara\u00e7lar\u0131na eri\u015fim sa\u011flayabiliriz. Bu ara\u00e7lar\u0131 riski size ait olmak \u00fczere kullanmay\u0131 kabul edersiniz. Sitemizdeki \u00fc\u00e7\u00fcnc\u00fc taraf ba\u011flant\u0131lar\u0131 sizi harici web sitelerine y\u00f6nlendirebilir. Bunlar\u0131n i\u00e7eri\u011finden veya uygulamalar\u0131ndan sorumlu de\u011filiz.   <\/p>\n\n<h2 class=\"wp-block-heading\" id=\"h-9-user-submissions-amp-feedback\"><strong>9. Kullan\u0131c\u0131 G\u00f6nderimleri ve Geri Bildirim<\/strong><\/h2>\n\n<p>\u00d6neriler, fikirler veya di\u011fer materyalleri (topluca &#8220;yorumlar&#8221;) g\u00f6nderirseniz, bunlar\u0131 k\u0131s\u0131tlama olmaks\u0131z\u0131n kullanabilece\u011fimizi kabul edersiniz. Yasa d\u0131\u015f\u0131, karalay\u0131c\u0131 veya zararl\u0131 i\u00e7erik g\u00f6nderemezsiniz. G\u00f6nderimlerinizden yaln\u0131zca siz sorumlusunuz.  <\/p>\n\n<h2 class=\"wp-block-heading\" id=\"h-10-personal-information\"><strong>10. Ki\u015fisel Bilgiler<\/strong><\/h2>\n\n<p>Ki\u015fisel verileri i\u015flememiz <a href=\"https:\/\/www.ufi.eu\/tr\/gizlilik-politikasi\/\">Gizlilik Politikam\u0131z<\/a> taraf\u0131ndan y\u00f6netilmektedir. Daha fazla bilgi i\u00e7in l\u00fctfen g\u00f6zden ge\u00e7irin. <\/p>\n\n<h2 class=\"wp-block-heading\" id=\"h-11-errors-inaccuracies-amp-omissions\"><strong>11. Hatalar, Yanl\u0131\u015fl\u0131klar ve Eksiklikler<\/strong><\/h2>\n\n<p>Herhangi bir hatay\u0131, yanl\u0131\u015fl\u0131\u011f\u0131 veya ihmali d\u00fczeltme ve bilgilerin yanl\u0131\u015f olmas\u0131 durumunda sipari\u015fleri, sipari\u015f verildikten sonra da dahil olmak \u00fczere, \u00f6nceden haber vermeksizin iptal etme veya g\u00fcncelleme hakk\u0131m\u0131z\u0131 sakl\u0131 tutar\u0131z.<\/p>\n\n<h2 class=\"wp-block-heading\" id=\"h-12-prohibited-uses\"><strong>12. Yasaklanm\u0131\u015f Kullan\u0131mlar<\/strong><\/h2>\n\n<p>Siteyi veya i\u00e7eri\u011fini yasa d\u0131\u015f\u0131 ama\u00e7larla, fikri m\u00fclkiyet haklar\u0131n\u0131 ihlal etmek, ba\u015fkalar\u0131n\u0131 taciz etmek, k\u00f6t\u00fc ama\u00e7l\u0131 yaz\u0131l\u0131m yaymak, ki\u015fisel veri toplamak veya site g\u00fcvenli\u011fine m\u00fcdahale etmek i\u00e7in kullanman\u0131z yasakt\u0131r.<\/p>\n\n<h2 class=\"wp-block-heading\" id=\"h-13-disclaimer-of-warranties-limitation-of-liability\"><strong>13. Garantilerin Reddi; Sorumlulu\u011fun S\u0131n\u0131rland\u0131r\u0131lmas\u0131<\/strong><\/h2>\n\n<p>Hizmetlerimiz herhangi bir garanti olmaks\u0131z\u0131n &#8220;oldu\u011fu gibi&#8221; ve &#8220;mevcut oldu\u011fu \u015fekilde&#8221; sa\u011flanmaktad\u0131r. Kesintisiz veya hatas\u0131z hizmet garantisi vermiyoruz. Hi\u00e7bir durumda UFI.EU veya y\u00f6neticileri, \u00e7al\u0131\u015fanlar\u0131 veya ba\u011fl\u0131 kurulu\u015flar\u0131, hizmetlerimizin kullan\u0131m\u0131ndan kaynaklanan do\u011frudan, dolayl\u0131, ar\u0131zi veya sonu\u00e7 olarak ortaya \u00e7\u0131kan zararlardan sorumlu tutulamaz.  <\/p>\n\n<h2 class=\"wp-block-heading\" id=\"h-14-indemnification\"><strong>14. Tazminat<\/strong><\/h2>\n\n<p>UFI.EU ve ba\u011fl\u0131 kurulu\u015flar\u0131n\u0131, bu Ko\u015fullar\u0131 veya herhangi bir yasay\u0131 veya \u00fc\u00e7\u00fcnc\u00fc taraf haklar\u0131n\u0131 ihlal etmenizden kaynaklanan yasal \u00fccretler de dahil olmak \u00fczere herhangi bir iddia veya talepten tazmin etmeyi ve zarars\u0131z tutmay\u0131 kabul edersiniz.<\/p>\n\n<h2 class=\"wp-block-heading\" id=\"h-15-severability\"><strong>15. B\u00f6l\u00fcnebilirlik<\/strong><\/h2>\n\n<p>Bu \u015eartlar\u0131n herhangi bir h\u00fckm\u00fcn\u00fcn yasa d\u0131\u015f\u0131 veya uygulanamaz oldu\u011fu tespit edilirse, kalan h\u00fck\u00fcmler y\u00fcr\u00fcrl\u00fckte kalacakt\u0131r.<\/p>\n\n<h2 class=\"wp-block-heading\" id=\"h-16-termination\"><strong>16. Fesih<\/strong><\/h2>\n\n<p>Bu Ko\u015fullar, siz veya bizim taraf\u0131m\u0131zdan feshedilmedi\u011fi s\u00fcrece ge\u00e7erlidir. Bu \u015eartlar\u0131 ihlal etmeniz halinde bu s\u00f6zle\u015fmeyi istedi\u011fimiz zaman feshedebiliriz. Fesih \u00fczerine, \u00f6denmesi gereken t\u00fcm tutarlardan sorumlu olmaya devam edersiniz.  <\/p>\n\n<h2 class=\"wp-block-heading\" id=\"h-17-entire-agreement\"><strong>17. T\u00fcm S\u00f6zle\u015fme<\/strong><\/h2>\n\n<p>Bu Ko\u015fullar ve bu sitede yay\u0131nlanan politikalar, hizmetlerimizin kullan\u0131m\u0131na ili\u015fkin olarak siz ve UFI.EU aras\u0131ndaki anla\u015fman\u0131n tamam\u0131n\u0131 olu\u015fturur.<\/p>\n\n<h2 class=\"wp-block-heading\" id=\"h-18-governing-law\"><strong>18. Ge\u00e7erli Kanun<\/strong><\/h2>\n\n<p>Bu Ko\u015fullar ve bunlarla ilgili her t\u00fcrl\u00fc ihtilaf <strong>Hollanda yasalar\u0131na<\/strong> tabi olacak ve bu <strong>yasalara<\/strong> g\u00f6re yorumlanacakt\u0131r. T\u00fcm anla\u015fmalar Almere, Hollanda&#8217;da yap\u0131lm\u0131\u015f say\u0131l\u0131r. <\/p>\n\n<h2 class=\"wp-block-heading\" id=\"h-19-changes-to-these-terms\"><strong>19. Bu \u015eartlarda Yap\u0131lan De\u011fi\u015fiklikler<\/strong><\/h2>\n\n<p>\u015eartlar\u0131n g\u00fcncel versiyonu her zaman bu sayfada mevcuttur. Kendi takdirimize ba\u011fl\u0131 olarak bu Ko\u015fullar\u0131n herhangi bir b\u00f6l\u00fcm\u00fcn\u00fc g\u00fcncelleme, de\u011fi\u015ftirme veya yerine yenisini koyma hakk\u0131m\u0131z\u0131 sakl\u0131 tutar\u0131z. <\/p>\n","protected":false},"excerpt":{"rendered":"<p>\u015eirket UFI.EUKay\u0131tl\u0131 Adres: Transistorstraat 91 &#8211; 02, 1322 CL Almere, HollandaTicaret Odas\u0131 (KvK): 61064939KDV KIMLI\u011eI: NL854189543B01 1. Genel Bak\u0131\u015f Bu web sitesi UFI.EU taraf\u0131ndan i\u015fletilmektedir. Site boyunca, &#8220;biz&#8221;, &#8220;bize&#8221; ve &#8220;bizim&#8221; terimleri UFI.EU&#8216;yu ifade eder. Sitemizi ziyaret ederek ve\/veya bizden bir \u015fey sat\u0131n alarak, &#8220;Hizmetimizi&#8221; kullanm\u0131\u015f olursunuz ve burada at\u0131fta bulunulan veya bu sayfadan ba\u011flant\u0131 [&hellip;]<\/p>\n","protected":false},"author":1,"featured_media":0,"parent":0,"menu_order":0,"comment_status":"closed","ping_status":"closed","template":"","meta":{"footnotes":""},"class_list":["post-11362","page","type-page","status-publish","hentry"],"yoast_head":"<!-- This site is optimized with the Yoast SEO Premium plugin v25.1 (Yoast SEO v25.1) - https:\/\/yoast.com\/wordpress\/plugins\/seo\/ -->\n<title>\u015eartlar ve Ko\u015fullar - UFI<\/title>\n<meta name=\"robots\" content=\"index, follow, max-snippet:-1, max-image-preview:large, max-video-preview:-1\" \/>\n<link rel=\"canonical\" href=\"https:\/\/www.ufi.eu\/tr\/sartlar-ve-kosullar\/\" \/>\n<meta property=\"og:locale\" content=\"tr_TR\" \/>\n<meta property=\"og:type\" content=\"article\" \/>\n<meta property=\"og:title\" content=\"\u015eartlar ve Ko\u015fullar\" \/>\n<meta property=\"og:description\" content=\"\u015eirket UFI.EUKay\u0131tl\u0131 Adres: Transistorstraat 91 &#8211; 02, 1322 CL Almere, HollandaTicaret Odas\u0131 (KvK): 61064939KDV KIMLI\u011eI: NL854189543B01 1. Genel Bak\u0131\u015f Bu web sitesi UFI.EU taraf\u0131ndan i\u015fletilmektedir. Site boyunca, &#8220;biz&#8221;, &#8220;bize&#8221; ve &#8220;bizim&#8221; terimleri UFI.EU&#8216;yu ifade eder. Sitemizi ziyaret ederek ve\/veya bizden bir \u015fey sat\u0131n alarak, &#8220;Hizmetimizi&#8221; kullanm\u0131\u015f olursunuz ve burada at\u0131fta bulunulan veya bu sayfadan ba\u011flant\u0131 [&hellip;]\" \/>\n<meta property=\"og:url\" content=\"https:\/\/www.ufi.eu\/tr\/sartlar-ve-kosullar\/\" \/>\n<meta property=\"og:site_name\" content=\"UFI\" \/>\n<meta property=\"article:modified_time\" content=\"2025-04-15T07:32:53+00:00\" \/>\n<meta name=\"twitter:card\" content=\"summary_large_image\" \/>\n<meta name=\"twitter:label1\" content=\"Tahmini okuma s\u00fcresi\" \/>\n\t<meta name=\"twitter:data1\" content=\"5 dakika\" \/>\n<script type=\"application\/ld+json\" class=\"yoast-schema-graph\">{\"@context\":\"https:\/\/schema.org\",\"@graph\":[{\"@type\":\"WebPage\",\"@id\":\"https:\/\/www.ufi.eu\/tr\/sartlar-ve-kosullar\/\",\"url\":\"https:\/\/www.ufi.eu\/tr\/sartlar-ve-kosullar\/\",\"name\":\"\u015eartlar ve Ko\u015fullar - UFI\",\"isPartOf\":{\"@id\":\"https:\/\/www.ufi.eu\/tr\/#website\"},\"datePublished\":\"2025-04-15T07:32:52+00:00\",\"dateModified\":\"2025-04-15T07:32:53+00:00\",\"breadcrumb\":{\"@id\":\"https:\/\/www.ufi.eu\/tr\/sartlar-ve-kosullar\/#breadcrumb\"},\"inLanguage\":\"tr\",\"potentialAction\":[{\"@type\":\"ReadAction\",\"target\":[\"https:\/\/www.ufi.eu\/tr\/sartlar-ve-kosullar\/\"]}]},{\"@type\":\"BreadcrumbList\",\"@id\":\"https:\/\/www.ufi.eu\/tr\/sartlar-ve-kosullar\/#breadcrumb\",\"itemListElement\":[{\"@type\":\"ListItem\",\"position\":1,\"name\":\"Home\",\"item\":\"https:\/\/www.ufi.eu\/tr\/ev\/\"},{\"@type\":\"ListItem\",\"position\":2,\"name\":\"\u015eartlar ve Ko\u015fullar\"}]},{\"@type\":\"WebSite\",\"@id\":\"https:\/\/www.ufi.eu\/tr\/#website\",\"url\":\"https:\/\/www.ufi.eu\/tr\/\",\"name\":\"UFI.EU\",\"description\":\"Poison Centre Notifications (PCN) and UFI\",\"publisher\":{\"@id\":\"https:\/\/www.ufi.eu\/tr\/#organization\"},\"potentialAction\":[{\"@type\":\"SearchAction\",\"target\":{\"@type\":\"EntryPoint\",\"urlTemplate\":\"https:\/\/www.ufi.eu\/tr\/?s={search_term_string}\"},\"query-input\":{\"@type\":\"PropertyValueSpecification\",\"valueRequired\":true,\"valueName\":\"search_term_string\"}}],\"inLanguage\":\"tr\"},{\"@type\":\"Organization\",\"@id\":\"https:\/\/www.ufi.eu\/tr\/#organization\",\"name\":\"UFI.EU\",\"url\":\"https:\/\/www.ufi.eu\/tr\/\",\"logo\":{\"@type\":\"ImageObject\",\"inLanguage\":\"tr\",\"@id\":\"https:\/\/www.ufi.eu\/tr\/#\/schema\/logo\/image\/\",\"url\":\"https:\/\/www.ufi.eu\/wp-content\/uploads\/2025\/03\/cropped-logo_ufi3.jpg\",\"contentUrl\":\"https:\/\/www.ufi.eu\/wp-content\/uploads\/2025\/03\/cropped-logo_ufi3.jpg\",\"width\":231,\"height\":78,\"caption\":\"UFI.EU\"},\"image\":{\"@id\":\"https:\/\/www.ufi.eu\/tr\/#\/schema\/logo\/image\/\"},\"description\":\"UFI.eu specializes in digital registrations for Poison Centre Notifications (PCN), ensuring your chemical products meet EU regulatory requirements effortlessly. Our streamlined solutions help businesses stay compliant while reducing complexity and administrative burden.\",\"email\":\"info@ufi.eu\",\"legalName\":\"UFI.EU\"}]}<\/script>\n<!-- \/ Yoast SEO Premium plugin. -->","yoast_head_json":{"title":"\u015eartlar ve Ko\u015fullar - UFI","robots":{"index":"index","follow":"follow","max-snippet":"max-snippet:-1","max-image-preview":"max-image-preview:large","max-video-preview":"max-video-preview:-1"},"canonical":"https:\/\/www.ufi.eu\/tr\/sartlar-ve-kosullar\/","og_locale":"tr_TR","og_type":"article","og_title":"\u015eartlar ve Ko\u015fullar","og_description":"\u015eirket UFI.EUKay\u0131tl\u0131 Adres: Transistorstraat 91 &#8211; 02, 1322 CL Almere, HollandaTicaret Odas\u0131 (KvK): 61064939KDV KIMLI\u011eI: NL854189543B01 1. Genel Bak\u0131\u015f Bu web sitesi UFI.EU taraf\u0131ndan i\u015fletilmektedir. Site boyunca, &#8220;biz&#8221;, &#8220;bize&#8221; ve &#8220;bizim&#8221; terimleri UFI.EU&#8216;yu ifade eder. Sitemizi ziyaret ederek ve\/veya bizden bir \u015fey sat\u0131n alarak, &#8220;Hizmetimizi&#8221; kullanm\u0131\u015f olursunuz ve burada at\u0131fta bulunulan veya bu sayfadan ba\u011flant\u0131 [&hellip;]","og_url":"https:\/\/www.ufi.eu\/tr\/sartlar-ve-kosullar\/","og_site_name":"UFI","article_modified_time":"2025-04-15T07:32:53+00:00","twitter_card":"summary_large_image","twitter_misc":{"Tahmini okuma s\u00fcresi":"5 dakika"},"schema":{"@context":"https:\/\/schema.org","@graph":[{"@type":"WebPage","@id":"https:\/\/www.ufi.eu\/tr\/sartlar-ve-kosullar\/","url":"https:\/\/www.ufi.eu\/tr\/sartlar-ve-kosullar\/","name":"\u015eartlar ve Ko\u015fullar - UFI","isPartOf":{"@id":"https:\/\/www.ufi.eu\/tr\/#website"},"datePublished":"2025-04-15T07:32:52+00:00","dateModified":"2025-04-15T07:32:53+00:00","breadcrumb":{"@id":"https:\/\/www.ufi.eu\/tr\/sartlar-ve-kosullar\/#breadcrumb"},"inLanguage":"tr","potentialAction":[{"@type":"ReadAction","target":["https:\/\/www.ufi.eu\/tr\/sartlar-ve-kosullar\/"]}]},{"@type":"BreadcrumbList","@id":"https:\/\/www.ufi.eu\/tr\/sartlar-ve-kosullar\/#breadcrumb","itemListElement":[{"@type":"ListItem","position":1,"name":"Home","item":"https:\/\/www.ufi.eu\/tr\/ev\/"},{"@type":"ListItem","position":2,"name":"\u015eartlar ve Ko\u015fullar"}]},{"@type":"WebSite","@id":"https:\/\/www.ufi.eu\/tr\/#website","url":"https:\/\/www.ufi.eu\/tr\/","name":"UFI.EU","description":"Poison Centre Notifications (PCN) and UFI","publisher":{"@id":"https:\/\/www.ufi.eu\/tr\/#organization"},"potentialAction":[{"@type":"SearchAction","target":{"@type":"EntryPoint","urlTemplate":"https:\/\/www.ufi.eu\/tr\/?s={search_term_string}"},"query-input":{"@type":"PropertyValueSpecification","valueRequired":true,"valueName":"search_term_string"}}],"inLanguage":"tr"},{"@type":"Organization","@id":"https:\/\/www.ufi.eu\/tr\/#organization","name":"UFI.EU","url":"https:\/\/www.ufi.eu\/tr\/","logo":{"@type":"ImageObject","inLanguage":"tr","@id":"https:\/\/www.ufi.eu\/tr\/#\/schema\/logo\/image\/","url":"https:\/\/www.ufi.eu\/wp-content\/uploads\/2025\/03\/cropped-logo_ufi3.jpg","contentUrl":"https:\/\/www.ufi.eu\/wp-content\/uploads\/2025\/03\/cropped-logo_ufi3.jpg","width":231,"height":78,"caption":"UFI.EU"},"image":{"@id":"https:\/\/www.ufi.eu\/tr\/#\/schema\/logo\/image\/"},"description":"UFI.eu specializes in digital registrations for Poison Centre Notifications (PCN), ensuring your chemical products meet EU regulatory requirements effortlessly. Our streamlined solutions help businesses stay compliant while reducing complexity and administrative burden.","email":"info@ufi.eu","legalName":"UFI.EU"}]}},"_links":{"self":[{"href":"https:\/\/www.ufi.eu\/tr\/wp-json\/wp\/v2\/pages\/11362","targetHints":{"allow":["GET"]}}],"collection":[{"href":"https:\/\/www.ufi.eu\/tr\/wp-json\/wp\/v2\/pages"}],"about":[{"href":"https:\/\/www.ufi.eu\/tr\/wp-json\/wp\/v2\/types\/page"}],"author":[{"embeddable":true,"href":"https:\/\/www.ufi.eu\/tr\/wp-json\/wp\/v2\/users\/1"}],"replies":[{"embeddable":true,"href":"https:\/\/www.ufi.eu\/tr\/wp-json\/wp\/v2\/comments?post=11362"}],"version-history":[{"count":1,"href":"https:\/\/www.ufi.eu\/tr\/wp-json\/wp\/v2\/pages\/11362\/revisions"}],"predecessor-version":[{"id":11372,"href":"https:\/\/www.ufi.eu\/tr\/wp-json\/wp\/v2\/pages\/11362\/revisions\/11372"}],"wp:attachment":[{"href":"https:\/\/www.ufi.eu\/tr\/wp-json\/wp\/v2\/media?parent=11362"}],"curies":[{"name":"wp","href":"https:\/\/api.w.org\/{rel}","templated":true}]}}