{"id":21997,"date":"2025-03-20T08:25:15","date_gmt":"2025-04-17T10:33:40","guid":{"rendered":"https:\/\/www.ufi.eu\/pcn\/okategoriserad\/pcn-ufi-for-vaxtgodselmedel\/"},"modified":"2025-04-17T10:33:40","modified_gmt":"2025-04-17T10:33:40","slug":"pcn-ufi-for-vaxtgodselmedel","status":"publish","type":"product","link":"https:\/\/www.ufi.eu\/sv\/product\/pcn-ufi-for-vaxtgodselmedel\/","title":{"rendered":"PCN &amp; UFI f\u00f6r v\u00e4xtg\u00f6dselmedel"},"content":{"rendered":"<h2>Hur fungerar tj\u00e4nsten f\u00f6r skapande av UFI och PCN-meddelande?<\/h2>\n<p>N\u00e4r du har k\u00f6pt den h\u00e4r tj\u00e4nsten f\u00e5r du tillg\u00e5ng till den s\u00e4kra portalen. I denna portal finns en \u00f6versikt \u00f6ver alla steg.  Du fyller i dina produktuppgifter s\u00e5 s\u00e4tter vi ig\u00e5ng.<\/p>\n<h3>Anm\u00e4lan till giftinformationscentral och UFI<\/h3>\n<p>Vi kommer att tillhandah\u00e5lla:<\/p>\n<ul>\n<li>Din produkts unika formelidentifierare (UFI)<\/li>\n<li>En PCN-rapport (Poison Centre Notification)<\/li>\n<li>Registrering av din produkt hos de relevanta nationella giftinformationscentralerna via ECHA.<\/li>\n<\/ul>\n<h3>L\u00e4nder f\u00f6r PCN-registrering<\/h3>\n<p>Du kan r\u00e4kna antalet l\u00e4nder d\u00e4r du vill registrera din produkt. Detta \u00e4r det antal l\u00e4nder du beh\u00f6ver k\u00f6pa.  Du kommer att kunna v\u00e4lja de specifika l\u00e4nderna i portalen. Om du planerar att ut\u00f6ka f\u00f6rs\u00e4ljningen av dina produkter till nya l\u00e4nder vid ett senare tillf\u00e4lle kan du alltid best\u00e4lla ytterligare <a href=\"https:\/\/www.ufi.eu\/sv\/pcn\/lander-sv\/lander-for-pcn-registrering\/\" target=\"_blank\" title=\"PCN landregistreringar\">PCN-landsregistreringar<\/a>.<br \/>EU har 27 l\u00e4nder och EES har 30 (EU+Lichtenstein, Norge och Island) I portalen kan du v\u00e4lja dessa l\u00e4nder: <\/p>\n<table cellpadding=\"2\" cellspacing=\"0\" border=\"1\">\n<tbody>\n<tr>\n<td>Belgien<\/td>\n<td>(BE)<\/td>\n<td>Spanien<\/td>\n<td>(ES)<\/td>\n<td>Ungern<\/td>\n<td>(HU)<\/td>\n<td>Slovakien<\/td>\n<td>(SK)<\/td>\n<\/tr>\n<tr>\n<td>Bulgarien<\/td>\n<td>(BG)<\/td>\n<td>Frankrike<\/td>\n<td>(FR)<\/td>\n<td>Malta<\/td>\n<td>(MT)<\/td>\n<td>Finland<\/td>\n<td>(FI)<\/td>\n<\/tr>\n<tr>\n<td>Tjeckien<\/td>\n<td>(CZ)<\/td>\n<td>Kroatien<\/td>\n<td>(HR)<\/td>\n<td>Nederl\u00e4nderna<\/td>\n<td>(NL)<\/td>\n<td>Sverige<\/td>\n<td>(SE)<\/td>\n<\/tr>\n<tr>\n<td>Danmark<\/td>\n<td>(DK)<\/td>\n<td>Italien<\/td>\n<td>(IT)<\/td>\n<td>\u00d6sterrike<\/td>\n<td>(AT)<\/td>\n<td>Tyskland<\/td>\n<td>(DE)<\/td>\n<\/tr>\n<tr>\n<td>Cypern<\/td>\n<td>(CY)<\/td>\n<td>Polen<\/td>\n<td>(PL)<\/td>\n<td>Island<\/td>\n<td>(IS)<\/td>\n<td>Estland<\/td>\n<td>(EE)<\/td>\n<\/tr>\n<tr>\n<td>Lettland<\/td>\n<td>(LV)<\/td>\n<td>Portugal<\/td>\n<td>(PT)<\/td>\n<td>Liechtenstein<\/td>\n<td>(LI)<\/td>\n<td>Irland<\/td>\n<td>(IE)<\/td>\n<\/tr>\n<tr>\n<td>Litauen<\/td>\n<td>(LT)<\/td>\n<td>Rum\u00e4nien<\/td>\n<td>(RO)<\/td>\n<td>Norge<\/td>\n<td>(NO)<\/td>\n<td>Grekland<\/td>\n<td>(EL)<\/td>\n<\/tr>\n<tr>\n<td>Luxemburg<\/td>\n<td>(LU)<\/td>\n<td>Slovenien<\/td>\n<td>(SI)<\/td>\n<td>Schweiz<\/td>\n<td>(CH)<\/td>\n<td><\/td>\n<td><\/td>\n<\/tr>\n<\/tbody>\n<\/table>\n<p>*F\u00f6r Schweiz kan vi skapa PCN-dokumentationen med all information som beh\u00f6vs f\u00f6r att l\u00e4mna in en ans\u00f6kan i den schweiziska portalen. Kontakta oss f\u00f6r mer information. <\/p>\n<h3>CLP-information p\u00e5 etiketten<\/h3>\n<p>Vi erbjuder m\u00f6jligheten att k\u00f6pa en CLP-kompatibel produktetikett som inneh\u00e5ller all obligatorisk information som kr\u00e4vs enligt EU:s CLP-f\u00f6rordning. Detta kommer att tillhandah\u00e5llas som en PDF.  Det h\u00e4r \u00e4r inte en design, utan en sammanfattning av den information som kr\u00e4vs. Detta g\u00f6r det m\u00f6jligt f\u00f6r dig att integrera den n\u00f6dv\u00e4ndiga informationen i din produktetikettdesign. Du kan ocks\u00e5 best\u00e4lla <a href=\"https:\/\/www.ufi.eu\/sv\/pcn\/clp-etikett-sv\/skapande-av-clp-etiketter-och-kontroll-av-efterlevnad\/\" target=\"_blank\" title=\"CLP etikettCreation\">skapandet av CLP-etiketten<\/a> separat. Har du redan en etikett? &#8211; Vi kan g\u00f6ra en <a href=\"https:\/\/www.ufi.eu\/sv\/pcn\/clp-etikett-sv\/skapande-av-clp-etiketter-och-kontroll-av-efterlevnad\/\" target=\"_blank\" title=\"Kontroll av \u00f6verensst\u00e4mmelse med CLP-m\u00e4rkning\">kontroll<\/a> av att din etikett uppfyller CLP-kraven i enlighet med g\u00e4llande CLP-krav. Vi kommer att ge detaljerad feedback och korrigeringar f\u00f6r att s\u00e4kerst\u00e4lla att din etikett uppfyller alla lagstadgade standarder.     <\/p>\n<h2>Giftinformationscentralens anm\u00e4lan om g\u00f6dselmedel och g\u00f6dslingsprodukter<\/h2>\n<p>G\u00f6dselmedel och g\u00f6dningsprodukter \u00e4r viktiga f\u00f6r att f\u00f6rse v\u00e4xter med n\u00e4rings\u00e4mnen eller f\u00f6rb\u00e4ttra n\u00e4ringseffektiviteten. Dessa produkter, inklusive de som blandas med inhibitorer eller kelaterande medel, kr\u00e4ver en giftinformationscentral (PCN) enligt EU:s f\u00f6rordningar. Detta s\u00e4kerst\u00e4ller att kritisk s\u00e4kerhets- och faroinformation finns tillg\u00e4nglig f\u00f6r giftinformationscentraler vid oavsiktlig exponering eller felaktig anv\u00e4ndning.  <\/p>\n<h3>Vad \u00e4r en UFI?<\/h3>\n<p>Den unika formelidentifieringen (UFI) \u00e4r en alfanumerisk kod p\u00e5 16 tecken som kopplar en g\u00f6dselprodukt till dess giftinformationscentral. UFI m\u00e5ste visas p\u00e5 produktetiketten f\u00f6r att m\u00f6jligg\u00f6ra snabb identifiering av produkten i n\u00f6dsituationer. <\/p>\n<h3>Vad \u00e4r en PCN?<\/h3>\n<p>En giftinformationscentral (Poison Centre Notification, PCN) \u00e4r ett meddelande till EU:s giftinformationscentraler med detaljerad information om en g\u00f6dselprodukt, t.ex. dess kemiska sammans\u00e4ttning, faroklassificering och avsedda anv\u00e4ndning. Dessa uppgifter g\u00f6r det m\u00f6jligt f\u00f6r giftinformationscentralerna att ge korrekta medicinska r\u00e5d och akutv\u00e5rdstj\u00e4nster. <\/p>\n<h3>Vad \u00e4r CLP?<\/h3>\n<p>CLP-f\u00f6rordningen (Classification, Labelling, and Packaging) s\u00e4kerst\u00e4ller att farliga kemikalier, inklusive g\u00f6dselmedel, klassificeras, m\u00e4rks och f\u00f6rpackas p\u00e5 r\u00e4tt s\u00e4tt. G\u00f6dselmedel som omfattas av CLP-kraven m\u00e5ste visa farosymboler, varningstexter och UFI p\u00e5 sina etiketter f\u00f6r att informera anv\u00e4ndarna om potentiella risker. <\/p>\n<h3>Vad \u00e4r Giftinformationscentralen?<\/h3>\n<p>Giftinformationscentralen \u00e4r ett n\u00e4tverk av nationella organisationer som \u00e4gnar sig \u00e5t att hantera fall av kemisk exponering och f\u00f6rgiftning. Genom att f\u00e5 tillg\u00e5ng till PCN-data kan giftinformationscentraler ge exakt v\u00e4gledning och st\u00f6d i n\u00f6dsituationer som involverar g\u00f6dningsmedel eller andra farliga produkter. <\/p>\n<h3>Varf\u00f6r beh\u00f6vs detta?<\/h3>\n<p>G\u00f6dselmedel inneh\u00e5ller ofta \u00e4mnen som kan utg\u00f6ra risker f\u00f6r m\u00e4nniskors h\u00e4lsa eller milj\u00f6n om de hanteras felaktigt. PCN s\u00e4kerst\u00e4ller att giftinformationscentraler har detaljerade produktdata f\u00f6r att kunna reagera effektivt p\u00e5 olyckor, vilket f\u00f6rb\u00e4ttrar allm\u00e4nhetens s\u00e4kerhet och milj\u00f6skyddet. <\/p>\n<h3>Sedan n\u00e4r \u00e4r detta enligt lag obligatoriskt?<\/h3>\n<p>Kravet p\u00e5 att skicka in ett PCN f\u00f6r farliga blandningar, inklusive g\u00f6dselmedel och g\u00f6dslingsprodukter, g\u00e4ller sedan den 1 januari 2021, i enlighet med bilaga VIII i CLP-f\u00f6rordningen.<\/p>\n<h2>VANLIGA FR\u00c5GOR<\/h2>\n<h3>Fr\u00e5ga till mig: Kr\u00e4ver alla g\u00f6dningsmedel ett PCN?<\/h3>\n<p>Svar: Nej: Nej, endast g\u00f6dselmedel som klassificeras som farliga enligt CLP-f\u00f6rordningen kr\u00e4ver en PCN.<\/p>\n<h3>Fr\u00e5ga om PCN: Vilken information beh\u00f6vs f\u00f6r att fylla i en PCN?<\/h3>\n<p>Svar p\u00e5 fr\u00e5gan: PCN kr\u00e4ver information om produktens kemiska sammans\u00e4ttning, faroklassificering, avsedda anv\u00e4ndning, f\u00f6rpackning och unika formelidentifierare (UFI).<\/p>\n<h3>Fr\u00e5ga: Var ska UFI:n visas? Var ska UFI:n visas?<\/h3>\n<p>Svar p\u00e5 fr\u00e5gan: UFI m\u00e5ste tryckas p\u00e5 produktetiketten i n\u00e4rheten av faro- och skyddsinformationen.<\/p>\n<h3>Fr\u00e5ga: Vem \u00e4r ansvarig? Vem \u00e4r ansvarig f\u00f6r att skicka in PCN?<\/h3>\n<p>Svar p\u00e5 fr\u00e5gan Den tillverkare, import\u00f6r eller nedstr\u00f6msanv\u00e4ndare som sl\u00e4pper ut g\u00f6dselmedlet p\u00e5 EU-marknaden \u00e4r ansvarig f\u00f6r att skicka in PCN.<\/p>\n<h3>Fr\u00e5ga: Vilka \u00e4r konsekvenserna? Vilka \u00e4r konsekvenserna av bristande efterlevnad?<\/h3>\n<p>Svar p\u00e5 fr\u00e5gan Bristande efterlevnad kan leda till b\u00f6ter, \u00e5terkallande av produkter eller restriktioner f\u00f6r f\u00f6rs\u00e4ljning av g\u00f6dselmedel inom EU.<\/p>\n<h3>Fr\u00e5ga: \u00c4r alla markrelaterade produkter f\u00f6rem\u00e5l f\u00f6r PCN-krav?<\/h3>\n<p>Svar: Nej: Nej, produkter f\u00f6r sanering av mark som anv\u00e4nds f\u00f6r f\u00f6rorenade omr\u00e5den ing\u00e5r inte i denna kategori och kan omfattas av separata regelverk.<\/p>\n<h3>Fr\u00e5ga: Hur l\u00e5ng tid tar det? Hur l\u00e5ng tid tar det att skicka in UFI- och PCN-anm\u00e4lan?<\/h3>\n<p>Det tar oss n\u00e5gra dagars arbete. S\u00e5 snart du har laddat upp dokumentationen kommer vi att s\u00e4tta ig\u00e5ng direkt. <\/p>\n<h3>Fr\u00e5ga till mig: \u00c4r jag \u00e4gare till PCN-meddelandet?<\/h3>\n<p>Ja, du \u00e4r \u00e4gare till PCN-meddelandet. Du beh\u00e5ller full \u00e4gander\u00e4tt till de uppgifter du l\u00e4mnat.  PCN-meddelandet kommer att finnas tillg\u00e4ngligt p\u00e5 ditt ECHA-konto.<\/p>\n<h3>Fr\u00e5ga: Vad \u00e4r det? G\u00e4ller denna tj\u00e4nst en eller flera produkter?<\/h3>\n<p>Tj\u00e4nsten g\u00e4ller f\u00f6r en produkt.<\/p>\n<h3>Fr\u00e5ga: Varf\u00f6r m\u00e5ste jag betala f\u00f6r att skapa en UFI? Varf\u00f6r m\u00e5ste jag betala f\u00f6r att skapa en UFI?<\/h3>\n<p>Den tj\u00e4nst vi erbjuder handlar inte bara om att tillhandah\u00e5lla en UFI. UFI:n \u00e4r en komponent i en mycket mer omfattande process.  Den viktigaste tj\u00e4nsten vi tillhandah\u00e5ller \u00e4r att f\u00f6rbereda och skicka in din giftinformationscentral (PCN) till nationella utsedda organ via ECHA-portalen, vilket \u00e4r ett obligatoriskt krav enligt EU:s CLP-f\u00f6rordning f\u00f6r att f\u00e5 sl\u00e4ppa ut farliga blandningar p\u00e5 marknaden. Att generera en UFI \u00e4r den enklaste delen.  PCN-rapporten \u00e4r dock komplicerad. Den kr\u00e4ver detaljerad granskning av ingredienser &#8211; kemiska klassificeringar &#8211; i exakt format f\u00f6r inl\u00e4mning till Giftinformationscentralen via ECHA. <\/p>\n<h3>Fr\u00e5ga: Mitt f\u00f6retag \u00e4r inte baserat i EU: Mitt f\u00f6retag \u00e4r inte baserat i EU, hur kan jag skicka in en PCN?<\/h3>\n<p>Vi erbjuder en l\u00f6sning f\u00f6r f\u00f6retag som inte \u00e4r baserade i EU. Du hittar mer information p\u00e5 sidan <a href=\"https:\/\/www.ufi.eu\/sv\/pcn\/utanfor-eu\/pcn-ufi-for-foretag-utanfor-eu\/\" target=\"_blank\" rel=\"noopener\">PCN &amp; UFI f\u00f6r f\u00f6retag utanf\u00f6r EU.<\/a>  <\/p>\n<h3>Fr\u00e5ga: Kan ni tillhandah\u00e5lla Kan ni tillhandah\u00e5lla s\u00e4kerhetsdatablad i full \u00f6verensst\u00e4mmelse med EU-f\u00f6rordningen (REACH &amp; CLP)?<\/h3>\n<p>Ja, vi kan <a href=\"https:\/\/www.ufi.eu\/sv\/pcn\/sakerhetsdatablad\/tjanst-for-skapande-av-sakerhetsdatablad-msds-sds\/\" target=\"_blank\"><strong>skapa s\u00e4kerhetsdatablad (SDS)<\/strong><\/a>&#8211; \u00e4ven kallat s\u00e4kerhetsdatablad <strong>(MSDS)<\/strong>&#8211; skr\u00e4ddarsydda f\u00f6r din produkt och i enlighet med de senaste EU-f\u00f6rordningarna. Oavsett om du tillverkar kemiska blandningar, importerar produkter till EU eller distribuerar dem under eget varum\u00e4rke \u00e4r ett s\u00e4kerhetsdatablad som uppfyller kraven ett lagstadgat krav och avg\u00f6rande f\u00f6r s\u00e4ker anv\u00e4ndning i hela leveranskedjan. Du hittar mer information p\u00e5 sidan om <a href=\"https:\/\/www.ufi.eu\/sv\/pcn\/sakerhetsdatablad\/tjanst-for-skapande-av-sakerhetsdatablad-msds-sds\/\" target=\"_blank\">tj\u00e4nsten f\u00f6r skapande av s\u00e4kerhetsdatablad (MSDS\/SDS)<\/a>.  <\/p>\n","protected":false},"excerpt":{"rendered":"<p>Hur fungerar tj\u00e4nsten f\u00f6r skapande av UFI och PCN-meddelande? N\u00e4r du har k\u00f6pt den h\u00e4r tj\u00e4nsten f\u00e5r du tillg\u00e5ng till den s\u00e4kra portalen. I denna portal finns en \u00f6versikt \u00f6ver alla steg. Du fyller i dina produktuppgifter s\u00e5 s\u00e4tter vi ig\u00e5ng. Anm\u00e4lan till giftinformationscentral och UFI Vi kommer att tillhandah\u00e5lla: Din produkts unika formelidentifierare (UFI) [&hellip;]<\/p>\n","protected":false},"featured_media":21998,"template":"","meta":[],"product_brand":[],"product_cat":[1067],"product_tag":[],"class_list":{"0":"post-21997","1":"product","2":"type-product","3":"status-publish","4":"has-post-thumbnail","6":"product_cat-godselmedel-och-godslingsprodukter","8":"first","9":"instock","10":"virtual","11":"taxable","12":"purchasable","13":"product-type-bundle"},"bundled_by":[],"bundle_stock_status":"instock","bundle_stock_quantity":"","bundle_virtual":false,"bundle_layout":"default","bundle_add_to_cart_form_location":"default","bundle_editable_in_cart":false,"bundle_sold_individually_context":"product","bundle_item_grouping":"parent","bundle_min_size":"","bundle_max_size":"","bundle_price":{"price":{"min":{"incl_tax":"121","excl_tax":"100"},"max":{"incl_tax":"","excl_tax":""}},"regular_price":{"min":{"incl_tax":"121","excl_tax":"100"},"max":{"incl_tax":"","excl_tax":""}}},"bundled_items":[{"bundled_item_id":10728,"product_id":12584,"menu_order":0,"quantity_min":1,"quantity_max":1,"quantity_default":1,"priced_individually":true,"shipped_individually":false,"override_title":false,"title":null,"override_description":false,"description":null,"optional":false,"hide_thumbnail":false,"discount":"","override_variations":false,"allowed_variations":[""],"override_default_variation_attributes":false,"default_variation_attributes":[],"single_product_visibility":"visible","cart_visibility":"visible","order_visibility":"visible","single_product_price_visibility":"visible","cart_price_visibility":"visible","order_price_visibility":"visible","stock_status":"in_stock"},{"bundled_item_id":10729,"product_id":12585,"menu_order":1,"quantity_min":1,"quantity_max":"","quantity_default":1,"priced_individually":true,"shipped_individually":false,"override_title":false,"title":null,"override_description":false,"description":null,"optional":false,"hide_thumbnail":false,"discount":"","override_variations":false,"allowed_variations":[""],"override_default_variation_attributes":false,"default_variation_attributes":[],"single_product_visibility":"visible","cart_visibility":"visible","order_visibility":"visible","single_product_price_visibility":"visible","cart_price_visibility":"visible","order_price_visibility":"visible","stock_status":"in_stock"}],"bundle_sell_ids":[],"yoast_head":"<!-- This site is optimized with the Yoast SEO Premium plugin v25.1 (Yoast SEO v25.1) - https:\/\/yoast.com\/wordpress\/plugins\/seo\/ -->\n<title>PCN &amp; UFI f\u00f6r v\u00e4xtg\u00f6dselmedel - UFI<\/title>\n<meta name=\"description\" content=\"F\u00e5 ett PCN och UFI f\u00f6r v\u00e4xtg\u00f6dselmedel, inklusive blandningar med inhibitorer eller kelatbildande medel. S\u00e4kerst\u00e4ll efterlevnad av EU:s giftinformationscentral med v\u00e5r snabba och p\u00e5litliga tj\u00e4nst!\" \/>\n<meta name=\"robots\" content=\"index, follow, max-snippet:-1, max-image-preview:large, max-video-preview:-1\" \/>\n<link rel=\"canonical\" href=\"https:\/\/www.ufi.eu\/sv\/product\/pcn-ufi-for-vaxtgodselmedel\/\" \/>\n<meta property=\"og:locale\" content=\"sv_SE\" \/>\n<meta property=\"og:type\" content=\"article\" \/>\n<meta property=\"og:title\" content=\"PCN &amp; UFI f\u00f6r v\u00e4xtg\u00f6dselmedel\" \/>\n<meta property=\"og:description\" content=\"F\u00e5 ett PCN och UFI f\u00f6r v\u00e4xtg\u00f6dselmedel, inklusive blandningar med inhibitorer eller kelatbildande medel. S\u00e4kerst\u00e4ll efterlevnad av EU:s giftinformationscentral med v\u00e5r snabba och p\u00e5litliga tj\u00e4nst!\" \/>\n<meta property=\"og:url\" content=\"https:\/\/www.ufi.eu\/sv\/product\/pcn-ufi-for-vaxtgodselmedel\/\" \/>\n<meta property=\"og:site_name\" content=\"UFI\" \/>\n<meta property=\"og:image\" content=\"https:\/\/www.ufi.eu\/wp-content\/uploads\/2025\/03\/PC-FER-1.jpg\" \/>\n\t<meta property=\"og:image:width\" content=\"1024\" \/>\n\t<meta property=\"og:image:height\" content=\"1024\" \/>\n\t<meta property=\"og:image:type\" content=\"image\/jpeg\" \/>\n<meta name=\"twitter:card\" content=\"summary_large_image\" \/>\n<meta name=\"twitter:label1\" content=\"Pris\" \/>\n\t<meta name=\"twitter:data1\" content=\"&euro;0.00\" \/>\n\t<meta name=\"twitter:label2\" content=\"Tillg\u00e4nglig\" \/>\n\t<meta name=\"twitter:data2\" content=\"I lager\" \/>\n<script type=\"application\/ld+json\" class=\"yoast-schema-graph\">{\"@context\":\"https:\/\/schema.org\",\"@graph\":[{\"@type\":\"WebPage\",\"@id\":\"https:\/\/www.ufi.eu\/sv\/product\/pcn-ufi-for-vaxtgodselmedel\/\",\"url\":\"https:\/\/www.ufi.eu\/sv\/product\/pcn-ufi-for-vaxtgodselmedel\/\",\"name\":\"PCN &amp; UFI f\u00f6r v\u00e4xtg\u00f6dselmedel - UFI\",\"isPartOf\":{\"@id\":\"https:\/\/www.ufi.eu\/sv\/#website\"},\"primaryImageOfPage\":{\"@id\":\"https:\/\/www.ufi.eu\/sv\/product\/pcn-ufi-for-vaxtgodselmedel\/#primaryimage\"},\"image\":{\"@id\":\"https:\/\/www.ufi.eu\/sv\/product\/pcn-ufi-for-vaxtgodselmedel\/#primaryimage\"},\"thumbnailUrl\":\"https:\/\/www.ufi.eu\/wp-content\/uploads\/2025\/03\/PC-FER-1.jpg\",\"datePublished\":\"2025-04-17T10:33:40+00:00\",\"description\":\"F\u00e5 ett PCN och UFI f\u00f6r v\u00e4xtg\u00f6dselmedel, inklusive blandningar med inhibitorer eller kelatbildande medel. S\u00e4kerst\u00e4ll efterlevnad av EU:s giftinformationscentral med v\u00e5r snabba och p\u00e5litliga tj\u00e4nst!\",\"breadcrumb\":{\"@id\":\"https:\/\/www.ufi.eu\/sv\/product\/pcn-ufi-for-vaxtgodselmedel\/#breadcrumb\"},\"inLanguage\":\"sv-SE\",\"potentialAction\":[{\"@type\":\"ReadAction\",\"target\":[\"https:\/\/www.ufi.eu\/sv\/product\/pcn-ufi-for-vaxtgodselmedel\/\"]}]},{\"@type\":\"ImageObject\",\"inLanguage\":\"sv-SE\",\"@id\":\"https:\/\/www.ufi.eu\/sv\/product\/pcn-ufi-for-vaxtgodselmedel\/#primaryimage\",\"url\":\"https:\/\/www.ufi.eu\/wp-content\/uploads\/2025\/03\/PC-FER-1.jpg\",\"contentUrl\":\"https:\/\/www.ufi.eu\/wp-content\/uploads\/2025\/03\/PC-FER-1.jpg\",\"width\":1024,\"height\":1024},{\"@type\":\"BreadcrumbList\",\"@id\":\"https:\/\/www.ufi.eu\/sv\/product\/pcn-ufi-for-vaxtgodselmedel\/#breadcrumb\",\"itemListElement\":[{\"@type\":\"ListItem\",\"position\":1,\"name\":\"Home\",\"item\":\"https:\/\/www.ufi.eu\/sv\/hem\/\"},{\"@type\":\"ListItem\",\"position\":2,\"name\":\"Butik\",\"item\":\"https:\/\/www.ufi.eu\/sv\/butik\/\"},{\"@type\":\"ListItem\",\"position\":3,\"name\":\"PCN &amp; UFI f\u00f6r v\u00e4xtg\u00f6dselmedel\"}]},{\"@type\":\"WebSite\",\"@id\":\"https:\/\/www.ufi.eu\/sv\/#website\",\"url\":\"https:\/\/www.ufi.eu\/sv\/\",\"name\":\"UFI.EU\",\"description\":\"Poison Centre Notifications (PCN) and UFI\",\"publisher\":{\"@id\":\"https:\/\/www.ufi.eu\/sv\/#organization\"},\"potentialAction\":[{\"@type\":\"SearchAction\",\"target\":{\"@type\":\"EntryPoint\",\"urlTemplate\":\"https:\/\/www.ufi.eu\/sv\/?s={search_term_string}\"},\"query-input\":{\"@type\":\"PropertyValueSpecification\",\"valueRequired\":true,\"valueName\":\"search_term_string\"}}],\"inLanguage\":\"sv-SE\"},{\"@type\":\"Organization\",\"@id\":\"https:\/\/www.ufi.eu\/sv\/#organization\",\"name\":\"UFI.EU\",\"url\":\"https:\/\/www.ufi.eu\/sv\/\",\"logo\":{\"@type\":\"ImageObject\",\"inLanguage\":\"sv-SE\",\"@id\":\"https:\/\/www.ufi.eu\/sv\/#\/schema\/logo\/image\/\",\"url\":\"https:\/\/www.ufi.eu\/wp-content\/uploads\/2025\/03\/cropped-logo_ufi3.jpg\",\"contentUrl\":\"https:\/\/www.ufi.eu\/wp-content\/uploads\/2025\/03\/cropped-logo_ufi3.jpg\",\"width\":231,\"height\":78,\"caption\":\"UFI.EU\"},\"image\":{\"@id\":\"https:\/\/www.ufi.eu\/sv\/#\/schema\/logo\/image\/\"},\"description\":\"UFI.eu specializes in digital registrations for Poison Centre Notifications (PCN), ensuring your chemical products meet EU regulatory requirements effortlessly. Our streamlined solutions help businesses stay compliant while reducing complexity and administrative burden.\",\"email\":\"info@ufi.eu\",\"legalName\":\"UFI.EU\"}]}<\/script>\n<meta property=\"product:price:amount\" content=\"0.00\" \/>\n<meta property=\"product:price:currency\" content=\"EUR\" \/>\n<meta property=\"og:availability\" content=\"instock\" \/>\n<meta property=\"product:availability\" content=\"instock\" \/>\n<meta property=\"product:retailer_item_id\" content=\"PC-FER-1\" \/>\n<meta property=\"product:condition\" content=\"new\" \/>\n<!-- \/ Yoast SEO Premium plugin. -->","yoast_head_json":{"title":"PCN &amp; UFI f\u00f6r v\u00e4xtg\u00f6dselmedel - UFI","description":"F\u00e5 ett PCN och UFI f\u00f6r v\u00e4xtg\u00f6dselmedel, inklusive blandningar med inhibitorer eller kelatbildande medel. S\u00e4kerst\u00e4ll efterlevnad av EU:s giftinformationscentral med v\u00e5r snabba och p\u00e5litliga tj\u00e4nst!","robots":{"index":"index","follow":"follow","max-snippet":"max-snippet:-1","max-image-preview":"max-image-preview:large","max-video-preview":"max-video-preview:-1"},"canonical":"https:\/\/www.ufi.eu\/sv\/product\/pcn-ufi-for-vaxtgodselmedel\/","og_locale":"sv_SE","og_type":"article","og_title":"PCN &amp; UFI f\u00f6r v\u00e4xtg\u00f6dselmedel","og_description":"F\u00e5 ett PCN och UFI f\u00f6r v\u00e4xtg\u00f6dselmedel, inklusive blandningar med inhibitorer eller kelatbildande medel. S\u00e4kerst\u00e4ll efterlevnad av EU:s giftinformationscentral med v\u00e5r snabba och p\u00e5litliga tj\u00e4nst!","og_url":"https:\/\/www.ufi.eu\/sv\/product\/pcn-ufi-for-vaxtgodselmedel\/","og_site_name":"UFI","og_image":[{"width":1024,"height":1024,"url":"https:\/\/www.ufi.eu\/wp-content\/uploads\/2025\/03\/PC-FER-1.jpg","type":"image\/jpeg"}],"twitter_card":"summary_large_image","twitter_misc":{"Pris":"&euro;0.00","Tillg\u00e4nglig":"I lager"},"schema":{"@context":"https:\/\/schema.org","@graph":[{"@type":"WebPage","@id":"https:\/\/www.ufi.eu\/sv\/product\/pcn-ufi-for-vaxtgodselmedel\/","url":"https:\/\/www.ufi.eu\/sv\/product\/pcn-ufi-for-vaxtgodselmedel\/","name":"PCN &amp; UFI f\u00f6r v\u00e4xtg\u00f6dselmedel - UFI","isPartOf":{"@id":"https:\/\/www.ufi.eu\/sv\/#website"},"primaryImageOfPage":{"@id":"https:\/\/www.ufi.eu\/sv\/product\/pcn-ufi-for-vaxtgodselmedel\/#primaryimage"},"image":{"@id":"https:\/\/www.ufi.eu\/sv\/product\/pcn-ufi-for-vaxtgodselmedel\/#primaryimage"},"thumbnailUrl":"https:\/\/www.ufi.eu\/wp-content\/uploads\/2025\/03\/PC-FER-1.jpg","datePublished":"2025-04-17T10:33:40+00:00","description":"F\u00e5 ett PCN och UFI f\u00f6r v\u00e4xtg\u00f6dselmedel, inklusive blandningar med inhibitorer eller kelatbildande medel. S\u00e4kerst\u00e4ll efterlevnad av EU:s giftinformationscentral med v\u00e5r snabba och p\u00e5litliga tj\u00e4nst!","breadcrumb":{"@id":"https:\/\/www.ufi.eu\/sv\/product\/pcn-ufi-for-vaxtgodselmedel\/#breadcrumb"},"inLanguage":"sv-SE","potentialAction":[{"@type":"ReadAction","target":["https:\/\/www.ufi.eu\/sv\/product\/pcn-ufi-for-vaxtgodselmedel\/"]}]},{"@type":"ImageObject","inLanguage":"sv-SE","@id":"https:\/\/www.ufi.eu\/sv\/product\/pcn-ufi-for-vaxtgodselmedel\/#primaryimage","url":"https:\/\/www.ufi.eu\/wp-content\/uploads\/2025\/03\/PC-FER-1.jpg","contentUrl":"https:\/\/www.ufi.eu\/wp-content\/uploads\/2025\/03\/PC-FER-1.jpg","width":1024,"height":1024},{"@type":"BreadcrumbList","@id":"https:\/\/www.ufi.eu\/sv\/product\/pcn-ufi-for-vaxtgodselmedel\/#breadcrumb","itemListElement":[{"@type":"ListItem","position":1,"name":"Home","item":"https:\/\/www.ufi.eu\/sv\/hem\/"},{"@type":"ListItem","position":2,"name":"Butik","item":"https:\/\/www.ufi.eu\/sv\/butik\/"},{"@type":"ListItem","position":3,"name":"PCN &amp; UFI f\u00f6r v\u00e4xtg\u00f6dselmedel"}]},{"@type":"WebSite","@id":"https:\/\/www.ufi.eu\/sv\/#website","url":"https:\/\/www.ufi.eu\/sv\/","name":"UFI.EU","description":"Poison Centre Notifications (PCN) and UFI","publisher":{"@id":"https:\/\/www.ufi.eu\/sv\/#organization"},"potentialAction":[{"@type":"SearchAction","target":{"@type":"EntryPoint","urlTemplate":"https:\/\/www.ufi.eu\/sv\/?s={search_term_string}"},"query-input":{"@type":"PropertyValueSpecification","valueRequired":true,"valueName":"search_term_string"}}],"inLanguage":"sv-SE"},{"@type":"Organization","@id":"https:\/\/www.ufi.eu\/sv\/#organization","name":"UFI.EU","url":"https:\/\/www.ufi.eu\/sv\/","logo":{"@type":"ImageObject","inLanguage":"sv-SE","@id":"https:\/\/www.ufi.eu\/sv\/#\/schema\/logo\/image\/","url":"https:\/\/www.ufi.eu\/wp-content\/uploads\/2025\/03\/cropped-logo_ufi3.jpg","contentUrl":"https:\/\/www.ufi.eu\/wp-content\/uploads\/2025\/03\/cropped-logo_ufi3.jpg","width":231,"height":78,"caption":"UFI.EU"},"image":{"@id":"https:\/\/www.ufi.eu\/sv\/#\/schema\/logo\/image\/"},"description":"UFI.eu specializes in digital registrations for Poison Centre Notifications (PCN), ensuring your chemical products meet EU regulatory requirements effortlessly. Our streamlined solutions help businesses stay compliant while reducing complexity and administrative burden.","email":"info@ufi.eu","legalName":"UFI.EU"}]},"product_price_amount":"0.00","product_price_currency":"EUR","og_availability":"instock","product_availability":"instock","product_retailer_item_id":"PC-FER-1","product_condition":"new"},"_links":{"self":[{"href":"https:\/\/www.ufi.eu\/sv\/wp-json\/wp\/v2\/product\/21997","targetHints":{"allow":["GET"]}}],"collection":[{"href":"https:\/\/www.ufi.eu\/sv\/wp-json\/wp\/v2\/product"}],"about":[{"href":"https:\/\/www.ufi.eu\/sv\/wp-json\/wp\/v2\/types\/product"}],"wp:featuredmedia":[{"embeddable":true,"href":"https:\/\/www.ufi.eu\/sv\/wp-json\/wp\/v2\/media\/21998"}],"wp:attachment":[{"href":"https:\/\/www.ufi.eu\/sv\/wp-json\/wp\/v2\/media?parent=21997"}],"wp:term":[{"taxonomy":"product_brand","embeddable":true,"href":"https:\/\/www.ufi.eu\/sv\/wp-json\/wp\/v2\/product_brand?post=21997"},{"taxonomy":"product_cat","embeddable":true,"href":"https:\/\/www.ufi.eu\/sv\/wp-json\/wp\/v2\/product_cat?post=21997"},{"taxonomy":"product_tag","embeddable":true,"href":"https:\/\/www.ufi.eu\/sv\/wp-json\/wp\/v2\/product_tag?post=21997"}],"curies":[{"name":"wp","href":"https:\/\/api.w.org\/{rel}","templated":true}]}}