{"id":13349,"date":"2025-03-03T16:34:04","date_gmt":"2025-04-15T21:28:31","guid":{"rendered":"https:\/\/www.ufi.eu\/pcn\/okategoriserad\/pcn-ufi-for-lim-hem-skola-och-kontor\/"},"modified":"2025-04-15T21:28:31","modified_gmt":"2025-04-15T21:28:31","slug":"pcn-ufi-for-lim-hem-skola-och-kontor","status":"publish","type":"product","link":"https:\/\/www.ufi.eu\/sv\/product\/pcn-ufi-for-lim-hem-skola-och-kontor\/","title":{"rendered":"PCN &amp; UFI f\u00f6r lim &#8211; hem, skola och kontor"},"content":{"rendered":"<h2>Registrering av lim och t\u00e4tningsmedel f\u00f6r hush\u00e5lls-, kontors- eller skolbruk<\/h2>\n<p>Registrering av lim och t\u00e4tningsmedel f\u00f6r hush\u00e5lls-, kontors- eller skolbruk \u00e4r avg\u00f6rande f\u00f6r att s\u00e4kerst\u00e4lla \u00f6verensst\u00e4mmelse med regleringsstandarder f\u00f6r s\u00e4kerhet, m\u00e4rkning och konsumentskydd. Dessa produkter, inklusive hobbylim, universallim, limstift, snabblim, tr\u00e4lim, kontaktlim och limspray, anv\u00e4nds ofta i vardagsmilj\u00f6er som hem, skolor och kontor. Korrekt registrering s\u00e4kerst\u00e4ller att dessa produkter uppfyller n\u00f6dv\u00e4ndiga s\u00e4kerhetsstandarder, har tydlig m\u00e4rkning med faroinformation och ger instruktioner om s\u00e4ker anv\u00e4ndning f\u00f6r att skydda konsumenterna fr\u00e5n potentiella h\u00e4lsorisker.  <\/p>\n<h3>Vad \u00e4r en UFI?<\/h3>\n<p>En UFI (Unique Formula Identifier) \u00e4r en kod som identifierar den specifika kemiska sammans\u00e4ttningen hos en produkt. Den m\u00e5ste anges p\u00e5 produktetiketten och \u00e4r lagstadgad som en del av Giftinformationscentralens meddelande (PCN). UFI hj\u00e4lper r\u00e4ddningspersonal att snabbt identifiera produkten och bed\u00f6ma risken vid incidenter med kemisk exponering eller f\u00f6rgiftning.  <\/p>\n<h3>Vad \u00e4r en PCN?<\/h3>\n<p>Ett PCN (Poison Centre Notification) \u00e4r ett lagstadgat krav f\u00f6r tillverkare och distribut\u00f6rer av farliga produkter att meddela EU:s giftinformationscentral om produkternas sammans\u00e4ttning och potentiella faror. F\u00f6r lim och t\u00e4tningsmedel s\u00e4kerst\u00e4ller PCN att produktens kemiska ingredienser, faroklassificeringar och instruktioner f\u00f6r s\u00e4ker anv\u00e4ndning finns tillg\u00e4ngliga f\u00f6r v\u00e5rdgivare och r\u00e4ddningspersonal i h\u00e4ndelse av exponering eller f\u00f6rgiftning. <\/p>\n<h3>Vad \u00e4r CLP?<\/h3>\n<p>CLP (Classification, Labelling, and Packaging) \u00e4r en EU-f\u00f6rordning som klassificerar kemikalier utifr\u00e5n deras faror och s\u00e4kerst\u00e4ller att de \u00e4r m\u00e4rkta med l\u00e4mpliga s\u00e4kerhetsvarningar och farosymboler. F\u00f6r lim och t\u00e4tningsmedel f\u00f6reskriver CLP-f\u00f6rordningen att produktetiketten ska inneh\u00e5lla tydlig information om potentiella faror som hudirritation, toxicitet eller brandfarlighet. Detta hj\u00e4lper anv\u00e4ndarna att hantera produkterna p\u00e5 ett s\u00e4kert s\u00e4tt och minskar risken f\u00f6r olyckor.  <\/p>\n<h3>Vad \u00e4r EU:s giftinformationscentral?<\/h3>\n<p>EU:s giftinformationscentral \u00e4r ett centralt organ som hanterar uppgifter om farliga produkter i hela EU. Det spelar en avg\u00f6rande roll f\u00f6r att garantera s\u00e4kerheten genom att f\u00f6rse r\u00e4ddningspersonal med viktig information vid exponeringsincidenter. Tillverkarna m\u00e5ste meddela Giftinformationscentralen om sina farliga produkter f\u00f6r att s\u00e4kerst\u00e4lla att dessa viktiga uppgifter finns tillg\u00e4ngliga n\u00e4r de beh\u00f6vs.  <\/p>\n<h3>Varf\u00f6r beh\u00f6vs detta?<\/h3>\n<p>Genom att registrera lim och t\u00e4tningsmedel f\u00f6r hush\u00e5lls-, kontors- eller skolbruk hos Giftinformationscentralen s\u00e4kerst\u00e4lls att produkterna \u00e4r s\u00e4kra f\u00f6r konsumenterna och att de klassificeras korrekt utifr\u00e5n sina faror. Det ger r\u00e4ddningspersonalen de uppgifter som beh\u00f6vs f\u00f6r att hantera exponeringsincidenter p\u00e5 ett effektivt s\u00e4tt. Eftersom lim och t\u00e4tningsmedel kan utg\u00f6ra h\u00e4lsorisker om de inte hanteras p\u00e5 r\u00e4tt s\u00e4tt \u00e4r det viktigt att f\u00f6lja reglerna f\u00f6r att minimera olyckor och skydda anv\u00e4ndarna fr\u00e5n potentiell skada.  <\/p>\n<h3>Sedan n\u00e4r \u00e4r det juridiskt obligatoriskt?<\/h3>\n<p>Den r\u00e4ttsliga skyldigheten att l\u00e4mna in ett PCN f\u00f6r farliga produkter, inklusive lim och t\u00e4tningsmedel, blev obligatorisk den 1 januari 2021. Fr\u00e5n och med detta datum m\u00e5ste alla tillverkare och distribut\u00f6rer se till att deras produkter uppfyller EU:s s\u00e4kerhetsstandarder och l\u00e4mna in den information som kr\u00e4vs till EU:s giftinformationscentral innan de sl\u00e4pps ut p\u00e5 marknaden. <\/p>\n<h2>VANLIGA FR\u00c5GOR<\/h2>\n<h3>Fr\u00e5ga: Vad \u00e4r en UFI? Vad \u00e4r en UFI och varf\u00f6r beh\u00f6ver jag en s\u00e5dan f\u00f6r min produkt?<\/h3>\n<p>Svar p\u00e5 fr\u00e5gan: En UFI (Unique Formula Identifier) \u00e4r en kod som p\u00e5 ett unikt s\u00e4tt identifierar den kemiska sammans\u00e4ttningen av din produkt. Den \u00e4r lagstadgad och m\u00e5ste finnas med p\u00e5 produktens etikett. UFI g\u00f6r det m\u00f6jligt f\u00f6r r\u00e4ddningspersonal att snabbt f\u00e5 tillg\u00e5ng till kritisk s\u00e4kerhetsinformation i h\u00e4ndelse av en exponerings- eller f\u00f6rgiftningsincident.  <\/p>\n<h3>Fr\u00e5ga: Vad inneb\u00e4r en PCN? Vad inneb\u00e4r en PCN f\u00f6r lim och t\u00e4tningsmedel?<\/h3>\n<p>Svar p\u00e5 fr\u00e5gan: En PCN (Poison Centre Notification) inneb\u00e4r att du meddelar EU:s giftinformationscentral om ingredienserna i och farorna med din produkt. Detta g\u00f6r att r\u00e4ddningspersonalen f\u00e5r tillg\u00e5ng till detaljerad s\u00e4kerhetsinformation om produkten, vilket hj\u00e4lper dem att reagera effektivt p\u00e5 incidenter med kemisk exponering eller f\u00f6rgiftning. <\/p>\n<h3>Fr\u00e5ga: Vad \u00e4r CLP? Vad \u00e4r CLP och hur till\u00e4mpas det p\u00e5 lim och t\u00e4tningsmedel?<\/h3>\n<p>Svar p\u00e5 fr\u00e5gan CLP (Classification, Labelling, and Packaging) \u00e4r en EU-f\u00f6rordning som klassificerar kemiska produkter baserat p\u00e5 deras faror och kr\u00e4ver tydlig m\u00e4rkning med faropiktogram, signalord och s\u00e4kerhetsinstruktioner. Lim och t\u00e4tningsmedel m\u00e5ste uppfylla CLP f\u00f6r att s\u00e4kerst\u00e4lla att anv\u00e4ndarna informeras om potentiella risker och kan hantera produkterna p\u00e5 ett s\u00e4kert s\u00e4tt. <\/p>\n<h3>Fr\u00e5ga: Vilken roll spelar Vilken roll spelar EU:s giftinformationscentral f\u00f6r s\u00e4kerheten?<\/h3>\n<p>Svar p\u00e5 fr\u00e5gan EU:s giftinformationscentral samlar in och bearbetar s\u00e4kerhetsdata om farliga produkter. Det ger viktig information till v\u00e5rdgivare och r\u00e4ddningspersonal vid exponeringsincidenter, vilket s\u00e4kerst\u00e4ller att de effektivt kan hantera potentiella f\u00f6rgiftningar eller h\u00e4lsorisker relaterade till kemiska produkter. <\/p>\n<h3>Fr\u00e5ga: Varf\u00f6r? Varf\u00f6r \u00e4r det n\u00f6dv\u00e4ndigt att registrera lim och t\u00e4tningsmedel f\u00f6r hush\u00e5lls-, kontors- eller skolbruk?<\/h3>\n<p>Svar: Ja: Registreringen s\u00e4kerst\u00e4ller att lim och t\u00e4tningsmedel uppfyller s\u00e4kerhetsstandarder och \u00e4r korrekt klassificerade f\u00f6r anv\u00e4ndning i vardagliga milj\u00f6er. Det ger n\u00f6dv\u00e4ndig information f\u00f6r att garantera konsumenternas s\u00e4kerhet och m\u00f6jligg\u00f6r snabba och korrekta svar vid exponering eller f\u00f6rgiftning. <\/p>\n<h3>Fr\u00e5ga: Sedan n\u00e4r \u00e4r Sedan n\u00e4r har kravet p\u00e5 PCN-meddelanden varit obligatoriskt?<\/h3>\n<p>Svar p\u00e5 fr\u00e5gan: Kravet p\u00e5 PCN-meddelanden blev obligatoriskt den 1 januari 2021. Alla tillverkare och distribut\u00f6rer av farliga produkter, inklusive lim och t\u00e4tningsmedel, m\u00e5ste se till att dessa best\u00e4mmelser f\u00f6ljs innan de sl\u00e4pper ut sina produkter p\u00e5 EU-marknaden. <\/p>\n","protected":false},"excerpt":{"rendered":"<p>Registrering av lim och t\u00e4tningsmedel f\u00f6r hush\u00e5lls-, kontors- eller skolbruk Registrering av lim och t\u00e4tningsmedel f\u00f6r hush\u00e5lls-, kontors- eller skolbruk \u00e4r avg\u00f6rande f\u00f6r att s\u00e4kerst\u00e4lla \u00f6verensst\u00e4mmelse med regleringsstandarder f\u00f6r s\u00e4kerhet, m\u00e4rkning och konsumentskydd. Dessa produkter, inklusive hobbylim, universallim, limstift, snabblim, tr\u00e4lim, kontaktlim och limspray, anv\u00e4nds ofta i vardagsmilj\u00f6er som hem, skolor och kontor. Korrekt registrering [&hellip;]<\/p>\n","protected":false},"featured_media":13350,"template":"","meta":[],"product_brand":[],"product_cat":[524],"product_tag":[],"class_list":{"0":"post-13349","1":"product","2":"type-product","3":"status-publish","4":"has-post-thumbnail","6":"product_cat-lim-och-tatningsmedel","8":"first","9":"instock","10":"virtual","11":"taxable","12":"purchasable","13":"product-type-bundle"},"bundled_by":[],"bundle_stock_status":"instock","bundle_stock_quantity":"","bundle_virtual":false,"bundle_layout":"default","bundle_add_to_cart_form_location":"default","bundle_editable_in_cart":false,"bundle_sold_individually_context":"product","bundle_item_grouping":"parent","bundle_min_size":"","bundle_max_size":"","bundle_price":{"price":{"min":{"incl_tax":"121","excl_tax":"100"},"max":{"incl_tax":"","excl_tax":""}},"regular_price":{"min":{"incl_tax":"121","excl_tax":"100"},"max":{"incl_tax":"","excl_tax":""}}},"bundled_items":[{"bundled_item_id":1972,"product_id":12584,"menu_order":0,"quantity_min":1,"quantity_max":1,"quantity_default":1,"priced_individually":true,"shipped_individually":true,"override_title":false,"title":"Anm\u00e4lan till giftinformationscentral och UFI","override_description":false,"description":"Anm\u00e4lan till giftinformationscentral och UFI","optional":false,"hide_thumbnail":false,"discount":"","override_variations":false,"allowed_variations":[""],"override_default_variation_attributes":false,"default_variation_attributes":[],"single_product_visibility":"visible","cart_visibility":"visible","order_visibility":"visible","single_product_price_visibility":"visible","cart_price_visibility":"visible","order_price_visibility":"visible","stock_status":"in_stock"},{"bundled_item_id":1973,"product_id":12585,"menu_order":1,"quantity_min":1,"quantity_max":"","quantity_default":1,"priced_individually":true,"shipped_individually":true,"override_title":false,"title":"L\u00e4nder f\u00f6r PCN-registrering","override_description":false,"description":"L\u00e4nder f\u00f6r PCN-registrering","optional":false,"hide_thumbnail":false,"discount":"","override_variations":false,"allowed_variations":[""],"override_default_variation_attributes":false,"default_variation_attributes":[],"single_product_visibility":"visible","cart_visibility":"visible","order_visibility":"visible","single_product_price_visibility":"visible","cart_price_visibility":"visible","order_price_visibility":"visible","stock_status":"in_stock"},{"bundled_item_id":12970,"product_id":12492,"menu_order":2,"quantity_min":0,"quantity_max":1,"quantity_default":1,"priced_individually":true,"shipped_individually":true,"override_title":false,"title":"Skapande av s\u00e4kerhetsdatablad","override_description":false,"description":"Skapande av s\u00e4kerhetsdatablad","optional":false,"hide_thumbnail":false,"discount":"","override_variations":false,"allowed_variations":[""],"override_default_variation_attributes":false,"default_variation_attributes":[],"single_product_visibility":"visible","cart_visibility":"visible","order_visibility":"visible","single_product_price_visibility":"visible","cart_price_visibility":"visible","order_price_visibility":"visible","stock_status":"in_stock"},{"bundled_item_id":12971,"product_id":12503,"menu_order":3,"quantity_min":0,"quantity_max":"","quantity_default":1,"priced_individually":true,"shipped_individually":false,"override_title":false,"title":"\u00d6vers\u00e4ttning av s\u00e4kerhetsdatablad","override_description":false,"description":"\u00d6vers\u00e4ttning av s\u00e4kerhetsdatablad","optional":false,"hide_thumbnail":false,"discount":"","override_variations":false,"allowed_variations":[""],"override_default_variation_attributes":false,"default_variation_attributes":[],"single_product_visibility":"visible","cart_visibility":"visible","order_visibility":"visible","single_product_price_visibility":"visible","cart_price_visibility":"visible","order_price_visibility":"visible","stock_status":"in_stock"}],"bundle_sell_ids":[],"yoast_head":"<!-- This site is optimized with the Yoast SEO Premium plugin v25.1 (Yoast SEO v25.1) - https:\/\/yoast.com\/wordpress\/plugins\/seo\/ -->\n<title>PCN &amp; UFI f\u00f6r lim - hem, skola och kontor - UFI<\/title>\n<meta name=\"description\" content=\"Registrering av lim och t\u00e4tningsmedel f\u00f6r hush\u00e5lls-, kontors- eller skolbruk \u00e4r avg\u00f6rande f\u00f6r att s\u00e4kerst\u00e4lla efterlevnad av lagstadgade standarder f\u00f6r s\u00e4kerhet, m\u00e4rkning och konsumentskydd.\" \/>\n<meta name=\"robots\" content=\"index, follow, max-snippet:-1, max-image-preview:large, max-video-preview:-1\" \/>\n<link rel=\"canonical\" href=\"https:\/\/www.ufi.eu\/sv\/product\/pcn-ufi-for-lim-hem-skola-och-kontor\/\" \/>\n<meta property=\"og:locale\" content=\"sv_SE\" \/>\n<meta property=\"og:type\" content=\"article\" \/>\n<meta property=\"og:title\" content=\"PCN &amp; UFI f\u00f6r lim - hem, skola och kontor\" \/>\n<meta property=\"og:description\" content=\"Registrering av lim och t\u00e4tningsmedel f\u00f6r hush\u00e5lls-, kontors- eller skolbruk \u00e4r avg\u00f6rande f\u00f6r att s\u00e4kerst\u00e4lla efterlevnad av lagstadgade standarder f\u00f6r s\u00e4kerhet, m\u00e4rkning och konsumentskydd.\" \/>\n<meta property=\"og:url\" content=\"https:\/\/www.ufi.eu\/sv\/product\/pcn-ufi-for-lim-hem-skola-och-kontor\/\" \/>\n<meta property=\"og:site_name\" content=\"UFI\" \/>\n<meta property=\"og:image\" content=\"https:\/\/www.ufi.eu\/wp-content\/uploads\/2025\/03\/PC-ADH-1.jpg\" \/>\n\t<meta property=\"og:image:width\" content=\"1024\" \/>\n\t<meta property=\"og:image:height\" content=\"1024\" \/>\n\t<meta property=\"og:image:type\" content=\"image\/jpeg\" \/>\n<meta name=\"twitter:card\" content=\"summary_large_image\" \/>\n<meta name=\"twitter:label1\" content=\"Pris\" \/>\n\t<meta name=\"twitter:data1\" content=\"&euro;0.00\" \/>\n\t<meta name=\"twitter:label2\" content=\"Tillg\u00e4nglig\" \/>\n\t<meta name=\"twitter:data2\" content=\"I lager\" \/>\n<script type=\"application\/ld+json\" class=\"yoast-schema-graph\">{\"@context\":\"https:\/\/schema.org\",\"@graph\":[{\"@type\":\"WebPage\",\"@id\":\"https:\/\/www.ufi.eu\/sv\/product\/pcn-ufi-for-lim-hem-skola-och-kontor\/\",\"url\":\"https:\/\/www.ufi.eu\/sv\/product\/pcn-ufi-for-lim-hem-skola-och-kontor\/\",\"name\":\"PCN &amp; UFI f\u00f6r lim - hem, skola och kontor - UFI\",\"isPartOf\":{\"@id\":\"https:\/\/www.ufi.eu\/sv\/#website\"},\"primaryImageOfPage\":{\"@id\":\"https:\/\/www.ufi.eu\/sv\/product\/pcn-ufi-for-lim-hem-skola-och-kontor\/#primaryimage\"},\"image\":{\"@id\":\"https:\/\/www.ufi.eu\/sv\/product\/pcn-ufi-for-lim-hem-skola-och-kontor\/#primaryimage\"},\"thumbnailUrl\":\"https:\/\/www.ufi.eu\/wp-content\/uploads\/2025\/03\/PC-ADH-1.jpg\",\"datePublished\":\"2025-04-15T21:28:31+00:00\",\"description\":\"Registrering av lim och t\u00e4tningsmedel f\u00f6r hush\u00e5lls-, kontors- eller skolbruk \u00e4r avg\u00f6rande f\u00f6r att s\u00e4kerst\u00e4lla efterlevnad av lagstadgade standarder f\u00f6r s\u00e4kerhet, m\u00e4rkning och konsumentskydd.\",\"breadcrumb\":{\"@id\":\"https:\/\/www.ufi.eu\/sv\/product\/pcn-ufi-for-lim-hem-skola-och-kontor\/#breadcrumb\"},\"inLanguage\":\"sv-SE\",\"potentialAction\":[{\"@type\":\"ReadAction\",\"target\":[\"https:\/\/www.ufi.eu\/sv\/product\/pcn-ufi-for-lim-hem-skola-och-kontor\/\"]}]},{\"@type\":\"ImageObject\",\"inLanguage\":\"sv-SE\",\"@id\":\"https:\/\/www.ufi.eu\/sv\/product\/pcn-ufi-for-lim-hem-skola-och-kontor\/#primaryimage\",\"url\":\"https:\/\/www.ufi.eu\/wp-content\/uploads\/2025\/03\/PC-ADH-1.jpg\",\"contentUrl\":\"https:\/\/www.ufi.eu\/wp-content\/uploads\/2025\/03\/PC-ADH-1.jpg\",\"width\":1024,\"height\":1024},{\"@type\":\"BreadcrumbList\",\"@id\":\"https:\/\/www.ufi.eu\/sv\/product\/pcn-ufi-for-lim-hem-skola-och-kontor\/#breadcrumb\",\"itemListElement\":[{\"@type\":\"ListItem\",\"position\":1,\"name\":\"Home\",\"item\":\"https:\/\/www.ufi.eu\/sv\/hem\/\"},{\"@type\":\"ListItem\",\"position\":2,\"name\":\"Butik\",\"item\":\"https:\/\/www.ufi.eu\/sv\/butik\/\"},{\"@type\":\"ListItem\",\"position\":3,\"name\":\"PCN &amp; UFI f\u00f6r lim &#8211; hem, skola och kontor\"}]},{\"@type\":\"WebSite\",\"@id\":\"https:\/\/www.ufi.eu\/sv\/#website\",\"url\":\"https:\/\/www.ufi.eu\/sv\/\",\"name\":\"UFI.EU\",\"description\":\"Poison Centre Notifications (PCN) and UFI\",\"publisher\":{\"@id\":\"https:\/\/www.ufi.eu\/sv\/#organization\"},\"potentialAction\":[{\"@type\":\"SearchAction\",\"target\":{\"@type\":\"EntryPoint\",\"urlTemplate\":\"https:\/\/www.ufi.eu\/sv\/?s={search_term_string}\"},\"query-input\":{\"@type\":\"PropertyValueSpecification\",\"valueRequired\":true,\"valueName\":\"search_term_string\"}}],\"inLanguage\":\"sv-SE\"},{\"@type\":\"Organization\",\"@id\":\"https:\/\/www.ufi.eu\/sv\/#organization\",\"name\":\"UFI.EU\",\"url\":\"https:\/\/www.ufi.eu\/sv\/\",\"logo\":{\"@type\":\"ImageObject\",\"inLanguage\":\"sv-SE\",\"@id\":\"https:\/\/www.ufi.eu\/sv\/#\/schema\/logo\/image\/\",\"url\":\"https:\/\/www.ufi.eu\/wp-content\/uploads\/2025\/03\/cropped-logo_ufi3.jpg\",\"contentUrl\":\"https:\/\/www.ufi.eu\/wp-content\/uploads\/2025\/03\/cropped-logo_ufi3.jpg\",\"width\":231,\"height\":78,\"caption\":\"UFI.EU\"},\"image\":{\"@id\":\"https:\/\/www.ufi.eu\/sv\/#\/schema\/logo\/image\/\"},\"description\":\"UFI.eu specializes in digital registrations for Poison Centre Notifications (PCN), ensuring your chemical products meet EU regulatory requirements effortlessly. Our streamlined solutions help businesses stay compliant while reducing complexity and administrative burden.\",\"email\":\"info@ufi.eu\",\"legalName\":\"UFI.EU\"}]}<\/script>\n<meta property=\"product:price:amount\" content=\"0.00\" \/>\n<meta property=\"product:price:currency\" content=\"EUR\" \/>\n<meta property=\"og:availability\" content=\"instock\" \/>\n<meta property=\"product:availability\" content=\"instock\" \/>\n<meta property=\"product:retailer_item_id\" content=\"PC-ADH-1\" \/>\n<meta property=\"product:condition\" content=\"new\" \/>\n<!-- \/ Yoast SEO Premium plugin. -->","yoast_head_json":{"title":"PCN &amp; UFI f\u00f6r lim - hem, skola och kontor - UFI","description":"Registrering av lim och t\u00e4tningsmedel f\u00f6r hush\u00e5lls-, kontors- eller skolbruk \u00e4r avg\u00f6rande f\u00f6r att s\u00e4kerst\u00e4lla efterlevnad av lagstadgade standarder f\u00f6r s\u00e4kerhet, m\u00e4rkning och konsumentskydd.","robots":{"index":"index","follow":"follow","max-snippet":"max-snippet:-1","max-image-preview":"max-image-preview:large","max-video-preview":"max-video-preview:-1"},"canonical":"https:\/\/www.ufi.eu\/sv\/product\/pcn-ufi-for-lim-hem-skola-och-kontor\/","og_locale":"sv_SE","og_type":"article","og_title":"PCN &amp; UFI f\u00f6r lim - hem, skola och kontor","og_description":"Registrering av lim och t\u00e4tningsmedel f\u00f6r hush\u00e5lls-, kontors- eller skolbruk \u00e4r avg\u00f6rande f\u00f6r att s\u00e4kerst\u00e4lla efterlevnad av lagstadgade standarder f\u00f6r s\u00e4kerhet, m\u00e4rkning och konsumentskydd.","og_url":"https:\/\/www.ufi.eu\/sv\/product\/pcn-ufi-for-lim-hem-skola-och-kontor\/","og_site_name":"UFI","og_image":[{"width":1024,"height":1024,"url":"https:\/\/www.ufi.eu\/wp-content\/uploads\/2025\/03\/PC-ADH-1.jpg","type":"image\/jpeg"}],"twitter_card":"summary_large_image","twitter_misc":{"Pris":"&euro;0.00","Tillg\u00e4nglig":"I lager"},"schema":{"@context":"https:\/\/schema.org","@graph":[{"@type":"WebPage","@id":"https:\/\/www.ufi.eu\/sv\/product\/pcn-ufi-for-lim-hem-skola-och-kontor\/","url":"https:\/\/www.ufi.eu\/sv\/product\/pcn-ufi-for-lim-hem-skola-och-kontor\/","name":"PCN &amp; UFI f\u00f6r lim - hem, skola och kontor - UFI","isPartOf":{"@id":"https:\/\/www.ufi.eu\/sv\/#website"},"primaryImageOfPage":{"@id":"https:\/\/www.ufi.eu\/sv\/product\/pcn-ufi-for-lim-hem-skola-och-kontor\/#primaryimage"},"image":{"@id":"https:\/\/www.ufi.eu\/sv\/product\/pcn-ufi-for-lim-hem-skola-och-kontor\/#primaryimage"},"thumbnailUrl":"https:\/\/www.ufi.eu\/wp-content\/uploads\/2025\/03\/PC-ADH-1.jpg","datePublished":"2025-04-15T21:28:31+00:00","description":"Registrering av lim och t\u00e4tningsmedel f\u00f6r hush\u00e5lls-, kontors- eller skolbruk \u00e4r avg\u00f6rande f\u00f6r att s\u00e4kerst\u00e4lla efterlevnad av lagstadgade standarder f\u00f6r s\u00e4kerhet, m\u00e4rkning och konsumentskydd.","breadcrumb":{"@id":"https:\/\/www.ufi.eu\/sv\/product\/pcn-ufi-for-lim-hem-skola-och-kontor\/#breadcrumb"},"inLanguage":"sv-SE","potentialAction":[{"@type":"ReadAction","target":["https:\/\/www.ufi.eu\/sv\/product\/pcn-ufi-for-lim-hem-skola-och-kontor\/"]}]},{"@type":"ImageObject","inLanguage":"sv-SE","@id":"https:\/\/www.ufi.eu\/sv\/product\/pcn-ufi-for-lim-hem-skola-och-kontor\/#primaryimage","url":"https:\/\/www.ufi.eu\/wp-content\/uploads\/2025\/03\/PC-ADH-1.jpg","contentUrl":"https:\/\/www.ufi.eu\/wp-content\/uploads\/2025\/03\/PC-ADH-1.jpg","width":1024,"height":1024},{"@type":"BreadcrumbList","@id":"https:\/\/www.ufi.eu\/sv\/product\/pcn-ufi-for-lim-hem-skola-och-kontor\/#breadcrumb","itemListElement":[{"@type":"ListItem","position":1,"name":"Home","item":"https:\/\/www.ufi.eu\/sv\/hem\/"},{"@type":"ListItem","position":2,"name":"Butik","item":"https:\/\/www.ufi.eu\/sv\/butik\/"},{"@type":"ListItem","position":3,"name":"PCN &amp; UFI f\u00f6r lim &#8211; hem, skola och kontor"}]},{"@type":"WebSite","@id":"https:\/\/www.ufi.eu\/sv\/#website","url":"https:\/\/www.ufi.eu\/sv\/","name":"UFI.EU","description":"Poison Centre Notifications (PCN) and UFI","publisher":{"@id":"https:\/\/www.ufi.eu\/sv\/#organization"},"potentialAction":[{"@type":"SearchAction","target":{"@type":"EntryPoint","urlTemplate":"https:\/\/www.ufi.eu\/sv\/?s={search_term_string}"},"query-input":{"@type":"PropertyValueSpecification","valueRequired":true,"valueName":"search_term_string"}}],"inLanguage":"sv-SE"},{"@type":"Organization","@id":"https:\/\/www.ufi.eu\/sv\/#organization","name":"UFI.EU","url":"https:\/\/www.ufi.eu\/sv\/","logo":{"@type":"ImageObject","inLanguage":"sv-SE","@id":"https:\/\/www.ufi.eu\/sv\/#\/schema\/logo\/image\/","url":"https:\/\/www.ufi.eu\/wp-content\/uploads\/2025\/03\/cropped-logo_ufi3.jpg","contentUrl":"https:\/\/www.ufi.eu\/wp-content\/uploads\/2025\/03\/cropped-logo_ufi3.jpg","width":231,"height":78,"caption":"UFI.EU"},"image":{"@id":"https:\/\/www.ufi.eu\/sv\/#\/schema\/logo\/image\/"},"description":"UFI.eu specializes in digital registrations for Poison Centre Notifications (PCN), ensuring your chemical products meet EU regulatory requirements effortlessly. Our streamlined solutions help businesses stay compliant while reducing complexity and administrative burden.","email":"info@ufi.eu","legalName":"UFI.EU"}]},"product_price_amount":"0.00","product_price_currency":"EUR","og_availability":"instock","product_availability":"instock","product_retailer_item_id":"PC-ADH-1","product_condition":"new"},"_links":{"self":[{"href":"https:\/\/www.ufi.eu\/sv\/wp-json\/wp\/v2\/product\/13349","targetHints":{"allow":["GET"]}}],"collection":[{"href":"https:\/\/www.ufi.eu\/sv\/wp-json\/wp\/v2\/product"}],"about":[{"href":"https:\/\/www.ufi.eu\/sv\/wp-json\/wp\/v2\/types\/product"}],"wp:featuredmedia":[{"embeddable":true,"href":"https:\/\/www.ufi.eu\/sv\/wp-json\/wp\/v2\/media\/13350"}],"wp:attachment":[{"href":"https:\/\/www.ufi.eu\/sv\/wp-json\/wp\/v2\/media?parent=13349"}],"wp:term":[{"taxonomy":"product_brand","embeddable":true,"href":"https:\/\/www.ufi.eu\/sv\/wp-json\/wp\/v2\/product_brand?post=13349"},{"taxonomy":"product_cat","embeddable":true,"href":"https:\/\/www.ufi.eu\/sv\/wp-json\/wp\/v2\/product_cat?post=13349"},{"taxonomy":"product_tag","embeddable":true,"href":"https:\/\/www.ufi.eu\/sv\/wp-json\/wp\/v2\/product_tag?post=13349"}],"curies":[{"name":"wp","href":"https:\/\/api.w.org\/{rel}","templated":true}]}}