{"id":12804,"date":"2025-04-15T20:37:02","date_gmt":"2025-04-15T20:37:02","guid":{"rendered":"https:\/\/www.ufi.eu\/pcn\/okategoriserad\/pcn-ufi-for-foretag-utanfor-eu\/"},"modified":"2025-04-15T20:37:07","modified_gmt":"2025-04-15T20:37:07","slug":"pcn-ufi-for-foretag-utanfor-eu","status":"publish","type":"product","link":"https:\/\/www.ufi.eu\/sv\/product\/pcn-ufi-for-foretag-utanfor-eu\/","title":{"rendered":"PCN &amp; UFI f\u00f6r f\u00f6retag utanf\u00f6r EU"},"content":{"rendered":"\n<p>Att expandera till EU-marknaden inneb\u00e4r sp\u00e4nnande m\u00f6jligheter &#8211; men det medf\u00f6r ocks\u00e5 strikta lagstadgade skyldigheter. Om ditt f\u00f6retag \u00e4r baserat utanf\u00f6r EU\/EES eller Nordirland och du planerar att s\u00e4lja kemiska blandningar som kosmetika, reng\u00f6ringsprodukter eller andra reglerade varor i EU, m\u00e5ste du uppfylla specifika krav enligt CLP-f\u00f6rordningen (EG nr 1272\/2008), inklusive Poison Centre Notification (PCN) och anv\u00e4ndning av en Unique Formula Identifier (UFI). <\/p>\n\n<p>Som f\u00f6retag utanf\u00f6r EU f\u00e5r du inte skicka in ett PCN direkt &#8211; men <strong>vi kan hj\u00e4lpa<\/strong> dig. Vi erbjuder fullt st\u00f6d med <strong>v\u00e4gledning om regelverket och f\u00f6rberedelse av etiketter som uppfyller kraven<\/strong>, s\u00e5 att du kan navigera tryggt i EU:s lagstiftning och komma in p\u00e5 den europeiska marknaden p\u00e5 ett professionellt och effektivt s\u00e4tt. <\/p>\n\n<p>Om ditt f\u00f6retag \u00e4r bel\u00e4get utanf\u00f6r EU\/EES eller Nordirland f\u00e5r du inte direkt skicka in en giftinformationscentral (PCN) enligt bilaga VIII till f\u00f6rordning (EG) nr 1272\/2008 (CLP-f\u00f6rordningen).  <\/p>\n\n<h2 class=\"wp-block-heading\" id=\"h-non-eu-companies-must-appoint-an-eu-based-contact\">F\u00f6retag utanf\u00f6r EU m\u00e5ste utse en EU-baserad kontaktperson<\/h2>\n\n<p>Observera: <strong>F\u00f6retag utanf\u00f6r EU f\u00e5r inte sj\u00e4lva skicka in en PCN<\/strong>.<br\/>F\u00f6r att f\u00f6lja EU-lagstiftningen m\u00e5ste du utse en:<\/p>\n\n<ul class=\"wp-block-list\">\n<li><strong>EU-import\u00f6r<\/strong>, eller<\/li>\n\n\n\n<li><strong>EU-baserad &#8220;Downstream User&#8221; eller enda representant<\/strong><\/li>\n<\/ul>\n\n<p>Denna utsedda enhet kommer att ansvara f\u00f6r PCN-inl\u00e4mningen och m\u00e5ste anges i anm\u00e4lan. Vi kan hj\u00e4lpa dig att g\u00f6ra din produkt kompatibel. <\/p>\n\n<h2 class=\"wp-block-heading\">Hur fungerar tj\u00e4nsten f\u00f6r skapande av UFI och PCN-meddelande?<\/h2>\n\n<p>N\u00e4r du har k\u00f6pt den h\u00e4r tj\u00e4nsten f\u00e5r du tillg\u00e5ng till den s\u00e4kra portalen. I denna portal finns en \u00f6versikt \u00f6ver alla steg.  Du fyller i dina produktuppgifter s\u00e5 s\u00e4tter vi ig\u00e5ng.<\/p>\n\n<h3 class=\"wp-block-heading\">Anm\u00e4lan till giftinformationscentral och UFI<\/h3>\n\n<p>Vi kommer att tillhandah\u00e5lla:<\/p>\n\n<ul class=\"wp-block-list\">\n<li>Din produkts unika formelidentifierare (UFI)<\/li>\n\n\n\n<li>En PCN-rapport (Poison Centre Notification)<\/li>\n\n\n\n<li>Registrering av din produkt hos de relevanta nationella giftinformationscentralerna via ECHA.<\/li>\n<\/ul>\n\n<h3 class=\"wp-block-heading\">L\u00e4nder f\u00f6r PCN-registrering<\/h3>\n\n<p>R\u00e4kna antalet l\u00e4nder d\u00e4r du vill registrera din produkt. Du kommer att kunna v\u00e4lja de specifika l\u00e4nderna i portalen. Ytterligare l\u00e4nder kan l\u00e4ggas till vid ett senare tillf\u00e4lle, och du kan alltid best\u00e4lla ytterligare <a href=\"https:\/\/www.ufi.eu\/sv\/pcn\/lander-sv\/lander-for-pcn-registrering\/\" target=\"_blank\" rel=\"noreferrer noopener\">PCN-landsregistreringar<\/a>.  <\/p>\n\n<h3 class=\"wp-block-heading\">CLP-information p\u00e5 etiketten<\/h3>\n\n<p>Vi erbjuder m\u00f6jligheten att k\u00f6pa en CLP-kompatibel produktetikett som inneh\u00e5ller all obligatorisk information som kr\u00e4vs enligt EU:s CLP-f\u00f6rordning. Detta kommer att tillhandah\u00e5llas som en PDF, s\u00e5 att du kan integrera den n\u00f6dv\u00e4ndiga informationen i din produktetikettdesign. Du kan ocks\u00e5 best\u00e4lla <a href=\"https:\/\/www.ufi.eu\/sv\/pcn\/clp-etikett-sv\/skapande-av-clp-etiketter-och-kontroll-av-efterlevnad\/\" target=\"_blank\" rel=\"noreferrer noopener\">CLP-etikettinformationen<\/a> separat. Har du redan en etikett? &#8211; Vi kan granska din etikett i enlighet med g\u00e4llande CLP-krav. Vi kommer att ge detaljerad feedback och korrigeringar f\u00f6r att s\u00e4kerst\u00e4lla att din etikett uppfyller alla lagstadgade standarder.     <\/p>\n","protected":false},"excerpt":{"rendered":"<p>Att expandera till EU-marknaden inneb\u00e4r sp\u00e4nnande m\u00f6jligheter &#8211; men det medf\u00f6r ocks\u00e5 strikta lagstadgade skyldigheter. Om ditt f\u00f6retag \u00e4r baserat utanf\u00f6r EU\/EES eller Nordirland och du planerar att s\u00e4lja kemiska blandningar som kosmetika, reng\u00f6ringsprodukter eller andra reglerade varor i EU, m\u00e5ste du uppfylla specifika krav enligt CLP-f\u00f6rordningen (EG nr 1272\/2008), inklusive Poison Centre Notification (PCN) [&hellip;]<\/p>\n","protected":false},"featured_media":12494,"template":"","meta":[],"product_brand":[],"product_cat":[421],"product_tag":[],"class_list":{"0":"post-12804","1":"product","2":"type-product","3":"status-publish","4":"has-post-thumbnail","6":"product_cat-utanfor-eu","8":"first","9":"instock","10":"virtual","11":"taxable","12":"purchasable","13":"product-type-bundle"},"bundled_by":[],"bundle_stock_status":"instock","bundle_stock_quantity":"","bundle_virtual":false,"bundle_layout":"default","bundle_add_to_cart_form_location":"default","bundle_editable_in_cart":false,"bundle_sold_individually_context":"product","bundle_item_grouping":"parent","bundle_min_size":"","bundle_max_size":"","bundle_price":{"price":{"min":{"incl_tax":"78.65","excl_tax":"65"},"max":{"incl_tax":"","excl_tax":""}},"regular_price":{"min":{"incl_tax":"78.65","excl_tax":"65"},"max":{"incl_tax":"","excl_tax":""}}},"bundled_items":[{"bundled_item_id":1343,"product_id":12584,"menu_order":0,"quantity_min":1,"quantity_max":1,"quantity_default":1,"priced_individually":true,"shipped_individually":true,"override_title":false,"title":null,"override_description":false,"description":null,"optional":false,"hide_thumbnail":false,"discount":"","override_variations":false,"allowed_variations":[""],"override_default_variation_attributes":false,"default_variation_attributes":[],"single_product_visibility":"visible","cart_visibility":"visible","order_visibility":"visible","single_product_price_visibility":"visible","cart_price_visibility":"visible","order_price_visibility":"visible","stock_status":"in_stock"},{"bundled_item_id":1344,"product_id":12585,"menu_order":1,"quantity_min":0,"quantity_max":"","quantity_default":0,"priced_individually":true,"shipped_individually":true,"override_title":false,"title":null,"override_description":false,"description":null,"optional":false,"hide_thumbnail":false,"discount":"","override_variations":false,"allowed_variations":[""],"override_default_variation_attributes":false,"default_variation_attributes":[],"single_product_visibility":"visible","cart_visibility":"visible","order_visibility":"visible","single_product_price_visibility":"visible","cart_price_visibility":"visible","order_price_visibility":"visible","stock_status":"in_stock"},{"bundled_item_id":1345,"product_id":12763,"menu_order":2,"quantity_min":1,"quantity_max":1,"quantity_default":1,"priced_individually":true,"shipped_individually":true,"override_title":false,"title":null,"override_description":false,"description":null,"optional":true,"hide_thumbnail":false,"discount":"","override_variations":false,"allowed_variations":[""],"override_default_variation_attributes":false,"default_variation_attributes":[],"single_product_visibility":"visible","cart_visibility":"visible","order_visibility":"visible","single_product_price_visibility":"visible","cart_price_visibility":"visible","order_price_visibility":"visible","stock_status":"in_stock"}],"bundle_sell_ids":[],"yoast_head":"<!-- This site is optimized with the Yoast SEO Premium plugin v25.1 (Yoast SEO v25.1) - https:\/\/yoast.com\/wordpress\/plugins\/seo\/ -->\n<title>PCN &amp; UFI f\u00f6r f\u00f6retag utanf\u00f6r EU - UFI<\/title>\n<meta name=\"description\" content=\"Vi hj\u00e4lper till med PCN &amp; UFI f\u00f6r f\u00f6retag utanf\u00f6r EU. F\u00f6retag med s\u00e4te utanf\u00f6r EU\/EES eller Nordirland.\" \/>\n<meta name=\"robots\" content=\"index, follow, max-snippet:-1, max-image-preview:large, max-video-preview:-1\" \/>\n<link rel=\"canonical\" href=\"https:\/\/www.ufi.eu\/sv\/product\/pcn-ufi-for-foretag-utanfor-eu\/\" \/>\n<meta property=\"og:locale\" content=\"sv_SE\" \/>\n<meta property=\"og:type\" content=\"article\" \/>\n<meta property=\"og:title\" content=\"PCN &amp; UFI f\u00f6r f\u00f6retag utanf\u00f6r EU\" \/>\n<meta property=\"og:description\" content=\"Vi hj\u00e4lper till med PCN &amp; UFI f\u00f6r f\u00f6retag utanf\u00f6r EU. F\u00f6retag med s\u00e4te utanf\u00f6r EU\/EES eller Nordirland.\" \/>\n<meta property=\"og:url\" content=\"https:\/\/www.ufi.eu\/sv\/product\/pcn-ufi-for-foretag-utanfor-eu\/\" \/>\n<meta property=\"og:site_name\" content=\"UFI\" \/>\n<meta property=\"article:modified_time\" content=\"2025-04-15T20:37:07+00:00\" \/>\n<meta property=\"og:image\" content=\"https:\/\/www.ufi.eu\/wp-content\/uploads\/2025\/03\/pcn_ufi.jpg\" \/>\n\t<meta property=\"og:image:width\" content=\"1024\" \/>\n\t<meta property=\"og:image:height\" content=\"1024\" \/>\n\t<meta property=\"og:image:type\" content=\"image\/jpeg\" \/>\n<meta name=\"twitter:card\" content=\"summary_large_image\" \/>\n<meta name=\"twitter:label1\" content=\"Pris\" \/>\n\t<meta name=\"twitter:data1\" content=\"&euro;0.00\" \/>\n\t<meta name=\"twitter:label2\" content=\"Tillg\u00e4nglig\" \/>\n\t<meta name=\"twitter:data2\" content=\"I lager\" \/>\n<script type=\"application\/ld+json\" class=\"yoast-schema-graph\">{\"@context\":\"https:\/\/schema.org\",\"@graph\":[{\"@type\":\"WebPage\",\"@id\":\"https:\/\/www.ufi.eu\/sv\/product\/pcn-ufi-for-foretag-utanfor-eu\/\",\"url\":\"https:\/\/www.ufi.eu\/sv\/product\/pcn-ufi-for-foretag-utanfor-eu\/\",\"name\":\"PCN &amp; UFI f\u00f6r f\u00f6retag utanf\u00f6r EU - UFI\",\"isPartOf\":{\"@id\":\"https:\/\/www.ufi.eu\/sv\/#website\"},\"primaryImageOfPage\":{\"@id\":\"https:\/\/www.ufi.eu\/sv\/product\/pcn-ufi-for-foretag-utanfor-eu\/#primaryimage\"},\"image\":{\"@id\":\"https:\/\/www.ufi.eu\/sv\/product\/pcn-ufi-for-foretag-utanfor-eu\/#primaryimage\"},\"thumbnailUrl\":\"https:\/\/www.ufi.eu\/wp-content\/uploads\/2025\/03\/pcn_ufi.jpg\",\"datePublished\":\"2025-04-15T20:37:02+00:00\",\"dateModified\":\"2025-04-15T20:37:07+00:00\",\"description\":\"Vi hj\u00e4lper till med PCN & UFI f\u00f6r f\u00f6retag utanf\u00f6r EU. F\u00f6retag med s\u00e4te utanf\u00f6r EU\/EES eller Nordirland.\",\"breadcrumb\":{\"@id\":\"https:\/\/www.ufi.eu\/sv\/product\/pcn-ufi-for-foretag-utanfor-eu\/#breadcrumb\"},\"inLanguage\":\"sv-SE\",\"potentialAction\":[{\"@type\":\"ReadAction\",\"target\":[\"https:\/\/www.ufi.eu\/sv\/product\/pcn-ufi-for-foretag-utanfor-eu\/\"]}]},{\"@type\":\"ImageObject\",\"inLanguage\":\"sv-SE\",\"@id\":\"https:\/\/www.ufi.eu\/sv\/product\/pcn-ufi-for-foretag-utanfor-eu\/#primaryimage\",\"url\":\"https:\/\/www.ufi.eu\/wp-content\/uploads\/2025\/03\/pcn_ufi.jpg\",\"contentUrl\":\"https:\/\/www.ufi.eu\/wp-content\/uploads\/2025\/03\/pcn_ufi.jpg\",\"width\":1024,\"height\":1024},{\"@type\":\"BreadcrumbList\",\"@id\":\"https:\/\/www.ufi.eu\/sv\/product\/pcn-ufi-for-foretag-utanfor-eu\/#breadcrumb\",\"itemListElement\":[{\"@type\":\"ListItem\",\"position\":1,\"name\":\"Home\",\"item\":\"https:\/\/www.ufi.eu\/sv\/hem\/\"},{\"@type\":\"ListItem\",\"position\":2,\"name\":\"Butik\",\"item\":\"https:\/\/www.ufi.eu\/sv\/butik\/\"},{\"@type\":\"ListItem\",\"position\":3,\"name\":\"PCN &amp; UFI f\u00f6r f\u00f6retag utanf\u00f6r EU\"}]},{\"@type\":\"WebSite\",\"@id\":\"https:\/\/www.ufi.eu\/sv\/#website\",\"url\":\"https:\/\/www.ufi.eu\/sv\/\",\"name\":\"UFI.EU\",\"description\":\"Poison Centre Notifications (PCN) and UFI\",\"publisher\":{\"@id\":\"https:\/\/www.ufi.eu\/sv\/#organization\"},\"potentialAction\":[{\"@type\":\"SearchAction\",\"target\":{\"@type\":\"EntryPoint\",\"urlTemplate\":\"https:\/\/www.ufi.eu\/sv\/?s={search_term_string}\"},\"query-input\":{\"@type\":\"PropertyValueSpecification\",\"valueRequired\":true,\"valueName\":\"search_term_string\"}}],\"inLanguage\":\"sv-SE\"},{\"@type\":\"Organization\",\"@id\":\"https:\/\/www.ufi.eu\/sv\/#organization\",\"name\":\"UFI.EU\",\"url\":\"https:\/\/www.ufi.eu\/sv\/\",\"logo\":{\"@type\":\"ImageObject\",\"inLanguage\":\"sv-SE\",\"@id\":\"https:\/\/www.ufi.eu\/sv\/#\/schema\/logo\/image\/\",\"url\":\"https:\/\/www.ufi.eu\/wp-content\/uploads\/2025\/03\/cropped-logo_ufi3.jpg\",\"contentUrl\":\"https:\/\/www.ufi.eu\/wp-content\/uploads\/2025\/03\/cropped-logo_ufi3.jpg\",\"width\":231,\"height\":78,\"caption\":\"UFI.EU\"},\"image\":{\"@id\":\"https:\/\/www.ufi.eu\/sv\/#\/schema\/logo\/image\/\"},\"description\":\"UFI.eu specializes in digital registrations for Poison Centre Notifications (PCN), ensuring your chemical products meet EU regulatory requirements effortlessly. Our streamlined solutions help businesses stay compliant while reducing complexity and administrative burden.\",\"email\":\"info@ufi.eu\",\"legalName\":\"UFI.EU\"}]}<\/script>\n<meta property=\"product:price:amount\" content=\"0.00\" \/>\n<meta property=\"product:price:currency\" content=\"EUR\" \/>\n<meta property=\"og:availability\" content=\"instock\" \/>\n<meta property=\"product:availability\" content=\"instock\" \/>\n<meta property=\"product:condition\" content=\"new\" \/>\n<!-- \/ Yoast SEO Premium plugin. -->","yoast_head_json":{"title":"PCN &amp; UFI f\u00f6r f\u00f6retag utanf\u00f6r EU - UFI","description":"Vi hj\u00e4lper till med PCN & UFI f\u00f6r f\u00f6retag utanf\u00f6r EU. F\u00f6retag med s\u00e4te utanf\u00f6r EU\/EES eller Nordirland.","robots":{"index":"index","follow":"follow","max-snippet":"max-snippet:-1","max-image-preview":"max-image-preview:large","max-video-preview":"max-video-preview:-1"},"canonical":"https:\/\/www.ufi.eu\/sv\/product\/pcn-ufi-for-foretag-utanfor-eu\/","og_locale":"sv_SE","og_type":"article","og_title":"PCN &amp; UFI f\u00f6r f\u00f6retag utanf\u00f6r EU","og_description":"Vi hj\u00e4lper till med PCN & UFI f\u00f6r f\u00f6retag utanf\u00f6r EU. F\u00f6retag med s\u00e4te utanf\u00f6r EU\/EES eller Nordirland.","og_url":"https:\/\/www.ufi.eu\/sv\/product\/pcn-ufi-for-foretag-utanfor-eu\/","og_site_name":"UFI","article_modified_time":"2025-04-15T20:37:07+00:00","og_image":[{"width":1024,"height":1024,"url":"https:\/\/www.ufi.eu\/wp-content\/uploads\/2025\/03\/pcn_ufi.jpg","type":"image\/jpeg"}],"twitter_card":"summary_large_image","twitter_misc":{"Pris":"&euro;0.00","Tillg\u00e4nglig":"I lager"},"schema":{"@context":"https:\/\/schema.org","@graph":[{"@type":"WebPage","@id":"https:\/\/www.ufi.eu\/sv\/product\/pcn-ufi-for-foretag-utanfor-eu\/","url":"https:\/\/www.ufi.eu\/sv\/product\/pcn-ufi-for-foretag-utanfor-eu\/","name":"PCN &amp; UFI f\u00f6r f\u00f6retag utanf\u00f6r EU - UFI","isPartOf":{"@id":"https:\/\/www.ufi.eu\/sv\/#website"},"primaryImageOfPage":{"@id":"https:\/\/www.ufi.eu\/sv\/product\/pcn-ufi-for-foretag-utanfor-eu\/#primaryimage"},"image":{"@id":"https:\/\/www.ufi.eu\/sv\/product\/pcn-ufi-for-foretag-utanfor-eu\/#primaryimage"},"thumbnailUrl":"https:\/\/www.ufi.eu\/wp-content\/uploads\/2025\/03\/pcn_ufi.jpg","datePublished":"2025-04-15T20:37:02+00:00","dateModified":"2025-04-15T20:37:07+00:00","description":"Vi hj\u00e4lper till med PCN & UFI f\u00f6r f\u00f6retag utanf\u00f6r EU. F\u00f6retag med s\u00e4te utanf\u00f6r EU\/EES eller Nordirland.","breadcrumb":{"@id":"https:\/\/www.ufi.eu\/sv\/product\/pcn-ufi-for-foretag-utanfor-eu\/#breadcrumb"},"inLanguage":"sv-SE","potentialAction":[{"@type":"ReadAction","target":["https:\/\/www.ufi.eu\/sv\/product\/pcn-ufi-for-foretag-utanfor-eu\/"]}]},{"@type":"ImageObject","inLanguage":"sv-SE","@id":"https:\/\/www.ufi.eu\/sv\/product\/pcn-ufi-for-foretag-utanfor-eu\/#primaryimage","url":"https:\/\/www.ufi.eu\/wp-content\/uploads\/2025\/03\/pcn_ufi.jpg","contentUrl":"https:\/\/www.ufi.eu\/wp-content\/uploads\/2025\/03\/pcn_ufi.jpg","width":1024,"height":1024},{"@type":"BreadcrumbList","@id":"https:\/\/www.ufi.eu\/sv\/product\/pcn-ufi-for-foretag-utanfor-eu\/#breadcrumb","itemListElement":[{"@type":"ListItem","position":1,"name":"Home","item":"https:\/\/www.ufi.eu\/sv\/hem\/"},{"@type":"ListItem","position":2,"name":"Butik","item":"https:\/\/www.ufi.eu\/sv\/butik\/"},{"@type":"ListItem","position":3,"name":"PCN &amp; UFI f\u00f6r f\u00f6retag utanf\u00f6r EU"}]},{"@type":"WebSite","@id":"https:\/\/www.ufi.eu\/sv\/#website","url":"https:\/\/www.ufi.eu\/sv\/","name":"UFI.EU","description":"Poison Centre Notifications (PCN) and UFI","publisher":{"@id":"https:\/\/www.ufi.eu\/sv\/#organization"},"potentialAction":[{"@type":"SearchAction","target":{"@type":"EntryPoint","urlTemplate":"https:\/\/www.ufi.eu\/sv\/?s={search_term_string}"},"query-input":{"@type":"PropertyValueSpecification","valueRequired":true,"valueName":"search_term_string"}}],"inLanguage":"sv-SE"},{"@type":"Organization","@id":"https:\/\/www.ufi.eu\/sv\/#organization","name":"UFI.EU","url":"https:\/\/www.ufi.eu\/sv\/","logo":{"@type":"ImageObject","inLanguage":"sv-SE","@id":"https:\/\/www.ufi.eu\/sv\/#\/schema\/logo\/image\/","url":"https:\/\/www.ufi.eu\/wp-content\/uploads\/2025\/03\/cropped-logo_ufi3.jpg","contentUrl":"https:\/\/www.ufi.eu\/wp-content\/uploads\/2025\/03\/cropped-logo_ufi3.jpg","width":231,"height":78,"caption":"UFI.EU"},"image":{"@id":"https:\/\/www.ufi.eu\/sv\/#\/schema\/logo\/image\/"},"description":"UFI.eu specializes in digital registrations for Poison Centre Notifications (PCN), ensuring your chemical products meet EU regulatory requirements effortlessly. Our streamlined solutions help businesses stay compliant while reducing complexity and administrative burden.","email":"info@ufi.eu","legalName":"UFI.EU"}]},"product_price_amount":"0.00","product_price_currency":"EUR","og_availability":"instock","product_availability":"instock","product_condition":"new"},"_links":{"self":[{"href":"https:\/\/www.ufi.eu\/sv\/wp-json\/wp\/v2\/product\/12804","targetHints":{"allow":["GET"]}}],"collection":[{"href":"https:\/\/www.ufi.eu\/sv\/wp-json\/wp\/v2\/product"}],"about":[{"href":"https:\/\/www.ufi.eu\/sv\/wp-json\/wp\/v2\/types\/product"}],"wp:featuredmedia":[{"embeddable":true,"href":"https:\/\/www.ufi.eu\/sv\/wp-json\/wp\/v2\/media\/12494"}],"wp:attachment":[{"href":"https:\/\/www.ufi.eu\/sv\/wp-json\/wp\/v2\/media?parent=12804"}],"wp:term":[{"taxonomy":"product_brand","embeddable":true,"href":"https:\/\/www.ufi.eu\/sv\/wp-json\/wp\/v2\/product_brand?post=12804"},{"taxonomy":"product_cat","embeddable":true,"href":"https:\/\/www.ufi.eu\/sv\/wp-json\/wp\/v2\/product_cat?post=12804"},{"taxonomy":"product_tag","embeddable":true,"href":"https:\/\/www.ufi.eu\/sv\/wp-json\/wp\/v2\/product_tag?post=12804"}],"curies":[{"name":"wp","href":"https:\/\/api.w.org\/{rel}","templated":true}]}}