{"id":12585,"date":"2025-03-09T14:12:29","date_gmt":"2025-04-15T19:37:37","guid":{"rendered":"https:\/\/www.ufi.eu\/pcn\/okategoriserad\/lander-for-pcn-registrering\/"},"modified":"2025-05-15T16:47:59","modified_gmt":"2025-05-15T16:47:59","slug":"lander-for-pcn-registrering","status":"publish","type":"product","link":"https:\/\/www.ufi.eu\/sv\/product\/lander-for-pcn-registrering\/","title":{"rendered":"L\u00e4nder f\u00f6r PCN-registrering"},"content":{"rendered":"\n<h2 class=\"wp-block-heading\" id=\"h-launch-your-product-across-europe-with-ease\">Lansera din produkt i hela Europa p\u00e5 ett enkelt s\u00e4tt<\/h2>\n\n<p>N\u00e4r du registrerar din produkt f\u00f6r EU Poison Centre Notification (PCN) m\u00e5ste varje land d\u00e4r du planerar att s\u00e4lja produkten anm\u00e4las till respektive nationell myndighet. Med v\u00e5r registrering av EU-l\u00e4nder f\u00f6r PCN kan du v\u00e4lja exakt de l\u00e4nder d\u00e4r du vill lansera din produkt &#8211; vilket ger dig full flexibilitet och kontroll \u00f6ver din marknadsr\u00e4ckvidd. <\/p>\n\n<h2 class=\"wp-block-heading\" id=\"h-what-you-re-purchasing\">Vad du k\u00f6per<\/h2>\n\n<p>Med den h\u00e4r produkten kan du <strong>k\u00f6pa landstoken<\/strong> f\u00f6r de 27 EU-medlemsstaterna. Dessa tokens kan anv\u00e4ndas <strong>vid alla PCN-registreringar<\/strong> som du g\u00f6r hos oss. N\u00e4r du har k\u00f6pt l\u00e4nderna <strong>l\u00e4ggs de till <a href=\"https:\/\/www.ufi.eu\/my-account\/points\/\">i din PCN-landlista<\/a><\/strong> och kan anv\u00e4ndas n\u00e4r du fyller i v\u00e5rt <strong>PCN-intagningsformul\u00e4r<\/strong> f\u00f6r din produkt.    <\/p>\n\n<p><strong>Du kommer ocks\u00e5 att beh\u00f6va <a href=\"https:\/\/www.ufi.eu\/shop\/\">k\u00f6pa ett PCN f\u00f6r din produkt<\/a>. Denna produkt \u00e4r endast ett l\u00f6st land, inte PCN. <\/strong><\/p>\n\n<h4 class=\"wp-block-heading\">\u2705 Hur det fungerar:<\/h4>\n\n<ol class=\"wp-block-list\">\n<li>Best\u00e4m <strong>vilka l\u00e4nder<\/strong> du planerar att s\u00e4lja i.<\/li>\n\n\n\n<li>K\u00f6p antalet <strong>landspoletter<\/strong>.<\/li>\n\n\n\n<li><a href=\"https:\/\/www.ufi.eu\/sv\/ny-produkt\/\">Skicka in din produkts intagsformul\u00e4r<\/a> till oss.<\/li>\n\n\n\n<li>Du beh\u00f6ver bara ange de l\u00e4nder d\u00e4r du vill att vi ska skicka in din produkt f\u00f6r PCN-registrering.<\/li>\n\n\n\n<li>Landstoken dras av fr\u00e5n din totalsumma n\u00e4r du skickar in ditt formul\u00e4r till oss.<\/li>\n<\/ol>\n\n<p>Oavsett om du lanserar en produkt eller hanterar en hel portf\u00f6lj kan du <strong>anv\u00e4nda <a href=\"https:\/\/www.ufi.eu\/my-account\/points\/\">dina k\u00f6pta landstoken<\/a><\/strong> i olika PCN-ans\u00f6kningar &#8211; vilket sparar tid, s\u00e4kerst\u00e4ller efterlevnad och ut\u00f6kar din n\u00e4rvaro p\u00e5 EU-marknaden utan problem.<\/p>\n\n<h3 class=\"wp-block-heading\" id=\"h-supported-eu-countries\">St\u00f6dda EU-l\u00e4nder<\/h3>\n\n<p>EU har 27 l\u00e4nder och EES har 30 (EU+Lichtenstein, Norge och Island). I portalen kan du v\u00e4lja bland dessa l\u00e4nder:<\/p>\n\n<figure class=\"wp-block-table\"><table class=\"has-fixed-layout\"><tbody><tr><td>Belgien<\/td><td>(BE)<\/td><td>Spanien<\/td><td>(ES)<\/td><td>Ungern<\/td><td>(HU)<\/td><td>Slovakien<\/td><td>(SK)<\/td><\/tr><tr><td>Bulgarien<\/td><td>(BG)<\/td><td>Frankrike<\/td><td>(FR)<\/td><td>Malta<\/td><td>(MT)<\/td><td>Finland<\/td><td>(FI)<\/td><\/tr><tr><td>Tjeckien<\/td><td>(CZ)<\/td><td>Kroatien<\/td><td>(HR)<\/td><td>Nederl\u00e4nderna<\/td><td>(NL)<\/td><td>Sverige<\/td><td>(SE)<\/td><\/tr><tr><td>Danmark<\/td><td>(DK)<\/td><td>Italien<\/td><td>(IT)<\/td><td>\u00d6sterrike<\/td><td>(AT)<\/td><td>Tyskland<\/td><td>(DE)<\/td><\/tr><tr><td>Cypern<\/td><td>(CY)<\/td><td>Polen<\/td><td>(PL)<\/td><td>Island<\/td><td>(IS)<\/td><td>Estland<\/td><td>(EE)<\/td><\/tr><tr><td>Lettland<\/td><td>(LV)<\/td><td>Portugal<\/td><td>(PT)<\/td><td>Liechtenstein<\/td><td>(LI)<\/td><td>Irland<\/td><td>(IE)<\/td><\/tr><tr><td>Litauen<\/td><td>(LT)<\/td><td>Rum\u00e4nien<\/td><td>(RO)<\/td><td>Norge<\/td><td>(NO)<\/td><td>Grekland<\/td><td>(EL)<\/td><\/tr><tr><td>Luxemburg<\/td><td>(LU)<\/td><td>Slovenien<\/td><td>(SI)<\/td><td>Schweiz<\/td><td>(CH)<\/td><td><\/td><td><\/td><\/tr><\/tbody><\/table><\/figure>\n\n<p>*F\u00f6r Schweiz kan vi skapa PCN-dokumentationen med all information som beh\u00f6vs f\u00f6r att l\u00e4mna in en ans\u00f6kan i den schweiziska portalen. Kontakta oss f\u00f6r mer information. <\/p>\n\n<h2 class=\"wp-block-heading\" id=\"h-example-of-how-it-works\">Exempel p\u00e5 hur det fungerar<\/h2>\n\n<p>Du ska lansera en ny reng\u00f6ringsprodukt i <strong>Frankrike, Tyskland och Spanien.<\/strong> K\u00f6p helt enkelt tre l\u00e4nder. N\u00e4r du fyller i PCN-intagningsformul\u00e4ret med oss tilldelar du dessa landstoken till produkten &#8211; vilket s\u00e4kerst\u00e4ller juridisk efterlevnad p\u00e5 alla tre marknaderna utan besv\u00e4ret med enskilda inl\u00e4mningar.  <\/p>\n","protected":false},"excerpt":{"rendered":"<p>V\u00e4lj det antal l\u00e4nder d\u00e4r du vill registrera din produkt.<\/p>\n","protected":false},"featured_media":12586,"template":"","meta":[],"product_brand":[],"product_cat":[359],"product_tag":[],"class_list":{"0":"post-12585","1":"product","2":"type-product","3":"status-publish","4":"has-post-thumbnail","6":"product_cat-lander-sv","8":"first","9":"instock","10":"virtual","11":"taxable","12":"purchasable","13":"product-type-simple"},"bundled_by":["12602","12622","12804","12864","12894","12904","12934","13136","13295","13305","13349","13369","13586","13627","13634","13642","13668","13706","13726","13756","13946","13970","13980","14184","14204","14226","14234","14270","14290","14300","14320","14340","14576","14642","14666","14744","14870","14900","14920","14932","14935","15141","15161","15181","15211","15219","15244","15323","15387","15401","15563","15583","15745","15765","15785","15795","15813","16055","16056","16070","16084","16091","16161","16171","16191","16211","16411","16659","16689","16699","16719","16739","16759","16779","16799","16829","16839","16869","17105","17115","17123","17143","17153","17173","17203","17485","17505","17519","17539","17557","17567","17597","17605","17635","17989","18092","18101","18122","18142","18152","18271","18287","18305","18551","18571","18587","18595","18661","18671","18691","18713","19121","19141","19179","19189","19209","19239","19249","19467","19541","19561","19581","19611","19631","19651","19949","20015","20035","20045","20075","20095","20105","20125","20155","20463","20473","20493","20513","20543","20563","20583","20603","20893","20903","20933","20961","20981","21001","21031","21041","21061","21077","21091","21115","21269","21279","21299","21339","21357","21571","21803","21833","21843","21879","21883","21909","21997","22005","22019","22031","22317","22347","22355","22385","22793","22813","22829","22843","22853","22877","22897","22907","22937","23271","23337","23357","23367","23391","23411","23431","23461","23481","23497","23777","23797","23817","23865","23885","23895","23925","23945","23962","24022","24042","24072","31743"],"bundle_stock_status":"instock","bundle_stock_quantity":null,"bundle_virtual":false,"bundle_layout":"","bundle_add_to_cart_form_location":"","bundle_editable_in_cart":false,"bundle_sold_individually_context":"","bundle_item_grouping":"","bundle_min_size":"","bundle_max_size":"","bundle_price":[],"bundled_items":[],"bundle_sell_ids":[],"yoast_head":"<!-- This site is optimized with the Yoast SEO Premium plugin v25.1 (Yoast SEO v25.1) - https:\/\/yoast.com\/wordpress\/plugins\/seo\/ -->\n<title>L\u00e4nder f\u00f6r PCN-registrering - UFI<\/title>\n<meta name=\"description\" content=\"Med v\u00e5r PCN-registrering f\u00f6r EU-l\u00e4nder kan du v\u00e4lja exakt de l\u00e4nder d\u00e4r du vill lansera din produkt - vilket ger dig full flexibilitet och kontroll \u00f6ver din marknadsr\u00e4ckvidd.\" \/>\n<meta name=\"robots\" content=\"index, follow, max-snippet:-1, max-image-preview:large, max-video-preview:-1\" \/>\n<link rel=\"canonical\" href=\"https:\/\/www.ufi.eu\/sv\/product\/lander-for-pcn-registrering\/\" \/>\n<meta property=\"og:locale\" content=\"sv_SE\" \/>\n<meta property=\"og:type\" content=\"article\" \/>\n<meta property=\"og:title\" content=\"L\u00e4nder f\u00f6r PCN-registrering\" \/>\n<meta property=\"og:description\" content=\"Med v\u00e5r PCN-registrering f\u00f6r EU-l\u00e4nder kan du v\u00e4lja exakt de l\u00e4nder d\u00e4r du vill lansera din produkt - vilket ger dig full flexibilitet och kontroll \u00f6ver din marknadsr\u00e4ckvidd.\" \/>\n<meta property=\"og:url\" content=\"https:\/\/www.ufi.eu\/sv\/product\/lander-for-pcn-registrering\/\" \/>\n<meta property=\"og:site_name\" content=\"UFI\" \/>\n<meta property=\"article:modified_time\" content=\"2025-05-15T16:47:59+00:00\" \/>\n<meta property=\"og:image\" content=\"https:\/\/www.ufi.eu\/wp-content\/uploads\/2025\/03\/eu.jpg\" \/>\n\t<meta property=\"og:image:width\" content=\"800\" \/>\n\t<meta property=\"og:image:height\" content=\"800\" \/>\n\t<meta property=\"og:image:type\" content=\"image\/jpeg\" \/>\n<meta name=\"twitter:card\" content=\"summary_large_image\" \/>\n<meta name=\"twitter:label1\" content=\"Pris\" \/>\n\t<meta name=\"twitter:data1\" content=\"&euro;35.00\" \/>\n\t<meta name=\"twitter:label2\" content=\"Tillg\u00e4nglig\" \/>\n\t<meta name=\"twitter:data2\" content=\"I lager\" \/>\n<script type=\"application\/ld+json\" class=\"yoast-schema-graph\">{\"@context\":\"https:\/\/schema.org\",\"@graph\":[{\"@type\":\"WebPage\",\"@id\":\"https:\/\/www.ufi.eu\/sv\/product\/lander-for-pcn-registrering\/\",\"url\":\"https:\/\/www.ufi.eu\/sv\/product\/lander-for-pcn-registrering\/\",\"name\":\"L\u00e4nder f\u00f6r PCN-registrering - UFI\",\"isPartOf\":{\"@id\":\"https:\/\/www.ufi.eu\/sv\/#website\"},\"primaryImageOfPage\":{\"@id\":\"https:\/\/www.ufi.eu\/sv\/product\/lander-for-pcn-registrering\/#primaryimage\"},\"image\":{\"@id\":\"https:\/\/www.ufi.eu\/sv\/product\/lander-for-pcn-registrering\/#primaryimage\"},\"thumbnailUrl\":\"https:\/\/www.ufi.eu\/wp-content\/uploads\/2025\/03\/eu.jpg\",\"datePublished\":\"2025-04-15T19:37:37+00:00\",\"dateModified\":\"2025-05-15T16:47:59+00:00\",\"description\":\"Med v\u00e5r PCN-registrering f\u00f6r EU-l\u00e4nder kan du v\u00e4lja exakt de l\u00e4nder d\u00e4r du vill lansera din produkt - vilket ger dig full flexibilitet och kontroll \u00f6ver din marknadsr\u00e4ckvidd.\",\"breadcrumb\":{\"@id\":\"https:\/\/www.ufi.eu\/sv\/product\/lander-for-pcn-registrering\/#breadcrumb\"},\"inLanguage\":\"sv-SE\",\"potentialAction\":[{\"@type\":\"ReadAction\",\"target\":[\"https:\/\/www.ufi.eu\/sv\/product\/lander-for-pcn-registrering\/\"]}]},{\"@type\":\"ImageObject\",\"inLanguage\":\"sv-SE\",\"@id\":\"https:\/\/www.ufi.eu\/sv\/product\/lander-for-pcn-registrering\/#primaryimage\",\"url\":\"https:\/\/www.ufi.eu\/wp-content\/uploads\/2025\/03\/eu.jpg\",\"contentUrl\":\"https:\/\/www.ufi.eu\/wp-content\/uploads\/2025\/03\/eu.jpg\",\"width\":800,\"height\":800},{\"@type\":\"BreadcrumbList\",\"@id\":\"https:\/\/www.ufi.eu\/sv\/product\/lander-for-pcn-registrering\/#breadcrumb\",\"itemListElement\":[{\"@type\":\"ListItem\",\"position\":1,\"name\":\"Home\",\"item\":\"https:\/\/www.ufi.eu\/sv\/hem\/\"},{\"@type\":\"ListItem\",\"position\":2,\"name\":\"Butik\",\"item\":\"https:\/\/www.ufi.eu\/sv\/butik\/\"},{\"@type\":\"ListItem\",\"position\":3,\"name\":\"L\u00e4nder f\u00f6r PCN-registrering\"}]},{\"@type\":\"WebSite\",\"@id\":\"https:\/\/www.ufi.eu\/sv\/#website\",\"url\":\"https:\/\/www.ufi.eu\/sv\/\",\"name\":\"UFI.EU\",\"description\":\"Poison Centre Notifications (PCN) and UFI\",\"publisher\":{\"@id\":\"https:\/\/www.ufi.eu\/sv\/#organization\"},\"potentialAction\":[{\"@type\":\"SearchAction\",\"target\":{\"@type\":\"EntryPoint\",\"urlTemplate\":\"https:\/\/www.ufi.eu\/sv\/?s={search_term_string}\"},\"query-input\":{\"@type\":\"PropertyValueSpecification\",\"valueRequired\":true,\"valueName\":\"search_term_string\"}}],\"inLanguage\":\"sv-SE\"},{\"@type\":\"Organization\",\"@id\":\"https:\/\/www.ufi.eu\/sv\/#organization\",\"name\":\"UFI.EU\",\"url\":\"https:\/\/www.ufi.eu\/sv\/\",\"logo\":{\"@type\":\"ImageObject\",\"inLanguage\":\"sv-SE\",\"@id\":\"https:\/\/www.ufi.eu\/sv\/#\/schema\/logo\/image\/\",\"url\":\"https:\/\/www.ufi.eu\/wp-content\/uploads\/2025\/03\/cropped-logo_ufi3.jpg\",\"contentUrl\":\"https:\/\/www.ufi.eu\/wp-content\/uploads\/2025\/03\/cropped-logo_ufi3.jpg\",\"width\":231,\"height\":78,\"caption\":\"UFI.EU\"},\"image\":{\"@id\":\"https:\/\/www.ufi.eu\/sv\/#\/schema\/logo\/image\/\"},\"description\":\"UFI.eu specializes in digital registrations for Poison Centre Notifications (PCN), ensuring your chemical products meet EU regulatory requirements effortlessly. Our streamlined solutions help businesses stay compliant while reducing complexity and administrative burden.\",\"email\":\"info@ufi.eu\",\"legalName\":\"UFI.EU\"}]}<\/script>\n<meta property=\"product:price:amount\" content=\"35.00\" \/>\n<meta property=\"product:price:currency\" content=\"EUR\" \/>\n<meta property=\"og:availability\" content=\"instock\" \/>\n<meta property=\"product:availability\" content=\"instock\" \/>\n<meta property=\"product:retailer_item_id\" content=\"PCN-COUNTRIES\" \/>\n<meta property=\"product:condition\" content=\"new\" \/>\n<!-- \/ Yoast SEO Premium plugin. -->","yoast_head_json":{"title":"L\u00e4nder f\u00f6r PCN-registrering - UFI","description":"Med v\u00e5r PCN-registrering f\u00f6r EU-l\u00e4nder kan du v\u00e4lja exakt de l\u00e4nder d\u00e4r du vill lansera din produkt - vilket ger dig full flexibilitet och kontroll \u00f6ver din marknadsr\u00e4ckvidd.","robots":{"index":"index","follow":"follow","max-snippet":"max-snippet:-1","max-image-preview":"max-image-preview:large","max-video-preview":"max-video-preview:-1"},"canonical":"https:\/\/www.ufi.eu\/sv\/product\/lander-for-pcn-registrering\/","og_locale":"sv_SE","og_type":"article","og_title":"L\u00e4nder f\u00f6r PCN-registrering","og_description":"Med v\u00e5r PCN-registrering f\u00f6r EU-l\u00e4nder kan du v\u00e4lja exakt de l\u00e4nder d\u00e4r du vill lansera din produkt - vilket ger dig full flexibilitet och kontroll \u00f6ver din marknadsr\u00e4ckvidd.","og_url":"https:\/\/www.ufi.eu\/sv\/product\/lander-for-pcn-registrering\/","og_site_name":"UFI","article_modified_time":"2025-05-15T16:47:59+00:00","og_image":[{"width":800,"height":800,"url":"https:\/\/www.ufi.eu\/wp-content\/uploads\/2025\/03\/eu.jpg","type":"image\/jpeg"}],"twitter_card":"summary_large_image","twitter_misc":{"Pris":"&euro;35.00","Tillg\u00e4nglig":"I lager"},"schema":{"@context":"https:\/\/schema.org","@graph":[{"@type":"WebPage","@id":"https:\/\/www.ufi.eu\/sv\/product\/lander-for-pcn-registrering\/","url":"https:\/\/www.ufi.eu\/sv\/product\/lander-for-pcn-registrering\/","name":"L\u00e4nder f\u00f6r PCN-registrering - UFI","isPartOf":{"@id":"https:\/\/www.ufi.eu\/sv\/#website"},"primaryImageOfPage":{"@id":"https:\/\/www.ufi.eu\/sv\/product\/lander-for-pcn-registrering\/#primaryimage"},"image":{"@id":"https:\/\/www.ufi.eu\/sv\/product\/lander-for-pcn-registrering\/#primaryimage"},"thumbnailUrl":"https:\/\/www.ufi.eu\/wp-content\/uploads\/2025\/03\/eu.jpg","datePublished":"2025-04-15T19:37:37+00:00","dateModified":"2025-05-15T16:47:59+00:00","description":"Med v\u00e5r PCN-registrering f\u00f6r EU-l\u00e4nder kan du v\u00e4lja exakt de l\u00e4nder d\u00e4r du vill lansera din produkt - vilket ger dig full flexibilitet och kontroll \u00f6ver din marknadsr\u00e4ckvidd.","breadcrumb":{"@id":"https:\/\/www.ufi.eu\/sv\/product\/lander-for-pcn-registrering\/#breadcrumb"},"inLanguage":"sv-SE","potentialAction":[{"@type":"ReadAction","target":["https:\/\/www.ufi.eu\/sv\/product\/lander-for-pcn-registrering\/"]}]},{"@type":"ImageObject","inLanguage":"sv-SE","@id":"https:\/\/www.ufi.eu\/sv\/product\/lander-for-pcn-registrering\/#primaryimage","url":"https:\/\/www.ufi.eu\/wp-content\/uploads\/2025\/03\/eu.jpg","contentUrl":"https:\/\/www.ufi.eu\/wp-content\/uploads\/2025\/03\/eu.jpg","width":800,"height":800},{"@type":"BreadcrumbList","@id":"https:\/\/www.ufi.eu\/sv\/product\/lander-for-pcn-registrering\/#breadcrumb","itemListElement":[{"@type":"ListItem","position":1,"name":"Home","item":"https:\/\/www.ufi.eu\/sv\/hem\/"},{"@type":"ListItem","position":2,"name":"Butik","item":"https:\/\/www.ufi.eu\/sv\/butik\/"},{"@type":"ListItem","position":3,"name":"L\u00e4nder f\u00f6r PCN-registrering"}]},{"@type":"WebSite","@id":"https:\/\/www.ufi.eu\/sv\/#website","url":"https:\/\/www.ufi.eu\/sv\/","name":"UFI.EU","description":"Poison Centre Notifications (PCN) and UFI","publisher":{"@id":"https:\/\/www.ufi.eu\/sv\/#organization"},"potentialAction":[{"@type":"SearchAction","target":{"@type":"EntryPoint","urlTemplate":"https:\/\/www.ufi.eu\/sv\/?s={search_term_string}"},"query-input":{"@type":"PropertyValueSpecification","valueRequired":true,"valueName":"search_term_string"}}],"inLanguage":"sv-SE"},{"@type":"Organization","@id":"https:\/\/www.ufi.eu\/sv\/#organization","name":"UFI.EU","url":"https:\/\/www.ufi.eu\/sv\/","logo":{"@type":"ImageObject","inLanguage":"sv-SE","@id":"https:\/\/www.ufi.eu\/sv\/#\/schema\/logo\/image\/","url":"https:\/\/www.ufi.eu\/wp-content\/uploads\/2025\/03\/cropped-logo_ufi3.jpg","contentUrl":"https:\/\/www.ufi.eu\/wp-content\/uploads\/2025\/03\/cropped-logo_ufi3.jpg","width":231,"height":78,"caption":"UFI.EU"},"image":{"@id":"https:\/\/www.ufi.eu\/sv\/#\/schema\/logo\/image\/"},"description":"UFI.eu specializes in digital registrations for Poison Centre Notifications (PCN), ensuring your chemical products meet EU regulatory requirements effortlessly. Our streamlined solutions help businesses stay compliant while reducing complexity and administrative burden.","email":"info@ufi.eu","legalName":"UFI.EU"}]},"product_price_amount":"35.00","product_price_currency":"EUR","og_availability":"instock","product_availability":"instock","product_retailer_item_id":"PCN-COUNTRIES","product_condition":"new"},"_links":{"self":[{"href":"https:\/\/www.ufi.eu\/sv\/wp-json\/wp\/v2\/product\/12585","targetHints":{"allow":["GET"]}}],"collection":[{"href":"https:\/\/www.ufi.eu\/sv\/wp-json\/wp\/v2\/product"}],"about":[{"href":"https:\/\/www.ufi.eu\/sv\/wp-json\/wp\/v2\/types\/product"}],"wp:featuredmedia":[{"embeddable":true,"href":"https:\/\/www.ufi.eu\/sv\/wp-json\/wp\/v2\/media\/12586"}],"wp:attachment":[{"href":"https:\/\/www.ufi.eu\/sv\/wp-json\/wp\/v2\/media?parent=12585"}],"wp:term":[{"taxonomy":"product_brand","embeddable":true,"href":"https:\/\/www.ufi.eu\/sv\/wp-json\/wp\/v2\/product_brand?post=12585"},{"taxonomy":"product_cat","embeddable":true,"href":"https:\/\/www.ufi.eu\/sv\/wp-json\/wp\/v2\/product_cat?post=12585"},{"taxonomy":"product_tag","embeddable":true,"href":"https:\/\/www.ufi.eu\/sv\/wp-json\/wp\/v2\/product_tag?post=12585"}],"curies":[{"name":"wp","href":"https:\/\/api.w.org\/{rel}","templated":true}]}}