{"id":11363,"date":"2025-04-15T07:32:52","date_gmt":"2025-04-15T07:32:52","guid":{"rendered":"https:\/\/www.ufi.eu\/villkor-och-anvisningar\/"},"modified":"2025-04-15T07:32:53","modified_gmt":"2025-04-15T07:32:53","slug":"villkor-och-anvisningar","status":"publish","type":"page","link":"https:\/\/www.ufi.eu\/sv\/villkor-och-anvisningar\/","title":{"rendered":"Villkor och anvisningar"},"content":{"rendered":"\n<p><strong>F\u00f6retag:<\/strong> UFI.EU<br\/><strong>Registrerad adress:<\/strong> Transistorstraat 91 &#8211; 02, 1322 CL Almere, Nederl\u00e4nderna<br\/><strong>Handelskammaren (KvK):<\/strong> 61064939<br\/><strong>VAT ID:<\/strong> NL854189543B01<\/p>\n\n<h2 class=\"wp-block-heading\" id=\"h-1-overview\"><strong>1. \u00d6versikt<\/strong><\/h2>\n\n<p>Denna webbplats drivs av <strong>UFI.EU.<\/strong> P\u00e5 hela webbplatsen h\u00e4nvisar termerna &#8220;vi&#8221;, &#8220;oss&#8221; och &#8220;v\u00e5r&#8221; till <strong>UFI<\/strong>. <strong>EU<\/strong>. Genom att bes\u00f6ka v\u00e5r webbplats och\/eller k\u00f6pa n\u00e5got fr\u00e5n oss anv\u00e4nder du v\u00e5r &#8220;tj\u00e4nst&#8221; och samtycker till att vara bunden av f\u00f6ljande <strong>villkor<\/strong> (&#8220;villkor&#8221;), inklusive eventuella ytterligare villkor och policyer som h\u00e4nvisas till h\u00e4r eller l\u00e4nkas fr\u00e5n denna sida.  <\/p>\n\n<p>Dessa villkor g\u00e4ller f\u00f6r alla anv\u00e4ndare av webbplatsen, inklusive men inte begr\u00e4nsat till webbl\u00e4sare, leverant\u00f6rer, kunder, handlare och inneh\u00e5llsbidragsgivare. Om du inte samtycker till alla villkor i detta avtal f\u00e5r du inte g\u00e5 in p\u00e5 webbplatsen eller anv\u00e4nda n\u00e5gra tj\u00e4nster. <\/p>\n\n<p>Vi f\u00f6rbeh\u00e5ller oss r\u00e4tten att n\u00e4r som helst uppdatera eller \u00e4ndra dessa villkor. Det \u00e4r ditt ansvar att kontrollera denna sida regelbundet. Fortsatt anv\u00e4ndning av webbplatsen efter eventuella \u00e4ndringar utg\u00f6r ett godk\u00e4nnande av dessa \u00e4ndringar.  <\/p>\n\n<h2 class=\"wp-block-heading\" id=\"h-2-online-store-terms\"><strong>2. Villkor f\u00f6r onlinebutik<\/strong><\/h2>\n\n<p>Genom att godk\u00e4nna dessa villkor bekr\u00e4ftar du att du \u00e4r myndig i det land d\u00e4r du \u00e4r bosatt, eller att du har gett ditt samtycke till att minder\u00e5riga anv\u00e4nder denna webbplats under ditt ansvar.<\/p>\n\n<p>Du f\u00e5r inte anv\u00e4nda v\u00e5ra produkter eller tj\u00e4nster f\u00f6r n\u00e5got olagligt eller obeh\u00f6rigt syfte, och du f\u00e5r inte heller bryta mot n\u00e5gra lagar i din jurisdiktion n\u00e4r du anv\u00e4nder tj\u00e4nsten. Ett brott mot n\u00e5got av dessa villkor kommer att leda till omedelbar upps\u00e4gning av din tillg\u00e5ng till v\u00e5ra tj\u00e4nster. <\/p>\n\n<h2 class=\"wp-block-heading\" id=\"h-3-accuracy-completeness-amp-timeliness-of-information\"><strong>3. Informationens riktighet, fullst\u00e4ndighet och aktualitet<\/strong><\/h2>\n\n<p>Vi ansvarar inte f\u00f6r om information som g\u00f6rs tillg\u00e4nglig p\u00e5 denna webbplats inte \u00e4r korrekt, fullst\u00e4ndig eller aktuell. Materialet tillhandah\u00e5lls endast f\u00f6r allm\u00e4n information och ska inte anv\u00e4ndas som enda grund f\u00f6r att fatta beslut. <\/p>\n\n<p>Vi kan uppdatera inneh\u00e5llet p\u00e5 v\u00e5r webbplats n\u00e4r som helst, men vi \u00e4r inte skyldiga att g\u00f6ra det. Du samtycker till att det \u00e4r ditt ansvar att \u00f6vervaka \u00e4ndringar p\u00e5 v\u00e5r webbplats. <\/p>\n\n<h2 class=\"wp-block-heading\" id=\"h-4-modifications-to-services-amp-prices\"><strong>4. \u00c4ndringar av tj\u00e4nster och priser<\/strong><\/h2>\n\n<p>Priserna f\u00f6r v\u00e5ra tj\u00e4nster kan komma att \u00e4ndras utan f\u00f6reg\u00e5ende meddelande. Vi f\u00f6rbeh\u00e5ller oss r\u00e4tten att n\u00e4r som helst \u00e4ndra eller avbryta en tj\u00e4nst (eller en del av den) utan f\u00f6reg\u00e5ende meddelande. Vi ansvarar inte f\u00f6r n\u00e5gon \u00e4ndring, pris\u00e4ndring, avst\u00e4ngning eller upph\u00f6rande av tj\u00e4nsten.  <\/p>\n\n<h2 class=\"wp-block-heading\" id=\"h-5-products-amp-services\"><strong>5. Produkter och tj\u00e4nster<\/strong><\/h2>\n\n<p>Vissa tj\u00e4nster kan vara tillg\u00e4ngliga exklusivt online via v\u00e5r webbplats. Dessa kan ha begr\u00e4nsad tillg\u00e4nglighet och omfattas av v\u00e5r policy f\u00f6r \u00e5terbetalning och retur. <\/p>\n\n<p>Vi f\u00f6rbeh\u00e5ller oss r\u00e4tten att begr\u00e4nsa f\u00f6rs\u00e4ljningen av v\u00e5ra tj\u00e4nster till specifika regioner, anv\u00e4ndare eller jurisdiktioner. Beskrivningar och priss\u00e4ttning av tj\u00e4nster kan komma att \u00e4ndras utan f\u00f6reg\u00e5ende meddelande. Vi garanterar inte att kvaliteten p\u00e5 de tj\u00e4nster som k\u00f6ps kommer att uppfylla dina f\u00f6rv\u00e4ntningar.  <\/p>\n\n<h2 class=\"wp-block-heading\" id=\"h-6-accuracy-of-billing-amp-account-information\"><strong>6. Fakturerings- och kontoinformationens riktighet<\/strong><\/h2>\n\n<p>Vi f\u00f6rbeh\u00e5ller oss r\u00e4tten att neka eller annullera en best\u00e4llning. Du samtycker till att tillhandah\u00e5lla aktuell, fullst\u00e4ndig och korrekt k\u00f6p- och kontoinformation. Du \u00e4r ansvarig f\u00f6r att omedelbart uppdatera dina konto- och betalningsuppgifter.  <\/p>\n\n<h2 class=\"wp-block-heading\" id=\"h-7-use-of-pcn-and-country-tokens\"><strong>7. Anv\u00e4ndning av PCN- och landstoken<\/strong><\/h2>\n\n<p>PCN- och country-tokens representerar r\u00e4ttigheter att skicka PCN-meddelanden till specifika EU-l\u00e4nder. Tokens tilldelas per produkt per land. Tokens \u00e4r inte \u00e5terbetalningsbara.  <\/p>\n\n<h2 class=\"wp-block-heading\" id=\"h-8-optional-tools-amp-third-party-links\"><strong>8. Valfria verktyg och l\u00e4nkar till tredje part<\/strong><\/h2>\n\n<p>Vi kan ge tillg\u00e5ng till verktyg fr\u00e5n tredje part utan \u00f6vervakning eller kontroll. Du samtycker till att anv\u00e4nda dessa verktyg p\u00e5 egen risk. Tredjepartsl\u00e4nkar p\u00e5 v\u00e5r webbplats kan leda dig till externa webbplatser. Vi \u00e4r inte ansvariga f\u00f6r deras inneh\u00e5ll eller praxis.   <\/p>\n\n<h2 class=\"wp-block-heading\" id=\"h-9-user-submissions-amp-feedback\"><strong>9. Inl\u00e4mningar och feedback fr\u00e5n anv\u00e4ndare<\/strong><\/h2>\n\n<p>Om du skickar in f\u00f6rslag, id\u00e9er eller annat material (kollektivt &#8220;kommentarer&#8221;) samtycker du till att vi f\u00e5r anv\u00e4nda dem utan begr\u00e4nsning. Du f\u00e5r inte publicera olagligt, \u00e4rekr\u00e4nkande eller skadligt inneh\u00e5ll. Du \u00e4r ensam ansvarig f\u00f6r dina inlagor.  <\/p>\n\n<h2 class=\"wp-block-heading\" id=\"h-10-personal-information\"><strong>10. Personlig information<\/strong><\/h2>\n\n<p>V\u00e5r hantering av personuppgifter styrs av v\u00e5r <a href=\"https:\/\/www.ufi.eu\/sv\/integritetspolicy\/\">integritetspolicy<\/a>. V\u00e4nligen l\u00e4s igenom den f\u00f6r mer information. <\/p>\n\n<h2 class=\"wp-block-heading\" id=\"h-11-errors-inaccuracies-amp-omissions\"><strong>11. Fel, felaktigheter och utel\u00e4mnanden<\/strong><\/h2>\n\n<p>Vi f\u00f6rbeh\u00e5ller oss r\u00e4tten att korrigera eventuella fel, felaktigheter eller utel\u00e4mnanden och att annullera eller uppdatera best\u00e4llningar om informationen \u00e4r felaktig n\u00e4r som helst utan f\u00f6reg\u00e5ende meddelande, inklusive efter att en best\u00e4llning har skickats.<\/p>\n\n<h2 class=\"wp-block-heading\" id=\"h-12-prohibited-uses\"><strong>12. F\u00f6rbjudna anv\u00e4ndningsomr\u00e5den<\/strong><\/h2>\n\n<p>Du f\u00e5r inte anv\u00e4nda webbplatsen eller dess inneh\u00e5ll f\u00f6r olagliga syften, f\u00f6r att g\u00f6ra intr\u00e5ng i immateriella r\u00e4ttigheter, trakassera andra, sprida skadlig kod, samla in personuppgifter eller st\u00f6ra webbplatsens s\u00e4kerhet.<\/p>\n\n<h2 class=\"wp-block-heading\" id=\"h-13-disclaimer-of-warranties-limitation-of-liability\"><strong>13. Friskrivning fr\u00e5n garantier; begr\u00e4nsning av ansvar<\/strong><\/h2>\n\n<p>V\u00e5ra tj\u00e4nster tillhandah\u00e5lls &#8220;i befintligt skick&#8221; och &#8220;i m\u00e5n av tillg\u00e5ng&#8221; utan n\u00e5gra garantier. Vi garanterar inte oavbruten eller felfri service. Under inga omst\u00e4ndigheter ska UFI.EU eller dess direkt\u00f6rer, anst\u00e4llda eller dotterbolag vara ansvariga f\u00f6r direkta, indirekta, tillf\u00e4lliga eller f\u00f6ljdskador som uppst\u00e5r till f\u00f6ljd av anv\u00e4ndningen av v\u00e5ra tj\u00e4nster.  <\/p>\n\n<h2 class=\"wp-block-heading\" id=\"h-14-indemnification\"><strong>14. Skadeers\u00e4ttning<\/strong><\/h2>\n\n<p>Du samtycker till att ers\u00e4tta och h\u00e5lla UFI.EU och dess dotterbolag skadesl\u00f6sa fr\u00e5n alla anspr\u00e5k eller krav, inklusive juridiska avgifter, som uppst\u00e5r till f\u00f6ljd av att du bryter mot dessa villkor eller n\u00e5gon lag eller tredje parts r\u00e4ttigheter.<\/p>\n\n<h2 class=\"wp-block-heading\" id=\"h-15-severability\"><strong>15. Skiljaktighet<\/strong><\/h2>\n\n<p>Om n\u00e5gon best\u00e4mmelse i dessa villkor befinns vara olaglig eller ogenomf\u00f6rbar, ska de \u00e5terst\u00e5ende best\u00e4mmelserna forts\u00e4tta att g\u00e4lla.<\/p>\n\n<h2 class=\"wp-block-heading\" id=\"h-16-termination\"><strong>16. Upps\u00e4gning<\/strong><\/h2>\n\n<p>Dessa villkor g\u00e4ller om de inte s\u00e4gs upp av dig eller oss. Vi kan s\u00e4ga upp detta avtal n\u00e4r som helst om du bryter mot dessa villkor. Vid upps\u00e4gning f\u00f6rblir du ansvarig f\u00f6r alla f\u00f6rfallna belopp.  <\/p>\n\n<h2 class=\"wp-block-heading\" id=\"h-17-entire-agreement\"><strong>17. Fullst\u00e4ndigt avtal<\/strong><\/h2>\n\n<p>Dessa villkor och alla policyer som publiceras p\u00e5 denna webbplats utg\u00f6r hela avtalet mellan dig och UFI.EU om anv\u00e4ndningen av v\u00e5ra tj\u00e4nster.<\/p>\n\n<h2 class=\"wp-block-heading\" id=\"h-18-governing-law\"><strong>18. Till\u00e4mplig lag<\/strong><\/h2>\n\n<p>Dessa villkor och eventuella tvister i samband med dem ska regleras av och tolkas i enlighet med <strong>nederl\u00e4ndsk lag.<\/strong> Alla avtal anses vara uppr\u00e4ttade i Almere, Nederl\u00e4nderna. <\/p>\n\n<h2 class=\"wp-block-heading\" id=\"h-19-changes-to-these-terms\"><strong>19. \u00c4ndringar av dessa villkor<\/strong><\/h2>\n\n<p>Den aktuella versionen av Villkoren finns alltid tillg\u00e4nglig p\u00e5 denna sida. Vi f\u00f6rbeh\u00e5ller oss r\u00e4tten att uppdatera, \u00e4ndra eller ers\u00e4tta n\u00e5gon del av dessa villkor efter eget gottfinnande. <\/p>\n","protected":false},"excerpt":{"rendered":"<p>F\u00f6retag: UFI.EURegistrerad adress: Transistorstraat 91 &#8211; 02, 1322 CL Almere, Nederl\u00e4ndernaHandelskammaren (KvK): 61064939VAT ID: NL854189543B01 1. \u00d6versikt Denna webbplats drivs av UFI.EU. P\u00e5 hela webbplatsen h\u00e4nvisar termerna &#8220;vi&#8221;, &#8220;oss&#8221; och &#8220;v\u00e5r&#8221; till UFI. EU. Genom att bes\u00f6ka v\u00e5r webbplats och\/eller k\u00f6pa n\u00e5got fr\u00e5n oss anv\u00e4nder du v\u00e5r &#8220;tj\u00e4nst&#8221; och samtycker till att vara bunden av [&hellip;]<\/p>\n","protected":false},"author":1,"featured_media":0,"parent":0,"menu_order":0,"comment_status":"closed","ping_status":"closed","template":"","meta":{"footnotes":""},"class_list":["post-11363","page","type-page","status-publish","hentry"],"yoast_head":"<!-- This site is optimized with the Yoast SEO Premium plugin v25.1 (Yoast SEO v25.1) - https:\/\/yoast.com\/wordpress\/plugins\/seo\/ -->\n<title>Villkor och anvisningar - UFI<\/title>\n<meta name=\"robots\" content=\"index, follow, max-snippet:-1, max-image-preview:large, max-video-preview:-1\" \/>\n<link rel=\"canonical\" href=\"https:\/\/www.ufi.eu\/sv\/villkor-och-anvisningar\/\" \/>\n<meta property=\"og:locale\" content=\"sv_SE\" \/>\n<meta property=\"og:type\" content=\"article\" \/>\n<meta property=\"og:title\" content=\"Villkor och anvisningar\" \/>\n<meta property=\"og:description\" content=\"F\u00f6retag: UFI.EURegistrerad adress: Transistorstraat 91 &#8211; 02, 1322 CL Almere, Nederl\u00e4ndernaHandelskammaren (KvK): 61064939VAT ID: NL854189543B01 1. \u00d6versikt Denna webbplats drivs av UFI.EU. P\u00e5 hela webbplatsen h\u00e4nvisar termerna &#8220;vi&#8221;, &#8220;oss&#8221; och &#8220;v\u00e5r&#8221; till UFI. EU. Genom att bes\u00f6ka v\u00e5r webbplats och\/eller k\u00f6pa n\u00e5got fr\u00e5n oss anv\u00e4nder du v\u00e5r &#8220;tj\u00e4nst&#8221; och samtycker till att vara bunden av [&hellip;]\" \/>\n<meta property=\"og:url\" content=\"https:\/\/www.ufi.eu\/sv\/villkor-och-anvisningar\/\" \/>\n<meta property=\"og:site_name\" content=\"UFI\" \/>\n<meta property=\"article:modified_time\" content=\"2025-04-15T07:32:53+00:00\" \/>\n<meta name=\"twitter:card\" content=\"summary_large_image\" \/>\n<meta name=\"twitter:label1\" content=\"Ber\u00e4knad l\u00e4stid\" \/>\n\t<meta name=\"twitter:data1\" content=\"6 minut\" \/>\n<script type=\"application\/ld+json\" class=\"yoast-schema-graph\">{\"@context\":\"https:\/\/schema.org\",\"@graph\":[{\"@type\":\"WebPage\",\"@id\":\"https:\/\/www.ufi.eu\/sv\/villkor-och-anvisningar\/\",\"url\":\"https:\/\/www.ufi.eu\/sv\/villkor-och-anvisningar\/\",\"name\":\"Villkor och anvisningar - UFI\",\"isPartOf\":{\"@id\":\"https:\/\/www.ufi.eu\/sv\/#website\"},\"datePublished\":\"2025-04-15T07:32:52+00:00\",\"dateModified\":\"2025-04-15T07:32:53+00:00\",\"breadcrumb\":{\"@id\":\"https:\/\/www.ufi.eu\/sv\/villkor-och-anvisningar\/#breadcrumb\"},\"inLanguage\":\"sv-SE\",\"potentialAction\":[{\"@type\":\"ReadAction\",\"target\":[\"https:\/\/www.ufi.eu\/sv\/villkor-och-anvisningar\/\"]}]},{\"@type\":\"BreadcrumbList\",\"@id\":\"https:\/\/www.ufi.eu\/sv\/villkor-och-anvisningar\/#breadcrumb\",\"itemListElement\":[{\"@type\":\"ListItem\",\"position\":1,\"name\":\"Home\",\"item\":\"https:\/\/www.ufi.eu\/sv\/hem\/\"},{\"@type\":\"ListItem\",\"position\":2,\"name\":\"Villkor och anvisningar\"}]},{\"@type\":\"WebSite\",\"@id\":\"https:\/\/www.ufi.eu\/sv\/#website\",\"url\":\"https:\/\/www.ufi.eu\/sv\/\",\"name\":\"UFI.EU\",\"description\":\"Poison Centre Notifications (PCN) and UFI\",\"publisher\":{\"@id\":\"https:\/\/www.ufi.eu\/sv\/#organization\"},\"potentialAction\":[{\"@type\":\"SearchAction\",\"target\":{\"@type\":\"EntryPoint\",\"urlTemplate\":\"https:\/\/www.ufi.eu\/sv\/?s={search_term_string}\"},\"query-input\":{\"@type\":\"PropertyValueSpecification\",\"valueRequired\":true,\"valueName\":\"search_term_string\"}}],\"inLanguage\":\"sv-SE\"},{\"@type\":\"Organization\",\"@id\":\"https:\/\/www.ufi.eu\/sv\/#organization\",\"name\":\"UFI.EU\",\"url\":\"https:\/\/www.ufi.eu\/sv\/\",\"logo\":{\"@type\":\"ImageObject\",\"inLanguage\":\"sv-SE\",\"@id\":\"https:\/\/www.ufi.eu\/sv\/#\/schema\/logo\/image\/\",\"url\":\"https:\/\/www.ufi.eu\/wp-content\/uploads\/2025\/03\/cropped-logo_ufi3.jpg\",\"contentUrl\":\"https:\/\/www.ufi.eu\/wp-content\/uploads\/2025\/03\/cropped-logo_ufi3.jpg\",\"width\":231,\"height\":78,\"caption\":\"UFI.EU\"},\"image\":{\"@id\":\"https:\/\/www.ufi.eu\/sv\/#\/schema\/logo\/image\/\"},\"description\":\"UFI.eu specializes in digital registrations for Poison Centre Notifications (PCN), ensuring your chemical products meet EU regulatory requirements effortlessly. Our streamlined solutions help businesses stay compliant while reducing complexity and administrative burden.\",\"email\":\"info@ufi.eu\",\"legalName\":\"UFI.EU\"}]}<\/script>\n<!-- \/ Yoast SEO Premium plugin. -->","yoast_head_json":{"title":"Villkor och anvisningar - UFI","robots":{"index":"index","follow":"follow","max-snippet":"max-snippet:-1","max-image-preview":"max-image-preview:large","max-video-preview":"max-video-preview:-1"},"canonical":"https:\/\/www.ufi.eu\/sv\/villkor-och-anvisningar\/","og_locale":"sv_SE","og_type":"article","og_title":"Villkor och anvisningar","og_description":"F\u00f6retag: UFI.EURegistrerad adress: Transistorstraat 91 &#8211; 02, 1322 CL Almere, Nederl\u00e4ndernaHandelskammaren (KvK): 61064939VAT ID: NL854189543B01 1. \u00d6versikt Denna webbplats drivs av UFI.EU. P\u00e5 hela webbplatsen h\u00e4nvisar termerna &#8220;vi&#8221;, &#8220;oss&#8221; och &#8220;v\u00e5r&#8221; till UFI. EU. Genom att bes\u00f6ka v\u00e5r webbplats och\/eller k\u00f6pa n\u00e5got fr\u00e5n oss anv\u00e4nder du v\u00e5r &#8220;tj\u00e4nst&#8221; och samtycker till att vara bunden av [&hellip;]","og_url":"https:\/\/www.ufi.eu\/sv\/villkor-och-anvisningar\/","og_site_name":"UFI","article_modified_time":"2025-04-15T07:32:53+00:00","twitter_card":"summary_large_image","twitter_misc":{"Ber\u00e4knad l\u00e4stid":"6 minut"},"schema":{"@context":"https:\/\/schema.org","@graph":[{"@type":"WebPage","@id":"https:\/\/www.ufi.eu\/sv\/villkor-och-anvisningar\/","url":"https:\/\/www.ufi.eu\/sv\/villkor-och-anvisningar\/","name":"Villkor och anvisningar - UFI","isPartOf":{"@id":"https:\/\/www.ufi.eu\/sv\/#website"},"datePublished":"2025-04-15T07:32:52+00:00","dateModified":"2025-04-15T07:32:53+00:00","breadcrumb":{"@id":"https:\/\/www.ufi.eu\/sv\/villkor-och-anvisningar\/#breadcrumb"},"inLanguage":"sv-SE","potentialAction":[{"@type":"ReadAction","target":["https:\/\/www.ufi.eu\/sv\/villkor-och-anvisningar\/"]}]},{"@type":"BreadcrumbList","@id":"https:\/\/www.ufi.eu\/sv\/villkor-och-anvisningar\/#breadcrumb","itemListElement":[{"@type":"ListItem","position":1,"name":"Home","item":"https:\/\/www.ufi.eu\/sv\/hem\/"},{"@type":"ListItem","position":2,"name":"Villkor och anvisningar"}]},{"@type":"WebSite","@id":"https:\/\/www.ufi.eu\/sv\/#website","url":"https:\/\/www.ufi.eu\/sv\/","name":"UFI.EU","description":"Poison Centre Notifications (PCN) and UFI","publisher":{"@id":"https:\/\/www.ufi.eu\/sv\/#organization"},"potentialAction":[{"@type":"SearchAction","target":{"@type":"EntryPoint","urlTemplate":"https:\/\/www.ufi.eu\/sv\/?s={search_term_string}"},"query-input":{"@type":"PropertyValueSpecification","valueRequired":true,"valueName":"search_term_string"}}],"inLanguage":"sv-SE"},{"@type":"Organization","@id":"https:\/\/www.ufi.eu\/sv\/#organization","name":"UFI.EU","url":"https:\/\/www.ufi.eu\/sv\/","logo":{"@type":"ImageObject","inLanguage":"sv-SE","@id":"https:\/\/www.ufi.eu\/sv\/#\/schema\/logo\/image\/","url":"https:\/\/www.ufi.eu\/wp-content\/uploads\/2025\/03\/cropped-logo_ufi3.jpg","contentUrl":"https:\/\/www.ufi.eu\/wp-content\/uploads\/2025\/03\/cropped-logo_ufi3.jpg","width":231,"height":78,"caption":"UFI.EU"},"image":{"@id":"https:\/\/www.ufi.eu\/sv\/#\/schema\/logo\/image\/"},"description":"UFI.eu specializes in digital registrations for Poison Centre Notifications (PCN), ensuring your chemical products meet EU regulatory requirements effortlessly. Our streamlined solutions help businesses stay compliant while reducing complexity and administrative burden.","email":"info@ufi.eu","legalName":"UFI.EU"}]}},"_links":{"self":[{"href":"https:\/\/www.ufi.eu\/sv\/wp-json\/wp\/v2\/pages\/11363","targetHints":{"allow":["GET"]}}],"collection":[{"href":"https:\/\/www.ufi.eu\/sv\/wp-json\/wp\/v2\/pages"}],"about":[{"href":"https:\/\/www.ufi.eu\/sv\/wp-json\/wp\/v2\/types\/page"}],"author":[{"embeddable":true,"href":"https:\/\/www.ufi.eu\/sv\/wp-json\/wp\/v2\/users\/1"}],"replies":[{"embeddable":true,"href":"https:\/\/www.ufi.eu\/sv\/wp-json\/wp\/v2\/comments?post=11363"}],"version-history":[{"count":1,"href":"https:\/\/www.ufi.eu\/sv\/wp-json\/wp\/v2\/pages\/11363\/revisions"}],"predecessor-version":[{"id":11378,"href":"https:\/\/www.ufi.eu\/sv\/wp-json\/wp\/v2\/pages\/11363\/revisions\/11378"}],"wp:attachment":[{"href":"https:\/\/www.ufi.eu\/sv\/wp-json\/wp\/v2\/media?parent=11363"}],"curies":[{"name":"wp","href":"https:\/\/api.w.org\/{rel}","templated":true}]}}