{"id":31750,"date":"2025-06-25T10:04:58","date_gmt":"2025-09-24T14:40:53","guid":{"rendered":"https:\/\/www.ufi.eu\/product\/paketa-pcn-ufi\/"},"modified":"2026-01-09T16:11:52","modified_gmt":"2026-01-09T16:11:52","slug":"paketa-pcn-ufi","status":"publish","type":"product","link":"https:\/\/www.ufi.eu\/sq\/product\/paketa-pcn-ufi\/","title":{"rendered":"Paketa PCN &amp; UFI"},"content":{"rendered":"\n<h2 class=\"wp-block-heading\" id=\"h-how-does-the-ufi-creation-and-pcn-notification-service-work\">Si funksionon sh\u00ebrbimi i krijimit t\u00eb UFI-s\u00eb dhe njoftimit PCN?<\/h2>\n\n<p>Pas blerjes s\u00eb k\u00ebtij sh\u00ebrbimi, do t\u00eb merrni akses n\u00eb portalin e sigurt. Ky portal p\u00ebrmban nj\u00eb p\u00ebrmbledhje t\u00eb t\u00eb gjitha hapave.  Ju plot\u00ebsoni detajet e produktit tuaj dhe ne do t\u00eb fillojm\u00eb pun\u00ebn.<\/p>\n\n<h3 class=\"wp-block-heading\" id=\"h-poison-center-notification-amp-ufi\">Njoftimi i Qendr\u00ebs s\u00eb Helmimeve &amp; UFI<\/h3>\n\n<p>Ne do t\u00eb ofrojm\u00eb:<\/p>\n\n<ul class=\"wp-block-list\">\n<li>Identifikuesi Unik i Formul\u00ebs (UFI) i produktit tuaj<\/li>\n\n\n\n<li>Nj\u00eb raport i Njoftimit t\u00eb Qendr\u00ebs s\u00eb Helmimeve (PCN)<\/li>\n\n\n\n<li>Regjistrimi i produktit tuaj n\u00eb Qendrat Komb\u00ebtare t\u00eb Helmimeve p\u00ebrkat\u00ebse n\u00ebp\u00ebrmjet ECHA-s.<\/li>\n\n\n\n<li>MSDS-ja e produktit tuaj<\/li>\n<\/ul>\n\n<h3 class=\"wp-block-heading\" id=\"h-countries-for-pcn-registration\">Vendet p\u00ebr regjistrimin PCN<\/h3>\n\n<p>Ju mund t\u00eb num\u00ebroni numrin e vendeve n\u00eb t\u00eb cilat d\u00ebshironi t\u00eb regjistroni produktin tuaj. Ky \u00ebsht\u00eb numri i vendeve q\u00eb duhet t\u00eb blini.  Do t\u00eb mund t\u00eb zgjidhni vendet specifike brenda portalit. N\u00ebse planifikoni t\u00eb zgjeroni shitjet e produkteve tuaja n\u00eb vende t\u00eb reja n\u00eb nj\u00eb dat\u00eb t\u00eb m\u00ebvonshme, at\u00ebher\u00eb mund t\u00eb porosisni gjithmon\u00eb <a href=\"https:\/\/www.ufi.eu\/pcn\/countries\/countries-for-pcn-registration\/\" target=\"_blank\" rel=\"noreferrer noopener\">regjistrime shtes\u00eb t\u00eb vendeve PCN<\/a>.<br\/>BE-ja ka 27 vende dhe EEA ka 30 (BE+Lihtenshtajni, Norvegjia dhe Islanda). N\u00eb portal mund t\u00eb zgjidhni k\u00ebto vende: <\/p>\n\n<figure class=\"wp-block-table\"><table class=\"has-fixed-layout\"><tbody><tr><td>Belgjika<\/td><td>(BE)<\/td><td>Spanja<\/td><td>(ES)<\/td><td>Hungaria<\/td><td>(HU)<\/td><td>Sllovakia<\/td><td>(SK)<\/td><\/tr><tr><td>Bullgaria<\/td><td>(BG)<\/td><td>Franca<\/td><td>(FR)<\/td><td>Malta<\/td><td>(MT)<\/td><td>Finlanda<\/td><td>(FI)<\/td><\/tr><tr><td>\u00c7ekia<\/td><td>(CZ)<\/td><td>Kroacia<\/td><td>(HR)<\/td><td>Holanda<\/td><td>(NL)<\/td><td>Suedia<\/td><td>(SE)<\/td><\/tr><tr><td>Danimarka<\/td><td>(DK)<\/td><td>Italia<\/td><td>(IT)<\/td><td>Austria<\/td><td>(AT)<\/td><td>Gjermania<\/td><td>(DE)<\/td><\/tr><tr><td>Qipro<\/td><td>(CY)<\/td><td>Polonia<\/td><td>(PL)<\/td><td>Islanda<\/td><td>(IS)<\/td><td>Estonia<\/td><td>(EE)<\/td><\/tr><tr><td>Letonia<\/td><td>(LV)<\/td><td>Portugalia<\/td><td>(PT)<\/td><td>Lihtenshtajni<\/td><td>(LI)<\/td><td>Irlanda<\/td><td>(IE)<\/td><\/tr><tr><td>Lituania<\/td><td>(LT)<\/td><td>Rumania<\/td><td>(RO)<\/td><td>Norvegjia<\/td><td>(NO)<\/td><td>Greqia<\/td><td>(EL)<\/td><\/tr><tr><td>Luksemburgu<\/td><td>(LU)<\/td><td>Sllovenia<\/td><td>(SI)<\/td><td>Zvicra*<\/td><td>(CH)<\/td><td>\u00a0<\/td><td>\u00a0<\/td><\/tr><\/tbody><\/table><\/figure>\n\n<p>*P\u00ebr Zvicr\u00ebn ne mund t\u00eb krijojm\u00eb dosjen PCN, me t\u00eb gjith\u00eb informacionin e nevojsh\u00ebm p\u00ebr t\u00eb b\u00ebr\u00eb nj\u00eb dor\u00ebzim n\u00eb portalin zviceran. Na kontaktoni p\u00ebr m\u00eb shum\u00eb informacion. <\/p>\n\n<h3 class=\"wp-block-heading\" id=\"h-clp-label-information\">Informacion mbi etiket\u00ebn CLP<\/h3>\n\n<p>Ne ofrojm\u00eb mund\u00ebsin\u00eb p\u00ebr t\u00eb bler\u00eb nj\u00eb etiket\u00eb produkti n\u00eb p\u00ebrputhje me CLP, q\u00eb p\u00ebrmban t\u00eb gjith\u00eb informacionin e detyruesh\u00ebm si\u00e7 k\u00ebrkohet nga Rregullorja CLP e BE-s\u00eb. Kjo do t\u00eb ofrohet si PDF.  Ky nuk \u00ebsht\u00eb nj\u00eb dizajn, por nj\u00eb p\u00ebrmbledhje e informacionit t\u00eb k\u00ebrkuar. Kjo do t&#8217;ju mund\u00ebsoj\u00eb t\u00eb integroni informacionin e nevojsh\u00ebm n\u00eb dizajnin e etiket\u00ebs s\u00eb produktit tuaj. Ju mund t\u00eb porosisni gjithashtu <a href=\"https:\/\/www.ufi.eu\/pcn\/clp-label\/clp-label-creation-compliance-check\/\" target=\"_blank\" rel=\"noreferrer noopener\">krijimin e etiket\u00ebs CLP<\/a> ve\u00e7mas. Keni tashm\u00eb nj\u00eb etiket\u00eb? \u2014 Ne mund t\u00eb b\u00ebjm\u00eb nj\u00eb <a href=\"https:\/\/www.ufi.eu\/pcn\/clp-label\/clp-label-creation-compliance-check\/\" target=\"_blank\" rel=\"noreferrer noopener\">kontroll t\u00eb p\u00ebrputhshm\u00ebris\u00eb s\u00eb etiket\u00ebs CLP<\/a> t\u00eb etiket\u00ebs tuaj n\u00eb p\u00ebrputhje me k\u00ebrkesat aktuale t\u00eb CLP. Ne do t\u00eb ofrojm\u00eb reagime dhe korrigjime t\u00eb detajuara p\u00ebr t\u00eb siguruar q\u00eb etiketa juaj t\u00eb plot\u00ebsoj\u00eb t\u00eb gjitha standardet rregullatore.     <\/p>\n\n<h2 class=\"wp-block-heading\" id=\"h-registering-formulations-with-the-eu-poison-centre\">Regjistrimi i formulimeve n\u00eb qendr\u00ebn e helmimeve t\u00eb BE-s\u00eb<\/h2>\n\n<p>Formulimet jan\u00eb p\u00ebrzierje kimike t\u00eb destinuara p\u00ebr t&#8217;u formuluar m\u00eb tej n\u00eb p\u00ebrzierje t\u00eb tjera ose t\u00eb destinuara p\u00ebr p\u00ebrdorim t\u00eb drejtp\u00ebrdrejt\u00eb p\u00ebrfundimtar. K\u00ebto p\u00ebrzierje duhet t\u00eb regjistrohen n\u00eb Qendr\u00ebn e Helmimeve t\u00eb BE-s\u00eb p\u00ebr t\u00eb siguruar q\u00eb ekipet e reagimit emergjent t\u00eb ken\u00eb akses n\u00eb t\u00eb dh\u00ebna thelb\u00ebsore sigurie n\u00eb rast ekspozimi aksidental. Procesi i Njoftimit t\u00eb Qendr\u00ebs s\u00eb Helmimeve (PCN) siguron q\u00eb klasifikimet p\u00ebrkat\u00ebse t\u00eb rrezikut dhe profilet toksikologjike t\u00eb jen\u00eb leht\u00ebsisht t\u00eb disponueshme p\u00ebr profesionist\u00ebt mjek\u00ebsor\u00eb dhe autoritetet.  <\/p>\n\n<h3 class=\"wp-block-heading\" id=\"h-what-is-a-ufi\">\u00c7far\u00eb \u00ebsht\u00eb nj\u00eb UFI?<\/h3>\n\n<p>Nj\u00eb Identifikues Unik i Formul\u00ebs (UFI) \u00ebsht\u00eb nj\u00eb kod alfanumerik me 16 karaktere i p\u00ebrdorur p\u00ebr t\u00eb identifikuar n\u00eb m\u00ebnyr\u00eb unike nj\u00eb p\u00ebrzierje kimike. Ai duhet t\u00eb printohet n\u00eb etiket\u00ebn e produktit dhe t\u00eb p\u00ebrfshihet n\u00eb Flet\u00ebn e t\u00eb Dh\u00ebnave t\u00eb Siguris\u00eb (SDS). UFI-ja u mund\u00ebson qendrave t\u00eb helmimeve t\u00eb marrin shpejt informacionin e siguris\u00eb dhe toksikologjik mbi p\u00ebrzierjen n\u00eb rast incidenti.  <\/p>\n\n<h3 class=\"wp-block-heading\" id=\"h-what-is-a-pcn\">\u00c7far\u00eb \u00ebsht\u00eb nj\u00eb PCN?<\/h3>\n\n<p>Nj\u00eb Njoftim i Qendr\u00ebs s\u00eb Helmimeve (PCN) \u00ebsht\u00eb nj\u00eb dor\u00ebzim rregullator q\u00eb p\u00ebrmban t\u00eb dh\u00ebna t\u00eb detajuara sigurie dhe toksikologjike rreth p\u00ebrzierjeve t\u00eb rrezikshme. PCN-ja p\u00ebrfshin informacion si p\u00ebrb\u00ebrja e p\u00ebrzierjes, klasifikimi, paralajm\u00ebrimet p\u00ebr rrezikun dhe masat e reagimit emergjent. \u00cbsht\u00eb i detyruesh\u00ebm p\u00ebr \u00e7do p\u00ebrzierje t\u00eb rrezikshme q\u00eb vendoset n\u00eb tregun e BE-s\u00eb.  <\/p>\n\n<h3 class=\"wp-block-heading\" id=\"h-what-is-clp\">\u00c7far\u00eb \u00ebsht\u00eb CLP?<\/h3>\n\n<p>CLP (Klasifikimi, Etiketimi dhe Paketimi) \u00ebsht\u00eb nj\u00eb rregullore e BE-s\u00eb (EC Nr. 1272\/2008) q\u00eb siguron q\u00eb produktet kimike t\u00eb klasifikohen dhe etiketohen sipas rreziqeve t\u00eb tyre. Ajo p\u00ebrputhet me Sistemin e Harmonizuar Global (GHS) t\u00eb OKB-s\u00eb dhe siguron q\u00eb t\u00eb gjitha p\u00ebrzierjet e rrezikshme t\u00eb ken\u00eb etiketa paralajm\u00ebruese dhe udh\u00ebzime sigurie t\u00eb p\u00ebrshtatshme. <\/p>\n\n<h3 class=\"wp-block-heading\" id=\"h-what-is-the-eu-poison-centre\">\u00c7far\u00eb \u00ebsht\u00eb qendra e helmimeve e BE-s\u00eb?<\/h3>\n\n<p>Qendra e Helmimeve e BE-s\u00eb \u00ebsht\u00eb nj\u00eb organ zyrtar q\u00eb mbledh dhe ruan informacionin e siguris\u00eb rreth p\u00ebrzierjeve t\u00eb rrezikshme. Profesionist\u00ebt e kujdesit sh\u00ebndet\u00ebsor dhe ekipet e reagimit emergjent mb\u00ebshteten te Qendra e Helmimeve p\u00ebr t\u00eb ofruar t\u00eb dh\u00ebna t\u00eb sakta t\u00eb siguris\u00eb kimike n\u00eb rast ekspozimi aksidental ose incidentesh helmimi. <\/p>\n\n<h3 class=\"wp-block-heading\" id=\"h-why-is-this-needed\">Pse \u00ebsht\u00eb kjo e nevojshme?<\/h3>\n\n<p>Formulimet industriale shpesh p\u00ebrmbajn\u00eb kimikate t\u00eb rrezikshme q\u00eb k\u00ebrkojn\u00eb identifikim t\u00eb qart\u00eb n\u00eb skenar\u00eb emergjence. Duke dor\u00ebzuar nj\u00eb PCN, bizneset sigurojn\u00eb q\u00eb qendrat e helmimeve dhe profesionist\u00ebt mjek\u00ebsor\u00eb t\u00eb ken\u00eb akses t\u00eb menj\u00ebhersh\u00ebm n\u00eb informacionin p\u00ebrkat\u00ebs, duke p\u00ebrmir\u00ebsuar rezultatet e siguris\u00eb n\u00eb rast ekspozimi. <\/p>\n\n<h3 class=\"wp-block-heading\" id=\"h-since-when-is-it-by-law-obligatory\">Q\u00eb kur \u00ebsht\u00eb i detyruesh\u00ebm me ligj?<\/h3>\n\n<p>K\u00ebrkesa ligjore p\u00ebr t\u00eb dor\u00ebzuar nj\u00eb PCN p\u00ebr p\u00ebrzierjet e rrezikshme hyri n\u00eb fuqi m\u00eb 1 janar 2021. P\u00ebr formulimet industriale t\u00eb p\u00ebrdorura ekskluzivisht n\u00eb p\u00ebrpunim t\u00eb m\u00ebtejsh\u00ebm, p\u00ebrputhja ka qen\u00eb e detyrueshme q\u00eb nga 1 janari 2024. <\/p>\n","protected":false},"excerpt":{"rendered":"<p>Si funksionon sh\u00ebrbimi i krijimit t\u00eb UFI-s\u00eb dhe njoftimit PCN? Pas blerjes s\u00eb k\u00ebtij sh\u00ebrbimi, do t\u00eb merrni akses n\u00eb portalin e sigurt. Ky portal p\u00ebrmban nj\u00eb p\u00ebrmbledhje t\u00eb t\u00eb gjitha hapave. Ju plot\u00ebsoni detajet e produktit tuaj dhe ne do t\u00eb fillojm\u00eb pun\u00ebn. Njoftimi i Qendr\u00ebs s\u00eb Helmimeve &amp; UFI Ne do t\u00eb ofrojm\u00eb: [&hellip;]<\/p>\n","protected":false},"featured_media":12426,"template":"","meta":[],"product_brand":[],"product_cat":[414],"product_tag":[],"class_list":{"0":"post-31750","1":"product","2":"type-product","3":"status-publish","4":"has-post-thumbnail","6":"product_cat-etiketa-clp","8":"first","9":"instock","10":"virtual","11":"taxable","12":"purchasable","13":"product-type-bundle"},"bundled_by":[],"bundle_stock_status":"instock","bundle_stock_quantity":"","bundle_virtual":false,"bundle_layout":"default","bundle_add_to_cart_form_location":"default","bundle_editable_in_cart":false,"bundle_sold_individually_context":"product","bundle_item_grouping":"parent","bundle_min_size":"","bundle_max_size":"","bundle_price":{"price":{"min":{"incl_tax":"78.65","excl_tax":"65"},"max":{"incl_tax":"","excl_tax":""}},"regular_price":{"min":{"incl_tax":"78.65","excl_tax":"65"},"max":{"incl_tax":"","excl_tax":""}}},"bundled_items":[{"bundled_item_id":13117,"product_id":12509,"menu_order":0,"quantity_min":1,"quantity_max":"","quantity_default":1,"priced_individually":true,"shipped_individually":true,"override_title":false,"title":"Njoftimi i Qendr\u00ebs s\u00eb Helmimeve dhe UFI","override_description":false,"description":"Njoftimi i Qendr\u00ebs s\u00eb Helmimeve dhe UFI","optional":false,"hide_thumbnail":false,"discount":"","override_variations":false,"allowed_variations":[""],"override_default_variation_attributes":false,"default_variation_attributes":[],"single_product_visibility":"visible","cart_visibility":"visible","order_visibility":"visible","single_product_price_visibility":"visible","cart_price_visibility":"visible","order_price_visibility":"visible","stock_status":"in_stock"},{"bundled_item_id":13118,"product_id":31723,"menu_order":1,"quantity_min":0,"quantity_max":"","quantity_default":0,"priced_individually":true,"shipped_individually":false,"override_title":false,"title":"T\u00eb gjitha vendet e ZEE-s\u00eb p\u00ebr paket\u00ebn e regjistrimit PCN","override_description":false,"description":"T\u00eb gjitha vendet e ZEE-s\u00eb p\u00ebr paket\u00ebn e regjistrimit PCN","optional":false,"hide_thumbnail":false,"discount":"","override_variations":false,"allowed_variations":[""],"override_default_variation_attributes":false,"default_variation_attributes":[],"single_product_visibility":"visible","cart_visibility":"visible","order_visibility":"visible","single_product_price_visibility":"visible","cart_price_visibility":"visible","order_price_visibility":"visible","stock_status":"in_stock"},{"bundled_item_id":13139,"product_id":12555,"menu_order":1,"quantity_min":0,"quantity_max":"","quantity_default":1,"priced_individually":true,"shipped_individually":true,"override_title":false,"title":"Vendet p\u00ebr regjistrim n\u00eb PCN","override_description":false,"description":"Vendet p\u00ebr regjistrim n\u00eb PCN","optional":false,"hide_thumbnail":false,"discount":"","override_variations":false,"allowed_variations":[""],"override_default_variation_attributes":false,"default_variation_attributes":[],"single_product_visibility":"visible","cart_visibility":"visible","order_visibility":"visible","single_product_price_visibility":"visible","cart_price_visibility":"visible","order_price_visibility":"visible","stock_status":"in_stock"},{"bundled_item_id":13119,"product_id":12802,"menu_order":2,"quantity_min":0,"quantity_max":"","quantity_default":0,"priced_individually":true,"shipped_individually":true,"override_title":false,"title":"Krijimi i etiket\u00ebs CLP dhe Kontrolli i Pajtueshm\u00ebris\u00eb","override_description":true,"description":"","optional":false,"hide_thumbnail":false,"discount":"","override_variations":false,"allowed_variations":[""],"override_default_variation_attributes":false,"default_variation_attributes":[],"single_product_visibility":"visible","cart_visibility":"visible","order_visibility":"visible","single_product_price_visibility":"visible","cart_price_visibility":"visible","order_price_visibility":"visible","stock_status":"in_stock"},{"bundled_item_id":13120,"product_id":12425,"menu_order":3,"quantity_min":0,"quantity_max":"","quantity_default":0,"priced_individually":true,"shipped_individually":true,"override_title":false,"title":"Krijimi i flet\u00ebs s\u00eb t\u00eb dh\u00ebnave t\u00eb siguris\u00eb","override_description":false,"description":"Krijimi i flet\u00ebs s\u00eb t\u00eb dh\u00ebnave t\u00eb siguris\u00eb","optional":false,"hide_thumbnail":false,"discount":"","override_variations":false,"allowed_variations":[""],"override_default_variation_attributes":false,"default_variation_attributes":[],"single_product_visibility":"visible","cart_visibility":"visible","order_visibility":"visible","single_product_price_visibility":"visible","cart_price_visibility":"visible","order_price_visibility":"visible","stock_status":"in_stock"},{"bundled_item_id":13121,"product_id":12444,"menu_order":4,"quantity_min":0,"quantity_max":"","quantity_default":0,"priced_individually":true,"shipped_individually":false,"override_title":true,"title":"Gjuha e Flet\u00ebs s\u00eb t\u00eb Dh\u00ebnave t\u00eb Siguris\u00eb","override_description":false,"description":"Gjuha e flet\u00ebs s\u00eb t\u00eb dh\u00ebnave t\u00eb siguris\u00eb","optional":false,"hide_thumbnail":false,"discount":"","override_variations":false,"allowed_variations":[""],"override_default_variation_attributes":false,"default_variation_attributes":[],"single_product_visibility":"visible","cart_visibility":"visible","order_visibility":"visible","single_product_price_visibility":"visible","cart_price_visibility":"visible","order_price_visibility":"visible","stock_status":"in_stock"}],"bundle_sell_ids":[],"yoast_head":"<!-- This site is optimized with the Yoast SEO Premium plugin v25.1 (Yoast SEO v25.1) - https:\/\/yoast.com\/wordpress\/plugins\/seo\/ -->\n<title>Paketa PCN &amp; UFI - UFI<\/title>\n<meta name=\"description\" content=\"Paketa PCN &amp; UFI do t&#039;ju ofroj\u00eb gjith\u00e7ka q\u00eb ju nevojitet p\u00ebr t\u00eb filluar shitjen e produktit tuaj n\u00eb BE.\" \/>\n<meta name=\"robots\" content=\"index, follow, max-snippet:-1, max-image-preview:large, max-video-preview:-1\" \/>\n<link rel=\"canonical\" href=\"https:\/\/www.ufi.eu\/sq\/product\/paketa-pcn-ufi\/\" \/>\n<meta property=\"og:locale\" content=\"sq_AL\" \/>\n<meta property=\"og:type\" content=\"article\" \/>\n<meta property=\"og:title\" content=\"Paketa PCN &amp; UFI\" \/>\n<meta property=\"og:description\" content=\"Paketa PCN &amp; UFI do t&#039;ju ofroj\u00eb gjith\u00e7ka q\u00eb ju nevojitet p\u00ebr t\u00eb filluar shitjen e produktit tuaj n\u00eb BE.\" \/>\n<meta property=\"og:url\" content=\"https:\/\/www.ufi.eu\/sq\/product\/paketa-pcn-ufi\/\" \/>\n<meta property=\"og:site_name\" content=\"UFI\" \/>\n<meta property=\"article:modified_time\" content=\"2026-01-09T16:11:52+00:00\" \/>\n<meta property=\"og:image\" content=\"https:\/\/www.ufi.eu\/wp-content\/uploads\/2025\/03\/pcn_ufi.jpg\" \/>\n\t<meta property=\"og:image:width\" content=\"1024\" \/>\n\t<meta property=\"og:image:height\" content=\"1024\" \/>\n\t<meta property=\"og:image:type\" content=\"image\/jpeg\" \/>\n<meta name=\"twitter:card\" content=\"summary_large_image\" \/>\n<meta name=\"twitter:label1\" content=\"Price\" \/>\n\t<meta name=\"twitter:data1\" content=\"&euro;0.00\" \/>\n\t<meta name=\"twitter:label2\" content=\"Availability\" \/>\n\t<meta name=\"twitter:data2\" content=\"In stock\" \/>\n<script type=\"application\/ld+json\" class=\"yoast-schema-graph\">{\"@context\":\"https:\/\/schema.org\",\"@graph\":[{\"@type\":\"WebPage\",\"@id\":\"https:\/\/www.ufi.eu\/sq\/product\/paketa-pcn-ufi\/\",\"url\":\"https:\/\/www.ufi.eu\/sq\/product\/paketa-pcn-ufi\/\",\"name\":\"Paketa PCN &amp; UFI - UFI\",\"isPartOf\":{\"@id\":\"https:\/\/www.ufi.eu\/sq\/#website\"},\"primaryImageOfPage\":{\"@id\":\"https:\/\/www.ufi.eu\/sq\/product\/paketa-pcn-ufi\/#primaryimage\"},\"image\":{\"@id\":\"https:\/\/www.ufi.eu\/sq\/product\/paketa-pcn-ufi\/#primaryimage\"},\"thumbnailUrl\":\"https:\/\/www.ufi.eu\/wp-content\/uploads\/2025\/03\/pcn_ufi.jpg\",\"datePublished\":\"2025-09-24T14:40:53+00:00\",\"dateModified\":\"2026-01-09T16:11:52+00:00\",\"description\":\"Paketa PCN & UFI do t'ju ofroj\u00eb gjith\u00e7ka q\u00eb ju nevojitet p\u00ebr t\u00eb filluar shitjen e produktit tuaj n\u00eb BE.\",\"breadcrumb\":{\"@id\":\"https:\/\/www.ufi.eu\/sq\/product\/paketa-pcn-ufi\/#breadcrumb\"},\"inLanguage\":\"sq-AL\",\"potentialAction\":[{\"@type\":\"ReadAction\",\"target\":[\"https:\/\/www.ufi.eu\/sq\/product\/paketa-pcn-ufi\/\"]}]},{\"@type\":\"ImageObject\",\"inLanguage\":\"sq-AL\",\"@id\":\"https:\/\/www.ufi.eu\/sq\/product\/paketa-pcn-ufi\/#primaryimage\",\"url\":\"https:\/\/www.ufi.eu\/wp-content\/uploads\/2025\/03\/pcn_ufi.jpg\",\"contentUrl\":\"https:\/\/www.ufi.eu\/wp-content\/uploads\/2025\/03\/pcn_ufi.jpg\",\"width\":1024,\"height\":1024},{\"@type\":\"BreadcrumbList\",\"@id\":\"https:\/\/www.ufi.eu\/sq\/product\/paketa-pcn-ufi\/#breadcrumb\",\"itemListElement\":[{\"@type\":\"ListItem\",\"position\":1,\"name\":\"Home\",\"item\":\"https:\/\/www.ufi.eu\/sq\/shtepi\/\"},{\"@type\":\"ListItem\",\"position\":2,\"name\":\"Dyqan\",\"item\":\"https:\/\/www.ufi.eu\/sq\/dyqan\/\"},{\"@type\":\"ListItem\",\"position\":3,\"name\":\"Paketa PCN &amp; UFI\"}]},{\"@type\":\"WebSite\",\"@id\":\"https:\/\/www.ufi.eu\/sq\/#website\",\"url\":\"https:\/\/www.ufi.eu\/sq\/\",\"name\":\"UFI.EU\",\"description\":\"Poison Centre Notifications (PCN) and UFI\",\"publisher\":{\"@id\":\"https:\/\/www.ufi.eu\/sq\/#organization\"},\"potentialAction\":[{\"@type\":\"SearchAction\",\"target\":{\"@type\":\"EntryPoint\",\"urlTemplate\":\"https:\/\/www.ufi.eu\/sq\/?s={search_term_string}\"},\"query-input\":{\"@type\":\"PropertyValueSpecification\",\"valueRequired\":true,\"valueName\":\"search_term_string\"}}],\"inLanguage\":\"sq-AL\"},{\"@type\":\"Organization\",\"@id\":\"https:\/\/www.ufi.eu\/sq\/#organization\",\"name\":\"UFI.EU\",\"url\":\"https:\/\/www.ufi.eu\/sq\/\",\"logo\":{\"@type\":\"ImageObject\",\"inLanguage\":\"sq-AL\",\"@id\":\"https:\/\/www.ufi.eu\/sq\/#\/schema\/logo\/image\/\",\"url\":\"https:\/\/www.ufi.eu\/wp-content\/uploads\/2025\/03\/cropped-logo_ufi3.jpg\",\"contentUrl\":\"https:\/\/www.ufi.eu\/wp-content\/uploads\/2025\/03\/cropped-logo_ufi3.jpg\",\"width\":231,\"height\":78,\"caption\":\"UFI.EU\"},\"image\":{\"@id\":\"https:\/\/www.ufi.eu\/sq\/#\/schema\/logo\/image\/\"},\"description\":\"UFI.eu specializes in digital registrations for Poison Centre Notifications (PCN), ensuring your chemical products meet EU regulatory requirements effortlessly. Our streamlined solutions help businesses stay compliant while reducing complexity and administrative burden.\",\"email\":\"info@ufi.eu\",\"legalName\":\"UFI.EU\"}]}<\/script>\n<meta property=\"product:price:amount\" content=\"0.00\" \/>\n<meta property=\"product:price:currency\" content=\"EUR\" \/>\n<meta property=\"og:availability\" content=\"instock\" \/>\n<meta property=\"product:availability\" content=\"instock\" \/>\n<meta property=\"product:condition\" content=\"new\" \/>\n<!-- \/ Yoast SEO Premium plugin. -->","yoast_head_json":{"title":"Paketa PCN &amp; UFI - UFI","description":"Paketa PCN & UFI do t'ju ofroj\u00eb gjith\u00e7ka q\u00eb ju nevojitet p\u00ebr t\u00eb filluar shitjen e produktit tuaj n\u00eb BE.","robots":{"index":"index","follow":"follow","max-snippet":"max-snippet:-1","max-image-preview":"max-image-preview:large","max-video-preview":"max-video-preview:-1"},"canonical":"https:\/\/www.ufi.eu\/sq\/product\/paketa-pcn-ufi\/","og_locale":"sq_AL","og_type":"article","og_title":"Paketa PCN &amp; UFI","og_description":"Paketa PCN & UFI do t'ju ofroj\u00eb gjith\u00e7ka q\u00eb ju nevojitet p\u00ebr t\u00eb filluar shitjen e produktit tuaj n\u00eb BE.","og_url":"https:\/\/www.ufi.eu\/sq\/product\/paketa-pcn-ufi\/","og_site_name":"UFI","article_modified_time":"2026-01-09T16:11:52+00:00","og_image":[{"width":1024,"height":1024,"url":"https:\/\/www.ufi.eu\/wp-content\/uploads\/2025\/03\/pcn_ufi.jpg","type":"image\/jpeg"}],"twitter_card":"summary_large_image","twitter_misc":{"Price":"&euro;0.00","Availability":"In stock"},"schema":{"@context":"https:\/\/schema.org","@graph":[{"@type":"WebPage","@id":"https:\/\/www.ufi.eu\/sq\/product\/paketa-pcn-ufi\/","url":"https:\/\/www.ufi.eu\/sq\/product\/paketa-pcn-ufi\/","name":"Paketa PCN &amp; UFI - UFI","isPartOf":{"@id":"https:\/\/www.ufi.eu\/sq\/#website"},"primaryImageOfPage":{"@id":"https:\/\/www.ufi.eu\/sq\/product\/paketa-pcn-ufi\/#primaryimage"},"image":{"@id":"https:\/\/www.ufi.eu\/sq\/product\/paketa-pcn-ufi\/#primaryimage"},"thumbnailUrl":"https:\/\/www.ufi.eu\/wp-content\/uploads\/2025\/03\/pcn_ufi.jpg","datePublished":"2025-09-24T14:40:53+00:00","dateModified":"2026-01-09T16:11:52+00:00","description":"Paketa PCN & UFI do t'ju ofroj\u00eb gjith\u00e7ka q\u00eb ju nevojitet p\u00ebr t\u00eb filluar shitjen e produktit tuaj n\u00eb BE.","breadcrumb":{"@id":"https:\/\/www.ufi.eu\/sq\/product\/paketa-pcn-ufi\/#breadcrumb"},"inLanguage":"sq-AL","potentialAction":[{"@type":"ReadAction","target":["https:\/\/www.ufi.eu\/sq\/product\/paketa-pcn-ufi\/"]}]},{"@type":"ImageObject","inLanguage":"sq-AL","@id":"https:\/\/www.ufi.eu\/sq\/product\/paketa-pcn-ufi\/#primaryimage","url":"https:\/\/www.ufi.eu\/wp-content\/uploads\/2025\/03\/pcn_ufi.jpg","contentUrl":"https:\/\/www.ufi.eu\/wp-content\/uploads\/2025\/03\/pcn_ufi.jpg","width":1024,"height":1024},{"@type":"BreadcrumbList","@id":"https:\/\/www.ufi.eu\/sq\/product\/paketa-pcn-ufi\/#breadcrumb","itemListElement":[{"@type":"ListItem","position":1,"name":"Home","item":"https:\/\/www.ufi.eu\/sq\/shtepi\/"},{"@type":"ListItem","position":2,"name":"Dyqan","item":"https:\/\/www.ufi.eu\/sq\/dyqan\/"},{"@type":"ListItem","position":3,"name":"Paketa PCN &amp; UFI"}]},{"@type":"WebSite","@id":"https:\/\/www.ufi.eu\/sq\/#website","url":"https:\/\/www.ufi.eu\/sq\/","name":"UFI.EU","description":"Poison Centre Notifications (PCN) and UFI","publisher":{"@id":"https:\/\/www.ufi.eu\/sq\/#organization"},"potentialAction":[{"@type":"SearchAction","target":{"@type":"EntryPoint","urlTemplate":"https:\/\/www.ufi.eu\/sq\/?s={search_term_string}"},"query-input":{"@type":"PropertyValueSpecification","valueRequired":true,"valueName":"search_term_string"}}],"inLanguage":"sq-AL"},{"@type":"Organization","@id":"https:\/\/www.ufi.eu\/sq\/#organization","name":"UFI.EU","url":"https:\/\/www.ufi.eu\/sq\/","logo":{"@type":"ImageObject","inLanguage":"sq-AL","@id":"https:\/\/www.ufi.eu\/sq\/#\/schema\/logo\/image\/","url":"https:\/\/www.ufi.eu\/wp-content\/uploads\/2025\/03\/cropped-logo_ufi3.jpg","contentUrl":"https:\/\/www.ufi.eu\/wp-content\/uploads\/2025\/03\/cropped-logo_ufi3.jpg","width":231,"height":78,"caption":"UFI.EU"},"image":{"@id":"https:\/\/www.ufi.eu\/sq\/#\/schema\/logo\/image\/"},"description":"UFI.eu specializes in digital registrations for Poison Centre Notifications (PCN), ensuring your chemical products meet EU regulatory requirements effortlessly. Our streamlined solutions help businesses stay compliant while reducing complexity and administrative burden.","email":"info@ufi.eu","legalName":"UFI.EU"}]},"product_price_amount":"0.00","product_price_currency":"EUR","og_availability":"instock","product_availability":"instock","product_condition":"new"},"_links":{"self":[{"href":"https:\/\/www.ufi.eu\/sq\/wp-json\/wp\/v2\/product\/31750","targetHints":{"allow":["GET"]}}],"collection":[{"href":"https:\/\/www.ufi.eu\/sq\/wp-json\/wp\/v2\/product"}],"about":[{"href":"https:\/\/www.ufi.eu\/sq\/wp-json\/wp\/v2\/types\/product"}],"wp:featuredmedia":[{"embeddable":true,"href":"https:\/\/www.ufi.eu\/sq\/wp-json\/wp\/v2\/media\/12426"}],"wp:attachment":[{"href":"https:\/\/www.ufi.eu\/sq\/wp-json\/wp\/v2\/media?parent=31750"}],"wp:term":[{"taxonomy":"product_brand","embeddable":true,"href":"https:\/\/www.ufi.eu\/sq\/wp-json\/wp\/v2\/product_brand?post=31750"},{"taxonomy":"product_cat","embeddable":true,"href":"https:\/\/www.ufi.eu\/sq\/wp-json\/wp\/v2\/product_cat?post=31750"},{"taxonomy":"product_tag","embeddable":true,"href":"https:\/\/www.ufi.eu\/sq\/wp-json\/wp\/v2\/product_tag?post=31750"}],"curies":[{"name":"wp","href":"https:\/\/api.w.org\/{rel}","templated":true}]}}