{"id":13207,"date":"2025-03-03T16:34:04","date_gmt":"2025-04-15T21:26:08","guid":{"rendered":"https:\/\/www.ufi.eu\/pcn\/uncategorized\/pcn-ufi-per-ngjitesit-perdorimi-ne-shtepi-ne-shkolle-dhe-ne-zyre\/"},"modified":"2025-04-15T21:26:08","modified_gmt":"2025-04-15T21:26:08","slug":"pcn-ufi-per-ngjitesit-perdorimi-ne-shtepi-ne-shkolle-dhe-ne-zyre","status":"publish","type":"product","link":"https:\/\/www.ufi.eu\/sq\/product\/pcn-ufi-per-ngjitesit-perdorimi-ne-shtepi-ne-shkolle-dhe-ne-zyre\/","title":{"rendered":"PCN &amp; UFI p\u00ebr Ngjit\u00ebsit \u2013 P\u00ebrdorimi n\u00eb sht\u00ebpi, n\u00eb shkoll\u00eb dhe n\u00eb zyr\u00eb"},"content":{"rendered":"<h2>Regjistrimi i ngjit\u00ebsve dhe ngjit\u00ebsve p\u00ebr p\u00ebrdorim sht\u00ebpiak, zyra ose shkolla<\/h2>\n<p>Regjistrimi i ngjit\u00ebsve dhe ngjit\u00ebsve p\u00ebr p\u00ebrdorim sht\u00ebpiak, zyra ose shkolla \u00ebsht\u00eb thelb\u00ebsor p\u00ebr t\u00eb siguruar p\u00ebrputhjen me standardet rregullatore p\u00ebr sigurin\u00eb, etiketimin dhe mbrojtjen e konsumatorit. K\u00ebto produkte, duke p\u00ebrfshir\u00eb ngjit\u00ebsit artizanal, ngjit\u00ebsit me shum\u00eb q\u00ebllime, shkopinjt\u00eb e ngjit\u00ebsit, ngjit\u00ebsit e menj\u00ebhersh\u00ebm, ngjit\u00ebsit e drurit, ngjit\u00ebsit e kontaktit dhe sp\u00ebrkat\u00ebsit ngjit\u00ebs, p\u00ebrdoren gjer\u00ebsisht n\u00eb mjediset e p\u00ebrditshme si sht\u00ebpit\u00eb, shkollat \u200b\u200bdhe zyrat. Regjistrimi i duhur siguron q\u00eb k\u00ebto produkte t\u00eb p\u00ebrmbushin standardet e k\u00ebrkuara t\u00eb siguris\u00eb, t\u00eb ken\u00eb etiketim t\u00eb qart\u00eb me informacion mbi rrezikun dhe t\u00eb ofrojn\u00eb udh\u00ebzime p\u00ebr p\u00ebrdorimin e sigurt p\u00ebr t\u00eb mbrojtur konsumator\u00ebt nga rreziqet e mundshme sh\u00ebndet\u00ebsore.  <\/p>\n<h3>\u00c7far\u00eb \u00ebsht\u00eb nj\u00eb UFI?<\/h3>\n<p>Nj\u00eb UFI (Unique Formula Identifier) \u200b\u200b\u00ebsht\u00eb nj\u00eb kod q\u00eb identifikon p\u00ebrb\u00ebrjen specifike kimike t\u00eb nj\u00eb produkti. Duhet t\u00eb p\u00ebrfshihet n\u00eb etiket\u00ebn e produktit dhe k\u00ebrkohet me ligj si pjes\u00eb e Njoftimit t\u00eb Qendr\u00ebs s\u00eb Helmimeve (PCN). UFI ndihmon reaguesit e urgjenc\u00ebs t\u00eb identifikojn\u00eb shpejt produktin dhe t\u00eb vler\u00ebsojn\u00eb rrezikun gjat\u00eb incidenteve t\u00eb ekspozimit kimik ose helmimit.  <\/p>\n<h3>\u00c7far\u00eb \u00ebsht\u00eb nj\u00eb PCN?<\/h3>\n<p>Nj\u00eb PCN (Njoftimi i Qendr\u00ebs s\u00eb Helmimit) \u00ebsht\u00eb nj\u00eb k\u00ebrkes\u00eb rregullatore p\u00ebr prodhuesit dhe shp\u00ebrndar\u00ebsit e produkteve t\u00eb rrezikshme p\u00ebr t\u00eb njoftuar Qendr\u00ebn e Helmimeve t\u00eb BE-s\u00eb p\u00ebr p\u00ebrb\u00ebrjen dhe rreziqet e mundshme t\u00eb produkteve t\u00eb tyre. P\u00ebr ngjit\u00ebsit dhe ngjit\u00ebsit, PCN siguron q\u00eb p\u00ebrb\u00ebr\u00ebsit kimik\u00eb t\u00eb produktit, klasifikimet e rrezikut dhe udh\u00ebzimet e p\u00ebrdorimit t\u00eb sigurt t\u00eb jen\u00eb t\u00eb disponueshme p\u00ebr ofruesit e kujdesit sh\u00ebndet\u00ebsor dhe reaguesit e urgjenc\u00ebs n\u00eb rast ekspozimi ose helmimi. <\/p>\n<h3>\u00c7far\u00eb \u00ebsht\u00eb CLP?<\/h3>\n<p>CLP (Klasifikimi, Etiketimi dhe Paketimi) \u00ebsht\u00eb nj\u00eb rregullore e BE-s\u00eb q\u00eb klasifikon kimikatet bazuar n\u00eb rreziqet e tyre dhe siguron q\u00eb ato t\u00eb etiketohen me paralajm\u00ebrimet e duhura t\u00eb siguris\u00eb dhe simbolet e rrezikut. P\u00ebr ngjit\u00ebsit dhe ngjit\u00ebsit, rregullorja CLP urdh\u00ebron q\u00eb etiketa e produktit t\u00eb p\u00ebrfshij\u00eb informacion t\u00eb qart\u00eb mbi rreziqet e mundshme si acarimi i l\u00ebkur\u00ebs, toksiciteti ose ndezshm\u00ebria. Kjo i ndihmon p\u00ebrdoruesit t\u00eb trajtojn\u00eb produktet n\u00eb m\u00ebnyr\u00eb t\u00eb sigurt dhe redukton rrezikun e aksidenteve.  <\/p>\n<h3>\u00c7far\u00eb \u00ebsht\u00eb Qendra e Helmimeve t\u00eb BE-s\u00eb?<\/h3>\n<p>EU Poison Center \u00ebsht\u00eb nj\u00eb organ qendror q\u00eb menaxhon t\u00eb dh\u00ebnat n\u00eb lidhje me produktet e rrezikshme n\u00eb t\u00eb gjith\u00eb Bashkimin Evropian. Ai luan nj\u00eb rol kritik n\u00eb garantimin e siguris\u00eb duke u ofruar reaguesve t\u00eb urgjenc\u00ebs informacion thelb\u00ebsor gjat\u00eb incidenteve t\u00eb ekspozimit. Prodhuesit duhet t\u00eb njoftojn\u00eb Qendr\u00ebn e Helmimeve p\u00ebr produktet e tyre t\u00eb rrezikshme, duke u siguruar q\u00eb k\u00ebto t\u00eb dh\u00ebna kritike t\u00eb jen\u00eb t\u00eb disponueshme kur \u00ebsht\u00eb e nevojshme.  <\/p>\n<h3>Pse \u00ebsht\u00eb e nevojshme kjo?<\/h3>\n<p>Regjistrimi i ngjit\u00ebsve dhe ngjit\u00ebsve p\u00ebr p\u00ebrdorim sht\u00ebpiak, zyra ose shkolla me Poison Center siguron q\u00eb produktet t\u00eb jen\u00eb t\u00eb sigurta p\u00ebr konsumator\u00ebt dhe t\u00eb klasifikohen si\u00e7 duhet sipas rreziqeve t\u00eb tyre. Ai u siguron reaguesve t\u00eb urgjenc\u00ebs t\u00eb dh\u00ebnat e nevojshme p\u00ebr t\u00eb trajtuar n\u00eb m\u00ebnyr\u00eb efektive incidentet e ekspozimit. Meqen\u00ebse ngjit\u00ebsit dhe ngjit\u00ebsit mund t\u00eb paraqesin rreziqe p\u00ebr sh\u00ebndetin n\u00ebse nuk trajtohen si\u00e7 duhet, \u00ebsht\u00eb thelb\u00ebsore t\u00eb respektoni rregulloret p\u00ebr t\u00eb minimizuar aksidentet dhe p\u00ebr t\u00eb mbrojtur p\u00ebrdoruesit nga d\u00ebmtimet e mundshme.  <\/p>\n<h3>Q\u00eb kur \u00ebsht\u00eb ligj\u00ebrisht i detyruesh\u00ebm?<\/h3>\n<p>Detyrimi ligjor p\u00ebr t\u00eb paraqitur nj\u00eb PCN p\u00ebr produktet e rrezikshme, duke p\u00ebrfshir\u00eb ngjit\u00ebsit dhe ngjit\u00ebsit, u b\u00eb i detyruesh\u00ebm m\u00eb 1 janar 2021. Nga kjo dat\u00eb, t\u00eb gjith\u00eb prodhuesit dhe shp\u00ebrndar\u00ebsit duhet t\u00eb sigurojn\u00eb q\u00eb produktet e tyre t\u00eb p\u00ebrmbushin standardet e siguris\u00eb t\u00eb BE-s\u00eb dhe t\u00eb dor\u00ebzojn\u00eb informacionin e k\u00ebrkuar n\u00eb Qendr\u00ebn e Helmimeve t\u00eb BE-s\u00eb p\u00ebrpara se t&#8217;i vendosin n\u00eb treg. <\/p>\n<h2>FAQ<\/h2>\n<h3>Pyetje: \u00c7far\u00eb \u00ebsht\u00eb nj\u00eb UFI dhe pse m\u00eb nevojitet p\u00ebr produktin tim?<\/h3>\n<p>P\u00ebrgjigje: Nj\u00eb UFI (Unique Formula Identifier) \u200b\u200b\u00ebsht\u00eb nj\u00eb kod q\u00eb identifikon n\u00eb m\u00ebnyr\u00eb unike p\u00ebrb\u00ebrjen kimike t\u00eb produktit tuaj. K\u00ebrkohet me ligj dhe duhet t\u00eb p\u00ebrfshihet n\u00eb etiket\u00ebn e produktit tuaj. UFI u mund\u00ebson reaguesve t\u00eb urgjenc\u00ebs t\u00eb aksesojn\u00eb shpejt informacionin kritik t\u00eb siguris\u00eb n\u00eb rast t\u00eb nj\u00eb ekspozimi ose incidenti helmimi.  <\/p>\n<h3>Pyetje: \u00c7far\u00eb p\u00ebrfshin nj\u00eb PCN p\u00ebr ngjit\u00ebsit dhe ngjit\u00ebsit?<\/h3>\n<p>P\u00ebrgjigje: Nj\u00eb PCN (Njoftimi i Qendr\u00ebs s\u00eb Helmimit) p\u00ebrfshin njoftimin e Qendr\u00ebs s\u00eb Helmimit t\u00eb BE-s\u00eb p\u00ebr p\u00ebrb\u00ebr\u00ebsit dhe rreziqet q\u00eb lidhen me produktin tuaj. Kjo u mund\u00ebson reaguesve t\u00eb urgjenc\u00ebs t\u00eb ken\u00eb akses n\u00eb informacione t\u00eb detajuara t\u00eb siguris\u00eb rreth produktit, duke i ndihmuar ata t\u00eb p\u00ebrgjigjen n\u00eb m\u00ebnyr\u00eb efektive ndaj incidenteve t\u00eb ekspozimit ndaj kimikateve ose helmimit. <\/p>\n<h3>Pyetje: \u00c7far\u00eb \u00ebsht\u00eb CLP dhe si zbatohet p\u00ebr ngjit\u00ebsit dhe ngjit\u00ebsit?<\/h3>\n<p>P\u00ebrgjigje: CLP (Klasifikimi, Etiketimi dhe Paketimi) \u00ebsht\u00eb nj\u00eb rregullore e BE-s\u00eb q\u00eb klasifikon produktet kimike bazuar n\u00eb rreziqet e tyre dhe k\u00ebrkon etiketim t\u00eb qart\u00eb me piktograme rreziku, fjal\u00eb sinjalizuese dhe udh\u00ebzime sigurie. Ngjit\u00ebsit dhe ngjit\u00ebsit duhet t\u00eb jen\u00eb n\u00eb p\u00ebrputhje me CLP p\u00ebr t&#8217;u siguruar q\u00eb p\u00ebrdoruesit jan\u00eb t\u00eb informuar p\u00ebr rreziqet e mundshme dhe mund t&#8217;i trajtojn\u00eb produktet n\u00eb m\u00ebnyr\u00eb t\u00eb sigurt. <\/p>\n<h3>Pyetje: \u00c7far\u00eb roli luan Qendra e Helmimit t\u00eb BE-s\u00eb p\u00ebr sigurin\u00eb?<\/h3>\n<p>P\u00ebrgjigje: Qendra e Helmimit t\u00eb BE-s\u00eb mbledh dhe p\u00ebrpunon t\u00eb dh\u00ebnat e siguris\u00eb p\u00ebr produktet e rrezikshme. Ai siguron informacion kritik p\u00ebr ofruesit e kujdesit sh\u00ebndet\u00ebsor dhe reaguesit e urgjenc\u00ebs gjat\u00eb incidenteve t\u00eb ekspozimit, duke siguruar q\u00eb ata t\u00eb mund t\u00eb menaxhojn\u00eb n\u00eb m\u00ebnyr\u00eb efektive helmimet e mundshme ose rreziqet sh\u00ebndet\u00ebsore q\u00eb lidhen me produktet kimike. <\/p>\n<h3>Pyetje: Pse \u00ebsht\u00eb i nevojsh\u00ebm regjistrimi i ngjit\u00ebsve dhe ngjit\u00ebsve p\u00ebr p\u00ebrdorim sht\u00ebpiak, zyra apo shkolla?<\/h3>\n<p>P\u00ebrgjigje: Regjistrimi siguron q\u00eb ngjit\u00ebsit dhe ngjit\u00ebsit plot\u00ebsojn\u00eb standardet e siguris\u00eb dhe jan\u00eb klasifikuar si\u00e7 duhet p\u00ebr p\u00ebrdorim n\u00eb mjediset e p\u00ebrditshme. Ai siguron informacionin e nevojsh\u00ebm p\u00ebr t\u00eb garantuar sigurin\u00eb e konsumatorit dhe mund\u00ebson p\u00ebrgjigje t\u00eb shpejta dhe t\u00eb sakta n\u00eb rast t\u00eb ekspozimit ose incidenteve t\u00eb helmimit. <\/p>\n<h3>Pyetje: Q\u00eb kur ka qen\u00eb e detyrueshme k\u00ebrkesa p\u00ebr njoftime PCN?<\/h3>\n<p>P\u00ebrgjigje: K\u00ebrkesa p\u00ebr njoftimet e PCN-s\u00eb u b\u00eb e detyrueshme m\u00eb 1 janar 2021. T\u00eb gjith\u00eb prodhuesit dhe shp\u00ebrndar\u00ebsit e produkteve t\u00eb rrezikshme, duke p\u00ebrfshir\u00eb ngjit\u00ebsit dhe ngjit\u00ebsit, duhet t\u00eb sigurojn\u00eb p\u00ebrputhjen me k\u00ebto rregullore p\u00ebrpara se t\u00eb vendosin produktet e tyre n\u00eb tregun e BE-s\u00eb. <\/p>\n","protected":false},"excerpt":{"rendered":"<p>Regjistrimi i ngjit\u00ebsve dhe ngjit\u00ebsve p\u00ebr p\u00ebrdorim sht\u00ebpiak, zyra ose shkolla Regjistrimi i ngjit\u00ebsve dhe ngjit\u00ebsve p\u00ebr p\u00ebrdorim sht\u00ebpiak, zyra ose shkolla \u00ebsht\u00eb thelb\u00ebsor p\u00ebr t\u00eb siguruar p\u00ebrputhjen me standardet rregullatore p\u00ebr sigurin\u00eb, etiketimin dhe mbrojtjen e konsumatorit. K\u00ebto produkte, duke p\u00ebrfshir\u00eb ngjit\u00ebsit artizanal, ngjit\u00ebsit me shum\u00eb q\u00ebllime, shkopinjt\u00eb e ngjit\u00ebsit, ngjit\u00ebsit e menj\u00ebhersh\u00ebm, ngjit\u00ebsit [&hellip;]<\/p>\n","protected":false},"featured_media":13208,"template":"","meta":[],"product_brand":[],"product_cat":[493],"product_tag":[],"class_list":{"0":"post-13207","1":"product","2":"type-product","3":"status-publish","4":"has-post-thumbnail","6":"product_cat-ngjites-dhe-ngjites","8":"first","9":"instock","10":"virtual","11":"taxable","12":"purchasable","13":"product-type-bundle"},"bundled_by":[],"bundle_stock_status":"instock","bundle_stock_quantity":"","bundle_virtual":false,"bundle_layout":"default","bundle_add_to_cart_form_location":"default","bundle_editable_in_cart":false,"bundle_sold_individually_context":"product","bundle_item_grouping":"parent","bundle_min_size":"","bundle_max_size":"","bundle_price":{"price":{"min":{"incl_tax":"121","excl_tax":"100"},"max":{"incl_tax":"","excl_tax":""}},"regular_price":{"min":{"incl_tax":"121","excl_tax":"100"},"max":{"incl_tax":"","excl_tax":""}}},"bundled_items":[{"bundled_item_id":1830,"product_id":12509,"menu_order":0,"quantity_min":1,"quantity_max":1,"quantity_default":1,"priced_individually":true,"shipped_individually":true,"override_title":false,"title":"Njoftimi i Qendr\u00ebs s\u00eb Helmimeve dhe UFI","override_description":false,"description":"Njoftimi i Qendr\u00ebs s\u00eb Helmimeve dhe UFI","optional":false,"hide_thumbnail":false,"discount":"","override_variations":false,"allowed_variations":[""],"override_default_variation_attributes":false,"default_variation_attributes":[],"single_product_visibility":"visible","cart_visibility":"visible","order_visibility":"visible","single_product_price_visibility":"visible","cart_price_visibility":"visible","order_price_visibility":"visible","stock_status":"in_stock"},{"bundled_item_id":1831,"product_id":12555,"menu_order":1,"quantity_min":1,"quantity_max":"","quantity_default":1,"priced_individually":true,"shipped_individually":true,"override_title":false,"title":"Vendet p\u00ebr regjistrim n\u00eb PCN","override_description":false,"description":"Vendet p\u00ebr regjistrim n\u00eb PCN","optional":false,"hide_thumbnail":false,"discount":"","override_variations":false,"allowed_variations":[""],"override_default_variation_attributes":false,"default_variation_attributes":[],"single_product_visibility":"visible","cart_visibility":"visible","order_visibility":"visible","single_product_price_visibility":"visible","cart_price_visibility":"visible","order_price_visibility":"visible","stock_status":"in_stock"},{"bundled_item_id":12916,"product_id":12425,"menu_order":2,"quantity_min":0,"quantity_max":1,"quantity_default":1,"priced_individually":true,"shipped_individually":true,"override_title":false,"title":"Krijimi i flet\u00ebs s\u00eb t\u00eb dh\u00ebnave t\u00eb siguris\u00eb","override_description":false,"description":"Krijimi i flet\u00ebs s\u00eb t\u00eb dh\u00ebnave t\u00eb siguris\u00eb","optional":false,"hide_thumbnail":false,"discount":"","override_variations":false,"allowed_variations":[""],"override_default_variation_attributes":false,"default_variation_attributes":[],"single_product_visibility":"visible","cart_visibility":"visible","order_visibility":"visible","single_product_price_visibility":"visible","cart_price_visibility":"visible","order_price_visibility":"visible","stock_status":"in_stock"},{"bundled_item_id":12917,"product_id":12444,"menu_order":3,"quantity_min":0,"quantity_max":"","quantity_default":1,"priced_individually":true,"shipped_individually":false,"override_title":false,"title":"P\u00ebrkthimi i flet\u00ebs s\u00eb t\u00eb dh\u00ebnave t\u00eb siguris\u00eb","override_description":false,"description":"P\u00ebrkthimi i flet\u00ebs s\u00eb t\u00eb dh\u00ebnave t\u00eb siguris\u00eb","optional":false,"hide_thumbnail":false,"discount":"","override_variations":false,"allowed_variations":[""],"override_default_variation_attributes":false,"default_variation_attributes":[],"single_product_visibility":"visible","cart_visibility":"visible","order_visibility":"visible","single_product_price_visibility":"visible","cart_price_visibility":"visible","order_price_visibility":"visible","stock_status":"in_stock"}],"bundle_sell_ids":[],"yoast_head":"<!-- This site is optimized with the Yoast SEO Premium plugin v25.1 (Yoast SEO v25.1) - https:\/\/yoast.com\/wordpress\/plugins\/seo\/ -->\n<title>PCN &amp; UFI p\u00ebr Ngjit\u00ebsit \u2013 P\u00ebrdorimi n\u00eb sht\u00ebpi, n\u00eb shkoll\u00eb dhe n\u00eb zyr\u00eb - UFI<\/title>\n<meta name=\"description\" content=\"Regjistrimi i ngjit\u00ebsve dhe ngjit\u00ebsve p\u00ebr p\u00ebrdorim sht\u00ebpiak, zyra ose shkolla \u00ebsht\u00eb thelb\u00ebsor p\u00ebr t\u00eb siguruar p\u00ebrputhjen me standardet rregullatore p\u00ebr sigurin\u00eb, etiketimin dhe mbrojtjen e konsumatorit.\" \/>\n<meta name=\"robots\" content=\"index, follow, max-snippet:-1, max-image-preview:large, max-video-preview:-1\" \/>\n<link rel=\"canonical\" href=\"https:\/\/www.ufi.eu\/sq\/product\/pcn-ufi-per-ngjitesit-perdorimi-ne-shtepi-ne-shkolle-dhe-ne-zyre\/\" \/>\n<meta property=\"og:locale\" content=\"sq_AL\" \/>\n<meta property=\"og:type\" content=\"article\" \/>\n<meta property=\"og:title\" content=\"PCN &amp; UFI p\u00ebr Ngjit\u00ebsit \u2013 P\u00ebrdorimi n\u00eb sht\u00ebpi, n\u00eb shkoll\u00eb dhe n\u00eb zyr\u00eb\" \/>\n<meta property=\"og:description\" content=\"Regjistrimi i ngjit\u00ebsve dhe ngjit\u00ebsve p\u00ebr p\u00ebrdorim sht\u00ebpiak, zyra ose shkolla \u00ebsht\u00eb thelb\u00ebsor p\u00ebr t\u00eb siguruar p\u00ebrputhjen me standardet rregullatore p\u00ebr sigurin\u00eb, etiketimin dhe mbrojtjen e konsumatorit.\" \/>\n<meta property=\"og:url\" content=\"https:\/\/www.ufi.eu\/sq\/product\/pcn-ufi-per-ngjitesit-perdorimi-ne-shtepi-ne-shkolle-dhe-ne-zyre\/\" \/>\n<meta property=\"og:site_name\" content=\"UFI\" \/>\n<meta property=\"og:image\" content=\"https:\/\/www.ufi.eu\/wp-content\/uploads\/2025\/03\/PC-ADH-1.jpg\" \/>\n\t<meta property=\"og:image:width\" content=\"1024\" \/>\n\t<meta property=\"og:image:height\" content=\"1024\" \/>\n\t<meta property=\"og:image:type\" content=\"image\/jpeg\" \/>\n<meta name=\"twitter:card\" content=\"summary_large_image\" \/>\n<meta name=\"twitter:label1\" content=\"Price\" \/>\n\t<meta name=\"twitter:data1\" content=\"&euro;0.00\" \/>\n\t<meta name=\"twitter:label2\" content=\"Availability\" \/>\n\t<meta name=\"twitter:data2\" content=\"In stock\" \/>\n<script type=\"application\/ld+json\" class=\"yoast-schema-graph\">{\"@context\":\"https:\/\/schema.org\",\"@graph\":[{\"@type\":\"WebPage\",\"@id\":\"https:\/\/www.ufi.eu\/sq\/product\/pcn-ufi-per-ngjitesit-perdorimi-ne-shtepi-ne-shkolle-dhe-ne-zyre\/\",\"url\":\"https:\/\/www.ufi.eu\/sq\/product\/pcn-ufi-per-ngjitesit-perdorimi-ne-shtepi-ne-shkolle-dhe-ne-zyre\/\",\"name\":\"PCN &amp; UFI p\u00ebr Ngjit\u00ebsit \u2013 P\u00ebrdorimi n\u00eb sht\u00ebpi, n\u00eb shkoll\u00eb dhe n\u00eb zyr\u00eb - UFI\",\"isPartOf\":{\"@id\":\"https:\/\/www.ufi.eu\/sq\/#website\"},\"primaryImageOfPage\":{\"@id\":\"https:\/\/www.ufi.eu\/sq\/product\/pcn-ufi-per-ngjitesit-perdorimi-ne-shtepi-ne-shkolle-dhe-ne-zyre\/#primaryimage\"},\"image\":{\"@id\":\"https:\/\/www.ufi.eu\/sq\/product\/pcn-ufi-per-ngjitesit-perdorimi-ne-shtepi-ne-shkolle-dhe-ne-zyre\/#primaryimage\"},\"thumbnailUrl\":\"https:\/\/www.ufi.eu\/wp-content\/uploads\/2025\/03\/PC-ADH-1.jpg\",\"datePublished\":\"2025-04-15T21:26:08+00:00\",\"description\":\"Regjistrimi i ngjit\u00ebsve dhe ngjit\u00ebsve p\u00ebr p\u00ebrdorim sht\u00ebpiak, zyra ose shkolla \u00ebsht\u00eb thelb\u00ebsor p\u00ebr t\u00eb siguruar p\u00ebrputhjen me standardet rregullatore p\u00ebr sigurin\u00eb, etiketimin dhe mbrojtjen e konsumatorit.\",\"breadcrumb\":{\"@id\":\"https:\/\/www.ufi.eu\/sq\/product\/pcn-ufi-per-ngjitesit-perdorimi-ne-shtepi-ne-shkolle-dhe-ne-zyre\/#breadcrumb\"},\"inLanguage\":\"sq-AL\",\"potentialAction\":[{\"@type\":\"ReadAction\",\"target\":[\"https:\/\/www.ufi.eu\/sq\/product\/pcn-ufi-per-ngjitesit-perdorimi-ne-shtepi-ne-shkolle-dhe-ne-zyre\/\"]}]},{\"@type\":\"ImageObject\",\"inLanguage\":\"sq-AL\",\"@id\":\"https:\/\/www.ufi.eu\/sq\/product\/pcn-ufi-per-ngjitesit-perdorimi-ne-shtepi-ne-shkolle-dhe-ne-zyre\/#primaryimage\",\"url\":\"https:\/\/www.ufi.eu\/wp-content\/uploads\/2025\/03\/PC-ADH-1.jpg\",\"contentUrl\":\"https:\/\/www.ufi.eu\/wp-content\/uploads\/2025\/03\/PC-ADH-1.jpg\",\"width\":1024,\"height\":1024},{\"@type\":\"BreadcrumbList\",\"@id\":\"https:\/\/www.ufi.eu\/sq\/product\/pcn-ufi-per-ngjitesit-perdorimi-ne-shtepi-ne-shkolle-dhe-ne-zyre\/#breadcrumb\",\"itemListElement\":[{\"@type\":\"ListItem\",\"position\":1,\"name\":\"Home\",\"item\":\"https:\/\/www.ufi.eu\/sq\/shtepi\/\"},{\"@type\":\"ListItem\",\"position\":2,\"name\":\"Dyqan\",\"item\":\"https:\/\/www.ufi.eu\/sq\/dyqan\/\"},{\"@type\":\"ListItem\",\"position\":3,\"name\":\"PCN &amp; UFI p\u00ebr Ngjit\u00ebsit \u2013 P\u00ebrdorimi n\u00eb sht\u00ebpi, n\u00eb shkoll\u00eb dhe n\u00eb zyr\u00eb\"}]},{\"@type\":\"WebSite\",\"@id\":\"https:\/\/www.ufi.eu\/sq\/#website\",\"url\":\"https:\/\/www.ufi.eu\/sq\/\",\"name\":\"UFI.EU\",\"description\":\"Poison Centre Notifications (PCN) and UFI\",\"publisher\":{\"@id\":\"https:\/\/www.ufi.eu\/sq\/#organization\"},\"potentialAction\":[{\"@type\":\"SearchAction\",\"target\":{\"@type\":\"EntryPoint\",\"urlTemplate\":\"https:\/\/www.ufi.eu\/sq\/?s={search_term_string}\"},\"query-input\":{\"@type\":\"PropertyValueSpecification\",\"valueRequired\":true,\"valueName\":\"search_term_string\"}}],\"inLanguage\":\"sq-AL\"},{\"@type\":\"Organization\",\"@id\":\"https:\/\/www.ufi.eu\/sq\/#organization\",\"name\":\"UFI.EU\",\"url\":\"https:\/\/www.ufi.eu\/sq\/\",\"logo\":{\"@type\":\"ImageObject\",\"inLanguage\":\"sq-AL\",\"@id\":\"https:\/\/www.ufi.eu\/sq\/#\/schema\/logo\/image\/\",\"url\":\"https:\/\/www.ufi.eu\/wp-content\/uploads\/2025\/03\/cropped-logo_ufi3.jpg\",\"contentUrl\":\"https:\/\/www.ufi.eu\/wp-content\/uploads\/2025\/03\/cropped-logo_ufi3.jpg\",\"width\":231,\"height\":78,\"caption\":\"UFI.EU\"},\"image\":{\"@id\":\"https:\/\/www.ufi.eu\/sq\/#\/schema\/logo\/image\/\"},\"description\":\"UFI.eu specializes in digital registrations for Poison Centre Notifications (PCN), ensuring your chemical products meet EU regulatory requirements effortlessly. Our streamlined solutions help businesses stay compliant while reducing complexity and administrative burden.\",\"email\":\"info@ufi.eu\",\"legalName\":\"UFI.EU\"}]}<\/script>\n<meta property=\"product:price:amount\" content=\"0.00\" \/>\n<meta property=\"product:price:currency\" content=\"EUR\" \/>\n<meta property=\"og:availability\" content=\"instock\" \/>\n<meta property=\"product:availability\" content=\"instock\" \/>\n<meta property=\"product:retailer_item_id\" content=\"PC-ADH-1\" \/>\n<meta property=\"product:condition\" content=\"new\" \/>\n<!-- \/ Yoast SEO Premium plugin. -->","yoast_head_json":{"title":"PCN &amp; UFI p\u00ebr Ngjit\u00ebsit \u2013 P\u00ebrdorimi n\u00eb sht\u00ebpi, n\u00eb shkoll\u00eb dhe n\u00eb zyr\u00eb - UFI","description":"Regjistrimi i ngjit\u00ebsve dhe ngjit\u00ebsve p\u00ebr p\u00ebrdorim sht\u00ebpiak, zyra ose shkolla \u00ebsht\u00eb thelb\u00ebsor p\u00ebr t\u00eb siguruar p\u00ebrputhjen me standardet rregullatore p\u00ebr sigurin\u00eb, etiketimin dhe mbrojtjen e konsumatorit.","robots":{"index":"index","follow":"follow","max-snippet":"max-snippet:-1","max-image-preview":"max-image-preview:large","max-video-preview":"max-video-preview:-1"},"canonical":"https:\/\/www.ufi.eu\/sq\/product\/pcn-ufi-per-ngjitesit-perdorimi-ne-shtepi-ne-shkolle-dhe-ne-zyre\/","og_locale":"sq_AL","og_type":"article","og_title":"PCN &amp; UFI p\u00ebr Ngjit\u00ebsit \u2013 P\u00ebrdorimi n\u00eb sht\u00ebpi, n\u00eb shkoll\u00eb dhe n\u00eb zyr\u00eb","og_description":"Regjistrimi i ngjit\u00ebsve dhe ngjit\u00ebsve p\u00ebr p\u00ebrdorim sht\u00ebpiak, zyra ose shkolla \u00ebsht\u00eb thelb\u00ebsor p\u00ebr t\u00eb siguruar p\u00ebrputhjen me standardet rregullatore p\u00ebr sigurin\u00eb, etiketimin dhe mbrojtjen e konsumatorit.","og_url":"https:\/\/www.ufi.eu\/sq\/product\/pcn-ufi-per-ngjitesit-perdorimi-ne-shtepi-ne-shkolle-dhe-ne-zyre\/","og_site_name":"UFI","og_image":[{"width":1024,"height":1024,"url":"https:\/\/www.ufi.eu\/wp-content\/uploads\/2025\/03\/PC-ADH-1.jpg","type":"image\/jpeg"}],"twitter_card":"summary_large_image","twitter_misc":{"Price":"&euro;0.00","Availability":"In stock"},"schema":{"@context":"https:\/\/schema.org","@graph":[{"@type":"WebPage","@id":"https:\/\/www.ufi.eu\/sq\/product\/pcn-ufi-per-ngjitesit-perdorimi-ne-shtepi-ne-shkolle-dhe-ne-zyre\/","url":"https:\/\/www.ufi.eu\/sq\/product\/pcn-ufi-per-ngjitesit-perdorimi-ne-shtepi-ne-shkolle-dhe-ne-zyre\/","name":"PCN &amp; UFI p\u00ebr Ngjit\u00ebsit \u2013 P\u00ebrdorimi n\u00eb sht\u00ebpi, n\u00eb shkoll\u00eb dhe n\u00eb zyr\u00eb - UFI","isPartOf":{"@id":"https:\/\/www.ufi.eu\/sq\/#website"},"primaryImageOfPage":{"@id":"https:\/\/www.ufi.eu\/sq\/product\/pcn-ufi-per-ngjitesit-perdorimi-ne-shtepi-ne-shkolle-dhe-ne-zyre\/#primaryimage"},"image":{"@id":"https:\/\/www.ufi.eu\/sq\/product\/pcn-ufi-per-ngjitesit-perdorimi-ne-shtepi-ne-shkolle-dhe-ne-zyre\/#primaryimage"},"thumbnailUrl":"https:\/\/www.ufi.eu\/wp-content\/uploads\/2025\/03\/PC-ADH-1.jpg","datePublished":"2025-04-15T21:26:08+00:00","description":"Regjistrimi i ngjit\u00ebsve dhe ngjit\u00ebsve p\u00ebr p\u00ebrdorim sht\u00ebpiak, zyra ose shkolla \u00ebsht\u00eb thelb\u00ebsor p\u00ebr t\u00eb siguruar p\u00ebrputhjen me standardet rregullatore p\u00ebr sigurin\u00eb, etiketimin dhe mbrojtjen e konsumatorit.","breadcrumb":{"@id":"https:\/\/www.ufi.eu\/sq\/product\/pcn-ufi-per-ngjitesit-perdorimi-ne-shtepi-ne-shkolle-dhe-ne-zyre\/#breadcrumb"},"inLanguage":"sq-AL","potentialAction":[{"@type":"ReadAction","target":["https:\/\/www.ufi.eu\/sq\/product\/pcn-ufi-per-ngjitesit-perdorimi-ne-shtepi-ne-shkolle-dhe-ne-zyre\/"]}]},{"@type":"ImageObject","inLanguage":"sq-AL","@id":"https:\/\/www.ufi.eu\/sq\/product\/pcn-ufi-per-ngjitesit-perdorimi-ne-shtepi-ne-shkolle-dhe-ne-zyre\/#primaryimage","url":"https:\/\/www.ufi.eu\/wp-content\/uploads\/2025\/03\/PC-ADH-1.jpg","contentUrl":"https:\/\/www.ufi.eu\/wp-content\/uploads\/2025\/03\/PC-ADH-1.jpg","width":1024,"height":1024},{"@type":"BreadcrumbList","@id":"https:\/\/www.ufi.eu\/sq\/product\/pcn-ufi-per-ngjitesit-perdorimi-ne-shtepi-ne-shkolle-dhe-ne-zyre\/#breadcrumb","itemListElement":[{"@type":"ListItem","position":1,"name":"Home","item":"https:\/\/www.ufi.eu\/sq\/shtepi\/"},{"@type":"ListItem","position":2,"name":"Dyqan","item":"https:\/\/www.ufi.eu\/sq\/dyqan\/"},{"@type":"ListItem","position":3,"name":"PCN &amp; UFI p\u00ebr Ngjit\u00ebsit \u2013 P\u00ebrdorimi n\u00eb sht\u00ebpi, n\u00eb shkoll\u00eb dhe n\u00eb zyr\u00eb"}]},{"@type":"WebSite","@id":"https:\/\/www.ufi.eu\/sq\/#website","url":"https:\/\/www.ufi.eu\/sq\/","name":"UFI.EU","description":"Poison Centre Notifications (PCN) and UFI","publisher":{"@id":"https:\/\/www.ufi.eu\/sq\/#organization"},"potentialAction":[{"@type":"SearchAction","target":{"@type":"EntryPoint","urlTemplate":"https:\/\/www.ufi.eu\/sq\/?s={search_term_string}"},"query-input":{"@type":"PropertyValueSpecification","valueRequired":true,"valueName":"search_term_string"}}],"inLanguage":"sq-AL"},{"@type":"Organization","@id":"https:\/\/www.ufi.eu\/sq\/#organization","name":"UFI.EU","url":"https:\/\/www.ufi.eu\/sq\/","logo":{"@type":"ImageObject","inLanguage":"sq-AL","@id":"https:\/\/www.ufi.eu\/sq\/#\/schema\/logo\/image\/","url":"https:\/\/www.ufi.eu\/wp-content\/uploads\/2025\/03\/cropped-logo_ufi3.jpg","contentUrl":"https:\/\/www.ufi.eu\/wp-content\/uploads\/2025\/03\/cropped-logo_ufi3.jpg","width":231,"height":78,"caption":"UFI.EU"},"image":{"@id":"https:\/\/www.ufi.eu\/sq\/#\/schema\/logo\/image\/"},"description":"UFI.eu specializes in digital registrations for Poison Centre Notifications (PCN), ensuring your chemical products meet EU regulatory requirements effortlessly. Our streamlined solutions help businesses stay compliant while reducing complexity and administrative burden.","email":"info@ufi.eu","legalName":"UFI.EU"}]},"product_price_amount":"0.00","product_price_currency":"EUR","og_availability":"instock","product_availability":"instock","product_retailer_item_id":"PC-ADH-1","product_condition":"new"},"_links":{"self":[{"href":"https:\/\/www.ufi.eu\/sq\/wp-json\/wp\/v2\/product\/13207","targetHints":{"allow":["GET"]}}],"collection":[{"href":"https:\/\/www.ufi.eu\/sq\/wp-json\/wp\/v2\/product"}],"about":[{"href":"https:\/\/www.ufi.eu\/sq\/wp-json\/wp\/v2\/types\/product"}],"wp:featuredmedia":[{"embeddable":true,"href":"https:\/\/www.ufi.eu\/sq\/wp-json\/wp\/v2\/media\/13208"}],"wp:attachment":[{"href":"https:\/\/www.ufi.eu\/sq\/wp-json\/wp\/v2\/media?parent=13207"}],"wp:term":[{"taxonomy":"product_brand","embeddable":true,"href":"https:\/\/www.ufi.eu\/sq\/wp-json\/wp\/v2\/product_brand?post=13207"},{"taxonomy":"product_cat","embeddable":true,"href":"https:\/\/www.ufi.eu\/sq\/wp-json\/wp\/v2\/product_cat?post=13207"},{"taxonomy":"product_tag","embeddable":true,"href":"https:\/\/www.ufi.eu\/sq\/wp-json\/wp\/v2\/product_tag?post=13207"}],"curies":[{"name":"wp","href":"https:\/\/api.w.org\/{rel}","templated":true}]}}