{"id":12849,"date":"2025-04-15T20:38:32","date_gmt":"2025-04-15T20:38:32","guid":{"rendered":"https:\/\/www.ufi.eu\/pcn\/uncategorized\/pcn-ufi-per-kompanite-jo-be\/"},"modified":"2025-04-15T20:38:34","modified_gmt":"2025-04-15T20:38:34","slug":"pcn-ufi-per-kompanite-jo-be","status":"publish","type":"product","link":"https:\/\/www.ufi.eu\/sq\/product\/pcn-ufi-per-kompanite-jo-be\/","title":{"rendered":"PCN &amp; UFI p\u00ebr kompanit\u00eb jo-BE"},"content":{"rendered":"\n<p>Zgjerimi n\u00eb tregun e BE-s\u00eb ofron mund\u00ebsi emocionuese\u2014por gjithashtu vjen me detyrime t\u00eb rrepta rregullatore. N\u00ebse kompania juaj \u00ebsht\u00eb e vendosur jasht\u00eb BE-s\u00eb\/ZEE-s\u00eb ose Irland\u00ebs s\u00eb Veriut dhe ju planifikoni t\u00eb shisni p\u00ebrzierje kimike si kozmetik\u00eb, produkte pastrimi ose artikuj t\u00eb tjer\u00eb t\u00eb rregulluar n\u00eb BE, do t&#8217;ju duhet t\u00eb plot\u00ebsoni k\u00ebrkesat specifike t\u00eb pajtueshm\u00ebris\u00eb sipas Rregullores CLP (EC Nr. 1272\/2008), duke p\u00ebrfshir\u00eb Njoftimin e Qendr\u00ebs s\u00eb Helmimit (PCN Unifidentique p\u00ebr p\u00ebrdorimin e nj\u00eb FI). <\/p>\n\n<p>Si nj\u00eb biznes jasht\u00eb BE-s\u00eb, nuk ju lejohet t\u00eb dor\u00ebzoni nj\u00eb PCN drejtp\u00ebrdrejt\u2014por <strong>ne mund t&#8217;ju ndihmojm\u00eb<\/strong> . Ne ofrojm\u00eb mb\u00ebshtetje t\u00eb plot\u00eb me <strong>udh\u00ebzimet rregullatore dhe p\u00ebrgatitjen n\u00eb p\u00ebrputhje t\u00eb etiket\u00ebs<\/strong> , duke ju ndihmuar t\u00eb navigoni ligjet e BE-s\u00eb me besim dhe t\u00eb hyni n\u00eb tregun evropian n\u00eb m\u00ebnyr\u00eb profesionale dhe efikase. <\/p>\n\n<p>N\u00ebse kompania juaj ndodhet jasht\u00eb BE\/ZEE ose Irland\u00ebs s\u00eb Veriut, nuk ju lejohet t\u00eb dor\u00ebzoni drejtp\u00ebrdrejt nj\u00eb Njoftim t\u00eb Qendr\u00ebs s\u00eb Helmimeve (PCN) sipas Aneksit VIII t\u00eb Rregullores (EC) Nr. 1272\/2008 (Rregullorja CLP).  <\/p>\n\n<h2 class=\"wp-block-heading\" id=\"h-non-eu-companies-must-appoint-an-eu-based-contact\">Kompanit\u00eb jo-BE duhet t\u00eb caktojn\u00eb nj\u00eb kontakt me baz\u00eb n\u00eb BE<\/h2>\n\n<p>Ju lutemi vini re: <strong>Kompanit\u00eb jo-BE nuk lejohen t\u00eb paraqesin vet\u00eb nj\u00eb PCN.<\/strong><br\/> P\u00ebr t\u00eb qen\u00eb n\u00eb p\u00ebrputhje me ligjin e BE-s\u00eb, ju duhet t\u00eb caktoni nj\u00eb:<\/p>\n\n<ul class=\"wp-block-list\">\n<li><strong>Importuesi i BE-s\u00eb<\/strong> , ose<\/li>\n\n\n\n<li><strong>\u201cP\u00ebrdoruesi i posht\u00ebm\u201d ose vet\u00ebm p\u00ebrfaq\u00ebsuesi me baz\u00eb n\u00eb BE<\/strong><\/li>\n<\/ul>\n\n<p>Ky ent i caktuar do t\u00eb jet\u00eb p\u00ebrgjegj\u00ebs p\u00ebr paraqitjen e PCN-s\u00eb dhe duhet t\u00eb renditet n\u00eb njoftim. Ne mund t&#8217;ju ndihmojm\u00eb q\u00eb produkti juaj t\u00eb jet\u00eb n\u00eb p\u00ebrputhje. <\/p>\n\n<h2 class=\"wp-block-heading\">Si funksionon sh\u00ebrbimi i krijimit t\u00eb UFI dhe njoftimit t\u00eb PCN?<\/h2>\n\n<p>Pas blerjes s\u00eb k\u00ebtij sh\u00ebrbimi, do t\u00eb keni akses n\u00eb portalin e sigurt. Ky portal p\u00ebrmban nj\u00eb p\u00ebrmbledhje t\u00eb t\u00eb gjitha hapave.  Ju plot\u00ebsoni detajet e produktit tuaj dhe ne do t\u00eb fillojm\u00eb pun\u00ebn.<\/p>\n\n<h3 class=\"wp-block-heading\">Njoftimi i Qendr\u00ebs s\u00eb Helmimeve dhe UFI<\/h3>\n\n<p>Ne do t\u00eb ofrojm\u00eb:<\/p>\n\n<ul class=\"wp-block-list\">\n<li>Identifikuesi unik i formul\u00ebs (UFI) i produktit tuaj<\/li>\n\n\n\n<li>Nj\u00eb raport i Njoftimit t\u00eb Qendr\u00ebs s\u00eb Helmimeve (PCN).<\/li>\n\n\n\n<li>Regjistrimi i produktit tuaj n\u00eb qendrat komb\u00ebtare p\u00ebrkat\u00ebse t\u00eb helmimit n\u00ebp\u00ebrmjet ECHA.<\/li>\n<\/ul>\n\n<h3 class=\"wp-block-heading\">Vendet p\u00ebr regjistrim n\u00eb PCN<\/h3>\n\n<p>Num\u00ebroni numrin e vendeve n\u00eb t\u00eb cilat d\u00ebshironi t\u00eb regjistroni produktin tuaj. Ju do t\u00eb jeni n\u00eb gjendje t\u00eb zgjidhni vendet specifike brenda portalit. Vende t\u00eb tjera mund t\u00eb shtohen n\u00eb nj\u00eb dat\u00eb t\u00eb m\u00ebvonshme dhe gjithmon\u00eb mund t\u00eb porosisni <a href=\"https:\/\/www.ufi.eu\/sq\/pcn\/shtetet\/vendet-per-regjistrim-ne-pcn\/\" target=\"_blank\" rel=\"noreferrer noopener\">regjistrime shtes\u00eb t\u00eb vendeve PCN<\/a> .  <\/p>\n\n<h3 class=\"wp-block-heading\">Informacioni i etiket\u00ebs CLP<\/h3>\n\n<p>Ne ofrojm\u00eb mund\u00ebsin\u00eb p\u00ebr t\u00eb bler\u00eb nj\u00eb etiket\u00eb produkti n\u00eb p\u00ebrputhje me CLP, q\u00eb p\u00ebrmban t\u00eb gjith\u00eb informacionin e detyruesh\u00ebm si\u00e7 k\u00ebrkohet nga Rregullorja e BE-s\u00eb CLP. Kjo do t\u00eb ofrohet si nj\u00eb PDF, duke ju mund\u00ebsuar t\u00eb integroni informacionin e nevojsh\u00ebm n\u00eb dizajnin e etiket\u00ebs s\u00eb produktit tuaj. Ju gjithashtu mund t\u00eb porositni ve\u00e7mas <a href=\"https:\/\/www.ufi.eu\/sq\/pcn\/etiketa-clp\/krijimi-i-etiketes-clp-dhe-kontrolli-i-pajtueshmerise\/\" target=\"_blank\" rel=\"noreferrer noopener\">informacionin e etiket\u00ebs CLP<\/a> . Keni tashm\u00eb nj\u00eb etiket\u00eb? \u2014 Ne mund ta rishikojm\u00eb etiket\u00ebn tuaj n\u00eb p\u00ebrputhje me k\u00ebrkesat aktuale t\u00eb CLP. Ne do t\u00eb ofrojm\u00eb komente dhe korrigjime t\u00eb holl\u00ebsishme p\u00ebr t\u00eb siguruar q\u00eb etiketa juaj t\u00eb p\u00ebrmbush t\u00eb gjitha standardet rregullatore.     <\/p>\n","protected":false},"excerpt":{"rendered":"<p>Zgjerimi n\u00eb tregun e BE-s\u00eb ofron mund\u00ebsi emocionuese\u2014por gjithashtu vjen me detyrime t\u00eb rrepta rregullatore. N\u00ebse kompania juaj \u00ebsht\u00eb e vendosur jasht\u00eb BE-s\u00eb\/ZEE-s\u00eb ose Irland\u00ebs s\u00eb Veriut dhe ju planifikoni t\u00eb shisni p\u00ebrzierje kimike si kozmetik\u00eb, produkte pastrimi ose artikuj t\u00eb tjer\u00eb t\u00eb rregulluar n\u00eb BE, do t&#8217;ju duhet t\u00eb plot\u00ebsoni k\u00ebrkesat specifike t\u00eb pajtueshm\u00ebris\u00eb [&hellip;]<\/p>\n","protected":false},"featured_media":12426,"template":"","meta":[],"product_brand":[],"product_cat":[447],"product_tag":[],"class_list":{"0":"post-12849","1":"product","2":"type-product","3":"status-publish","4":"has-post-thumbnail","6":"product_cat-jashte-be-se","8":"first","9":"instock","10":"virtual","11":"taxable","12":"purchasable","13":"product-type-bundle"},"bundled_by":[],"bundle_stock_status":"instock","bundle_stock_quantity":"","bundle_virtual":false,"bundle_layout":"default","bundle_add_to_cart_form_location":"default","bundle_editable_in_cart":false,"bundle_sold_individually_context":"product","bundle_item_grouping":"parent","bundle_min_size":"","bundle_max_size":"","bundle_price":{"price":{"min":{"incl_tax":"78.65","excl_tax":"65"},"max":{"incl_tax":"","excl_tax":""}},"regular_price":{"min":{"incl_tax":"78.65","excl_tax":"65"},"max":{"incl_tax":"","excl_tax":""}}},"bundled_items":[{"bundled_item_id":1459,"product_id":12509,"menu_order":0,"quantity_min":1,"quantity_max":1,"quantity_default":1,"priced_individually":true,"shipped_individually":true,"override_title":false,"title":null,"override_description":false,"description":null,"optional":false,"hide_thumbnail":false,"discount":"","override_variations":false,"allowed_variations":[""],"override_default_variation_attributes":false,"default_variation_attributes":[],"single_product_visibility":"visible","cart_visibility":"visible","order_visibility":"visible","single_product_price_visibility":"visible","cart_price_visibility":"visible","order_price_visibility":"visible","stock_status":"in_stock"},{"bundled_item_id":1460,"product_id":12555,"menu_order":1,"quantity_min":0,"quantity_max":"","quantity_default":0,"priced_individually":true,"shipped_individually":true,"override_title":false,"title":null,"override_description":false,"description":null,"optional":false,"hide_thumbnail":false,"discount":"","override_variations":false,"allowed_variations":[""],"override_default_variation_attributes":false,"default_variation_attributes":[],"single_product_visibility":"visible","cart_visibility":"visible","order_visibility":"visible","single_product_price_visibility":"visible","cart_price_visibility":"visible","order_price_visibility":"visible","stock_status":"in_stock"},{"bundled_item_id":1461,"product_id":12802,"menu_order":2,"quantity_min":1,"quantity_max":1,"quantity_default":1,"priced_individually":true,"shipped_individually":true,"override_title":false,"title":null,"override_description":false,"description":null,"optional":true,"hide_thumbnail":false,"discount":"","override_variations":false,"allowed_variations":[""],"override_default_variation_attributes":false,"default_variation_attributes":[],"single_product_visibility":"visible","cart_visibility":"visible","order_visibility":"visible","single_product_price_visibility":"visible","cart_price_visibility":"visible","order_price_visibility":"visible","stock_status":"in_stock"}],"bundle_sell_ids":[],"yoast_head":"<!-- This site is optimized with the Yoast SEO Premium plugin v25.1 (Yoast SEO v25.1) - https:\/\/yoast.com\/wordpress\/plugins\/seo\/ -->\n<title>PCN &amp; UFI p\u00ebr kompanit\u00eb jo-BE - UFI<\/title>\n<meta name=\"description\" content=\"Ne mb\u00ebshtesim me PCN dhe UFI p\u00ebr kompanit\u00eb jo-BE. Kompanit\u00eb me baz\u00eb jasht\u00eb BE-s\u00eb\/ZEE-s\u00eb ose Irland\u00ebs s\u00eb Veriut.\" \/>\n<meta name=\"robots\" content=\"index, follow, max-snippet:-1, max-image-preview:large, max-video-preview:-1\" \/>\n<link rel=\"canonical\" href=\"https:\/\/www.ufi.eu\/sq\/product\/pcn-ufi-per-kompanite-jo-be\/\" \/>\n<meta property=\"og:locale\" content=\"sq_AL\" \/>\n<meta property=\"og:type\" content=\"article\" \/>\n<meta property=\"og:title\" content=\"PCN &amp; UFI p\u00ebr kompanit\u00eb jo-BE\" \/>\n<meta property=\"og:description\" content=\"Ne mb\u00ebshtesim me PCN dhe UFI p\u00ebr kompanit\u00eb jo-BE. Kompanit\u00eb me baz\u00eb jasht\u00eb BE-s\u00eb\/ZEE-s\u00eb ose Irland\u00ebs s\u00eb Veriut.\" \/>\n<meta property=\"og:url\" content=\"https:\/\/www.ufi.eu\/sq\/product\/pcn-ufi-per-kompanite-jo-be\/\" \/>\n<meta property=\"og:site_name\" content=\"UFI\" \/>\n<meta property=\"article:modified_time\" content=\"2025-04-15T20:38:34+00:00\" \/>\n<meta property=\"og:image\" content=\"https:\/\/www.ufi.eu\/wp-content\/uploads\/2025\/03\/pcn_ufi.jpg\" \/>\n\t<meta property=\"og:image:width\" content=\"1024\" \/>\n\t<meta property=\"og:image:height\" content=\"1024\" \/>\n\t<meta property=\"og:image:type\" content=\"image\/jpeg\" \/>\n<meta name=\"twitter:card\" content=\"summary_large_image\" \/>\n<meta name=\"twitter:label1\" content=\"Price\" \/>\n\t<meta name=\"twitter:data1\" content=\"&euro;0.00\" \/>\n\t<meta name=\"twitter:label2\" content=\"Availability\" \/>\n\t<meta name=\"twitter:data2\" content=\"In stock\" \/>\n<script type=\"application\/ld+json\" class=\"yoast-schema-graph\">{\"@context\":\"https:\/\/schema.org\",\"@graph\":[{\"@type\":\"WebPage\",\"@id\":\"https:\/\/www.ufi.eu\/sq\/product\/pcn-ufi-per-kompanite-jo-be\/\",\"url\":\"https:\/\/www.ufi.eu\/sq\/product\/pcn-ufi-per-kompanite-jo-be\/\",\"name\":\"PCN &amp; UFI p\u00ebr kompanit\u00eb jo-BE - UFI\",\"isPartOf\":{\"@id\":\"https:\/\/www.ufi.eu\/sq\/#website\"},\"primaryImageOfPage\":{\"@id\":\"https:\/\/www.ufi.eu\/sq\/product\/pcn-ufi-per-kompanite-jo-be\/#primaryimage\"},\"image\":{\"@id\":\"https:\/\/www.ufi.eu\/sq\/product\/pcn-ufi-per-kompanite-jo-be\/#primaryimage\"},\"thumbnailUrl\":\"https:\/\/www.ufi.eu\/wp-content\/uploads\/2025\/03\/pcn_ufi.jpg\",\"datePublished\":\"2025-04-15T20:38:32+00:00\",\"dateModified\":\"2025-04-15T20:38:34+00:00\",\"description\":\"Ne mb\u00ebshtesim me PCN dhe UFI p\u00ebr kompanit\u00eb jo-BE. Kompanit\u00eb me baz\u00eb jasht\u00eb BE-s\u00eb\/ZEE-s\u00eb ose Irland\u00ebs s\u00eb Veriut.\",\"breadcrumb\":{\"@id\":\"https:\/\/www.ufi.eu\/sq\/product\/pcn-ufi-per-kompanite-jo-be\/#breadcrumb\"},\"inLanguage\":\"sq-AL\",\"potentialAction\":[{\"@type\":\"ReadAction\",\"target\":[\"https:\/\/www.ufi.eu\/sq\/product\/pcn-ufi-per-kompanite-jo-be\/\"]}]},{\"@type\":\"ImageObject\",\"inLanguage\":\"sq-AL\",\"@id\":\"https:\/\/www.ufi.eu\/sq\/product\/pcn-ufi-per-kompanite-jo-be\/#primaryimage\",\"url\":\"https:\/\/www.ufi.eu\/wp-content\/uploads\/2025\/03\/pcn_ufi.jpg\",\"contentUrl\":\"https:\/\/www.ufi.eu\/wp-content\/uploads\/2025\/03\/pcn_ufi.jpg\",\"width\":1024,\"height\":1024},{\"@type\":\"BreadcrumbList\",\"@id\":\"https:\/\/www.ufi.eu\/sq\/product\/pcn-ufi-per-kompanite-jo-be\/#breadcrumb\",\"itemListElement\":[{\"@type\":\"ListItem\",\"position\":1,\"name\":\"Home\",\"item\":\"https:\/\/www.ufi.eu\/sq\/shtepi\/\"},{\"@type\":\"ListItem\",\"position\":2,\"name\":\"Dyqan\",\"item\":\"https:\/\/www.ufi.eu\/sq\/dyqan\/\"},{\"@type\":\"ListItem\",\"position\":3,\"name\":\"PCN &amp; UFI p\u00ebr kompanit\u00eb jo-BE\"}]},{\"@type\":\"WebSite\",\"@id\":\"https:\/\/www.ufi.eu\/sq\/#website\",\"url\":\"https:\/\/www.ufi.eu\/sq\/\",\"name\":\"UFI.EU\",\"description\":\"Poison Centre Notifications (PCN) and UFI\",\"publisher\":{\"@id\":\"https:\/\/www.ufi.eu\/sq\/#organization\"},\"potentialAction\":[{\"@type\":\"SearchAction\",\"target\":{\"@type\":\"EntryPoint\",\"urlTemplate\":\"https:\/\/www.ufi.eu\/sq\/?s={search_term_string}\"},\"query-input\":{\"@type\":\"PropertyValueSpecification\",\"valueRequired\":true,\"valueName\":\"search_term_string\"}}],\"inLanguage\":\"sq-AL\"},{\"@type\":\"Organization\",\"@id\":\"https:\/\/www.ufi.eu\/sq\/#organization\",\"name\":\"UFI.EU\",\"url\":\"https:\/\/www.ufi.eu\/sq\/\",\"logo\":{\"@type\":\"ImageObject\",\"inLanguage\":\"sq-AL\",\"@id\":\"https:\/\/www.ufi.eu\/sq\/#\/schema\/logo\/image\/\",\"url\":\"https:\/\/www.ufi.eu\/wp-content\/uploads\/2025\/03\/cropped-logo_ufi3.jpg\",\"contentUrl\":\"https:\/\/www.ufi.eu\/wp-content\/uploads\/2025\/03\/cropped-logo_ufi3.jpg\",\"width\":231,\"height\":78,\"caption\":\"UFI.EU\"},\"image\":{\"@id\":\"https:\/\/www.ufi.eu\/sq\/#\/schema\/logo\/image\/\"},\"description\":\"UFI.eu specializes in digital registrations for Poison Centre Notifications (PCN), ensuring your chemical products meet EU regulatory requirements effortlessly. Our streamlined solutions help businesses stay compliant while reducing complexity and administrative burden.\",\"email\":\"info@ufi.eu\",\"legalName\":\"UFI.EU\"}]}<\/script>\n<meta property=\"product:price:amount\" content=\"0.00\" \/>\n<meta property=\"product:price:currency\" content=\"EUR\" \/>\n<meta property=\"og:availability\" content=\"instock\" \/>\n<meta property=\"product:availability\" content=\"instock\" \/>\n<meta property=\"product:condition\" content=\"new\" \/>\n<!-- \/ Yoast SEO Premium plugin. -->","yoast_head_json":{"title":"PCN &amp; UFI p\u00ebr kompanit\u00eb jo-BE - UFI","description":"Ne mb\u00ebshtesim me PCN dhe UFI p\u00ebr kompanit\u00eb jo-BE. Kompanit\u00eb me baz\u00eb jasht\u00eb BE-s\u00eb\/ZEE-s\u00eb ose Irland\u00ebs s\u00eb Veriut.","robots":{"index":"index","follow":"follow","max-snippet":"max-snippet:-1","max-image-preview":"max-image-preview:large","max-video-preview":"max-video-preview:-1"},"canonical":"https:\/\/www.ufi.eu\/sq\/product\/pcn-ufi-per-kompanite-jo-be\/","og_locale":"sq_AL","og_type":"article","og_title":"PCN &amp; UFI p\u00ebr kompanit\u00eb jo-BE","og_description":"Ne mb\u00ebshtesim me PCN dhe UFI p\u00ebr kompanit\u00eb jo-BE. Kompanit\u00eb me baz\u00eb jasht\u00eb BE-s\u00eb\/ZEE-s\u00eb ose Irland\u00ebs s\u00eb Veriut.","og_url":"https:\/\/www.ufi.eu\/sq\/product\/pcn-ufi-per-kompanite-jo-be\/","og_site_name":"UFI","article_modified_time":"2025-04-15T20:38:34+00:00","og_image":[{"width":1024,"height":1024,"url":"https:\/\/www.ufi.eu\/wp-content\/uploads\/2025\/03\/pcn_ufi.jpg","type":"image\/jpeg"}],"twitter_card":"summary_large_image","twitter_misc":{"Price":"&euro;0.00","Availability":"In stock"},"schema":{"@context":"https:\/\/schema.org","@graph":[{"@type":"WebPage","@id":"https:\/\/www.ufi.eu\/sq\/product\/pcn-ufi-per-kompanite-jo-be\/","url":"https:\/\/www.ufi.eu\/sq\/product\/pcn-ufi-per-kompanite-jo-be\/","name":"PCN &amp; UFI p\u00ebr kompanit\u00eb jo-BE - UFI","isPartOf":{"@id":"https:\/\/www.ufi.eu\/sq\/#website"},"primaryImageOfPage":{"@id":"https:\/\/www.ufi.eu\/sq\/product\/pcn-ufi-per-kompanite-jo-be\/#primaryimage"},"image":{"@id":"https:\/\/www.ufi.eu\/sq\/product\/pcn-ufi-per-kompanite-jo-be\/#primaryimage"},"thumbnailUrl":"https:\/\/www.ufi.eu\/wp-content\/uploads\/2025\/03\/pcn_ufi.jpg","datePublished":"2025-04-15T20:38:32+00:00","dateModified":"2025-04-15T20:38:34+00:00","description":"Ne mb\u00ebshtesim me PCN dhe UFI p\u00ebr kompanit\u00eb jo-BE. Kompanit\u00eb me baz\u00eb jasht\u00eb BE-s\u00eb\/ZEE-s\u00eb ose Irland\u00ebs s\u00eb Veriut.","breadcrumb":{"@id":"https:\/\/www.ufi.eu\/sq\/product\/pcn-ufi-per-kompanite-jo-be\/#breadcrumb"},"inLanguage":"sq-AL","potentialAction":[{"@type":"ReadAction","target":["https:\/\/www.ufi.eu\/sq\/product\/pcn-ufi-per-kompanite-jo-be\/"]}]},{"@type":"ImageObject","inLanguage":"sq-AL","@id":"https:\/\/www.ufi.eu\/sq\/product\/pcn-ufi-per-kompanite-jo-be\/#primaryimage","url":"https:\/\/www.ufi.eu\/wp-content\/uploads\/2025\/03\/pcn_ufi.jpg","contentUrl":"https:\/\/www.ufi.eu\/wp-content\/uploads\/2025\/03\/pcn_ufi.jpg","width":1024,"height":1024},{"@type":"BreadcrumbList","@id":"https:\/\/www.ufi.eu\/sq\/product\/pcn-ufi-per-kompanite-jo-be\/#breadcrumb","itemListElement":[{"@type":"ListItem","position":1,"name":"Home","item":"https:\/\/www.ufi.eu\/sq\/shtepi\/"},{"@type":"ListItem","position":2,"name":"Dyqan","item":"https:\/\/www.ufi.eu\/sq\/dyqan\/"},{"@type":"ListItem","position":3,"name":"PCN &amp; UFI p\u00ebr kompanit\u00eb jo-BE"}]},{"@type":"WebSite","@id":"https:\/\/www.ufi.eu\/sq\/#website","url":"https:\/\/www.ufi.eu\/sq\/","name":"UFI.EU","description":"Poison Centre Notifications (PCN) and UFI","publisher":{"@id":"https:\/\/www.ufi.eu\/sq\/#organization"},"potentialAction":[{"@type":"SearchAction","target":{"@type":"EntryPoint","urlTemplate":"https:\/\/www.ufi.eu\/sq\/?s={search_term_string}"},"query-input":{"@type":"PropertyValueSpecification","valueRequired":true,"valueName":"search_term_string"}}],"inLanguage":"sq-AL"},{"@type":"Organization","@id":"https:\/\/www.ufi.eu\/sq\/#organization","name":"UFI.EU","url":"https:\/\/www.ufi.eu\/sq\/","logo":{"@type":"ImageObject","inLanguage":"sq-AL","@id":"https:\/\/www.ufi.eu\/sq\/#\/schema\/logo\/image\/","url":"https:\/\/www.ufi.eu\/wp-content\/uploads\/2025\/03\/cropped-logo_ufi3.jpg","contentUrl":"https:\/\/www.ufi.eu\/wp-content\/uploads\/2025\/03\/cropped-logo_ufi3.jpg","width":231,"height":78,"caption":"UFI.EU"},"image":{"@id":"https:\/\/www.ufi.eu\/sq\/#\/schema\/logo\/image\/"},"description":"UFI.eu specializes in digital registrations for Poison Centre Notifications (PCN), ensuring your chemical products meet EU regulatory requirements effortlessly. Our streamlined solutions help businesses stay compliant while reducing complexity and administrative burden.","email":"info@ufi.eu","legalName":"UFI.EU"}]},"product_price_amount":"0.00","product_price_currency":"EUR","og_availability":"instock","product_availability":"instock","product_condition":"new"},"_links":{"self":[{"href":"https:\/\/www.ufi.eu\/sq\/wp-json\/wp\/v2\/product\/12849","targetHints":{"allow":["GET"]}}],"collection":[{"href":"https:\/\/www.ufi.eu\/sq\/wp-json\/wp\/v2\/product"}],"about":[{"href":"https:\/\/www.ufi.eu\/sq\/wp-json\/wp\/v2\/types\/product"}],"wp:featuredmedia":[{"embeddable":true,"href":"https:\/\/www.ufi.eu\/sq\/wp-json\/wp\/v2\/media\/12426"}],"wp:attachment":[{"href":"https:\/\/www.ufi.eu\/sq\/wp-json\/wp\/v2\/media?parent=12849"}],"wp:term":[{"taxonomy":"product_brand","embeddable":true,"href":"https:\/\/www.ufi.eu\/sq\/wp-json\/wp\/v2\/product_brand?post=12849"},{"taxonomy":"product_cat","embeddable":true,"href":"https:\/\/www.ufi.eu\/sq\/wp-json\/wp\/v2\/product_cat?post=12849"},{"taxonomy":"product_tag","embeddable":true,"href":"https:\/\/www.ufi.eu\/sq\/wp-json\/wp\/v2\/product_tag?post=12849"}],"curies":[{"name":"wp","href":"https:\/\/api.w.org\/{rel}","templated":true}]}}