{"id":12802,"date":"2025-04-05T15:21:48","date_gmt":"2025-04-15T20:27:13","guid":{"rendered":"https:\/\/www.ufi.eu\/pcn\/uncategorized\/krijimi-i-etiketes-clp-dhe-kontrolli-i-pajtueshmerise\/"},"modified":"2025-04-28T12:14:44","modified_gmt":"2025-04-28T12:14:44","slug":"krijimi-i-etiketes-clp-dhe-kontrolli-i-pajtueshmerise","status":"publish","type":"product","link":"https:\/\/www.ufi.eu\/sq\/product\/krijimi-i-etiketes-clp-dhe-kontrolli-i-pajtueshmerise\/","title":{"rendered":"Krijimi i etiket\u00ebs CLP dhe Kontrolli i Pajtueshm\u00ebris\u00eb"},"content":{"rendered":"<p><strong>Sh\u00ebrbimet e etiketimit profesional p\u00ebr p\u00ebrzierjet e rrezikshme sipas Rregullores CLP (EC Nr 1272\/2008)<\/strong><\/p><p>Ne jemi t\u00eb specializuar n\u00eb krijimin dhe verifikimin e etiketave n\u00eb p\u00ebrputhje me ligjin p\u00ebr produktet kimike t\u00eb rrezikshme. Pavar\u00ebsisht n\u00ebse jeni duke hedhur n\u00eb treg nj\u00eb baz\u00eb kozmetike me p\u00ebrb\u00ebr\u00ebs t\u00eb rreziksh\u00ebm, nj\u00eb pastrues industrial ose nj\u00eb p\u00ebrzierje tjet\u00ebr kimike, sh\u00ebrbimi yn\u00eb i etiket\u00ebs CLP siguron q\u00eb etiketimi i produktit tuaj t\u00eb plot\u00ebsoj\u00eb t\u00eb gjitha k\u00ebrkesat ligjore n\u00eb BE dhe ZEE. <\/p><h2 class=\"wp-block-heading\" id=\"h-why-clp-compliant-labels-are-essential\">Pse jan\u00eb thelb\u00ebsore etiketat n\u00eb p\u00ebrputhje me CLP<\/h2><p>Sipas <strong>Rregullores CLP (Klasifikimi, Etiketimi dhe Paketimi)<\/strong> , furnizuesit e substancave dhe p\u00ebrzierjeve t\u00eb rrezikshme jan\u00eb ligj\u00ebrisht t\u00eb detyruar t\u00eb:<\/p><ul class=\"wp-block-list\"><li>Klasifikoni produktet e tyre sipas rreziqeve fizike, sh\u00ebndet\u00ebsore dhe mjedisore.<\/li>\n\n<li>Etiketoni ato n\u00eb m\u00ebnyr\u00eb t\u00eb p\u00ebrshtatshme duke p\u00ebrdorur element\u00eb t\u00eb p\u00ebrshkruar si piktogramet e rrezikut, fjal\u00ebt sinjalizuese dhe deklaratat e standardizuara t\u00eb rrezikut dhe parandalimit.<\/li>\n\n<li>Paketoni ato n\u00eb m\u00ebnyr\u00eb t\u00eb sigurt dhe p\u00ebrfshini identifikimin e k\u00ebrkuar t\u00eb furnizuesit.<\/li><\/ul><p>Etiketat e pasakta ose jo t\u00eb plota mund t\u00eb rezultojn\u00eb n\u00eb <strong>t\u00ebrheqje t\u00eb produkteve<\/strong> , <strong>sanksione ligjore<\/strong> ose <strong>refuzim nga shit\u00ebsit me pakic\u00eb<\/strong> dhe tregjet n\u00eb internet.<\/p><h2 class=\"wp-block-heading\" id=\"h-what-our-clp-label-service-includes\">\u00c7far\u00eb p\u00ebrfshin sh\u00ebrbimi yn\u00eb i etiket\u00ebs CLP<\/h2><h4 class=\"wp-block-heading\" id=\"h-1-clp-label-creation\">1. <strong>Krijimi i etiket\u00ebs CLP<\/strong><\/h4><p>Ne e dizajnojm\u00eb etiket\u00ebn tuaj nga e para, bazuar n\u00eb Flet\u00ebn e t\u00eb Dh\u00ebnave t\u00eb Siguris\u00eb s\u00eb produktit (SDS) ose t\u00eb dh\u00ebnat e formulimit. Sh\u00ebrbimi yn\u00eb p\u00ebrfshin: <\/p><ul class=\"wp-block-list\"><li>Klasifikimi i sakt\u00eb i rreziqeve (bazuar n\u00eb SDS ose informacionin e p\u00ebrb\u00ebr\u00ebsve).<\/li>\n\n<li>P\u00ebrzgjedhja e <strong>piktogrameve t\u00eb p\u00ebrshtatshme t\u00eb rrezikut<\/strong> , <strong>fjal\u00ebs sinjalizuese<\/strong> , <strong>deklaratave H<\/strong> dhe <strong>deklaratave P.<\/strong><\/li>\n\n<li>Paraqitja sipas dimensioneve dhe lexueshm\u00ebris\u00eb s\u00eb k\u00ebrkuar.<\/li>\n\n<li>P\u00ebrfshirja e emrit t\u00eb furnizuesit, UFI (n\u00ebse \u00ebsht\u00eb e aplikueshme) dhe elemente t\u00eb tjera ligjore.<\/li><\/ul><h4 class=\"wp-block-heading\" id=\"h-2-label-verification-compliance-check\">2. <strong>Verifikimi i etiket\u00ebs \/ Kontrolli i pajtueshm\u00ebris\u00eb<\/strong><\/h4><p>Keni tashm\u00eb nj\u00eb etiket\u00eb? Ne kontrollojm\u00eb dizajnin tuaj kundrejt k\u00ebrkesave aktuale t\u00eb CLP dhe ofrojm\u00eb reagime dhe korrigjime t\u00eb qarta, n\u00ebse \u00ebsht\u00eb e nevojshme: <\/p><ul class=\"wp-block-list\"><li>Sakt\u00ebsia e klasifikimit t\u00eb rrezikut.<\/li>\n\n<li>P\u00ebrdorimi i sakt\u00eb i frazave, fjal\u00ebve sinjalizuese dhe piktogrameve.<\/li>\n\n<li>Lexueshm\u00ebria, formati dhe vendosja e elementeve t\u00eb detyrueshme.<\/li>\n\n<li>Verifikimi i pranis\u00eb dhe struktur\u00ebs s\u00eb UFI (n\u00ebse k\u00ebrkohet).<\/li><\/ul><h4 class=\"wp-block-heading\" id=\"h-3-optional-add-ons\">3. <strong>Shtesa opsionale<\/strong><\/h4><ul class=\"wp-block-list\"><li>Sh\u00ebrbimi i njoftimit t\u00eb <strong>gjenerimit t\u00eb UFI<\/strong> dhe PCN.<\/li>\n\n<li><strong>Rishikimi i flet\u00ebs s\u00eb t\u00eb dh\u00ebnave t\u00eb siguris\u00eb (SDS)<\/strong> p\u00ebr t\u00eb siguruar konsistenc\u00ebn me t\u00eb dh\u00ebnat e etiket\u00ebs.<\/li>\n\n<li>P\u00ebrkthimi i gjuh\u00ebs p\u00ebr etiketat e destinuara p\u00ebr tregje t\u00eb shumta t\u00eb BE-s\u00eb.<\/li><\/ul><h2 class=\"wp-block-heading\" id=\"h-which-products-require-clp-compliant-labels\">Cilat produkte k\u00ebrkojn\u00eb etiketa n\u00eb p\u00ebrputhje me CLP?<\/h2><p>Sh\u00ebrbimi yn\u00eb i etiket\u00ebs CLP zbatohet p\u00ebr nj\u00eb gam\u00eb t\u00eb gjer\u00eb p\u00ebrzierjesh t\u00eb rrezikshme, duke p\u00ebrfshir\u00eb, por pa u kufizuar n\u00eb:<\/p><ul class=\"wp-block-list\"><li>Agjent\u00eb pastrimi industrial dhe sht\u00ebpiak.<\/li>\n\n<li>Bojra, ngjit\u00ebse, rr\u00ebshira dhe veshje.<\/li>\n\n<li>Produkte dhe lubrifikant\u00eb automobilistik.<\/li>\n\n<li>P\u00ebrzierjet e parfumeve dhe koncentratet e vajrave esencial\u00eb.<\/li>\n\n<li>Freskues ajri, shkrirje dylli dhe sp\u00ebrkatje aromatik t\u00eb dhom\u00ebs.<\/li>\n\n<li>Aerosolet teknike dhe sp\u00ebrkatjet.<\/li><\/ul><p>N\u00ebse produkti juaj p\u00ebrmban p\u00ebrb\u00ebr\u00ebs q\u00eb paraqesin <strong>rreziqe fizike, sh\u00ebndet\u00ebsore ose mjedisore<\/strong> , ka t\u00eb ngjar\u00eb t\u00eb k\u00ebrkohet nj\u00eb etiket\u00eb n\u00eb p\u00ebrputhje me CLP.<\/p><h2 class=\"wp-block-heading\" id=\"h-who-is-this-service-for\">P\u00ebr k\u00eb \u00ebsht\u00eb ky sh\u00ebrbim?<\/h2><ul class=\"wp-block-list\"><li><strong>Prodhuesit<\/strong> , <strong>importuesit<\/strong> dhe <strong>etiketuesit privat\u00eb<\/strong> t\u00eb p\u00ebrzierjeve kimike.<\/li>\n\n<li><strong>Fillesat<\/strong> dhe SME-t\u00eb q\u00eb k\u00ebrkojn\u00eb mb\u00ebshtetje rregullatore t\u00eb p\u00ebrballueshme.<\/li>\n\n<li><strong>Shit\u00ebsit me pakic\u00eb dhe tregjet<\/strong> q\u00eb kan\u00eb nevoj\u00eb p\u00ebr etiketa n\u00eb p\u00ebrputhje p\u00ebr rishitje.<\/li>\n\n<li><strong>Eksportuesit<\/strong> q\u00eb shp\u00ebrndajn\u00eb n\u00eb vendet e BE\/ZEE.<\/li><\/ul><h2 class=\"wp-block-heading\" id=\"h-why-choose-ufi-eu\">Pse t\u00eb zgjidhni UFI.EU?<\/h2><ul class=\"wp-block-list\"><li><strong>Ekspertiz\u00eb rregullatore<\/strong> n\u00eb CLP, UFI dhe PCN n\u00eb shum\u00eb industri.<\/li>\n\n<li><strong>Koha e shpejt\u00eb e kthimit<\/strong> dhe komunikimi i qart\u00eb.<\/li>\n\n<li><strong>Etiketim i sakt\u00eb, ligj\u00ebrisht i mbrojtur<\/strong> bazuar n\u00eb rregulloret m\u00eb t\u00eb fundit t\u00eb BE-s\u00eb.<\/li>\n\n<li><strong>Mb\u00ebshtetje shum\u00ebgjuh\u00ebshe<\/strong> p\u00ebr pajtueshm\u00ebrin\u00eb pan-evropiane.<\/li><\/ul><h2 class=\"wp-block-heading\" id=\"h-how-it-works\">Si funksionon<\/h2><ol class=\"wp-block-list\"><li><strong>Paraqisni SDS-n\u00eb tuaj ose informacionin e formulimit.<\/strong><\/li>\n\n<li><strong>Ne analizojm\u00eb t\u00eb dh\u00ebnat dhe krijojm\u00eb ose rishikojm\u00eb etiket\u00ebn tuaj.<\/strong><\/li>\n\n<li><strong>Ju merrni nj\u00eb skedar t\u00eb etiket\u00ebs CLP t\u00eb gatsh\u00ebm p\u00ebr p\u00ebrdorim ose nj\u00eb raport me korrigjimet e k\u00ebrkuara.<\/strong><\/li><\/ol><h2 class=\"wp-block-heading\" id=\"h-ready-to-order\">Gati p\u00ebr t\u00eb porositur?<\/h2><p>Shmangni stresin e etiketave q\u00eb nuk jan\u00eb n\u00eb p\u00ebrputhje. L\u00ebrini ekspert\u00ebt tan\u00eb t&#8217;ju ndihmojn\u00eb t\u00eb p\u00ebrmbushni detyrimet tuaja ligjore me besim. <br\/><strong>Porositni krijimin tuaj t\u00eb etiket\u00ebs CLP ose kontrollin e pajtueshm\u00ebris\u00eb sot.<\/strong><\/p>","protected":false},"excerpt":{"rendered":"<p>Ne do t\u00eb ofrojm\u00eb informacionin p\u00ebr etiket\u00ebn e produktit tuaj. Dizajni juaj p\u00ebrfundimtar i etiket\u00ebs do t\u00eb kontrollohet p\u00ebr pajtueshm\u00ebrin\u00eb ligjore. <\/p>\n","protected":false},"featured_media":12426,"template":"","meta":[],"product_brand":[],"product_cat":[414],"product_tag":[],"class_list":{"0":"post-12802","1":"product","2":"type-product","3":"status-publish","4":"has-post-thumbnail","6":"product_cat-etiketa-clp","8":"first","9":"instock","10":"virtual","11":"taxable","12":"purchasable","13":"product-type-simple"},"bundled_by":["12849","13418","14500","31750"],"bundle_stock_status":"instock","bundle_stock_quantity":null,"bundle_virtual":false,"bundle_layout":"","bundle_add_to_cart_form_location":"","bundle_editable_in_cart":false,"bundle_sold_individually_context":"","bundle_item_grouping":"","bundle_min_size":"","bundle_max_size":"","bundle_price":[],"bundled_items":[],"bundle_sell_ids":[],"yoast_head":"<!-- This site is optimized with the Yoast SEO Premium plugin v25.1 (Yoast SEO v25.1) - https:\/\/yoast.com\/wordpress\/plugins\/seo\/ -->\n<title>Krijimi i etiket\u00ebs CLP dhe Kontrolli i Pajtueshm\u00ebris\u00eb - UFI<\/title>\n<meta name=\"description\" content=\"Sh\u00ebrbimi yn\u00eb i Krijimit dhe Kontrollit t\u00eb P\u00ebrputhshm\u00ebris\u00eb s\u00eb Etiket\u00ebs CLP siguron q\u00eb etiketimi i produktit tuaj plot\u00ebson t\u00eb gjitha k\u00ebrkesat ligjore n\u00eb BE dhe ZEE.\" \/>\n<meta name=\"robots\" content=\"index, follow, max-snippet:-1, max-image-preview:large, max-video-preview:-1\" \/>\n<link rel=\"canonical\" href=\"https:\/\/www.ufi.eu\/sq\/product\/krijimi-i-etiketes-clp-dhe-kontrolli-i-pajtueshmerise\/\" \/>\n<meta property=\"og:locale\" content=\"sq_AL\" \/>\n<meta property=\"og:type\" content=\"article\" \/>\n<meta property=\"og:title\" content=\"Krijimi i etiket\u00ebs CLP dhe Kontrolli i Pajtueshm\u00ebris\u00eb\" \/>\n<meta property=\"og:description\" content=\"Sh\u00ebrbimi yn\u00eb i Krijimit dhe Kontrollit t\u00eb P\u00ebrputhshm\u00ebris\u00eb s\u00eb Etiket\u00ebs CLP siguron q\u00eb etiketimi i produktit tuaj plot\u00ebson t\u00eb gjitha k\u00ebrkesat ligjore n\u00eb BE dhe ZEE.\" \/>\n<meta property=\"og:url\" content=\"https:\/\/www.ufi.eu\/sq\/product\/krijimi-i-etiketes-clp-dhe-kontrolli-i-pajtueshmerise\/\" \/>\n<meta property=\"og:site_name\" content=\"UFI\" \/>\n<meta property=\"article:modified_time\" content=\"2025-04-28T12:14:44+00:00\" \/>\n<meta property=\"og:image\" content=\"https:\/\/www.ufi.eu\/wp-content\/uploads\/2025\/03\/pcn_ufi.jpg\" \/>\n\t<meta property=\"og:image:width\" content=\"1024\" \/>\n\t<meta property=\"og:image:height\" content=\"1024\" \/>\n\t<meta property=\"og:image:type\" content=\"image\/jpeg\" \/>\n<meta name=\"twitter:card\" content=\"summary_large_image\" \/>\n<meta name=\"twitter:label1\" content=\"Price\" \/>\n\t<meta name=\"twitter:data1\" content=\"&euro;50.00\" \/>\n\t<meta name=\"twitter:label2\" content=\"Availability\" \/>\n\t<meta name=\"twitter:data2\" content=\"In stock\" \/>\n<script type=\"application\/ld+json\" class=\"yoast-schema-graph\">{\"@context\":\"https:\/\/schema.org\",\"@graph\":[{\"@type\":\"WebPage\",\"@id\":\"https:\/\/www.ufi.eu\/sq\/product\/krijimi-i-etiketes-clp-dhe-kontrolli-i-pajtueshmerise\/\",\"url\":\"https:\/\/www.ufi.eu\/sq\/product\/krijimi-i-etiketes-clp-dhe-kontrolli-i-pajtueshmerise\/\",\"name\":\"Krijimi i etiket\u00ebs CLP dhe Kontrolli i Pajtueshm\u00ebris\u00eb - UFI\",\"isPartOf\":{\"@id\":\"https:\/\/www.ufi.eu\/sq\/#website\"},\"primaryImageOfPage\":{\"@id\":\"https:\/\/www.ufi.eu\/sq\/product\/krijimi-i-etiketes-clp-dhe-kontrolli-i-pajtueshmerise\/#primaryimage\"},\"image\":{\"@id\":\"https:\/\/www.ufi.eu\/sq\/product\/krijimi-i-etiketes-clp-dhe-kontrolli-i-pajtueshmerise\/#primaryimage\"},\"thumbnailUrl\":\"https:\/\/www.ufi.eu\/wp-content\/uploads\/2025\/03\/pcn_ufi.jpg\",\"datePublished\":\"2025-04-15T20:27:13+00:00\",\"dateModified\":\"2025-04-28T12:14:44+00:00\",\"description\":\"Sh\u00ebrbimi yn\u00eb i Krijimit dhe Kontrollit t\u00eb P\u00ebrputhshm\u00ebris\u00eb s\u00eb Etiket\u00ebs CLP siguron q\u00eb etiketimi i produktit tuaj plot\u00ebson t\u00eb gjitha k\u00ebrkesat ligjore n\u00eb BE dhe ZEE.\",\"breadcrumb\":{\"@id\":\"https:\/\/www.ufi.eu\/sq\/product\/krijimi-i-etiketes-clp-dhe-kontrolli-i-pajtueshmerise\/#breadcrumb\"},\"inLanguage\":\"sq-AL\",\"potentialAction\":[{\"@type\":\"ReadAction\",\"target\":[\"https:\/\/www.ufi.eu\/sq\/product\/krijimi-i-etiketes-clp-dhe-kontrolli-i-pajtueshmerise\/\"]}]},{\"@type\":\"ImageObject\",\"inLanguage\":\"sq-AL\",\"@id\":\"https:\/\/www.ufi.eu\/sq\/product\/krijimi-i-etiketes-clp-dhe-kontrolli-i-pajtueshmerise\/#primaryimage\",\"url\":\"https:\/\/www.ufi.eu\/wp-content\/uploads\/2025\/03\/pcn_ufi.jpg\",\"contentUrl\":\"https:\/\/www.ufi.eu\/wp-content\/uploads\/2025\/03\/pcn_ufi.jpg\",\"width\":1024,\"height\":1024},{\"@type\":\"BreadcrumbList\",\"@id\":\"https:\/\/www.ufi.eu\/sq\/product\/krijimi-i-etiketes-clp-dhe-kontrolli-i-pajtueshmerise\/#breadcrumb\",\"itemListElement\":[{\"@type\":\"ListItem\",\"position\":1,\"name\":\"Home\",\"item\":\"https:\/\/www.ufi.eu\/sq\/shtepi\/\"},{\"@type\":\"ListItem\",\"position\":2,\"name\":\"Dyqan\",\"item\":\"https:\/\/www.ufi.eu\/sq\/dyqan\/\"},{\"@type\":\"ListItem\",\"position\":3,\"name\":\"Krijimi i etiket\u00ebs CLP dhe Kontrolli i Pajtueshm\u00ebris\u00eb\"}]},{\"@type\":\"WebSite\",\"@id\":\"https:\/\/www.ufi.eu\/sq\/#website\",\"url\":\"https:\/\/www.ufi.eu\/sq\/\",\"name\":\"UFI.EU\",\"description\":\"Poison Centre Notifications (PCN) and UFI\",\"publisher\":{\"@id\":\"https:\/\/www.ufi.eu\/sq\/#organization\"},\"potentialAction\":[{\"@type\":\"SearchAction\",\"target\":{\"@type\":\"EntryPoint\",\"urlTemplate\":\"https:\/\/www.ufi.eu\/sq\/?s={search_term_string}\"},\"query-input\":{\"@type\":\"PropertyValueSpecification\",\"valueRequired\":true,\"valueName\":\"search_term_string\"}}],\"inLanguage\":\"sq-AL\"},{\"@type\":\"Organization\",\"@id\":\"https:\/\/www.ufi.eu\/sq\/#organization\",\"name\":\"UFI.EU\",\"url\":\"https:\/\/www.ufi.eu\/sq\/\",\"logo\":{\"@type\":\"ImageObject\",\"inLanguage\":\"sq-AL\",\"@id\":\"https:\/\/www.ufi.eu\/sq\/#\/schema\/logo\/image\/\",\"url\":\"https:\/\/www.ufi.eu\/wp-content\/uploads\/2025\/03\/cropped-logo_ufi3.jpg\",\"contentUrl\":\"https:\/\/www.ufi.eu\/wp-content\/uploads\/2025\/03\/cropped-logo_ufi3.jpg\",\"width\":231,\"height\":78,\"caption\":\"UFI.EU\"},\"image\":{\"@id\":\"https:\/\/www.ufi.eu\/sq\/#\/schema\/logo\/image\/\"},\"description\":\"UFI.eu specializes in digital registrations for Poison Centre Notifications (PCN), ensuring your chemical products meet EU regulatory requirements effortlessly. Our streamlined solutions help businesses stay compliant while reducing complexity and administrative burden.\",\"email\":\"info@ufi.eu\",\"legalName\":\"UFI.EU\"}]}<\/script>\n<meta property=\"product:price:amount\" content=\"50.00\" \/>\n<meta property=\"product:price:currency\" content=\"EUR\" \/>\n<meta property=\"og:availability\" content=\"instock\" \/>\n<meta property=\"product:availability\" content=\"instock\" \/>\n<meta property=\"product:condition\" content=\"new\" \/>\n<!-- \/ Yoast SEO Premium plugin. -->","yoast_head_json":{"title":"Krijimi i etiket\u00ebs CLP dhe Kontrolli i Pajtueshm\u00ebris\u00eb - UFI","description":"Sh\u00ebrbimi yn\u00eb i Krijimit dhe Kontrollit t\u00eb P\u00ebrputhshm\u00ebris\u00eb s\u00eb Etiket\u00ebs CLP siguron q\u00eb etiketimi i produktit tuaj plot\u00ebson t\u00eb gjitha k\u00ebrkesat ligjore n\u00eb BE dhe ZEE.","robots":{"index":"index","follow":"follow","max-snippet":"max-snippet:-1","max-image-preview":"max-image-preview:large","max-video-preview":"max-video-preview:-1"},"canonical":"https:\/\/www.ufi.eu\/sq\/product\/krijimi-i-etiketes-clp-dhe-kontrolli-i-pajtueshmerise\/","og_locale":"sq_AL","og_type":"article","og_title":"Krijimi i etiket\u00ebs CLP dhe Kontrolli i Pajtueshm\u00ebris\u00eb","og_description":"Sh\u00ebrbimi yn\u00eb i Krijimit dhe Kontrollit t\u00eb P\u00ebrputhshm\u00ebris\u00eb s\u00eb Etiket\u00ebs CLP siguron q\u00eb etiketimi i produktit tuaj plot\u00ebson t\u00eb gjitha k\u00ebrkesat ligjore n\u00eb BE dhe ZEE.","og_url":"https:\/\/www.ufi.eu\/sq\/product\/krijimi-i-etiketes-clp-dhe-kontrolli-i-pajtueshmerise\/","og_site_name":"UFI","article_modified_time":"2025-04-28T12:14:44+00:00","og_image":[{"width":1024,"height":1024,"url":"https:\/\/www.ufi.eu\/wp-content\/uploads\/2025\/03\/pcn_ufi.jpg","type":"image\/jpeg"}],"twitter_card":"summary_large_image","twitter_misc":{"Price":"&euro;50.00","Availability":"In stock"},"schema":{"@context":"https:\/\/schema.org","@graph":[{"@type":"WebPage","@id":"https:\/\/www.ufi.eu\/sq\/product\/krijimi-i-etiketes-clp-dhe-kontrolli-i-pajtueshmerise\/","url":"https:\/\/www.ufi.eu\/sq\/product\/krijimi-i-etiketes-clp-dhe-kontrolli-i-pajtueshmerise\/","name":"Krijimi i etiket\u00ebs CLP dhe Kontrolli i Pajtueshm\u00ebris\u00eb - UFI","isPartOf":{"@id":"https:\/\/www.ufi.eu\/sq\/#website"},"primaryImageOfPage":{"@id":"https:\/\/www.ufi.eu\/sq\/product\/krijimi-i-etiketes-clp-dhe-kontrolli-i-pajtueshmerise\/#primaryimage"},"image":{"@id":"https:\/\/www.ufi.eu\/sq\/product\/krijimi-i-etiketes-clp-dhe-kontrolli-i-pajtueshmerise\/#primaryimage"},"thumbnailUrl":"https:\/\/www.ufi.eu\/wp-content\/uploads\/2025\/03\/pcn_ufi.jpg","datePublished":"2025-04-15T20:27:13+00:00","dateModified":"2025-04-28T12:14:44+00:00","description":"Sh\u00ebrbimi yn\u00eb i Krijimit dhe Kontrollit t\u00eb P\u00ebrputhshm\u00ebris\u00eb s\u00eb Etiket\u00ebs CLP siguron q\u00eb etiketimi i produktit tuaj plot\u00ebson t\u00eb gjitha k\u00ebrkesat ligjore n\u00eb BE dhe ZEE.","breadcrumb":{"@id":"https:\/\/www.ufi.eu\/sq\/product\/krijimi-i-etiketes-clp-dhe-kontrolli-i-pajtueshmerise\/#breadcrumb"},"inLanguage":"sq-AL","potentialAction":[{"@type":"ReadAction","target":["https:\/\/www.ufi.eu\/sq\/product\/krijimi-i-etiketes-clp-dhe-kontrolli-i-pajtueshmerise\/"]}]},{"@type":"ImageObject","inLanguage":"sq-AL","@id":"https:\/\/www.ufi.eu\/sq\/product\/krijimi-i-etiketes-clp-dhe-kontrolli-i-pajtueshmerise\/#primaryimage","url":"https:\/\/www.ufi.eu\/wp-content\/uploads\/2025\/03\/pcn_ufi.jpg","contentUrl":"https:\/\/www.ufi.eu\/wp-content\/uploads\/2025\/03\/pcn_ufi.jpg","width":1024,"height":1024},{"@type":"BreadcrumbList","@id":"https:\/\/www.ufi.eu\/sq\/product\/krijimi-i-etiketes-clp-dhe-kontrolli-i-pajtueshmerise\/#breadcrumb","itemListElement":[{"@type":"ListItem","position":1,"name":"Home","item":"https:\/\/www.ufi.eu\/sq\/shtepi\/"},{"@type":"ListItem","position":2,"name":"Dyqan","item":"https:\/\/www.ufi.eu\/sq\/dyqan\/"},{"@type":"ListItem","position":3,"name":"Krijimi i etiket\u00ebs CLP dhe Kontrolli i Pajtueshm\u00ebris\u00eb"}]},{"@type":"WebSite","@id":"https:\/\/www.ufi.eu\/sq\/#website","url":"https:\/\/www.ufi.eu\/sq\/","name":"UFI.EU","description":"Poison Centre Notifications (PCN) and UFI","publisher":{"@id":"https:\/\/www.ufi.eu\/sq\/#organization"},"potentialAction":[{"@type":"SearchAction","target":{"@type":"EntryPoint","urlTemplate":"https:\/\/www.ufi.eu\/sq\/?s={search_term_string}"},"query-input":{"@type":"PropertyValueSpecification","valueRequired":true,"valueName":"search_term_string"}}],"inLanguage":"sq-AL"},{"@type":"Organization","@id":"https:\/\/www.ufi.eu\/sq\/#organization","name":"UFI.EU","url":"https:\/\/www.ufi.eu\/sq\/","logo":{"@type":"ImageObject","inLanguage":"sq-AL","@id":"https:\/\/www.ufi.eu\/sq\/#\/schema\/logo\/image\/","url":"https:\/\/www.ufi.eu\/wp-content\/uploads\/2025\/03\/cropped-logo_ufi3.jpg","contentUrl":"https:\/\/www.ufi.eu\/wp-content\/uploads\/2025\/03\/cropped-logo_ufi3.jpg","width":231,"height":78,"caption":"UFI.EU"},"image":{"@id":"https:\/\/www.ufi.eu\/sq\/#\/schema\/logo\/image\/"},"description":"UFI.eu specializes in digital registrations for Poison Centre Notifications (PCN), ensuring your chemical products meet EU regulatory requirements effortlessly. Our streamlined solutions help businesses stay compliant while reducing complexity and administrative burden.","email":"info@ufi.eu","legalName":"UFI.EU"}]},"product_price_amount":"50.00","product_price_currency":"EUR","og_availability":"instock","product_availability":"instock","product_condition":"new"},"_links":{"self":[{"href":"https:\/\/www.ufi.eu\/sq\/wp-json\/wp\/v2\/product\/12802","targetHints":{"allow":["GET"]}}],"collection":[{"href":"https:\/\/www.ufi.eu\/sq\/wp-json\/wp\/v2\/product"}],"about":[{"href":"https:\/\/www.ufi.eu\/sq\/wp-json\/wp\/v2\/types\/product"}],"wp:featuredmedia":[{"embeddable":true,"href":"https:\/\/www.ufi.eu\/sq\/wp-json\/wp\/v2\/media\/12426"}],"wp:attachment":[{"href":"https:\/\/www.ufi.eu\/sq\/wp-json\/wp\/v2\/media?parent=12802"}],"wp:term":[{"taxonomy":"product_brand","embeddable":true,"href":"https:\/\/www.ufi.eu\/sq\/wp-json\/wp\/v2\/product_brand?post=12802"},{"taxonomy":"product_cat","embeddable":true,"href":"https:\/\/www.ufi.eu\/sq\/wp-json\/wp\/v2\/product_cat?post=12802"},{"taxonomy":"product_tag","embeddable":true,"href":"https:\/\/www.ufi.eu\/sq\/wp-json\/wp\/v2\/product_tag?post=12802"}],"curies":[{"name":"wp","href":"https:\/\/api.w.org\/{rel}","templated":true}]}}