{"id":12555,"date":"2025-03-09T14:12:29","date_gmt":"2025-04-15T19:37:07","guid":{"rendered":"https:\/\/www.ufi.eu\/pcn\/uncategorized\/vendet-per-regjistrim-ne-pcn\/"},"modified":"2025-05-15T16:47:26","modified_gmt":"2025-05-15T16:47:26","slug":"vendet-per-regjistrim-ne-pcn","status":"publish","type":"product","link":"https:\/\/www.ufi.eu\/sq\/product\/vendet-per-regjistrim-ne-pcn\/","title":{"rendered":"Vendet p\u00ebr regjistrim n\u00eb PCN"},"content":{"rendered":"\n<h2 class=\"wp-block-heading\" id=\"h-launch-your-product-across-europe-with-ease\">Nisni produktin tuaj n\u00eb t\u00eb gjith\u00eb Evrop\u00ebn me leht\u00ebsi<\/h2>\n\n<p>Kur regjistroni produktin tuaj p\u00ebr Njoftimin e Qendr\u00ebs s\u00eb Helmimit t\u00eb BE-s\u00eb (PCN), \u00e7do vend ku planifikoni t\u00eb shesni k\u00ebrkon paraqitjen tek autoriteti i tij komb\u00ebtar p\u00ebrkat\u00ebs. Me vendet tona t\u00eb BE-s\u00eb p\u00ebr regjistrimin e PCN-s\u00eb, ju mund t\u00eb zgjidhni vendet e sakta ku d\u00ebshironi t\u00eb lansoni produktin tuaj\u2014duke ju dh\u00ebn\u00eb fleksibilitet dhe kontroll t\u00eb plot\u00eb mbi shtrirjen tuaj n\u00eb treg. <\/p>\n\n<h2 class=\"wp-block-heading\" id=\"h-what-you-re-purchasing\">\u00c7far\u00eb jeni duke bler\u00eb<\/h2>\n\n<p>Ky produkt ju lejon t\u00eb <strong>blini token shtetesh<\/strong> p\u00ebr 27 Shtetet An\u00ebtare t\u00eb BE-s\u00eb. K\u00ebto shenja mund t\u00eb p\u00ebrdoren <strong>me \u00e7do regjistrim PCN<\/strong> q\u00eb b\u00ebni me ne. Pasi t\u00eb blihen, vendet <strong>shtohen n\u00eb <a href=\"https:\/\/www.ufi.eu\/my-account\/points\/\">list\u00ebn tuaj t\u00eb vendeve t\u00eb PCN-s\u00eb<\/a><\/strong> dhe mund t\u00eb aplikohen kur plot\u00ebsoni <strong>formularin ton\u00eb t\u00eb marrjes s\u00eb PCN-s\u00eb<\/strong> p\u00ebr produktin tuaj.    <\/p>\n\n<p><strong>Ju gjithashtu do t\u00eb duhet t\u00eb <a href=\"https:\/\/www.ufi.eu\/shop\/\">blini nj\u00eb PCN p\u00ebr produktin tuaj<\/a> . Ky produkt \u00ebsht\u00eb vet\u00ebm nj\u00eb vend i lir\u00eb, jo PCN. <\/strong><\/p>\n\n<h4 class=\"wp-block-heading\">\u2705 funksionon:<\/h4>\n\n<ol class=\"wp-block-list\">\n<li>P\u00ebrcaktoni <strong>vendet ku<\/strong> planifikoni t\u00eb shesni.<\/li>\n\n\n\n<li>Blini numrin e <strong>argumenteve t\u00eb vendit<\/strong> .<\/li>\n\n\n\n<li><a href=\"https:\/\/www.ufi.eu\/sq\/produkt-i-ri\/\">Paraqisni formularin e marrjes s\u00eb produktit tuaj<\/a> me ne.<\/li>\n\n\n\n<li>Thjesht caktoni vendet ku d\u00ebshironi q\u00eb ne t\u00eb paraqesim produktin tuaj p\u00ebr paraqitjen e PCN-s\u00eb.<\/li>\n\n\n\n<li>Shenja e shtetit zbritet nga totali juaj kur dor\u00ebzoni formularin tuaj me ne.<\/li>\n<\/ol>\n\n<p>Pavar\u00ebsisht n\u00ebse jeni duke lan\u00e7uar nj\u00eb produkt ose duke menaxhuar nj\u00eb portofol t\u00eb plot\u00eb, ju mund t\u00eb <strong>p\u00ebrdorni <a href=\"https:\/\/www.ufi.eu\/my-account\/points\/\">tokenat e vendit tuaj t\u00eb bler\u00eb<\/a><\/strong> n\u00ebp\u00ebr aplikime t\u00eb ndryshme PCN\u2014duke kursyer koh\u00eb, duke siguruar pajtueshm\u00ebrin\u00eb dhe duke zgjeruar pa mundim pranin\u00eb tuaj n\u00eb tregun e BE-s\u00eb.<\/p>\n\n<h3 class=\"wp-block-heading\" id=\"h-supported-eu-countries\">Vendet e mb\u00ebshtetura t\u00eb BE-s\u00eb<\/h3>\n\n<p>BE-ja ka 27 vende dhe EEA ka 30 (BE+Lichtenstein, Norvegji dhe Island\u00eb) N\u00eb portal mund t\u00eb zgjidhni nga k\u00ebto vende:<\/p>\n\n<figure class=\"wp-block-table\"><table class=\"has-fixed-layout\"><tbody><tr><td>Belgjika<\/td><td>(BE)<\/td><td>Spanja<\/td><td>(ES)<\/td><td>Hungaria<\/td><td>(HU)<\/td><td>Sllovakia<\/td><td>(SK)<\/td><\/tr><tr><td>Bullgaria<\/td><td>(BG)<\/td><td>Franca<\/td><td>(FR)<\/td><td>Malta<\/td><td>(MT)<\/td><td>Finlanda<\/td><td>(FI)<\/td><\/tr><tr><td>\u00c7ekia<\/td><td>(CZ)<\/td><td>Kroacia<\/td><td>(HR)<\/td><td>Holanda<\/td><td>(NL)<\/td><td>Suedia<\/td><td>(SE)<\/td><\/tr><tr><td>Danimarka<\/td><td>(DK)<\/td><td>Italia<\/td><td>(IT)<\/td><td>Austria<\/td><td>(AT)<\/td><td>Gjermania<\/td><td>(DE)<\/td><\/tr><tr><td>Qipron<\/td><td>(CY)<\/td><td>Polonia<\/td><td>(PL)<\/td><td>Islanda<\/td><td>(IS)<\/td><td>Estonia<\/td><td>(EE)<\/td><\/tr><tr><td>Letonia<\/td><td>(LV)<\/td><td>Portugalia<\/td><td>(PT)<\/td><td>Lihtenshtajni<\/td><td>(LI)<\/td><td>Irlanda<\/td><td>(IE)<\/td><\/tr><tr><td>Lituania<\/td><td>(LT)<\/td><td>Rumania<\/td><td>(RO)<\/td><td>Norvegjia<\/td><td>(JO)<\/td><td>Greqia<\/td><td>(EL)<\/td><\/tr><tr><td>Luksemburgu<\/td><td>(LU)<\/td><td>Sllovenia<\/td><td>(SI)<\/td><td>Zvicer*<\/td><td>(CH)<\/td><td><\/td><td><\/td><\/tr><\/tbody><\/table><\/figure>\n\n<p>*P\u00ebr Zvicr\u00ebn mund t\u00eb krijojm\u00eb dosjen e PCN-s\u00eb, me t\u00eb gjitha informacionet e nevojshme p\u00ebr t\u00eb b\u00ebr\u00eb nj\u00eb paraqitje n\u00eb portalin zviceran. Na kontaktoni p\u00ebr m\u00eb shum\u00eb informacion. <\/p>\n\n<h2 class=\"wp-block-heading\" id=\"h-example-of-how-it-works\">Shembull se si funksionon<\/h2>\n\n<p>Po lan\u00e7oni nj\u00eb produkt t\u00eb ri pastrimi n\u00eb <strong>Franc\u00eb, Gjermani dhe Spanj\u00eb<\/strong> . Thjesht blini tre vende. Kur plot\u00ebsoni me ne formularin e marrjes s\u00eb PCN-s\u00eb, ju do t&#8217;i caktoni ato shenja shteti produktit\u2014duke siguruar pajtueshm\u00ebrin\u00eb ligjore n\u00eb t\u00eb tre tregjet pa v\u00ebshtir\u00ebsin\u00eb e paraqitjeve individuale.  <\/p>\n","protected":false},"excerpt":{"rendered":"<p>Ju lutemi zgjidhni numrin e vendeve ku d\u00ebshironi t\u00eb regjistroni produktin tuaj.<\/p>\n","protected":false},"featured_media":12556,"template":"","meta":[],"product_brand":[],"product_cat":[339],"product_tag":[],"class_list":{"0":"post-12555","1":"product","2":"type-product","3":"status-publish","4":"has-post-thumbnail","6":"product_cat-shtetet","8":"first","9":"instock","10":"virtual","11":"taxable","12":"purchasable","13":"product-type-simple"},"bundled_by":["12696","12706","12849","13048","13067","13095","13114","13124","13170","13189","13207","13217","13418","13436","13453","13470","13480","13870","13898","13906","13924","13942","14098","14106","14124","14142","14160","14482","14500","14518","14536","14554","14564","14610","14624","14630","14811","14829","14849","14856","15005","15030","15035","15091","15099","15117","15133","15375","15497","15515","15533","15551","15667","15685","15695","15721","15731","15908","15915","15929","16137","16159","16335","16361","16379","16397","16407","16461","16469","16487","16497","16515","16583","17001","17019","17029","17055","17065","17083","17363","17381","17399","17417","17443","17453","17471","17839","17849","17867","17893","17911","17921","17939","17957","17975","18049","18056","18070","18233","18249","18457","18465","18493","18511","18519","18537","18623","18641","18659","18817","18821","18879","18899","18903","18929","18947","19027","19029","19281","19299","19317","19327","19353","19371","19461","19659","19685","19687","19711","19721","19739","19793","19801","19819","20171","20197","20215","20225","20251","20269","20279","20297","20611","20639","20655","20673","20693","20709","20777","20803","21181","21205","21219","21227","21247","21513","21521","21535","21561","21677","21699","21709","21727","21753","21771","21781","21799","22187","22195","22223","22241","22249","22267","22285","22303","22441","22457","22467","22493","22495","22513","22541","22571","22589","22951","22954","22957","23011","23029","23059","23113","23139","23141","23147","23515","23535","23545","23563","23589","23661","23671","23701","23978","23988","23992","24018","31750"],"bundle_stock_status":"instock","bundle_stock_quantity":null,"bundle_virtual":false,"bundle_layout":"","bundle_add_to_cart_form_location":"","bundle_editable_in_cart":false,"bundle_sold_individually_context":"","bundle_item_grouping":"","bundle_min_size":"","bundle_max_size":"","bundle_price":[],"bundled_items":[],"bundle_sell_ids":[],"yoast_head":"<!-- This site is optimized with the Yoast SEO Premium plugin v25.1 (Yoast SEO v25.1) - https:\/\/yoast.com\/wordpress\/plugins\/seo\/ -->\n<title>Vendet p\u00ebr regjistrim n\u00eb PCN - UFI<\/title>\n<meta name=\"description\" content=\"Me vendet tona t\u00eb BE-s\u00eb p\u00ebr regjistrimin e PCN-s\u00eb, ju mund t\u00eb zgjidhni vendet e sakta ku d\u00ebshironi t\u00eb lansoni produktin tuaj\u2014duke ju dh\u00ebn\u00eb fleksibilitet dhe kontroll t\u00eb plot\u00eb mbi shtrirjen tuaj n\u00eb treg.\" \/>\n<meta name=\"robots\" content=\"index, follow, max-snippet:-1, max-image-preview:large, max-video-preview:-1\" \/>\n<link rel=\"canonical\" href=\"https:\/\/www.ufi.eu\/sq\/product\/vendet-per-regjistrim-ne-pcn\/\" \/>\n<meta property=\"og:locale\" content=\"sq_AL\" \/>\n<meta property=\"og:type\" content=\"article\" \/>\n<meta property=\"og:title\" content=\"Vendet p\u00ebr regjistrim n\u00eb PCN\" \/>\n<meta property=\"og:description\" content=\"Me vendet tona t\u00eb BE-s\u00eb p\u00ebr regjistrimin e PCN-s\u00eb, ju mund t\u00eb zgjidhni vendet e sakta ku d\u00ebshironi t\u00eb lansoni produktin tuaj\u2014duke ju dh\u00ebn\u00eb fleksibilitet dhe kontroll t\u00eb plot\u00eb mbi shtrirjen tuaj n\u00eb treg.\" \/>\n<meta property=\"og:url\" content=\"https:\/\/www.ufi.eu\/sq\/product\/vendet-per-regjistrim-ne-pcn\/\" \/>\n<meta property=\"og:site_name\" content=\"UFI\" \/>\n<meta property=\"article:modified_time\" content=\"2025-05-15T16:47:26+00:00\" \/>\n<meta property=\"og:image\" content=\"https:\/\/www.ufi.eu\/wp-content\/uploads\/2025\/03\/eu.jpg\" \/>\n\t<meta property=\"og:image:width\" content=\"800\" \/>\n\t<meta property=\"og:image:height\" content=\"800\" \/>\n\t<meta property=\"og:image:type\" content=\"image\/jpeg\" \/>\n<meta name=\"twitter:card\" content=\"summary_large_image\" \/>\n<meta name=\"twitter:label1\" content=\"Price\" \/>\n\t<meta name=\"twitter:data1\" content=\"&euro;35.00\" \/>\n\t<meta name=\"twitter:label2\" content=\"Availability\" \/>\n\t<meta name=\"twitter:data2\" content=\"In stock\" \/>\n<script type=\"application\/ld+json\" class=\"yoast-schema-graph\">{\"@context\":\"https:\/\/schema.org\",\"@graph\":[{\"@type\":\"WebPage\",\"@id\":\"https:\/\/www.ufi.eu\/sq\/product\/vendet-per-regjistrim-ne-pcn\/\",\"url\":\"https:\/\/www.ufi.eu\/sq\/product\/vendet-per-regjistrim-ne-pcn\/\",\"name\":\"Vendet p\u00ebr regjistrim n\u00eb PCN - UFI\",\"isPartOf\":{\"@id\":\"https:\/\/www.ufi.eu\/sq\/#website\"},\"primaryImageOfPage\":{\"@id\":\"https:\/\/www.ufi.eu\/sq\/product\/vendet-per-regjistrim-ne-pcn\/#primaryimage\"},\"image\":{\"@id\":\"https:\/\/www.ufi.eu\/sq\/product\/vendet-per-regjistrim-ne-pcn\/#primaryimage\"},\"thumbnailUrl\":\"https:\/\/www.ufi.eu\/wp-content\/uploads\/2025\/03\/eu.jpg\",\"datePublished\":\"2025-04-15T19:37:07+00:00\",\"dateModified\":\"2025-05-15T16:47:26+00:00\",\"description\":\"Me vendet tona t\u00eb BE-s\u00eb p\u00ebr regjistrimin e PCN-s\u00eb, ju mund t\u00eb zgjidhni vendet e sakta ku d\u00ebshironi t\u00eb lansoni produktin tuaj\u2014duke ju dh\u00ebn\u00eb fleksibilitet dhe kontroll t\u00eb plot\u00eb mbi shtrirjen tuaj n\u00eb treg.\",\"breadcrumb\":{\"@id\":\"https:\/\/www.ufi.eu\/sq\/product\/vendet-per-regjistrim-ne-pcn\/#breadcrumb\"},\"inLanguage\":\"sq-AL\",\"potentialAction\":[{\"@type\":\"ReadAction\",\"target\":[\"https:\/\/www.ufi.eu\/sq\/product\/vendet-per-regjistrim-ne-pcn\/\"]}]},{\"@type\":\"ImageObject\",\"inLanguage\":\"sq-AL\",\"@id\":\"https:\/\/www.ufi.eu\/sq\/product\/vendet-per-regjistrim-ne-pcn\/#primaryimage\",\"url\":\"https:\/\/www.ufi.eu\/wp-content\/uploads\/2025\/03\/eu.jpg\",\"contentUrl\":\"https:\/\/www.ufi.eu\/wp-content\/uploads\/2025\/03\/eu.jpg\",\"width\":800,\"height\":800},{\"@type\":\"BreadcrumbList\",\"@id\":\"https:\/\/www.ufi.eu\/sq\/product\/vendet-per-regjistrim-ne-pcn\/#breadcrumb\",\"itemListElement\":[{\"@type\":\"ListItem\",\"position\":1,\"name\":\"Home\",\"item\":\"https:\/\/www.ufi.eu\/sq\/shtepi\/\"},{\"@type\":\"ListItem\",\"position\":2,\"name\":\"Dyqan\",\"item\":\"https:\/\/www.ufi.eu\/sq\/dyqan\/\"},{\"@type\":\"ListItem\",\"position\":3,\"name\":\"Vendet p\u00ebr regjistrim n\u00eb PCN\"}]},{\"@type\":\"WebSite\",\"@id\":\"https:\/\/www.ufi.eu\/sq\/#website\",\"url\":\"https:\/\/www.ufi.eu\/sq\/\",\"name\":\"UFI.EU\",\"description\":\"Poison Centre Notifications (PCN) and UFI\",\"publisher\":{\"@id\":\"https:\/\/www.ufi.eu\/sq\/#organization\"},\"potentialAction\":[{\"@type\":\"SearchAction\",\"target\":{\"@type\":\"EntryPoint\",\"urlTemplate\":\"https:\/\/www.ufi.eu\/sq\/?s={search_term_string}\"},\"query-input\":{\"@type\":\"PropertyValueSpecification\",\"valueRequired\":true,\"valueName\":\"search_term_string\"}}],\"inLanguage\":\"sq-AL\"},{\"@type\":\"Organization\",\"@id\":\"https:\/\/www.ufi.eu\/sq\/#organization\",\"name\":\"UFI.EU\",\"url\":\"https:\/\/www.ufi.eu\/sq\/\",\"logo\":{\"@type\":\"ImageObject\",\"inLanguage\":\"sq-AL\",\"@id\":\"https:\/\/www.ufi.eu\/sq\/#\/schema\/logo\/image\/\",\"url\":\"https:\/\/www.ufi.eu\/wp-content\/uploads\/2025\/03\/cropped-logo_ufi3.jpg\",\"contentUrl\":\"https:\/\/www.ufi.eu\/wp-content\/uploads\/2025\/03\/cropped-logo_ufi3.jpg\",\"width\":231,\"height\":78,\"caption\":\"UFI.EU\"},\"image\":{\"@id\":\"https:\/\/www.ufi.eu\/sq\/#\/schema\/logo\/image\/\"},\"description\":\"UFI.eu specializes in digital registrations for Poison Centre Notifications (PCN), ensuring your chemical products meet EU regulatory requirements effortlessly. Our streamlined solutions help businesses stay compliant while reducing complexity and administrative burden.\",\"email\":\"info@ufi.eu\",\"legalName\":\"UFI.EU\"}]}<\/script>\n<meta property=\"product:price:amount\" content=\"35.00\" \/>\n<meta property=\"product:price:currency\" content=\"EUR\" \/>\n<meta property=\"og:availability\" content=\"instock\" \/>\n<meta property=\"product:availability\" content=\"instock\" \/>\n<meta property=\"product:retailer_item_id\" content=\"PCN-COUNTRIES\" \/>\n<meta property=\"product:condition\" content=\"new\" \/>\n<!-- \/ Yoast SEO Premium plugin. -->","yoast_head_json":{"title":"Vendet p\u00ebr regjistrim n\u00eb PCN - UFI","description":"Me vendet tona t\u00eb BE-s\u00eb p\u00ebr regjistrimin e PCN-s\u00eb, ju mund t\u00eb zgjidhni vendet e sakta ku d\u00ebshironi t\u00eb lansoni produktin tuaj\u2014duke ju dh\u00ebn\u00eb fleksibilitet dhe kontroll t\u00eb plot\u00eb mbi shtrirjen tuaj n\u00eb treg.","robots":{"index":"index","follow":"follow","max-snippet":"max-snippet:-1","max-image-preview":"max-image-preview:large","max-video-preview":"max-video-preview:-1"},"canonical":"https:\/\/www.ufi.eu\/sq\/product\/vendet-per-regjistrim-ne-pcn\/","og_locale":"sq_AL","og_type":"article","og_title":"Vendet p\u00ebr regjistrim n\u00eb PCN","og_description":"Me vendet tona t\u00eb BE-s\u00eb p\u00ebr regjistrimin e PCN-s\u00eb, ju mund t\u00eb zgjidhni vendet e sakta ku d\u00ebshironi t\u00eb lansoni produktin tuaj\u2014duke ju dh\u00ebn\u00eb fleksibilitet dhe kontroll t\u00eb plot\u00eb mbi shtrirjen tuaj n\u00eb treg.","og_url":"https:\/\/www.ufi.eu\/sq\/product\/vendet-per-regjistrim-ne-pcn\/","og_site_name":"UFI","article_modified_time":"2025-05-15T16:47:26+00:00","og_image":[{"width":800,"height":800,"url":"https:\/\/www.ufi.eu\/wp-content\/uploads\/2025\/03\/eu.jpg","type":"image\/jpeg"}],"twitter_card":"summary_large_image","twitter_misc":{"Price":"&euro;35.00","Availability":"In stock"},"schema":{"@context":"https:\/\/schema.org","@graph":[{"@type":"WebPage","@id":"https:\/\/www.ufi.eu\/sq\/product\/vendet-per-regjistrim-ne-pcn\/","url":"https:\/\/www.ufi.eu\/sq\/product\/vendet-per-regjistrim-ne-pcn\/","name":"Vendet p\u00ebr regjistrim n\u00eb PCN - UFI","isPartOf":{"@id":"https:\/\/www.ufi.eu\/sq\/#website"},"primaryImageOfPage":{"@id":"https:\/\/www.ufi.eu\/sq\/product\/vendet-per-regjistrim-ne-pcn\/#primaryimage"},"image":{"@id":"https:\/\/www.ufi.eu\/sq\/product\/vendet-per-regjistrim-ne-pcn\/#primaryimage"},"thumbnailUrl":"https:\/\/www.ufi.eu\/wp-content\/uploads\/2025\/03\/eu.jpg","datePublished":"2025-04-15T19:37:07+00:00","dateModified":"2025-05-15T16:47:26+00:00","description":"Me vendet tona t\u00eb BE-s\u00eb p\u00ebr regjistrimin e PCN-s\u00eb, ju mund t\u00eb zgjidhni vendet e sakta ku d\u00ebshironi t\u00eb lansoni produktin tuaj\u2014duke ju dh\u00ebn\u00eb fleksibilitet dhe kontroll t\u00eb plot\u00eb mbi shtrirjen tuaj n\u00eb treg.","breadcrumb":{"@id":"https:\/\/www.ufi.eu\/sq\/product\/vendet-per-regjistrim-ne-pcn\/#breadcrumb"},"inLanguage":"sq-AL","potentialAction":[{"@type":"ReadAction","target":["https:\/\/www.ufi.eu\/sq\/product\/vendet-per-regjistrim-ne-pcn\/"]}]},{"@type":"ImageObject","inLanguage":"sq-AL","@id":"https:\/\/www.ufi.eu\/sq\/product\/vendet-per-regjistrim-ne-pcn\/#primaryimage","url":"https:\/\/www.ufi.eu\/wp-content\/uploads\/2025\/03\/eu.jpg","contentUrl":"https:\/\/www.ufi.eu\/wp-content\/uploads\/2025\/03\/eu.jpg","width":800,"height":800},{"@type":"BreadcrumbList","@id":"https:\/\/www.ufi.eu\/sq\/product\/vendet-per-regjistrim-ne-pcn\/#breadcrumb","itemListElement":[{"@type":"ListItem","position":1,"name":"Home","item":"https:\/\/www.ufi.eu\/sq\/shtepi\/"},{"@type":"ListItem","position":2,"name":"Dyqan","item":"https:\/\/www.ufi.eu\/sq\/dyqan\/"},{"@type":"ListItem","position":3,"name":"Vendet p\u00ebr regjistrim n\u00eb PCN"}]},{"@type":"WebSite","@id":"https:\/\/www.ufi.eu\/sq\/#website","url":"https:\/\/www.ufi.eu\/sq\/","name":"UFI.EU","description":"Poison Centre Notifications (PCN) and UFI","publisher":{"@id":"https:\/\/www.ufi.eu\/sq\/#organization"},"potentialAction":[{"@type":"SearchAction","target":{"@type":"EntryPoint","urlTemplate":"https:\/\/www.ufi.eu\/sq\/?s={search_term_string}"},"query-input":{"@type":"PropertyValueSpecification","valueRequired":true,"valueName":"search_term_string"}}],"inLanguage":"sq-AL"},{"@type":"Organization","@id":"https:\/\/www.ufi.eu\/sq\/#organization","name":"UFI.EU","url":"https:\/\/www.ufi.eu\/sq\/","logo":{"@type":"ImageObject","inLanguage":"sq-AL","@id":"https:\/\/www.ufi.eu\/sq\/#\/schema\/logo\/image\/","url":"https:\/\/www.ufi.eu\/wp-content\/uploads\/2025\/03\/cropped-logo_ufi3.jpg","contentUrl":"https:\/\/www.ufi.eu\/wp-content\/uploads\/2025\/03\/cropped-logo_ufi3.jpg","width":231,"height":78,"caption":"UFI.EU"},"image":{"@id":"https:\/\/www.ufi.eu\/sq\/#\/schema\/logo\/image\/"},"description":"UFI.eu specializes in digital registrations for Poison Centre Notifications (PCN), ensuring your chemical products meet EU regulatory requirements effortlessly. Our streamlined solutions help businesses stay compliant while reducing complexity and administrative burden.","email":"info@ufi.eu","legalName":"UFI.EU"}]},"product_price_amount":"35.00","product_price_currency":"EUR","og_availability":"instock","product_availability":"instock","product_retailer_item_id":"PCN-COUNTRIES","product_condition":"new"},"_links":{"self":[{"href":"https:\/\/www.ufi.eu\/sq\/wp-json\/wp\/v2\/product\/12555","targetHints":{"allow":["GET"]}}],"collection":[{"href":"https:\/\/www.ufi.eu\/sq\/wp-json\/wp\/v2\/product"}],"about":[{"href":"https:\/\/www.ufi.eu\/sq\/wp-json\/wp\/v2\/types\/product"}],"wp:featuredmedia":[{"embeddable":true,"href":"https:\/\/www.ufi.eu\/sq\/wp-json\/wp\/v2\/media\/12556"}],"wp:attachment":[{"href":"https:\/\/www.ufi.eu\/sq\/wp-json\/wp\/v2\/media?parent=12555"}],"wp:term":[{"taxonomy":"product_brand","embeddable":true,"href":"https:\/\/www.ufi.eu\/sq\/wp-json\/wp\/v2\/product_brand?post=12555"},{"taxonomy":"product_cat","embeddable":true,"href":"https:\/\/www.ufi.eu\/sq\/wp-json\/wp\/v2\/product_cat?post=12555"},{"taxonomy":"product_tag","embeddable":true,"href":"https:\/\/www.ufi.eu\/sq\/wp-json\/wp\/v2\/product_tag?post=12555"}],"curies":[{"name":"wp","href":"https:\/\/api.w.org\/{rel}","templated":true}]}}