{"id":12444,"date":"2025-04-09T20:22:00","date_gmt":"2025-04-15T19:33:49","guid":{"rendered":"https:\/\/www.ufi.eu\/pcn\/uncategorized\/perkthimi-i-fletes-se-te-dhenave-te-sigurise\/"},"modified":"2026-02-12T11:23:20","modified_gmt":"2026-02-12T11:23:20","slug":"perkthimi-i-fletes-se-te-dhenave-te-sigurise","status":"publish","type":"product","link":"https:\/\/www.ufi.eu\/sq\/product\/perkthimi-i-fletes-se-te-dhenave-te-sigurise\/","title":{"rendered":"Gjuha e flet\u00ebs s\u00eb t\u00eb dh\u00ebnave t\u00eb siguris\u00eb"},"content":{"rendered":"\n<p>N\u00eb tregun e sot\u00ebm t\u00eb globalizuar, p\u00ebrputhja me standardet nd\u00ebrkomb\u00ebtare t\u00eb siguris\u00eb nuk \u00ebsht\u00eb thjesht nj\u00eb domosdoshm\u00ebri ligjore &#8211; \u00ebsht\u00eb nj\u00eb pjes\u00eb jetike e t\u00eb b\u00ebrit biznes me p\u00ebrgjegj\u00ebsi dhe efikasitet. N\u00eb p\u00ebrputhje me rregullat e industris\u00eb kimike dhe kozmetike, komunikimi i sakt\u00eb dhe i aksesuesh\u00ebm i informacionit t\u00eb siguris\u00eb \u00ebsht\u00eb i r\u00ebnd\u00ebsish\u00ebm. K\u00ebtu hyn UFI.EU me <strong>sh\u00ebrbimin ton\u00eb profesional t\u00eb p\u00ebrkthimit MSDS<\/strong> , duke ofruar p\u00ebrkthime t\u00eb sakta, n\u00eb p\u00ebrputhje me rregulloren e Flet\u00ebve t\u00eb t\u00eb Dh\u00ebnave t\u00eb Siguris\u00eb Materiale (MSDS), t\u00eb referuara edhe si Flet\u00ebt e t\u00eb Dh\u00ebnave t\u00eb Siguris\u00eb (SDS), n\u00eb t\u00eb gjitha gjuh\u00ebt e BE-s\u00eb dhe m\u00eb gjer\u00eb.  <\/p>\n\n<h4 class=\"wp-block-heading\" id=\"h-what-is-an-msds\">\u00c7far\u00eb \u00ebsht\u00eb nj\u00eb MSDS?<\/h4>\n\n<p>Fleta e t\u00eb dh\u00ebnave t\u00eb siguris\u00eb materiale (MSDS) \u00ebsht\u00eb nj\u00eb dokument q\u00eb ofron informacion t\u00eb detajuar n\u00eb lidhje me nj\u00eb substanc\u00eb ose p\u00ebrzierje kimike. Ai p\u00ebrshkruan rreziqet e mundshme (sh\u00ebndeti, zjarri, reaktiviteti, mjedisi), si t\u00eb punohet n\u00eb m\u00ebnyr\u00eb t\u00eb sigurt me produktin dhe masat e kontrollit emergjent. Sipas rregulloreve t\u00eb BE-s\u00eb, t\u00eb tilla si rregulloret <strong>REACH<\/strong> (Regjistrimi, Vler\u00ebsimi, Autorizimi dhe Kufizimi i Kimikateve) dhe <strong>CLP<\/strong> (Klasifikimi, Etiketimi dhe Paketimi), MSDS luan nj\u00eb rol ky\u00e7 n\u00eb garantimin e p\u00ebrdorimit dhe transportit t\u00eb sigurt t\u00eb substancave t\u00eb rrezikshme.   <\/p>\n\n<h4 class=\"wp-block-heading\" id=\"h-why-accurate-translation-is-crucial\">Pse p\u00ebrkthimi i sakt\u00eb \u00ebsht\u00eb vendimtar<\/h4>\n\n<p>\u00c7do shtet an\u00ebtar i BE-s\u00eb ka k\u00ebrkesat e veta gjuh\u00ebsore p\u00ebr dokumentet SDS. N\u00ebse eksportoni nj\u00eb produkt n\u00eb nj\u00eb vend tjet\u00ebr t\u00eb BE-s\u00eb \u2013 ose importoni nj\u00eb t\u00eb till\u00eb \u2013 jeni t\u00eb detyruar t\u00eb ofroni nj\u00eb SDS n\u00eb gjuh\u00ebn(t) zyrtare t\u00eb vendit t\u00eb destinacionit. Nj\u00eb MSDS e p\u00ebrkthyer pasakt\u00eb mund t\u00eb \u00e7oj\u00eb n\u00eb:<\/p>\n\n<ul class=\"wp-block-list\">\n<li>Gjobat rregullatore ose detyrimet ligjore<\/li>\n\n\n\n<li>Vonesat n\u00eb dogana ose nd\u00ebrprerje transporti<\/li>\n\n\n\n<li>Keqp\u00ebrdorimi i substancave t\u00eb rrezikshme<\/li>\n\n\n\n<li>Rritja e rrezikut t\u00eb aksidenteve ose d\u00ebmtimit t\u00eb mjedisit<\/li>\n<\/ul>\n\n<p>Ne e njohim kompleksitetin dhe ndjeshm\u00ebrin\u00eb e k\u00ebtij procesi. Sh\u00ebrbimi yn\u00eb i p\u00ebrkthimit MSDS siguron q\u00eb dokumentet tuaja t\u00eb jen\u00eb jo vet\u00ebm t\u00eb sakta gjuh\u00ebsore, por edhe plot\u00ebsisht n\u00eb p\u00ebrputhje me <strong>Aneksin II t\u00eb REACH<\/strong> dhe udh\u00ebzimet m\u00eb t\u00eb fundit <strong>t\u00eb ECHA (Agjencia Evropiane e Kimikateve)<\/strong> . <\/p>\n\n<h3 class=\"wp-block-heading\" id=\"h-our-msds-translation-services\">Sh\u00ebrbimet tona t\u00eb p\u00ebrkthimit MSDS<\/h3>\n\n<p>Ne ofrojm\u00eb nj\u00eb gam\u00eb t\u00eb plot\u00eb sh\u00ebrbimesh p\u00ebrkthimi t\u00eb p\u00ebrshtatura p\u00ebr sektor\u00ebt kimik, kozmetik, t\u00eb aromave, t\u00eb pastrimit dhe industrial. Zgjidhjet tona t\u00eb p\u00ebrkthimit t\u00eb MSDS p\u00ebrfshijn\u00eb:<\/p>\n\n<h4 class=\"wp-block-heading\" id=\"h-multilingual-sds-translations\">\u2714 P\u00ebrkthime shum\u00ebgjuh\u00ebshe SDS<\/h4>\n\n<p>Ne p\u00ebrkthejm\u00eb dokumente MSDS n\u00eb t\u00eb gjitha gjuh\u00ebt zyrtare t\u00eb BE-s\u00eb, si dhe n\u00eb gjuh\u00eb shtes\u00eb t\u00eb k\u00ebrkuara p\u00ebr tregtin\u00eb globale. \u00c7do p\u00ebrkthim rishikohet me kujdes p\u00ebr t\u00eb siguruar q\u00eb p\u00ebrputhet me legjislacionin lokal kimik, terminologjin\u00eb dhe standardet e formatimit.<\/p>\n\n<h4 class=\"wp-block-heading\" id=\"h-compliance-verification\">\u2714 Verifikimi i pajtueshm\u00ebris\u00eb<\/h4>\n\n<p>P\u00ebrkthimi \u00ebsht\u00eb m\u00eb shum\u00eb se gjuha &#8211; ka t\u00eb b\u00ebj\u00eb gjithashtu me <strong>sakt\u00ebsin\u00eb ligjore<\/strong> . Ekipi yn\u00eb i ekspert\u00ebve rregullator\u00eb shqyrton MSDS-n\u00eb tuaj p\u00ebr t\u00eb siguruar q\u00eb versioni i p\u00ebrkthyer t\u00eb jet\u00eb n\u00eb p\u00ebrputhje me k\u00ebrkesat e REACH dhe CLP, duke p\u00ebrfshir\u00eb: <\/p>\n\n<ul class=\"wp-block-list\">\n<li>Klasifikimi dhe etiketimi i harmonizuar<\/li>\n\n\n\n<li>UFI (Unique Formula Identifier) \u200b\u200bvendosja dhe struktura<\/li>\n\n\n\n<li>Skenar\u00ebt e ekspozimit (kur k\u00ebrkohet)<\/li>\n\n\n\n<li>Piktogramet GHS, fjal\u00ebt sinjalizuese dhe deklaratat e rrezikut<\/li>\n<\/ul>\n\n<h4 class=\"wp-block-heading\" id=\"h-sector-specific-terminology\">\u2714 Terminologji specifike p\u00ebr sektorin<\/h4>\n\n<p>Ne jemi t\u00eb specializuar n\u00eb industri q\u00eb k\u00ebrkojn\u00eb nj\u00eb kuptim t\u00eb sakt\u00eb t\u00eb terminologjis\u00eb dhe nuancave rregullatore. K\u00ebto p\u00ebrfshijn\u00eb:<\/p>\n\n<ul class=\"wp-block-list\">\n<li><strong>Kozmetik\u00eb dhe kujdes personal<\/strong><\/li>\n\n\n\n<li><strong>Vajra esenciale dhe aroma<\/strong><\/li>\n\n\n\n<li><strong>Produkte p\u00ebr pastrimin e sht\u00ebpis\u00eb<\/strong><\/li>\n\n\n\n<li><strong>Bojra dhe veshje<\/strong><\/li>\n\n\n\n<li><strong>Kimikatet laboratorike<\/strong><\/li>\n\n\n\n<li><strong>L\u00ebnd\u00ebt e para industriale<\/strong><\/li>\n<\/ul>\n\n<p>P\u00ebrkthyesit tan\u00eb jan\u00eb ekspert\u00eb t\u00eb \u00e7\u00ebshtjes, jo gjeneralist\u00eb, q\u00eb do t\u00eb thot\u00eb se ata e din\u00eb ndryshimin midis nj\u00eb surfaktant dhe nj\u00eb tret\u00ebs, dhe pse kjo ka r\u00ebnd\u00ebsi p\u00ebr klasifikimin.<\/p>\n\n<h3 class=\"wp-block-heading\" id=\"h-why-choose-ufi-eu\">Pse t\u00eb zgjidhni UFI.EU?<\/h3>\n\n<p>Ne nuk jemi vet\u00ebm p\u00ebrkthyes &#8211; ne jemi specialist\u00eb t\u00eb pajtueshm\u00ebris\u00eb me rregullat. Ekipi yn\u00eb kombinon <strong>p\u00ebrsosm\u00ebrin\u00eb gjuh\u00ebsore<\/strong> me <strong>njohurit\u00eb rregullatore teknike<\/strong> , duke na b\u00ebr\u00eb t\u00eb pozicionuar n\u00eb m\u00ebnyr\u00eb unike p\u00ebr t\u00eb mb\u00ebshtetur biznesin tuaj n\u00eb t\u00eb gjith\u00eb Evrop\u00ebn. <\/p>\n\n<h4 class=\"wp-block-heading\" id=\"h-fast-turnaround\">\u2705 Kthim i shpejt\u00eb<\/h4>\n\n<p>Ne e kuptojm\u00eb q\u00eb dokumentet SDS shpesh jan\u00eb t\u00eb ndjeshme ndaj koh\u00ebs. Pavar\u00ebsisht n\u00ebse po lan\u00e7oni nj\u00eb produkt t\u00eb ri apo po b\u00ebni d\u00ebrgesa nd\u00ebrkomb\u00ebtare, koh\u00ebt tona t\u00eb kthimit jan\u00eb krijuar p\u00ebr t\u00eb mbajtur operacionet tuaja n\u00eb l\u00ebvizje.<\/p>\n\n<h4 class=\"wp-block-heading\" id=\"h-competitive-pricing\">\u2705 \u00c7mime konkurruese<\/h4>\n\n<p>Ne ofrojm\u00eb \u00e7mime transparente pa tarifa t\u00eb fshehura. Tarifat tona jan\u00eb fikse dhe mund t\u00eb blini direkt nga faqja jon\u00eb e internetit.<\/p>\n\n<h4 class=\"wp-block-heading\" id=\"h-confidentiality\">\u2705 Konfidencialitet<\/h4>\n\n<p>T\u00eb gjitha dokumentet tuaja trajtohen me konfidencialitet t\u00eb rrept\u00eb. Jemi t\u00eb lumtur t\u00eb n\u00ebnshkruajm\u00eb NDA-t\u00eb sipas k\u00ebrkes\u00ebs, dhe t\u00eb gjitha transfertat e skedar\u00ebve jan\u00eb t\u00eb koduara dhe t\u00eb sigurta.<\/p>\n\n<h3 class=\"wp-block-heading\" id=\"h-common-use-cases-for-our-msds-translation-service\">Rastet e zakonshme t\u00eb p\u00ebrdorimit p\u00ebr sh\u00ebrbimin ton\u00eb t\u00eb p\u00ebrkthimit MSDS<\/h3>\n\n<p><strong>1. Eksportimi i p\u00ebrb\u00ebr\u00ebsve kozmetik\u00eb:<\/strong><br\/> N\u00ebse jeni furnizues me vajra esencial\u00eb ose produkte kozmetike dhe d\u00ebshironi t\u00eb eksportoni n\u00eb Franc\u00eb, Gjermani ose Spanj\u00eb, do t&#8217;ju duhet nj\u00eb MSDS e p\u00ebrkthyer n\u00eb gjuh\u00ebn p\u00ebrkat\u00ebse p\u00ebr zhdoganimin dhe pajtueshm\u00ebrin\u00eb ligjore.<\/p>\n\n<p><strong>2. Lansimi i nj\u00eb produkti t\u00eb ri pastrimi:<\/strong><br\/> P\u00ebrpara se t\u00eb vendosni nj\u00eb produkt pastrimi sht\u00ebpiake n\u00eb tregun e BE-s\u00eb, duhet t\u00eb siguroni nj\u00eb SDS n\u00eb gjuh\u00ebn komb\u00ebtare t\u00eb \u00e7do tregu. Ekipi yn\u00eb mund t\u00eb p\u00ebrkthej\u00eb dhe v\u00ebrtetoj\u00eb dokumentet tuaja n\u00ebp\u00ebr juridiksione t\u00eb shumta. <\/p>\n\n<p><strong>3. Mb\u00ebshtetje p\u00ebr paraqitjen e PCN:<\/strong><br\/> N\u00ebse SDS-ja juaj p\u00ebrfshin nj\u00eb UFI dhe po d\u00ebrgoni nj\u00eb njoftim p\u00ebr qendr\u00ebn e helmimit (PCN), SDS-ja juaj e p\u00ebrkthyer duhet t\u00eb p\u00ebrputhet me t\u00eb dh\u00ebnat e paraqitura n\u00eb portalin ECHA. Ne ndihmojm\u00eb t\u00eb sigurohet konsistenca midis SDS-s\u00eb, etiket\u00ebs s\u00eb produktit dhe PCN-s\u00eb tuaj. <\/p>\n\n<p><strong>4. Blerjet ose Ndryshimet e Furnizuesit:<\/strong><br\/> N\u00ebse kompania juaj ka bler\u00eb s\u00eb fundmi formulime t\u00eb reja kimike nga nj\u00eb furnizues i huaj, ne mund t\u00eb p\u00ebrkthejm\u00eb dhe lokalizojm\u00eb SDS-n\u00eb p\u00ebr ekipet dhe klient\u00ebt tuaj t\u00eb brendsh\u00ebm.<\/p>\n\n<h3 class=\"wp-block-heading\" id=\"h-more-than-just-translation-additional-services\">M\u00eb shum\u00eb se vet\u00ebm p\u00ebrkthim: Sh\u00ebrbime shtes\u00eb<\/h3>\n\n<p>Krahas sh\u00ebrbimit ton\u00eb t\u00eb p\u00ebrkthimit MSDS, UFI.EU ofron gjithashtu:<\/p>\n\n<ul class=\"wp-block-list\">\n<li><strong><a href=\"https:\/\/www.ufi.eu\/pcn\/safety-data-sheet\/safety-data-sheet-creation\/\">Krijimi i MSDS<\/a><\/strong> i produktit tuaj<\/li>\n\n\n\n<li><strong>Gjenerimi dhe vendosja e kodit UFI<\/strong> n\u00eb etiketa<\/li>\n\n\n\n<li><strong><a href=\"https:\/\/www.ufi.eu\/pcn\/clp-label\/clp-label-creation-compliance-check\/\">CLP etiketon informacionin<\/a><\/strong> me piktogramet e rrezikut, fjal\u00ebt sinjalizuese dhe deklaratat e rrezikut n\u00eb gjuh\u00ebn lokale<\/li>\n\n\n\n<li><strong>Sh\u00ebrbimet e dor\u00ebzimit t\u00eb PCN<\/strong> \u2013 mb\u00ebshtetje e plot\u00eb me ngarkimin e t\u00eb dh\u00ebnave SDS n\u00eb portalin ECHA<\/li>\n\n\n\n<li><strong>Ekzaminimi paraprak toksikologjik<\/strong> i formulimeve<\/li>\n\n\n\n<li><strong>Mb\u00ebshtetje p\u00ebr regjistrimin e produkteve<\/strong> me qendrat komb\u00ebtare t\u00eb helmimit<\/li>\n<\/ul>\n\n<p>Kjo qasje me sh\u00ebrbim t\u00eb plot\u00eb siguron q\u00eb biznesi juaj t\u00eb ket\u00eb <strong>nj\u00eb partner t\u00eb besuesh\u00ebm<\/strong> p\u00ebr t\u00eb gjitha nevojat e tij t\u00eb siguris\u00eb kimike dhe dokumentacionit.<\/p>\n","protected":false},"excerpt":{"rendered":"<p>N\u00eb tregun e sot\u00ebm t\u00eb globalizuar, p\u00ebrputhja me standardet nd\u00ebrkomb\u00ebtare t\u00eb siguris\u00eb nuk \u00ebsht\u00eb thjesht nj\u00eb domosdoshm\u00ebri ligjore &#8211; \u00ebsht\u00eb nj\u00eb pjes\u00eb jetike e t\u00eb b\u00ebrit biznes me p\u00ebrgjegj\u00ebsi dhe efikasitet. N\u00eb p\u00ebrputhje me rregullat e industris\u00eb kimike dhe kozmetike, komunikimi i sakt\u00eb dhe i aksesuesh\u00ebm i informacionit t\u00eb siguris\u00eb \u00ebsht\u00eb i r\u00ebnd\u00ebsish\u00ebm. K\u00ebtu hyn [&hellip;]<\/p>\n","protected":false},"featured_media":12556,"template":"","meta":[],"product_brand":[],"product_cat":[280],"product_tag":[],"class_list":{"0":"post-12444","1":"product","2":"type-product","3":"status-publish","4":"has-post-thumbnail","6":"product_cat-fleta-e-te-dhenave-te-sigurise","8":"first","9":"instock","10":"taxable","11":"shipping-taxable","12":"purchasable","13":"product-type-simple"},"bundled_by":["12854","13207","31750"],"bundle_stock_status":"instock","bundle_stock_quantity":null,"bundle_virtual":false,"bundle_layout":"","bundle_add_to_cart_form_location":"","bundle_editable_in_cart":false,"bundle_sold_individually_context":"","bundle_item_grouping":"","bundle_min_size":"","bundle_max_size":"","bundle_price":[],"bundled_items":[],"bundle_sell_ids":[],"yoast_head":"<!-- This site is optimized with the Yoast SEO Premium plugin v25.1 (Yoast SEO v25.1) - https:\/\/yoast.com\/wordpress\/plugins\/seo\/ -->\n<title>Sh\u00ebrbimi i P\u00ebrkthimit MSDS - P\u00ebrkthe Flet\u00ebn tuaj t\u00eb t\u00eb Dh\u00ebnave t\u00eb Siguris\u00eb SDS<\/title>\n<meta name=\"description\" content=\"Sh\u00ebrbimi yn\u00eb i p\u00ebrkthimit SDS dhe MSDS siguron q\u00eb dokumentet tuaja t\u00eb jen\u00eb jo vet\u00ebm t\u00eb sakta gjuh\u00ebsore, por edhe plot\u00ebsisht n\u00eb p\u00ebrputhje.\" \/>\n<meta name=\"robots\" content=\"index, follow, max-snippet:-1, max-image-preview:large, max-video-preview:-1\" \/>\n<link rel=\"canonical\" href=\"https:\/\/www.ufi.eu\/sq\/product\/perkthimi-i-fletes-se-te-dhenave-te-sigurise\/\" \/>\n<meta property=\"og:locale\" content=\"sq_AL\" \/>\n<meta property=\"og:type\" content=\"article\" \/>\n<meta property=\"og:title\" content=\"Gjuha e flet\u00ebs s\u00eb t\u00eb dh\u00ebnave t\u00eb siguris\u00eb\" \/>\n<meta property=\"og:description\" content=\"Sh\u00ebrbimi yn\u00eb i p\u00ebrkthimit SDS dhe MSDS siguron q\u00eb dokumentet tuaja t\u00eb jen\u00eb jo vet\u00ebm t\u00eb sakta gjuh\u00ebsore, por edhe plot\u00ebsisht n\u00eb p\u00ebrputhje.\" \/>\n<meta property=\"og:url\" content=\"https:\/\/www.ufi.eu\/sq\/product\/perkthimi-i-fletes-se-te-dhenave-te-sigurise\/\" \/>\n<meta property=\"og:site_name\" content=\"UFI\" \/>\n<meta property=\"article:modified_time\" content=\"2026-02-12T11:23:20+00:00\" \/>\n<meta property=\"og:image\" content=\"https:\/\/www.ufi.eu\/wp-content\/uploads\/2025\/03\/eu.jpg\" \/>\n\t<meta property=\"og:image:width\" content=\"800\" \/>\n\t<meta property=\"og:image:height\" content=\"800\" \/>\n\t<meta property=\"og:image:type\" content=\"image\/jpeg\" \/>\n<meta name=\"twitter:card\" content=\"summary_large_image\" \/>\n<meta name=\"twitter:label1\" content=\"Price\" \/>\n\t<meta name=\"twitter:data1\" content=\"&euro;50.00\" \/>\n\t<meta name=\"twitter:label2\" content=\"Availability\" \/>\n\t<meta name=\"twitter:data2\" content=\"In stock\" \/>\n<script type=\"application\/ld+json\" class=\"yoast-schema-graph\">{\"@context\":\"https:\/\/schema.org\",\"@graph\":[{\"@type\":\"WebPage\",\"@id\":\"https:\/\/www.ufi.eu\/sq\/product\/perkthimi-i-fletes-se-te-dhenave-te-sigurise\/\",\"url\":\"https:\/\/www.ufi.eu\/sq\/product\/perkthimi-i-fletes-se-te-dhenave-te-sigurise\/\",\"name\":\"Sh\u00ebrbimi i P\u00ebrkthimit MSDS - P\u00ebrkthe Flet\u00ebn tuaj t\u00eb t\u00eb Dh\u00ebnave t\u00eb Siguris\u00eb SDS\",\"isPartOf\":{\"@id\":\"https:\/\/www.ufi.eu\/sq\/#website\"},\"primaryImageOfPage\":{\"@id\":\"https:\/\/www.ufi.eu\/sq\/product\/perkthimi-i-fletes-se-te-dhenave-te-sigurise\/#primaryimage\"},\"image\":{\"@id\":\"https:\/\/www.ufi.eu\/sq\/product\/perkthimi-i-fletes-se-te-dhenave-te-sigurise\/#primaryimage\"},\"thumbnailUrl\":\"https:\/\/www.ufi.eu\/wp-content\/uploads\/2025\/03\/eu.jpg\",\"datePublished\":\"2025-04-15T19:33:49+00:00\",\"dateModified\":\"2026-02-12T11:23:20+00:00\",\"description\":\"Sh\u00ebrbimi yn\u00eb i p\u00ebrkthimit SDS dhe MSDS siguron q\u00eb dokumentet tuaja t\u00eb jen\u00eb jo vet\u00ebm t\u00eb sakta gjuh\u00ebsore, por edhe plot\u00ebsisht n\u00eb p\u00ebrputhje.\",\"breadcrumb\":{\"@id\":\"https:\/\/www.ufi.eu\/sq\/product\/perkthimi-i-fletes-se-te-dhenave-te-sigurise\/#breadcrumb\"},\"inLanguage\":\"sq-AL\",\"potentialAction\":[{\"@type\":\"ReadAction\",\"target\":[\"https:\/\/www.ufi.eu\/sq\/product\/perkthimi-i-fletes-se-te-dhenave-te-sigurise\/\"]}]},{\"@type\":\"ImageObject\",\"inLanguage\":\"sq-AL\",\"@id\":\"https:\/\/www.ufi.eu\/sq\/product\/perkthimi-i-fletes-se-te-dhenave-te-sigurise\/#primaryimage\",\"url\":\"https:\/\/www.ufi.eu\/wp-content\/uploads\/2025\/03\/eu.jpg\",\"contentUrl\":\"https:\/\/www.ufi.eu\/wp-content\/uploads\/2025\/03\/eu.jpg\",\"width\":800,\"height\":800},{\"@type\":\"BreadcrumbList\",\"@id\":\"https:\/\/www.ufi.eu\/sq\/product\/perkthimi-i-fletes-se-te-dhenave-te-sigurise\/#breadcrumb\",\"itemListElement\":[{\"@type\":\"ListItem\",\"position\":1,\"name\":\"Home\",\"item\":\"https:\/\/www.ufi.eu\/sq\/shtepi\/\"},{\"@type\":\"ListItem\",\"position\":2,\"name\":\"Dyqan\",\"item\":\"https:\/\/www.ufi.eu\/sq\/dyqan\/\"},{\"@type\":\"ListItem\",\"position\":3,\"name\":\"Gjuha e flet\u00ebs s\u00eb t\u00eb dh\u00ebnave t\u00eb siguris\u00eb\"}]},{\"@type\":\"WebSite\",\"@id\":\"https:\/\/www.ufi.eu\/sq\/#website\",\"url\":\"https:\/\/www.ufi.eu\/sq\/\",\"name\":\"UFI.EU\",\"description\":\"Poison Centre Notifications (PCN) and UFI\",\"publisher\":{\"@id\":\"https:\/\/www.ufi.eu\/sq\/#organization\"},\"potentialAction\":[{\"@type\":\"SearchAction\",\"target\":{\"@type\":\"EntryPoint\",\"urlTemplate\":\"https:\/\/www.ufi.eu\/sq\/?s={search_term_string}\"},\"query-input\":{\"@type\":\"PropertyValueSpecification\",\"valueRequired\":true,\"valueName\":\"search_term_string\"}}],\"inLanguage\":\"sq-AL\"},{\"@type\":\"Organization\",\"@id\":\"https:\/\/www.ufi.eu\/sq\/#organization\",\"name\":\"UFI.EU\",\"url\":\"https:\/\/www.ufi.eu\/sq\/\",\"logo\":{\"@type\":\"ImageObject\",\"inLanguage\":\"sq-AL\",\"@id\":\"https:\/\/www.ufi.eu\/sq\/#\/schema\/logo\/image\/\",\"url\":\"https:\/\/www.ufi.eu\/wp-content\/uploads\/2025\/03\/cropped-logo_ufi3.jpg\",\"contentUrl\":\"https:\/\/www.ufi.eu\/wp-content\/uploads\/2025\/03\/cropped-logo_ufi3.jpg\",\"width\":231,\"height\":78,\"caption\":\"UFI.EU\"},\"image\":{\"@id\":\"https:\/\/www.ufi.eu\/sq\/#\/schema\/logo\/image\/\"},\"description\":\"UFI.eu specializes in digital registrations for Poison Centre Notifications (PCN), ensuring your chemical products meet EU regulatory requirements effortlessly. Our streamlined solutions help businesses stay compliant while reducing complexity and administrative burden.\",\"email\":\"info@ufi.eu\",\"legalName\":\"UFI.EU\"}]}<\/script>\n<meta property=\"product:price:amount\" content=\"50.00\" \/>\n<meta property=\"product:price:currency\" content=\"EUR\" \/>\n<meta property=\"og:availability\" content=\"instock\" \/>\n<meta property=\"product:availability\" content=\"instock\" \/>\n<meta property=\"product:condition\" content=\"new\" \/>\n<!-- \/ Yoast SEO Premium plugin. -->","yoast_head_json":{"title":"Sh\u00ebrbimi i P\u00ebrkthimit MSDS - P\u00ebrkthe Flet\u00ebn tuaj t\u00eb t\u00eb Dh\u00ebnave t\u00eb Siguris\u00eb SDS","description":"Sh\u00ebrbimi yn\u00eb i p\u00ebrkthimit SDS dhe MSDS siguron q\u00eb dokumentet tuaja t\u00eb jen\u00eb jo vet\u00ebm t\u00eb sakta gjuh\u00ebsore, por edhe plot\u00ebsisht n\u00eb p\u00ebrputhje.","robots":{"index":"index","follow":"follow","max-snippet":"max-snippet:-1","max-image-preview":"max-image-preview:large","max-video-preview":"max-video-preview:-1"},"canonical":"https:\/\/www.ufi.eu\/sq\/product\/perkthimi-i-fletes-se-te-dhenave-te-sigurise\/","og_locale":"sq_AL","og_type":"article","og_title":"Gjuha e flet\u00ebs s\u00eb t\u00eb dh\u00ebnave t\u00eb siguris\u00eb","og_description":"Sh\u00ebrbimi yn\u00eb i p\u00ebrkthimit SDS dhe MSDS siguron q\u00eb dokumentet tuaja t\u00eb jen\u00eb jo vet\u00ebm t\u00eb sakta gjuh\u00ebsore, por edhe plot\u00ebsisht n\u00eb p\u00ebrputhje.","og_url":"https:\/\/www.ufi.eu\/sq\/product\/perkthimi-i-fletes-se-te-dhenave-te-sigurise\/","og_site_name":"UFI","article_modified_time":"2026-02-12T11:23:20+00:00","og_image":[{"width":800,"height":800,"url":"https:\/\/www.ufi.eu\/wp-content\/uploads\/2025\/03\/eu.jpg","type":"image\/jpeg"}],"twitter_card":"summary_large_image","twitter_misc":{"Price":"&euro;50.00","Availability":"In stock"},"schema":{"@context":"https:\/\/schema.org","@graph":[{"@type":"WebPage","@id":"https:\/\/www.ufi.eu\/sq\/product\/perkthimi-i-fletes-se-te-dhenave-te-sigurise\/","url":"https:\/\/www.ufi.eu\/sq\/product\/perkthimi-i-fletes-se-te-dhenave-te-sigurise\/","name":"Sh\u00ebrbimi i P\u00ebrkthimit MSDS - P\u00ebrkthe Flet\u00ebn tuaj t\u00eb t\u00eb Dh\u00ebnave t\u00eb Siguris\u00eb SDS","isPartOf":{"@id":"https:\/\/www.ufi.eu\/sq\/#website"},"primaryImageOfPage":{"@id":"https:\/\/www.ufi.eu\/sq\/product\/perkthimi-i-fletes-se-te-dhenave-te-sigurise\/#primaryimage"},"image":{"@id":"https:\/\/www.ufi.eu\/sq\/product\/perkthimi-i-fletes-se-te-dhenave-te-sigurise\/#primaryimage"},"thumbnailUrl":"https:\/\/www.ufi.eu\/wp-content\/uploads\/2025\/03\/eu.jpg","datePublished":"2025-04-15T19:33:49+00:00","dateModified":"2026-02-12T11:23:20+00:00","description":"Sh\u00ebrbimi yn\u00eb i p\u00ebrkthimit SDS dhe MSDS siguron q\u00eb dokumentet tuaja t\u00eb jen\u00eb jo vet\u00ebm t\u00eb sakta gjuh\u00ebsore, por edhe plot\u00ebsisht n\u00eb p\u00ebrputhje.","breadcrumb":{"@id":"https:\/\/www.ufi.eu\/sq\/product\/perkthimi-i-fletes-se-te-dhenave-te-sigurise\/#breadcrumb"},"inLanguage":"sq-AL","potentialAction":[{"@type":"ReadAction","target":["https:\/\/www.ufi.eu\/sq\/product\/perkthimi-i-fletes-se-te-dhenave-te-sigurise\/"]}]},{"@type":"ImageObject","inLanguage":"sq-AL","@id":"https:\/\/www.ufi.eu\/sq\/product\/perkthimi-i-fletes-se-te-dhenave-te-sigurise\/#primaryimage","url":"https:\/\/www.ufi.eu\/wp-content\/uploads\/2025\/03\/eu.jpg","contentUrl":"https:\/\/www.ufi.eu\/wp-content\/uploads\/2025\/03\/eu.jpg","width":800,"height":800},{"@type":"BreadcrumbList","@id":"https:\/\/www.ufi.eu\/sq\/product\/perkthimi-i-fletes-se-te-dhenave-te-sigurise\/#breadcrumb","itemListElement":[{"@type":"ListItem","position":1,"name":"Home","item":"https:\/\/www.ufi.eu\/sq\/shtepi\/"},{"@type":"ListItem","position":2,"name":"Dyqan","item":"https:\/\/www.ufi.eu\/sq\/dyqan\/"},{"@type":"ListItem","position":3,"name":"Gjuha e flet\u00ebs s\u00eb t\u00eb dh\u00ebnave t\u00eb siguris\u00eb"}]},{"@type":"WebSite","@id":"https:\/\/www.ufi.eu\/sq\/#website","url":"https:\/\/www.ufi.eu\/sq\/","name":"UFI.EU","description":"Poison Centre Notifications (PCN) and UFI","publisher":{"@id":"https:\/\/www.ufi.eu\/sq\/#organization"},"potentialAction":[{"@type":"SearchAction","target":{"@type":"EntryPoint","urlTemplate":"https:\/\/www.ufi.eu\/sq\/?s={search_term_string}"},"query-input":{"@type":"PropertyValueSpecification","valueRequired":true,"valueName":"search_term_string"}}],"inLanguage":"sq-AL"},{"@type":"Organization","@id":"https:\/\/www.ufi.eu\/sq\/#organization","name":"UFI.EU","url":"https:\/\/www.ufi.eu\/sq\/","logo":{"@type":"ImageObject","inLanguage":"sq-AL","@id":"https:\/\/www.ufi.eu\/sq\/#\/schema\/logo\/image\/","url":"https:\/\/www.ufi.eu\/wp-content\/uploads\/2025\/03\/cropped-logo_ufi3.jpg","contentUrl":"https:\/\/www.ufi.eu\/wp-content\/uploads\/2025\/03\/cropped-logo_ufi3.jpg","width":231,"height":78,"caption":"UFI.EU"},"image":{"@id":"https:\/\/www.ufi.eu\/sq\/#\/schema\/logo\/image\/"},"description":"UFI.eu specializes in digital registrations for Poison Centre Notifications (PCN), ensuring your chemical products meet EU regulatory requirements effortlessly. Our streamlined solutions help businesses stay compliant while reducing complexity and administrative burden.","email":"info@ufi.eu","legalName":"UFI.EU"}]},"product_price_amount":"50.00","product_price_currency":"EUR","og_availability":"instock","product_availability":"instock","product_condition":"new"},"_links":{"self":[{"href":"https:\/\/www.ufi.eu\/sq\/wp-json\/wp\/v2\/product\/12444","targetHints":{"allow":["GET"]}}],"collection":[{"href":"https:\/\/www.ufi.eu\/sq\/wp-json\/wp\/v2\/product"}],"about":[{"href":"https:\/\/www.ufi.eu\/sq\/wp-json\/wp\/v2\/types\/product"}],"wp:featuredmedia":[{"embeddable":true,"href":"https:\/\/www.ufi.eu\/sq\/wp-json\/wp\/v2\/media\/12556"}],"wp:attachment":[{"href":"https:\/\/www.ufi.eu\/sq\/wp-json\/wp\/v2\/media?parent=12444"}],"wp:term":[{"taxonomy":"product_brand","embeddable":true,"href":"https:\/\/www.ufi.eu\/sq\/wp-json\/wp\/v2\/product_brand?post=12444"},{"taxonomy":"product_cat","embeddable":true,"href":"https:\/\/www.ufi.eu\/sq\/wp-json\/wp\/v2\/product_cat?post=12444"},{"taxonomy":"product_tag","embeddable":true,"href":"https:\/\/www.ufi.eu\/sq\/wp-json\/wp\/v2\/product_tag?post=12444"}],"curies":[{"name":"wp","href":"https:\/\/api.w.org\/{rel}","templated":true}]}}