{"id":21863,"date":"2025-03-20T08:25:19","date_gmt":"2025-04-17T10:14:49","guid":{"rendered":"https:\/\/www.ufi.eu\/pcn\/nekategorizirano\/pcn-in-ufi-za-prenosna-goriva-za-ogrevanje-in-kuhanje\/"},"modified":"2025-04-17T10:14:49","modified_gmt":"2025-04-17T10:14:49","slug":"pcn-in-ufi-za-prenosna-goriva-za-ogrevanje-in-kuhanje","status":"publish","type":"product","link":"https:\/\/www.ufi.eu\/sl\/product\/pcn-in-ufi-za-prenosna-goriva-za-ogrevanje-in-kuhanje\/","title":{"rendered":"PCN in UFI za prenosna goriva za ogrevanje in kuhanje"},"content":{"rendered":"<h2>Kako deluje storitev ustvarjanja UFI in obve\u0161\u010danja o PCN?<\/h2>\n<p>Po nakupu te storitve boste prejeli dostop do varnega portala. Ta portal vsebuje pregled vseh korakov.  Izpolnite podatke o izdelku, mi pa se bomo lotili dela.<\/p>\n<h3>Obvestilo centra za zastrupitve in UFI<\/h3>\n<p>Zagotovili bomo:<\/p>\n<ul>\n<li>Edinstveni identifikator formule (UFI) va\u0161ega izdelka.<\/li>\n<li>Poro\u010dilo o obvestilu centra za zastrupitve (PCN)<\/li>\n<li>Registracija va\u0161ega izdelka v ustreznih nacionalnih centrih za zastrupitve prek agencije ECHA.<\/li>\n<\/ul>\n<h3>Dr\u017eave za registracijo PCN<\/h3>\n<p>Lahko pre\u0161tejete \u0161tevilo dr\u017eav, v katerih \u017eelite registrirati svoj izdelek. To je \u0161tevilo dr\u017eav, ki jih morate kupiti.  Na portalu boste lahko izbrali posamezne dr\u017eave. \u010ce nameravate prodajo svojih izdelkov pozneje raz\u0161iriti na nove dr\u017eave, lahko vedno naro\u010dite dodatne <a href=\"https:\/\/www.ufi.eu\/sl\/pcn\/drzave\/drzave-za-registracijo-pcn\/\" target=\"_blank\" title=\"Registracije dr\u017eav PCN\">registracije dr\u017eav PCN<\/a>.<br \/>EU ima 27 dr\u017eav, EGP pa 30 (EU+Lichtenstein, Norve\u0161ka in Islandija) V portalu lahko izberete te dr\u017eave: <\/p>\n<table cellpadding=\"2\" cellspacing=\"0\" border=\"1\">\n<tbody>\n<tr>\n<td>Belgija<\/td>\n<td>(BE)<\/td>\n<td>\u0160panija<\/td>\n<td>(ES)<\/td>\n<td>Mad\u017earska<\/td>\n<td>(HU)<\/td>\n<td>Slova\u0161ka<\/td>\n<td>(SK)<\/td>\n<\/tr>\n<tr>\n<td>Bolgarija<\/td>\n<td>(BG)<\/td>\n<td>Francija<\/td>\n<td>(FR)<\/td>\n<td>Malta<\/td>\n<td>(MT)<\/td>\n<td>Finska<\/td>\n<td>(FI)<\/td>\n<\/tr>\n<tr>\n<td>\u010ce\u0161ka<\/td>\n<td>(CZ)<\/td>\n<td>Hrva\u0161ka<\/td>\n<td>(HR)<\/td>\n<td>Nizozemska<\/td>\n<td>(NL)<\/td>\n<td>\u0160vedska<\/td>\n<td>(SE)<\/td>\n<\/tr>\n<tr>\n<td>Danska<\/td>\n<td>(DK)<\/td>\n<td>Italija<\/td>\n<td>(IT)<\/td>\n<td>Avstrija<\/td>\n<td>(AT)<\/td>\n<td>Nem\u010dija<\/td>\n<td>(DE)<\/td>\n<\/tr>\n<tr>\n<td>Ciper<\/td>\n<td>(CY)<\/td>\n<td>Poljska<\/td>\n<td>(PL)<\/td>\n<td>Islandija<\/td>\n<td>(IS)<\/td>\n<td>Estonija<\/td>\n<td>(EE)<\/td>\n<\/tr>\n<tr>\n<td>Latvija<\/td>\n<td>(LV)<\/td>\n<td>Portugalska<\/td>\n<td>(PT)<\/td>\n<td>Lihten\u0161tajn<\/td>\n<td>(LI)<\/td>\n<td>Irska<\/td>\n<td>(IE)<\/td>\n<\/tr>\n<tr>\n<td>Litva<\/td>\n<td>(LT)<\/td>\n<td>Romunija<\/td>\n<td>(RO)<\/td>\n<td>Norve\u0161ka<\/td>\n<td>(NE)<\/td>\n<td>Gr\u010dija<\/td>\n<td>(EL)<\/td>\n<\/tr>\n<tr>\n<td>Luksemburg<\/td>\n<td>(LU)<\/td>\n<td>Slovenija<\/td>\n<td>(SI)<\/td>\n<td>\u0160vica*<\/td>\n<td>(CH)<\/td>\n<td><\/td>\n<td><\/td>\n<\/tr>\n<\/tbody>\n<\/table>\n<p>*Za \u0160vico lahko pripravimo dokumentacijo PCN z vsemi potrebnimi informacijami za predlo\u017eitev na \u0161vicarskem portalu. Za ve\u010d informacij se obrnite na nas. <\/p>\n<h3>Informacije na etiketi CLP<\/h3>\n<p>Ponujamo mo\u017enost nakupa etikete izdelka, skladne z uredbo CLP, ki vsebuje vse obvezne informacije, kot jih zahteva uredba EU CLP. To vam bo zagotovljeno v obliki PDF.  To ni zasnova, temve\u010d povzetek zahtevanih informacij. To vam bo omogo\u010dilo vklju\u010ditev potrebnih informacij v oblikovanje etikete izdelka. <a href=\"https:\/\/www.ufi.eu\/sl\/pcn\/oznaka-clp\/ustvarjanje-etikete-clp-in-preverjanje-skladnosti\/\" target=\"_blank\" title=\"Oznaka CLPCreation\">Oblikovanje etikete CLP<\/a> lahko naro\u010dite tudi lo\u010deno. \u017de imate etiketo? &#8211; Opravimo lahko <a href=\"https:\/\/www.ufi.eu\/sl\/pcn\/oznaka-clp\/ustvarjanje-etikete-clp-in-preverjanje-skladnosti\/\" target=\"_blank\" title=\"Preverjanje skladnosti etikete CLP\">preverjanje skladnosti va\u0161e etikete z zahtevami uredbe CLP<\/a> v skladu z veljavnimi zahtevami uredbe CLP. Zagotovili bomo podrobne povratne informacije in popravke, da bo va\u0161a etiketa ustrezala vsem regulativnim standardom.     <\/p>\n<h2>Obvestilo centra za zastrupitve o gorivih za tabori\u0161\u010da<\/h2>\n<p>Goriva za kampiranje, ki se uporabljajo za prenosne naprave za ogrevanje, kuhanje in razsvetljavo, kot so kamping pe\u010di in svetilke, so bistvenega pomena za dejavnosti v naravi. Ta goriva, ki obi\u010dajno vklju\u010dujejo propan, butan ali me\u0161anice na osnovi alkohola, lahko zaradi svoje vnetljivosti in kemi\u010dne sestave predstavljajo resno tveganje za zdravje in varnost. V skladu s predpisi EU morajo goriva za kampiranje predlo\u017eiti obvestilo centru za zastrupitve (PCN), da se zagotovi, da imajo centri za zastrupitve dostop do pomembnih podatkov o varnosti in nevarnosti v primeru nesre\u010d ali napa\u010dne uporabe.  <\/p>\n<h3>Kaj je UFI?<\/h3>\n<p>Edinstveni identifikator formule (UFI) je 16-mestna alfanumeri\u010dna koda, ki edinstveno ozna\u010duje dolo\u010deno formulacijo proizvoda, kot je gorivo za kampiranje. Ta koda pove\u017ee izdelek z obvestilom centra za zastrupitve, kar zagotavlja, da lahko centri za zastrupitve v nujnih primerih hitro pridobijo potrebne varnostne informacije. UFI mora biti natisnjena na etiketi izdelka ali vklju\u010dena v povezano dokumentacijo.  <\/p>\n<h3>Kaj je PCN?<\/h3>\n<p>Obvestilo centru za zastrupitve (PCN) je vloga, ki centrom za zastrupitve v EU zagotavlja bistvene informacije o izdelku, vklju\u010dno s kemijsko sestavo, razvrstitvijo glede na nevarnost in predvideno uporabo. Pri gorivih za kampiranje PCN zagotavlja, da imajo re\u0161evalci v sili in centri za zastrupitve dostop do posodobljenih podatkov, da lahko nudijo natan\u010dne zdravstvene nasvete in smernice v primeru izpostavljenosti ali nesre\u010d, ki vklju\u010dujejo proizvod. <\/p>\n<h3>Kaj je CLP?<\/h3>\n<p>Uredba o razvr\u0161\u010danju, ozna\u010devanju in pakiranju (CLP) je standard EU, ki razvr\u0161\u010da kemikalije in izdelke glede na njihovo nevarnost. Goriva za kampiranje morajo biti v skladu z uredbo CLP, tako da so na njihovi embala\u017ei prikazani simboli nevarnosti, opozorilne oznake in previdnostni stavki. Na etiketi mora biti naveden tudi UFI, da se zagotovi takoj\u0161nja povezava do podatkov PCN za ukrepanje v nujnih primerih.  <\/p>\n<h3>Kaj je center za zastrupitve?<\/h3>\n<p>Center za zastrupitve je mre\u017ea nacionalnih ustanov, ki obravnavajo primere izpostavljenosti kemikalijam ali zastrupitev. Z dostopom do podatkov v PCN lahko centri za zastrupitve nudijo takoj\u0161nje in natan\u010dne zdravstvene nasvete in smernice za odzivanje na nujne primere, ki vklju\u010dujejo nevarne snovi, kot so goriva za kampiranje. <\/p>\n<h3>Zakaj je to potrebno?<\/h3>\n<p>Goriva za tabori\u0161\u010da vsebujejo vnetljive in potencialno strupene snovi, ki lahko predstavljajo veliko tveganje za zdravje ljudi, zlasti v nujnih primerih, kot so razlitje, vdihavanje ali nenamerno zau\u017eitje. PCN zagotavlja, da imajo centri za zastrupitve na voljo potrebne varnostne podatke za hitro in u\u010dinkovito ukrepanje v primerih izpostavljenosti, s \u010dimer so za\u0161\u010diteni tako potro\u0161niki kot okolje. <\/p>\n<h3>Od kdaj je to po zakonu obvezno?<\/h3>\n<p>Od 1. januarja 2021 morajo proizvajalci, uvozniki in nadaljnji uporabniki v skladu s Prilogo VIII k uredbi CLP obvezno predlo\u017eiti PCN za nevarne zmesi, vklju\u010dno z gorivi za avtodome. Ta zakon zagotavlja, da so bistveni varnostni podatki takoj na voljo centrom za zastrupitve po vsej EU. <\/p>\n<h2>POGOSTA VPRA\u0160ANJA<\/h2>\n<h3>Vpra\u0161anje: Ali je za vsa goriva v kampih treba pridobiti PCN?<\/h3>\n<p>Odgovor: Da, za vsa goriva za kampiranje, ki so v skladu z uredbo CLP razvr\u0161\u010dena kot nevarna, je potreben PCN. To vklju\u010duje goriva, kot so butan, propan in druge gorljive me\u0161anice, ki se uporabljajo v pe\u010deh in svetilkah. <\/p>\n<h3>Vpra\u0161anje: Kje mora biti na gorivih v kampu prikazan UFI?<\/h3>\n<p>Odgovor: UFI mora biti natisnjen na etiketi izdelka v bli\u017eini simbolov nevarnosti in previdnostnih stavkov ali vklju\u010den v spremljajo\u010do dokumentacijo, kot je varnostni list.<\/p>\n<h3>Vpra\u0161anje: Kdo je odgovoren za predlo\u017eitev PCN za goriva v kampu?<\/h3>\n<p>Odgovor: Proizvajalec, uvoznik ali nadaljnji uporabnik, ki daje gorivo za kamp na trg EU, je odgovoren za predlo\u017eitev PCN.<\/p>\n<h3>Vpra\u0161anje: Katere informacije so vklju\u010dene v PCN za goriva v kampu?<\/h3>\n<p>Odgovor: PCN za goriva za tabori\u0161\u010da mora vklju\u010devati kemi\u010dno sestavo, razvrstitev glede na nevarnost, predvideno uporabo, podatke o pakiranju in UFI za vsako posamezno formulacijo.<\/p>\n<h3>Vpra\u0161anje: Kak\u0161ne so posledice nepredlo\u017eitve PCN za goriva v kampu?<\/h3>\n<p>Odgovor: Neupo\u0161tevanje zahteve PCN lahko privede do glob, odpoklica izdelkov in omejitev prodaje goriva za kampiranje v EU.<\/p>\n<h3>Vpra\u0161anje: Ali so olja za svetilke vklju\u010dena v isto uredbo kot goriva za tabori\u0161\u010da?<\/h3>\n<p>Odgovor: Ne, olja za svetilke se razvr\u0161\u010dajo lo\u010deno. Zahteve PCN za goriva za kampiranje ne veljajo za olja za svetilke, ki jih zakonodaja EU ureja druga\u010de. <\/p>\n<h3>Vpra\u0161anje: Kako dolgo traja predlo\u017eitev obvestila o UFI in PCN?<\/h3>\n<p>To nam vzame nekaj dni dela. Takoj ko nalo\u017eite dokumentacijo, bomo za\u010deli takoj. <\/p>\n<h3>Vpra\u0161anje: Ali sem lastnik obvestila PCN?<\/h3>\n<p>Da, ste lastnik obvestila PCN. Ohranite popolno lastni\u0161tvo nad podatki, ki ste jih posredovali.  Obvestilo PCN bo dostopno v va\u0161em ra\u010dunu ECHA.<\/p>\n<h3>Vpra\u0161anje: Ali ta storitev velja za en izdelek ali ve\u010d?<\/h3>\n<p>Storitev velja za en izdelek.<\/p>\n<h3>Vpra\u0161anje: Zakaj moram pla\u010dati za ustvarjanje UFI?<\/h3>\n<p>Storitev, ki jo ponujamo, ni le zagotavljanje UFI. UFI je sestavni del veliko obse\u017enej\u0161ega postopka.  Glavna storitev, ki jo zagotavljamo, je priprava in predlo\u017eitev va\u0161ega obvestila o zastrupitvi (PCN) nacionalnim poobla\u0161\u010denim organom prek portala ECHA, kar je v skladu z uredbo EU CLP obvezna zahteva za dajanje nevarnih zmesi na trg. Oblikovanje UFI je najenostavnej\u0161i del. Poro\u010dilo o PCN pa je zapleteno. Zahteva podroben pregled sestavin &#8211; kemijske razvrstitve, oblikovane natan\u010dno za predlo\u017eitev centru za zastrupitve prek agencije ECHA.   <\/p>\n<h3>Vpra\u0161anje: Kako lahko predlo\u017eim PCN?<\/h3>\n<p>Ponujamo re\u0161itev za podjetja, ki nimajo sede\u017ea v EU. Ve\u010d informacij najdete na strani <a href=\"https:\/\/www.ufi.eu\/sl\/pcn\/zunaj-eu\/pcn-in-ufi-za-podjetja-zunaj-eu\/\" target=\"_blank\" rel=\"noopener\">PCN in UFI za podjetja zunaj EU<\/a>. <\/p>\n<h3>Vpra\u0161anje: Ali lahko zagotovite varnostne liste, ki so v celoti skladni z uredbo EU (REACH in CLP)?<\/h3>\n<p>Da, lahko <a href=\"https:\/\/www.ufi.eu\/sl\/pcn\/varnostni-list\/storitev-izdelave-varnostnega-lista-msds-sds\/\" target=\"_blank\"><strong>izdelati varnostne liste (SDS)<\/strong><\/a>&#8211; znanih tudi kot <strong>varnostni listi (MSDS)<\/strong>&#8211; prilagojene va\u0161emu izdelku in skladne z najnovej\u0161imi predpisi EU. Ne glede na to, ali izdelujete kemi\u010dne zmesi, uva\u017eate izdelke v EU ali jih distribuirate pod lastno blagovno znamko, je skladen varnostni list zakonsko zahtevan in bistven za varno uporabo v celotni dobavni verigi. Ve\u010d informacij najdete na strani <a href=\"https:\/\/www.ufi.eu\/sl\/pcn\/varnostni-list\/storitev-izdelave-varnostnega-lista-msds-sds\/\" target=\"_blank\">Storitev izdelave varnostnega lista (MSDS\/SDS)<\/a>.  <\/p>\n","protected":false},"excerpt":{"rendered":"<p>Kako deluje storitev ustvarjanja UFI in obve\u0161\u010danja o PCN? Po nakupu te storitve boste prejeli dostop do varnega portala. Ta portal vsebuje pregled vseh korakov. Izpolnite podatke o izdelku, mi pa se bomo lotili dela. Obvestilo centra za zastrupitve in UFI Zagotovili bomo: Edinstveni identifikator formule (UFI) va\u0161ega izdelka. Poro\u010dilo o obvestilu centra za zastrupitve [&hellip;]<\/p>\n","protected":false},"featured_media":21864,"template":"","meta":[],"product_brand":[],"product_cat":[1043],"product_tag":[],"class_list":{"0":"post-21863","1":"product","2":"type-product","3":"status-publish","4":"has-post-thumbnail","6":"product_cat-goriva-in-dodatki","8":"first","9":"instock","10":"virtual","11":"taxable","12":"purchasable","13":"product-type-bundle"},"bundled_by":[],"bundle_stock_status":"instock","bundle_stock_quantity":"","bundle_virtual":false,"bundle_layout":"default","bundle_add_to_cart_form_location":"default","bundle_editable_in_cart":false,"bundle_sold_individually_context":"product","bundle_item_grouping":"parent","bundle_min_size":"","bundle_max_size":"","bundle_price":{"price":{"min":{"incl_tax":"121","excl_tax":"100"},"max":{"incl_tax":"","excl_tax":""}},"regular_price":{"min":{"incl_tax":"121","excl_tax":"100"},"max":{"incl_tax":"","excl_tax":""}}},"bundled_items":[{"bundled_item_id":10594,"product_id":12582,"menu_order":0,"quantity_min":1,"quantity_max":1,"quantity_default":1,"priced_individually":true,"shipped_individually":false,"override_title":false,"title":null,"override_description":false,"description":null,"optional":false,"hide_thumbnail":false,"discount":"","override_variations":false,"allowed_variations":[""],"override_default_variation_attributes":false,"default_variation_attributes":[],"single_product_visibility":"visible","cart_visibility":"visible","order_visibility":"visible","single_product_price_visibility":"visible","cart_price_visibility":"visible","order_price_visibility":"visible","stock_status":"in_stock"},{"bundled_item_id":10595,"product_id":12568,"menu_order":1,"quantity_min":1,"quantity_max":"","quantity_default":1,"priced_individually":true,"shipped_individually":false,"override_title":false,"title":null,"override_description":false,"description":null,"optional":false,"hide_thumbnail":false,"discount":"","override_variations":false,"allowed_variations":[""],"override_default_variation_attributes":false,"default_variation_attributes":[],"single_product_visibility":"visible","cart_visibility":"visible","order_visibility":"visible","single_product_price_visibility":"visible","cart_price_visibility":"visible","order_price_visibility":"visible","stock_status":"in_stock"}],"bundle_sell_ids":[],"yoast_head":"<!-- This site is optimized with the Yoast SEO Premium plugin v25.1 (Yoast SEO v25.1) - https:\/\/yoast.com\/wordpress\/plugins\/seo\/ -->\n<title>PCN in UFI za prenosna goriva za ogrevanje in kuhanje - UFI<\/title>\n<meta name=\"description\" content=\"Pridobite PCN in UFI za goriva, ki se uporabljajo v kamping pe\u010deh in svetilkah. Zagotovite skladnost z zahtevami centra EU za zastrupitve z na\u0161o hitro in zanesljivo storitvijo obve\u0161\u010danja!\" \/>\n<meta name=\"robots\" content=\"index, follow, max-snippet:-1, max-image-preview:large, max-video-preview:-1\" \/>\n<link rel=\"canonical\" href=\"https:\/\/www.ufi.eu\/sl\/product\/pcn-in-ufi-za-prenosna-goriva-za-ogrevanje-in-kuhanje\/\" \/>\n<meta property=\"og:locale\" content=\"sl_SI\" \/>\n<meta property=\"og:type\" content=\"article\" \/>\n<meta property=\"og:title\" content=\"PCN in UFI za prenosna goriva za ogrevanje in kuhanje\" \/>\n<meta property=\"og:description\" content=\"Pridobite PCN in UFI za goriva, ki se uporabljajo v kamping pe\u010deh in svetilkah. Zagotovite skladnost z zahtevami centra EU za zastrupitve z na\u0161o hitro in zanesljivo storitvijo obve\u0161\u010danja!\" \/>\n<meta property=\"og:url\" content=\"https:\/\/www.ufi.eu\/sl\/product\/pcn-in-ufi-za-prenosna-goriva-za-ogrevanje-in-kuhanje\/\" \/>\n<meta property=\"og:site_name\" content=\"UFI\" \/>\n<meta property=\"og:image\" content=\"https:\/\/www.ufi.eu\/wp-content\/uploads\/2025\/03\/PC-FUE-4.jpg\" \/>\n\t<meta property=\"og:image:width\" content=\"1024\" \/>\n\t<meta property=\"og:image:height\" content=\"1024\" \/>\n\t<meta property=\"og:image:type\" content=\"image\/jpeg\" \/>\n<meta name=\"twitter:card\" content=\"summary_large_image\" \/>\n<meta name=\"twitter:label1\" content=\"Price\" \/>\n\t<meta name=\"twitter:data1\" content=\"&euro;0.00\" \/>\n\t<meta name=\"twitter:label2\" content=\"Availability\" \/>\n\t<meta name=\"twitter:data2\" content=\"In stock\" \/>\n<script type=\"application\/ld+json\" class=\"yoast-schema-graph\">{\"@context\":\"https:\/\/schema.org\",\"@graph\":[{\"@type\":\"WebPage\",\"@id\":\"https:\/\/www.ufi.eu\/sl\/product\/pcn-in-ufi-za-prenosna-goriva-za-ogrevanje-in-kuhanje\/\",\"url\":\"https:\/\/www.ufi.eu\/sl\/product\/pcn-in-ufi-za-prenosna-goriva-za-ogrevanje-in-kuhanje\/\",\"name\":\"PCN in UFI za prenosna goriva za ogrevanje in kuhanje - UFI\",\"isPartOf\":{\"@id\":\"https:\/\/www.ufi.eu\/sl\/#website\"},\"primaryImageOfPage\":{\"@id\":\"https:\/\/www.ufi.eu\/sl\/product\/pcn-in-ufi-za-prenosna-goriva-za-ogrevanje-in-kuhanje\/#primaryimage\"},\"image\":{\"@id\":\"https:\/\/www.ufi.eu\/sl\/product\/pcn-in-ufi-za-prenosna-goriva-za-ogrevanje-in-kuhanje\/#primaryimage\"},\"thumbnailUrl\":\"https:\/\/www.ufi.eu\/wp-content\/uploads\/2025\/03\/PC-FUE-4.jpg\",\"datePublished\":\"2025-04-17T10:14:49+00:00\",\"description\":\"Pridobite PCN in UFI za goriva, ki se uporabljajo v kamping pe\u010deh in svetilkah. Zagotovite skladnost z zahtevami centra EU za zastrupitve z na\u0161o hitro in zanesljivo storitvijo obve\u0161\u010danja!\",\"breadcrumb\":{\"@id\":\"https:\/\/www.ufi.eu\/sl\/product\/pcn-in-ufi-za-prenosna-goriva-za-ogrevanje-in-kuhanje\/#breadcrumb\"},\"inLanguage\":\"sl-SI\",\"potentialAction\":[{\"@type\":\"ReadAction\",\"target\":[\"https:\/\/www.ufi.eu\/sl\/product\/pcn-in-ufi-za-prenosna-goriva-za-ogrevanje-in-kuhanje\/\"]}]},{\"@type\":\"ImageObject\",\"inLanguage\":\"sl-SI\",\"@id\":\"https:\/\/www.ufi.eu\/sl\/product\/pcn-in-ufi-za-prenosna-goriva-za-ogrevanje-in-kuhanje\/#primaryimage\",\"url\":\"https:\/\/www.ufi.eu\/wp-content\/uploads\/2025\/03\/PC-FUE-4.jpg\",\"contentUrl\":\"https:\/\/www.ufi.eu\/wp-content\/uploads\/2025\/03\/PC-FUE-4.jpg\",\"width\":1024,\"height\":1024},{\"@type\":\"BreadcrumbList\",\"@id\":\"https:\/\/www.ufi.eu\/sl\/product\/pcn-in-ufi-za-prenosna-goriva-za-ogrevanje-in-kuhanje\/#breadcrumb\",\"itemListElement\":[{\"@type\":\"ListItem\",\"position\":1,\"name\":\"Home\",\"item\":\"https:\/\/www.ufi.eu\/sl\/domov\/\"},{\"@type\":\"ListItem\",\"position\":2,\"name\":\"Trgovina\",\"item\":\"https:\/\/www.ufi.eu\/sl\/trgovina\/\"},{\"@type\":\"ListItem\",\"position\":3,\"name\":\"PCN in UFI za prenosna goriva za ogrevanje in kuhanje\"}]},{\"@type\":\"WebSite\",\"@id\":\"https:\/\/www.ufi.eu\/sl\/#website\",\"url\":\"https:\/\/www.ufi.eu\/sl\/\",\"name\":\"UFI.EU\",\"description\":\"Poison Centre Notifications (PCN) and UFI\",\"publisher\":{\"@id\":\"https:\/\/www.ufi.eu\/sl\/#organization\"},\"potentialAction\":[{\"@type\":\"SearchAction\",\"target\":{\"@type\":\"EntryPoint\",\"urlTemplate\":\"https:\/\/www.ufi.eu\/sl\/?s={search_term_string}\"},\"query-input\":{\"@type\":\"PropertyValueSpecification\",\"valueRequired\":true,\"valueName\":\"search_term_string\"}}],\"inLanguage\":\"sl-SI\"},{\"@type\":\"Organization\",\"@id\":\"https:\/\/www.ufi.eu\/sl\/#organization\",\"name\":\"UFI.EU\",\"url\":\"https:\/\/www.ufi.eu\/sl\/\",\"logo\":{\"@type\":\"ImageObject\",\"inLanguage\":\"sl-SI\",\"@id\":\"https:\/\/www.ufi.eu\/sl\/#\/schema\/logo\/image\/\",\"url\":\"https:\/\/www.ufi.eu\/wp-content\/uploads\/2025\/03\/cropped-logo_ufi3.jpg\",\"contentUrl\":\"https:\/\/www.ufi.eu\/wp-content\/uploads\/2025\/03\/cropped-logo_ufi3.jpg\",\"width\":231,\"height\":78,\"caption\":\"UFI.EU\"},\"image\":{\"@id\":\"https:\/\/www.ufi.eu\/sl\/#\/schema\/logo\/image\/\"},\"description\":\"UFI.eu specializes in digital registrations for Poison Centre Notifications (PCN), ensuring your chemical products meet EU regulatory requirements effortlessly. Our streamlined solutions help businesses stay compliant while reducing complexity and administrative burden.\",\"email\":\"info@ufi.eu\",\"legalName\":\"UFI.EU\"}]}<\/script>\n<meta property=\"product:price:amount\" content=\"0.00\" \/>\n<meta property=\"product:price:currency\" content=\"EUR\" \/>\n<meta property=\"og:availability\" content=\"instock\" \/>\n<meta property=\"product:availability\" content=\"instock\" \/>\n<meta property=\"product:retailer_item_id\" content=\"PC-FUE-4\" \/>\n<meta property=\"product:condition\" content=\"new\" \/>\n<!-- \/ Yoast SEO Premium plugin. -->","yoast_head_json":{"title":"PCN in UFI za prenosna goriva za ogrevanje in kuhanje - UFI","description":"Pridobite PCN in UFI za goriva, ki se uporabljajo v kamping pe\u010deh in svetilkah. Zagotovite skladnost z zahtevami centra EU za zastrupitve z na\u0161o hitro in zanesljivo storitvijo obve\u0161\u010danja!","robots":{"index":"index","follow":"follow","max-snippet":"max-snippet:-1","max-image-preview":"max-image-preview:large","max-video-preview":"max-video-preview:-1"},"canonical":"https:\/\/www.ufi.eu\/sl\/product\/pcn-in-ufi-za-prenosna-goriva-za-ogrevanje-in-kuhanje\/","og_locale":"sl_SI","og_type":"article","og_title":"PCN in UFI za prenosna goriva za ogrevanje in kuhanje","og_description":"Pridobite PCN in UFI za goriva, ki se uporabljajo v kamping pe\u010deh in svetilkah. Zagotovite skladnost z zahtevami centra EU za zastrupitve z na\u0161o hitro in zanesljivo storitvijo obve\u0161\u010danja!","og_url":"https:\/\/www.ufi.eu\/sl\/product\/pcn-in-ufi-za-prenosna-goriva-za-ogrevanje-in-kuhanje\/","og_site_name":"UFI","og_image":[{"width":1024,"height":1024,"url":"https:\/\/www.ufi.eu\/wp-content\/uploads\/2025\/03\/PC-FUE-4.jpg","type":"image\/jpeg"}],"twitter_card":"summary_large_image","twitter_misc":{"Price":"&euro;0.00","Availability":"In stock"},"schema":{"@context":"https:\/\/schema.org","@graph":[{"@type":"WebPage","@id":"https:\/\/www.ufi.eu\/sl\/product\/pcn-in-ufi-za-prenosna-goriva-za-ogrevanje-in-kuhanje\/","url":"https:\/\/www.ufi.eu\/sl\/product\/pcn-in-ufi-za-prenosna-goriva-za-ogrevanje-in-kuhanje\/","name":"PCN in UFI za prenosna goriva za ogrevanje in kuhanje - UFI","isPartOf":{"@id":"https:\/\/www.ufi.eu\/sl\/#website"},"primaryImageOfPage":{"@id":"https:\/\/www.ufi.eu\/sl\/product\/pcn-in-ufi-za-prenosna-goriva-za-ogrevanje-in-kuhanje\/#primaryimage"},"image":{"@id":"https:\/\/www.ufi.eu\/sl\/product\/pcn-in-ufi-za-prenosna-goriva-za-ogrevanje-in-kuhanje\/#primaryimage"},"thumbnailUrl":"https:\/\/www.ufi.eu\/wp-content\/uploads\/2025\/03\/PC-FUE-4.jpg","datePublished":"2025-04-17T10:14:49+00:00","description":"Pridobite PCN in UFI za goriva, ki se uporabljajo v kamping pe\u010deh in svetilkah. Zagotovite skladnost z zahtevami centra EU za zastrupitve z na\u0161o hitro in zanesljivo storitvijo obve\u0161\u010danja!","breadcrumb":{"@id":"https:\/\/www.ufi.eu\/sl\/product\/pcn-in-ufi-za-prenosna-goriva-za-ogrevanje-in-kuhanje\/#breadcrumb"},"inLanguage":"sl-SI","potentialAction":[{"@type":"ReadAction","target":["https:\/\/www.ufi.eu\/sl\/product\/pcn-in-ufi-za-prenosna-goriva-za-ogrevanje-in-kuhanje\/"]}]},{"@type":"ImageObject","inLanguage":"sl-SI","@id":"https:\/\/www.ufi.eu\/sl\/product\/pcn-in-ufi-za-prenosna-goriva-za-ogrevanje-in-kuhanje\/#primaryimage","url":"https:\/\/www.ufi.eu\/wp-content\/uploads\/2025\/03\/PC-FUE-4.jpg","contentUrl":"https:\/\/www.ufi.eu\/wp-content\/uploads\/2025\/03\/PC-FUE-4.jpg","width":1024,"height":1024},{"@type":"BreadcrumbList","@id":"https:\/\/www.ufi.eu\/sl\/product\/pcn-in-ufi-za-prenosna-goriva-za-ogrevanje-in-kuhanje\/#breadcrumb","itemListElement":[{"@type":"ListItem","position":1,"name":"Home","item":"https:\/\/www.ufi.eu\/sl\/domov\/"},{"@type":"ListItem","position":2,"name":"Trgovina","item":"https:\/\/www.ufi.eu\/sl\/trgovina\/"},{"@type":"ListItem","position":3,"name":"PCN in UFI za prenosna goriva za ogrevanje in kuhanje"}]},{"@type":"WebSite","@id":"https:\/\/www.ufi.eu\/sl\/#website","url":"https:\/\/www.ufi.eu\/sl\/","name":"UFI.EU","description":"Poison Centre Notifications (PCN) and UFI","publisher":{"@id":"https:\/\/www.ufi.eu\/sl\/#organization"},"potentialAction":[{"@type":"SearchAction","target":{"@type":"EntryPoint","urlTemplate":"https:\/\/www.ufi.eu\/sl\/?s={search_term_string}"},"query-input":{"@type":"PropertyValueSpecification","valueRequired":true,"valueName":"search_term_string"}}],"inLanguage":"sl-SI"},{"@type":"Organization","@id":"https:\/\/www.ufi.eu\/sl\/#organization","name":"UFI.EU","url":"https:\/\/www.ufi.eu\/sl\/","logo":{"@type":"ImageObject","inLanguage":"sl-SI","@id":"https:\/\/www.ufi.eu\/sl\/#\/schema\/logo\/image\/","url":"https:\/\/www.ufi.eu\/wp-content\/uploads\/2025\/03\/cropped-logo_ufi3.jpg","contentUrl":"https:\/\/www.ufi.eu\/wp-content\/uploads\/2025\/03\/cropped-logo_ufi3.jpg","width":231,"height":78,"caption":"UFI.EU"},"image":{"@id":"https:\/\/www.ufi.eu\/sl\/#\/schema\/logo\/image\/"},"description":"UFI.eu specializes in digital registrations for Poison Centre Notifications (PCN), ensuring your chemical products meet EU regulatory requirements effortlessly. Our streamlined solutions help businesses stay compliant while reducing complexity and administrative burden.","email":"info@ufi.eu","legalName":"UFI.EU"}]},"product_price_amount":"0.00","product_price_currency":"EUR","og_availability":"instock","product_availability":"instock","product_retailer_item_id":"PC-FUE-4","product_condition":"new"},"_links":{"self":[{"href":"https:\/\/www.ufi.eu\/sl\/wp-json\/wp\/v2\/product\/21863","targetHints":{"allow":["GET"]}}],"collection":[{"href":"https:\/\/www.ufi.eu\/sl\/wp-json\/wp\/v2\/product"}],"about":[{"href":"https:\/\/www.ufi.eu\/sl\/wp-json\/wp\/v2\/types\/product"}],"wp:featuredmedia":[{"embeddable":true,"href":"https:\/\/www.ufi.eu\/sl\/wp-json\/wp\/v2\/media\/21864"}],"wp:attachment":[{"href":"https:\/\/www.ufi.eu\/sl\/wp-json\/wp\/v2\/media?parent=21863"}],"wp:term":[{"taxonomy":"product_brand","embeddable":true,"href":"https:\/\/www.ufi.eu\/sl\/wp-json\/wp\/v2\/product_brand?post=21863"},{"taxonomy":"product_cat","embeddable":true,"href":"https:\/\/www.ufi.eu\/sl\/wp-json\/wp\/v2\/product_cat?post=21863"},{"taxonomy":"product_tag","embeddable":true,"href":"https:\/\/www.ufi.eu\/sl\/wp-json\/wp\/v2\/product_tag?post=21863"}],"curies":[{"name":"wp","href":"https:\/\/api.w.org\/{rel}","templated":true}]}}