{"id":14294,"date":"2025-03-20T08:29:58","date_gmt":"2025-04-16T08:40:09","guid":{"rendered":"https:\/\/www.ufi.eu\/pcn\/nekategorizirano\/pcn-in-ufi-za-materiale-za-modeliranje-in-kiparjenje\/"},"modified":"2025-04-16T08:40:09","modified_gmt":"2025-04-16T08:40:09","slug":"pcn-in-ufi-za-materiale-za-modeliranje-in-kiparjenje","status":"publish","type":"product","link":"https:\/\/www.ufi.eu\/sl\/product\/pcn-in-ufi-za-materiale-za-modeliranje-in-kiparjenje\/","title":{"rendered":"PCN in UFI za materiale za modeliranje in kiparjenje"},"content":{"rendered":"<h2>Kako deluje storitev ustvarjanja UFI in obve\u0161\u010danja o PCN?<\/h2>\n<p>Po nakupu te storitve boste prejeli dostop do varnega portala. Ta portal vsebuje pregled vseh korakov.  Izpolnite podatke o izdelku, mi pa se bomo lotili dela.<\/p>\n<h3>Obvestilo centra za zastrupitve in UFI<\/h3>\n<p>Zagotovili bomo:<\/p>\n<ul>\n<li>Edinstveni identifikator formule (UFI) va\u0161ega izdelka.<\/li>\n<li>Poro\u010dilo o obvestilu centra za zastrupitve (PCN)<\/li>\n<li>Registracija va\u0161ega izdelka v ustreznih nacionalnih centrih za zastrupitve prek agencije ECHA.<\/li>\n<\/ul>\n<h3>Dr\u017eave za registracijo PCN<\/h3>\n<p>Lahko pre\u0161tejete \u0161tevilo dr\u017eav, v katerih \u017eelite registrirati svoj izdelek. To je \u0161tevilo dr\u017eav, ki jih morate kupiti.  Na portalu boste lahko izbrali posamezne dr\u017eave. \u010ce nameravate prodajo svojih izdelkov pozneje raz\u0161iriti na nove dr\u017eave, lahko vedno naro\u010dite dodatne <a href=\"https:\/\/www.ufi.eu\/sl\/pcn\/drzave\/drzave-za-registracijo-pcn\/\" target=\"_blank\" title=\"Registracije dr\u017eav PCN\">registracije dr\u017eav PCN<\/a>.<br \/>EU ima 27 dr\u017eav, EGP pa 30 (EU+Lichtenstein, Norve\u0161ka in Islandija) V portalu lahko izberete te dr\u017eave: <\/p>\n<table cellpadding=\"2\" cellspacing=\"0\" border=\"1\">\n<tbody>\n<tr>\n<td>Belgija<\/td>\n<td>(BE)<\/td>\n<td>\u0160panija<\/td>\n<td>(ES)<\/td>\n<td>Mad\u017earska<\/td>\n<td>(HU)<\/td>\n<td>Slova\u0161ka<\/td>\n<td>(SK)<\/td>\n<\/tr>\n<tr>\n<td>Bolgarija<\/td>\n<td>(BG)<\/td>\n<td>Francija<\/td>\n<td>(FR)<\/td>\n<td>Malta<\/td>\n<td>(MT)<\/td>\n<td>Finska<\/td>\n<td>(FI)<\/td>\n<\/tr>\n<tr>\n<td>\u010ce\u0161ka<\/td>\n<td>(CZ)<\/td>\n<td>Hrva\u0161ka<\/td>\n<td>(HR)<\/td>\n<td>Nizozemska<\/td>\n<td>(NL)<\/td>\n<td>\u0160vedska<\/td>\n<td>(SE)<\/td>\n<\/tr>\n<tr>\n<td>Danska<\/td>\n<td>(DK)<\/td>\n<td>Italija<\/td>\n<td>(IT)<\/td>\n<td>Avstrija<\/td>\n<td>(AT)<\/td>\n<td>Nem\u010dija<\/td>\n<td>(DE)<\/td>\n<\/tr>\n<tr>\n<td>Ciper<\/td>\n<td>(CY)<\/td>\n<td>Poljska<\/td>\n<td>(PL)<\/td>\n<td>Islandija<\/td>\n<td>(IS)<\/td>\n<td>Estonija<\/td>\n<td>(EE)<\/td>\n<\/tr>\n<tr>\n<td>Latvija<\/td>\n<td>(LV)<\/td>\n<td>Portugalska<\/td>\n<td>(PT)<\/td>\n<td>Lihten\u0161tajn<\/td>\n<td>(LI)<\/td>\n<td>Irska<\/td>\n<td>(IE)<\/td>\n<\/tr>\n<tr>\n<td>Litva<\/td>\n<td>(LT)<\/td>\n<td>Romunija<\/td>\n<td>(RO)<\/td>\n<td>Norve\u0161ka<\/td>\n<td>(NE)<\/td>\n<td>Gr\u010dija<\/td>\n<td>(EL)<\/td>\n<\/tr>\n<tr>\n<td>Luksemburg<\/td>\n<td>(LU)<\/td>\n<td>Slovenija<\/td>\n<td>(SI)<\/td>\n<td>\u0160vica*<\/td>\n<td>(CH)<\/td>\n<td><\/td>\n<td><\/td>\n<\/tr>\n<\/tbody>\n<\/table>\n<p>*Za \u0160vico lahko pripravimo dokumentacijo PCN z vsemi potrebnimi informacijami za predlo\u017eitev na \u0161vicarskem portalu. Za ve\u010d informacij se obrnite na nas. <\/p>\n<h3>Informacije na etiketi CLP<\/h3>\n<p>Ponujamo mo\u017enost nakupa etikete izdelka, skladne z uredbo CLP, ki vsebuje vse obvezne informacije, kot jih zahteva uredba EU CLP. To vam bo zagotovljeno v obliki PDF.  To ni zasnova, temve\u010d povzetek zahtevanih informacij. To vam bo omogo\u010dilo vklju\u010ditev potrebnih informacij v oblikovanje etikete izdelka. <a href=\"https:\/\/www.ufi.eu\/sl\/pcn\/oznaka-clp\/ustvarjanje-etikete-clp-in-preverjanje-skladnosti\/\" target=\"_blank\" title=\"Oznaka CLPCreation\">Oblikovanje etikete CLP<\/a> lahko naro\u010dite tudi lo\u010deno. \u017de imate etiketo? &#8211; Opravimo lahko <a href=\"https:\/\/www.ufi.eu\/sl\/pcn\/oznaka-clp\/ustvarjanje-etikete-clp-in-preverjanje-skladnosti\/\" target=\"_blank\" title=\"Preverjanje skladnosti etikete CLP\">preverjanje skladnosti va\u0161e etikete z zahtevami uredbe CLP<\/a> v skladu z veljavnimi zahtevami uredbe CLP. Zagotovili bomo podrobne povratne informacije in popravke, da bo va\u0161a etiketa ustrezala vsem regulativnim standardom.     <\/p>\n<h2>Registracija spojin za modeliranje v centru za zastrupitve<\/h2>\n<p>Sestavine za modeliranje, kot so gline (kerami\u010dne, polimerne itd.), ki jih odrasli in otroci uporabljajo za kreativno modeliranje in kiparjenje, se \u0161tejejo za kemi\u010dne izdelke in jih je treba prijaviti pri centru za zastrupitve, \u010de vsebujejo nevarne snovi. Ti materiali so sicer na splo\u0161no varni, \u010de se uporabljajo v skladu z namenom, vendar lahko ob napa\u010dni uporabi predstavljajo tveganje za zdravje, zlasti v primeru zau\u017eitja ali izpostavljenosti ko\u017ee. Obvestilo centra za zastrupitve (PCN) zagotavlja, da so varnostne informacije v primeru nesre\u010d takoj na voljo re\u0161evalcem, kar pomaga zmanj\u0161ati zdravstvena tveganja za uporabnike.  <\/p>\n<h3>Kaj je UFI?<\/h3>\n<p>UFI (Unique Formula Identifier) je koda, ki edinstveno ozna\u010duje sestavo izdelka. Za modelirne spojine UFI pomaga re\u0161evalcem v nujnih primerih, da hitro prepoznajo dolo\u010deno zmes in dostopajo do pomembnih varnostnih podatkov, ki so lahko klju\u010dnega pomena v primeru izpostavljenosti, kot je zau\u017eitje ali stik s ko\u017eo. Ta identifikator ima klju\u010dno vlogo pri zagotavljanju natan\u010dne in pravo\u010dasne zdravstvene oskrbe.  <\/p>\n<h3>Kaj je PCN?<\/h3>\n<p>Obvestilo centru za zastrupitve (PCN) je podrobno poro\u010dilo, predlo\u017eeno centru za zastrupitve, v katerem so opisane nevarnosti, sestava in varnostni ukrepi za izdelek. Za modelirne spojine, kot so gline, PCN zagotavlja bistvene informacije o kemi\u010dnih sestavinah in morebitnih nevarnostih za zdravje, kar zagotavlja, da se zdravstveno osebje lahko ustrezno odzove v primeru nenamerne izpostavljenosti. <\/p>\n<h3>Kaj je CLP?<\/h3>\n<p>CLP (razvr\u0161\u010danje, ozna\u010devanje in pakiranje) je uredba, ki zahteva, da se izdelki, vklju\u010dno z modelirnimi spojinami, razvrstijo glede na njihovo kemijsko nevarnost. To vklju\u010duje ozna\u010devanje izdelka s simboli nevarnosti, previdnostnimi stavki in varnostnimi navodili, da so uporabniki obve\u0161\u010deni o vseh morebitnih tveganjih, povezanih z izdelkom. Skladnost z uredbo CLP pomaga zmanj\u0161ati tveganja med uporabo, zlasti v okoljih, v katerih se lahko otroci ali odrasli ukvarjajo z ustvarjalnimi dejavnostmi.  <\/p>\n<h3>Kaj je center za zastrupitve?<\/h3>\n<p>Center za zastrupitve je osrednja organizacija, ki zbira in raz\u0161irja informacije o nevarnih kemi\u010dnih izdelkih. Njegov cilj je zagotoviti varnost potro\u0161nikov in delavcev z zagotavljanjem potrebnih podatkov za ukrepanje v primeru izpostavljenosti kemikalijam. Z registracijo modelirnih spojin v centru za zastrupitve proizvajalci zagotovijo, da so v primeru nesre\u010de na voljo bistvene varnostne informacije, ki so klju\u010dne za u\u010dinkovito in varno zdravljenje.  <\/p>\n<h3>Zakaj je to potrebno?<\/h3>\n<p>Obvestilo centra za zastrupitve (PCN) je potrebno za modelirne spojine, kot so gline, saj ti izdelki pogosto vsebujejo kemikalije, ki so lahko nevarne ob napa\u010dni uporabi ali zau\u017eitju. Z registracijo pri centru za zastrupitve proizvajalci zagotovijo, da imajo re\u0161evalci takoj\u0161en dostop do pomembnih informacij, kar omogo\u010da hitrej\u0161i in natan\u010dnej\u0161i medicinski odziv v primeru izpostavljenosti. <\/p>\n<h3>Od kdaj je to po zakonu obvezno?<\/h3>\n<p>Od 1. januarja 2021 je za vse nevarne kemi\u010dne izdelke, vklju\u010dno z modelirnimi spojinami, zakonsko obvezno, da EU po\u0161ljejo obvestilo centru za zastrupitve (PCN). Ta uredba je del prizadevanj Evropske unije za izbolj\u0161anje kemijske varnosti ter za\u0161\u010dito javnega zdravja in okolja. <\/p>\n<h2>POGOSTA VPRA\u0160ANJA<\/h2>\n<h3>Vpra\u0161anje: Ali je treba modelirne mase, kot je glina, registrirati pri centru za zastrupitve?<\/h3>\n<p>Odgovor: Da, modelirne spojine, kot so gline (kerami\u010dne, polimerne itd.), je treba registrirati v centru za zastrupitve, \u010de vsebujejo nevarne snovi. To zagotavlja, da imajo re\u0161evalci v nujnih primerih dostop do potrebnih varnostnih informacij v primeru nesre\u010de. <\/p>\n<h3>Vpra\u0161anje: Kak\u0161en je namen UFI za modeliranje spojin?<\/h3>\n<p>Odgovor: UFI (Unique Formula Identifier) se uporablja za identifikacijo posebne formulacije modelne spojine. V primeru izpostavljenosti ali zau\u017eitja UFI pomaga re\u0161evalcem v sili pri hitrem dostopu do varnostnih informacij o izdelku, kar omogo\u010da u\u010dinkovitej\u0161e zdravljenje. <\/p>\n<h3>Vpra\u0161anje: Zakaj je za modelirne spojine potreben PCN?<\/h3>\n<p>Odgovor: Za modelirne spojine je potrebno obvestilo centra za zastrupitve (PCN), da se re\u0161evalcem v sili zagotovijo klju\u010dne informacije o kemi\u010dni sestavi, nevarnostih in varnostnih ukrepih izdelka. To zagotavlja, da se v primeru nenamerne izpostavljenosti lahko pravilno odzovejo zdravniki. <\/p>\n<h3>Vpra\u0161anje: Kako se uredba CLP uporablja za modelirne spojine?<\/h3>\n<p>Odgovor: Uredba CLP zahteva, da se modelirne spojine razvrstijo glede na njihovo kemijsko nevarnost in ustrezno ozna\u010dijo. To vklju\u010duje prikaz simbolov nevarnosti in varnostnih navodil, kar uporabnikom pomaga pri varnem ravnanju s proizvodi in prepre\u010devanju morebitnih tveganj za zdravje. <\/p>\n<h3>Vpra\u0161anje: Kdaj je postalo obvezno predlo\u017eiti PCN za modelne spojine?<\/h3>\n<p>Odgovor: Od 1. januarja 2021 morajo proizvajalci nevarnih kemi\u010dnih izdelkov, vklju\u010dno z modelirnimi spojinami, EU obvezno predlo\u017eiti obvestilo o zastrupitvi (PCN). Namen te uredbe je pove\u010dati kemijsko varnost in za\u0161\u010dititi javno zdravje v Evropski uniji. <\/p>\n<h3>Vpra\u0161anje: Kako dolgo traja predlo\u017eitev obvestila o UFI in PCN?<\/h3>\n<p>To nam vzame nekaj dni dela. Takoj ko nalo\u017eite dokumentacijo, bomo za\u010deli takoj. <\/p>\n<h3>Vpra\u0161anje: Ali sem lastnik obvestila PCN?<\/h3>\n<p>Da, ste lastnik obvestila PCN. Ohranite popolno lastni\u0161tvo nad podatki, ki ste jih posredovali.  Obvestilo PCN bo dostopno v va\u0161em ra\u010dunu ECHA.<\/p>\n<h3>Vpra\u0161anje: Ali ta storitev velja za en izdelek ali ve\u010d?<\/h3>\n<p>Storitev velja za en izdelek.<\/p>\n<h3>Vpra\u0161anje: Zakaj moram pla\u010dati za ustvarjanje UFI?<\/h3>\n<p>Storitev, ki jo ponujamo, ni le zagotavljanje UFI. UFI je sestavni del veliko obse\u017enej\u0161ega postopka.  Glavna storitev, ki jo zagotavljamo, je priprava in predlo\u017eitev va\u0161ega obvestila o zastrupitvi (PCN) nacionalnim poobla\u0161\u010denim organom prek portala ECHA, kar je v skladu z uredbo EU CLP obvezna zahteva za dajanje nevarnih zmesi na trg. Oblikovanje UFI je najenostavnej\u0161i del. Poro\u010dilo o PCN pa je zapleteno. Zahteva podroben pregled sestavin &#8211; kemijske razvrstitve, oblikovane natan\u010dno za predlo\u017eitev centru za zastrupitve prek agencije ECHA.   <\/p>\n<h3>Vpra\u0161anje: Kako lahko predlo\u017eim PCN?<\/h3>\n<p>Ponujamo re\u0161itev za podjetja, ki nimajo sede\u017ea v EU. Ve\u010d informacij najdete na strani <a href=\"https:\/\/www.ufi.eu\/sl\/pcn\/zunaj-eu\/pcn-in-ufi-za-podjetja-zunaj-eu\/\" target=\"_blank\" rel=\"noopener\">PCN in UFI za podjetja zunaj EU<\/a>. <\/p>\n<h3>Vpra\u0161anje: Ali lahko zagotovite varnostne liste, ki so v celoti skladni z uredbo EU (REACH in CLP)?<\/h3>\n<p>Da, lahko <a href=\"https:\/\/www.ufi.eu\/sl\/pcn\/varnostni-list\/storitev-izdelave-varnostnega-lista-msds-sds\/\" target=\"_blank\"><strong>izdelati varnostne liste (SDS)<\/strong><\/a>&#8211; znanih tudi kot <strong>varnostni listi (MSDS)<\/strong>&#8211; prilagojene va\u0161emu izdelku in skladne z najnovej\u0161imi predpisi EU. Ne glede na to, ali izdelujete kemi\u010dne zmesi, uva\u017eate izdelke v EU ali jih distribuirate pod lastno blagovno znamko, je skladen varnostni list zakonsko zahtevan in bistven za varno uporabo v celotni dobavni verigi. Ve\u010d informacij najdete na strani <a href=\"https:\/\/www.ufi.eu\/sl\/pcn\/varnostni-list\/storitev-izdelave-varnostnega-lista-msds-sds\/\" target=\"_blank\">Storitev izdelave varnostnega lista (MSDS\/SDS)<\/a>.  <\/p>\n","protected":false},"excerpt":{"rendered":"<p>Kako deluje storitev ustvarjanja UFI in obve\u0161\u010danja o PCN? Po nakupu te storitve boste prejeli dostop do varnega portala. Ta portal vsebuje pregled vseh korakov. Izpolnite podatke o izdelku, mi pa se bomo lotili dela. Obvestilo centra za zastrupitve in UFI Zagotovili bomo: Edinstveni identifikator formule (UFI) va\u0161ega izdelka. Poro\u010dilo o obvestilu centra za zastrupitve [&hellip;]<\/p>\n","protected":false},"featured_media":14295,"template":"","meta":[],"product_brand":[],"product_cat":[541],"product_tag":[],"class_list":{"0":"post-14294","1":"product","2":"type-product","3":"status-publish","4":"has-post-thumbnail","6":"product_cat-umetniski-materiali","8":"first","9":"instock","10":"virtual","11":"taxable","12":"purchasable","13":"product-type-bundle"},"bundled_by":[],"bundle_stock_status":"instock","bundle_stock_quantity":"","bundle_virtual":false,"bundle_layout":"default","bundle_add_to_cart_form_location":"default","bundle_editable_in_cart":false,"bundle_sold_individually_context":"product","bundle_item_grouping":"parent","bundle_min_size":"","bundle_max_size":"","bundle_price":{"price":{"min":{"incl_tax":"121","excl_tax":"100"},"max":{"incl_tax":"","excl_tax":""}},"regular_price":{"min":{"incl_tax":"121","excl_tax":"100"},"max":{"incl_tax":"","excl_tax":""}}},"bundled_items":[{"bundled_item_id":2924,"product_id":12582,"menu_order":0,"quantity_min":1,"quantity_max":1,"quantity_default":1,"priced_individually":true,"shipped_individually":false,"override_title":false,"title":null,"override_description":false,"description":null,"optional":false,"hide_thumbnail":false,"discount":"","override_variations":false,"allowed_variations":[""],"override_default_variation_attributes":false,"default_variation_attributes":[],"single_product_visibility":"visible","cart_visibility":"visible","order_visibility":"visible","single_product_price_visibility":"visible","cart_price_visibility":"visible","order_price_visibility":"visible","stock_status":"in_stock"},{"bundled_item_id":2925,"product_id":12568,"menu_order":1,"quantity_min":1,"quantity_max":"","quantity_default":1,"priced_individually":true,"shipped_individually":false,"override_title":false,"title":null,"override_description":false,"description":null,"optional":false,"hide_thumbnail":false,"discount":"","override_variations":false,"allowed_variations":[""],"override_default_variation_attributes":false,"default_variation_attributes":[],"single_product_visibility":"visible","cart_visibility":"visible","order_visibility":"visible","single_product_price_visibility":"visible","cart_price_visibility":"visible","order_price_visibility":"visible","stock_status":"in_stock"}],"bundle_sell_ids":[],"yoast_head":"<!-- This site is optimized with the Yoast SEO Premium plugin v25.1 (Yoast SEO v25.1) - https:\/\/yoast.com\/wordpress\/plugins\/seo\/ -->\n<title>PCN in UFI za materiale za modeliranje in kiparjenje - UFI<\/title>\n<meta name=\"description\" content=\"Zagotovite skladnost s PCN in UFI za gline in kiparske materiale. Za vas poskrbimo za obvestila centra za zastrupitve in edinstvene identifikatorje formul.\" \/>\n<meta name=\"robots\" content=\"index, follow, max-snippet:-1, max-image-preview:large, max-video-preview:-1\" \/>\n<link rel=\"canonical\" href=\"https:\/\/www.ufi.eu\/sl\/product\/pcn-in-ufi-za-materiale-za-modeliranje-in-kiparjenje\/\" \/>\n<meta property=\"og:locale\" content=\"sl_SI\" \/>\n<meta property=\"og:type\" content=\"article\" \/>\n<meta property=\"og:title\" content=\"PCN in UFI za materiale za modeliranje in kiparjenje\" \/>\n<meta property=\"og:description\" content=\"Zagotovite skladnost s PCN in UFI za gline in kiparske materiale. Za vas poskrbimo za obvestila centra za zastrupitve in edinstvene identifikatorje formul.\" \/>\n<meta property=\"og:url\" content=\"https:\/\/www.ufi.eu\/sl\/product\/pcn-in-ufi-za-materiale-za-modeliranje-in-kiparjenje\/\" \/>\n<meta property=\"og:site_name\" content=\"UFI\" \/>\n<meta property=\"og:image\" content=\"https:\/\/www.ufi.eu\/wp-content\/uploads\/2025\/03\/PC-ART-5.jpg\" \/>\n\t<meta property=\"og:image:width\" content=\"1024\" \/>\n\t<meta property=\"og:image:height\" content=\"1024\" \/>\n\t<meta property=\"og:image:type\" content=\"image\/jpeg\" \/>\n<meta name=\"twitter:card\" content=\"summary_large_image\" \/>\n<meta name=\"twitter:label1\" content=\"Price\" \/>\n\t<meta name=\"twitter:data1\" content=\"&euro;0.00\" \/>\n\t<meta name=\"twitter:label2\" content=\"Availability\" \/>\n\t<meta name=\"twitter:data2\" content=\"In stock\" \/>\n<script type=\"application\/ld+json\" class=\"yoast-schema-graph\">{\"@context\":\"https:\/\/schema.org\",\"@graph\":[{\"@type\":\"WebPage\",\"@id\":\"https:\/\/www.ufi.eu\/sl\/product\/pcn-in-ufi-za-materiale-za-modeliranje-in-kiparjenje\/\",\"url\":\"https:\/\/www.ufi.eu\/sl\/product\/pcn-in-ufi-za-materiale-za-modeliranje-in-kiparjenje\/\",\"name\":\"PCN in UFI za materiale za modeliranje in kiparjenje - UFI\",\"isPartOf\":{\"@id\":\"https:\/\/www.ufi.eu\/sl\/#website\"},\"primaryImageOfPage\":{\"@id\":\"https:\/\/www.ufi.eu\/sl\/product\/pcn-in-ufi-za-materiale-za-modeliranje-in-kiparjenje\/#primaryimage\"},\"image\":{\"@id\":\"https:\/\/www.ufi.eu\/sl\/product\/pcn-in-ufi-za-materiale-za-modeliranje-in-kiparjenje\/#primaryimage\"},\"thumbnailUrl\":\"https:\/\/www.ufi.eu\/wp-content\/uploads\/2025\/03\/PC-ART-5.jpg\",\"datePublished\":\"2025-04-16T08:40:09+00:00\",\"description\":\"Zagotovite skladnost s PCN in UFI za gline in kiparske materiale. Za vas poskrbimo za obvestila centra za zastrupitve in edinstvene identifikatorje formul.\",\"breadcrumb\":{\"@id\":\"https:\/\/www.ufi.eu\/sl\/product\/pcn-in-ufi-za-materiale-za-modeliranje-in-kiparjenje\/#breadcrumb\"},\"inLanguage\":\"sl-SI\",\"potentialAction\":[{\"@type\":\"ReadAction\",\"target\":[\"https:\/\/www.ufi.eu\/sl\/product\/pcn-in-ufi-za-materiale-za-modeliranje-in-kiparjenje\/\"]}]},{\"@type\":\"ImageObject\",\"inLanguage\":\"sl-SI\",\"@id\":\"https:\/\/www.ufi.eu\/sl\/product\/pcn-in-ufi-za-materiale-za-modeliranje-in-kiparjenje\/#primaryimage\",\"url\":\"https:\/\/www.ufi.eu\/wp-content\/uploads\/2025\/03\/PC-ART-5.jpg\",\"contentUrl\":\"https:\/\/www.ufi.eu\/wp-content\/uploads\/2025\/03\/PC-ART-5.jpg\",\"width\":1024,\"height\":1024},{\"@type\":\"BreadcrumbList\",\"@id\":\"https:\/\/www.ufi.eu\/sl\/product\/pcn-in-ufi-za-materiale-za-modeliranje-in-kiparjenje\/#breadcrumb\",\"itemListElement\":[{\"@type\":\"ListItem\",\"position\":1,\"name\":\"Home\",\"item\":\"https:\/\/www.ufi.eu\/sl\/domov\/\"},{\"@type\":\"ListItem\",\"position\":2,\"name\":\"Trgovina\",\"item\":\"https:\/\/www.ufi.eu\/sl\/trgovina\/\"},{\"@type\":\"ListItem\",\"position\":3,\"name\":\"PCN in UFI za materiale za modeliranje in kiparjenje\"}]},{\"@type\":\"WebSite\",\"@id\":\"https:\/\/www.ufi.eu\/sl\/#website\",\"url\":\"https:\/\/www.ufi.eu\/sl\/\",\"name\":\"UFI.EU\",\"description\":\"Poison Centre Notifications (PCN) and UFI\",\"publisher\":{\"@id\":\"https:\/\/www.ufi.eu\/sl\/#organization\"},\"potentialAction\":[{\"@type\":\"SearchAction\",\"target\":{\"@type\":\"EntryPoint\",\"urlTemplate\":\"https:\/\/www.ufi.eu\/sl\/?s={search_term_string}\"},\"query-input\":{\"@type\":\"PropertyValueSpecification\",\"valueRequired\":true,\"valueName\":\"search_term_string\"}}],\"inLanguage\":\"sl-SI\"},{\"@type\":\"Organization\",\"@id\":\"https:\/\/www.ufi.eu\/sl\/#organization\",\"name\":\"UFI.EU\",\"url\":\"https:\/\/www.ufi.eu\/sl\/\",\"logo\":{\"@type\":\"ImageObject\",\"inLanguage\":\"sl-SI\",\"@id\":\"https:\/\/www.ufi.eu\/sl\/#\/schema\/logo\/image\/\",\"url\":\"https:\/\/www.ufi.eu\/wp-content\/uploads\/2025\/03\/cropped-logo_ufi3.jpg\",\"contentUrl\":\"https:\/\/www.ufi.eu\/wp-content\/uploads\/2025\/03\/cropped-logo_ufi3.jpg\",\"width\":231,\"height\":78,\"caption\":\"UFI.EU\"},\"image\":{\"@id\":\"https:\/\/www.ufi.eu\/sl\/#\/schema\/logo\/image\/\"},\"description\":\"UFI.eu specializes in digital registrations for Poison Centre Notifications (PCN), ensuring your chemical products meet EU regulatory requirements effortlessly. Our streamlined solutions help businesses stay compliant while reducing complexity and administrative burden.\",\"email\":\"info@ufi.eu\",\"legalName\":\"UFI.EU\"}]}<\/script>\n<meta property=\"product:price:amount\" content=\"0.00\" \/>\n<meta property=\"product:price:currency\" content=\"EUR\" \/>\n<meta property=\"og:availability\" content=\"instock\" \/>\n<meta property=\"product:availability\" content=\"instock\" \/>\n<meta property=\"product:retailer_item_id\" content=\"PC-ART-5\" \/>\n<meta property=\"product:condition\" content=\"new\" \/>\n<!-- \/ Yoast SEO Premium plugin. -->","yoast_head_json":{"title":"PCN in UFI za materiale za modeliranje in kiparjenje - UFI","description":"Zagotovite skladnost s PCN in UFI za gline in kiparske materiale. Za vas poskrbimo za obvestila centra za zastrupitve in edinstvene identifikatorje formul.","robots":{"index":"index","follow":"follow","max-snippet":"max-snippet:-1","max-image-preview":"max-image-preview:large","max-video-preview":"max-video-preview:-1"},"canonical":"https:\/\/www.ufi.eu\/sl\/product\/pcn-in-ufi-za-materiale-za-modeliranje-in-kiparjenje\/","og_locale":"sl_SI","og_type":"article","og_title":"PCN in UFI za materiale za modeliranje in kiparjenje","og_description":"Zagotovite skladnost s PCN in UFI za gline in kiparske materiale. Za vas poskrbimo za obvestila centra za zastrupitve in edinstvene identifikatorje formul.","og_url":"https:\/\/www.ufi.eu\/sl\/product\/pcn-in-ufi-za-materiale-za-modeliranje-in-kiparjenje\/","og_site_name":"UFI","og_image":[{"width":1024,"height":1024,"url":"https:\/\/www.ufi.eu\/wp-content\/uploads\/2025\/03\/PC-ART-5.jpg","type":"image\/jpeg"}],"twitter_card":"summary_large_image","twitter_misc":{"Price":"&euro;0.00","Availability":"In stock"},"schema":{"@context":"https:\/\/schema.org","@graph":[{"@type":"WebPage","@id":"https:\/\/www.ufi.eu\/sl\/product\/pcn-in-ufi-za-materiale-za-modeliranje-in-kiparjenje\/","url":"https:\/\/www.ufi.eu\/sl\/product\/pcn-in-ufi-za-materiale-za-modeliranje-in-kiparjenje\/","name":"PCN in UFI za materiale za modeliranje in kiparjenje - UFI","isPartOf":{"@id":"https:\/\/www.ufi.eu\/sl\/#website"},"primaryImageOfPage":{"@id":"https:\/\/www.ufi.eu\/sl\/product\/pcn-in-ufi-za-materiale-za-modeliranje-in-kiparjenje\/#primaryimage"},"image":{"@id":"https:\/\/www.ufi.eu\/sl\/product\/pcn-in-ufi-za-materiale-za-modeliranje-in-kiparjenje\/#primaryimage"},"thumbnailUrl":"https:\/\/www.ufi.eu\/wp-content\/uploads\/2025\/03\/PC-ART-5.jpg","datePublished":"2025-04-16T08:40:09+00:00","description":"Zagotovite skladnost s PCN in UFI za gline in kiparske materiale. Za vas poskrbimo za obvestila centra za zastrupitve in edinstvene identifikatorje formul.","breadcrumb":{"@id":"https:\/\/www.ufi.eu\/sl\/product\/pcn-in-ufi-za-materiale-za-modeliranje-in-kiparjenje\/#breadcrumb"},"inLanguage":"sl-SI","potentialAction":[{"@type":"ReadAction","target":["https:\/\/www.ufi.eu\/sl\/product\/pcn-in-ufi-za-materiale-za-modeliranje-in-kiparjenje\/"]}]},{"@type":"ImageObject","inLanguage":"sl-SI","@id":"https:\/\/www.ufi.eu\/sl\/product\/pcn-in-ufi-za-materiale-za-modeliranje-in-kiparjenje\/#primaryimage","url":"https:\/\/www.ufi.eu\/wp-content\/uploads\/2025\/03\/PC-ART-5.jpg","contentUrl":"https:\/\/www.ufi.eu\/wp-content\/uploads\/2025\/03\/PC-ART-5.jpg","width":1024,"height":1024},{"@type":"BreadcrumbList","@id":"https:\/\/www.ufi.eu\/sl\/product\/pcn-in-ufi-za-materiale-za-modeliranje-in-kiparjenje\/#breadcrumb","itemListElement":[{"@type":"ListItem","position":1,"name":"Home","item":"https:\/\/www.ufi.eu\/sl\/domov\/"},{"@type":"ListItem","position":2,"name":"Trgovina","item":"https:\/\/www.ufi.eu\/sl\/trgovina\/"},{"@type":"ListItem","position":3,"name":"PCN in UFI za materiale za modeliranje in kiparjenje"}]},{"@type":"WebSite","@id":"https:\/\/www.ufi.eu\/sl\/#website","url":"https:\/\/www.ufi.eu\/sl\/","name":"UFI.EU","description":"Poison Centre Notifications (PCN) and UFI","publisher":{"@id":"https:\/\/www.ufi.eu\/sl\/#organization"},"potentialAction":[{"@type":"SearchAction","target":{"@type":"EntryPoint","urlTemplate":"https:\/\/www.ufi.eu\/sl\/?s={search_term_string}"},"query-input":{"@type":"PropertyValueSpecification","valueRequired":true,"valueName":"search_term_string"}}],"inLanguage":"sl-SI"},{"@type":"Organization","@id":"https:\/\/www.ufi.eu\/sl\/#organization","name":"UFI.EU","url":"https:\/\/www.ufi.eu\/sl\/","logo":{"@type":"ImageObject","inLanguage":"sl-SI","@id":"https:\/\/www.ufi.eu\/sl\/#\/schema\/logo\/image\/","url":"https:\/\/www.ufi.eu\/wp-content\/uploads\/2025\/03\/cropped-logo_ufi3.jpg","contentUrl":"https:\/\/www.ufi.eu\/wp-content\/uploads\/2025\/03\/cropped-logo_ufi3.jpg","width":231,"height":78,"caption":"UFI.EU"},"image":{"@id":"https:\/\/www.ufi.eu\/sl\/#\/schema\/logo\/image\/"},"description":"UFI.eu specializes in digital registrations for Poison Centre Notifications (PCN), ensuring your chemical products meet EU regulatory requirements effortlessly. Our streamlined solutions help businesses stay compliant while reducing complexity and administrative burden.","email":"info@ufi.eu","legalName":"UFI.EU"}]},"product_price_amount":"0.00","product_price_currency":"EUR","og_availability":"instock","product_availability":"instock","product_retailer_item_id":"PC-ART-5","product_condition":"new"},"_links":{"self":[{"href":"https:\/\/www.ufi.eu\/sl\/wp-json\/wp\/v2\/product\/14294","targetHints":{"allow":["GET"]}}],"collection":[{"href":"https:\/\/www.ufi.eu\/sl\/wp-json\/wp\/v2\/product"}],"about":[{"href":"https:\/\/www.ufi.eu\/sl\/wp-json\/wp\/v2\/types\/product"}],"wp:featuredmedia":[{"embeddable":true,"href":"https:\/\/www.ufi.eu\/sl\/wp-json\/wp\/v2\/media\/14295"}],"wp:attachment":[{"href":"https:\/\/www.ufi.eu\/sl\/wp-json\/wp\/v2\/media?parent=14294"}],"wp:term":[{"taxonomy":"product_brand","embeddable":true,"href":"https:\/\/www.ufi.eu\/sl\/wp-json\/wp\/v2\/product_brand?post=14294"},{"taxonomy":"product_cat","embeddable":true,"href":"https:\/\/www.ufi.eu\/sl\/wp-json\/wp\/v2\/product_cat?post=14294"},{"taxonomy":"product_tag","embeddable":true,"href":"https:\/\/www.ufi.eu\/sl\/wp-json\/wp\/v2\/product_tag?post=14294"}],"curies":[{"name":"wp","href":"https:\/\/api.w.org\/{rel}","templated":true}]}}