{"id":13353,"date":"2025-03-03T16:34:04","date_gmt":"2025-04-15T21:28:33","guid":{"rendered":"https:\/\/www.ufi.eu\/pcn\/nekategorizirano\/pcn-in-ufi-za-lepila-za-domaco-solsko-in-pisarnisko-uporabo\/"},"modified":"2025-04-15T21:28:33","modified_gmt":"2025-04-15T21:28:33","slug":"pcn-in-ufi-za-lepila-za-domaco-solsko-in-pisarnisko-uporabo","status":"publish","type":"product","link":"https:\/\/www.ufi.eu\/sl\/product\/pcn-in-ufi-za-lepila-za-domaco-solsko-in-pisarnisko-uporabo\/","title":{"rendered":"PCN in UFI za lepila &#8211; za doma\u010do, \u0161olsko in pisarni\u0161ko uporabo"},"content":{"rendered":"<h2>Registracija lepil in tesnil za uporabo v gospodinjstvu, pisarni ali \u0161oli<\/h2>\n<p>Registracija lepil in tesnil za uporabo v gospodinjstvu, pisarni ali \u0161oli je klju\u010dnega pomena za zagotavljanje skladnosti z regulativnimi standardi za varnost, ozna\u010devanje in varstvo potro\u0161nikov. Ti izdelki, vklju\u010dno z obrtni\u0161kimi lepili, ve\u010dnamenskimi lepili, lepilnimi palicami, instantnimi lepili, lepili za les, kontaktnimi lepili in lepilnimi spreji, se pogosto uporabljajo v vsakdanjih okoljih, kot so domovi, \u0161ole in pisarne. Ustrezna registracija zagotavlja, da ti izdelki izpolnjujejo zahtevane varnostne standarde, da so jasno ozna\u010deni z informacijami o nevarnostih in da vsebujejo navodila za varno uporabo za za\u0161\u010dito potro\u0161nikov pred morebitnimi tveganji za zdravje.  <\/p>\n<h3>Kaj je UFI?<\/h3>\n<p>UFI (Unique Formula Identifier) je koda, ki ozna\u010duje specifi\u010dno kemi\u010dno sestavo izdelka. Vklju\u010dena mora biti na etiketi izdelka in je po zakonu obvezna kot del obvestila centra za zastrupitve (PCN). UFI pomaga re\u0161evalcem v nujnih primerih hitro prepoznati izdelek in oceniti tveganje v primerih izpostavljenosti kemikalijam ali zastrupitve.  <\/p>\n<h3>Kaj je PCN?<\/h3>\n<p>Obvestilo centra za zastrupitve (PCN &#8211; Poison Centre Notification) je predpisana zahteva, da morajo proizvajalci in distributerji nevarnih izdelkov obvestiti center EU za zastrupitve o sestavi in morebitnih nevarnostih svojih izdelkov. Pri lepilih in tesnilih PCN zagotavlja, da so kemi\u010dne sestavine izdelka, razvrstitve nevarnosti in navodila za varno uporabo na voljo zdravstvenim delavcem in re\u0161evalcem v primeru izpostavljenosti ali zastrupitve. <\/p>\n<h3>Kaj je CLP?<\/h3>\n<p>CLP (razvr\u0161\u010danje, ozna\u010devanje in pakiranje) je uredba EU, ki razvr\u0161\u010da kemikalije glede na njihovo nevarnost in zagotavlja, da so ozna\u010dene z ustreznimi varnostnimi opozorili in simboli nevarnosti. Za lepila in tesnilne mase uredba CLP predpisuje, da mora etiketa izdelka vsebovati jasne informacije o morebitnih nevarnostih, kot so dra\u017eenje ko\u017ee, strupenost ali vnetljivost. To uporabnikom pomaga pri varnem ravnanju z izdelki in zmanj\u0161uje tveganje nesre\u010d.  <\/p>\n<h3>Kaj je center EU za zastrupitve?<\/h3>\n<p>Center EU za zastrupitve je osrednji organ, ki upravlja podatke o nevarnih izdelkih v Evropski uniji. Ima klju\u010dno vlogo pri zagotavljanju varnosti, saj re\u0161evalcem v nujnih primerih zagotavlja bistvene informacije v primeru izpostavljenosti. Proizvajalci morajo center za zastrupitve obve\u0161\u010dati o svojih nevarnih izdelkih, s \u010dimer zagotavljajo, da so ti klju\u010dni podatki na voljo, ko so potrebni.  <\/p>\n<h3>Zakaj je to potrebno?<\/h3>\n<p>Registracija lepil in tesnil za uporabo v gospodinjstvu, pisarni ali \u0161oli v centru za zastrupitve zagotavlja, da so izdelki varni za potro\u0161nike in ustrezno razvr\u0161\u010deni glede na njihovo nevarnost. Re\u0161evalcem v nujnih primerih zagotavlja potrebne podatke za u\u010dinkovito ukrepanje v primerih izpostavljenosti. Ker lahko lepila in tesnila ob nepravilnem ravnanju predstavljajo tveganje za zdravje, je treba upo\u0161tevati predpise, da bi zmanj\u0161ali \u0161tevilo nesre\u010d in za\u0161\u010ditili uporabnike pred morebitno \u0161kodo.  <\/p>\n<h3>Od kdaj je to pravno obvezno?<\/h3>\n<p>Zakonska obveznost predlo\u017eitve PCN za nevarne proizvode, vklju\u010dno z lepili in tesnili, je postala obvezna 1. januarja 2021. Od tega datuma morajo vsi proizvajalci in distributerji zagotoviti, da njihovi izdelki izpolnjujejo varnostne standarde EU, in centru EU za zastrupitve predlo\u017eiti zahtevane informacije, preden jih dajo na trg. <\/p>\n<h2>POGOSTA VPRA\u0160ANJA<\/h2>\n<h3>Vpra\u0161anje: Kaj je UFI in zakaj ga potrebujem za svoj izdelek?<\/h3>\n<p>Odgovor: UFI (Unique Formula Identifier) je koda, ki edinstveno opredeljuje kemi\u010dno sestavo va\u0161ega izdelka. Zahteva jo zakon in mora biti navedena na etiketi va\u0161ega izdelka. UFI omogo\u010da re\u0161evalcem v sili hiter dostop do klju\u010dnih varnostnih informacij v primeru izpostavljenosti ali zastrupitve.  <\/p>\n<h3>Vpra\u0161anje: Kaj vklju\u010duje PCN za lepila in tesnilne mase?<\/h3>\n<p>Odgovor: PCN (obvestilo centru za zastrupitve) vklju\u010duje obve\u0161\u010danje centra EU za zastrupitve o sestavinah in nevarnostih, povezanih z va\u0161im izdelkom. To re\u0161evalcem v sili omogo\u010da dostop do podrobnih varnostnih informacij o izdelku, kar jim pomaga pri u\u010dinkovitem odzivanju na primere izpostavljenosti kemikalijam ali zastrupitve. <\/p>\n<h3>Vpra\u0161anje: Kaj je CLP in kako se uporablja za lepila in tesnilne mase?<\/h3>\n<p>Odgovor: CLP (razvr\u0161\u010danje, ozna\u010devanje in pakiranje) je uredba EU, ki razvr\u0161\u010da kemi\u010dne izdelke glede na njihovo nevarnost in zahteva jasno ozna\u010devanje s piktogrami nevarnosti, opozorilnimi besedami in varnostnimi navodili. Lepila in tesnila morajo biti skladna z uredbo CLP, da so uporabniki obve\u0161\u010deni o morebitnih tveganjih in lahko z izdelki varno ravnajo. <\/p>\n<h3>Vpra\u0161anje: Kak\u0161no vlogo ima center EU za zastrupitve pri zagotavljanju varnosti?<\/h3>\n<p>Odgovor: Center EU za zastrupitve zbira in obdeluje varnostne podatke o nevarnih izdelkih. Zdravstvenim delavcem in re\u0161evalcem ob nesre\u010dah z izpostavljenostjo zagotavlja klju\u010dne informacije, ki jim omogo\u010dajo u\u010dinkovito obvladovanje morebitnih zastrupitev ali zdravstvenih tveganj, povezanih s kemi\u010dnimi izdelki. <\/p>\n<h3>Vpra\u0161anje: Zakaj je treba registrirati lepila in tesnila za uporabo v gospodinjstvu, pisarni ali \u0161oli?<\/h3>\n<p>Odgovor: Registracija zagotavlja, da lepila in tesnila izpolnjujejo varnostne standarde in so ustrezno razvr\u0161\u010dena za uporabo v vsakdanjem okolju. Zagotavlja potrebne informacije za zagotavljanje varnosti potro\u0161nikov ter omogo\u010da hiter in natan\u010den odziv v primeru izpostavljenosti ali zastrupitve. <\/p>\n<h3>Vpra\u0161anje: Od kdaj je obvezno po\u0161iljanje obvestil o PCN?<\/h3>\n<p>Odgovor: Zahteva po obvestilih PCN je postala obvezna 1. januarja 2021. Vsi proizvajalci in distributerji nevarnih izdelkov, vklju\u010dno z lepili in tesnili, morajo zagotoviti skladnost s temi predpisi, preden dajo svoje izdelke na trg EU. <\/p>\n","protected":false},"excerpt":{"rendered":"<p>Registracija lepil in tesnil za uporabo v gospodinjstvu, pisarni ali \u0161oli Registracija lepil in tesnil za uporabo v gospodinjstvu, pisarni ali \u0161oli je klju\u010dnega pomena za zagotavljanje skladnosti z regulativnimi standardi za varnost, ozna\u010devanje in varstvo potro\u0161nikov. Ti izdelki, vklju\u010dno z obrtni\u0161kimi lepili, ve\u010dnamenskimi lepili, lepilnimi palicami, instantnimi lepili, lepili za les, kontaktnimi lepili in [&hellip;]<\/p>\n","protected":false},"featured_media":13354,"template":"","meta":[],"product_brand":[],"product_cat":[526],"product_tag":[],"class_list":{"0":"post-13353","1":"product","2":"type-product","3":"status-publish","4":"has-post-thumbnail","6":"product_cat-lepila-in-tesnila","8":"first","9":"instock","10":"virtual","11":"taxable","12":"purchasable","13":"product-type-bundle"},"bundled_by":[],"bundle_stock_status":"instock","bundle_stock_quantity":"","bundle_virtual":false,"bundle_layout":"default","bundle_add_to_cart_form_location":"default","bundle_editable_in_cart":false,"bundle_sold_individually_context":"product","bundle_item_grouping":"parent","bundle_min_size":"","bundle_max_size":"","bundle_price":{"price":{"min":{"incl_tax":"121","excl_tax":"100"},"max":{"incl_tax":"","excl_tax":""}},"regular_price":{"min":{"incl_tax":"121","excl_tax":"100"},"max":{"incl_tax":"","excl_tax":""}}},"bundled_items":[{"bundled_item_id":1976,"product_id":12582,"menu_order":0,"quantity_min":1,"quantity_max":1,"quantity_default":1,"priced_individually":true,"shipped_individually":true,"override_title":false,"title":"Obvestilo centra za zastrupitve in UFI","override_description":false,"description":"Obvestilo centra za zastrupitve in UFI","optional":false,"hide_thumbnail":false,"discount":"","override_variations":false,"allowed_variations":[""],"override_default_variation_attributes":false,"default_variation_attributes":[],"single_product_visibility":"visible","cart_visibility":"visible","order_visibility":"visible","single_product_price_visibility":"visible","cart_price_visibility":"visible","order_price_visibility":"visible","stock_status":"in_stock"},{"bundled_item_id":1977,"product_id":12568,"menu_order":1,"quantity_min":1,"quantity_max":"","quantity_default":1,"priced_individually":true,"shipped_individually":true,"override_title":false,"title":"Dr\u017eave za registracijo PCN","override_description":false,"description":"Dr\u017eave za registracijo PCN","optional":false,"hide_thumbnail":false,"discount":"","override_variations":false,"allowed_variations":[""],"override_default_variation_attributes":false,"default_variation_attributes":[],"single_product_visibility":"visible","cart_visibility":"visible","order_visibility":"visible","single_product_price_visibility":"visible","cart_price_visibility":"visible","order_price_visibility":"visible","stock_status":"in_stock"},{"bundled_item_id":12966,"product_id":12487,"menu_order":2,"quantity_min":0,"quantity_max":1,"quantity_default":1,"priced_individually":true,"shipped_individually":true,"override_title":false,"title":"Ustvarjanje varnostnega lista","override_description":false,"description":"Ustvarjanje varnostnega lista","optional":false,"hide_thumbnail":false,"discount":"","override_variations":false,"allowed_variations":[""],"override_default_variation_attributes":false,"default_variation_attributes":[],"single_product_visibility":"visible","cart_visibility":"visible","order_visibility":"visible","single_product_price_visibility":"visible","cart_price_visibility":"visible","order_price_visibility":"visible","stock_status":"in_stock"},{"bundled_item_id":12967,"product_id":12499,"menu_order":3,"quantity_min":0,"quantity_max":"","quantity_default":1,"priced_individually":true,"shipped_individually":false,"override_title":false,"title":"Prevod varnostnega lista","override_description":false,"description":"Prevod varnostnega lista","optional":false,"hide_thumbnail":false,"discount":"","override_variations":false,"allowed_variations":[""],"override_default_variation_attributes":false,"default_variation_attributes":[],"single_product_visibility":"visible","cart_visibility":"visible","order_visibility":"visible","single_product_price_visibility":"visible","cart_price_visibility":"visible","order_price_visibility":"visible","stock_status":"in_stock"}],"bundle_sell_ids":[],"yoast_head":"<!-- This site is optimized with the Yoast SEO Premium plugin v25.1 (Yoast SEO v25.1) - https:\/\/yoast.com\/wordpress\/plugins\/seo\/ -->\n<title>PCN in UFI za lepila - za doma\u010do, \u0161olsko in pisarni\u0161ko uporabo - UFI<\/title>\n<meta name=\"description\" content=\"Registracija lepil in tesnil za uporabo v gospodinjstvu, pisarni ali \u0161oli je klju\u010dnega pomena za zagotavljanje skladnosti z regulativnimi standardi za varnost, ozna\u010devanje in varstvo potro\u0161nikov.\" \/>\n<meta name=\"robots\" content=\"index, follow, max-snippet:-1, max-image-preview:large, max-video-preview:-1\" \/>\n<link rel=\"canonical\" href=\"https:\/\/www.ufi.eu\/sl\/product\/pcn-in-ufi-za-lepila-za-domaco-solsko-in-pisarnisko-uporabo\/\" \/>\n<meta property=\"og:locale\" content=\"sl_SI\" \/>\n<meta property=\"og:type\" content=\"article\" \/>\n<meta property=\"og:title\" content=\"PCN in UFI za lepila - za doma\u010do, \u0161olsko in pisarni\u0161ko uporabo\" \/>\n<meta property=\"og:description\" content=\"Registracija lepil in tesnil za uporabo v gospodinjstvu, pisarni ali \u0161oli je klju\u010dnega pomena za zagotavljanje skladnosti z regulativnimi standardi za varnost, ozna\u010devanje in varstvo potro\u0161nikov.\" \/>\n<meta property=\"og:url\" content=\"https:\/\/www.ufi.eu\/sl\/product\/pcn-in-ufi-za-lepila-za-domaco-solsko-in-pisarnisko-uporabo\/\" \/>\n<meta property=\"og:site_name\" content=\"UFI\" \/>\n<meta property=\"og:image\" content=\"https:\/\/www.ufi.eu\/wp-content\/uploads\/2025\/03\/PC-ADH-1.jpg\" \/>\n\t<meta property=\"og:image:width\" content=\"1024\" \/>\n\t<meta property=\"og:image:height\" content=\"1024\" \/>\n\t<meta property=\"og:image:type\" content=\"image\/jpeg\" \/>\n<meta name=\"twitter:card\" content=\"summary_large_image\" \/>\n<meta name=\"twitter:label1\" content=\"Price\" \/>\n\t<meta name=\"twitter:data1\" content=\"&euro;0.00\" \/>\n\t<meta name=\"twitter:label2\" content=\"Availability\" \/>\n\t<meta name=\"twitter:data2\" content=\"In stock\" \/>\n<script type=\"application\/ld+json\" class=\"yoast-schema-graph\">{\"@context\":\"https:\/\/schema.org\",\"@graph\":[{\"@type\":\"WebPage\",\"@id\":\"https:\/\/www.ufi.eu\/sl\/product\/pcn-in-ufi-za-lepila-za-domaco-solsko-in-pisarnisko-uporabo\/\",\"url\":\"https:\/\/www.ufi.eu\/sl\/product\/pcn-in-ufi-za-lepila-za-domaco-solsko-in-pisarnisko-uporabo\/\",\"name\":\"PCN in UFI za lepila - za doma\u010do, \u0161olsko in pisarni\u0161ko uporabo - UFI\",\"isPartOf\":{\"@id\":\"https:\/\/www.ufi.eu\/sl\/#website\"},\"primaryImageOfPage\":{\"@id\":\"https:\/\/www.ufi.eu\/sl\/product\/pcn-in-ufi-za-lepila-za-domaco-solsko-in-pisarnisko-uporabo\/#primaryimage\"},\"image\":{\"@id\":\"https:\/\/www.ufi.eu\/sl\/product\/pcn-in-ufi-za-lepila-za-domaco-solsko-in-pisarnisko-uporabo\/#primaryimage\"},\"thumbnailUrl\":\"https:\/\/www.ufi.eu\/wp-content\/uploads\/2025\/03\/PC-ADH-1.jpg\",\"datePublished\":\"2025-04-15T21:28:33+00:00\",\"description\":\"Registracija lepil in tesnil za uporabo v gospodinjstvu, pisarni ali \u0161oli je klju\u010dnega pomena za zagotavljanje skladnosti z regulativnimi standardi za varnost, ozna\u010devanje in varstvo potro\u0161nikov.\",\"breadcrumb\":{\"@id\":\"https:\/\/www.ufi.eu\/sl\/product\/pcn-in-ufi-za-lepila-za-domaco-solsko-in-pisarnisko-uporabo\/#breadcrumb\"},\"inLanguage\":\"sl-SI\",\"potentialAction\":[{\"@type\":\"ReadAction\",\"target\":[\"https:\/\/www.ufi.eu\/sl\/product\/pcn-in-ufi-za-lepila-za-domaco-solsko-in-pisarnisko-uporabo\/\"]}]},{\"@type\":\"ImageObject\",\"inLanguage\":\"sl-SI\",\"@id\":\"https:\/\/www.ufi.eu\/sl\/product\/pcn-in-ufi-za-lepila-za-domaco-solsko-in-pisarnisko-uporabo\/#primaryimage\",\"url\":\"https:\/\/www.ufi.eu\/wp-content\/uploads\/2025\/03\/PC-ADH-1.jpg\",\"contentUrl\":\"https:\/\/www.ufi.eu\/wp-content\/uploads\/2025\/03\/PC-ADH-1.jpg\",\"width\":1024,\"height\":1024},{\"@type\":\"BreadcrumbList\",\"@id\":\"https:\/\/www.ufi.eu\/sl\/product\/pcn-in-ufi-za-lepila-za-domaco-solsko-in-pisarnisko-uporabo\/#breadcrumb\",\"itemListElement\":[{\"@type\":\"ListItem\",\"position\":1,\"name\":\"Home\",\"item\":\"https:\/\/www.ufi.eu\/sl\/domov\/\"},{\"@type\":\"ListItem\",\"position\":2,\"name\":\"Trgovina\",\"item\":\"https:\/\/www.ufi.eu\/sl\/trgovina\/\"},{\"@type\":\"ListItem\",\"position\":3,\"name\":\"PCN in UFI za lepila &#8211; za doma\u010do, \u0161olsko in pisarni\u0161ko uporabo\"}]},{\"@type\":\"WebSite\",\"@id\":\"https:\/\/www.ufi.eu\/sl\/#website\",\"url\":\"https:\/\/www.ufi.eu\/sl\/\",\"name\":\"UFI.EU\",\"description\":\"Poison Centre Notifications (PCN) and UFI\",\"publisher\":{\"@id\":\"https:\/\/www.ufi.eu\/sl\/#organization\"},\"potentialAction\":[{\"@type\":\"SearchAction\",\"target\":{\"@type\":\"EntryPoint\",\"urlTemplate\":\"https:\/\/www.ufi.eu\/sl\/?s={search_term_string}\"},\"query-input\":{\"@type\":\"PropertyValueSpecification\",\"valueRequired\":true,\"valueName\":\"search_term_string\"}}],\"inLanguage\":\"sl-SI\"},{\"@type\":\"Organization\",\"@id\":\"https:\/\/www.ufi.eu\/sl\/#organization\",\"name\":\"UFI.EU\",\"url\":\"https:\/\/www.ufi.eu\/sl\/\",\"logo\":{\"@type\":\"ImageObject\",\"inLanguage\":\"sl-SI\",\"@id\":\"https:\/\/www.ufi.eu\/sl\/#\/schema\/logo\/image\/\",\"url\":\"https:\/\/www.ufi.eu\/wp-content\/uploads\/2025\/03\/cropped-logo_ufi3.jpg\",\"contentUrl\":\"https:\/\/www.ufi.eu\/wp-content\/uploads\/2025\/03\/cropped-logo_ufi3.jpg\",\"width\":231,\"height\":78,\"caption\":\"UFI.EU\"},\"image\":{\"@id\":\"https:\/\/www.ufi.eu\/sl\/#\/schema\/logo\/image\/\"},\"description\":\"UFI.eu specializes in digital registrations for Poison Centre Notifications (PCN), ensuring your chemical products meet EU regulatory requirements effortlessly. Our streamlined solutions help businesses stay compliant while reducing complexity and administrative burden.\",\"email\":\"info@ufi.eu\",\"legalName\":\"UFI.EU\"}]}<\/script>\n<meta property=\"product:price:amount\" content=\"0.00\" \/>\n<meta property=\"product:price:currency\" content=\"EUR\" \/>\n<meta property=\"og:availability\" content=\"instock\" \/>\n<meta property=\"product:availability\" content=\"instock\" \/>\n<meta property=\"product:retailer_item_id\" content=\"PC-ADH-1\" \/>\n<meta property=\"product:condition\" content=\"new\" \/>\n<!-- \/ Yoast SEO Premium plugin. -->","yoast_head_json":{"title":"PCN in UFI za lepila - za doma\u010do, \u0161olsko in pisarni\u0161ko uporabo - UFI","description":"Registracija lepil in tesnil za uporabo v gospodinjstvu, pisarni ali \u0161oli je klju\u010dnega pomena za zagotavljanje skladnosti z regulativnimi standardi za varnost, ozna\u010devanje in varstvo potro\u0161nikov.","robots":{"index":"index","follow":"follow","max-snippet":"max-snippet:-1","max-image-preview":"max-image-preview:large","max-video-preview":"max-video-preview:-1"},"canonical":"https:\/\/www.ufi.eu\/sl\/product\/pcn-in-ufi-za-lepila-za-domaco-solsko-in-pisarnisko-uporabo\/","og_locale":"sl_SI","og_type":"article","og_title":"PCN in UFI za lepila - za doma\u010do, \u0161olsko in pisarni\u0161ko uporabo","og_description":"Registracija lepil in tesnil za uporabo v gospodinjstvu, pisarni ali \u0161oli je klju\u010dnega pomena za zagotavljanje skladnosti z regulativnimi standardi za varnost, ozna\u010devanje in varstvo potro\u0161nikov.","og_url":"https:\/\/www.ufi.eu\/sl\/product\/pcn-in-ufi-za-lepila-za-domaco-solsko-in-pisarnisko-uporabo\/","og_site_name":"UFI","og_image":[{"width":1024,"height":1024,"url":"https:\/\/www.ufi.eu\/wp-content\/uploads\/2025\/03\/PC-ADH-1.jpg","type":"image\/jpeg"}],"twitter_card":"summary_large_image","twitter_misc":{"Price":"&euro;0.00","Availability":"In stock"},"schema":{"@context":"https:\/\/schema.org","@graph":[{"@type":"WebPage","@id":"https:\/\/www.ufi.eu\/sl\/product\/pcn-in-ufi-za-lepila-za-domaco-solsko-in-pisarnisko-uporabo\/","url":"https:\/\/www.ufi.eu\/sl\/product\/pcn-in-ufi-za-lepila-za-domaco-solsko-in-pisarnisko-uporabo\/","name":"PCN in UFI za lepila - za doma\u010do, \u0161olsko in pisarni\u0161ko uporabo - UFI","isPartOf":{"@id":"https:\/\/www.ufi.eu\/sl\/#website"},"primaryImageOfPage":{"@id":"https:\/\/www.ufi.eu\/sl\/product\/pcn-in-ufi-za-lepila-za-domaco-solsko-in-pisarnisko-uporabo\/#primaryimage"},"image":{"@id":"https:\/\/www.ufi.eu\/sl\/product\/pcn-in-ufi-za-lepila-za-domaco-solsko-in-pisarnisko-uporabo\/#primaryimage"},"thumbnailUrl":"https:\/\/www.ufi.eu\/wp-content\/uploads\/2025\/03\/PC-ADH-1.jpg","datePublished":"2025-04-15T21:28:33+00:00","description":"Registracija lepil in tesnil za uporabo v gospodinjstvu, pisarni ali \u0161oli je klju\u010dnega pomena za zagotavljanje skladnosti z regulativnimi standardi za varnost, ozna\u010devanje in varstvo potro\u0161nikov.","breadcrumb":{"@id":"https:\/\/www.ufi.eu\/sl\/product\/pcn-in-ufi-za-lepila-za-domaco-solsko-in-pisarnisko-uporabo\/#breadcrumb"},"inLanguage":"sl-SI","potentialAction":[{"@type":"ReadAction","target":["https:\/\/www.ufi.eu\/sl\/product\/pcn-in-ufi-za-lepila-za-domaco-solsko-in-pisarnisko-uporabo\/"]}]},{"@type":"ImageObject","inLanguage":"sl-SI","@id":"https:\/\/www.ufi.eu\/sl\/product\/pcn-in-ufi-za-lepila-za-domaco-solsko-in-pisarnisko-uporabo\/#primaryimage","url":"https:\/\/www.ufi.eu\/wp-content\/uploads\/2025\/03\/PC-ADH-1.jpg","contentUrl":"https:\/\/www.ufi.eu\/wp-content\/uploads\/2025\/03\/PC-ADH-1.jpg","width":1024,"height":1024},{"@type":"BreadcrumbList","@id":"https:\/\/www.ufi.eu\/sl\/product\/pcn-in-ufi-za-lepila-za-domaco-solsko-in-pisarnisko-uporabo\/#breadcrumb","itemListElement":[{"@type":"ListItem","position":1,"name":"Home","item":"https:\/\/www.ufi.eu\/sl\/domov\/"},{"@type":"ListItem","position":2,"name":"Trgovina","item":"https:\/\/www.ufi.eu\/sl\/trgovina\/"},{"@type":"ListItem","position":3,"name":"PCN in UFI za lepila &#8211; za doma\u010do, \u0161olsko in pisarni\u0161ko uporabo"}]},{"@type":"WebSite","@id":"https:\/\/www.ufi.eu\/sl\/#website","url":"https:\/\/www.ufi.eu\/sl\/","name":"UFI.EU","description":"Poison Centre Notifications (PCN) and UFI","publisher":{"@id":"https:\/\/www.ufi.eu\/sl\/#organization"},"potentialAction":[{"@type":"SearchAction","target":{"@type":"EntryPoint","urlTemplate":"https:\/\/www.ufi.eu\/sl\/?s={search_term_string}"},"query-input":{"@type":"PropertyValueSpecification","valueRequired":true,"valueName":"search_term_string"}}],"inLanguage":"sl-SI"},{"@type":"Organization","@id":"https:\/\/www.ufi.eu\/sl\/#organization","name":"UFI.EU","url":"https:\/\/www.ufi.eu\/sl\/","logo":{"@type":"ImageObject","inLanguage":"sl-SI","@id":"https:\/\/www.ufi.eu\/sl\/#\/schema\/logo\/image\/","url":"https:\/\/www.ufi.eu\/wp-content\/uploads\/2025\/03\/cropped-logo_ufi3.jpg","contentUrl":"https:\/\/www.ufi.eu\/wp-content\/uploads\/2025\/03\/cropped-logo_ufi3.jpg","width":231,"height":78,"caption":"UFI.EU"},"image":{"@id":"https:\/\/www.ufi.eu\/sl\/#\/schema\/logo\/image\/"},"description":"UFI.eu specializes in digital registrations for Poison Centre Notifications (PCN), ensuring your chemical products meet EU regulatory requirements effortlessly. Our streamlined solutions help businesses stay compliant while reducing complexity and administrative burden.","email":"info@ufi.eu","legalName":"UFI.EU"}]},"product_price_amount":"0.00","product_price_currency":"EUR","og_availability":"instock","product_availability":"instock","product_retailer_item_id":"PC-ADH-1","product_condition":"new"},"_links":{"self":[{"href":"https:\/\/www.ufi.eu\/sl\/wp-json\/wp\/v2\/product\/13353","targetHints":{"allow":["GET"]}}],"collection":[{"href":"https:\/\/www.ufi.eu\/sl\/wp-json\/wp\/v2\/product"}],"about":[{"href":"https:\/\/www.ufi.eu\/sl\/wp-json\/wp\/v2\/types\/product"}],"wp:featuredmedia":[{"embeddable":true,"href":"https:\/\/www.ufi.eu\/sl\/wp-json\/wp\/v2\/media\/13354"}],"wp:attachment":[{"href":"https:\/\/www.ufi.eu\/sl\/wp-json\/wp\/v2\/media?parent=13353"}],"wp:term":[{"taxonomy":"product_brand","embeddable":true,"href":"https:\/\/www.ufi.eu\/sl\/wp-json\/wp\/v2\/product_brand?post=13353"},{"taxonomy":"product_cat","embeddable":true,"href":"https:\/\/www.ufi.eu\/sl\/wp-json\/wp\/v2\/product_cat?post=13353"},{"taxonomy":"product_tag","embeddable":true,"href":"https:\/\/www.ufi.eu\/sl\/wp-json\/wp\/v2\/product_tag?post=13353"}],"curies":[{"name":"wp","href":"https:\/\/api.w.org\/{rel}","templated":true}]}}