{"id":12816,"date":"2025-04-15T20:37:21","date_gmt":"2025-04-15T20:37:21","guid":{"rendered":"https:\/\/www.ufi.eu\/pcn\/nekategorizirano\/storitev-izdelave-varnostnega-lista-msds-sds\/"},"modified":"2025-04-15T20:37:25","modified_gmt":"2025-04-15T20:37:25","slug":"storitev-izdelave-varnostnega-lista-msds-sds","status":"publish","type":"product","link":"https:\/\/www.ufi.eu\/sl\/product\/storitev-izdelave-varnostnega-lista-msds-sds\/","title":{"rendered":"Storitev izdelave varnostnega lista (MSDS\/SDS)"},"content":{"rendered":"\n<p><strong>Profesionalno napisani varnostni listi v popolni skladnosti z uredbo EU (REACH in CLP)<\/strong><\/p>\n\n<p>Zagotavljamo strokovno pripravljene <strong>varnostne liste (SDS)<\/strong> &#8211; znane tudi kot <strong>varnostni listi materialov (MSDS)<\/strong> -, ki so prilagojeni va\u0161emu izdelku in skladni z najnovej\u0161imi predpisi EU. Ne glede na to, ali izdelujete kemi\u010dne zmesi, uva\u017eate izdelke v EU ali jih distribuirate pod lastno blagovno znamko, so skladni varnostni listi zakonsko zahtevani in nujni za varno uporabo v celotni dobavni verigi. <\/p>\n\n<h2 class=\"wp-block-heading\" id=\"h-what-is-an-safety-data-sheet-msds-sds-and-why-do-you-need-one\">Kaj je varnostni list (MSDS\/SDS) in zakaj ga potrebujete?<\/h2>\n\n<p><strong>Varnostni list<\/strong> je zakonsko zahtevan dokument, ki vsebuje iz\u010drpne informacije o lastnostih kemi\u010dne snovi ali zmesi. V skladu z uredbama <strong>REACH (ES \u0161t. 1907\/2006<\/strong> ) in <strong><a href=\"https:\/\/www.ufi.eu\/sl\/pcn\/oznaka-clp\/ustvarjanje-etikete-clp-in-preverjanje-skladnosti\/\">CLP (ES \u0161t. 1272\/2008)<\/a><\/strong>morajo dobavitelji nadaljnjim uporabnikom zagotoviti varnostni list za vsak izdelek, ki je nevaren ali vsebuje pogojno nevarne snovi. <\/p>\n\n<p>\u010ce ne predlo\u017eite natan\u010dnega in popolnega varnostnega lista, lahko pride do:<\/p>\n\n<ul class=\"wp-block-list\">\n<li><strong>Pravne kazni<\/strong> ali carinske zamude<\/li>\n\n\n\n<li><strong>Zavrnjene po\u0161iljke<\/strong> ali izgubljeni poslovni partnerji<\/li>\n\n\n\n<li><strong>Tveganje za zdravje ljudi in okolje<\/strong><\/li>\n<\/ul>\n\n<h2 class=\"wp-block-heading\" id=\"h-what-our-sds-creation-service-includes\">Kaj vklju\u010duje na\u0161a storitev izdelave SDS<\/h2>\n\n<h4 class=\"wp-block-heading\" id=\"h-1-fully-compliant-sds-creation-16-sections\">1. <strong>Ustvarjanje popolnoma skladnih varnostnih listov (16 razdelkov)<\/strong><\/h4>\n\n<p>Va\u0161 varnostni list izdelamo od za\u010detka na podlagi va\u0161e formulacije izdelka in\/ali obstoje\u010dih podatkov, vklju\u010dno z:<\/p>\n\n<ul class=\"wp-block-list\">\n<li>Informacije o razvrstitvi in ozna\u010devanju nevarnosti (v skladu z uredbo CLP)<\/li>\n\n\n\n<li>Razkritje sestave in sestavin<\/li>\n\n\n\n<li>Navodila za varno ravnanje, shranjevanje in prevoz<\/li>\n\n\n\n<li>Prva pomo\u010d, ga\u0161enje po\u017eara in ukrepi ob nenadnem izpustu<\/li>\n\n\n\n<li>Sklici na predpise (Priloga II k uredbi REACH)<\/li>\n<\/ul>\n\n<p>Vsak varnostni list je pripravljen v skladu s <strong>Prilogo II k uredbi REACH<\/strong>, usklajen z najnovej\u0161imi posodobitvami in usklajenimi razvrstitvami.<\/p>\n\n<h4 class=\"wp-block-heading\" id=\"h-2-multilingual-sds-versions\">2. <strong>Ve\u010djezi\u010dne razli\u010dice SDS<\/strong><\/h4>\n\n<p>Ponujamo izdelavo varnostnih listov v ve\u010d uradnih jezikih EU, ki so pripravljeni za \u010dezmejno distribucijo. To vklju\u010duje: <\/p>\n\n<ul class=\"wp-block-list\">\n<li><a href=\"https:\/\/www.ufi.eu\/sl\/pcn\/varnostni-list\/prevod-varnostnega-lista\/\">Prevodi MSDS s<\/a> strani strokovnjakov, ki poznajo kemijsko terminologijo<\/li>\n\n\n\n<li>prilagoditve za posamezne dr\u017eave, \u010de so potrebne (npr. nacionalne mejne vrednosti izpostavljenosti)<\/li>\n<\/ul>\n\n<h4 class=\"wp-block-heading\" id=\"h-3-update-amp-conversion-service\">3. <strong>Storitev posodabljanja in pretvorbe<\/strong><\/h4>\n\n<p>\u017de imate zastareli ali neskladen varnostni list? Lahko: <\/p>\n\n<ul class=\"wp-block-list\">\n<li>Pregled in posodobitev obstoje\u010dega lista, da bo ustrezal trenutnim standardom.<\/li>\n\n\n\n<li>Pretvarjanje formatov varnostnih listov, ki niso v EU (npr. US OSHA), v razli\u010dice, skladne z EU REACH.<\/li>\n<\/ul>\n\n<h4 class=\"wp-block-heading\" id=\"h-4-optional-add-ons\">4. <strong>Neobvezni dodatki<\/strong><\/h4>\n\n<ul class=\"wp-block-list\">\n<li><a href=\"https:\/\/www.ufi.eu\/sl\/pcn\/oznaka-clp\/ustvarjanje-etikete-clp-in-preverjanje-skladnosti\/\">Ustvarjanje etikete CLP, ki<\/a> se ujema z varnostnim listom<\/li>\n\n\n\n<li>Ustvarjanje UFI in obve\u0161\u010danje o PCN<\/li>\n\n\n\n<li>razvr\u0161\u010danje izdelkov na podlagi seznamov surovin ali sestavin<\/li>\n<\/ul>\n\n<h2 class=\"wp-block-heading\" id=\"h-which-products-need-an-sds\">Kateri izdelki potrebujejo varnostni list?<\/h2>\n\n<p>Varnostni list je potreben, \u010de va\u0161 izdelek:<\/p>\n\n<ul class=\"wp-block-list\">\n<li>je razvr\u0161\u010den kot nevaren (npr. vnetljiv, dra\u017ee\u010d, strupen, jedek, jedek)<\/li>\n\n\n\n<li>Vsebuje snovi, ki so nevarne ali navedene na posebnih regulativnih seznamih (npr. SVHC).<\/li>\n\n\n\n<li>je namenjen poklicni ali industrijski uporabi, tudi \u010de ni razvr\u0161\u010den kot nevaren<\/li>\n<\/ul>\n\n<p>To velja za \u0161tevilne izdelke:<\/p>\n\n<ul class=\"wp-block-list\">\n<li>Me\u0161anice di\u0161av in eteri\u010dnih olj<\/li>\n\n\n\n<li>Sredstva za \u010di\u0161\u010denje in razpr\u0161ila za povr\u0161ine<\/li>\n\n\n\n<li>Barve, premazi in smole<\/li>\n\n\n\n<li>Taljenje voska, razpr\u0161ila za prostore in osve\u017eilci zraka<\/li>\n\n\n\n<li>Industrijske kemikalije in intermediati<\/li>\n<\/ul>\n\n<h2 class=\"wp-block-heading\" id=\"h-who-is-this-service-for\">Za koga je ta storitev namenjena?<\/h2>\n\n<ul class=\"wp-block-list\">\n<li>Proizvajalci in lastniki blagovnih znamk kemi\u010dnih zmesi<\/li>\n\n\n\n<li>Uvozniki izdelkov iz dr\u017eav zunaj EU<\/li>\n\n\n\n<li>Distributerji zasebnih in belih blagovnih znamk<\/li>\n\n\n\n<li>Podjetja, ki prodajajo nevarno blago prek spletnih tr\u017enic ali maloprodaje<\/li>\n<\/ul>\n\n<h2 class=\"wp-block-heading\" id=\"h-why-choose-ufi-eu\">Zakaj izbrati UFI.EU?<\/h2>\n\n<ul class=\"wp-block-list\">\n<li><strong>Izku\u0161ena regulativna ekipa,<\/strong> specializirana za CLP, REACH in PCN<\/li>\n\n\n\n<li><strong>Natan\u010dni in popolnoma skladni varnostni listi,<\/strong> prilagojeni va\u0161emu izdelku<\/li>\n\n\n\n<li><strong>Ve\u010djezi\u010dna podpora za<\/strong> skladnost v celotni EU<\/li>\n\n\n\n<li><strong>Hitri \u010dasi obdelave<\/strong> in pregledne cene<\/li>\n<\/ul>\n\n<h2 class=\"wp-block-heading\" id=\"h-how-it-works\">Kako deluje<\/h2>\n\n<ol class=\"wp-block-list\">\n<li><strong>Po\u0161ljite svojo formulacijo izdelka ali obstoje\u010di varnostni list<\/strong><\/li>\n\n\n\n<li><strong>Analiziramo sestavine in pripravimo SDS<\/strong><\/li>\n\n\n\n<li><strong>Prejmite profesionalno oblikovan dokument, pripravljen za distribucijo ali registracijo.<\/strong><\/li>\n<\/ol>\n\n<h2 class=\"wp-block-heading\" id=\"h-order-your-sds-today\">Naro\u010dite svoj SDS \u0161e danes<\/h2>\n\n<p>Ne glede na to, ali potrebujete nov varnostni list, posodobitev ali ve\u010djezi\u010dne razli\u010dice za razli\u010dne trge, je <strong>UFI.EU<\/strong> va\u0161 zanesljiv partner za skladnost s predpisi o kemikalijah.<br\/><strong>Zdaj naro\u010dite storitev izdelave varnostnega lista in ostanite popolnoma skladni z zakonodajo EU.<\/strong><\/p>\n","protected":false},"excerpt":{"rendered":"<p>Profesionalno napisani varnostni listi v popolni skladnosti z uredbo EU (REACH in CLP) Zagotavljamo strokovno pripravljene varnostne liste (SDS) &#8211; znane tudi kot varnostni listi materialov (MSDS) -, ki so prilagojeni va\u0161emu izdelku in skladni z najnovej\u0161imi predpisi EU. Ne glede na to, ali izdelujete kemi\u010dne zmesi, uva\u017eate izdelke v EU ali jih distribuirate pod [&hellip;]<\/p>\n","protected":false},"featured_media":12488,"template":"","meta":[],"product_brand":[],"product_cat":[302],"product_tag":[],"class_list":{"0":"post-12816","1":"product","2":"type-product","3":"status-publish","4":"has-post-thumbnail","6":"product_cat-varnostni-list","8":"first","9":"instock","10":"virtual","11":"taxable","12":"purchasable","13":"product-type-bundle"},"bundled_by":[],"bundle_stock_status":"instock","bundle_stock_quantity":"","bundle_virtual":false,"bundle_layout":"default","bundle_add_to_cart_form_location":"default","bundle_editable_in_cart":false,"bundle_sold_individually_context":"product","bundle_item_grouping":"parent","bundle_min_size":"","bundle_max_size":"","bundle_price":{"price":{"min":{"incl_tax":"119.79","excl_tax":"99"},"max":{"incl_tax":"","excl_tax":""}},"regular_price":{"min":{"incl_tax":"119.79","excl_tax":"99"},"max":{"incl_tax":"","excl_tax":""}}},"bundled_items":[{"bundled_item_id":1376,"product_id":12487,"menu_order":0,"quantity_min":1,"quantity_max":1,"quantity_default":1,"priced_individually":true,"shipped_individually":true,"override_title":false,"title":null,"override_description":false,"description":null,"optional":false,"hide_thumbnail":false,"discount":"","override_variations":false,"allowed_variations":[""],"override_default_variation_attributes":false,"default_variation_attributes":[],"single_product_visibility":"visible","cart_visibility":"visible","order_visibility":"visible","single_product_price_visibility":"visible","cart_price_visibility":"visible","order_price_visibility":"visible","stock_status":"in_stock"},{"bundled_item_id":1377,"product_id":12499,"menu_order":1,"quantity_min":1,"quantity_max":"","quantity_default":1,"priced_individually":true,"shipped_individually":false,"override_title":false,"title":null,"override_description":false,"description":null,"optional":false,"hide_thumbnail":false,"discount":"","override_variations":false,"allowed_variations":[""],"override_default_variation_attributes":false,"default_variation_attributes":[],"single_product_visibility":"visible","cart_visibility":"visible","order_visibility":"visible","single_product_price_visibility":"visible","cart_price_visibility":"visible","order_price_visibility":"visible","stock_status":"in_stock"}],"bundle_sell_ids":[],"yoast_head":"<!-- This site is optimized with the Yoast SEO Premium plugin v25.1 (Yoast SEO v25.1) - https:\/\/yoast.com\/wordpress\/plugins\/seo\/ -->\n<title>Storitev izdelave varnostnega lista (MSDS\/SDS) - UFI<\/title>\n<meta name=\"description\" content=\"Zagotavljamo strokovno pripravljene varnostne liste (SDS) - znane tudi kot varnostni listi materialov (MSDS) -, ki so prilagojeni va\u0161emu izdelku in skladni z najnovej\u0161imi predpisi EU.\" \/>\n<meta name=\"robots\" content=\"index, follow, max-snippet:-1, max-image-preview:large, max-video-preview:-1\" \/>\n<link rel=\"canonical\" href=\"https:\/\/www.ufi.eu\/sl\/product\/storitev-izdelave-varnostnega-lista-msds-sds\/\" \/>\n<meta property=\"og:locale\" content=\"sl_SI\" \/>\n<meta property=\"og:type\" content=\"article\" \/>\n<meta property=\"og:title\" content=\"Storitev izdelave varnostnega lista (MSDS\/SDS)\" \/>\n<meta property=\"og:description\" content=\"Zagotavljamo strokovno pripravljene varnostne liste (SDS) - znane tudi kot varnostni listi materialov (MSDS) -, ki so prilagojeni va\u0161emu izdelku in skladni z najnovej\u0161imi predpisi EU.\" \/>\n<meta property=\"og:url\" content=\"https:\/\/www.ufi.eu\/sl\/product\/storitev-izdelave-varnostnega-lista-msds-sds\/\" \/>\n<meta property=\"og:site_name\" content=\"UFI\" \/>\n<meta property=\"article:modified_time\" content=\"2025-04-15T20:37:25+00:00\" \/>\n<meta property=\"og:image\" content=\"https:\/\/www.ufi.eu\/wp-content\/uploads\/2025\/03\/pcn_ufi.jpg\" \/>\n\t<meta property=\"og:image:width\" content=\"1024\" \/>\n\t<meta property=\"og:image:height\" content=\"1024\" \/>\n\t<meta property=\"og:image:type\" content=\"image\/jpeg\" \/>\n<meta name=\"twitter:card\" content=\"summary_large_image\" \/>\n<meta name=\"twitter:label1\" content=\"Price\" \/>\n\t<meta name=\"twitter:data1\" content=\"&euro;0.00\" \/>\n\t<meta name=\"twitter:label2\" content=\"Availability\" \/>\n\t<meta name=\"twitter:data2\" content=\"In stock\" \/>\n<script type=\"application\/ld+json\" class=\"yoast-schema-graph\">{\"@context\":\"https:\/\/schema.org\",\"@graph\":[{\"@type\":\"WebPage\",\"@id\":\"https:\/\/www.ufi.eu\/sl\/product\/storitev-izdelave-varnostnega-lista-msds-sds\/\",\"url\":\"https:\/\/www.ufi.eu\/sl\/product\/storitev-izdelave-varnostnega-lista-msds-sds\/\",\"name\":\"Storitev izdelave varnostnega lista (MSDS\/SDS) - UFI\",\"isPartOf\":{\"@id\":\"https:\/\/www.ufi.eu\/sl\/#website\"},\"primaryImageOfPage\":{\"@id\":\"https:\/\/www.ufi.eu\/sl\/product\/storitev-izdelave-varnostnega-lista-msds-sds\/#primaryimage\"},\"image\":{\"@id\":\"https:\/\/www.ufi.eu\/sl\/product\/storitev-izdelave-varnostnega-lista-msds-sds\/#primaryimage\"},\"thumbnailUrl\":\"https:\/\/www.ufi.eu\/wp-content\/uploads\/2025\/03\/pcn_ufi.jpg\",\"datePublished\":\"2025-04-15T20:37:21+00:00\",\"dateModified\":\"2025-04-15T20:37:25+00:00\",\"description\":\"Zagotavljamo strokovno pripravljene varnostne liste (SDS) - znane tudi kot varnostni listi materialov (MSDS) -, ki so prilagojeni va\u0161emu izdelku in skladni z najnovej\u0161imi predpisi EU.\",\"breadcrumb\":{\"@id\":\"https:\/\/www.ufi.eu\/sl\/product\/storitev-izdelave-varnostnega-lista-msds-sds\/#breadcrumb\"},\"inLanguage\":\"sl-SI\",\"potentialAction\":[{\"@type\":\"ReadAction\",\"target\":[\"https:\/\/www.ufi.eu\/sl\/product\/storitev-izdelave-varnostnega-lista-msds-sds\/\"]}]},{\"@type\":\"ImageObject\",\"inLanguage\":\"sl-SI\",\"@id\":\"https:\/\/www.ufi.eu\/sl\/product\/storitev-izdelave-varnostnega-lista-msds-sds\/#primaryimage\",\"url\":\"https:\/\/www.ufi.eu\/wp-content\/uploads\/2025\/03\/pcn_ufi.jpg\",\"contentUrl\":\"https:\/\/www.ufi.eu\/wp-content\/uploads\/2025\/03\/pcn_ufi.jpg\",\"width\":1024,\"height\":1024},{\"@type\":\"BreadcrumbList\",\"@id\":\"https:\/\/www.ufi.eu\/sl\/product\/storitev-izdelave-varnostnega-lista-msds-sds\/#breadcrumb\",\"itemListElement\":[{\"@type\":\"ListItem\",\"position\":1,\"name\":\"Home\",\"item\":\"https:\/\/www.ufi.eu\/sl\/domov\/\"},{\"@type\":\"ListItem\",\"position\":2,\"name\":\"Trgovina\",\"item\":\"https:\/\/www.ufi.eu\/sl\/trgovina\/\"},{\"@type\":\"ListItem\",\"position\":3,\"name\":\"Storitev izdelave varnostnega lista (MSDS\/SDS)\"}]},{\"@type\":\"WebSite\",\"@id\":\"https:\/\/www.ufi.eu\/sl\/#website\",\"url\":\"https:\/\/www.ufi.eu\/sl\/\",\"name\":\"UFI.EU\",\"description\":\"Poison Centre Notifications (PCN) and UFI\",\"publisher\":{\"@id\":\"https:\/\/www.ufi.eu\/sl\/#organization\"},\"potentialAction\":[{\"@type\":\"SearchAction\",\"target\":{\"@type\":\"EntryPoint\",\"urlTemplate\":\"https:\/\/www.ufi.eu\/sl\/?s={search_term_string}\"},\"query-input\":{\"@type\":\"PropertyValueSpecification\",\"valueRequired\":true,\"valueName\":\"search_term_string\"}}],\"inLanguage\":\"sl-SI\"},{\"@type\":\"Organization\",\"@id\":\"https:\/\/www.ufi.eu\/sl\/#organization\",\"name\":\"UFI.EU\",\"url\":\"https:\/\/www.ufi.eu\/sl\/\",\"logo\":{\"@type\":\"ImageObject\",\"inLanguage\":\"sl-SI\",\"@id\":\"https:\/\/www.ufi.eu\/sl\/#\/schema\/logo\/image\/\",\"url\":\"https:\/\/www.ufi.eu\/wp-content\/uploads\/2025\/03\/cropped-logo_ufi3.jpg\",\"contentUrl\":\"https:\/\/www.ufi.eu\/wp-content\/uploads\/2025\/03\/cropped-logo_ufi3.jpg\",\"width\":231,\"height\":78,\"caption\":\"UFI.EU\"},\"image\":{\"@id\":\"https:\/\/www.ufi.eu\/sl\/#\/schema\/logo\/image\/\"},\"description\":\"UFI.eu specializes in digital registrations for Poison Centre Notifications (PCN), ensuring your chemical products meet EU regulatory requirements effortlessly. Our streamlined solutions help businesses stay compliant while reducing complexity and administrative burden.\",\"email\":\"info@ufi.eu\",\"legalName\":\"UFI.EU\"}]}<\/script>\n<meta property=\"product:price:amount\" content=\"0.00\" \/>\n<meta property=\"product:price:currency\" content=\"EUR\" \/>\n<meta property=\"og:availability\" content=\"instock\" \/>\n<meta property=\"product:availability\" content=\"instock\" \/>\n<meta property=\"product:condition\" content=\"new\" \/>\n<!-- \/ Yoast SEO Premium plugin. -->","yoast_head_json":{"title":"Storitev izdelave varnostnega lista (MSDS\/SDS) - UFI","description":"Zagotavljamo strokovno pripravljene varnostne liste (SDS) - znane tudi kot varnostni listi materialov (MSDS) -, ki so prilagojeni va\u0161emu izdelku in skladni z najnovej\u0161imi predpisi EU.","robots":{"index":"index","follow":"follow","max-snippet":"max-snippet:-1","max-image-preview":"max-image-preview:large","max-video-preview":"max-video-preview:-1"},"canonical":"https:\/\/www.ufi.eu\/sl\/product\/storitev-izdelave-varnostnega-lista-msds-sds\/","og_locale":"sl_SI","og_type":"article","og_title":"Storitev izdelave varnostnega lista (MSDS\/SDS)","og_description":"Zagotavljamo strokovno pripravljene varnostne liste (SDS) - znane tudi kot varnostni listi materialov (MSDS) -, ki so prilagojeni va\u0161emu izdelku in skladni z najnovej\u0161imi predpisi EU.","og_url":"https:\/\/www.ufi.eu\/sl\/product\/storitev-izdelave-varnostnega-lista-msds-sds\/","og_site_name":"UFI","article_modified_time":"2025-04-15T20:37:25+00:00","og_image":[{"width":1024,"height":1024,"url":"https:\/\/www.ufi.eu\/wp-content\/uploads\/2025\/03\/pcn_ufi.jpg","type":"image\/jpeg"}],"twitter_card":"summary_large_image","twitter_misc":{"Price":"&euro;0.00","Availability":"In stock"},"schema":{"@context":"https:\/\/schema.org","@graph":[{"@type":"WebPage","@id":"https:\/\/www.ufi.eu\/sl\/product\/storitev-izdelave-varnostnega-lista-msds-sds\/","url":"https:\/\/www.ufi.eu\/sl\/product\/storitev-izdelave-varnostnega-lista-msds-sds\/","name":"Storitev izdelave varnostnega lista (MSDS\/SDS) - UFI","isPartOf":{"@id":"https:\/\/www.ufi.eu\/sl\/#website"},"primaryImageOfPage":{"@id":"https:\/\/www.ufi.eu\/sl\/product\/storitev-izdelave-varnostnega-lista-msds-sds\/#primaryimage"},"image":{"@id":"https:\/\/www.ufi.eu\/sl\/product\/storitev-izdelave-varnostnega-lista-msds-sds\/#primaryimage"},"thumbnailUrl":"https:\/\/www.ufi.eu\/wp-content\/uploads\/2025\/03\/pcn_ufi.jpg","datePublished":"2025-04-15T20:37:21+00:00","dateModified":"2025-04-15T20:37:25+00:00","description":"Zagotavljamo strokovno pripravljene varnostne liste (SDS) - znane tudi kot varnostni listi materialov (MSDS) -, ki so prilagojeni va\u0161emu izdelku in skladni z najnovej\u0161imi predpisi EU.","breadcrumb":{"@id":"https:\/\/www.ufi.eu\/sl\/product\/storitev-izdelave-varnostnega-lista-msds-sds\/#breadcrumb"},"inLanguage":"sl-SI","potentialAction":[{"@type":"ReadAction","target":["https:\/\/www.ufi.eu\/sl\/product\/storitev-izdelave-varnostnega-lista-msds-sds\/"]}]},{"@type":"ImageObject","inLanguage":"sl-SI","@id":"https:\/\/www.ufi.eu\/sl\/product\/storitev-izdelave-varnostnega-lista-msds-sds\/#primaryimage","url":"https:\/\/www.ufi.eu\/wp-content\/uploads\/2025\/03\/pcn_ufi.jpg","contentUrl":"https:\/\/www.ufi.eu\/wp-content\/uploads\/2025\/03\/pcn_ufi.jpg","width":1024,"height":1024},{"@type":"BreadcrumbList","@id":"https:\/\/www.ufi.eu\/sl\/product\/storitev-izdelave-varnostnega-lista-msds-sds\/#breadcrumb","itemListElement":[{"@type":"ListItem","position":1,"name":"Home","item":"https:\/\/www.ufi.eu\/sl\/domov\/"},{"@type":"ListItem","position":2,"name":"Trgovina","item":"https:\/\/www.ufi.eu\/sl\/trgovina\/"},{"@type":"ListItem","position":3,"name":"Storitev izdelave varnostnega lista (MSDS\/SDS)"}]},{"@type":"WebSite","@id":"https:\/\/www.ufi.eu\/sl\/#website","url":"https:\/\/www.ufi.eu\/sl\/","name":"UFI.EU","description":"Poison Centre Notifications (PCN) and UFI","publisher":{"@id":"https:\/\/www.ufi.eu\/sl\/#organization"},"potentialAction":[{"@type":"SearchAction","target":{"@type":"EntryPoint","urlTemplate":"https:\/\/www.ufi.eu\/sl\/?s={search_term_string}"},"query-input":{"@type":"PropertyValueSpecification","valueRequired":true,"valueName":"search_term_string"}}],"inLanguage":"sl-SI"},{"@type":"Organization","@id":"https:\/\/www.ufi.eu\/sl\/#organization","name":"UFI.EU","url":"https:\/\/www.ufi.eu\/sl\/","logo":{"@type":"ImageObject","inLanguage":"sl-SI","@id":"https:\/\/www.ufi.eu\/sl\/#\/schema\/logo\/image\/","url":"https:\/\/www.ufi.eu\/wp-content\/uploads\/2025\/03\/cropped-logo_ufi3.jpg","contentUrl":"https:\/\/www.ufi.eu\/wp-content\/uploads\/2025\/03\/cropped-logo_ufi3.jpg","width":231,"height":78,"caption":"UFI.EU"},"image":{"@id":"https:\/\/www.ufi.eu\/sl\/#\/schema\/logo\/image\/"},"description":"UFI.eu specializes in digital registrations for Poison Centre Notifications (PCN), ensuring your chemical products meet EU regulatory requirements effortlessly. Our streamlined solutions help businesses stay compliant while reducing complexity and administrative burden.","email":"info@ufi.eu","legalName":"UFI.EU"}]},"product_price_amount":"0.00","product_price_currency":"EUR","og_availability":"instock","product_availability":"instock","product_condition":"new"},"_links":{"self":[{"href":"https:\/\/www.ufi.eu\/sl\/wp-json\/wp\/v2\/product\/12816","targetHints":{"allow":["GET"]}}],"collection":[{"href":"https:\/\/www.ufi.eu\/sl\/wp-json\/wp\/v2\/product"}],"about":[{"href":"https:\/\/www.ufi.eu\/sl\/wp-json\/wp\/v2\/types\/product"}],"wp:featuredmedia":[{"embeddable":true,"href":"https:\/\/www.ufi.eu\/sl\/wp-json\/wp\/v2\/media\/12488"}],"wp:attachment":[{"href":"https:\/\/www.ufi.eu\/sl\/wp-json\/wp\/v2\/media?parent=12816"}],"wp:term":[{"taxonomy":"product_brand","embeddable":true,"href":"https:\/\/www.ufi.eu\/sl\/wp-json\/wp\/v2\/product_brand?post=12816"},{"taxonomy":"product_cat","embeddable":true,"href":"https:\/\/www.ufi.eu\/sl\/wp-json\/wp\/v2\/product_cat?post=12816"},{"taxonomy":"product_tag","embeddable":true,"href":"https:\/\/www.ufi.eu\/sl\/wp-json\/wp\/v2\/product_tag?post=12816"}],"curies":[{"name":"wp","href":"https:\/\/api.w.org\/{rel}","templated":true}]}}