{"id":12806,"date":"2025-04-15T20:37:04","date_gmt":"2025-04-15T20:37:04","guid":{"rendered":"https:\/\/www.ufi.eu\/pcn\/nekategorizirano\/pcn-in-ufi-za-podjetja-zunaj-eu\/"},"modified":"2025-04-15T20:37:07","modified_gmt":"2025-04-15T20:37:07","slug":"pcn-in-ufi-za-podjetja-zunaj-eu","status":"publish","type":"product","link":"https:\/\/www.ufi.eu\/sl\/product\/pcn-in-ufi-za-podjetja-zunaj-eu\/","title":{"rendered":"PCN in UFI za podjetja zunaj EU"},"content":{"rendered":"\n<p>\u0160iritev na trg EU ponuja vznemirljive prilo\u017enosti, vendar je povezana tudi s strogimi regulativnimi obveznostmi. \u010ce ima va\u0161e podjetje sede\u017e zunaj EU\/EGP ali Severne Irske in nameravate v EU prodajati kemi\u010dne zmesi, kot so kozmeti\u010dni izdelki, \u010distila ali drugi regulirani izdelki, boste morali izpolnjevati posebne zahteve glede skladnosti v skladu z uredbo CLP (ES \u0161t. 1272\/2008), vklju\u010dno z obve\u0161\u010danjem centra za zastrupitve (PCN) in uporabo edinstvenega identifikatorja formule (UFI). <\/p>\n\n<p>Kot podjetje, ki ni iz EU, ne smete neposredno predlo\u017eiti PCN, vendar <strong>vam pri tem lahko pomagamo<\/strong>. Nudimo vam popolno podporo z <strong>regulativnimi smernicami in pripravo skladne etikete<\/strong>, s \u010dimer vam pomagamo samozavestno krmariti po zakonih EU ter profesionalno in u\u010dinkovito vstopiti na evropski trg. <\/p>\n\n<p>\u010ce je va\u0161e podjetje zunaj EU\/EGP ali Severne Irske, ne smete neposredno predlo\u017eiti obvestila centra za zastrupitve (PCN) v skladu s Prilogo VIII k Uredbi (ES) \u0161t. 1272\/2008 (uredba CLP).  <\/p>\n\n<h2 class=\"wp-block-heading\" id=\"h-non-eu-companies-must-appoint-an-eu-based-contact\">Podjetja, ki niso iz EU, morajo imenovati kontaktno osebo s sede\u017eem v EU.<\/h2>\n\n<p>Upo\u0161tevajte: <strong>podjetja, ki niso iz EU, ne smejo sama predlo\u017eiti PCN.<\/strong><br\/>Da bi ravnali v skladu z zakonodajo EU, morate imenovati poobla\u0161\u010denca:<\/p>\n\n<ul class=\"wp-block-list\">\n<li><strong>Uvoznik iz EU<\/strong> ali<\/li>\n\n\n\n<li><strong>&#8220;Nadaljnji uporabnik&#8221; ali samo zastopnik s sede\u017eem v EU<\/strong><\/li>\n<\/ul>\n\n<p>Ta imenovani subjekt bo odgovoren za predlo\u017eitev PCN in mora biti naveden v obvestilu. Pomagamo vam lahko pri pripravi skladnosti va\u0161ega izdelka. <\/p>\n\n<h2 class=\"wp-block-heading\">Kako deluje storitev ustvarjanja UFI in obve\u0161\u010danja o PCN?<\/h2>\n\n<p>Po nakupu te storitve boste prejeli dostop do varnega portala. Ta portal vsebuje pregled vseh korakov.  Izpolnite podatke o izdelku, mi pa se bomo lotili dela.<\/p>\n\n<h3 class=\"wp-block-heading\">Obvestilo centra za zastrupitve in UFI<\/h3>\n\n<p>Zagotovili bomo:<\/p>\n\n<ul class=\"wp-block-list\">\n<li>Edinstveni identifikator formule (UFI) va\u0161ega izdelka.<\/li>\n\n\n\n<li>Poro\u010dilo o obvestilu centra za zastrupitve (PCN)<\/li>\n\n\n\n<li>Registracija va\u0161ega izdelka v ustreznih nacionalnih centrih za zastrupitve prek agencije ECHA.<\/li>\n<\/ul>\n\n<h3 class=\"wp-block-heading\">Dr\u017eave za registracijo PCN<\/h3>\n\n<p>Pre\u0161tejte \u0161tevilo dr\u017eav, v katerih \u017eelite registrirati svoj izdelek. V portalu boste lahko izbrali posamezne dr\u017eave. Dodatne dr\u017eave lahko dodate pozneje, vedno pa lahko naro\u010dite tudi dodatne <a href=\"https:\/\/www.ufi.eu\/sl\/pcn\/drzave\/drzave-za-registracijo-pcn\/\" target=\"_blank\" rel=\"noreferrer noopener\">registracije PCN za posamezne dr\u017eave<\/a>.  <\/p>\n\n<h3 class=\"wp-block-heading\">Informacije na etiketi CLP<\/h3>\n\n<p>Ponujamo mo\u017enost nakupa etikete izdelka, skladne z uredbo CLP, ki vsebuje vse obvezne informacije, kot jih zahteva uredba EU CLP. Ta vam bo na voljo v obliki datoteke PDF, kar vam bo omogo\u010dilo, da vklju\u010dite potrebne informacije v zasnovo etikete izdelka. <a href=\"https:\/\/www.ufi.eu\/sl\/pcn\/oznaka-clp\/ustvarjanje-etikete-clp-in-preverjanje-skladnosti\/\" target=\"_blank\" rel=\"noreferrer noopener\">Informacije za etiketo CLP<\/a> lahko naro\u010dite tudi lo\u010deno. \u017de imate etiketo? &#8211; Va\u0161o etiketo lahko pregledamo v skladu z veljavnimi zahtevami uredbe CLP. Zagotovili bomo podrobne povratne informacije in popravke, da bo va\u0161a etiketa ustrezala vsem regulativnim standardom.     <\/p>\n","protected":false},"excerpt":{"rendered":"<p>\u0160iritev na trg EU ponuja vznemirljive prilo\u017enosti, vendar je povezana tudi s strogimi regulativnimi obveznostmi. \u010ce ima va\u0161e podjetje sede\u017e zunaj EU\/EGP ali Severne Irske in nameravate v EU prodajati kemi\u010dne zmesi, kot so kozmeti\u010dni izdelki, \u010distila ali drugi regulirani izdelki, boste morali izpolnjevati posebne zahteve glede skladnosti v skladu z uredbo CLP (ES \u0161t. [&hellip;]<\/p>\n","protected":false},"featured_media":12488,"template":"","meta":[],"product_brand":[],"product_cat":[423],"product_tag":[],"class_list":{"0":"post-12806","1":"product","2":"type-product","3":"status-publish","4":"has-post-thumbnail","6":"product_cat-zunaj-eu","8":"first","9":"instock","10":"virtual","11":"taxable","12":"purchasable","13":"product-type-bundle"},"bundled_by":[],"bundle_stock_status":"instock","bundle_stock_quantity":"","bundle_virtual":false,"bundle_layout":"default","bundle_add_to_cart_form_location":"default","bundle_editable_in_cart":false,"bundle_sold_individually_context":"product","bundle_item_grouping":"parent","bundle_min_size":"","bundle_max_size":"","bundle_price":{"price":{"min":{"incl_tax":"78.65","excl_tax":"65"},"max":{"incl_tax":"","excl_tax":""}},"regular_price":{"min":{"incl_tax":"78.65","excl_tax":"65"},"max":{"incl_tax":"","excl_tax":""}}},"bundled_items":[{"bundled_item_id":1349,"product_id":12582,"menu_order":0,"quantity_min":1,"quantity_max":1,"quantity_default":1,"priced_individually":true,"shipped_individually":true,"override_title":false,"title":null,"override_description":false,"description":null,"optional":false,"hide_thumbnail":false,"discount":"","override_variations":false,"allowed_variations":[""],"override_default_variation_attributes":false,"default_variation_attributes":[],"single_product_visibility":"visible","cart_visibility":"visible","order_visibility":"visible","single_product_price_visibility":"visible","cart_price_visibility":"visible","order_price_visibility":"visible","stock_status":"in_stock"},{"bundled_item_id":1350,"product_id":12568,"menu_order":1,"quantity_min":0,"quantity_max":"","quantity_default":0,"priced_individually":true,"shipped_individually":true,"override_title":false,"title":null,"override_description":false,"description":null,"optional":false,"hide_thumbnail":false,"discount":"","override_variations":false,"allowed_variations":[""],"override_default_variation_attributes":false,"default_variation_attributes":[],"single_product_visibility":"visible","cart_visibility":"visible","order_visibility":"visible","single_product_price_visibility":"visible","cart_price_visibility":"visible","order_price_visibility":"visible","stock_status":"in_stock"},{"bundled_item_id":1351,"product_id":12765,"menu_order":2,"quantity_min":1,"quantity_max":1,"quantity_default":1,"priced_individually":true,"shipped_individually":true,"override_title":false,"title":null,"override_description":false,"description":null,"optional":true,"hide_thumbnail":false,"discount":"","override_variations":false,"allowed_variations":[""],"override_default_variation_attributes":false,"default_variation_attributes":[],"single_product_visibility":"visible","cart_visibility":"visible","order_visibility":"visible","single_product_price_visibility":"visible","cart_price_visibility":"visible","order_price_visibility":"visible","stock_status":"in_stock"}],"bundle_sell_ids":[],"yoast_head":"<!-- This site is optimized with the Yoast SEO Premium plugin v25.1 (Yoast SEO v25.1) - https:\/\/yoast.com\/wordpress\/plugins\/seo\/ -->\n<title>PCN in UFI za podjetja zunaj EU - UFI<\/title>\n<meta name=\"description\" content=\"Podjetjem zunaj EU nudimo podporo pri PCN in UFI. Podjetja s sede\u017eem zunaj EU\/EGP ali Severne Irske.\" \/>\n<meta name=\"robots\" content=\"index, follow, max-snippet:-1, max-image-preview:large, max-video-preview:-1\" \/>\n<link rel=\"canonical\" href=\"https:\/\/www.ufi.eu\/sl\/product\/pcn-in-ufi-za-podjetja-zunaj-eu\/\" \/>\n<meta property=\"og:locale\" content=\"sl_SI\" \/>\n<meta property=\"og:type\" content=\"article\" \/>\n<meta property=\"og:title\" content=\"PCN in UFI za podjetja zunaj EU\" \/>\n<meta property=\"og:description\" content=\"Podjetjem zunaj EU nudimo podporo pri PCN in UFI. Podjetja s sede\u017eem zunaj EU\/EGP ali Severne Irske.\" \/>\n<meta property=\"og:url\" content=\"https:\/\/www.ufi.eu\/sl\/product\/pcn-in-ufi-za-podjetja-zunaj-eu\/\" \/>\n<meta property=\"og:site_name\" content=\"UFI\" \/>\n<meta property=\"article:modified_time\" content=\"2025-04-15T20:37:07+00:00\" \/>\n<meta property=\"og:image\" content=\"https:\/\/www.ufi.eu\/wp-content\/uploads\/2025\/03\/pcn_ufi.jpg\" \/>\n\t<meta property=\"og:image:width\" content=\"1024\" \/>\n\t<meta property=\"og:image:height\" content=\"1024\" \/>\n\t<meta property=\"og:image:type\" content=\"image\/jpeg\" \/>\n<meta name=\"twitter:card\" content=\"summary_large_image\" \/>\n<meta name=\"twitter:label1\" content=\"Price\" \/>\n\t<meta name=\"twitter:data1\" content=\"&euro;0.00\" \/>\n\t<meta name=\"twitter:label2\" content=\"Availability\" \/>\n\t<meta name=\"twitter:data2\" content=\"In stock\" \/>\n<script type=\"application\/ld+json\" class=\"yoast-schema-graph\">{\"@context\":\"https:\/\/schema.org\",\"@graph\":[{\"@type\":\"WebPage\",\"@id\":\"https:\/\/www.ufi.eu\/sl\/product\/pcn-in-ufi-za-podjetja-zunaj-eu\/\",\"url\":\"https:\/\/www.ufi.eu\/sl\/product\/pcn-in-ufi-za-podjetja-zunaj-eu\/\",\"name\":\"PCN in UFI za podjetja zunaj EU - UFI\",\"isPartOf\":{\"@id\":\"https:\/\/www.ufi.eu\/sl\/#website\"},\"primaryImageOfPage\":{\"@id\":\"https:\/\/www.ufi.eu\/sl\/product\/pcn-in-ufi-za-podjetja-zunaj-eu\/#primaryimage\"},\"image\":{\"@id\":\"https:\/\/www.ufi.eu\/sl\/product\/pcn-in-ufi-za-podjetja-zunaj-eu\/#primaryimage\"},\"thumbnailUrl\":\"https:\/\/www.ufi.eu\/wp-content\/uploads\/2025\/03\/pcn_ufi.jpg\",\"datePublished\":\"2025-04-15T20:37:04+00:00\",\"dateModified\":\"2025-04-15T20:37:07+00:00\",\"description\":\"Podjetjem zunaj EU nudimo podporo pri PCN in UFI. Podjetja s sede\u017eem zunaj EU\/EGP ali Severne Irske.\",\"breadcrumb\":{\"@id\":\"https:\/\/www.ufi.eu\/sl\/product\/pcn-in-ufi-za-podjetja-zunaj-eu\/#breadcrumb\"},\"inLanguage\":\"sl-SI\",\"potentialAction\":[{\"@type\":\"ReadAction\",\"target\":[\"https:\/\/www.ufi.eu\/sl\/product\/pcn-in-ufi-za-podjetja-zunaj-eu\/\"]}]},{\"@type\":\"ImageObject\",\"inLanguage\":\"sl-SI\",\"@id\":\"https:\/\/www.ufi.eu\/sl\/product\/pcn-in-ufi-za-podjetja-zunaj-eu\/#primaryimage\",\"url\":\"https:\/\/www.ufi.eu\/wp-content\/uploads\/2025\/03\/pcn_ufi.jpg\",\"contentUrl\":\"https:\/\/www.ufi.eu\/wp-content\/uploads\/2025\/03\/pcn_ufi.jpg\",\"width\":1024,\"height\":1024},{\"@type\":\"BreadcrumbList\",\"@id\":\"https:\/\/www.ufi.eu\/sl\/product\/pcn-in-ufi-za-podjetja-zunaj-eu\/#breadcrumb\",\"itemListElement\":[{\"@type\":\"ListItem\",\"position\":1,\"name\":\"Home\",\"item\":\"https:\/\/www.ufi.eu\/sl\/domov\/\"},{\"@type\":\"ListItem\",\"position\":2,\"name\":\"Trgovina\",\"item\":\"https:\/\/www.ufi.eu\/sl\/trgovina\/\"},{\"@type\":\"ListItem\",\"position\":3,\"name\":\"PCN in UFI za podjetja zunaj EU\"}]},{\"@type\":\"WebSite\",\"@id\":\"https:\/\/www.ufi.eu\/sl\/#website\",\"url\":\"https:\/\/www.ufi.eu\/sl\/\",\"name\":\"UFI.EU\",\"description\":\"Poison Centre Notifications (PCN) and UFI\",\"publisher\":{\"@id\":\"https:\/\/www.ufi.eu\/sl\/#organization\"},\"potentialAction\":[{\"@type\":\"SearchAction\",\"target\":{\"@type\":\"EntryPoint\",\"urlTemplate\":\"https:\/\/www.ufi.eu\/sl\/?s={search_term_string}\"},\"query-input\":{\"@type\":\"PropertyValueSpecification\",\"valueRequired\":true,\"valueName\":\"search_term_string\"}}],\"inLanguage\":\"sl-SI\"},{\"@type\":\"Organization\",\"@id\":\"https:\/\/www.ufi.eu\/sl\/#organization\",\"name\":\"UFI.EU\",\"url\":\"https:\/\/www.ufi.eu\/sl\/\",\"logo\":{\"@type\":\"ImageObject\",\"inLanguage\":\"sl-SI\",\"@id\":\"https:\/\/www.ufi.eu\/sl\/#\/schema\/logo\/image\/\",\"url\":\"https:\/\/www.ufi.eu\/wp-content\/uploads\/2025\/03\/cropped-logo_ufi3.jpg\",\"contentUrl\":\"https:\/\/www.ufi.eu\/wp-content\/uploads\/2025\/03\/cropped-logo_ufi3.jpg\",\"width\":231,\"height\":78,\"caption\":\"UFI.EU\"},\"image\":{\"@id\":\"https:\/\/www.ufi.eu\/sl\/#\/schema\/logo\/image\/\"},\"description\":\"UFI.eu specializes in digital registrations for Poison Centre Notifications (PCN), ensuring your chemical products meet EU regulatory requirements effortlessly. Our streamlined solutions help businesses stay compliant while reducing complexity and administrative burden.\",\"email\":\"info@ufi.eu\",\"legalName\":\"UFI.EU\"}]}<\/script>\n<meta property=\"product:price:amount\" content=\"0.00\" \/>\n<meta property=\"product:price:currency\" content=\"EUR\" \/>\n<meta property=\"og:availability\" content=\"instock\" \/>\n<meta property=\"product:availability\" content=\"instock\" \/>\n<meta property=\"product:condition\" content=\"new\" \/>\n<!-- \/ Yoast SEO Premium plugin. -->","yoast_head_json":{"title":"PCN in UFI za podjetja zunaj EU - UFI","description":"Podjetjem zunaj EU nudimo podporo pri PCN in UFI. Podjetja s sede\u017eem zunaj EU\/EGP ali Severne Irske.","robots":{"index":"index","follow":"follow","max-snippet":"max-snippet:-1","max-image-preview":"max-image-preview:large","max-video-preview":"max-video-preview:-1"},"canonical":"https:\/\/www.ufi.eu\/sl\/product\/pcn-in-ufi-za-podjetja-zunaj-eu\/","og_locale":"sl_SI","og_type":"article","og_title":"PCN in UFI za podjetja zunaj EU","og_description":"Podjetjem zunaj EU nudimo podporo pri PCN in UFI. Podjetja s sede\u017eem zunaj EU\/EGP ali Severne Irske.","og_url":"https:\/\/www.ufi.eu\/sl\/product\/pcn-in-ufi-za-podjetja-zunaj-eu\/","og_site_name":"UFI","article_modified_time":"2025-04-15T20:37:07+00:00","og_image":[{"width":1024,"height":1024,"url":"https:\/\/www.ufi.eu\/wp-content\/uploads\/2025\/03\/pcn_ufi.jpg","type":"image\/jpeg"}],"twitter_card":"summary_large_image","twitter_misc":{"Price":"&euro;0.00","Availability":"In stock"},"schema":{"@context":"https:\/\/schema.org","@graph":[{"@type":"WebPage","@id":"https:\/\/www.ufi.eu\/sl\/product\/pcn-in-ufi-za-podjetja-zunaj-eu\/","url":"https:\/\/www.ufi.eu\/sl\/product\/pcn-in-ufi-za-podjetja-zunaj-eu\/","name":"PCN in UFI za podjetja zunaj EU - UFI","isPartOf":{"@id":"https:\/\/www.ufi.eu\/sl\/#website"},"primaryImageOfPage":{"@id":"https:\/\/www.ufi.eu\/sl\/product\/pcn-in-ufi-za-podjetja-zunaj-eu\/#primaryimage"},"image":{"@id":"https:\/\/www.ufi.eu\/sl\/product\/pcn-in-ufi-za-podjetja-zunaj-eu\/#primaryimage"},"thumbnailUrl":"https:\/\/www.ufi.eu\/wp-content\/uploads\/2025\/03\/pcn_ufi.jpg","datePublished":"2025-04-15T20:37:04+00:00","dateModified":"2025-04-15T20:37:07+00:00","description":"Podjetjem zunaj EU nudimo podporo pri PCN in UFI. Podjetja s sede\u017eem zunaj EU\/EGP ali Severne Irske.","breadcrumb":{"@id":"https:\/\/www.ufi.eu\/sl\/product\/pcn-in-ufi-za-podjetja-zunaj-eu\/#breadcrumb"},"inLanguage":"sl-SI","potentialAction":[{"@type":"ReadAction","target":["https:\/\/www.ufi.eu\/sl\/product\/pcn-in-ufi-za-podjetja-zunaj-eu\/"]}]},{"@type":"ImageObject","inLanguage":"sl-SI","@id":"https:\/\/www.ufi.eu\/sl\/product\/pcn-in-ufi-za-podjetja-zunaj-eu\/#primaryimage","url":"https:\/\/www.ufi.eu\/wp-content\/uploads\/2025\/03\/pcn_ufi.jpg","contentUrl":"https:\/\/www.ufi.eu\/wp-content\/uploads\/2025\/03\/pcn_ufi.jpg","width":1024,"height":1024},{"@type":"BreadcrumbList","@id":"https:\/\/www.ufi.eu\/sl\/product\/pcn-in-ufi-za-podjetja-zunaj-eu\/#breadcrumb","itemListElement":[{"@type":"ListItem","position":1,"name":"Home","item":"https:\/\/www.ufi.eu\/sl\/domov\/"},{"@type":"ListItem","position":2,"name":"Trgovina","item":"https:\/\/www.ufi.eu\/sl\/trgovina\/"},{"@type":"ListItem","position":3,"name":"PCN in UFI za podjetja zunaj EU"}]},{"@type":"WebSite","@id":"https:\/\/www.ufi.eu\/sl\/#website","url":"https:\/\/www.ufi.eu\/sl\/","name":"UFI.EU","description":"Poison Centre Notifications (PCN) and UFI","publisher":{"@id":"https:\/\/www.ufi.eu\/sl\/#organization"},"potentialAction":[{"@type":"SearchAction","target":{"@type":"EntryPoint","urlTemplate":"https:\/\/www.ufi.eu\/sl\/?s={search_term_string}"},"query-input":{"@type":"PropertyValueSpecification","valueRequired":true,"valueName":"search_term_string"}}],"inLanguage":"sl-SI"},{"@type":"Organization","@id":"https:\/\/www.ufi.eu\/sl\/#organization","name":"UFI.EU","url":"https:\/\/www.ufi.eu\/sl\/","logo":{"@type":"ImageObject","inLanguage":"sl-SI","@id":"https:\/\/www.ufi.eu\/sl\/#\/schema\/logo\/image\/","url":"https:\/\/www.ufi.eu\/wp-content\/uploads\/2025\/03\/cropped-logo_ufi3.jpg","contentUrl":"https:\/\/www.ufi.eu\/wp-content\/uploads\/2025\/03\/cropped-logo_ufi3.jpg","width":231,"height":78,"caption":"UFI.EU"},"image":{"@id":"https:\/\/www.ufi.eu\/sl\/#\/schema\/logo\/image\/"},"description":"UFI.eu specializes in digital registrations for Poison Centre Notifications (PCN), ensuring your chemical products meet EU regulatory requirements effortlessly. Our streamlined solutions help businesses stay compliant while reducing complexity and administrative burden.","email":"info@ufi.eu","legalName":"UFI.EU"}]},"product_price_amount":"0.00","product_price_currency":"EUR","og_availability":"instock","product_availability":"instock","product_condition":"new"},"_links":{"self":[{"href":"https:\/\/www.ufi.eu\/sl\/wp-json\/wp\/v2\/product\/12806","targetHints":{"allow":["GET"]}}],"collection":[{"href":"https:\/\/www.ufi.eu\/sl\/wp-json\/wp\/v2\/product"}],"about":[{"href":"https:\/\/www.ufi.eu\/sl\/wp-json\/wp\/v2\/types\/product"}],"wp:featuredmedia":[{"embeddable":true,"href":"https:\/\/www.ufi.eu\/sl\/wp-json\/wp\/v2\/media\/12488"}],"wp:attachment":[{"href":"https:\/\/www.ufi.eu\/sl\/wp-json\/wp\/v2\/media?parent=12806"}],"wp:term":[{"taxonomy":"product_brand","embeddable":true,"href":"https:\/\/www.ufi.eu\/sl\/wp-json\/wp\/v2\/product_brand?post=12806"},{"taxonomy":"product_cat","embeddable":true,"href":"https:\/\/www.ufi.eu\/sl\/wp-json\/wp\/v2\/product_cat?post=12806"},{"taxonomy":"product_tag","embeddable":true,"href":"https:\/\/www.ufi.eu\/sl\/wp-json\/wp\/v2\/product_tag?post=12806"}],"curies":[{"name":"wp","href":"https:\/\/api.w.org\/{rel}","templated":true}]}}