{"id":12765,"date":"2025-04-05T15:21:48","date_gmt":"2025-04-15T20:26:03","guid":{"rendered":"https:\/\/www.ufi.eu\/pcn\/nekategorizirano\/ustvarjanje-etikete-clp-in-preverjanje-skladnosti\/"},"modified":"2025-04-28T12:15:16","modified_gmt":"2025-04-28T12:15:16","slug":"ustvarjanje-etikete-clp-in-preverjanje-skladnosti","status":"publish","type":"product","link":"https:\/\/www.ufi.eu\/sl\/product\/ustvarjanje-etikete-clp-in-preverjanje-skladnosti\/","title":{"rendered":"Ustvarjanje etikete CLP in preverjanje skladnosti"},"content":{"rendered":"\n<p><strong>Strokovne storitve ozna\u010devanja nevarnih zmesi v skladu z Uredbo CLP (ES \u0161t. 1272\/2008)<\/strong><\/p>\n\n<p>Specializirani smo za izdelavo in preverjanje zakonsko skladnih etiket za nevarne kemi\u010dne izdelke. Ne glede na to, ali uvajate kozmeti\u010dno osnovo z nevarnimi sestavinami, industrijsko \u010distilo ali drugo kemi\u010dno zmes, na\u0161a storitev ozna\u010devanja CLP zagotavlja, da ozna\u010devanje va\u0161ih izdelkov izpolnjuje vse zakonske zahteve v EU in EGP. <\/p>\n\n<h2 class=\"wp-block-heading\" id=\"h-why-clp-compliant-labels-are-essential\">Zakaj so etikete, skladne z uredbo CLP, bistvenega pomena<\/h2>\n\n<p>V skladu z <strong>uredbo CLP (razvr\u0161\u010danje, ozna\u010devanje in pakiranje<\/strong>) morajo dobavitelji nevarnih snovi in zmesi:<\/p>\n\n<ul class=\"wp-block-list\">\n<li>razvrstiti svoje izdelke glede na fizikalne nevarnosti, nevarnosti za zdravje in nevarnosti za okolje.<\/li>\n\n\n\n<li>Ustrezno jih ozna\u010dite s predpisanimi elementi, kot so piktogrami nevarnosti, opozorilne besede ter standardizirani stavki o nevarnosti in previdnostni stavki.<\/li>\n\n\n\n<li>Varno jih zapakirajte in prilo\u017eite zahtevano identifikacijo dobavitelja.<\/li>\n<\/ul>\n\n<p>Nepravilne ali nepopolne oznake lahko povzro\u010dijo <strong>odpoklic izdelkov<\/strong>, <strong>pravne sankcije<\/strong> ali <strong>zavrnitev s strani trgovcev na drobno<\/strong> in spletnih tr\u017enic.<\/p>\n\n<h2 class=\"wp-block-heading\" id=\"h-what-our-clp-label-service-includes\">Kaj vklju\u010duje na\u0161a storitev ozna\u010devanja CLP<\/h2>\n\n<h4 class=\"wp-block-heading\" id=\"h-1-clp-label-creation\">1. <strong>Ustvarjanje nalepke CLP<\/strong><\/h4>\n\n<p>Va\u0161o etiketo oblikujemo od za\u010detka, na podlagi varnostnega lista izdelka (SDS) ali podatkov o sestavi. Na\u0161e storitve vklju\u010dujejo: <\/p>\n\n<ul class=\"wp-block-list\">\n<li>pravilno razvr\u0161\u010danje nevarnosti (na podlagi varnostnega lista ali informacij o sestavinah).<\/li>\n\n\n\n<li>Izbira ustreznih <strong>piktogramov za nevarnost<\/strong>, <strong>opozorilne besede<\/strong>, <strong>stavkov H<\/strong> in <strong>stavkov P<\/strong>.<\/li>\n\n\n\n<li>Postavitev v skladu z zahtevanimi merami in berljivostjo.<\/li>\n\n\n\n<li>Vklju\u010ditev imena dobavitelja, UFI (\u010de je primerno) in drugih pravnih elementov.<\/li>\n<\/ul>\n\n<h4 class=\"wp-block-heading\" id=\"h-2-label-verification-compliance-check\">2. <strong>Preverjanje nalepke \/ preverjanje skladnosti<\/strong><\/h4>\n\n<p>\u017de imate nalepko? Va\u0161o zasnovo preverimo glede na veljavne zahteve CLP ter vam zagotovimo jasne povratne informacije in popravke, \u010de so potrebni: <\/p>\n\n<ul class=\"wp-block-list\">\n<li>Natan\u010dnost razvr\u0161\u010danja nevarnosti.<\/li>\n\n\n\n<li>Pravilna uporaba fraz, signalne besede in piktogramov.<\/li>\n\n\n\n<li>\u010ditljivost, oblika in postavitev obveznih elementov.<\/li>\n\n\n\n<li>Preverjanje prisotnosti in strukture UFI (po potrebi).<\/li>\n<\/ul>\n\n<h4 class=\"wp-block-heading\" id=\"h-3-optional-add-ons\">3. <strong>Neobvezni dodatki<\/strong><\/h4>\n\n<ul class=\"wp-block-list\">\n<li>Storitev <strong>generiranja UFI<\/strong> in obve\u0161\u010danja o PCN.<\/li>\n\n\n\n<li><strong>pregled varnostnega lista (SDS)<\/strong>, da se zagotovi skladnost s podatki na etiketi.<\/li>\n\n\n\n<li>Jezikovni prevodi za etikete, namenjene za ve\u010d trgov EU.<\/li>\n<\/ul>\n\n<h2 class=\"wp-block-heading\" id=\"h-which-products-require-clp-compliant-labels\">Za katere izdelke so potrebne oznake, skladne z uredbo CLP?<\/h2>\n\n<p>Na\u0161a storitev ozna\u010devanja CLP velja za \u0161irok nabor nevarnih zmesi, med drugim za:<\/p>\n\n<ul class=\"wp-block-list\">\n<li>Industrijska in gospodinjska \u010distila.<\/li>\n\n\n\n<li>Barve, lepila, smole in premazi.<\/li>\n\n\n\n<li>Avtomobilski izdelki in maziva.<\/li>\n\n\n\n<li>Di\u0161avne me\u0161anice in koncentrati eteri\u010dnih olj.<\/li>\n\n\n\n<li>Osve\u017eilci zraka, talilni voski in di\u0161e\u010da pr\u0161ila za prostore.<\/li>\n\n\n\n<li>Tehni\u010dni aerosoli in razpr\u0161ila.<\/li>\n<\/ul>\n\n<p>\u010ce va\u0161 izdelek vsebuje sestavine, ki predstavljajo <strong>fizi\u010dno nevarnost, nevarnost za zdravje ali okolje<\/strong>, je verjetno potrebna etiketa, skladna z uredbo CLP.<\/p>\n\n<h2 class=\"wp-block-heading\" id=\"h-who-is-this-service-for\">Za koga je ta storitev namenjena?<\/h2>\n\n<ul class=\"wp-block-list\">\n<li><strong>Proizvajalci<\/strong>, <strong>uvozniki<\/strong> in <strong>zasebni ozna\u010devalci<\/strong> kemi\u010dnih me\u0161anic.<\/li>\n\n\n\n<li><strong>Za\u010detna podjetja<\/strong> in MSP, ki i\u0161\u010dejo cenovno ugodno regulativno podporo.<\/li>\n\n\n\n<li><strong>Trgovci na drobno in tr\u017enice<\/strong>, ki potrebujejo skladne etikete za nadaljnjo prodajo.<\/li>\n\n\n\n<li><strong>Izvozniki, ki<\/strong> distribuirajo v dr\u017eave EU\/EGP.<\/li>\n<\/ul>\n\n<h2 class=\"wp-block-heading\" id=\"h-why-choose-ufi-eu\">Zakaj izbrati UFI.EU?<\/h2>\n\n<ul class=\"wp-block-list\">\n<li><strong>Strokovno znanje in izku\u0161nje na<\/strong> podro\u010dju <strong>zakonodaje<\/strong> CLP, UFI in PCN v razli\u010dnih panogah.<\/li>\n\n\n\n<li><strong>Hitri \u010dasi obdelave<\/strong> in jasna komunikacija.<\/li>\n\n\n\n<li><strong>Natan\u010dno in pravno utemeljeno ozna\u010devanje na<\/strong> podlagi najnovej\u0161ih predpisov EU.<\/li>\n\n\n\n<li><strong>Ve\u010djezi\u010dna podpora za<\/strong> vseevropsko skladnost.<\/li>\n<\/ul>\n\n<h2 class=\"wp-block-heading\" id=\"h-how-it-works\">Kako deluje<\/h2>\n\n<ol class=\"wp-block-list\">\n<li><strong>Po\u0161ljite svoj varnostni list ali informacije o formulaciji.<\/strong><\/li>\n\n\n\n<li><strong>Analiziramo podatke in pripravimo ali pregledamo va\u0161o etiketo.<\/strong><\/li>\n\n\n\n<li><strong>Prejmete datoteko etikete CLP, ki je pripravljena za uporabo, ali poro\u010dilo z zahtevanimi popravki.<\/strong><\/li>\n<\/ol>\n\n<h2 class=\"wp-block-heading\" id=\"h-ready-to-order\">Ste pripravljeni za naro\u010dilo?<\/h2>\n\n<p>Izognite se stresu zaradi neskladnih nalepk. Naj vam na\u0161i strokovnjaki pomagajo izpolnjevati zakonske obveznosti z zaupanjem. <br\/><strong>\u0160e danes naro\u010dite izdelavo etikete CLP ali preverjanje skladnosti.<\/strong><\/p>\n","protected":false},"excerpt":{"rendered":"<p>Zagotovili bomo podatke za va\u0161o etiketo izdelka. Va\u0161o kon\u010dno obliko etikete bomo preverili glede skladnosti z zakonodajo. <\/p>\n","protected":false},"featured_media":12488,"template":"","meta":[],"product_brand":[],"product_cat":[400],"product_tag":[],"class_list":{"0":"post-12765","1":"product","2":"type-product","3":"status-publish","4":"has-post-thumbnail","6":"product_cat-oznaka-clp","8":"first","9":"instock","10":"virtual","11":"taxable","12":"purchasable","13":"product-type-simple"},"bundled_by":["12806","13595","14274","31746"],"bundle_stock_status":"instock","bundle_stock_quantity":null,"bundle_virtual":false,"bundle_layout":"","bundle_add_to_cart_form_location":"","bundle_editable_in_cart":false,"bundle_sold_individually_context":"","bundle_item_grouping":"","bundle_min_size":"","bundle_max_size":"","bundle_price":[],"bundled_items":[],"bundle_sell_ids":[],"yoast_head":"<!-- This site is optimized with the Yoast SEO Premium plugin v25.1 (Yoast SEO v25.1) - https:\/\/yoast.com\/wordpress\/plugins\/seo\/ -->\n<title>Ustvarjanje etikete CLP in preverjanje skladnosti - UFI<\/title>\n<meta name=\"description\" content=\"Na\u0161a storitev izdelave etikete CLP in preverjanja skladnosti zagotavlja, da va\u0161e ozna\u010devanje izdelkov izpolnjuje vse zakonske zahteve v EU in EGP.\" \/>\n<meta name=\"robots\" content=\"index, follow, max-snippet:-1, max-image-preview:large, max-video-preview:-1\" \/>\n<link rel=\"canonical\" href=\"https:\/\/www.ufi.eu\/sl\/product\/ustvarjanje-etikete-clp-in-preverjanje-skladnosti\/\" \/>\n<meta property=\"og:locale\" content=\"sl_SI\" \/>\n<meta property=\"og:type\" content=\"article\" \/>\n<meta property=\"og:title\" content=\"Ustvarjanje etikete CLP in preverjanje skladnosti\" \/>\n<meta property=\"og:description\" content=\"Na\u0161a storitev izdelave etikete CLP in preverjanja skladnosti zagotavlja, da va\u0161e ozna\u010devanje izdelkov izpolnjuje vse zakonske zahteve v EU in EGP.\" \/>\n<meta property=\"og:url\" content=\"https:\/\/www.ufi.eu\/sl\/product\/ustvarjanje-etikete-clp-in-preverjanje-skladnosti\/\" \/>\n<meta property=\"og:site_name\" content=\"UFI\" \/>\n<meta property=\"article:modified_time\" content=\"2025-04-28T12:15:16+00:00\" \/>\n<meta property=\"og:image\" content=\"https:\/\/www.ufi.eu\/wp-content\/uploads\/2025\/03\/pcn_ufi.jpg\" \/>\n\t<meta property=\"og:image:width\" content=\"1024\" \/>\n\t<meta property=\"og:image:height\" content=\"1024\" \/>\n\t<meta property=\"og:image:type\" content=\"image\/jpeg\" \/>\n<meta name=\"twitter:card\" content=\"summary_large_image\" \/>\n<meta name=\"twitter:label1\" content=\"Price\" \/>\n\t<meta name=\"twitter:data1\" content=\"&euro;50.00\" \/>\n\t<meta name=\"twitter:label2\" content=\"Availability\" \/>\n\t<meta name=\"twitter:data2\" content=\"In stock\" \/>\n<script type=\"application\/ld+json\" class=\"yoast-schema-graph\">{\"@context\":\"https:\/\/schema.org\",\"@graph\":[{\"@type\":\"WebPage\",\"@id\":\"https:\/\/www.ufi.eu\/sl\/product\/ustvarjanje-etikete-clp-in-preverjanje-skladnosti\/\",\"url\":\"https:\/\/www.ufi.eu\/sl\/product\/ustvarjanje-etikete-clp-in-preverjanje-skladnosti\/\",\"name\":\"Ustvarjanje etikete CLP in preverjanje skladnosti - UFI\",\"isPartOf\":{\"@id\":\"https:\/\/www.ufi.eu\/sl\/#website\"},\"primaryImageOfPage\":{\"@id\":\"https:\/\/www.ufi.eu\/sl\/product\/ustvarjanje-etikete-clp-in-preverjanje-skladnosti\/#primaryimage\"},\"image\":{\"@id\":\"https:\/\/www.ufi.eu\/sl\/product\/ustvarjanje-etikete-clp-in-preverjanje-skladnosti\/#primaryimage\"},\"thumbnailUrl\":\"https:\/\/www.ufi.eu\/wp-content\/uploads\/2025\/03\/pcn_ufi.jpg\",\"datePublished\":\"2025-04-15T20:26:03+00:00\",\"dateModified\":\"2025-04-28T12:15:16+00:00\",\"description\":\"Na\u0161a storitev izdelave etikete CLP in preverjanja skladnosti zagotavlja, da va\u0161e ozna\u010devanje izdelkov izpolnjuje vse zakonske zahteve v EU in EGP.\",\"breadcrumb\":{\"@id\":\"https:\/\/www.ufi.eu\/sl\/product\/ustvarjanje-etikete-clp-in-preverjanje-skladnosti\/#breadcrumb\"},\"inLanguage\":\"sl-SI\",\"potentialAction\":[{\"@type\":\"ReadAction\",\"target\":[\"https:\/\/www.ufi.eu\/sl\/product\/ustvarjanje-etikete-clp-in-preverjanje-skladnosti\/\"]}]},{\"@type\":\"ImageObject\",\"inLanguage\":\"sl-SI\",\"@id\":\"https:\/\/www.ufi.eu\/sl\/product\/ustvarjanje-etikete-clp-in-preverjanje-skladnosti\/#primaryimage\",\"url\":\"https:\/\/www.ufi.eu\/wp-content\/uploads\/2025\/03\/pcn_ufi.jpg\",\"contentUrl\":\"https:\/\/www.ufi.eu\/wp-content\/uploads\/2025\/03\/pcn_ufi.jpg\",\"width\":1024,\"height\":1024},{\"@type\":\"BreadcrumbList\",\"@id\":\"https:\/\/www.ufi.eu\/sl\/product\/ustvarjanje-etikete-clp-in-preverjanje-skladnosti\/#breadcrumb\",\"itemListElement\":[{\"@type\":\"ListItem\",\"position\":1,\"name\":\"Home\",\"item\":\"https:\/\/www.ufi.eu\/sl\/domov\/\"},{\"@type\":\"ListItem\",\"position\":2,\"name\":\"Trgovina\",\"item\":\"https:\/\/www.ufi.eu\/sl\/trgovina\/\"},{\"@type\":\"ListItem\",\"position\":3,\"name\":\"Ustvarjanje etikete CLP in preverjanje skladnosti\"}]},{\"@type\":\"WebSite\",\"@id\":\"https:\/\/www.ufi.eu\/sl\/#website\",\"url\":\"https:\/\/www.ufi.eu\/sl\/\",\"name\":\"UFI.EU\",\"description\":\"Poison Centre Notifications (PCN) and UFI\",\"publisher\":{\"@id\":\"https:\/\/www.ufi.eu\/sl\/#organization\"},\"potentialAction\":[{\"@type\":\"SearchAction\",\"target\":{\"@type\":\"EntryPoint\",\"urlTemplate\":\"https:\/\/www.ufi.eu\/sl\/?s={search_term_string}\"},\"query-input\":{\"@type\":\"PropertyValueSpecification\",\"valueRequired\":true,\"valueName\":\"search_term_string\"}}],\"inLanguage\":\"sl-SI\"},{\"@type\":\"Organization\",\"@id\":\"https:\/\/www.ufi.eu\/sl\/#organization\",\"name\":\"UFI.EU\",\"url\":\"https:\/\/www.ufi.eu\/sl\/\",\"logo\":{\"@type\":\"ImageObject\",\"inLanguage\":\"sl-SI\",\"@id\":\"https:\/\/www.ufi.eu\/sl\/#\/schema\/logo\/image\/\",\"url\":\"https:\/\/www.ufi.eu\/wp-content\/uploads\/2025\/03\/cropped-logo_ufi3.jpg\",\"contentUrl\":\"https:\/\/www.ufi.eu\/wp-content\/uploads\/2025\/03\/cropped-logo_ufi3.jpg\",\"width\":231,\"height\":78,\"caption\":\"UFI.EU\"},\"image\":{\"@id\":\"https:\/\/www.ufi.eu\/sl\/#\/schema\/logo\/image\/\"},\"description\":\"UFI.eu specializes in digital registrations for Poison Centre Notifications (PCN), ensuring your chemical products meet EU regulatory requirements effortlessly. Our streamlined solutions help businesses stay compliant while reducing complexity and administrative burden.\",\"email\":\"info@ufi.eu\",\"legalName\":\"UFI.EU\"}]}<\/script>\n<meta property=\"product:price:amount\" content=\"50.00\" \/>\n<meta property=\"product:price:currency\" content=\"EUR\" \/>\n<meta property=\"og:availability\" content=\"instock\" \/>\n<meta property=\"product:availability\" content=\"instock\" \/>\n<meta property=\"product:condition\" content=\"new\" \/>\n<!-- \/ Yoast SEO Premium plugin. -->","yoast_head_json":{"title":"Ustvarjanje etikete CLP in preverjanje skladnosti - UFI","description":"Na\u0161a storitev izdelave etikete CLP in preverjanja skladnosti zagotavlja, da va\u0161e ozna\u010devanje izdelkov izpolnjuje vse zakonske zahteve v EU in EGP.","robots":{"index":"index","follow":"follow","max-snippet":"max-snippet:-1","max-image-preview":"max-image-preview:large","max-video-preview":"max-video-preview:-1"},"canonical":"https:\/\/www.ufi.eu\/sl\/product\/ustvarjanje-etikete-clp-in-preverjanje-skladnosti\/","og_locale":"sl_SI","og_type":"article","og_title":"Ustvarjanje etikete CLP in preverjanje skladnosti","og_description":"Na\u0161a storitev izdelave etikete CLP in preverjanja skladnosti zagotavlja, da va\u0161e ozna\u010devanje izdelkov izpolnjuje vse zakonske zahteve v EU in EGP.","og_url":"https:\/\/www.ufi.eu\/sl\/product\/ustvarjanje-etikete-clp-in-preverjanje-skladnosti\/","og_site_name":"UFI","article_modified_time":"2025-04-28T12:15:16+00:00","og_image":[{"width":1024,"height":1024,"url":"https:\/\/www.ufi.eu\/wp-content\/uploads\/2025\/03\/pcn_ufi.jpg","type":"image\/jpeg"}],"twitter_card":"summary_large_image","twitter_misc":{"Price":"&euro;50.00","Availability":"In stock"},"schema":{"@context":"https:\/\/schema.org","@graph":[{"@type":"WebPage","@id":"https:\/\/www.ufi.eu\/sl\/product\/ustvarjanje-etikete-clp-in-preverjanje-skladnosti\/","url":"https:\/\/www.ufi.eu\/sl\/product\/ustvarjanje-etikete-clp-in-preverjanje-skladnosti\/","name":"Ustvarjanje etikete CLP in preverjanje skladnosti - UFI","isPartOf":{"@id":"https:\/\/www.ufi.eu\/sl\/#website"},"primaryImageOfPage":{"@id":"https:\/\/www.ufi.eu\/sl\/product\/ustvarjanje-etikete-clp-in-preverjanje-skladnosti\/#primaryimage"},"image":{"@id":"https:\/\/www.ufi.eu\/sl\/product\/ustvarjanje-etikete-clp-in-preverjanje-skladnosti\/#primaryimage"},"thumbnailUrl":"https:\/\/www.ufi.eu\/wp-content\/uploads\/2025\/03\/pcn_ufi.jpg","datePublished":"2025-04-15T20:26:03+00:00","dateModified":"2025-04-28T12:15:16+00:00","description":"Na\u0161a storitev izdelave etikete CLP in preverjanja skladnosti zagotavlja, da va\u0161e ozna\u010devanje izdelkov izpolnjuje vse zakonske zahteve v EU in EGP.","breadcrumb":{"@id":"https:\/\/www.ufi.eu\/sl\/product\/ustvarjanje-etikete-clp-in-preverjanje-skladnosti\/#breadcrumb"},"inLanguage":"sl-SI","potentialAction":[{"@type":"ReadAction","target":["https:\/\/www.ufi.eu\/sl\/product\/ustvarjanje-etikete-clp-in-preverjanje-skladnosti\/"]}]},{"@type":"ImageObject","inLanguage":"sl-SI","@id":"https:\/\/www.ufi.eu\/sl\/product\/ustvarjanje-etikete-clp-in-preverjanje-skladnosti\/#primaryimage","url":"https:\/\/www.ufi.eu\/wp-content\/uploads\/2025\/03\/pcn_ufi.jpg","contentUrl":"https:\/\/www.ufi.eu\/wp-content\/uploads\/2025\/03\/pcn_ufi.jpg","width":1024,"height":1024},{"@type":"BreadcrumbList","@id":"https:\/\/www.ufi.eu\/sl\/product\/ustvarjanje-etikete-clp-in-preverjanje-skladnosti\/#breadcrumb","itemListElement":[{"@type":"ListItem","position":1,"name":"Home","item":"https:\/\/www.ufi.eu\/sl\/domov\/"},{"@type":"ListItem","position":2,"name":"Trgovina","item":"https:\/\/www.ufi.eu\/sl\/trgovina\/"},{"@type":"ListItem","position":3,"name":"Ustvarjanje etikete CLP in preverjanje skladnosti"}]},{"@type":"WebSite","@id":"https:\/\/www.ufi.eu\/sl\/#website","url":"https:\/\/www.ufi.eu\/sl\/","name":"UFI.EU","description":"Poison Centre Notifications (PCN) and UFI","publisher":{"@id":"https:\/\/www.ufi.eu\/sl\/#organization"},"potentialAction":[{"@type":"SearchAction","target":{"@type":"EntryPoint","urlTemplate":"https:\/\/www.ufi.eu\/sl\/?s={search_term_string}"},"query-input":{"@type":"PropertyValueSpecification","valueRequired":true,"valueName":"search_term_string"}}],"inLanguage":"sl-SI"},{"@type":"Organization","@id":"https:\/\/www.ufi.eu\/sl\/#organization","name":"UFI.EU","url":"https:\/\/www.ufi.eu\/sl\/","logo":{"@type":"ImageObject","inLanguage":"sl-SI","@id":"https:\/\/www.ufi.eu\/sl\/#\/schema\/logo\/image\/","url":"https:\/\/www.ufi.eu\/wp-content\/uploads\/2025\/03\/cropped-logo_ufi3.jpg","contentUrl":"https:\/\/www.ufi.eu\/wp-content\/uploads\/2025\/03\/cropped-logo_ufi3.jpg","width":231,"height":78,"caption":"UFI.EU"},"image":{"@id":"https:\/\/www.ufi.eu\/sl\/#\/schema\/logo\/image\/"},"description":"UFI.eu specializes in digital registrations for Poison Centre Notifications (PCN), ensuring your chemical products meet EU regulatory requirements effortlessly. Our streamlined solutions help businesses stay compliant while reducing complexity and administrative burden.","email":"info@ufi.eu","legalName":"UFI.EU"}]},"product_price_amount":"50.00","product_price_currency":"EUR","og_availability":"instock","product_availability":"instock","product_condition":"new"},"_links":{"self":[{"href":"https:\/\/www.ufi.eu\/sl\/wp-json\/wp\/v2\/product\/12765","targetHints":{"allow":["GET"]}}],"collection":[{"href":"https:\/\/www.ufi.eu\/sl\/wp-json\/wp\/v2\/product"}],"about":[{"href":"https:\/\/www.ufi.eu\/sl\/wp-json\/wp\/v2\/types\/product"}],"wp:featuredmedia":[{"embeddable":true,"href":"https:\/\/www.ufi.eu\/sl\/wp-json\/wp\/v2\/media\/12488"}],"wp:attachment":[{"href":"https:\/\/www.ufi.eu\/sl\/wp-json\/wp\/v2\/media?parent=12765"}],"wp:term":[{"taxonomy":"product_brand","embeddable":true,"href":"https:\/\/www.ufi.eu\/sl\/wp-json\/wp\/v2\/product_brand?post=12765"},{"taxonomy":"product_cat","embeddable":true,"href":"https:\/\/www.ufi.eu\/sl\/wp-json\/wp\/v2\/product_cat?post=12765"},{"taxonomy":"product_tag","embeddable":true,"href":"https:\/\/www.ufi.eu\/sl\/wp-json\/wp\/v2\/product_tag?post=12765"}],"curies":[{"name":"wp","href":"https:\/\/api.w.org\/{rel}","templated":true}]}}