{"id":12568,"date":"2025-03-09T14:12:29","date_gmt":"2025-04-15T19:37:18","guid":{"rendered":"https:\/\/www.ufi.eu\/pcn\/nekategorizirano\/drzave-za-registracijo-pcn\/"},"modified":"2025-05-15T16:47:56","modified_gmt":"2025-05-15T16:47:56","slug":"drzave-za-registracijo-pcn","status":"publish","type":"product","link":"https:\/\/www.ufi.eu\/sl\/product\/drzave-za-registracijo-pcn\/","title":{"rendered":"Dr\u017eave za registracijo PCN"},"content":{"rendered":"\n<h2 class=\"wp-block-heading\" id=\"h-launch-your-product-across-europe-with-ease\">Enostavno predstavite svoj izdelek v Evropi<\/h2>\n\n<p>Pri registraciji izdelka za prijavo v center za zastrupitve EU (PCN) je treba za vsako dr\u017eavo, v kateri nameravate prodajati izdelek, predlo\u017eiti prijavo ustreznemu nacionalnemu organu. Z na\u0161o Registracijo dr\u017eav EU za PCN lahko izberete to\u010dno dolo\u010dene dr\u017eave, v katerih \u017eelite za\u010deti prodajati svoj izdelek, kar vam omogo\u010da popolno prilagodljivost in nadzor nad dosegom trga. <\/p>\n\n<h2 class=\"wp-block-heading\" id=\"h-what-you-re-purchasing\">Kaj kupujete<\/h2>\n\n<p>S tem izdelkom lahko <strong>kupite \u017eetone dr\u017eav za<\/strong> 27 dr\u017eav \u010dlanic EU. Te \u017eetone lahko uporabite <strong>pri vsaki registraciji PCN<\/strong>, ki jo opravite pri nas. Po nakupu se dr\u017eave <strong>dodajo na <a href=\"https:\/\/www.ufi.eu\/my-account\/points\/\">va\u0161 seznam dr\u017eav PCN<\/a><\/strong> in jih lahko uporabite pri izpolnjevanju na\u0161ega <strong>obrazca za vnos PCN za<\/strong> va\u0161 izdelek.    <\/p>\n\n<p><strong>Za <a href=\"https:\/\/www.ufi.eu\/shop\/\">svoj izdelek boste morali kupiti tudi PCN<\/a>. Ta izdelek je le prosta dr\u017eava, ne pa tudi PCN. <\/strong><\/p>\n\n<h4 class=\"wp-block-heading\">\u2705 Kako deluje:<\/h4>\n\n<ol class=\"wp-block-list\">\n<li>Dolo\u010dite <strong>dr\u017eave,<\/strong> v <strong>katerih<\/strong> nameravate prodajati.<\/li>\n\n\n\n<li>Kupite dolo\u010deno \u0161tevilo <strong>\u017eetonov dr\u017eave<\/strong>.<\/li>\n\n\n\n<li><a href=\"https:\/\/www.ufi.eu\/sl\/nov-izdelek\/\">Po\u0161ljite nam obrazec za vnos va\u0161ega izdelka<\/a>.<\/li>\n\n\n\n<li>Preprosto dolo\u010dite dr\u017eave, v katerih \u017eelite, da va\u0161 izdelek po\u0161ljemo v predlo\u017eitev PCN.<\/li>\n\n\n\n<li>\u017deton dr\u017eave se od skupnega zneska od\u0161teje ob oddaji obrazca pri nas.<\/li>\n<\/ol>\n\n<p>Ne glede na to, ali uvajate en izdelek ali upravljate celoten portfelj, lahko <strong> <a href=\"https:\/\/www.ufi.eu\/my-account\/points\/\">kupljene \u017eetone dr\u017eav<\/a> uporabite<\/strong> pri razli\u010dnih predlo\u017eitvah PCN &#8211; prihranite \u010das, zagotovite skladnost in brez te\u017eav raz\u0161irite svojo prisotnost na trgu EU.<\/p>\n\n<h3 class=\"wp-block-heading\" id=\"h-supported-eu-countries\">Podprte dr\u017eave EU<\/h3>\n\n<p>V EU je 27 dr\u017eav, v EGP pa 30 (EU+Lichtenstein, Norve\u0161ka in Islandija) Na portalu lahko izberete eno od teh dr\u017eav:<\/p>\n\n<figure class=\"wp-block-table\"><table class=\"has-fixed-layout\"><tbody><tr><td>Belgija<\/td><td>(BE)<\/td><td>\u0160panija<\/td><td>(ES)<\/td><td>Mad\u017earska<\/td><td>(HU)<\/td><td>Slova\u0161ka<\/td><td>(SK)<\/td><\/tr><tr><td>Bolgarija<\/td><td>(BG)<\/td><td>Francija<\/td><td>(FR)<\/td><td>Malta<\/td><td>(MT)<\/td><td>Finska<\/td><td>(FI)<\/td><\/tr><tr><td>\u010ce\u0161ka<\/td><td>(CZ)<\/td><td>Hrva\u0161ka<\/td><td>(HR)<\/td><td>Nizozemska<\/td><td>(NL)<\/td><td>\u0160vedska<\/td><td>(SE)<\/td><\/tr><tr><td>Danska<\/td><td>(DK)<\/td><td>Italija<\/td><td>(IT)<\/td><td>Avstrija<\/td><td>(AT)<\/td><td>Nem\u010dija<\/td><td>(DE)<\/td><\/tr><tr><td>Ciper<\/td><td>(CY)<\/td><td>Poljska<\/td><td>(PL)<\/td><td>Islandija<\/td><td>(IS)<\/td><td>Estonija<\/td><td>(EE)<\/td><\/tr><tr><td>Latvija<\/td><td>(LV)<\/td><td>Portugalska<\/td><td>(PT)<\/td><td>Lihten\u0161tajn<\/td><td>(LI)<\/td><td>Irska<\/td><td>(IE)<\/td><\/tr><tr><td>Litva<\/td><td>(LT)<\/td><td>Romunija<\/td><td>(RO)<\/td><td>Norve\u0161ka<\/td><td>(NE)<\/td><td>Gr\u010dija<\/td><td>(EL)<\/td><\/tr><tr><td>Luksemburg<\/td><td>(LU)<\/td><td>Slovenija<\/td><td>(SI)<\/td><td>\u0160vica*<\/td><td>(CH)<\/td><td><\/td><td><\/td><\/tr><\/tbody><\/table><\/figure>\n\n<p>*Za \u0160vico lahko pripravimo dokumentacijo PCN z vsemi potrebnimi informacijami za predlo\u017eitev na \u0161vicarskem portalu. Za ve\u010d informacij se obrnite na nas. <\/p>\n\n<h2 class=\"wp-block-heading\" id=\"h-example-of-how-it-works\">Primer delovanja<\/h2>\n\n<p>V <strong>Franciji, Nem\u010diji in \u0160paniji<\/strong> predstavljate nov \u010distilni izdelek. Preprosto kupite tri dr\u017eave. Ko pri nas izpolnite obrazec za vnos PCN, boste te \u017eetone dr\u017eav dodelili izdelku &#8211; zagotovili boste pravno skladnost na vseh treh trgih brez te\u017eav s posameznimi predlo\u017eitvami.  <\/p>\n","protected":false},"excerpt":{"rendered":"<p>Izberite \u0161tevilo dr\u017eav, v katerih \u017eelite registrirati svoj izdelek.<\/p>\n","protected":false},"featured_media":12571,"template":"","meta":[],"product_brand":[],"product_cat":[348],"product_tag":[],"class_list":{"0":"post-12568","1":"product","2":"type-product","3":"status-publish","4":"has-post-thumbnail","6":"product_cat-drzave","8":"first","9":"instock","10":"virtual","11":"taxable","12":"purchasable","13":"product-type-simple"},"bundled_by":["12606","12626","12806","12868","12898","12908","12938","13140","13299","13309","13353","13373","13595","13619","13633","13646","13690","13710","13730","13740","13950","13974","13982","14188","14208","14228","14238","14274","14294","14304","14324","14344","14580","14638","14644","14670","14874","14904","14924","14937","14951","15038","15145","15165","15185","15223","15246","15327","15391","15405","15567","15585","15749","15769","15789","15799","15815","16041","16065","16082","16095","16147","16165","16173","16195","16215","16415","16663","16693","16703","16723","16743","16763","16783","16803","16833","16843","16873","17109","17119","17125","17147","17157","17177","17207","17489","17523","17543","17561","17571","17601","17609","17639","17993","18001","18096","18103","18126","18146","18156","18259","18273","18291","18309","18555","18575","18597","18663","18675","18695","18715","19125","19145","19183","19193","19213","19243","19253","19471","19545","19565","19585","19615","19635","19655","19953","20019","20039","20049","20079","20099","20109","20129","20159","20467","20477","20497","20517","20547","20567","20587","20607","20897","20907","20937","20965","20985","21005","21035","21045","21059","21095","21099","21273","21283","21329","21331","21343","21361","21807","21837","21847","21863","21885","21893","21911","21933","22001","22007","22035","22321","22349","22359","22389","22403","22777","22797","22817","22847","22857","22881","22901","22911","22941","23275","23341","23361","23371","23395","23415","23435","23465","23485","23501","23781","23801","23821","23869","23889","23899","23929","23949","24026","24046","24076","24094","31746"],"bundle_stock_status":"instock","bundle_stock_quantity":null,"bundle_virtual":false,"bundle_layout":"","bundle_add_to_cart_form_location":"","bundle_editable_in_cart":false,"bundle_sold_individually_context":"","bundle_item_grouping":"","bundle_min_size":"","bundle_max_size":"","bundle_price":[],"bundled_items":[],"bundle_sell_ids":[],"yoast_head":"<!-- This site is optimized with the Yoast SEO Premium plugin v25.1 (Yoast SEO v25.1) - https:\/\/yoast.com\/wordpress\/plugins\/seo\/ -->\n<title>Dr\u017eave za registracijo PCN - UFI<\/title>\n<meta name=\"description\" content=\"Z na\u0161imi dr\u017eavami EU za registracijo PCN lahko izberete to\u010dno dolo\u010dene dr\u017eave, v katerih \u017eelite predstaviti svoj izdelek, kar vam omogo\u010da popolno prilagodljivost in nadzor nad dosegom trga.\" \/>\n<meta name=\"robots\" content=\"index, follow, max-snippet:-1, max-image-preview:large, max-video-preview:-1\" \/>\n<link rel=\"canonical\" href=\"https:\/\/www.ufi.eu\/sl\/product\/drzave-za-registracijo-pcn\/\" \/>\n<meta property=\"og:locale\" content=\"sl_SI\" \/>\n<meta property=\"og:type\" content=\"article\" \/>\n<meta property=\"og:title\" content=\"Dr\u017eave za registracijo PCN\" \/>\n<meta property=\"og:description\" content=\"Z na\u0161imi dr\u017eavami EU za registracijo PCN lahko izberete to\u010dno dolo\u010dene dr\u017eave, v katerih \u017eelite predstaviti svoj izdelek, kar vam omogo\u010da popolno prilagodljivost in nadzor nad dosegom trga.\" \/>\n<meta property=\"og:url\" content=\"https:\/\/www.ufi.eu\/sl\/product\/drzave-za-registracijo-pcn\/\" \/>\n<meta property=\"og:site_name\" content=\"UFI\" \/>\n<meta property=\"article:modified_time\" content=\"2025-05-15T16:47:56+00:00\" \/>\n<meta property=\"og:image\" content=\"https:\/\/www.ufi.eu\/wp-content\/uploads\/2025\/03\/eu.jpg\" \/>\n\t<meta property=\"og:image:width\" content=\"800\" \/>\n\t<meta property=\"og:image:height\" content=\"800\" \/>\n\t<meta property=\"og:image:type\" content=\"image\/jpeg\" \/>\n<meta name=\"twitter:card\" content=\"summary_large_image\" \/>\n<meta name=\"twitter:label1\" content=\"Price\" \/>\n\t<meta name=\"twitter:data1\" content=\"&euro;35.00\" \/>\n\t<meta name=\"twitter:label2\" content=\"Availability\" \/>\n\t<meta name=\"twitter:data2\" content=\"In stock\" \/>\n<script type=\"application\/ld+json\" class=\"yoast-schema-graph\">{\"@context\":\"https:\/\/schema.org\",\"@graph\":[{\"@type\":\"WebPage\",\"@id\":\"https:\/\/www.ufi.eu\/sl\/product\/drzave-za-registracijo-pcn\/\",\"url\":\"https:\/\/www.ufi.eu\/sl\/product\/drzave-za-registracijo-pcn\/\",\"name\":\"Dr\u017eave za registracijo PCN - UFI\",\"isPartOf\":{\"@id\":\"https:\/\/www.ufi.eu\/sl\/#website\"},\"primaryImageOfPage\":{\"@id\":\"https:\/\/www.ufi.eu\/sl\/product\/drzave-za-registracijo-pcn\/#primaryimage\"},\"image\":{\"@id\":\"https:\/\/www.ufi.eu\/sl\/product\/drzave-za-registracijo-pcn\/#primaryimage\"},\"thumbnailUrl\":\"https:\/\/www.ufi.eu\/wp-content\/uploads\/2025\/03\/eu.jpg\",\"datePublished\":\"2025-04-15T19:37:18+00:00\",\"dateModified\":\"2025-05-15T16:47:56+00:00\",\"description\":\"Z na\u0161imi dr\u017eavami EU za registracijo PCN lahko izberete to\u010dno dolo\u010dene dr\u017eave, v katerih \u017eelite predstaviti svoj izdelek, kar vam omogo\u010da popolno prilagodljivost in nadzor nad dosegom trga.\",\"breadcrumb\":{\"@id\":\"https:\/\/www.ufi.eu\/sl\/product\/drzave-za-registracijo-pcn\/#breadcrumb\"},\"inLanguage\":\"sl-SI\",\"potentialAction\":[{\"@type\":\"ReadAction\",\"target\":[\"https:\/\/www.ufi.eu\/sl\/product\/drzave-za-registracijo-pcn\/\"]}]},{\"@type\":\"ImageObject\",\"inLanguage\":\"sl-SI\",\"@id\":\"https:\/\/www.ufi.eu\/sl\/product\/drzave-za-registracijo-pcn\/#primaryimage\",\"url\":\"https:\/\/www.ufi.eu\/wp-content\/uploads\/2025\/03\/eu.jpg\",\"contentUrl\":\"https:\/\/www.ufi.eu\/wp-content\/uploads\/2025\/03\/eu.jpg\",\"width\":800,\"height\":800},{\"@type\":\"BreadcrumbList\",\"@id\":\"https:\/\/www.ufi.eu\/sl\/product\/drzave-za-registracijo-pcn\/#breadcrumb\",\"itemListElement\":[{\"@type\":\"ListItem\",\"position\":1,\"name\":\"Home\",\"item\":\"https:\/\/www.ufi.eu\/sl\/domov\/\"},{\"@type\":\"ListItem\",\"position\":2,\"name\":\"Trgovina\",\"item\":\"https:\/\/www.ufi.eu\/sl\/trgovina\/\"},{\"@type\":\"ListItem\",\"position\":3,\"name\":\"Dr\u017eave za registracijo PCN\"}]},{\"@type\":\"WebSite\",\"@id\":\"https:\/\/www.ufi.eu\/sl\/#website\",\"url\":\"https:\/\/www.ufi.eu\/sl\/\",\"name\":\"UFI.EU\",\"description\":\"Poison Centre Notifications (PCN) and UFI\",\"publisher\":{\"@id\":\"https:\/\/www.ufi.eu\/sl\/#organization\"},\"potentialAction\":[{\"@type\":\"SearchAction\",\"target\":{\"@type\":\"EntryPoint\",\"urlTemplate\":\"https:\/\/www.ufi.eu\/sl\/?s={search_term_string}\"},\"query-input\":{\"@type\":\"PropertyValueSpecification\",\"valueRequired\":true,\"valueName\":\"search_term_string\"}}],\"inLanguage\":\"sl-SI\"},{\"@type\":\"Organization\",\"@id\":\"https:\/\/www.ufi.eu\/sl\/#organization\",\"name\":\"UFI.EU\",\"url\":\"https:\/\/www.ufi.eu\/sl\/\",\"logo\":{\"@type\":\"ImageObject\",\"inLanguage\":\"sl-SI\",\"@id\":\"https:\/\/www.ufi.eu\/sl\/#\/schema\/logo\/image\/\",\"url\":\"https:\/\/www.ufi.eu\/wp-content\/uploads\/2025\/03\/cropped-logo_ufi3.jpg\",\"contentUrl\":\"https:\/\/www.ufi.eu\/wp-content\/uploads\/2025\/03\/cropped-logo_ufi3.jpg\",\"width\":231,\"height\":78,\"caption\":\"UFI.EU\"},\"image\":{\"@id\":\"https:\/\/www.ufi.eu\/sl\/#\/schema\/logo\/image\/\"},\"description\":\"UFI.eu specializes in digital registrations for Poison Centre Notifications (PCN), ensuring your chemical products meet EU regulatory requirements effortlessly. Our streamlined solutions help businesses stay compliant while reducing complexity and administrative burden.\",\"email\":\"info@ufi.eu\",\"legalName\":\"UFI.EU\"}]}<\/script>\n<meta property=\"product:price:amount\" content=\"35.00\" \/>\n<meta property=\"product:price:currency\" content=\"EUR\" \/>\n<meta property=\"og:availability\" content=\"instock\" \/>\n<meta property=\"product:availability\" content=\"instock\" \/>\n<meta property=\"product:retailer_item_id\" content=\"PCN-COUNTRIES\" \/>\n<meta property=\"product:condition\" content=\"new\" \/>\n<!-- \/ Yoast SEO Premium plugin. -->","yoast_head_json":{"title":"Dr\u017eave za registracijo PCN - UFI","description":"Z na\u0161imi dr\u017eavami EU za registracijo PCN lahko izberete to\u010dno dolo\u010dene dr\u017eave, v katerih \u017eelite predstaviti svoj izdelek, kar vam omogo\u010da popolno prilagodljivost in nadzor nad dosegom trga.","robots":{"index":"index","follow":"follow","max-snippet":"max-snippet:-1","max-image-preview":"max-image-preview:large","max-video-preview":"max-video-preview:-1"},"canonical":"https:\/\/www.ufi.eu\/sl\/product\/drzave-za-registracijo-pcn\/","og_locale":"sl_SI","og_type":"article","og_title":"Dr\u017eave za registracijo PCN","og_description":"Z na\u0161imi dr\u017eavami EU za registracijo PCN lahko izberete to\u010dno dolo\u010dene dr\u017eave, v katerih \u017eelite predstaviti svoj izdelek, kar vam omogo\u010da popolno prilagodljivost in nadzor nad dosegom trga.","og_url":"https:\/\/www.ufi.eu\/sl\/product\/drzave-za-registracijo-pcn\/","og_site_name":"UFI","article_modified_time":"2025-05-15T16:47:56+00:00","og_image":[{"width":800,"height":800,"url":"https:\/\/www.ufi.eu\/wp-content\/uploads\/2025\/03\/eu.jpg","type":"image\/jpeg"}],"twitter_card":"summary_large_image","twitter_misc":{"Price":"&euro;35.00","Availability":"In stock"},"schema":{"@context":"https:\/\/schema.org","@graph":[{"@type":"WebPage","@id":"https:\/\/www.ufi.eu\/sl\/product\/drzave-za-registracijo-pcn\/","url":"https:\/\/www.ufi.eu\/sl\/product\/drzave-za-registracijo-pcn\/","name":"Dr\u017eave za registracijo PCN - UFI","isPartOf":{"@id":"https:\/\/www.ufi.eu\/sl\/#website"},"primaryImageOfPage":{"@id":"https:\/\/www.ufi.eu\/sl\/product\/drzave-za-registracijo-pcn\/#primaryimage"},"image":{"@id":"https:\/\/www.ufi.eu\/sl\/product\/drzave-za-registracijo-pcn\/#primaryimage"},"thumbnailUrl":"https:\/\/www.ufi.eu\/wp-content\/uploads\/2025\/03\/eu.jpg","datePublished":"2025-04-15T19:37:18+00:00","dateModified":"2025-05-15T16:47:56+00:00","description":"Z na\u0161imi dr\u017eavami EU za registracijo PCN lahko izberete to\u010dno dolo\u010dene dr\u017eave, v katerih \u017eelite predstaviti svoj izdelek, kar vam omogo\u010da popolno prilagodljivost in nadzor nad dosegom trga.","breadcrumb":{"@id":"https:\/\/www.ufi.eu\/sl\/product\/drzave-za-registracijo-pcn\/#breadcrumb"},"inLanguage":"sl-SI","potentialAction":[{"@type":"ReadAction","target":["https:\/\/www.ufi.eu\/sl\/product\/drzave-za-registracijo-pcn\/"]}]},{"@type":"ImageObject","inLanguage":"sl-SI","@id":"https:\/\/www.ufi.eu\/sl\/product\/drzave-za-registracijo-pcn\/#primaryimage","url":"https:\/\/www.ufi.eu\/wp-content\/uploads\/2025\/03\/eu.jpg","contentUrl":"https:\/\/www.ufi.eu\/wp-content\/uploads\/2025\/03\/eu.jpg","width":800,"height":800},{"@type":"BreadcrumbList","@id":"https:\/\/www.ufi.eu\/sl\/product\/drzave-za-registracijo-pcn\/#breadcrumb","itemListElement":[{"@type":"ListItem","position":1,"name":"Home","item":"https:\/\/www.ufi.eu\/sl\/domov\/"},{"@type":"ListItem","position":2,"name":"Trgovina","item":"https:\/\/www.ufi.eu\/sl\/trgovina\/"},{"@type":"ListItem","position":3,"name":"Dr\u017eave za registracijo PCN"}]},{"@type":"WebSite","@id":"https:\/\/www.ufi.eu\/sl\/#website","url":"https:\/\/www.ufi.eu\/sl\/","name":"UFI.EU","description":"Poison Centre Notifications (PCN) and UFI","publisher":{"@id":"https:\/\/www.ufi.eu\/sl\/#organization"},"potentialAction":[{"@type":"SearchAction","target":{"@type":"EntryPoint","urlTemplate":"https:\/\/www.ufi.eu\/sl\/?s={search_term_string}"},"query-input":{"@type":"PropertyValueSpecification","valueRequired":true,"valueName":"search_term_string"}}],"inLanguage":"sl-SI"},{"@type":"Organization","@id":"https:\/\/www.ufi.eu\/sl\/#organization","name":"UFI.EU","url":"https:\/\/www.ufi.eu\/sl\/","logo":{"@type":"ImageObject","inLanguage":"sl-SI","@id":"https:\/\/www.ufi.eu\/sl\/#\/schema\/logo\/image\/","url":"https:\/\/www.ufi.eu\/wp-content\/uploads\/2025\/03\/cropped-logo_ufi3.jpg","contentUrl":"https:\/\/www.ufi.eu\/wp-content\/uploads\/2025\/03\/cropped-logo_ufi3.jpg","width":231,"height":78,"caption":"UFI.EU"},"image":{"@id":"https:\/\/www.ufi.eu\/sl\/#\/schema\/logo\/image\/"},"description":"UFI.eu specializes in digital registrations for Poison Centre Notifications (PCN), ensuring your chemical products meet EU regulatory requirements effortlessly. Our streamlined solutions help businesses stay compliant while reducing complexity and administrative burden.","email":"info@ufi.eu","legalName":"UFI.EU"}]},"product_price_amount":"35.00","product_price_currency":"EUR","og_availability":"instock","product_availability":"instock","product_retailer_item_id":"PCN-COUNTRIES","product_condition":"new"},"_links":{"self":[{"href":"https:\/\/www.ufi.eu\/sl\/wp-json\/wp\/v2\/product\/12568","targetHints":{"allow":["GET"]}}],"collection":[{"href":"https:\/\/www.ufi.eu\/sl\/wp-json\/wp\/v2\/product"}],"about":[{"href":"https:\/\/www.ufi.eu\/sl\/wp-json\/wp\/v2\/types\/product"}],"wp:featuredmedia":[{"embeddable":true,"href":"https:\/\/www.ufi.eu\/sl\/wp-json\/wp\/v2\/media\/12571"}],"wp:attachment":[{"href":"https:\/\/www.ufi.eu\/sl\/wp-json\/wp\/v2\/media?parent=12568"}],"wp:term":[{"taxonomy":"product_brand","embeddable":true,"href":"https:\/\/www.ufi.eu\/sl\/wp-json\/wp\/v2\/product_brand?post=12568"},{"taxonomy":"product_cat","embeddable":true,"href":"https:\/\/www.ufi.eu\/sl\/wp-json\/wp\/v2\/product_cat?post=12568"},{"taxonomy":"product_tag","embeddable":true,"href":"https:\/\/www.ufi.eu\/sl\/wp-json\/wp\/v2\/product_tag?post=12568"}],"curies":[{"name":"wp","href":"https:\/\/api.w.org\/{rel}","templated":true}]}}