{"id":11385,"date":"2025-04-15T07:32:54","date_gmt":"2025-04-15T07:32:54","guid":{"rendered":"https:\/\/www.ufi.eu\/pogoji-in-dolocila\/"},"modified":"2025-04-15T07:32:55","modified_gmt":"2025-04-15T07:32:55","slug":"pogoji-in-dolocila","status":"publish","type":"page","link":"https:\/\/www.ufi.eu\/sl\/pogoji-in-dolocila\/","title":{"rendered":"Pogoji in dolo\u010dila"},"content":{"rendered":"\n<p><strong>Podjetje<\/strong> <strong>:<\/strong> UFI.<strong>EU<\/strong><br\/><strong>Naslov sede\u017ea: UFI.EU <\/strong> Transistorstraat 91 &#8211; 02, 1322 CL Almere, Nizozemska<br\/><strong>Gospodarska zbornica (KvK)<\/strong>: 61064939<br\/><strong>ID ZA DDV:<\/strong> NL854189543B01<\/p>\n\n<h2 class=\"wp-block-heading\" id=\"h-1-overview\"><strong>1. Pregled<\/strong><\/h2>\n\n<p>To spletno mesto upravlja <strong>UFI.EU<\/strong>. Na celotnem spletnem mestu se izrazi &#8220;mi&#8221;, &#8220;nas&#8221; in &#8220;na\u0161&#8221; nana\u0161ajo na <strong>UFI.EU<\/strong>. Z obiskom na\u0161ega spletnega mesta in\/ali nakupom pri nas uporabljate na\u0161o &#8220;storitev&#8221; in se strinjate, da vas zavezujejo naslednji <strong>pogoji<\/strong> (&#8220;pogoji&#8221;), vklju\u010dno z vsemi dodatnimi pogoji in pravili, na katere se sklicuje ta stran ali so povezani z njo.  <\/p>\n\n<p>Ti pogoji veljajo za vse uporabnike spletnega mesta, med drugim za brskalnike, prodajalce, stranke, trgovce in avtorje vsebine. \u010ce se ne strinjate z vsemi pogoji te pogodbe, ne smete dostopati do spletnega mesta ali uporabljati storitev. <\/p>\n\n<p>Pridr\u017eujemo si pravico, da te pogoje kadar koli posodobimo ali spremenimo. Va\u0161a odgovornost je, da redno preverjate to stran. Nadaljnja uporaba spletnega mesta po morebitnih spremembah pomeni, da se s temi spremembami strinjate.  <\/p>\n\n<h2 class=\"wp-block-heading\" id=\"h-2-online-store-terms\"><strong>2. Pogoji spletne trgovine<\/strong><\/h2>\n\n<p>S strinjanjem s temi pogoji potrjujete, da ste polnoletni v dr\u017eavi, v kateri prebivate, ali da ste dali soglasje za mladoletnike, ki uporabljajo to spletno mesto na va\u0161o odgovornost.<\/p>\n\n<p>Na\u0161ih izdelkov ali storitev ne smete uporabljati v nezakonite ali nedovoljene namene, prav tako pa med uporabo storitve ne smete kr\u0161iti zakonov v svoji jurisdikciji. Kr\u0161itev katerega koli od teh pogojev bo imela za posledico takoj\u0161njo prekinitev va\u0161ega dostopa do na\u0161ih storitev. <\/p>\n\n<h2 class=\"wp-block-heading\" id=\"h-3-accuracy-completeness-amp-timeliness-of-information\"><strong>3. Natan\u010dnost, popolnost in pravo\u010dasnost informacij<\/strong><\/h2>\n\n<p>Nismo odgovorni, \u010de informacije, ki so na voljo na tem spletnem mestu, niso to\u010dne, popolne ali aktualne. Gradivo je namenjeno le splo\u0161nim informacijam in se nanj ne smete zana\u0161ati kot na edino podlago za sprejemanje odlo\u010ditev. <\/p>\n\n<p>Vsebino spletnega mesta lahko kadar koli posodobimo, vendar k temu nismo zavezani. Strinjate se, da je va\u0161a odgovornost, da spremljate spremembe na na\u0161em spletnem mestu. <\/p>\n\n<h2 class=\"wp-block-heading\" id=\"h-4-modifications-to-services-amp-prices\"><strong>4. Spremembe storitev in cen<\/strong><\/h2>\n\n<p>Cene na\u0161ih storitev se lahko spremenijo brez predhodnega obvestila. Pridr\u017eujemo si pravico, da storitev (ali njen del) kadar koli spremenimo ali ukinemo brez predhodnega obvestila. Ne odgovarjamo za kakr\u0161no koli spremembo, spremembo cene, za\u010dasno ali trajno prekinitev storitve.  <\/p>\n\n<h2 class=\"wp-block-heading\" id=\"h-5-products-amp-services\"><strong>5. Izdelki in storitve<\/strong><\/h2>\n\n<p>Nekatere storitve so lahko na voljo izklju\u010dno prek na\u0161ega spletnega mesta. Razpolo\u017eljivost teh storitev je lahko omejena in zanje veljajo na\u0161a pravila o vra\u010dilu in vra\u010dilu. <\/p>\n\n<p>Pridr\u017eujemo si pravico, da omejimo prodajo na\u0161ih storitev dolo\u010denim regijam, uporabnikom ali jurisdikcijam. Opisi in cene storitev se lahko spremenijo brez predhodnega obvestila. Ne jam\u010dimo, da bo kakovost kupljenih storitev izpolnila va\u0161a pri\u010dakovanja.  <\/p>\n\n<h2 class=\"wp-block-heading\" id=\"h-6-accuracy-of-billing-amp-account-information\"><strong>6. Natan\u010dnost podatkov o obra\u010dunu in ra\u010dunu<\/strong><\/h2>\n\n<p>Pridr\u017eujemo si pravico, da zavrnemo ali prekli\u010demo vsako naro\u010dilo. Strinjate se, da boste zagotovili aktualne, popolne in to\u010dne podatke o nakupu in ra\u010dunu. Odgovorni ste za sprotno posodabljanje podatkov o ra\u010dunu in pla\u010dilu.  <\/p>\n\n<h2 class=\"wp-block-heading\" id=\"h-7-use-of-pcn-and-country-tokens\"><strong>7. Uporaba \u017eetonov PCN in dr\u017eave<\/strong><\/h2>\n\n<p>\u017detoni PCN in \u017eetoni dr\u017eav predstavljajo pravice do po\u0161iljanja obvestil PCN dolo\u010denim dr\u017eavam EU. \u017detoni se dodelijo za posamezen izdelek v posamezni dr\u017eavi. \u017detonov ni mogo\u010de vrniti.  <\/p>\n\n<h2 class=\"wp-block-heading\" id=\"h-8-optional-tools-amp-third-party-links\"><strong>8. Izbirna orodja in povezave tretjih oseb<\/strong><\/h2>\n\n<p>Dostop do orodij tretjih oseb lahko omogo\u010dimo brez spremljanja ali nadzora. Strinjate se, da boste ta orodja uporabljali na lastno odgovornost. Povezave tretjih oseb na na\u0161em spletnem mestu vas lahko usmerijo na zunanja spletna mesta. Za njihovo vsebino ali ravnanje nismo odgovorni.   <\/p>\n\n<h2 class=\"wp-block-heading\" id=\"h-9-user-submissions-amp-feedback\"><strong>9. Prispevki uporabnikov in povratne informacije<\/strong><\/h2>\n\n<p>\u010ce predlo\u017eite predloge, zamisli ali drugo gradivo (skupaj &#8220;komentarji&#8221;), se strinjate, da jih lahko uporabljamo brez omejitev. Ne smete objavljati nezakonite, \u017ealjive ali \u0161kodljive vsebine. Za svoje predlo\u017eene vsebine ste odgovorni izklju\u010dno vi.  <\/p>\n\n<h2 class=\"wp-block-heading\" id=\"h-10-personal-information\"><strong>10. Osebni podatki<\/strong><\/h2>\n\n<p>Na\u0161e ravnanje z osebnimi podatki ureja na\u0161 <a href=\"https:\/\/www.ufi.eu\/sl\/pravilnik-o-zasebnosti\/\">pravilnik o zasebnosti<\/a>. Za ve\u010d informacij si jo preberite. <\/p>\n\n<h2 class=\"wp-block-heading\" id=\"h-11-errors-inaccuracies-amp-omissions\"><strong>11. Napake, neto\u010dnosti in opustitve<\/strong><\/h2>\n\n<p>Pridr\u017eujemo si pravico, da kadar koli brez predhodnega obvestila, tudi po oddaji naro\u010dila, popravimo morebitne napake, neto\u010dnosti ali opustitve ter prekli\u010demo ali posodobimo naro\u010dila, \u010de so informacije napa\u010dne, tudi po oddaji naro\u010dila.<\/p>\n\n<h2 class=\"wp-block-heading\" id=\"h-12-prohibited-uses\"><strong>12. Prepovedane uporabe<\/strong><\/h2>\n\n<p>Prepovedana je uporaba spletnega mesta ali njegove vsebine v nezakonite namene, za kr\u0161enje pravic intelektualne lastnine, nadlegovanje drugih, \u0161irjenje zlonamerne programske opreme, zbiranje osebnih podatkov ali poseganje v varnost spletnega mesta.<\/p>\n\n<h2 class=\"wp-block-heading\" id=\"h-13-disclaimer-of-warranties-limitation-of-liability\"><strong>13. Izjava o zavrnitvi jamstev; omejitev odgovornosti<\/strong><\/h2>\n\n<p>Na\u0161e storitve so na voljo &#8220;kot so&#8221; in &#8220;kot so na voljo&#8221; brez kakr\u0161nih koli jamstev. Ne zagotavljamo neprekinjene storitve ali storitve brez napak. UFI.EU ali njegovi direktorji, zaposleni ali povezane dru\u017ebe v nobenem primeru niso odgovorni za kakr\u0161no koli neposredno, posredno, naklju\u010dno ali posledi\u010dno \u0161kodo, ki bi nastala zaradi uporabe na\u0161ih storitev.  <\/p>\n\n<h2 class=\"wp-block-heading\" id=\"h-14-indemnification\"><strong>14. Od\u0161kodnina<\/strong><\/h2>\n\n<p>Strinjate se, da boste dru\u017ebi UFI.EU in njenim povezanim dru\u017ebam povrnili \u0161kodo in jih obvarovali pred kakr\u0161nim koli zahtevkom ali zahtevo, vklju\u010dno s pravnimi stro\u0161ki, ki izhajajo iz va\u0161e kr\u0161itve teh pogojev ali katerega koli zakona ali pravic tretjih oseb.<\/p>\n\n<h2 class=\"wp-block-heading\" id=\"h-15-severability\"><strong>15. Razvezljivost<\/strong><\/h2>\n\n<p>\u010ce se ugotovi, da je katera koli dolo\u010dba teh Pogojev nezakonita ali neizvr\u0161ljiva, ostale dolo\u010dbe ostanejo v veljavi.<\/p>\n\n<h2 class=\"wp-block-heading\" id=\"h-16-termination\"><strong>16. Zaklju\u010dek<\/strong><\/h2>\n\n<p>Ti pogoji veljajo, razen \u010de jih prekli\u010dete vi ali mi. To pogodbo lahko kadar koli prekinemo, \u010de kr\u0161ite te pogoje. Po prekinitvi pogodbe ste \u0161e naprej odgovorni za vse zapadle zneske.  <\/p>\n\n<h2 class=\"wp-block-heading\" id=\"h-17-entire-agreement\"><strong>17. Celotna pogodba<\/strong><\/h2>\n\n<p>Ti pogoji in vsi pravilniki, objavljeni na tem spletnem mestu, predstavljajo celoten sporazum med vami in UFI.EU glede uporabe na\u0161ih storitev.<\/p>\n\n<h2 class=\"wp-block-heading\" id=\"h-18-governing-law\"><strong>18. Pristojno pravo<\/strong><\/h2>\n\n<p>Te pogoje in vse spore v zvezi z njimi ureja in razlaga <strong>nizozemska zakonodaja<\/strong>. Za vse pogodbe velja, da so bile sklenjene v mestu Almere na Nizozemskem. <\/p>\n\n<h2 class=\"wp-block-heading\" id=\"h-19-changes-to-these-terms\"><strong>19. Spremembe teh pogojev<\/strong><\/h2>\n\n<p>Aktualna razli\u010dica pogojev je vedno na voljo na tej strani. Pridr\u017eujemo si pravico, da po lastni presoji posodobimo, spremenimo ali nadomestimo kateri koli del teh pogojev. <\/p>\n","protected":false},"excerpt":{"rendered":"<p>Podjetje : UFI.EUNaslov sede\u017ea: UFI.EU Transistorstraat 91 &#8211; 02, 1322 CL Almere, NizozemskaGospodarska zbornica (KvK): 61064939ID ZA DDV: NL854189543B01 1. Pregled To spletno mesto upravlja UFI.EU. Na celotnem spletnem mestu se izrazi &#8220;mi&#8221;, &#8220;nas&#8221; in &#8220;na\u0161&#8221; nana\u0161ajo na UFI.EU. Z obiskom na\u0161ega spletnega mesta in\/ali nakupom pri nas uporabljate na\u0161o &#8220;storitev&#8221; in se strinjate, da [&hellip;]<\/p>\n","protected":false},"author":1,"featured_media":0,"parent":0,"menu_order":0,"comment_status":"closed","ping_status":"closed","template":"","meta":{"footnotes":""},"class_list":["post-11385","page","type-page","status-publish","hentry"],"yoast_head":"<!-- This site is optimized with the Yoast SEO Premium plugin v25.1 (Yoast SEO v25.1) - https:\/\/yoast.com\/wordpress\/plugins\/seo\/ -->\n<title>Pogoji in dolo\u010dila - UFI<\/title>\n<meta name=\"robots\" content=\"index, follow, max-snippet:-1, max-image-preview:large, max-video-preview:-1\" \/>\n<link rel=\"canonical\" href=\"https:\/\/www.ufi.eu\/sl\/pogoji-in-dolocila\/\" \/>\n<meta property=\"og:locale\" content=\"sl_SI\" \/>\n<meta property=\"og:type\" content=\"article\" \/>\n<meta property=\"og:title\" content=\"Pogoji in dolo\u010dila\" \/>\n<meta property=\"og:description\" content=\"Podjetje : UFI.EUNaslov sede\u017ea: UFI.EU Transistorstraat 91 &#8211; 02, 1322 CL Almere, NizozemskaGospodarska zbornica (KvK): 61064939ID ZA DDV: NL854189543B01 1. Pregled To spletno mesto upravlja UFI.EU. Na celotnem spletnem mestu se izrazi &#8220;mi&#8221;, &#8220;nas&#8221; in &#8220;na\u0161&#8221; nana\u0161ajo na UFI.EU. Z obiskom na\u0161ega spletnega mesta in\/ali nakupom pri nas uporabljate na\u0161o &#8220;storitev&#8221; in se strinjate, da [&hellip;]\" \/>\n<meta property=\"og:url\" content=\"https:\/\/www.ufi.eu\/sl\/pogoji-in-dolocila\/\" \/>\n<meta property=\"og:site_name\" content=\"UFI\" \/>\n<meta property=\"article:modified_time\" content=\"2025-04-15T07:32:55+00:00\" \/>\n<meta name=\"twitter:card\" content=\"summary_large_image\" \/>\n<meta name=\"twitter:label1\" content=\"Est. reading time\" \/>\n\t<meta name=\"twitter:data1\" content=\"5 minuta\" \/>\n<script type=\"application\/ld+json\" class=\"yoast-schema-graph\">{\"@context\":\"https:\/\/schema.org\",\"@graph\":[{\"@type\":\"WebPage\",\"@id\":\"https:\/\/www.ufi.eu\/sl\/pogoji-in-dolocila\/\",\"url\":\"https:\/\/www.ufi.eu\/sl\/pogoji-in-dolocila\/\",\"name\":\"Pogoji in dolo\u010dila - UFI\",\"isPartOf\":{\"@id\":\"https:\/\/www.ufi.eu\/sl\/#website\"},\"datePublished\":\"2025-04-15T07:32:54+00:00\",\"dateModified\":\"2025-04-15T07:32:55+00:00\",\"breadcrumb\":{\"@id\":\"https:\/\/www.ufi.eu\/sl\/pogoji-in-dolocila\/#breadcrumb\"},\"inLanguage\":\"sl-SI\",\"potentialAction\":[{\"@type\":\"ReadAction\",\"target\":[\"https:\/\/www.ufi.eu\/sl\/pogoji-in-dolocila\/\"]}]},{\"@type\":\"BreadcrumbList\",\"@id\":\"https:\/\/www.ufi.eu\/sl\/pogoji-in-dolocila\/#breadcrumb\",\"itemListElement\":[{\"@type\":\"ListItem\",\"position\":1,\"name\":\"Home\",\"item\":\"https:\/\/www.ufi.eu\/sl\/domov\/\"},{\"@type\":\"ListItem\",\"position\":2,\"name\":\"Pogoji in dolo\u010dila\"}]},{\"@type\":\"WebSite\",\"@id\":\"https:\/\/www.ufi.eu\/sl\/#website\",\"url\":\"https:\/\/www.ufi.eu\/sl\/\",\"name\":\"UFI.EU\",\"description\":\"Poison Centre Notifications (PCN) and UFI\",\"publisher\":{\"@id\":\"https:\/\/www.ufi.eu\/sl\/#organization\"},\"potentialAction\":[{\"@type\":\"SearchAction\",\"target\":{\"@type\":\"EntryPoint\",\"urlTemplate\":\"https:\/\/www.ufi.eu\/sl\/?s={search_term_string}\"},\"query-input\":{\"@type\":\"PropertyValueSpecification\",\"valueRequired\":true,\"valueName\":\"search_term_string\"}}],\"inLanguage\":\"sl-SI\"},{\"@type\":\"Organization\",\"@id\":\"https:\/\/www.ufi.eu\/sl\/#organization\",\"name\":\"UFI.EU\",\"url\":\"https:\/\/www.ufi.eu\/sl\/\",\"logo\":{\"@type\":\"ImageObject\",\"inLanguage\":\"sl-SI\",\"@id\":\"https:\/\/www.ufi.eu\/sl\/#\/schema\/logo\/image\/\",\"url\":\"https:\/\/www.ufi.eu\/wp-content\/uploads\/2025\/03\/cropped-logo_ufi3.jpg\",\"contentUrl\":\"https:\/\/www.ufi.eu\/wp-content\/uploads\/2025\/03\/cropped-logo_ufi3.jpg\",\"width\":231,\"height\":78,\"caption\":\"UFI.EU\"},\"image\":{\"@id\":\"https:\/\/www.ufi.eu\/sl\/#\/schema\/logo\/image\/\"},\"description\":\"UFI.eu specializes in digital registrations for Poison Centre Notifications (PCN), ensuring your chemical products meet EU regulatory requirements effortlessly. Our streamlined solutions help businesses stay compliant while reducing complexity and administrative burden.\",\"email\":\"info@ufi.eu\",\"legalName\":\"UFI.EU\"}]}<\/script>\n<!-- \/ Yoast SEO Premium plugin. -->","yoast_head_json":{"title":"Pogoji in dolo\u010dila - UFI","robots":{"index":"index","follow":"follow","max-snippet":"max-snippet:-1","max-image-preview":"max-image-preview:large","max-video-preview":"max-video-preview:-1"},"canonical":"https:\/\/www.ufi.eu\/sl\/pogoji-in-dolocila\/","og_locale":"sl_SI","og_type":"article","og_title":"Pogoji in dolo\u010dila","og_description":"Podjetje : UFI.EUNaslov sede\u017ea: UFI.EU Transistorstraat 91 &#8211; 02, 1322 CL Almere, NizozemskaGospodarska zbornica (KvK): 61064939ID ZA DDV: NL854189543B01 1. Pregled To spletno mesto upravlja UFI.EU. Na celotnem spletnem mestu se izrazi &#8220;mi&#8221;, &#8220;nas&#8221; in &#8220;na\u0161&#8221; nana\u0161ajo na UFI.EU. Z obiskom na\u0161ega spletnega mesta in\/ali nakupom pri nas uporabljate na\u0161o &#8220;storitev&#8221; in se strinjate, da [&hellip;]","og_url":"https:\/\/www.ufi.eu\/sl\/pogoji-in-dolocila\/","og_site_name":"UFI","article_modified_time":"2025-04-15T07:32:55+00:00","twitter_card":"summary_large_image","twitter_misc":{"Est. reading time":"5 minuta"},"schema":{"@context":"https:\/\/schema.org","@graph":[{"@type":"WebPage","@id":"https:\/\/www.ufi.eu\/sl\/pogoji-in-dolocila\/","url":"https:\/\/www.ufi.eu\/sl\/pogoji-in-dolocila\/","name":"Pogoji in dolo\u010dila - UFI","isPartOf":{"@id":"https:\/\/www.ufi.eu\/sl\/#website"},"datePublished":"2025-04-15T07:32:54+00:00","dateModified":"2025-04-15T07:32:55+00:00","breadcrumb":{"@id":"https:\/\/www.ufi.eu\/sl\/pogoji-in-dolocila\/#breadcrumb"},"inLanguage":"sl-SI","potentialAction":[{"@type":"ReadAction","target":["https:\/\/www.ufi.eu\/sl\/pogoji-in-dolocila\/"]}]},{"@type":"BreadcrumbList","@id":"https:\/\/www.ufi.eu\/sl\/pogoji-in-dolocila\/#breadcrumb","itemListElement":[{"@type":"ListItem","position":1,"name":"Home","item":"https:\/\/www.ufi.eu\/sl\/domov\/"},{"@type":"ListItem","position":2,"name":"Pogoji in dolo\u010dila"}]},{"@type":"WebSite","@id":"https:\/\/www.ufi.eu\/sl\/#website","url":"https:\/\/www.ufi.eu\/sl\/","name":"UFI.EU","description":"Poison Centre Notifications (PCN) and UFI","publisher":{"@id":"https:\/\/www.ufi.eu\/sl\/#organization"},"potentialAction":[{"@type":"SearchAction","target":{"@type":"EntryPoint","urlTemplate":"https:\/\/www.ufi.eu\/sl\/?s={search_term_string}"},"query-input":{"@type":"PropertyValueSpecification","valueRequired":true,"valueName":"search_term_string"}}],"inLanguage":"sl-SI"},{"@type":"Organization","@id":"https:\/\/www.ufi.eu\/sl\/#organization","name":"UFI.EU","url":"https:\/\/www.ufi.eu\/sl\/","logo":{"@type":"ImageObject","inLanguage":"sl-SI","@id":"https:\/\/www.ufi.eu\/sl\/#\/schema\/logo\/image\/","url":"https:\/\/www.ufi.eu\/wp-content\/uploads\/2025\/03\/cropped-logo_ufi3.jpg","contentUrl":"https:\/\/www.ufi.eu\/wp-content\/uploads\/2025\/03\/cropped-logo_ufi3.jpg","width":231,"height":78,"caption":"UFI.EU"},"image":{"@id":"https:\/\/www.ufi.eu\/sl\/#\/schema\/logo\/image\/"},"description":"UFI.eu specializes in digital registrations for Poison Centre Notifications (PCN), ensuring your chemical products meet EU regulatory requirements effortlessly. Our streamlined solutions help businesses stay compliant while reducing complexity and administrative burden.","email":"info@ufi.eu","legalName":"UFI.EU"}]}},"_links":{"self":[{"href":"https:\/\/www.ufi.eu\/sl\/wp-json\/wp\/v2\/pages\/11385","targetHints":{"allow":["GET"]}}],"collection":[{"href":"https:\/\/www.ufi.eu\/sl\/wp-json\/wp\/v2\/pages"}],"about":[{"href":"https:\/\/www.ufi.eu\/sl\/wp-json\/wp\/v2\/types\/page"}],"author":[{"embeddable":true,"href":"https:\/\/www.ufi.eu\/sl\/wp-json\/wp\/v2\/users\/1"}],"replies":[{"embeddable":true,"href":"https:\/\/www.ufi.eu\/sl\/wp-json\/wp\/v2\/comments?post=11385"}],"version-history":[{"count":1,"href":"https:\/\/www.ufi.eu\/sl\/wp-json\/wp\/v2\/pages\/11385\/revisions"}],"predecessor-version":[{"id":11396,"href":"https:\/\/www.ufi.eu\/sl\/wp-json\/wp\/v2\/pages\/11385\/revisions\/11396"}],"wp:attachment":[{"href":"https:\/\/www.ufi.eu\/sl\/wp-json\/wp\/v2\/media?parent=11385"}],"curies":[{"name":"wp","href":"https:\/\/api.w.org\/{rel}","templated":true}]}}