{"id":31748,"date":"2025-06-25T10:04:58","date_gmt":"2025-09-24T14:40:47","guid":{"rendered":"https:\/\/www.ufi.eu\/product\/balik-pcn-a-ufi\/"},"modified":"2026-01-09T16:14:43","modified_gmt":"2026-01-09T16:14:43","slug":"balik-pcn-a-ufi","status":"publish","type":"product","link":"https:\/\/www.ufi.eu\/sk\/product\/balik-pcn-a-ufi\/","title":{"rendered":"Bal\u00edk PCN a UFI"},"content":{"rendered":"\n<h2 class=\"wp-block-heading\" id=\"h-how-does-the-ufi-creation-and-pcn-notification-service-work\">Ako funguje slu\u017eba vytv\u00e1rania UFI a oznamovania PCN?<\/h2>\n\n<p>Po zak\u00fapen\u00ed tejto slu\u017eby z\u00edskate pr\u00edstup na zabezpe\u010den\u00fd port\u00e1l. Tento port\u00e1l obsahuje preh\u013ead v\u0161etk\u00fdch krokov.  Vypl\u0148te \u00fadaje o svojom v\u00fdrobku a my sa pust\u00edme do pr\u00e1ce.<\/p>\n\n<h3 class=\"wp-block-heading\" id=\"h-poison-center-notification-amp-ufi\">Ozn\u00e1menie toxikologick\u00e9ho centra a UFI<\/h3>\n\n<p>Poskytneme v\u00e1m:<\/p>\n\n<ul class=\"wp-block-list\">\n<li>Jedine\u010dn\u00fd identifik\u00e1tor vzorca (UFI) v\u00e1\u0161ho produktu<\/li>\n\n\n\n<li>Hl\u00e1senie toxikologick\u00e9ho centra (PCN)<\/li>\n\n\n\n<li>Registr\u00e1cia v\u00e1\u0161ho v\u00fdrobku v pr\u00edslu\u0161n\u00fdch n\u00e1rodn\u00fdch toxikologick\u00fdch centr\u00e1ch prostredn\u00edctvom agent\u00fary ECHA.<\/li>\n\n\n\n<li>Karta bezpe\u010dnostn\u00fdch \u00fadajov v\u00e1\u0161ho v\u00fdrobku<\/li>\n<\/ul>\n\n<h3 class=\"wp-block-heading\" id=\"h-countries-for-pcn-registration\">Krajiny na registr\u00e1ciu PCN<\/h3>\n\n<p>M\u00f4\u017eete si spo\u010d\u00edta\u0165 po\u010det kraj\u00edn, v ktor\u00fdch chcete zaregistrova\u0165 svoj v\u00fdrobok. Ide o po\u010det kraj\u00edn, ktor\u00e9 mus\u00edte zak\u00fapi\u0165.  Na port\u00e1li si budete m\u00f4c\u0165 vybra\u0165 konkr\u00e9tne krajiny. Ak pl\u00e1nujete nesk\u00f4r roz\u0161\u00edri\u0165 predaj svojich v\u00fdrobkov do nov\u00fdch kraj\u00edn, v\u017edy si m\u00f4\u017eete objedna\u0165 \u010fal\u0161ie <a href=\"https:\/\/www.ufi.eu\/pcn\/countries\/countries-for-pcn-registration\/\" target=\"_blank\" rel=\"noreferrer noopener\">registr\u00e1cie kraj\u00edn PCN<\/a>.<br\/>E\u00da m\u00e1 27 kraj\u00edn a EHP m\u00e1 30 kraj\u00edn (E\u00da + Lichten\u0161tajnsko, N\u00f3rsko a Island) Na port\u00e1li si m\u00f4\u017eete vybra\u0165 tieto krajiny: <\/p>\n\n<figure class=\"wp-block-table\"><table class=\"has-fixed-layout\"><tbody><tr><td>Belgicko<\/td><td>(BE)<\/td><td>\u0160panielsko<\/td><td>(ES)<\/td><td>Ma\u010farsko<\/td><td>(HU)<\/td><td>Slovensko<\/td><td>(SK)<\/td><\/tr><tr><td>Bulharsko<\/td><td>(BG)<\/td><td>Franc\u00fazsko<\/td><td>(FR)<\/td><td>Malta<\/td><td>(MT)<\/td><td>F\u00ednsko<\/td><td>(FI)<\/td><\/tr><tr><td>\u010cesko<\/td><td>(CZ)<\/td><td>Chorv\u00e1tsko<\/td><td>(HR)<\/td><td>Holandsko<\/td><td>(NL)<\/td><td>\u0160v\u00e9dsko<\/td><td>(SE)<\/td><\/tr><tr><td>D\u00e1nsko<\/td><td>(DK)<\/td><td>Taliansko<\/td><td>(IT)<\/td><td>Rak\u00fasko<\/td><td>(AT)<\/td><td>Nemecko<\/td><td>(DE)<\/td><\/tr><tr><td>Cyprus<\/td><td>(CY)<\/td><td>Po\u013esko<\/td><td>(PL)<\/td><td>Island<\/td><td>(IS)<\/td><td>Est\u00f3nsko<\/td><td>(EE)<\/td><\/tr><tr><td>Loty\u0161sko<\/td><td>(LV)<\/td><td>Portugalsko<\/td><td>(PT)<\/td><td>Lichten\u0161tajnsko<\/td><td>(LI)<\/td><td>\u00cdrsko<\/td><td>(IE)<\/td><\/tr><tr><td>Litva<\/td><td>(LT)<\/td><td>Rumunsko<\/td><td>(RO)<\/td><td>N\u00f3rsko<\/td><td>(NIE)<\/td><td>Gr\u00e9cko<\/td><td>(EL)<\/td><\/tr><tr><td>Luxembursko<\/td><td>(LU)<\/td><td>Slovinsko<\/td><td>(SI)<\/td><td>\u0160vaj\u010diarsko*<\/td><td>(CH)<\/td><td>\u00a0<\/td><td>\u00a0<\/td><\/tr><\/tbody><\/table><\/figure>\n\n<p>*V pr\u00edpade \u0160vaj\u010diarska m\u00f4\u017eeme vytvori\u0165 dokument\u00e1ciu PCN so v\u0161etk\u00fdmi potrebn\u00fdmi inform\u00e1ciami na podanie \u017eiadosti na \u0161vaj\u010diarskom port\u00e1li. Pre viac inform\u00e1ci\u00ed n\u00e1s kontaktujte. <\/p>\n\n<h3 class=\"wp-block-heading\" id=\"h-clp-label-information\">Inform\u00e1cie na etikete CLP<\/h3>\n\n<p>Pon\u00fakame mo\u017enos\u0165 zak\u00fapi\u0165 si etiketu v\u00fdrobku v s\u00falade s nariaden\u00edm CLP, ktor\u00e1 obsahuje v\u0161etky povinn\u00e9 inform\u00e1cie pod\u013ea po\u017eiadaviek nariadenia E\u00da CLP. Tento \u0161t\u00edtok v\u00e1m poskytneme vo form\u00e1te PDF.  Toto nie je n\u00e1vrh, ale s\u00fahrn po\u017eadovan\u00fdch inform\u00e1ci\u00ed. To v\u00e1m umo\u017en\u00ed zapracova\u0165 potrebn\u00e9 inform\u00e1cie do n\u00e1vrhu etikety v\u00fdrobku. <a href=\"https:\/\/www.ufi.eu\/pcn\/clp-label\/clp-label-creation-compliance-check\/\" target=\"_blank\" rel=\"noreferrer noopener\">Tvorbu etikety CLP<\/a> si m\u00f4\u017eete objedna\u0165 aj samostatne. U\u017e m\u00e1te vytvoren\u00fa etiketu? &#8211; M\u00f4\u017eeme vykona\u0165 <a href=\"https:\/\/www.ufi.eu\/pcn\/clp-label\/clp-label-creation-compliance-check\/\" target=\"_blank\" rel=\"noreferrer noopener\">kontrolu s\u00faladu<\/a> va\u0161ej etikety s platn\u00fdmi po\u017eiadavkami nariadenia CLP. Poskytneme v\u00e1m podrobn\u00fa sp\u00e4tn\u00fa v\u00e4zbu a opravy, aby sme zabezpe\u010dili, \u017ee va\u0161a etiketa sp\u013a\u0148a v\u0161etky regula\u010dn\u00e9 normy.     <\/p>\n\n<h2 class=\"wp-block-heading\" id=\"h-registering-formulations-with-the-eu-poison-centre\">Registr\u00e1cia pr\u00edpravkov v toxikologickom centre E\u00da<\/h2>\n\n<p>Formul\u00e1cie s\u00fa chemick\u00e9 zmesi ur\u010den\u00e9 na \u010fal\u0161ie formulovanie do in\u00fdch zmes\u00ed alebo ur\u010den\u00e9 na priame kone\u010dn\u00e9 pou\u017eitie. Tieto zmesi musia by\u0165 registrovan\u00e9 v toxikologickom centre E\u00da, aby sa zabezpe\u010dilo, \u017ee z\u00e1chran\u00e1ri bud\u00fa ma\u0165 v pr\u00edpade n\u00e1hodnej expoz\u00edcie pr\u00edstup k d\u00f4le\u017eit\u00fdm bezpe\u010dnostn\u00fdm \u00fadajom. Proces ozn\u00e1menia toxikologick\u00e9mu centru (PCN) zabezpe\u010duje, \u017ee pr\u00edslu\u0161n\u00e9 klasifik\u00e1cie nebezpe\u010dnosti a toxikologick\u00e9 profily s\u00fa \u013eahko dostupn\u00e9 pre zdravotn\u00edckych pracovn\u00edkov a org\u00e1ny.  <\/p>\n\n<h3 class=\"wp-block-heading\" id=\"h-what-is-a-ufi\">\u010co je to UFI?<\/h3>\n\n<p>Jedine\u010dn\u00fd identifik\u00e1tor vzorca (UFI) je 16-miestny alfanumerick\u00fd k\u00f3d, ktor\u00fd sa pou\u017e\u00edva na jednozna\u010dn\u00fa identifik\u00e1ciu chemickej zmesi. Mus\u00ed by\u0165 vytla\u010den\u00fd na etikete v\u00fdrobku a uveden\u00fd v karte bezpe\u010dnostn\u00fdch \u00fadajov (KB\u00da). UFI umo\u017e\u0148uje toxikologick\u00fdm centr\u00e1m v pr\u00edpade incidentu r\u00fdchlo vyh\u013eada\u0165 bezpe\u010dnostn\u00e9 a toxikologick\u00e9 inform\u00e1cie o zmesi.  <\/p>\n\n<h3 class=\"wp-block-heading\" id=\"h-what-is-a-pcn\">\u010co je PCN?<\/h3>\n\n<p>Ozn\u00e1menie toxikologick\u00e9mu centru (PCN) je regula\u010dn\u00fd dokument, ktor\u00fd obsahuje podrobn\u00e9 bezpe\u010dnostn\u00e9 a toxikologick\u00e9 \u00fadaje o nebezpe\u010dn\u00fdch zmesiach. PCN obsahuje inform\u00e1cie, ako je zlo\u017eenie zmesi, klasifik\u00e1cia, upozornenia na nebezpe\u010denstvo a opatrenia na n\u00fadzov\u00fa reakciu. Je povinn\u00e9 pre ka\u017ed\u00fa nebezpe\u010dn\u00fa zmes uv\u00e1dzan\u00fa na trh E\u00da.  <\/p>\n\n<h3 class=\"wp-block-heading\" id=\"h-what-is-clp\">\u010co je CLP?<\/h3>\n\n<p>CLP (klasifik\u00e1cia, ozna\u010dovanie a balenie) je nariadenie E\u00da (ES \u010d. 1272\/2008), ktor\u00e9 zabezpe\u010duje klasifik\u00e1ciu a ozna\u010dovanie chemick\u00fdch v\u00fdrobkov pod\u013ea ich nebezpe\u010dnosti. Je v s\u00falade s glob\u00e1lnym harmonizovan\u00fdm syst\u00e9mom OSN (GHS) a zabezpe\u010duje, aby boli v\u0161etky nebezpe\u010dn\u00e9 zmesi ozna\u010den\u00e9 pr\u00edslu\u0161n\u00fdmi v\u00fdstra\u017en\u00fdmi \u0161t\u00edtkami a bezpe\u010dnostn\u00fdmi pokynmi. <\/p>\n\n<h3 class=\"wp-block-heading\" id=\"h-what-is-the-eu-poison-centre\">\u010co je toxikologick\u00e9 centrum E\u00da?<\/h3>\n\n<p>Centrum E\u00da pre otravy je ofici\u00e1lny org\u00e1n, ktor\u00fd zhroma\u017e\u010fuje a uchov\u00e1va bezpe\u010dnostn\u00e9 inform\u00e1cie o nebezpe\u010dn\u00fdch zmesiach. Zdravotn\u00edcki pracovn\u00edci a z\u00e1chran\u00e1ri sa spoliehaj\u00fa na toxikologick\u00e9 centrum, ktor\u00e9 poskytuje presn\u00e9 \u00fadaje o chemickej bezpe\u010dnosti v pr\u00edpade n\u00e1hodn\u00e9ho vystavenia alebo otravy. <\/p>\n\n<h3 class=\"wp-block-heading\" id=\"h-why-is-this-needed\">Pre\u010do je to potrebn\u00e9?<\/h3>\n\n<p>Priemyseln\u00e9 pr\u00edpravky \u010dasto obsahuj\u00fa nebezpe\u010dn\u00e9 chemik\u00e1lie, ktor\u00e9 si vy\u017eaduj\u00fa jasn\u00fa identifik\u00e1ciu v n\u00fadzov\u00fdch situ\u00e1ci\u00e1ch. Predlo\u017een\u00edm PCN podniky zabezpe\u010dia, aby toxikologick\u00e9 centr\u00e1 a zdravotn\u00edcki pracovn\u00edci mali okam\u017eit\u00fd pr\u00edstup k relevantn\u00fdm inform\u00e1ci\u00e1m, \u010d\u00edm sa zlep\u0161ia bezpe\u010dnostn\u00e9 v\u00fdsledky v pr\u00edpade expoz\u00edcie. <\/p>\n\n<h3 class=\"wp-block-heading\" id=\"h-since-when-is-it-by-law-obligatory\">Odkedy je to zo z\u00e1kona povinn\u00e9?<\/h3>\n\n<p>Z\u00e1konn\u00e1 po\u017eiadavka predlo\u017ei\u0165 PCN pre nebezpe\u010dn\u00e9 zmesi nadobudla \u00fa\u010dinnos\u0165 1. janu\u00e1ra 2021. V pr\u00edpade priemyseln\u00fdch zmes\u00ed pou\u017e\u00edvan\u00fdch v\u00fdlu\u010dne pri \u010fal\u0161om spracovan\u00ed je dodr\u017eiavanie po\u017eiadaviek povinn\u00e9 od 1. janu\u00e1ra 2024. <\/p>\n","protected":false},"excerpt":{"rendered":"<p>Ako funguje slu\u017eba vytv\u00e1rania UFI a oznamovania PCN? Po zak\u00fapen\u00ed tejto slu\u017eby z\u00edskate pr\u00edstup na zabezpe\u010den\u00fd port\u00e1l. Tento port\u00e1l obsahuje preh\u013ead v\u0161etk\u00fdch krokov. Vypl\u0148te \u00fadaje o svojom v\u00fdrobku a my sa pust\u00edme do pr\u00e1ce. Ozn\u00e1menie toxikologick\u00e9ho centra a UFI Poskytneme v\u00e1m: Krajiny na registr\u00e1ciu PCN M\u00f4\u017eete si spo\u010d\u00edta\u0165 po\u010det kraj\u00edn, v ktor\u00fdch chcete zaregistrova\u0165 svoj [&hellip;]<\/p>\n","protected":false},"featured_media":12490,"template":"","meta":[],"product_brand":[],"product_cat":[401],"product_tag":[],"class_list":{"0":"post-31748","1":"product","2":"type-product","3":"status-publish","4":"has-post-thumbnail","6":"product_cat-stitok-clp","8":"first","9":"instock","10":"virtual","11":"taxable","12":"purchasable","13":"product-type-bundle"},"bundled_by":[],"bundle_stock_status":"instock","bundle_stock_quantity":"","bundle_virtual":false,"bundle_layout":"default","bundle_add_to_cart_form_location":"default","bundle_editable_in_cart":false,"bundle_sold_individually_context":"product","bundle_item_grouping":"parent","bundle_min_size":"","bundle_max_size":"","bundle_price":{"price":{"min":{"incl_tax":"78.65","excl_tax":"65"},"max":{"incl_tax":"","excl_tax":""}},"regular_price":{"min":{"incl_tax":"78.65","excl_tax":"65"},"max":{"incl_tax":"","excl_tax":""}}},"bundled_items":[{"bundled_item_id":13107,"product_id":12577,"menu_order":0,"quantity_min":1,"quantity_max":"","quantity_default":1,"priced_individually":true,"shipped_individually":true,"override_title":false,"title":"Ozn\u00e1menie toxikologick\u00e9ho centra a UFI","override_description":false,"description":"Ozn\u00e1menie toxikologick\u00e9ho centra a UFI","optional":false,"hide_thumbnail":false,"discount":"","override_variations":false,"allowed_variations":[""],"override_default_variation_attributes":false,"default_variation_attributes":[],"single_product_visibility":"visible","cart_visibility":"visible","order_visibility":"visible","single_product_price_visibility":"visible","cart_price_visibility":"visible","order_price_visibility":"visible","stock_status":"in_stock"},{"bundled_item_id":13108,"product_id":31704,"menu_order":1,"quantity_min":0,"quantity_max":"","quantity_default":0,"priced_individually":true,"shipped_individually":false,"override_title":false,"title":"V\u0161etky krajiny EHP pre registr\u00e1ciu PCN Bal\u00edk","override_description":false,"description":"V\u0161etky krajiny EHP pre registr\u00e1ciu PCN Bal\u00edk","optional":false,"hide_thumbnail":false,"discount":"","override_variations":false,"allowed_variations":[""],"override_default_variation_attributes":false,"default_variation_attributes":[],"single_product_visibility":"visible","cart_visibility":"visible","order_visibility":"visible","single_product_price_visibility":"visible","cart_price_visibility":"visible","order_price_visibility":"visible","stock_status":"in_stock"},{"bundled_item_id":13163,"product_id":12591,"menu_order":1,"quantity_min":0,"quantity_max":"","quantity_default":1,"priced_individually":true,"shipped_individually":true,"override_title":false,"title":"Krajiny na registr\u00e1ciu PCN","override_description":false,"description":"Krajiny na registr\u00e1ciu PCN","optional":false,"hide_thumbnail":false,"discount":"","override_variations":false,"allowed_variations":[""],"override_default_variation_attributes":false,"default_variation_attributes":[],"single_product_visibility":"visible","cart_visibility":"visible","order_visibility":"visible","single_product_price_visibility":"visible","cart_price_visibility":"visible","order_price_visibility":"visible","stock_status":"in_stock"},{"bundled_item_id":13109,"product_id":12766,"menu_order":2,"quantity_min":0,"quantity_max":"","quantity_default":0,"priced_individually":true,"shipped_individually":true,"override_title":false,"title":"Vytvorenie etikety CLP a kontrola s\u00faladu","override_description":true,"description":"","optional":false,"hide_thumbnail":false,"discount":"","override_variations":false,"allowed_variations":[""],"override_default_variation_attributes":false,"default_variation_attributes":[],"single_product_visibility":"visible","cart_visibility":"visible","order_visibility":"visible","single_product_price_visibility":"visible","cart_price_visibility":"visible","order_price_visibility":"visible","stock_status":"in_stock"},{"bundled_item_id":13110,"product_id":12489,"menu_order":3,"quantity_min":0,"quantity_max":"","quantity_default":0,"priced_individually":true,"shipped_individually":true,"override_title":false,"title":"Vytvorenie karty bezpe\u010dnostn\u00fdch \u00fadajov","override_description":false,"description":"Vytvorenie karty bezpe\u010dnostn\u00fdch \u00fadajov","optional":false,"hide_thumbnail":false,"discount":"","override_variations":false,"allowed_variations":[""],"override_default_variation_attributes":false,"default_variation_attributes":[],"single_product_visibility":"visible","cart_visibility":"visible","order_visibility":"visible","single_product_price_visibility":"visible","cart_price_visibility":"visible","order_price_visibility":"visible","stock_status":"in_stock"},{"bundled_item_id":13111,"product_id":12502,"menu_order":4,"quantity_min":0,"quantity_max":"","quantity_default":0,"priced_individually":true,"shipped_individually":false,"override_title":true,"title":"Jazyk karty bezpe\u010dnostn\u00fdch \u00fadajov","override_description":false,"description":"Jazyk karty bezpe\u010dnostn\u00fdch \u00fadajov","optional":false,"hide_thumbnail":false,"discount":"","override_variations":false,"allowed_variations":[""],"override_default_variation_attributes":false,"default_variation_attributes":[],"single_product_visibility":"visible","cart_visibility":"visible","order_visibility":"visible","single_product_price_visibility":"visible","cart_price_visibility":"visible","order_price_visibility":"visible","stock_status":"in_stock"}],"bundle_sell_ids":[],"yoast_head":"<!-- This site is optimized with the Yoast SEO Premium plugin v25.1 (Yoast SEO v25.1) - https:\/\/yoast.com\/wordpress\/plugins\/seo\/ -->\n<title>Bal\u00edk PCN a UFI - UFI<\/title>\n<meta name=\"description\" content=\"Bal\u00edk PCN a UFI v\u00e1m poskytne v\u0161etko, \u010do potrebujete na za\u010datie predaja v\u00e1\u0161ho v\u00fdrobku v E\u00da.\" \/>\n<meta name=\"robots\" content=\"index, follow, max-snippet:-1, max-image-preview:large, max-video-preview:-1\" \/>\n<link rel=\"canonical\" href=\"https:\/\/www.ufi.eu\/sk\/product\/balik-pcn-a-ufi\/\" \/>\n<meta property=\"og:locale\" content=\"sk_SK\" \/>\n<meta property=\"og:type\" content=\"article\" \/>\n<meta property=\"og:title\" content=\"Bal\u00edk PCN a UFI\" \/>\n<meta property=\"og:description\" content=\"Bal\u00edk PCN a UFI v\u00e1m poskytne v\u0161etko, \u010do potrebujete na za\u010datie predaja v\u00e1\u0161ho v\u00fdrobku v E\u00da.\" \/>\n<meta property=\"og:url\" content=\"https:\/\/www.ufi.eu\/sk\/product\/balik-pcn-a-ufi\/\" \/>\n<meta property=\"og:site_name\" content=\"UFI\" \/>\n<meta property=\"article:modified_time\" content=\"2026-01-09T16:14:43+00:00\" \/>\n<meta property=\"og:image\" content=\"https:\/\/www.ufi.eu\/wp-content\/uploads\/2025\/03\/pcn_ufi.jpg\" \/>\n\t<meta property=\"og:image:width\" content=\"1024\" \/>\n\t<meta property=\"og:image:height\" content=\"1024\" \/>\n\t<meta property=\"og:image:type\" content=\"image\/jpeg\" \/>\n<meta name=\"twitter:card\" content=\"summary_large_image\" \/>\n<meta name=\"twitter:label1\" content=\"Cena\" \/>\n\t<meta name=\"twitter:data1\" content=\"&euro;0.00\" \/>\n\t<meta name=\"twitter:label2\" content=\"Dostupnos\u0165\" \/>\n\t<meta name=\"twitter:data2\" content=\"Na sklade\" \/>\n<script type=\"application\/ld+json\" class=\"yoast-schema-graph\">{\"@context\":\"https:\/\/schema.org\",\"@graph\":[{\"@type\":\"WebPage\",\"@id\":\"https:\/\/www.ufi.eu\/sk\/product\/balik-pcn-a-ufi\/\",\"url\":\"https:\/\/www.ufi.eu\/sk\/product\/balik-pcn-a-ufi\/\",\"name\":\"Bal\u00edk PCN a UFI - UFI\",\"isPartOf\":{\"@id\":\"https:\/\/www.ufi.eu\/sk\/#website\"},\"primaryImageOfPage\":{\"@id\":\"https:\/\/www.ufi.eu\/sk\/product\/balik-pcn-a-ufi\/#primaryimage\"},\"image\":{\"@id\":\"https:\/\/www.ufi.eu\/sk\/product\/balik-pcn-a-ufi\/#primaryimage\"},\"thumbnailUrl\":\"https:\/\/www.ufi.eu\/wp-content\/uploads\/2025\/03\/pcn_ufi.jpg\",\"datePublished\":\"2025-09-24T14:40:47+00:00\",\"dateModified\":\"2026-01-09T16:14:43+00:00\",\"description\":\"Bal\u00edk PCN a UFI v\u00e1m poskytne v\u0161etko, \u010do potrebujete na za\u010datie predaja v\u00e1\u0161ho v\u00fdrobku v E\u00da.\",\"breadcrumb\":{\"@id\":\"https:\/\/www.ufi.eu\/sk\/product\/balik-pcn-a-ufi\/#breadcrumb\"},\"inLanguage\":\"sk-SK\",\"potentialAction\":[{\"@type\":\"ReadAction\",\"target\":[\"https:\/\/www.ufi.eu\/sk\/product\/balik-pcn-a-ufi\/\"]}]},{\"@type\":\"ImageObject\",\"inLanguage\":\"sk-SK\",\"@id\":\"https:\/\/www.ufi.eu\/sk\/product\/balik-pcn-a-ufi\/#primaryimage\",\"url\":\"https:\/\/www.ufi.eu\/wp-content\/uploads\/2025\/03\/pcn_ufi.jpg\",\"contentUrl\":\"https:\/\/www.ufi.eu\/wp-content\/uploads\/2025\/03\/pcn_ufi.jpg\",\"width\":1024,\"height\":1024},{\"@type\":\"BreadcrumbList\",\"@id\":\"https:\/\/www.ufi.eu\/sk\/product\/balik-pcn-a-ufi\/#breadcrumb\",\"itemListElement\":[{\"@type\":\"ListItem\",\"position\":1,\"name\":\"Home\",\"item\":\"https:\/\/www.ufi.eu\/sk\/domov\/\"},{\"@type\":\"ListItem\",\"position\":2,\"name\":\"Obchod\",\"item\":\"https:\/\/www.ufi.eu\/sk\/obchod\/\"},{\"@type\":\"ListItem\",\"position\":3,\"name\":\"Bal\u00edk PCN a UFI\"}]},{\"@type\":\"WebSite\",\"@id\":\"https:\/\/www.ufi.eu\/sk\/#website\",\"url\":\"https:\/\/www.ufi.eu\/sk\/\",\"name\":\"UFI.EU\",\"description\":\"Poison Centre Notifications (PCN) and UFI\",\"publisher\":{\"@id\":\"https:\/\/www.ufi.eu\/sk\/#organization\"},\"potentialAction\":[{\"@type\":\"SearchAction\",\"target\":{\"@type\":\"EntryPoint\",\"urlTemplate\":\"https:\/\/www.ufi.eu\/sk\/?s={search_term_string}\"},\"query-input\":{\"@type\":\"PropertyValueSpecification\",\"valueRequired\":true,\"valueName\":\"search_term_string\"}}],\"inLanguage\":\"sk-SK\"},{\"@type\":\"Organization\",\"@id\":\"https:\/\/www.ufi.eu\/sk\/#organization\",\"name\":\"UFI.EU\",\"url\":\"https:\/\/www.ufi.eu\/sk\/\",\"logo\":{\"@type\":\"ImageObject\",\"inLanguage\":\"sk-SK\",\"@id\":\"https:\/\/www.ufi.eu\/sk\/#\/schema\/logo\/image\/\",\"url\":\"https:\/\/www.ufi.eu\/wp-content\/uploads\/2025\/03\/cropped-logo_ufi3.jpg\",\"contentUrl\":\"https:\/\/www.ufi.eu\/wp-content\/uploads\/2025\/03\/cropped-logo_ufi3.jpg\",\"width\":231,\"height\":78,\"caption\":\"UFI.EU\"},\"image\":{\"@id\":\"https:\/\/www.ufi.eu\/sk\/#\/schema\/logo\/image\/\"},\"description\":\"UFI.eu specializes in digital registrations for Poison Centre Notifications (PCN), ensuring your chemical products meet EU regulatory requirements effortlessly. Our streamlined solutions help businesses stay compliant while reducing complexity and administrative burden.\",\"email\":\"info@ufi.eu\",\"legalName\":\"UFI.EU\"}]}<\/script>\n<meta property=\"product:price:amount\" content=\"0.00\" \/>\n<meta property=\"product:price:currency\" content=\"EUR\" \/>\n<meta property=\"og:availability\" content=\"instock\" \/>\n<meta property=\"product:availability\" content=\"instock\" \/>\n<meta property=\"product:condition\" content=\"new\" \/>\n<!-- \/ Yoast SEO Premium plugin. -->","yoast_head_json":{"title":"Bal\u00edk PCN a UFI - UFI","description":"Bal\u00edk PCN a UFI v\u00e1m poskytne v\u0161etko, \u010do potrebujete na za\u010datie predaja v\u00e1\u0161ho v\u00fdrobku v E\u00da.","robots":{"index":"index","follow":"follow","max-snippet":"max-snippet:-1","max-image-preview":"max-image-preview:large","max-video-preview":"max-video-preview:-1"},"canonical":"https:\/\/www.ufi.eu\/sk\/product\/balik-pcn-a-ufi\/","og_locale":"sk_SK","og_type":"article","og_title":"Bal\u00edk PCN a UFI","og_description":"Bal\u00edk PCN a UFI v\u00e1m poskytne v\u0161etko, \u010do potrebujete na za\u010datie predaja v\u00e1\u0161ho v\u00fdrobku v E\u00da.","og_url":"https:\/\/www.ufi.eu\/sk\/product\/balik-pcn-a-ufi\/","og_site_name":"UFI","article_modified_time":"2026-01-09T16:14:43+00:00","og_image":[{"width":1024,"height":1024,"url":"https:\/\/www.ufi.eu\/wp-content\/uploads\/2025\/03\/pcn_ufi.jpg","type":"image\/jpeg"}],"twitter_card":"summary_large_image","twitter_misc":{"Cena":"&euro;0.00","Dostupnos\u0165":"Na sklade"},"schema":{"@context":"https:\/\/schema.org","@graph":[{"@type":"WebPage","@id":"https:\/\/www.ufi.eu\/sk\/product\/balik-pcn-a-ufi\/","url":"https:\/\/www.ufi.eu\/sk\/product\/balik-pcn-a-ufi\/","name":"Bal\u00edk PCN a UFI - UFI","isPartOf":{"@id":"https:\/\/www.ufi.eu\/sk\/#website"},"primaryImageOfPage":{"@id":"https:\/\/www.ufi.eu\/sk\/product\/balik-pcn-a-ufi\/#primaryimage"},"image":{"@id":"https:\/\/www.ufi.eu\/sk\/product\/balik-pcn-a-ufi\/#primaryimage"},"thumbnailUrl":"https:\/\/www.ufi.eu\/wp-content\/uploads\/2025\/03\/pcn_ufi.jpg","datePublished":"2025-09-24T14:40:47+00:00","dateModified":"2026-01-09T16:14:43+00:00","description":"Bal\u00edk PCN a UFI v\u00e1m poskytne v\u0161etko, \u010do potrebujete na za\u010datie predaja v\u00e1\u0161ho v\u00fdrobku v E\u00da.","breadcrumb":{"@id":"https:\/\/www.ufi.eu\/sk\/product\/balik-pcn-a-ufi\/#breadcrumb"},"inLanguage":"sk-SK","potentialAction":[{"@type":"ReadAction","target":["https:\/\/www.ufi.eu\/sk\/product\/balik-pcn-a-ufi\/"]}]},{"@type":"ImageObject","inLanguage":"sk-SK","@id":"https:\/\/www.ufi.eu\/sk\/product\/balik-pcn-a-ufi\/#primaryimage","url":"https:\/\/www.ufi.eu\/wp-content\/uploads\/2025\/03\/pcn_ufi.jpg","contentUrl":"https:\/\/www.ufi.eu\/wp-content\/uploads\/2025\/03\/pcn_ufi.jpg","width":1024,"height":1024},{"@type":"BreadcrumbList","@id":"https:\/\/www.ufi.eu\/sk\/product\/balik-pcn-a-ufi\/#breadcrumb","itemListElement":[{"@type":"ListItem","position":1,"name":"Home","item":"https:\/\/www.ufi.eu\/sk\/domov\/"},{"@type":"ListItem","position":2,"name":"Obchod","item":"https:\/\/www.ufi.eu\/sk\/obchod\/"},{"@type":"ListItem","position":3,"name":"Bal\u00edk PCN a UFI"}]},{"@type":"WebSite","@id":"https:\/\/www.ufi.eu\/sk\/#website","url":"https:\/\/www.ufi.eu\/sk\/","name":"UFI.EU","description":"Poison Centre Notifications (PCN) and UFI","publisher":{"@id":"https:\/\/www.ufi.eu\/sk\/#organization"},"potentialAction":[{"@type":"SearchAction","target":{"@type":"EntryPoint","urlTemplate":"https:\/\/www.ufi.eu\/sk\/?s={search_term_string}"},"query-input":{"@type":"PropertyValueSpecification","valueRequired":true,"valueName":"search_term_string"}}],"inLanguage":"sk-SK"},{"@type":"Organization","@id":"https:\/\/www.ufi.eu\/sk\/#organization","name":"UFI.EU","url":"https:\/\/www.ufi.eu\/sk\/","logo":{"@type":"ImageObject","inLanguage":"sk-SK","@id":"https:\/\/www.ufi.eu\/sk\/#\/schema\/logo\/image\/","url":"https:\/\/www.ufi.eu\/wp-content\/uploads\/2025\/03\/cropped-logo_ufi3.jpg","contentUrl":"https:\/\/www.ufi.eu\/wp-content\/uploads\/2025\/03\/cropped-logo_ufi3.jpg","width":231,"height":78,"caption":"UFI.EU"},"image":{"@id":"https:\/\/www.ufi.eu\/sk\/#\/schema\/logo\/image\/"},"description":"UFI.eu specializes in digital registrations for Poison Centre Notifications (PCN), ensuring your chemical products meet EU regulatory requirements effortlessly. Our streamlined solutions help businesses stay compliant while reducing complexity and administrative burden.","email":"info@ufi.eu","legalName":"UFI.EU"}]},"product_price_amount":"0.00","product_price_currency":"EUR","og_availability":"instock","product_availability":"instock","product_condition":"new"},"_links":{"self":[{"href":"https:\/\/www.ufi.eu\/sk\/wp-json\/wp\/v2\/product\/31748","targetHints":{"allow":["GET"]}}],"collection":[{"href":"https:\/\/www.ufi.eu\/sk\/wp-json\/wp\/v2\/product"}],"about":[{"href":"https:\/\/www.ufi.eu\/sk\/wp-json\/wp\/v2\/types\/product"}],"wp:featuredmedia":[{"embeddable":true,"href":"https:\/\/www.ufi.eu\/sk\/wp-json\/wp\/v2\/media\/12490"}],"wp:attachment":[{"href":"https:\/\/www.ufi.eu\/sk\/wp-json\/wp\/v2\/media?parent=31748"}],"wp:term":[{"taxonomy":"product_brand","embeddable":true,"href":"https:\/\/www.ufi.eu\/sk\/wp-json\/wp\/v2\/product_brand?post=31748"},{"taxonomy":"product_cat","embeddable":true,"href":"https:\/\/www.ufi.eu\/sk\/wp-json\/wp\/v2\/product_cat?post=31748"},{"taxonomy":"product_tag","embeddable":true,"href":"https:\/\/www.ufi.eu\/sk\/wp-json\/wp\/v2\/product_tag?post=31748"}],"curies":[{"name":"wp","href":"https:\/\/api.w.org\/{rel}","templated":true}]}}