{"id":31704,"date":"2025-09-24T14:37:11","date_gmt":"2025-09-24T14:37:11","guid":{"rendered":"https:\/\/www.ufi.eu\/product\/vsetky-krajiny-ehp-pre-registraciu-pcn-balik\/"},"modified":"2025-09-24T14:37:13","modified_gmt":"2025-09-24T14:37:13","slug":"vsetky-krajiny-ehp-pre-registraciu-pcn-balik","status":"publish","type":"product","link":"https:\/\/www.ufi.eu\/sk\/product\/vsetky-krajiny-ehp-pre-registraciu-pcn-balik\/","title":{"rendered":"V\u0161etky krajiny EHP pre registr\u00e1ciu PCN Bal\u00edk"},"content":{"rendered":"\n<h2 class=\"wp-block-heading\" id=\"h-launch-your-product-across-europe-with-ease\">Jednoduch\u00e9 uvedenie v\u00e1\u0161ho produktu na trh v celej Eur\u00f3pe<\/h2>\n\n<p>Pri registr\u00e1cii v\u00e1\u0161ho v\u00fdrobku na \u00fa\u010dely ozn\u00e1menia centra E\u00da pre otravy (PCN) sa vy\u017eaduje, aby ka\u017ed\u00e1 krajina, v ktorej pl\u00e1nujete pred\u00e1va\u0165, predlo\u017eila ozn\u00e1menie pr\u00edslu\u0161n\u00e9mu vn\u00fatro\u0161t\u00e1tnemu org\u00e1nu. V\u010faka na\u0161ej registr\u00e1cii PCN v krajin\u00e1ch E\u00da si m\u00f4\u017eete vybra\u0165 presn\u00e9 krajiny, v ktor\u00fdch chcete uvies\u0165 svoj produkt na trh, \u010do v\u00e1m poskytuje \u00fapln\u00fa flexibilitu a kontrolu nad dosahom na trh.<\/p>\n\n<h2 class=\"wp-block-heading\" id=\"h-what-you-re-purchasing\">\u010co kupujete<\/h2>\n\n<p>Tento produkt je <strong>bal\u00edkom pre v\u0161etky krajiny EHP<\/strong>. T\u00fdchto 30 \u017eet\u00f3nov m\u00f4\u017eete pou\u017ei\u0165 <strong>pri akejko\u013evek registr\u00e1cii PCN,<\/strong> ktor\u00fa u n\u00e1s vykon\u00e1te. Po zak\u00fapen\u00ed sa tieto krajiny <strong>pridaj\u00fa do <a href=\"https:\/\/www.ufi.eu\/my-account\/points\/\">zoznamu kraj\u00edn PCN<\/a><\/strong> a m\u00f4\u017eete ich pou\u017ei\u0165 pri vyp\u013a\u0148an\u00ed n\u00e1\u0161ho <strong>formul\u00e1ra na pr\u00edjem PCN pre<\/strong> v\u00e1\u0161 produkt.  <\/p>\n\n<p><strong><a href=\"https:\/\/www.ufi.eu\/shop\/\">Pre svoj v\u00fdrobok si budete musie\u0165 zak\u00fapi\u0165 aj PCN<\/a>. Tento v\u00fdrobok je len vo\u013en\u00e1 krajina, nie PCN. <\/strong><\/p>\n\n<h4 class=\"wp-block-heading\">\u2705 Ako to funguje:<\/h4>\n\n<ol class=\"wp-block-list\">\n<li>Ur\u010dite <strong>krajiny,<\/strong> v <strong>ktor\u00fdch<\/strong> pl\u00e1nujete pred\u00e1va\u0165.<\/li>\n\n\n\n<li>Zak\u00fapte po\u010det <strong>\u017eet\u00f3nov krajiny<\/strong>.<\/li>\n\n\n\n<li><a href=\"https:\/\/www.ufi.eu\/sk\/novy-produkt\/\">Odo\u0161lite n\u00e1m formul\u00e1r na pr\u00edjem v\u00e1\u0161ho v\u00fdrobku<\/a>.<\/li>\n\n\n\n<li>Jednoducho prira\u010fte krajiny, v ktor\u00fdch chcete, aby sme v\u00e1\u0161 v\u00fdrobok odoslali na predlo\u017eenie PCN.<\/li>\n\n\n\n<li>Token krajiny sa odpo\u010d\u00edta od celkovej sumy pri odoslan\u00ed formul\u00e1ra.<\/li>\n<\/ol>\n\n<p>Bez oh\u013eadu na to, \u010di uv\u00e1dzate na trh jeden produkt alebo spravujete cel\u00e9 portf\u00f3lio, m\u00f4\u017eete <strong> <a href=\"https:\/\/www.ufi.eu\/my-account\/points\/\">zak\u00fapen\u00e9 tokeny kraj\u00edn<\/a> pou\u017e\u00edva\u0165<\/strong> pri r\u00f4znych podaniach PCN &#8211; u\u0161etr\u00edte tak \u010das, zabezpe\u010d\u00edte s\u00falad s predpismi a bez probl\u00e9mov roz\u0161\u00edrite svoju pr\u00edtomnos\u0165 na trhu E\u00da.<\/p>\n\n<h3 class=\"wp-block-heading\" id=\"h-supported-eu-countries\">Podporovan\u00e9 krajiny E\u00da<\/h3>\n\n<p>E\u00da m\u00e1 27 kraj\u00edn a EHP 30 (E\u00da + Lichten\u0161tajnsko, N\u00f3rsko a Island) Na port\u00e1li si m\u00f4\u017eete vybra\u0165 z t\u00fdchto kraj\u00edn:<\/p>\n\n<figure class=\"wp-block-table\"><table class=\"has-fixed-layout\"><tbody><tr><td>Belgicko<\/td><td>(BE)<\/td><td>\u0160panielsko<\/td><td>(ES)<\/td><td>Ma\u010farsko<\/td><td>(HU)<\/td><td>Slovensko<\/td><td>(SK)<\/td><\/tr><tr><td>Bulharsko<\/td><td>(BG)<\/td><td>Franc\u00fazsko<\/td><td>(FR)<\/td><td>Malta<\/td><td>(MT)<\/td><td>F\u00ednsko<\/td><td>(FI)<\/td><\/tr><tr><td>\u010cesko<\/td><td>(CZ)<\/td><td>Chorv\u00e1tsko<\/td><td>(HR)<\/td><td>Holandsko<\/td><td>(NL)<\/td><td>\u0160v\u00e9dsko<\/td><td>(SE)<\/td><\/tr><tr><td>D\u00e1nsko<\/td><td>(DK)<\/td><td>Taliansko<\/td><td>(IT)<\/td><td>Rak\u00fasko<\/td><td>(AT)<\/td><td>Nemecko<\/td><td>(DE)<\/td><\/tr><tr><td>Cyprus<\/td><td>(CY)<\/td><td>Po\u013esko<\/td><td>(PL)<\/td><td>Island<\/td><td>(IS)<\/td><td>Est\u00f3nsko<\/td><td>(EE)<\/td><\/tr><tr><td>Loty\u0161sko<\/td><td>(LV)<\/td><td>Portugalsko<\/td><td>(PT)<\/td><td>Lichten\u0161tajnsko<\/td><td>(LI)<\/td><td>\u00cdrsko<\/td><td>(IE)<\/td><\/tr><tr><td>Litva<\/td><td>(LT)<\/td><td>Rumunsko<\/td><td>(RO)<\/td><td>N\u00f3rsko<\/td><td>(NIE)<\/td><td>Gr\u00e9cko<\/td><td>(EL)<\/td><\/tr><tr><td>Luxembursko<\/td><td>(LU)<\/td><td>Slovinsko<\/td><td>(SI)<\/td><td>\u0160vaj\u010diarsko*<\/td><td>(CH)<\/td><td><\/td><td><\/td><\/tr><\/tbody><\/table><\/figure>\n\n<p>*V pr\u00edpade \u0160vaj\u010diarska m\u00f4\u017eeme vytvori\u0165 dokument\u00e1ciu PCN so v\u0161etk\u00fdmi potrebn\u00fdmi inform\u00e1ciami na podanie \u017eiadosti na \u0161vaj\u010diarskom port\u00e1li. Pre viac inform\u00e1ci\u00ed n\u00e1s kontaktujte. <\/p>\n\n<h2 class=\"wp-block-heading\" id=\"h-example-of-how-it-works\">Pr\u00edklad fungovania<\/h2>\n\n<p>Uv\u00e1dzate na trh nov\u00fd \u010distiaci v\u00fdrobok vo <strong>Franc\u00fazsku, Nemecku a \u0160panielsku<\/strong>. Sta\u010d\u00ed k\u00fapi\u0165 tri krajiny. Pri vyp\u013a\u0148an\u00ed formul\u00e1ra na pr\u00edjem PCN u n\u00e1s prirad\u00edte tieto \u017eet\u00f3ny kraj\u00edn k v\u00fdrobku &#8211; zabezpe\u010d\u00edte tak s\u00falad s pr\u00e1vnymi predpismi na v\u0161etk\u00fdch troch trhoch bez probl\u00e9mov s individu\u00e1lnym predkladan\u00edm.  <\/p>\n\n<p><\/p>\n","protected":false},"excerpt":{"rendered":"<p>Jednoduch\u00e9 uvedenie v\u00e1\u0161ho produktu na trh v celej Eur\u00f3pe Pri registr\u00e1cii v\u00e1\u0161ho v\u00fdrobku na \u00fa\u010dely ozn\u00e1menia centra E\u00da pre otravy (PCN) sa vy\u017eaduje, aby ka\u017ed\u00e1 krajina, v ktorej pl\u00e1nujete pred\u00e1va\u0165, predlo\u017eila ozn\u00e1menie pr\u00edslu\u0161n\u00e9mu vn\u00fatro\u0161t\u00e1tnemu org\u00e1nu. V\u010faka na\u0161ej registr\u00e1cii PCN v krajin\u00e1ch E\u00da si m\u00f4\u017eete vybra\u0165 presn\u00e9 krajiny, v ktor\u00fdch chcete uvies\u0165 svoj produkt na trh, [&hellip;]<\/p>\n","protected":false},"featured_media":12592,"template":"","meta":[],"product_brand":[],"product_cat":[303],"product_tag":[],"class_list":{"0":"post-31704","1":"product","2":"type-product","3":"status-publish","4":"has-post-thumbnail","6":"product_cat-karta-bezpecnostnych-udajov","8":"first","9":"instock","10":"taxable","11":"shipping-taxable","12":"purchasable","13":"product-type-simple"},"bundled_by":["31748"],"bundle_stock_status":"instock","bundle_stock_quantity":null,"bundle_virtual":false,"bundle_layout":"","bundle_add_to_cart_form_location":"","bundle_editable_in_cart":false,"bundle_sold_individually_context":"","bundle_item_grouping":"","bundle_min_size":"","bundle_max_size":"","bundle_price":[],"bundled_items":[],"bundle_sell_ids":[],"yoast_head":"<!-- This site is optimized with the Yoast SEO Premium plugin v25.1 (Yoast SEO v25.1) - https:\/\/yoast.com\/wordpress\/plugins\/seo\/ -->\n<title>V\u0161etky krajiny EHP pre registr\u00e1ciu PCN Bal\u00edk - UFI<\/title>\n<meta name=\"description\" content=\"Tento produkt je bal\u00edkom pre v\u0161etky krajiny EHP. T\u00fdchto 30 \u017eet\u00f3nov m\u00f4\u017eete pou\u017ei\u0165 pri akejko\u013evek registr\u00e1cii PCN, ktor\u00fa u n\u00e1s vykon\u00e1te. Po zak\u00fapen\u00ed sa tieto krajiny pridaj\u00fa do zoznamu kraj\u00edn PCN a m\u00f4\u017eete ich pou\u017ei\u0165 pri vyp\u013a\u0148an\u00ed n\u00e1\u0161ho formul\u00e1ra na pr\u00edjem PCN pre v\u00e1\u0161 produkt.\" \/>\n<meta name=\"robots\" content=\"index, follow, max-snippet:-1, max-image-preview:large, max-video-preview:-1\" \/>\n<link rel=\"canonical\" href=\"https:\/\/www.ufi.eu\/sk\/product\/vsetky-krajiny-ehp-pre-registraciu-pcn-balik\/\" \/>\n<meta property=\"og:locale\" content=\"sk_SK\" \/>\n<meta property=\"og:type\" content=\"article\" \/>\n<meta property=\"og:title\" content=\"V\u0161etky krajiny EHP pre registr\u00e1ciu PCN Bal\u00edk\" \/>\n<meta property=\"og:description\" content=\"Tento produkt je bal\u00edkom pre v\u0161etky krajiny EHP. T\u00fdchto 30 \u017eet\u00f3nov m\u00f4\u017eete pou\u017ei\u0165 pri akejko\u013evek registr\u00e1cii PCN, ktor\u00fa u n\u00e1s vykon\u00e1te. Po zak\u00fapen\u00ed sa tieto krajiny pridaj\u00fa do zoznamu kraj\u00edn PCN a m\u00f4\u017eete ich pou\u017ei\u0165 pri vyp\u013a\u0148an\u00ed n\u00e1\u0161ho formul\u00e1ra na pr\u00edjem PCN pre v\u00e1\u0161 produkt.\" \/>\n<meta property=\"og:url\" content=\"https:\/\/www.ufi.eu\/sk\/product\/vsetky-krajiny-ehp-pre-registraciu-pcn-balik\/\" \/>\n<meta property=\"og:site_name\" content=\"UFI\" \/>\n<meta property=\"article:modified_time\" content=\"2025-09-24T14:37:13+00:00\" \/>\n<meta property=\"og:image\" content=\"https:\/\/www.ufi.eu\/wp-content\/uploads\/2025\/03\/eu.jpg\" \/>\n\t<meta property=\"og:image:width\" content=\"800\" \/>\n\t<meta property=\"og:image:height\" content=\"800\" \/>\n\t<meta property=\"og:image:type\" content=\"image\/jpeg\" \/>\n<meta name=\"twitter:card\" content=\"summary_large_image\" \/>\n<meta name=\"twitter:label1\" content=\"Cena\" \/>\n\t<meta name=\"twitter:data1\" content=\"&euro;415.00\" \/>\n\t<meta name=\"twitter:label2\" content=\"Dostupnos\u0165\" \/>\n\t<meta name=\"twitter:data2\" content=\"Na sklade\" \/>\n<script type=\"application\/ld+json\" class=\"yoast-schema-graph\">{\"@context\":\"https:\/\/schema.org\",\"@graph\":[{\"@type\":\"WebPage\",\"@id\":\"https:\/\/www.ufi.eu\/sk\/product\/vsetky-krajiny-ehp-pre-registraciu-pcn-balik\/\",\"url\":\"https:\/\/www.ufi.eu\/sk\/product\/vsetky-krajiny-ehp-pre-registraciu-pcn-balik\/\",\"name\":\"V\u0161etky krajiny EHP pre registr\u00e1ciu PCN Bal\u00edk - UFI\",\"isPartOf\":{\"@id\":\"https:\/\/www.ufi.eu\/sk\/#website\"},\"primaryImageOfPage\":{\"@id\":\"https:\/\/www.ufi.eu\/sk\/product\/vsetky-krajiny-ehp-pre-registraciu-pcn-balik\/#primaryimage\"},\"image\":{\"@id\":\"https:\/\/www.ufi.eu\/sk\/product\/vsetky-krajiny-ehp-pre-registraciu-pcn-balik\/#primaryimage\"},\"thumbnailUrl\":\"https:\/\/www.ufi.eu\/wp-content\/uploads\/2025\/03\/eu.jpg\",\"datePublished\":\"2025-09-24T14:37:11+00:00\",\"dateModified\":\"2025-09-24T14:37:13+00:00\",\"description\":\"Tento produkt je bal\u00edkom pre v\u0161etky krajiny EHP. T\u00fdchto 30 \u017eet\u00f3nov m\u00f4\u017eete pou\u017ei\u0165 pri akejko\u013evek registr\u00e1cii PCN, ktor\u00fa u n\u00e1s vykon\u00e1te. Po zak\u00fapen\u00ed sa tieto krajiny pridaj\u00fa do zoznamu kraj\u00edn PCN a m\u00f4\u017eete ich pou\u017ei\u0165 pri vyp\u013a\u0148an\u00ed n\u00e1\u0161ho formul\u00e1ra na pr\u00edjem PCN pre v\u00e1\u0161 produkt.\",\"breadcrumb\":{\"@id\":\"https:\/\/www.ufi.eu\/sk\/product\/vsetky-krajiny-ehp-pre-registraciu-pcn-balik\/#breadcrumb\"},\"inLanguage\":\"sk-SK\",\"potentialAction\":[{\"@type\":\"ReadAction\",\"target\":[\"https:\/\/www.ufi.eu\/sk\/product\/vsetky-krajiny-ehp-pre-registraciu-pcn-balik\/\"]}]},{\"@type\":\"ImageObject\",\"inLanguage\":\"sk-SK\",\"@id\":\"https:\/\/www.ufi.eu\/sk\/product\/vsetky-krajiny-ehp-pre-registraciu-pcn-balik\/#primaryimage\",\"url\":\"https:\/\/www.ufi.eu\/wp-content\/uploads\/2025\/03\/eu.jpg\",\"contentUrl\":\"https:\/\/www.ufi.eu\/wp-content\/uploads\/2025\/03\/eu.jpg\",\"width\":800,\"height\":800},{\"@type\":\"BreadcrumbList\",\"@id\":\"https:\/\/www.ufi.eu\/sk\/product\/vsetky-krajiny-ehp-pre-registraciu-pcn-balik\/#breadcrumb\",\"itemListElement\":[{\"@type\":\"ListItem\",\"position\":1,\"name\":\"Home\",\"item\":\"https:\/\/www.ufi.eu\/sk\/domov\/\"},{\"@type\":\"ListItem\",\"position\":2,\"name\":\"Obchod\",\"item\":\"https:\/\/www.ufi.eu\/sk\/obchod\/\"},{\"@type\":\"ListItem\",\"position\":3,\"name\":\"V\u0161etky krajiny EHP pre registr\u00e1ciu PCN Bal\u00edk\"}]},{\"@type\":\"WebSite\",\"@id\":\"https:\/\/www.ufi.eu\/sk\/#website\",\"url\":\"https:\/\/www.ufi.eu\/sk\/\",\"name\":\"UFI.EU\",\"description\":\"Poison Centre Notifications (PCN) and UFI\",\"publisher\":{\"@id\":\"https:\/\/www.ufi.eu\/sk\/#organization\"},\"potentialAction\":[{\"@type\":\"SearchAction\",\"target\":{\"@type\":\"EntryPoint\",\"urlTemplate\":\"https:\/\/www.ufi.eu\/sk\/?s={search_term_string}\"},\"query-input\":{\"@type\":\"PropertyValueSpecification\",\"valueRequired\":true,\"valueName\":\"search_term_string\"}}],\"inLanguage\":\"sk-SK\"},{\"@type\":\"Organization\",\"@id\":\"https:\/\/www.ufi.eu\/sk\/#organization\",\"name\":\"UFI.EU\",\"url\":\"https:\/\/www.ufi.eu\/sk\/\",\"logo\":{\"@type\":\"ImageObject\",\"inLanguage\":\"sk-SK\",\"@id\":\"https:\/\/www.ufi.eu\/sk\/#\/schema\/logo\/image\/\",\"url\":\"https:\/\/www.ufi.eu\/wp-content\/uploads\/2025\/03\/cropped-logo_ufi3.jpg\",\"contentUrl\":\"https:\/\/www.ufi.eu\/wp-content\/uploads\/2025\/03\/cropped-logo_ufi3.jpg\",\"width\":231,\"height\":78,\"caption\":\"UFI.EU\"},\"image\":{\"@id\":\"https:\/\/www.ufi.eu\/sk\/#\/schema\/logo\/image\/\"},\"description\":\"UFI.eu specializes in digital registrations for Poison Centre Notifications (PCN), ensuring your chemical products meet EU regulatory requirements effortlessly. Our streamlined solutions help businesses stay compliant while reducing complexity and administrative burden.\",\"email\":\"info@ufi.eu\",\"legalName\":\"UFI.EU\"}]}<\/script>\n<meta property=\"product:price:amount\" content=\"415.00\" \/>\n<meta property=\"product:price:currency\" content=\"EUR\" \/>\n<meta property=\"og:availability\" content=\"instock\" \/>\n<meta property=\"product:availability\" content=\"instock\" \/>\n<meta property=\"product:condition\" content=\"new\" \/>\n<!-- \/ Yoast SEO Premium plugin. -->","yoast_head_json":{"title":"V\u0161etky krajiny EHP pre registr\u00e1ciu PCN Bal\u00edk - UFI","description":"Tento produkt je bal\u00edkom pre v\u0161etky krajiny EHP. T\u00fdchto 30 \u017eet\u00f3nov m\u00f4\u017eete pou\u017ei\u0165 pri akejko\u013evek registr\u00e1cii PCN, ktor\u00fa u n\u00e1s vykon\u00e1te. Po zak\u00fapen\u00ed sa tieto krajiny pridaj\u00fa do zoznamu kraj\u00edn PCN a m\u00f4\u017eete ich pou\u017ei\u0165 pri vyp\u013a\u0148an\u00ed n\u00e1\u0161ho formul\u00e1ra na pr\u00edjem PCN pre v\u00e1\u0161 produkt.","robots":{"index":"index","follow":"follow","max-snippet":"max-snippet:-1","max-image-preview":"max-image-preview:large","max-video-preview":"max-video-preview:-1"},"canonical":"https:\/\/www.ufi.eu\/sk\/product\/vsetky-krajiny-ehp-pre-registraciu-pcn-balik\/","og_locale":"sk_SK","og_type":"article","og_title":"V\u0161etky krajiny EHP pre registr\u00e1ciu PCN Bal\u00edk","og_description":"Tento produkt je bal\u00edkom pre v\u0161etky krajiny EHP. T\u00fdchto 30 \u017eet\u00f3nov m\u00f4\u017eete pou\u017ei\u0165 pri akejko\u013evek registr\u00e1cii PCN, ktor\u00fa u n\u00e1s vykon\u00e1te. Po zak\u00fapen\u00ed sa tieto krajiny pridaj\u00fa do zoznamu kraj\u00edn PCN a m\u00f4\u017eete ich pou\u017ei\u0165 pri vyp\u013a\u0148an\u00ed n\u00e1\u0161ho formul\u00e1ra na pr\u00edjem PCN pre v\u00e1\u0161 produkt.","og_url":"https:\/\/www.ufi.eu\/sk\/product\/vsetky-krajiny-ehp-pre-registraciu-pcn-balik\/","og_site_name":"UFI","article_modified_time":"2025-09-24T14:37:13+00:00","og_image":[{"width":800,"height":800,"url":"https:\/\/www.ufi.eu\/wp-content\/uploads\/2025\/03\/eu.jpg","type":"image\/jpeg"}],"twitter_card":"summary_large_image","twitter_misc":{"Cena":"&euro;415.00","Dostupnos\u0165":"Na sklade"},"schema":{"@context":"https:\/\/schema.org","@graph":[{"@type":"WebPage","@id":"https:\/\/www.ufi.eu\/sk\/product\/vsetky-krajiny-ehp-pre-registraciu-pcn-balik\/","url":"https:\/\/www.ufi.eu\/sk\/product\/vsetky-krajiny-ehp-pre-registraciu-pcn-balik\/","name":"V\u0161etky krajiny EHP pre registr\u00e1ciu PCN Bal\u00edk - UFI","isPartOf":{"@id":"https:\/\/www.ufi.eu\/sk\/#website"},"primaryImageOfPage":{"@id":"https:\/\/www.ufi.eu\/sk\/product\/vsetky-krajiny-ehp-pre-registraciu-pcn-balik\/#primaryimage"},"image":{"@id":"https:\/\/www.ufi.eu\/sk\/product\/vsetky-krajiny-ehp-pre-registraciu-pcn-balik\/#primaryimage"},"thumbnailUrl":"https:\/\/www.ufi.eu\/wp-content\/uploads\/2025\/03\/eu.jpg","datePublished":"2025-09-24T14:37:11+00:00","dateModified":"2025-09-24T14:37:13+00:00","description":"Tento produkt je bal\u00edkom pre v\u0161etky krajiny EHP. T\u00fdchto 30 \u017eet\u00f3nov m\u00f4\u017eete pou\u017ei\u0165 pri akejko\u013evek registr\u00e1cii PCN, ktor\u00fa u n\u00e1s vykon\u00e1te. Po zak\u00fapen\u00ed sa tieto krajiny pridaj\u00fa do zoznamu kraj\u00edn PCN a m\u00f4\u017eete ich pou\u017ei\u0165 pri vyp\u013a\u0148an\u00ed n\u00e1\u0161ho formul\u00e1ra na pr\u00edjem PCN pre v\u00e1\u0161 produkt.","breadcrumb":{"@id":"https:\/\/www.ufi.eu\/sk\/product\/vsetky-krajiny-ehp-pre-registraciu-pcn-balik\/#breadcrumb"},"inLanguage":"sk-SK","potentialAction":[{"@type":"ReadAction","target":["https:\/\/www.ufi.eu\/sk\/product\/vsetky-krajiny-ehp-pre-registraciu-pcn-balik\/"]}]},{"@type":"ImageObject","inLanguage":"sk-SK","@id":"https:\/\/www.ufi.eu\/sk\/product\/vsetky-krajiny-ehp-pre-registraciu-pcn-balik\/#primaryimage","url":"https:\/\/www.ufi.eu\/wp-content\/uploads\/2025\/03\/eu.jpg","contentUrl":"https:\/\/www.ufi.eu\/wp-content\/uploads\/2025\/03\/eu.jpg","width":800,"height":800},{"@type":"BreadcrumbList","@id":"https:\/\/www.ufi.eu\/sk\/product\/vsetky-krajiny-ehp-pre-registraciu-pcn-balik\/#breadcrumb","itemListElement":[{"@type":"ListItem","position":1,"name":"Home","item":"https:\/\/www.ufi.eu\/sk\/domov\/"},{"@type":"ListItem","position":2,"name":"Obchod","item":"https:\/\/www.ufi.eu\/sk\/obchod\/"},{"@type":"ListItem","position":3,"name":"V\u0161etky krajiny EHP pre registr\u00e1ciu PCN Bal\u00edk"}]},{"@type":"WebSite","@id":"https:\/\/www.ufi.eu\/sk\/#website","url":"https:\/\/www.ufi.eu\/sk\/","name":"UFI.EU","description":"Poison Centre Notifications (PCN) and UFI","publisher":{"@id":"https:\/\/www.ufi.eu\/sk\/#organization"},"potentialAction":[{"@type":"SearchAction","target":{"@type":"EntryPoint","urlTemplate":"https:\/\/www.ufi.eu\/sk\/?s={search_term_string}"},"query-input":{"@type":"PropertyValueSpecification","valueRequired":true,"valueName":"search_term_string"}}],"inLanguage":"sk-SK"},{"@type":"Organization","@id":"https:\/\/www.ufi.eu\/sk\/#organization","name":"UFI.EU","url":"https:\/\/www.ufi.eu\/sk\/","logo":{"@type":"ImageObject","inLanguage":"sk-SK","@id":"https:\/\/www.ufi.eu\/sk\/#\/schema\/logo\/image\/","url":"https:\/\/www.ufi.eu\/wp-content\/uploads\/2025\/03\/cropped-logo_ufi3.jpg","contentUrl":"https:\/\/www.ufi.eu\/wp-content\/uploads\/2025\/03\/cropped-logo_ufi3.jpg","width":231,"height":78,"caption":"UFI.EU"},"image":{"@id":"https:\/\/www.ufi.eu\/sk\/#\/schema\/logo\/image\/"},"description":"UFI.eu specializes in digital registrations for Poison Centre Notifications (PCN), ensuring your chemical products meet EU regulatory requirements effortlessly. Our streamlined solutions help businesses stay compliant while reducing complexity and administrative burden.","email":"info@ufi.eu","legalName":"UFI.EU"}]},"product_price_amount":"415.00","product_price_currency":"EUR","og_availability":"instock","product_availability":"instock","product_condition":"new"},"_links":{"self":[{"href":"https:\/\/www.ufi.eu\/sk\/wp-json\/wp\/v2\/product\/31704","targetHints":{"allow":["GET"]}}],"collection":[{"href":"https:\/\/www.ufi.eu\/sk\/wp-json\/wp\/v2\/product"}],"about":[{"href":"https:\/\/www.ufi.eu\/sk\/wp-json\/wp\/v2\/types\/product"}],"wp:featuredmedia":[{"embeddable":true,"href":"https:\/\/www.ufi.eu\/sk\/wp-json\/wp\/v2\/media\/12592"}],"wp:attachment":[{"href":"https:\/\/www.ufi.eu\/sk\/wp-json\/wp\/v2\/media?parent=31704"}],"wp:term":[{"taxonomy":"product_brand","embeddable":true,"href":"https:\/\/www.ufi.eu\/sk\/wp-json\/wp\/v2\/product_brand?post=31704"},{"taxonomy":"product_cat","embeddable":true,"href":"https:\/\/www.ufi.eu\/sk\/wp-json\/wp\/v2\/product_cat?post=31704"},{"taxonomy":"product_tag","embeddable":true,"href":"https:\/\/www.ufi.eu\/sk\/wp-json\/wp\/v2\/product_tag?post=31704"}],"curies":[{"name":"wp","href":"https:\/\/api.w.org\/{rel}","templated":true}]}}