{"id":13355,"date":"2025-03-03T16:34:04","date_gmt":"2025-04-15T21:28:34","guid":{"rendered":"https:\/\/www.ufi.eu\/pcn\/nezaraden\u00e9\/pcn-a-ufi-pre-lepidla-domace-skolske-a-kancelarske-pouzitie\/"},"modified":"2025-04-15T21:28:34","modified_gmt":"2025-04-15T21:28:34","slug":"pcn-a-ufi-pre-lepidla-domace-skolske-a-kancelarske-pouzitie","status":"publish","type":"product","link":"https:\/\/www.ufi.eu\/sk\/product\/pcn-a-ufi-pre-lepidla-domace-skolske-a-kancelarske-pouzitie\/","title":{"rendered":"PCN a UFI pre lepidl\u00e1 &#8211; dom\u00e1ce, \u0161kolsk\u00e9 a kancel\u00e1rske pou\u017eitie"},"content":{"rendered":"<h2>Registr\u00e1cia lepidiel a tmelov na pou\u017eitie v dom\u00e1cnosti, kancel\u00e1rii alebo \u0161kole<\/h2>\n<p>Registr\u00e1cia lepidiel a tmelov na pou\u017eitie v dom\u00e1cnosti, kancel\u00e1rii alebo \u0161kole je ve\u013emi d\u00f4le\u017eit\u00e1 na zabezpe\u010denie s\u00faladu s regula\u010dn\u00fdmi normami pre bezpe\u010dnos\u0165, ozna\u010dovanie a ochranu spotrebite\u013ea. Tieto v\u00fdrobky vr\u00e1tane lepidiel pre remeseln\u00edkov, viac\u00fa\u010delov\u00fdch lepidiel, lepiacich ty\u010diniek, sekundov\u00fdch lepidiel, lepidiel na drevo, kontaktn\u00fdch lepidiel a lepiacich sprejov sa \u0161iroko pou\u017e\u00edvaj\u00fa v ka\u017edodennom prostred\u00ed, ako s\u00fa dom\u00e1cnosti, \u0161koly a kancel\u00e1rie. Spr\u00e1vna registr\u00e1cia zabezpe\u010duje, aby tieto v\u00fdrobky sp\u013a\u0148ali po\u017eadovan\u00e9 bezpe\u010dnostn\u00e9 normy, mali jasn\u00e9 ozna\u010denie s inform\u00e1ciami o nebezpe\u010denstve a poskytovali pokyny na bezpe\u010dn\u00e9 pou\u017e\u00edvanie na ochranu spotrebite\u013eov pred mo\u017en\u00fdmi zdravotn\u00fdmi rizikami.  <\/p>\n<h3>\u010co je to UFI?<\/h3>\n<p>UFI (Unique Formula Identifier) je k\u00f3d, ktor\u00fd identifikuje \u0161pecifick\u00e9 chemick\u00e9 zlo\u017eenie v\u00fdrobku. Mus\u00ed by\u0165 uveden\u00fd na etikete v\u00fdrobku a je vy\u017eadovan\u00fd z\u00e1konom ako s\u00fa\u010das\u0165 ozn\u00e1menia toxikologick\u00e9mu centru (PCN). UFI pom\u00e1ha z\u00e1chran\u00e1rom r\u00fdchlo identifikova\u0165 v\u00fdrobok a pos\u00fadi\u0165 riziko po\u010das pr\u00edpadov vystavenia chemickej l\u00e1tke alebo otravy.  <\/p>\n<h3>\u010co je PCN?<\/h3>\n<p>PCN (Poison Centre Notification &#8211; ozn\u00e1menie toxikologick\u00e9mu centru) je z\u00e1konn\u00e1 povinnos\u0165 v\u00fdrobcov a distrib\u00fatorov nebezpe\u010dn\u00fdch v\u00fdrobkov informova\u0165 toxikologick\u00e9 centrum E\u00da o zlo\u017een\u00ed a potenci\u00e1lnej nebezpe\u010dnosti svojich v\u00fdrobkov. V pr\u00edpade lepidiel a tmelov PCN zabezpe\u010duje, aby poskytovatelia zdravotnej starostlivosti a z\u00e1chran\u00e1ri mali k dispoz\u00edcii chemick\u00e9 zlo\u017eky v\u00fdrobku, klasifik\u00e1ciu nebezpe\u010dnosti a pokyny na bezpe\u010dn\u00e9 pou\u017e\u00edvanie v pr\u00edpade expoz\u00edcie alebo otravy. <\/p>\n<h3>\u010co je CLP?<\/h3>\n<p>CLP (klasifik\u00e1cia, ozna\u010dovanie a balenie) je nariadenie E\u00da, ktor\u00e9 klasifikuje chemick\u00e9 l\u00e1tky na z\u00e1klade ich nebezpe\u010dnosti a zabezpe\u010duje ich ozna\u010dovanie pr\u00edslu\u0161n\u00fdmi bezpe\u010dnostn\u00fdmi upozorneniami a symbolmi nebezpe\u010dnosti. V pr\u00edpade lepidiel a tmelov nariadenie CLP naria\u010fuje, aby etiketa v\u00fdrobku obsahovala jasn\u00e9 inform\u00e1cie o potenci\u00e1lnych nebezpe\u010denstv\u00e1ch, ako je podr\u00e1\u017edenie poko\u017eky, toxicita alebo hor\u013eavos\u0165. To pom\u00e1ha pou\u017e\u00edvate\u013eom bezpe\u010dne zaobch\u00e1dza\u0165 s v\u00fdrobkami a zni\u017euje riziko neh\u00f4d.  <\/p>\n<h3>\u010co je toxikologick\u00e9 centrum E\u00da?<\/h3>\n<p>Toxikologick\u00e9 centrum E\u00da je \u00fastredn\u00fd org\u00e1n, ktor\u00fd spravuje \u00fadaje t\u00fdkaj\u00face sa nebezpe\u010dn\u00fdch v\u00fdrobkov v celej Eur\u00f3pskej \u00fanii. Zohr\u00e1va rozhoduj\u00facu \u00falohu pri zais\u0165ovan\u00ed bezpe\u010dnosti t\u00fdm, \u017ee poskytuje z\u00e1chran\u00e1rom d\u00f4le\u017eit\u00e9 inform\u00e1cie po\u010das pr\u00edpadov expoz\u00edcie. V\u00fdrobcovia musia toxikologick\u00e9mu centru oznamova\u0165 svoje nebezpe\u010dn\u00e9 v\u00fdrobky, \u010d\u00edm sa zabezpe\u010d\u00ed, \u017ee tieto d\u00f4le\u017eit\u00e9 \u00fadaje bud\u00fa v pr\u00edpade potreby k dispoz\u00edcii.  <\/p>\n<h3>Pre\u010do je to potrebn\u00e9?<\/h3>\n<p>Registr\u00e1cia lepidiel a tmelov na pou\u017eitie v dom\u00e1cnosti, kancel\u00e1rii alebo \u0161kole v toxikologickom centre zaru\u010duje, \u017ee v\u00fdrobky s\u00fa pre spotrebite\u013eov bezpe\u010dn\u00e9 a spr\u00e1vne klasifikovan\u00e9 pod\u013ea ich nebezpe\u010dnosti. Poskytuje z\u00e1chran\u00e1rom potrebn\u00e9 \u00fadaje na \u00fa\u010dinn\u00e9 rie\u0161enie pr\u00edpadov expoz\u00edcie. Ke\u010f\u017ee lepidl\u00e1 a tmely m\u00f4\u017eu pri nespr\u00e1vnom zaobch\u00e1dzan\u00ed predstavova\u0165 zdravotn\u00e9 rizik\u00e1, je nevyhnutn\u00e9 dodr\u017eiava\u0165 predpisy, aby sa minimalizovali nehody a chr\u00e1nili pou\u017e\u00edvatelia pred mo\u017en\u00fdm po\u0161koden\u00edm.  <\/p>\n<h3>Odkedy je to pr\u00e1vne povinn\u00e9?<\/h3>\n<p>Z\u00e1konn\u00e1 povinnos\u0165 predklada\u0165 PCN pre nebezpe\u010dn\u00e9 v\u00fdrobky vr\u00e1tane lepidiel a tmelov sa stala povinnou 1. janu\u00e1ra 2021. Od tohto d\u00e1tumu musia v\u0161etci v\u00fdrobcovia a distrib\u00fatori zabezpe\u010di\u0165, aby ich v\u00fdrobky sp\u013a\u0148ali bezpe\u010dnostn\u00e9 normy E\u00da, a pred ich uveden\u00edm na trh predlo\u017ei\u0165 po\u017eadovan\u00e9 inform\u00e1cie toxikologick\u00e9mu centru E\u00da. <\/p>\n<h2>\u010cASTO KLADEN\u00c9 OT\u00c1ZKY<\/h2>\n<h3>Ot\u00e1zka: \u010co je to UFI a pre\u010do ho potrebujem pre svoj v\u00fdrobok?<\/h3>\n<p>Odpove\u010f: UFI (Unique Formula Identifier) je k\u00f3d, ktor\u00fd jednozna\u010dne identifikuje chemick\u00e9 zlo\u017eenie v\u00e1\u0161ho v\u00fdrobku. Je vy\u017eadovan\u00fd z\u00e1konom a mus\u00ed by\u0165 uveden\u00fd na etikete v\u00e1\u0161ho v\u00fdrobku. UFI umo\u017e\u0148uje z\u00e1chran\u00e1rom r\u00fdchly pr\u00edstup k d\u00f4le\u017eit\u00fdm bezpe\u010dnostn\u00fdm inform\u00e1ci\u00e1m v pr\u00edpade expoz\u00edcie alebo otravy.  <\/p>\n<h3>Ot\u00e1zka: \u010co zah\u0155\u0148a PCN pre lepidl\u00e1 a tmely?<\/h3>\n<p>Odpove\u010f: PCN (ozn\u00e1menie toxikologick\u00e9mu centru) zah\u0155\u0148a ozn\u00e1menie toxikologick\u00e9mu centru E\u00da o zlo\u017ek\u00e1ch a nebezpe\u010denstv\u00e1ch spojen\u00fdch s va\u0161\u00edm v\u00fdrobkom. To umo\u017e\u0148uje z\u00e1chran\u00e1rom pr\u00edstup k podrobn\u00fdm bezpe\u010dnostn\u00fdm inform\u00e1ci\u00e1m o v\u00fdrobku, \u010do im pom\u00e1ha \u00fa\u010dinne reagova\u0165 na pr\u00edpady vystavenia chemick\u00fdm l\u00e1tkam alebo otravy. <\/p>\n<h3>Ot\u00e1zka: \u010co je CLP a ako sa vz\u0165ahuje na lepidl\u00e1 a tmely?<\/h3>\n<p>Odpove\u010f: CLP (klasifik\u00e1cia, ozna\u010dovanie a balenie) je nariadenie E\u00da, ktor\u00e9 klasifikuje chemick\u00e9 v\u00fdrobky na z\u00e1klade ich nebezpe\u010dnosti a vy\u017eaduje jasn\u00e9 ozna\u010denie piktogramami nebezpe\u010denstva, sign\u00e1lnymi slovami a bezpe\u010dnostn\u00fdmi pokynmi. Lepidl\u00e1 a tmely musia by\u0165 v s\u00falade s nariaden\u00edm CLP, aby boli pou\u017e\u00edvatelia informovan\u00ed o mo\u017en\u00fdch rizik\u00e1ch a mohli s v\u00fdrobkami bezpe\u010dne zaobch\u00e1dza\u0165. <\/p>\n<h3>Ot\u00e1zka: Ak\u00fa \u00falohu zohr\u00e1va toxikologick\u00e9 centrum E\u00da v oblasti bezpe\u010dnosti?<\/h3>\n<p>Odpove\u010f: Centrum E\u00da pre otravy zhroma\u017e\u010fuje a sprac\u00fava \u00fadaje o bezpe\u010dnosti nebezpe\u010dn\u00fdch v\u00fdrobkov. Poskytuje d\u00f4le\u017eit\u00e9 inform\u00e1cie poskytovate\u013eom zdravotnej starostlivosti a z\u00e1chran\u00e1rom po\u010das pr\u00edpadov expoz\u00edcie, \u010d\u00edm zabezpe\u010duje, aby mohli \u00fa\u010dinne zvl\u00e1dnu\u0165 potenci\u00e1lne otravy alebo zdravotn\u00e9 rizik\u00e1 s\u00favisiace s chemick\u00fdmi v\u00fdrobkami. <\/p>\n<h3>Ot\u00e1zka: Pre\u010do je potrebn\u00e9 registrova\u0165 lepidl\u00e1 a tmely na pou\u017eitie v dom\u00e1cnosti, kancel\u00e1rii alebo \u0161kole?<\/h3>\n<p>Odpove\u010f: Registr\u00e1cia zabezpe\u010duje, \u017ee lepidl\u00e1 a tmely sp\u013a\u0148aj\u00fa bezpe\u010dnostn\u00e9 normy a s\u00fa spr\u00e1vne klasifikovan\u00e9 na pou\u017eitie v ka\u017edodennom prostred\u00ed. Poskytuje potrebn\u00e9 inform\u00e1cie na zaistenie bezpe\u010dnosti spotrebite\u013eov a umo\u017e\u0148uje r\u00fdchle a presn\u00e9 reakcie v pr\u00edpade pr\u00edpadov expoz\u00edcie alebo otravy. <\/p>\n<h3>Ot\u00e1zka: Odkedy je povinnos\u0165 oznamova\u0165 PCN povinn\u00e1?<\/h3>\n<p>Odpove\u010f: Povinnos\u0165 oznamova\u0165 PCN sa stala povinnou 1. janu\u00e1ra 2021. V\u0161etci v\u00fdrobcovia a distrib\u00fatori nebezpe\u010dn\u00fdch v\u00fdrobkov vr\u00e1tane lepidiel a tesniacich materi\u00e1lov musia pred uveden\u00edm svojich v\u00fdrobkov na trh E\u00da zabezpe\u010di\u0165 s\u00falad s t\u00fdmito predpismi. <\/p>\n","protected":false},"excerpt":{"rendered":"<p>Registr\u00e1cia lepidiel a tmelov na pou\u017eitie v dom\u00e1cnosti, kancel\u00e1rii alebo \u0161kole Registr\u00e1cia lepidiel a tmelov na pou\u017eitie v dom\u00e1cnosti, kancel\u00e1rii alebo \u0161kole je ve\u013emi d\u00f4le\u017eit\u00e1 na zabezpe\u010denie s\u00faladu s regula\u010dn\u00fdmi normami pre bezpe\u010dnos\u0165, ozna\u010dovanie a ochranu spotrebite\u013ea. Tieto v\u00fdrobky vr\u00e1tane lepidiel pre remeseln\u00edkov, viac\u00fa\u010delov\u00fdch lepidiel, lepiacich ty\u010diniek, sekundov\u00fdch lepidiel, lepidiel na drevo, kontaktn\u00fdch lepidiel a [&hellip;]<\/p>\n","protected":false},"featured_media":13356,"template":"","meta":[],"product_brand":[],"product_cat":[527],"product_tag":[],"class_list":{"0":"post-13355","1":"product","2":"type-product","3":"status-publish","4":"has-post-thumbnail","6":"product_cat-lepidla-a-tmely","8":"first","9":"instock","10":"virtual","11":"taxable","12":"purchasable","13":"product-type-bundle"},"bundled_by":[],"bundle_stock_status":"instock","bundle_stock_quantity":"","bundle_virtual":false,"bundle_layout":"default","bundle_add_to_cart_form_location":"default","bundle_editable_in_cart":false,"bundle_sold_individually_context":"product","bundle_item_grouping":"parent","bundle_min_size":"","bundle_max_size":"","bundle_price":{"price":{"min":{"incl_tax":"121","excl_tax":"100"},"max":{"incl_tax":"","excl_tax":""}},"regular_price":{"min":{"incl_tax":"121","excl_tax":"100"},"max":{"incl_tax":"","excl_tax":""}}},"bundled_items":[{"bundled_item_id":1978,"product_id":12577,"menu_order":0,"quantity_min":1,"quantity_max":1,"quantity_default":1,"priced_individually":true,"shipped_individually":true,"override_title":false,"title":"Ozn\u00e1menie toxikologick\u00e9ho centra a UFI","override_description":false,"description":"Ozn\u00e1menie toxikologick\u00e9ho centra a UFI","optional":false,"hide_thumbnail":false,"discount":"","override_variations":false,"allowed_variations":[""],"override_default_variation_attributes":false,"default_variation_attributes":[],"single_product_visibility":"visible","cart_visibility":"visible","order_visibility":"visible","single_product_price_visibility":"visible","cart_price_visibility":"visible","order_price_visibility":"visible","stock_status":"in_stock"},{"bundled_item_id":1979,"product_id":12591,"menu_order":1,"quantity_min":1,"quantity_max":"","quantity_default":1,"priced_individually":true,"shipped_individually":true,"override_title":false,"title":"Krajiny na registr\u00e1ciu PCN","override_description":false,"description":"Krajiny na registr\u00e1ciu PCN","optional":false,"hide_thumbnail":false,"discount":"","override_variations":false,"allowed_variations":[""],"override_default_variation_attributes":false,"default_variation_attributes":[],"single_product_visibility":"visible","cart_visibility":"visible","order_visibility":"visible","single_product_price_visibility":"visible","cart_price_visibility":"visible","order_price_visibility":"visible","stock_status":"in_stock"},{"bundled_item_id":12964,"product_id":12489,"menu_order":2,"quantity_min":0,"quantity_max":1,"quantity_default":1,"priced_individually":true,"shipped_individually":true,"override_title":false,"title":"Vytvorenie karty bezpe\u010dnostn\u00fdch \u00fadajov","override_description":false,"description":"Vytvorenie karty bezpe\u010dnostn\u00fdch \u00fadajov","optional":false,"hide_thumbnail":false,"discount":"","override_variations":false,"allowed_variations":[""],"override_default_variation_attributes":false,"default_variation_attributes":[],"single_product_visibility":"visible","cart_visibility":"visible","order_visibility":"visible","single_product_price_visibility":"visible","cart_price_visibility":"visible","order_price_visibility":"visible","stock_status":"in_stock"},{"bundled_item_id":12965,"product_id":12502,"menu_order":3,"quantity_min":0,"quantity_max":"","quantity_default":1,"priced_individually":true,"shipped_individually":false,"override_title":false,"title":"Preklad karty bezpe\u010dnostn\u00fdch \u00fadajov","override_description":false,"description":"Preklad karty bezpe\u010dnostn\u00fdch \u00fadajov","optional":false,"hide_thumbnail":false,"discount":"","override_variations":false,"allowed_variations":[""],"override_default_variation_attributes":false,"default_variation_attributes":[],"single_product_visibility":"visible","cart_visibility":"visible","order_visibility":"visible","single_product_price_visibility":"visible","cart_price_visibility":"visible","order_price_visibility":"visible","stock_status":"in_stock"}],"bundle_sell_ids":[],"yoast_head":"<!-- This site is optimized with the Yoast SEO Premium plugin v25.1 (Yoast SEO v25.1) - https:\/\/yoast.com\/wordpress\/plugins\/seo\/ -->\n<title>PCN a UFI pre lepidl\u00e1 - dom\u00e1ce, \u0161kolsk\u00e9 a kancel\u00e1rske pou\u017eitie - UFI<\/title>\n<meta name=\"description\" content=\"Registr\u00e1cia lepidiel a tmelov na pou\u017eitie v dom\u00e1cnosti, kancel\u00e1rii alebo \u0161kole je ve\u013emi d\u00f4le\u017eit\u00e1 na zabezpe\u010denie s\u00faladu s regula\u010dn\u00fdmi normami pre bezpe\u010dnos\u0165, ozna\u010dovanie a ochranu spotrebite\u013ea.\" \/>\n<meta name=\"robots\" content=\"index, follow, max-snippet:-1, max-image-preview:large, max-video-preview:-1\" \/>\n<link rel=\"canonical\" href=\"https:\/\/www.ufi.eu\/sk\/product\/pcn-a-ufi-pre-lepidla-domace-skolske-a-kancelarske-pouzitie\/\" \/>\n<meta property=\"og:locale\" content=\"sk_SK\" \/>\n<meta property=\"og:type\" content=\"article\" \/>\n<meta property=\"og:title\" content=\"PCN a UFI pre lepidl\u00e1 - dom\u00e1ce, \u0161kolsk\u00e9 a kancel\u00e1rske pou\u017eitie\" \/>\n<meta property=\"og:description\" content=\"Registr\u00e1cia lepidiel a tmelov na pou\u017eitie v dom\u00e1cnosti, kancel\u00e1rii alebo \u0161kole je ve\u013emi d\u00f4le\u017eit\u00e1 na zabezpe\u010denie s\u00faladu s regula\u010dn\u00fdmi normami pre bezpe\u010dnos\u0165, ozna\u010dovanie a ochranu spotrebite\u013ea.\" \/>\n<meta property=\"og:url\" content=\"https:\/\/www.ufi.eu\/sk\/product\/pcn-a-ufi-pre-lepidla-domace-skolske-a-kancelarske-pouzitie\/\" \/>\n<meta property=\"og:site_name\" content=\"UFI\" \/>\n<meta property=\"og:image\" content=\"https:\/\/www.ufi.eu\/wp-content\/uploads\/2025\/03\/PC-ADH-1.jpg\" \/>\n\t<meta property=\"og:image:width\" content=\"1024\" \/>\n\t<meta property=\"og:image:height\" content=\"1024\" \/>\n\t<meta property=\"og:image:type\" content=\"image\/jpeg\" \/>\n<meta name=\"twitter:card\" content=\"summary_large_image\" \/>\n<meta name=\"twitter:label1\" content=\"Cena\" \/>\n\t<meta name=\"twitter:data1\" content=\"&euro;0.00\" \/>\n\t<meta name=\"twitter:label2\" content=\"Dostupnos\u0165\" \/>\n\t<meta name=\"twitter:data2\" content=\"Na sklade\" \/>\n<script type=\"application\/ld+json\" class=\"yoast-schema-graph\">{\"@context\":\"https:\/\/schema.org\",\"@graph\":[{\"@type\":\"WebPage\",\"@id\":\"https:\/\/www.ufi.eu\/sk\/product\/pcn-a-ufi-pre-lepidla-domace-skolske-a-kancelarske-pouzitie\/\",\"url\":\"https:\/\/www.ufi.eu\/sk\/product\/pcn-a-ufi-pre-lepidla-domace-skolske-a-kancelarske-pouzitie\/\",\"name\":\"PCN a UFI pre lepidl\u00e1 - dom\u00e1ce, \u0161kolsk\u00e9 a kancel\u00e1rske pou\u017eitie - UFI\",\"isPartOf\":{\"@id\":\"https:\/\/www.ufi.eu\/sk\/#website\"},\"primaryImageOfPage\":{\"@id\":\"https:\/\/www.ufi.eu\/sk\/product\/pcn-a-ufi-pre-lepidla-domace-skolske-a-kancelarske-pouzitie\/#primaryimage\"},\"image\":{\"@id\":\"https:\/\/www.ufi.eu\/sk\/product\/pcn-a-ufi-pre-lepidla-domace-skolske-a-kancelarske-pouzitie\/#primaryimage\"},\"thumbnailUrl\":\"https:\/\/www.ufi.eu\/wp-content\/uploads\/2025\/03\/PC-ADH-1.jpg\",\"datePublished\":\"2025-04-15T21:28:34+00:00\",\"description\":\"Registr\u00e1cia lepidiel a tmelov na pou\u017eitie v dom\u00e1cnosti, kancel\u00e1rii alebo \u0161kole je ve\u013emi d\u00f4le\u017eit\u00e1 na zabezpe\u010denie s\u00faladu s regula\u010dn\u00fdmi normami pre bezpe\u010dnos\u0165, ozna\u010dovanie a ochranu spotrebite\u013ea.\",\"breadcrumb\":{\"@id\":\"https:\/\/www.ufi.eu\/sk\/product\/pcn-a-ufi-pre-lepidla-domace-skolske-a-kancelarske-pouzitie\/#breadcrumb\"},\"inLanguage\":\"sk-SK\",\"potentialAction\":[{\"@type\":\"ReadAction\",\"target\":[\"https:\/\/www.ufi.eu\/sk\/product\/pcn-a-ufi-pre-lepidla-domace-skolske-a-kancelarske-pouzitie\/\"]}]},{\"@type\":\"ImageObject\",\"inLanguage\":\"sk-SK\",\"@id\":\"https:\/\/www.ufi.eu\/sk\/product\/pcn-a-ufi-pre-lepidla-domace-skolske-a-kancelarske-pouzitie\/#primaryimage\",\"url\":\"https:\/\/www.ufi.eu\/wp-content\/uploads\/2025\/03\/PC-ADH-1.jpg\",\"contentUrl\":\"https:\/\/www.ufi.eu\/wp-content\/uploads\/2025\/03\/PC-ADH-1.jpg\",\"width\":1024,\"height\":1024},{\"@type\":\"BreadcrumbList\",\"@id\":\"https:\/\/www.ufi.eu\/sk\/product\/pcn-a-ufi-pre-lepidla-domace-skolske-a-kancelarske-pouzitie\/#breadcrumb\",\"itemListElement\":[{\"@type\":\"ListItem\",\"position\":1,\"name\":\"Home\",\"item\":\"https:\/\/www.ufi.eu\/sk\/domov\/\"},{\"@type\":\"ListItem\",\"position\":2,\"name\":\"Obchod\",\"item\":\"https:\/\/www.ufi.eu\/sk\/obchod\/\"},{\"@type\":\"ListItem\",\"position\":3,\"name\":\"PCN a UFI pre lepidl\u00e1 &#8211; dom\u00e1ce, \u0161kolsk\u00e9 a kancel\u00e1rske pou\u017eitie\"}]},{\"@type\":\"WebSite\",\"@id\":\"https:\/\/www.ufi.eu\/sk\/#website\",\"url\":\"https:\/\/www.ufi.eu\/sk\/\",\"name\":\"UFI.EU\",\"description\":\"Poison Centre Notifications (PCN) and UFI\",\"publisher\":{\"@id\":\"https:\/\/www.ufi.eu\/sk\/#organization\"},\"potentialAction\":[{\"@type\":\"SearchAction\",\"target\":{\"@type\":\"EntryPoint\",\"urlTemplate\":\"https:\/\/www.ufi.eu\/sk\/?s={search_term_string}\"},\"query-input\":{\"@type\":\"PropertyValueSpecification\",\"valueRequired\":true,\"valueName\":\"search_term_string\"}}],\"inLanguage\":\"sk-SK\"},{\"@type\":\"Organization\",\"@id\":\"https:\/\/www.ufi.eu\/sk\/#organization\",\"name\":\"UFI.EU\",\"url\":\"https:\/\/www.ufi.eu\/sk\/\",\"logo\":{\"@type\":\"ImageObject\",\"inLanguage\":\"sk-SK\",\"@id\":\"https:\/\/www.ufi.eu\/sk\/#\/schema\/logo\/image\/\",\"url\":\"https:\/\/www.ufi.eu\/wp-content\/uploads\/2025\/03\/cropped-logo_ufi3.jpg\",\"contentUrl\":\"https:\/\/www.ufi.eu\/wp-content\/uploads\/2025\/03\/cropped-logo_ufi3.jpg\",\"width\":231,\"height\":78,\"caption\":\"UFI.EU\"},\"image\":{\"@id\":\"https:\/\/www.ufi.eu\/sk\/#\/schema\/logo\/image\/\"},\"description\":\"UFI.eu specializes in digital registrations for Poison Centre Notifications (PCN), ensuring your chemical products meet EU regulatory requirements effortlessly. Our streamlined solutions help businesses stay compliant while reducing complexity and administrative burden.\",\"email\":\"info@ufi.eu\",\"legalName\":\"UFI.EU\"}]}<\/script>\n<meta property=\"product:price:amount\" content=\"0.00\" \/>\n<meta property=\"product:price:currency\" content=\"EUR\" \/>\n<meta property=\"og:availability\" content=\"instock\" \/>\n<meta property=\"product:availability\" content=\"instock\" \/>\n<meta property=\"product:retailer_item_id\" content=\"PC-ADH-1\" \/>\n<meta property=\"product:condition\" content=\"new\" \/>\n<!-- \/ Yoast SEO Premium plugin. -->","yoast_head_json":{"title":"PCN a UFI pre lepidl\u00e1 - dom\u00e1ce, \u0161kolsk\u00e9 a kancel\u00e1rske pou\u017eitie - UFI","description":"Registr\u00e1cia lepidiel a tmelov na pou\u017eitie v dom\u00e1cnosti, kancel\u00e1rii alebo \u0161kole je ve\u013emi d\u00f4le\u017eit\u00e1 na zabezpe\u010denie s\u00faladu s regula\u010dn\u00fdmi normami pre bezpe\u010dnos\u0165, ozna\u010dovanie a ochranu spotrebite\u013ea.","robots":{"index":"index","follow":"follow","max-snippet":"max-snippet:-1","max-image-preview":"max-image-preview:large","max-video-preview":"max-video-preview:-1"},"canonical":"https:\/\/www.ufi.eu\/sk\/product\/pcn-a-ufi-pre-lepidla-domace-skolske-a-kancelarske-pouzitie\/","og_locale":"sk_SK","og_type":"article","og_title":"PCN a UFI pre lepidl\u00e1 - dom\u00e1ce, \u0161kolsk\u00e9 a kancel\u00e1rske pou\u017eitie","og_description":"Registr\u00e1cia lepidiel a tmelov na pou\u017eitie v dom\u00e1cnosti, kancel\u00e1rii alebo \u0161kole je ve\u013emi d\u00f4le\u017eit\u00e1 na zabezpe\u010denie s\u00faladu s regula\u010dn\u00fdmi normami pre bezpe\u010dnos\u0165, ozna\u010dovanie a ochranu spotrebite\u013ea.","og_url":"https:\/\/www.ufi.eu\/sk\/product\/pcn-a-ufi-pre-lepidla-domace-skolske-a-kancelarske-pouzitie\/","og_site_name":"UFI","og_image":[{"width":1024,"height":1024,"url":"https:\/\/www.ufi.eu\/wp-content\/uploads\/2025\/03\/PC-ADH-1.jpg","type":"image\/jpeg"}],"twitter_card":"summary_large_image","twitter_misc":{"Cena":"&euro;0.00","Dostupnos\u0165":"Na sklade"},"schema":{"@context":"https:\/\/schema.org","@graph":[{"@type":"WebPage","@id":"https:\/\/www.ufi.eu\/sk\/product\/pcn-a-ufi-pre-lepidla-domace-skolske-a-kancelarske-pouzitie\/","url":"https:\/\/www.ufi.eu\/sk\/product\/pcn-a-ufi-pre-lepidla-domace-skolske-a-kancelarske-pouzitie\/","name":"PCN a UFI pre lepidl\u00e1 - dom\u00e1ce, \u0161kolsk\u00e9 a kancel\u00e1rske pou\u017eitie - UFI","isPartOf":{"@id":"https:\/\/www.ufi.eu\/sk\/#website"},"primaryImageOfPage":{"@id":"https:\/\/www.ufi.eu\/sk\/product\/pcn-a-ufi-pre-lepidla-domace-skolske-a-kancelarske-pouzitie\/#primaryimage"},"image":{"@id":"https:\/\/www.ufi.eu\/sk\/product\/pcn-a-ufi-pre-lepidla-domace-skolske-a-kancelarske-pouzitie\/#primaryimage"},"thumbnailUrl":"https:\/\/www.ufi.eu\/wp-content\/uploads\/2025\/03\/PC-ADH-1.jpg","datePublished":"2025-04-15T21:28:34+00:00","description":"Registr\u00e1cia lepidiel a tmelov na pou\u017eitie v dom\u00e1cnosti, kancel\u00e1rii alebo \u0161kole je ve\u013emi d\u00f4le\u017eit\u00e1 na zabezpe\u010denie s\u00faladu s regula\u010dn\u00fdmi normami pre bezpe\u010dnos\u0165, ozna\u010dovanie a ochranu spotrebite\u013ea.","breadcrumb":{"@id":"https:\/\/www.ufi.eu\/sk\/product\/pcn-a-ufi-pre-lepidla-domace-skolske-a-kancelarske-pouzitie\/#breadcrumb"},"inLanguage":"sk-SK","potentialAction":[{"@type":"ReadAction","target":["https:\/\/www.ufi.eu\/sk\/product\/pcn-a-ufi-pre-lepidla-domace-skolske-a-kancelarske-pouzitie\/"]}]},{"@type":"ImageObject","inLanguage":"sk-SK","@id":"https:\/\/www.ufi.eu\/sk\/product\/pcn-a-ufi-pre-lepidla-domace-skolske-a-kancelarske-pouzitie\/#primaryimage","url":"https:\/\/www.ufi.eu\/wp-content\/uploads\/2025\/03\/PC-ADH-1.jpg","contentUrl":"https:\/\/www.ufi.eu\/wp-content\/uploads\/2025\/03\/PC-ADH-1.jpg","width":1024,"height":1024},{"@type":"BreadcrumbList","@id":"https:\/\/www.ufi.eu\/sk\/product\/pcn-a-ufi-pre-lepidla-domace-skolske-a-kancelarske-pouzitie\/#breadcrumb","itemListElement":[{"@type":"ListItem","position":1,"name":"Home","item":"https:\/\/www.ufi.eu\/sk\/domov\/"},{"@type":"ListItem","position":2,"name":"Obchod","item":"https:\/\/www.ufi.eu\/sk\/obchod\/"},{"@type":"ListItem","position":3,"name":"PCN a UFI pre lepidl\u00e1 &#8211; dom\u00e1ce, \u0161kolsk\u00e9 a kancel\u00e1rske pou\u017eitie"}]},{"@type":"WebSite","@id":"https:\/\/www.ufi.eu\/sk\/#website","url":"https:\/\/www.ufi.eu\/sk\/","name":"UFI.EU","description":"Poison Centre Notifications (PCN) and UFI","publisher":{"@id":"https:\/\/www.ufi.eu\/sk\/#organization"},"potentialAction":[{"@type":"SearchAction","target":{"@type":"EntryPoint","urlTemplate":"https:\/\/www.ufi.eu\/sk\/?s={search_term_string}"},"query-input":{"@type":"PropertyValueSpecification","valueRequired":true,"valueName":"search_term_string"}}],"inLanguage":"sk-SK"},{"@type":"Organization","@id":"https:\/\/www.ufi.eu\/sk\/#organization","name":"UFI.EU","url":"https:\/\/www.ufi.eu\/sk\/","logo":{"@type":"ImageObject","inLanguage":"sk-SK","@id":"https:\/\/www.ufi.eu\/sk\/#\/schema\/logo\/image\/","url":"https:\/\/www.ufi.eu\/wp-content\/uploads\/2025\/03\/cropped-logo_ufi3.jpg","contentUrl":"https:\/\/www.ufi.eu\/wp-content\/uploads\/2025\/03\/cropped-logo_ufi3.jpg","width":231,"height":78,"caption":"UFI.EU"},"image":{"@id":"https:\/\/www.ufi.eu\/sk\/#\/schema\/logo\/image\/"},"description":"UFI.eu specializes in digital registrations for Poison Centre Notifications (PCN), ensuring your chemical products meet EU regulatory requirements effortlessly. Our streamlined solutions help businesses stay compliant while reducing complexity and administrative burden.","email":"info@ufi.eu","legalName":"UFI.EU"}]},"product_price_amount":"0.00","product_price_currency":"EUR","og_availability":"instock","product_availability":"instock","product_retailer_item_id":"PC-ADH-1","product_condition":"new"},"_links":{"self":[{"href":"https:\/\/www.ufi.eu\/sk\/wp-json\/wp\/v2\/product\/13355","targetHints":{"allow":["GET"]}}],"collection":[{"href":"https:\/\/www.ufi.eu\/sk\/wp-json\/wp\/v2\/product"}],"about":[{"href":"https:\/\/www.ufi.eu\/sk\/wp-json\/wp\/v2\/types\/product"}],"wp:featuredmedia":[{"embeddable":true,"href":"https:\/\/www.ufi.eu\/sk\/wp-json\/wp\/v2\/media\/13356"}],"wp:attachment":[{"href":"https:\/\/www.ufi.eu\/sk\/wp-json\/wp\/v2\/media?parent=13355"}],"wp:term":[{"taxonomy":"product_brand","embeddable":true,"href":"https:\/\/www.ufi.eu\/sk\/wp-json\/wp\/v2\/product_brand?post=13355"},{"taxonomy":"product_cat","embeddable":true,"href":"https:\/\/www.ufi.eu\/sk\/wp-json\/wp\/v2\/product_cat?post=13355"},{"taxonomy":"product_tag","embeddable":true,"href":"https:\/\/www.ufi.eu\/sk\/wp-json\/wp\/v2\/product_tag?post=13355"}],"curies":[{"name":"wp","href":"https:\/\/api.w.org\/{rel}","templated":true}]}}