{"id":12817,"date":"2025-04-15T20:37:22","date_gmt":"2025-04-15T20:37:22","guid":{"rendered":"https:\/\/www.ufi.eu\/pcn\/nezaraden\u00e9\/sluzba-vytvarania-karty-bezpecnostnych-udajov-msds-sds\/"},"modified":"2025-04-15T20:37:25","modified_gmt":"2025-04-15T20:37:25","slug":"sluzba-vytvarania-karty-bezpecnostnych-udajov-msds-sds","status":"publish","type":"product","link":"https:\/\/www.ufi.eu\/sk\/product\/sluzba-vytvarania-karty-bezpecnostnych-udajov-msds-sds\/","title":{"rendered":"Slu\u017eba vytv\u00e1rania karty bezpe\u010dnostn\u00fdch \u00fadajov (MSDS\/SDS)"},"content":{"rendered":"\n<p><strong>Profesion\u00e1lne vypracovan\u00e9 karty bezpe\u010dnostn\u00fdch \u00fadajov v plnom s\u00falade s nariadeniami E\u00da (REACH a CLP)<\/strong><\/p>\n\n<p>Poskytujeme odborne pripraven\u00e9 <strong>karty bezpe\u010dnostn\u00fdch \u00fadajov (KB\u00da)<\/strong> &#8211; zn\u00e1me aj ako <strong>karty bezpe\u010dnostn\u00fdch \u00fadajov (KB\u00da)<\/strong> &#8211; prisp\u00f4soben\u00e9 v\u00e1\u0161mu v\u00fdrobku a vyhovuj\u00face najnov\u0161\u00edm predpisom E\u00da. Bez oh\u013eadu na to, \u010di vyr\u00e1bate chemick\u00e9 zmesi, dov\u00e1\u017eate v\u00fdrobky do E\u00da alebo ich distribuujete pod s\u00fakromnou zna\u010dkou, s\u00fa vyhovuj\u00face karty bezpe\u010dnostn\u00fdch \u00fadajov zo z\u00e1kona povinn\u00e9 a nevyhnutn\u00e9 na bezpe\u010dn\u00e9 pou\u017e\u00edvanie v celom dod\u00e1vate\u013eskom re\u0165azci. <\/p>\n\n<h2 class=\"wp-block-heading\" id=\"h-what-is-an-safety-data-sheet-msds-sds-and-why-do-you-need-one\">\u010co je karta bezpe\u010dnostn\u00fdch \u00fadajov (MSDS\/SDS) a pre\u010do ju potrebujete?<\/h2>\n\n<p><strong>Karta bezpe\u010dnostn\u00fdch \u00fadajov<\/strong> je z\u00e1konom vy\u017eadovan\u00fd dokument, ktor\u00fd poskytuje komplexn\u00e9 inform\u00e1cie o vlastnostiach chemickej l\u00e1tky alebo zmesi. Pod\u013ea <strong>nariadenia REACH (ES \u010d. 1907\/2006)<\/strong> a <strong><a href=\"https:\/\/www.ufi.eu\/sk\/pcn\/stitok-clp\/vytvorenie-etikety-clp-a-kontrola-suladu\/\">CLP (ES \u010d. 1272\/2008)<\/a><\/strong>musia dod\u00e1vatelia poskytn\u00fa\u0165 kartu bezpe\u010dnostn\u00fdch \u00fadajov n\u00e1sledn\u00fdm u\u017e\u00edvate\u013eom pre ka\u017ed\u00fd v\u00fdrobok, ktor\u00fd je nebezpe\u010dn\u00fd alebo obsahuje l\u00e1tky vzbudzuj\u00face obavy. <\/p>\n\n<p>Nedodanie presn\u00e9ho a \u00fapln\u00e9ho bezpe\u010dnostn\u00e9ho listu m\u00f4\u017ee vies\u0165 k:<\/p>\n\n<ul class=\"wp-block-list\">\n<li><strong>Pr\u00e1vne sankcie<\/strong> alebo coln\u00e9 zdr\u017eania<\/li>\n\n\n\n<li><strong>Odmietnut\u00e9 z\u00e1sielky<\/strong> alebo straten\u00ed obchodn\u00ed partneri<\/li>\n\n\n\n<li><strong>Riziko pre \u013eudsk\u00e9 zdravie a \u017eivotn\u00e9 prostredie<\/strong><\/li>\n<\/ul>\n\n<h2 class=\"wp-block-heading\" id=\"h-what-our-sds-creation-service-includes\">\u010co zah\u0155\u0148a na\u0161a slu\u017eba tvorby SDS<\/h2>\n\n<h4 class=\"wp-block-heading\" id=\"h-1-fully-compliant-sds-creation-16-sections\">1. <strong>Vytvorenie plne kompatibiln\u00e9ho SDS (16 sekci\u00ed)<\/strong><\/h4>\n\n<p>V\u00e1\u0161 bezpe\u010dnostn\u00fd list vytvor\u00edme od za\u010diatku na z\u00e1klade zlo\u017eenia v\u00e1\u0161ho v\u00fdrobku a\/alebo existuj\u00facich \u00fadajov vr\u00e1tane:<\/p>\n\n<ul class=\"wp-block-list\">\n<li>Inform\u00e1cie o klasifik\u00e1cii nebezpe\u010dnosti a ozna\u010dovan\u00ed (v s\u00falade s nariaden\u00edm CLP)<\/li>\n\n\n\n<li>Zlo\u017eenie a zverejnenie zlo\u017eiek<\/li>\n\n\n\n<li>Pokyny na bezpe\u010dn\u00fa manipul\u00e1ciu, skladovanie a prepravu<\/li>\n\n\n\n<li>Prv\u00e1 pomoc, hasenie po\u017eiaru a opatrenia pri n\u00e1hodnom uvo\u013enen\u00ed<\/li>\n\n\n\n<li>Odkazy na pr\u00e1vne predpisy (pr\u00edloha II k nariadeniu REACH)<\/li>\n<\/ul>\n\n<p>Ka\u017ed\u00fd bezpe\u010dnostn\u00fd list sa dod\u00e1va v s\u00falade s <strong>pr\u00edlohou II k nariadeniu REACH<\/strong>, v s\u00falade s najnov\u0161\u00edmi aktualiz\u00e1ciami a harmonizovan\u00fdmi klasifik\u00e1ciami.<\/p>\n\n<h4 class=\"wp-block-heading\" id=\"h-2-multilingual-sds-versions\">2. <strong>Viacjazy\u010dn\u00e9 verzie SDS<\/strong><\/h4>\n\n<p>Pon\u00fakame vytvorenie SDS vo viacer\u00fdch \u00faradn\u00fdch jazykoch E\u00da, ktor\u00e9 s\u00fa pripraven\u00e9 na cezhrani\u010dn\u00fa distrib\u00faciu. To zah\u0155\u0148a: <\/p>\n\n<ul class=\"wp-block-list\">\n<li><a href=\"https:\/\/www.ufi.eu\/sk\/pcn\/karta-bezpecnostnych-udajov\/preklad-karty-bezpecnostnych-udajov\/\">Preklady bezpe\u010dnostn\u00fdch listov od<\/a> odborn\u00edkov znal\u00fdch chemickej terminol\u00f3gie<\/li>\n\n\n\n<li>\u00dapravy \u0161pecifick\u00e9 pre jednotliv\u00e9 krajiny, ak s\u00fa potrebn\u00e9 (napr. n\u00e1rodn\u00e9 limity vystavenia)<\/li>\n<\/ul>\n\n<h4 class=\"wp-block-heading\" id=\"h-3-update-amp-conversion-service\">3. <strong>Slu\u017eba aktualiz\u00e1cie a konverzie<\/strong><\/h4>\n\n<p>M\u00e1te u\u017e zastaran\u00fd alebo nevyhovuj\u00faci bezpe\u010dnostn\u00fd list? M\u00f4\u017eeme: <\/p>\n\n<ul class=\"wp-block-list\">\n<li>Presk\u00famajte a aktualizujte svoj existuj\u00faci h\u00e1rok, aby sp\u013a\u0148al aktu\u00e1lne normy<\/li>\n\n\n\n<li>Konverzia form\u00e1tov bezpe\u010dnostn\u00fdch listov mimo E\u00da (napr. US OSHA) na verzie v s\u00falade s E\u00da REACH<\/li>\n<\/ul>\n\n<h4 class=\"wp-block-heading\" id=\"h-4-optional-add-ons\">4. <strong>Volite\u013en\u00e9 doplnky<\/strong><\/h4>\n\n<ul class=\"wp-block-list\">\n<li><a href=\"https:\/\/www.ufi.eu\/sk\/pcn\/stitok-clp\/vytvorenie-etikety-clp-a-kontrola-suladu\/\">Vytvorenie etikety CLP, ktor\u00e1<\/a> zodpoved\u00e1 karte bezpe\u010dnostn\u00fdch \u00fadajov<\/li>\n\n\n\n<li>Generovanie UFI a ozn\u00e1menie PCN<\/li>\n\n\n\n<li>Klasifik\u00e1cia v\u00fdrobkov na z\u00e1klade zoznamov surov\u00edn alebo zlo\u017eiek<\/li>\n<\/ul>\n\n<h2 class=\"wp-block-heading\" id=\"h-which-products-need-an-sds\">Ktor\u00e9 v\u00fdrobky potrebuj\u00fa kartu bezpe\u010dnostn\u00fdch \u00fadajov?<\/h2>\n\n<p>Karta bezpe\u010dnostn\u00fdch \u00fadajov je potrebn\u00e1, ak v\u00e1\u0161 v\u00fdrobok:<\/p>\n\n<ul class=\"wp-block-list\">\n<li>Je klasifikovan\u00fd ako nebezpe\u010dn\u00fd (napr. hor\u013eav\u00fd, dr\u00e1\u017ediv\u00fd, toxick\u00fd, \u017eierav\u00fd)<\/li>\n\n\n\n<li>Obsahuje l\u00e1tky, ktor\u00e9 s\u00fa nebezpe\u010dn\u00e9 alebo s\u00fa uveden\u00e9 na osobitn\u00fdch regula\u010dn\u00fdch zoznamoch (napr. SVHC)<\/li>\n\n\n\n<li>Je ur\u010den\u00fd na profesion\u00e1lne alebo priemyseln\u00e9 pou\u017eitie, aj ke\u010f nie je klasifikovan\u00fd ako nebezpe\u010dn\u00fd<\/li>\n<\/ul>\n\n<p>To sa t\u00fdka \u0161irokej \u0161k\u00e1ly v\u00fdrobkov:<\/p>\n\n<ul class=\"wp-block-list\">\n<li>Zmesi v\u00f4n\u00ed a esenci\u00e1lnych olejov<\/li>\n\n\n\n<li>\u010cistiace prostriedky a spreje na povrchy<\/li>\n\n\n\n<li>Farby, n\u00e1tery a \u017eivice<\/li>\n\n\n\n<li>Taven\u00e9 vosky, izbov\u00e9 spreje a osvie\u017eova\u010de vzduchu<\/li>\n\n\n\n<li>Priemyseln\u00e9 chemik\u00e1lie a medziprodukty<\/li>\n<\/ul>\n\n<h2 class=\"wp-block-heading\" id=\"h-who-is-this-service-for\">Pre koho je t\u00e1to slu\u017eba ur\u010den\u00e1?<\/h2>\n\n<ul class=\"wp-block-list\">\n<li>V\u00fdrobcovia a vlastn\u00edci zna\u010diek chemick\u00fdch zmes\u00ed<\/li>\n\n\n\n<li>Dovozcovia v\u00fdrobkov z kraj\u00edn mimo E\u00da<\/li>\n\n\n\n<li>Distrib\u00fatori s\u00fakromn\u00fdch zna\u010diek a bielych zna\u010diek<\/li>\n\n\n\n<li>Spolo\u010dnosti pred\u00e1vaj\u00face nebezpe\u010dn\u00fd tovar prostredn\u00edctvom online trhov alebo maloobchodu<\/li>\n<\/ul>\n\n<h2 class=\"wp-block-heading\" id=\"h-why-choose-ufi-eu\">Pre\u010do si vybra\u0165 UFI.EU?<\/h2>\n\n<ul class=\"wp-block-list\">\n<li><strong>Sk\u00fasen\u00fd regula\u010dn\u00fd t\u00edm<\/strong> \u0161pecializuj\u00faci sa na nariadenia CLP, REACH a PCN<\/li>\n\n\n\n<li><strong>Presn\u00e9 a plne vyhovuj\u00face karty bezpe\u010dnostn\u00fdch \u00fadajov<\/strong> prisp\u00f4soben\u00e9 v\u00e1\u0161mu v\u00fdrobku<\/li>\n\n\n\n<li><strong>Viacjazy\u010dn\u00e1 podpora na<\/strong> zabezpe\u010denie s\u00faladu s predpismi v celej E\u00da<\/li>\n\n\n\n<li><strong>R\u00fdchly \u010das spracovania<\/strong> a transparentn\u00e9 ceny<\/li>\n<\/ul>\n\n<h2 class=\"wp-block-heading\" id=\"h-how-it-works\">Ako to funguje<\/h2>\n\n<ol class=\"wp-block-list\">\n<li><strong>Odoslanie zlo\u017eenia v\u00fdrobku alebo existuj\u00faceho bezpe\u010dnostn\u00e9ho listu<\/strong><\/li>\n\n\n\n<li><strong>Analyzujeme zlo\u017eky a pripravujeme SDS<\/strong><\/li>\n\n\n\n<li><strong>Dostanete profesion\u00e1lne naform\u00e1tovan\u00fd dokument pripraven\u00fd na distrib\u00faciu alebo registr\u00e1ciu<\/strong><\/li>\n<\/ol>\n\n<h2 class=\"wp-block-heading\" id=\"h-order-your-sds-today\">Objednajte si SDS e\u0161te dnes<\/h2>\n\n<p>\u010ci u\u017e potrebujete nov\u00fd KB\u00da, aktualiz\u00e1ciu alebo viacjazy\u010dn\u00e9 verzie pre r\u00f4zne trhy, <strong>UFI.EU<\/strong> je va\u0161\u00edm spo\u013eahliv\u00fdm partnerom pre s\u00falad s chemick\u00fdmi predpismi.<br\/><strong>Objednajte si slu\u017ebu tvorby KB\u00da teraz a zosta\u0148te plne v s\u00falade s pr\u00e1vnymi predpismi E\u00da.<\/strong><\/p>\n","protected":false},"excerpt":{"rendered":"<p>Profesion\u00e1lne vypracovan\u00e9 karty bezpe\u010dnostn\u00fdch \u00fadajov v plnom s\u00falade s nariadeniami E\u00da (REACH a CLP) Poskytujeme odborne pripraven\u00e9 karty bezpe\u010dnostn\u00fdch \u00fadajov (KB\u00da) &#8211; zn\u00e1me aj ako karty bezpe\u010dnostn\u00fdch \u00fadajov (KB\u00da) &#8211; prisp\u00f4soben\u00e9 v\u00e1\u0161mu v\u00fdrobku a vyhovuj\u00face najnov\u0161\u00edm predpisom E\u00da. Bez oh\u013eadu na to, \u010di vyr\u00e1bate chemick\u00e9 zmesi, dov\u00e1\u017eate v\u00fdrobky do E\u00da alebo ich distribuujete pod s\u00fakromnou [&hellip;]<\/p>\n","protected":false},"featured_media":12490,"template":"","meta":[],"product_brand":[],"product_cat":[303],"product_tag":[],"class_list":{"0":"post-12817","1":"product","2":"type-product","3":"status-publish","4":"has-post-thumbnail","6":"product_cat-karta-bezpecnostnych-udajov","8":"first","9":"instock","10":"virtual","11":"taxable","12":"purchasable","13":"product-type-bundle"},"bundled_by":[],"bundle_stock_status":"instock","bundle_stock_quantity":"","bundle_virtual":false,"bundle_layout":"default","bundle_add_to_cart_form_location":"default","bundle_editable_in_cart":false,"bundle_sold_individually_context":"product","bundle_item_grouping":"parent","bundle_min_size":"","bundle_max_size":"","bundle_price":{"price":{"min":{"incl_tax":"119.79","excl_tax":"99"},"max":{"incl_tax":"","excl_tax":""}},"regular_price":{"min":{"incl_tax":"119.79","excl_tax":"99"},"max":{"incl_tax":"","excl_tax":""}}},"bundled_items":[{"bundled_item_id":1378,"product_id":12489,"menu_order":0,"quantity_min":1,"quantity_max":1,"quantity_default":1,"priced_individually":true,"shipped_individually":true,"override_title":false,"title":null,"override_description":false,"description":null,"optional":false,"hide_thumbnail":false,"discount":"","override_variations":false,"allowed_variations":[""],"override_default_variation_attributes":false,"default_variation_attributes":[],"single_product_visibility":"visible","cart_visibility":"visible","order_visibility":"visible","single_product_price_visibility":"visible","cart_price_visibility":"visible","order_price_visibility":"visible","stock_status":"in_stock"},{"bundled_item_id":1379,"product_id":12502,"menu_order":1,"quantity_min":1,"quantity_max":"","quantity_default":1,"priced_individually":true,"shipped_individually":false,"override_title":false,"title":null,"override_description":false,"description":null,"optional":false,"hide_thumbnail":false,"discount":"","override_variations":false,"allowed_variations":[""],"override_default_variation_attributes":false,"default_variation_attributes":[],"single_product_visibility":"visible","cart_visibility":"visible","order_visibility":"visible","single_product_price_visibility":"visible","cart_price_visibility":"visible","order_price_visibility":"visible","stock_status":"in_stock"}],"bundle_sell_ids":[],"yoast_head":"<!-- This site is optimized with the Yoast SEO Premium plugin v25.1 (Yoast SEO v25.1) - https:\/\/yoast.com\/wordpress\/plugins\/seo\/ -->\n<title>Slu\u017eba vytv\u00e1rania karty bezpe\u010dnostn\u00fdch \u00fadajov (MSDS\/SDS) - UFI<\/title>\n<meta name=\"description\" content=\"Poskytujeme odborne pripraven\u00e9 karty bezpe\u010dnostn\u00fdch \u00fadajov (KB\u00da) - zn\u00e1me aj ako karty bezpe\u010dnostn\u00fdch \u00fadajov (KB\u00da) - prisp\u00f4soben\u00e9 v\u00e1\u0161mu v\u00fdrobku a vyhovuj\u00face najnov\u0161\u00edm predpisom E\u00da.\" \/>\n<meta name=\"robots\" content=\"index, follow, max-snippet:-1, max-image-preview:large, max-video-preview:-1\" \/>\n<link rel=\"canonical\" href=\"https:\/\/www.ufi.eu\/sk\/product\/sluzba-vytvarania-karty-bezpecnostnych-udajov-msds-sds\/\" \/>\n<meta property=\"og:locale\" content=\"sk_SK\" \/>\n<meta property=\"og:type\" content=\"article\" \/>\n<meta property=\"og:title\" content=\"Slu\u017eba vytv\u00e1rania karty bezpe\u010dnostn\u00fdch \u00fadajov (MSDS\/SDS)\" \/>\n<meta property=\"og:description\" content=\"Poskytujeme odborne pripraven\u00e9 karty bezpe\u010dnostn\u00fdch \u00fadajov (KB\u00da) - zn\u00e1me aj ako karty bezpe\u010dnostn\u00fdch \u00fadajov (KB\u00da) - prisp\u00f4soben\u00e9 v\u00e1\u0161mu v\u00fdrobku a vyhovuj\u00face najnov\u0161\u00edm predpisom E\u00da.\" \/>\n<meta property=\"og:url\" content=\"https:\/\/www.ufi.eu\/sk\/product\/sluzba-vytvarania-karty-bezpecnostnych-udajov-msds-sds\/\" \/>\n<meta property=\"og:site_name\" content=\"UFI\" \/>\n<meta property=\"article:modified_time\" content=\"2025-04-15T20:37:25+00:00\" \/>\n<meta property=\"og:image\" content=\"https:\/\/www.ufi.eu\/wp-content\/uploads\/2025\/03\/pcn_ufi.jpg\" \/>\n\t<meta property=\"og:image:width\" content=\"1024\" \/>\n\t<meta property=\"og:image:height\" content=\"1024\" \/>\n\t<meta property=\"og:image:type\" content=\"image\/jpeg\" \/>\n<meta name=\"twitter:card\" content=\"summary_large_image\" \/>\n<meta name=\"twitter:label1\" content=\"Cena\" \/>\n\t<meta name=\"twitter:data1\" content=\"&euro;0.00\" \/>\n\t<meta name=\"twitter:label2\" content=\"Dostupnos\u0165\" \/>\n\t<meta name=\"twitter:data2\" content=\"Na sklade\" \/>\n<script type=\"application\/ld+json\" class=\"yoast-schema-graph\">{\"@context\":\"https:\/\/schema.org\",\"@graph\":[{\"@type\":\"WebPage\",\"@id\":\"https:\/\/www.ufi.eu\/sk\/product\/sluzba-vytvarania-karty-bezpecnostnych-udajov-msds-sds\/\",\"url\":\"https:\/\/www.ufi.eu\/sk\/product\/sluzba-vytvarania-karty-bezpecnostnych-udajov-msds-sds\/\",\"name\":\"Slu\u017eba vytv\u00e1rania karty bezpe\u010dnostn\u00fdch \u00fadajov (MSDS\/SDS) - UFI\",\"isPartOf\":{\"@id\":\"https:\/\/www.ufi.eu\/sk\/#website\"},\"primaryImageOfPage\":{\"@id\":\"https:\/\/www.ufi.eu\/sk\/product\/sluzba-vytvarania-karty-bezpecnostnych-udajov-msds-sds\/#primaryimage\"},\"image\":{\"@id\":\"https:\/\/www.ufi.eu\/sk\/product\/sluzba-vytvarania-karty-bezpecnostnych-udajov-msds-sds\/#primaryimage\"},\"thumbnailUrl\":\"https:\/\/www.ufi.eu\/wp-content\/uploads\/2025\/03\/pcn_ufi.jpg\",\"datePublished\":\"2025-04-15T20:37:22+00:00\",\"dateModified\":\"2025-04-15T20:37:25+00:00\",\"description\":\"Poskytujeme odborne pripraven\u00e9 karty bezpe\u010dnostn\u00fdch \u00fadajov (KB\u00da) - zn\u00e1me aj ako karty bezpe\u010dnostn\u00fdch \u00fadajov (KB\u00da) - prisp\u00f4soben\u00e9 v\u00e1\u0161mu v\u00fdrobku a vyhovuj\u00face najnov\u0161\u00edm predpisom E\u00da.\",\"breadcrumb\":{\"@id\":\"https:\/\/www.ufi.eu\/sk\/product\/sluzba-vytvarania-karty-bezpecnostnych-udajov-msds-sds\/#breadcrumb\"},\"inLanguage\":\"sk-SK\",\"potentialAction\":[{\"@type\":\"ReadAction\",\"target\":[\"https:\/\/www.ufi.eu\/sk\/product\/sluzba-vytvarania-karty-bezpecnostnych-udajov-msds-sds\/\"]}]},{\"@type\":\"ImageObject\",\"inLanguage\":\"sk-SK\",\"@id\":\"https:\/\/www.ufi.eu\/sk\/product\/sluzba-vytvarania-karty-bezpecnostnych-udajov-msds-sds\/#primaryimage\",\"url\":\"https:\/\/www.ufi.eu\/wp-content\/uploads\/2025\/03\/pcn_ufi.jpg\",\"contentUrl\":\"https:\/\/www.ufi.eu\/wp-content\/uploads\/2025\/03\/pcn_ufi.jpg\",\"width\":1024,\"height\":1024},{\"@type\":\"BreadcrumbList\",\"@id\":\"https:\/\/www.ufi.eu\/sk\/product\/sluzba-vytvarania-karty-bezpecnostnych-udajov-msds-sds\/#breadcrumb\",\"itemListElement\":[{\"@type\":\"ListItem\",\"position\":1,\"name\":\"Home\",\"item\":\"https:\/\/www.ufi.eu\/sk\/domov\/\"},{\"@type\":\"ListItem\",\"position\":2,\"name\":\"Obchod\",\"item\":\"https:\/\/www.ufi.eu\/sk\/obchod\/\"},{\"@type\":\"ListItem\",\"position\":3,\"name\":\"Slu\u017eba vytv\u00e1rania karty bezpe\u010dnostn\u00fdch \u00fadajov (MSDS\/SDS)\"}]},{\"@type\":\"WebSite\",\"@id\":\"https:\/\/www.ufi.eu\/sk\/#website\",\"url\":\"https:\/\/www.ufi.eu\/sk\/\",\"name\":\"UFI.EU\",\"description\":\"Poison Centre Notifications (PCN) and UFI\",\"publisher\":{\"@id\":\"https:\/\/www.ufi.eu\/sk\/#organization\"},\"potentialAction\":[{\"@type\":\"SearchAction\",\"target\":{\"@type\":\"EntryPoint\",\"urlTemplate\":\"https:\/\/www.ufi.eu\/sk\/?s={search_term_string}\"},\"query-input\":{\"@type\":\"PropertyValueSpecification\",\"valueRequired\":true,\"valueName\":\"search_term_string\"}}],\"inLanguage\":\"sk-SK\"},{\"@type\":\"Organization\",\"@id\":\"https:\/\/www.ufi.eu\/sk\/#organization\",\"name\":\"UFI.EU\",\"url\":\"https:\/\/www.ufi.eu\/sk\/\",\"logo\":{\"@type\":\"ImageObject\",\"inLanguage\":\"sk-SK\",\"@id\":\"https:\/\/www.ufi.eu\/sk\/#\/schema\/logo\/image\/\",\"url\":\"https:\/\/www.ufi.eu\/wp-content\/uploads\/2025\/03\/cropped-logo_ufi3.jpg\",\"contentUrl\":\"https:\/\/www.ufi.eu\/wp-content\/uploads\/2025\/03\/cropped-logo_ufi3.jpg\",\"width\":231,\"height\":78,\"caption\":\"UFI.EU\"},\"image\":{\"@id\":\"https:\/\/www.ufi.eu\/sk\/#\/schema\/logo\/image\/\"},\"description\":\"UFI.eu specializes in digital registrations for Poison Centre Notifications (PCN), ensuring your chemical products meet EU regulatory requirements effortlessly. Our streamlined solutions help businesses stay compliant while reducing complexity and administrative burden.\",\"email\":\"info@ufi.eu\",\"legalName\":\"UFI.EU\"}]}<\/script>\n<meta property=\"product:price:amount\" content=\"0.00\" \/>\n<meta property=\"product:price:currency\" content=\"EUR\" \/>\n<meta property=\"og:availability\" content=\"instock\" \/>\n<meta property=\"product:availability\" content=\"instock\" \/>\n<meta property=\"product:condition\" content=\"new\" \/>\n<!-- \/ Yoast SEO Premium plugin. -->","yoast_head_json":{"title":"Slu\u017eba vytv\u00e1rania karty bezpe\u010dnostn\u00fdch \u00fadajov (MSDS\/SDS) - UFI","description":"Poskytujeme odborne pripraven\u00e9 karty bezpe\u010dnostn\u00fdch \u00fadajov (KB\u00da) - zn\u00e1me aj ako karty bezpe\u010dnostn\u00fdch \u00fadajov (KB\u00da) - prisp\u00f4soben\u00e9 v\u00e1\u0161mu v\u00fdrobku a vyhovuj\u00face najnov\u0161\u00edm predpisom E\u00da.","robots":{"index":"index","follow":"follow","max-snippet":"max-snippet:-1","max-image-preview":"max-image-preview:large","max-video-preview":"max-video-preview:-1"},"canonical":"https:\/\/www.ufi.eu\/sk\/product\/sluzba-vytvarania-karty-bezpecnostnych-udajov-msds-sds\/","og_locale":"sk_SK","og_type":"article","og_title":"Slu\u017eba vytv\u00e1rania karty bezpe\u010dnostn\u00fdch \u00fadajov (MSDS\/SDS)","og_description":"Poskytujeme odborne pripraven\u00e9 karty bezpe\u010dnostn\u00fdch \u00fadajov (KB\u00da) - zn\u00e1me aj ako karty bezpe\u010dnostn\u00fdch \u00fadajov (KB\u00da) - prisp\u00f4soben\u00e9 v\u00e1\u0161mu v\u00fdrobku a vyhovuj\u00face najnov\u0161\u00edm predpisom E\u00da.","og_url":"https:\/\/www.ufi.eu\/sk\/product\/sluzba-vytvarania-karty-bezpecnostnych-udajov-msds-sds\/","og_site_name":"UFI","article_modified_time":"2025-04-15T20:37:25+00:00","og_image":[{"width":1024,"height":1024,"url":"https:\/\/www.ufi.eu\/wp-content\/uploads\/2025\/03\/pcn_ufi.jpg","type":"image\/jpeg"}],"twitter_card":"summary_large_image","twitter_misc":{"Cena":"&euro;0.00","Dostupnos\u0165":"Na sklade"},"schema":{"@context":"https:\/\/schema.org","@graph":[{"@type":"WebPage","@id":"https:\/\/www.ufi.eu\/sk\/product\/sluzba-vytvarania-karty-bezpecnostnych-udajov-msds-sds\/","url":"https:\/\/www.ufi.eu\/sk\/product\/sluzba-vytvarania-karty-bezpecnostnych-udajov-msds-sds\/","name":"Slu\u017eba vytv\u00e1rania karty bezpe\u010dnostn\u00fdch \u00fadajov (MSDS\/SDS) - UFI","isPartOf":{"@id":"https:\/\/www.ufi.eu\/sk\/#website"},"primaryImageOfPage":{"@id":"https:\/\/www.ufi.eu\/sk\/product\/sluzba-vytvarania-karty-bezpecnostnych-udajov-msds-sds\/#primaryimage"},"image":{"@id":"https:\/\/www.ufi.eu\/sk\/product\/sluzba-vytvarania-karty-bezpecnostnych-udajov-msds-sds\/#primaryimage"},"thumbnailUrl":"https:\/\/www.ufi.eu\/wp-content\/uploads\/2025\/03\/pcn_ufi.jpg","datePublished":"2025-04-15T20:37:22+00:00","dateModified":"2025-04-15T20:37:25+00:00","description":"Poskytujeme odborne pripraven\u00e9 karty bezpe\u010dnostn\u00fdch \u00fadajov (KB\u00da) - zn\u00e1me aj ako karty bezpe\u010dnostn\u00fdch \u00fadajov (KB\u00da) - prisp\u00f4soben\u00e9 v\u00e1\u0161mu v\u00fdrobku a vyhovuj\u00face najnov\u0161\u00edm predpisom E\u00da.","breadcrumb":{"@id":"https:\/\/www.ufi.eu\/sk\/product\/sluzba-vytvarania-karty-bezpecnostnych-udajov-msds-sds\/#breadcrumb"},"inLanguage":"sk-SK","potentialAction":[{"@type":"ReadAction","target":["https:\/\/www.ufi.eu\/sk\/product\/sluzba-vytvarania-karty-bezpecnostnych-udajov-msds-sds\/"]}]},{"@type":"ImageObject","inLanguage":"sk-SK","@id":"https:\/\/www.ufi.eu\/sk\/product\/sluzba-vytvarania-karty-bezpecnostnych-udajov-msds-sds\/#primaryimage","url":"https:\/\/www.ufi.eu\/wp-content\/uploads\/2025\/03\/pcn_ufi.jpg","contentUrl":"https:\/\/www.ufi.eu\/wp-content\/uploads\/2025\/03\/pcn_ufi.jpg","width":1024,"height":1024},{"@type":"BreadcrumbList","@id":"https:\/\/www.ufi.eu\/sk\/product\/sluzba-vytvarania-karty-bezpecnostnych-udajov-msds-sds\/#breadcrumb","itemListElement":[{"@type":"ListItem","position":1,"name":"Home","item":"https:\/\/www.ufi.eu\/sk\/domov\/"},{"@type":"ListItem","position":2,"name":"Obchod","item":"https:\/\/www.ufi.eu\/sk\/obchod\/"},{"@type":"ListItem","position":3,"name":"Slu\u017eba vytv\u00e1rania karty bezpe\u010dnostn\u00fdch \u00fadajov (MSDS\/SDS)"}]},{"@type":"WebSite","@id":"https:\/\/www.ufi.eu\/sk\/#website","url":"https:\/\/www.ufi.eu\/sk\/","name":"UFI.EU","description":"Poison Centre Notifications (PCN) and UFI","publisher":{"@id":"https:\/\/www.ufi.eu\/sk\/#organization"},"potentialAction":[{"@type":"SearchAction","target":{"@type":"EntryPoint","urlTemplate":"https:\/\/www.ufi.eu\/sk\/?s={search_term_string}"},"query-input":{"@type":"PropertyValueSpecification","valueRequired":true,"valueName":"search_term_string"}}],"inLanguage":"sk-SK"},{"@type":"Organization","@id":"https:\/\/www.ufi.eu\/sk\/#organization","name":"UFI.EU","url":"https:\/\/www.ufi.eu\/sk\/","logo":{"@type":"ImageObject","inLanguage":"sk-SK","@id":"https:\/\/www.ufi.eu\/sk\/#\/schema\/logo\/image\/","url":"https:\/\/www.ufi.eu\/wp-content\/uploads\/2025\/03\/cropped-logo_ufi3.jpg","contentUrl":"https:\/\/www.ufi.eu\/wp-content\/uploads\/2025\/03\/cropped-logo_ufi3.jpg","width":231,"height":78,"caption":"UFI.EU"},"image":{"@id":"https:\/\/www.ufi.eu\/sk\/#\/schema\/logo\/image\/"},"description":"UFI.eu specializes in digital registrations for Poison Centre Notifications (PCN), ensuring your chemical products meet EU regulatory requirements effortlessly. Our streamlined solutions help businesses stay compliant while reducing complexity and administrative burden.","email":"info@ufi.eu","legalName":"UFI.EU"}]},"product_price_amount":"0.00","product_price_currency":"EUR","og_availability":"instock","product_availability":"instock","product_condition":"new"},"_links":{"self":[{"href":"https:\/\/www.ufi.eu\/sk\/wp-json\/wp\/v2\/product\/12817","targetHints":{"allow":["GET"]}}],"collection":[{"href":"https:\/\/www.ufi.eu\/sk\/wp-json\/wp\/v2\/product"}],"about":[{"href":"https:\/\/www.ufi.eu\/sk\/wp-json\/wp\/v2\/types\/product"}],"wp:featuredmedia":[{"embeddable":true,"href":"https:\/\/www.ufi.eu\/sk\/wp-json\/wp\/v2\/media\/12490"}],"wp:attachment":[{"href":"https:\/\/www.ufi.eu\/sk\/wp-json\/wp\/v2\/media?parent=12817"}],"wp:term":[{"taxonomy":"product_brand","embeddable":true,"href":"https:\/\/www.ufi.eu\/sk\/wp-json\/wp\/v2\/product_brand?post=12817"},{"taxonomy":"product_cat","embeddable":true,"href":"https:\/\/www.ufi.eu\/sk\/wp-json\/wp\/v2\/product_cat?post=12817"},{"taxonomy":"product_tag","embeddable":true,"href":"https:\/\/www.ufi.eu\/sk\/wp-json\/wp\/v2\/product_tag?post=12817"}],"curies":[{"name":"wp","href":"https:\/\/api.w.org\/{rel}","templated":true}]}}