{"id":12807,"date":"2025-04-15T20:37:05","date_gmt":"2025-04-15T20:37:05","guid":{"rendered":"https:\/\/www.ufi.eu\/pcn\/nezaraden\u00e9\/pcn-a-ufi-pre-spolocnosti-mimo-eu\/"},"modified":"2025-04-15T20:37:08","modified_gmt":"2025-04-15T20:37:08","slug":"pcn-a-ufi-pre-spolocnosti-mimo-eu","status":"publish","type":"product","link":"https:\/\/www.ufi.eu\/sk\/product\/pcn-a-ufi-pre-spolocnosti-mimo-eu\/","title":{"rendered":"PCN a UFI pre spolo\u010dnosti mimo E\u00da"},"content":{"rendered":"\n<p>Expanzia na trh E\u00da pon\u00faka vzru\u0161uj\u00face pr\u00edle\u017eitosti, ale je spojen\u00e1 aj s pr\u00edsnymi regula\u010dn\u00fdmi povinnos\u0165ami. Ak va\u0161a spolo\u010dnos\u0165 s\u00eddli mimo E\u00da\/EHP alebo Severn\u00e9ho \u00cdrska a pl\u00e1nujete v E\u00da pred\u00e1va\u0165 chemick\u00e9 zmesi, ako s\u00fa kozmetick\u00e9 pr\u00edpravky, \u010distiace prostriedky alebo in\u00e9 regulovan\u00e9 polo\u017eky, mus\u00edte splni\u0165 osobitn\u00e9 po\u017eiadavky na s\u00falad s nariaden\u00edm CLP (ES \u010d. 1272\/2008) vr\u00e1tane ozn\u00e1menia toxikologick\u00e9mu centru (PCN) a pou\u017e\u00edvania jedine\u010dn\u00e9ho identifik\u00e1tora vzorca (UFI). <\/p>\n\n<p>Ako podnik mimo E\u00da nem\u00f4\u017eete priamo poda\u0165 \u017eiados\u0165 o PCN, ale <strong>m\u00f4\u017eeme v\u00e1m pom\u00f4c\u0165<\/strong>. Pon\u00fakame pln\u00fa podporu s <strong>regula\u010dn\u00fdm poradenstvom a pr\u00edpravou etikiet v s\u00falade s predpismi<\/strong>, \u010d\u00edm v\u00e1m pom\u00f4\u017eeme s istotou sa orientova\u0165 v z\u00e1konoch E\u00da a profesion\u00e1lne a efekt\u00edvne vst\u00fapi\u0165 na eur\u00f3psky trh. <\/p>\n\n<p>Ak sa va\u0161a spolo\u010dnos\u0165 nach\u00e1dza mimo E\u00da\/EHP alebo Severn\u00e9ho \u00cdrska, nem\u00f4\u017eete priamo poda\u0165 ozn\u00e1menie toxikologick\u00e9mu centru (PCN) pod\u013ea pr\u00edlohy VIII k nariadeniu (ES) \u010d. 1272\/2008 (nariadenie CLP).  <\/p>\n\n<h2 class=\"wp-block-heading\" id=\"h-non-eu-companies-must-appoint-an-eu-based-contact\">Spolo\u010dnosti mimo E\u00da musia ur\u010di\u0165 kontaktn\u00fa osobu so s\u00eddlom v E\u00da<\/h2>\n\n<p>Upozornenie: <strong>Spolo\u010dnosti, ktor\u00e9 nie s\u00fa \u010dlenmi E\u00da, nem\u00f4\u017eu samy predlo\u017ei\u0165 PCN.<\/strong><br\/>Aby ste splnili po\u017eiadavky pr\u00e1vnych predpisov E\u00da, mus\u00edte vymenova\u0165:<\/p>\n\n<ul class=\"wp-block-list\">\n<li><strong>Dovozca z E\u00da<\/strong> alebo<\/li>\n\n\n\n<li><strong>&#8220;N\u00e1sledn\u00fd u\u017e\u00edvate\u013e&#8221; so s\u00eddlom v E\u00da alebo len z\u00e1stupca<\/strong><\/li>\n<\/ul>\n\n<p>Tento ur\u010den\u00fd subjekt bude zodpovedn\u00fd za predlo\u017eenie PCN a mus\u00ed by\u0165 uveden\u00fd v ozn\u00e1men\u00ed. M\u00f4\u017eeme v\u00e1m pom\u00f4c\u0165 pri vytv\u00e1ran\u00ed s\u00faladu s va\u0161\u00edm v\u00fdrobkom. <\/p>\n\n<h2 class=\"wp-block-heading\">Ako funguje slu\u017eba vytv\u00e1rania UFI a oznamovania PCN?<\/h2>\n\n<p>Po zak\u00fapen\u00ed tejto slu\u017eby z\u00edskate pr\u00edstup na zabezpe\u010den\u00fd port\u00e1l. Tento port\u00e1l obsahuje preh\u013ead v\u0161etk\u00fdch krokov.  Vypl\u0148te \u00fadaje o svojom v\u00fdrobku a my sa pust\u00edme do pr\u00e1ce.<\/p>\n\n<h3 class=\"wp-block-heading\">Ozn\u00e1menie toxikologick\u00e9ho centra a UFI<\/h3>\n\n<p>Poskytneme v\u00e1m:<\/p>\n\n<ul class=\"wp-block-list\">\n<li>Jedine\u010dn\u00fd identifik\u00e1tor vzorca (UFI) v\u00e1\u0161ho produktu<\/li>\n\n\n\n<li>Hl\u00e1senie toxikologick\u00e9ho centra (PCN)<\/li>\n\n\n\n<li>Registr\u00e1cia v\u00e1\u0161ho v\u00fdrobku v pr\u00edslu\u0161n\u00fdch n\u00e1rodn\u00fdch toxikologick\u00fdch centr\u00e1ch prostredn\u00edctvom agent\u00fary ECHA.<\/li>\n<\/ul>\n\n<h3 class=\"wp-block-heading\">Krajiny na registr\u00e1ciu PCN<\/h3>\n\n<p>Spo\u010d\u00edtajte po\u010det kraj\u00edn, v ktor\u00fdch chcete zaregistrova\u0165 svoj v\u00fdrobok. Konkr\u00e9tne krajiny si budete m\u00f4c\u0165 vybra\u0165 v r\u00e1mci port\u00e1lu. \u010eal\u0161ie krajiny m\u00f4\u017eete prida\u0165 nesk\u00f4r a v\u017edy si m\u00f4\u017eete objedna\u0165 \u010fal\u0161ie <a href=\"https:\/\/www.ufi.eu\/sk\/pcn\/krajiny\/krajiny-na-registraciu-pcn\/\" target=\"_blank\" rel=\"noreferrer noopener\">registr\u00e1cie kraj\u00edn PCN<\/a>.  <\/p>\n\n<h3 class=\"wp-block-heading\">Inform\u00e1cie na etikete CLP<\/h3>\n\n<p>Pon\u00fakame mo\u017enos\u0165 zak\u00fapi\u0165 si etiketu v\u00fdrobku v s\u00falade s nariaden\u00edm CLP, ktor\u00e1 obsahuje v\u0161etky povinn\u00e9 inform\u00e1cie pod\u013ea po\u017eiadaviek nariadenia E\u00da CLP. Poskytneme v\u00e1m ho vo form\u00e1te PDF, \u010do v\u00e1m umo\u017en\u00ed zapracova\u0165 potrebn\u00e9 inform\u00e1cie do n\u00e1vrhu etikety v\u00fdrobku. <a href=\"https:\/\/www.ufi.eu\/sk\/pcn\/stitok-clp\/vytvorenie-etikety-clp-a-kontrola-suladu\/\" target=\"_blank\" rel=\"noreferrer noopener\">Inform\u00e1cie na etikete CLP<\/a> si m\u00f4\u017eete objedna\u0165 aj samostatne. U\u017e m\u00e1te etiketu? &#8211; M\u00f4\u017eeme skontrolova\u0165 va\u0161u etiketu v s\u00falade s aktu\u00e1lnymi po\u017eiadavkami nariadenia CLP. Poskytneme v\u00e1m podrobn\u00fa sp\u00e4tn\u00fa v\u00e4zbu a opravy, aby va\u0161a etiketa sp\u013a\u0148ala v\u0161etky regula\u010dn\u00e9 normy.     <\/p>\n","protected":false},"excerpt":{"rendered":"<p>Expanzia na trh E\u00da pon\u00faka vzru\u0161uj\u00face pr\u00edle\u017eitosti, ale je spojen\u00e1 aj s pr\u00edsnymi regula\u010dn\u00fdmi povinnos\u0165ami. Ak va\u0161a spolo\u010dnos\u0165 s\u00eddli mimo E\u00da\/EHP alebo Severn\u00e9ho \u00cdrska a pl\u00e1nujete v E\u00da pred\u00e1va\u0165 chemick\u00e9 zmesi, ako s\u00fa kozmetick\u00e9 pr\u00edpravky, \u010distiace prostriedky alebo in\u00e9 regulovan\u00e9 polo\u017eky, mus\u00edte splni\u0165 osobitn\u00e9 po\u017eiadavky na s\u00falad s nariaden\u00edm CLP (ES \u010d. 1272\/2008) vr\u00e1tane ozn\u00e1menia [&hellip;]<\/p>\n","protected":false},"featured_media":12490,"template":"","meta":[],"product_brand":[],"product_cat":[424],"product_tag":[],"class_list":{"0":"post-12807","1":"product","2":"type-product","3":"status-publish","4":"has-post-thumbnail","6":"product_cat-mimo-eu","8":"first","9":"instock","10":"virtual","11":"taxable","12":"purchasable","13":"product-type-bundle"},"bundled_by":[],"bundle_stock_status":"instock","bundle_stock_quantity":"","bundle_virtual":false,"bundle_layout":"default","bundle_add_to_cart_form_location":"default","bundle_editable_in_cart":false,"bundle_sold_individually_context":"product","bundle_item_grouping":"parent","bundle_min_size":"","bundle_max_size":"","bundle_price":{"price":{"min":{"incl_tax":"78.65","excl_tax":"65"},"max":{"incl_tax":"","excl_tax":""}},"regular_price":{"min":{"incl_tax":"78.65","excl_tax":"65"},"max":{"incl_tax":"","excl_tax":""}}},"bundled_items":[{"bundled_item_id":1352,"product_id":12577,"menu_order":0,"quantity_min":1,"quantity_max":1,"quantity_default":1,"priced_individually":true,"shipped_individually":true,"override_title":false,"title":null,"override_description":false,"description":null,"optional":false,"hide_thumbnail":false,"discount":"","override_variations":false,"allowed_variations":[""],"override_default_variation_attributes":false,"default_variation_attributes":[],"single_product_visibility":"visible","cart_visibility":"visible","order_visibility":"visible","single_product_price_visibility":"visible","cart_price_visibility":"visible","order_price_visibility":"visible","stock_status":"in_stock"},{"bundled_item_id":1353,"product_id":12591,"menu_order":1,"quantity_min":0,"quantity_max":"","quantity_default":0,"priced_individually":true,"shipped_individually":true,"override_title":false,"title":null,"override_description":false,"description":null,"optional":false,"hide_thumbnail":false,"discount":"","override_variations":false,"allowed_variations":[""],"override_default_variation_attributes":false,"default_variation_attributes":[],"single_product_visibility":"visible","cart_visibility":"visible","order_visibility":"visible","single_product_price_visibility":"visible","cart_price_visibility":"visible","order_price_visibility":"visible","stock_status":"in_stock"},{"bundled_item_id":1354,"product_id":12766,"menu_order":2,"quantity_min":1,"quantity_max":1,"quantity_default":1,"priced_individually":true,"shipped_individually":true,"override_title":false,"title":null,"override_description":false,"description":null,"optional":true,"hide_thumbnail":false,"discount":"","override_variations":false,"allowed_variations":[""],"override_default_variation_attributes":false,"default_variation_attributes":[],"single_product_visibility":"visible","cart_visibility":"visible","order_visibility":"visible","single_product_price_visibility":"visible","cart_price_visibility":"visible","order_price_visibility":"visible","stock_status":"in_stock"}],"bundle_sell_ids":[],"yoast_head":"<!-- This site is optimized with the Yoast SEO Premium plugin v25.1 (Yoast SEO v25.1) - https:\/\/yoast.com\/wordpress\/plugins\/seo\/ -->\n<title>PCN a UFI pre spolo\u010dnosti mimo E\u00da - UFI<\/title>\n<meta name=\"description\" content=\"Podporujeme PCN a UFI pre spolo\u010dnosti mimo E\u00da. Spolo\u010dnosti so s\u00eddlom mimo E\u00da\/EHP alebo Severn\u00e9ho \u00cdrska.\" \/>\n<meta name=\"robots\" content=\"index, follow, max-snippet:-1, max-image-preview:large, max-video-preview:-1\" \/>\n<link rel=\"canonical\" href=\"https:\/\/www.ufi.eu\/sk\/product\/pcn-a-ufi-pre-spolocnosti-mimo-eu\/\" \/>\n<meta property=\"og:locale\" content=\"sk_SK\" \/>\n<meta property=\"og:type\" content=\"article\" \/>\n<meta property=\"og:title\" content=\"PCN a UFI pre spolo\u010dnosti mimo E\u00da\" \/>\n<meta property=\"og:description\" content=\"Podporujeme PCN a UFI pre spolo\u010dnosti mimo E\u00da. Spolo\u010dnosti so s\u00eddlom mimo E\u00da\/EHP alebo Severn\u00e9ho \u00cdrska.\" \/>\n<meta property=\"og:url\" content=\"https:\/\/www.ufi.eu\/sk\/product\/pcn-a-ufi-pre-spolocnosti-mimo-eu\/\" \/>\n<meta property=\"og:site_name\" content=\"UFI\" \/>\n<meta property=\"article:modified_time\" content=\"2025-04-15T20:37:08+00:00\" \/>\n<meta property=\"og:image\" content=\"https:\/\/www.ufi.eu\/wp-content\/uploads\/2025\/03\/pcn_ufi.jpg\" \/>\n\t<meta property=\"og:image:width\" content=\"1024\" \/>\n\t<meta property=\"og:image:height\" content=\"1024\" \/>\n\t<meta property=\"og:image:type\" content=\"image\/jpeg\" \/>\n<meta name=\"twitter:card\" content=\"summary_large_image\" \/>\n<meta name=\"twitter:label1\" content=\"Cena\" \/>\n\t<meta name=\"twitter:data1\" content=\"&euro;0.00\" \/>\n\t<meta name=\"twitter:label2\" content=\"Dostupnos\u0165\" \/>\n\t<meta name=\"twitter:data2\" content=\"Na sklade\" \/>\n<script type=\"application\/ld+json\" class=\"yoast-schema-graph\">{\"@context\":\"https:\/\/schema.org\",\"@graph\":[{\"@type\":\"WebPage\",\"@id\":\"https:\/\/www.ufi.eu\/sk\/product\/pcn-a-ufi-pre-spolocnosti-mimo-eu\/\",\"url\":\"https:\/\/www.ufi.eu\/sk\/product\/pcn-a-ufi-pre-spolocnosti-mimo-eu\/\",\"name\":\"PCN a UFI pre spolo\u010dnosti mimo E\u00da - UFI\",\"isPartOf\":{\"@id\":\"https:\/\/www.ufi.eu\/sk\/#website\"},\"primaryImageOfPage\":{\"@id\":\"https:\/\/www.ufi.eu\/sk\/product\/pcn-a-ufi-pre-spolocnosti-mimo-eu\/#primaryimage\"},\"image\":{\"@id\":\"https:\/\/www.ufi.eu\/sk\/product\/pcn-a-ufi-pre-spolocnosti-mimo-eu\/#primaryimage\"},\"thumbnailUrl\":\"https:\/\/www.ufi.eu\/wp-content\/uploads\/2025\/03\/pcn_ufi.jpg\",\"datePublished\":\"2025-04-15T20:37:05+00:00\",\"dateModified\":\"2025-04-15T20:37:08+00:00\",\"description\":\"Podporujeme PCN a UFI pre spolo\u010dnosti mimo E\u00da. Spolo\u010dnosti so s\u00eddlom mimo E\u00da\/EHP alebo Severn\u00e9ho \u00cdrska.\",\"breadcrumb\":{\"@id\":\"https:\/\/www.ufi.eu\/sk\/product\/pcn-a-ufi-pre-spolocnosti-mimo-eu\/#breadcrumb\"},\"inLanguage\":\"sk-SK\",\"potentialAction\":[{\"@type\":\"ReadAction\",\"target\":[\"https:\/\/www.ufi.eu\/sk\/product\/pcn-a-ufi-pre-spolocnosti-mimo-eu\/\"]}]},{\"@type\":\"ImageObject\",\"inLanguage\":\"sk-SK\",\"@id\":\"https:\/\/www.ufi.eu\/sk\/product\/pcn-a-ufi-pre-spolocnosti-mimo-eu\/#primaryimage\",\"url\":\"https:\/\/www.ufi.eu\/wp-content\/uploads\/2025\/03\/pcn_ufi.jpg\",\"contentUrl\":\"https:\/\/www.ufi.eu\/wp-content\/uploads\/2025\/03\/pcn_ufi.jpg\",\"width\":1024,\"height\":1024},{\"@type\":\"BreadcrumbList\",\"@id\":\"https:\/\/www.ufi.eu\/sk\/product\/pcn-a-ufi-pre-spolocnosti-mimo-eu\/#breadcrumb\",\"itemListElement\":[{\"@type\":\"ListItem\",\"position\":1,\"name\":\"Home\",\"item\":\"https:\/\/www.ufi.eu\/sk\/domov\/\"},{\"@type\":\"ListItem\",\"position\":2,\"name\":\"Obchod\",\"item\":\"https:\/\/www.ufi.eu\/sk\/obchod\/\"},{\"@type\":\"ListItem\",\"position\":3,\"name\":\"PCN a UFI pre spolo\u010dnosti mimo E\u00da\"}]},{\"@type\":\"WebSite\",\"@id\":\"https:\/\/www.ufi.eu\/sk\/#website\",\"url\":\"https:\/\/www.ufi.eu\/sk\/\",\"name\":\"UFI.EU\",\"description\":\"Poison Centre Notifications (PCN) and UFI\",\"publisher\":{\"@id\":\"https:\/\/www.ufi.eu\/sk\/#organization\"},\"potentialAction\":[{\"@type\":\"SearchAction\",\"target\":{\"@type\":\"EntryPoint\",\"urlTemplate\":\"https:\/\/www.ufi.eu\/sk\/?s={search_term_string}\"},\"query-input\":{\"@type\":\"PropertyValueSpecification\",\"valueRequired\":true,\"valueName\":\"search_term_string\"}}],\"inLanguage\":\"sk-SK\"},{\"@type\":\"Organization\",\"@id\":\"https:\/\/www.ufi.eu\/sk\/#organization\",\"name\":\"UFI.EU\",\"url\":\"https:\/\/www.ufi.eu\/sk\/\",\"logo\":{\"@type\":\"ImageObject\",\"inLanguage\":\"sk-SK\",\"@id\":\"https:\/\/www.ufi.eu\/sk\/#\/schema\/logo\/image\/\",\"url\":\"https:\/\/www.ufi.eu\/wp-content\/uploads\/2025\/03\/cropped-logo_ufi3.jpg\",\"contentUrl\":\"https:\/\/www.ufi.eu\/wp-content\/uploads\/2025\/03\/cropped-logo_ufi3.jpg\",\"width\":231,\"height\":78,\"caption\":\"UFI.EU\"},\"image\":{\"@id\":\"https:\/\/www.ufi.eu\/sk\/#\/schema\/logo\/image\/\"},\"description\":\"UFI.eu specializes in digital registrations for Poison Centre Notifications (PCN), ensuring your chemical products meet EU regulatory requirements effortlessly. Our streamlined solutions help businesses stay compliant while reducing complexity and administrative burden.\",\"email\":\"info@ufi.eu\",\"legalName\":\"UFI.EU\"}]}<\/script>\n<meta property=\"product:price:amount\" content=\"0.00\" \/>\n<meta property=\"product:price:currency\" content=\"EUR\" \/>\n<meta property=\"og:availability\" content=\"instock\" \/>\n<meta property=\"product:availability\" content=\"instock\" \/>\n<meta property=\"product:condition\" content=\"new\" \/>\n<!-- \/ Yoast SEO Premium plugin. -->","yoast_head_json":{"title":"PCN a UFI pre spolo\u010dnosti mimo E\u00da - UFI","description":"Podporujeme PCN a UFI pre spolo\u010dnosti mimo E\u00da. Spolo\u010dnosti so s\u00eddlom mimo E\u00da\/EHP alebo Severn\u00e9ho \u00cdrska.","robots":{"index":"index","follow":"follow","max-snippet":"max-snippet:-1","max-image-preview":"max-image-preview:large","max-video-preview":"max-video-preview:-1"},"canonical":"https:\/\/www.ufi.eu\/sk\/product\/pcn-a-ufi-pre-spolocnosti-mimo-eu\/","og_locale":"sk_SK","og_type":"article","og_title":"PCN a UFI pre spolo\u010dnosti mimo E\u00da","og_description":"Podporujeme PCN a UFI pre spolo\u010dnosti mimo E\u00da. Spolo\u010dnosti so s\u00eddlom mimo E\u00da\/EHP alebo Severn\u00e9ho \u00cdrska.","og_url":"https:\/\/www.ufi.eu\/sk\/product\/pcn-a-ufi-pre-spolocnosti-mimo-eu\/","og_site_name":"UFI","article_modified_time":"2025-04-15T20:37:08+00:00","og_image":[{"width":1024,"height":1024,"url":"https:\/\/www.ufi.eu\/wp-content\/uploads\/2025\/03\/pcn_ufi.jpg","type":"image\/jpeg"}],"twitter_card":"summary_large_image","twitter_misc":{"Cena":"&euro;0.00","Dostupnos\u0165":"Na sklade"},"schema":{"@context":"https:\/\/schema.org","@graph":[{"@type":"WebPage","@id":"https:\/\/www.ufi.eu\/sk\/product\/pcn-a-ufi-pre-spolocnosti-mimo-eu\/","url":"https:\/\/www.ufi.eu\/sk\/product\/pcn-a-ufi-pre-spolocnosti-mimo-eu\/","name":"PCN a UFI pre spolo\u010dnosti mimo E\u00da - UFI","isPartOf":{"@id":"https:\/\/www.ufi.eu\/sk\/#website"},"primaryImageOfPage":{"@id":"https:\/\/www.ufi.eu\/sk\/product\/pcn-a-ufi-pre-spolocnosti-mimo-eu\/#primaryimage"},"image":{"@id":"https:\/\/www.ufi.eu\/sk\/product\/pcn-a-ufi-pre-spolocnosti-mimo-eu\/#primaryimage"},"thumbnailUrl":"https:\/\/www.ufi.eu\/wp-content\/uploads\/2025\/03\/pcn_ufi.jpg","datePublished":"2025-04-15T20:37:05+00:00","dateModified":"2025-04-15T20:37:08+00:00","description":"Podporujeme PCN a UFI pre spolo\u010dnosti mimo E\u00da. Spolo\u010dnosti so s\u00eddlom mimo E\u00da\/EHP alebo Severn\u00e9ho \u00cdrska.","breadcrumb":{"@id":"https:\/\/www.ufi.eu\/sk\/product\/pcn-a-ufi-pre-spolocnosti-mimo-eu\/#breadcrumb"},"inLanguage":"sk-SK","potentialAction":[{"@type":"ReadAction","target":["https:\/\/www.ufi.eu\/sk\/product\/pcn-a-ufi-pre-spolocnosti-mimo-eu\/"]}]},{"@type":"ImageObject","inLanguage":"sk-SK","@id":"https:\/\/www.ufi.eu\/sk\/product\/pcn-a-ufi-pre-spolocnosti-mimo-eu\/#primaryimage","url":"https:\/\/www.ufi.eu\/wp-content\/uploads\/2025\/03\/pcn_ufi.jpg","contentUrl":"https:\/\/www.ufi.eu\/wp-content\/uploads\/2025\/03\/pcn_ufi.jpg","width":1024,"height":1024},{"@type":"BreadcrumbList","@id":"https:\/\/www.ufi.eu\/sk\/product\/pcn-a-ufi-pre-spolocnosti-mimo-eu\/#breadcrumb","itemListElement":[{"@type":"ListItem","position":1,"name":"Home","item":"https:\/\/www.ufi.eu\/sk\/domov\/"},{"@type":"ListItem","position":2,"name":"Obchod","item":"https:\/\/www.ufi.eu\/sk\/obchod\/"},{"@type":"ListItem","position":3,"name":"PCN a UFI pre spolo\u010dnosti mimo E\u00da"}]},{"@type":"WebSite","@id":"https:\/\/www.ufi.eu\/sk\/#website","url":"https:\/\/www.ufi.eu\/sk\/","name":"UFI.EU","description":"Poison Centre Notifications (PCN) and UFI","publisher":{"@id":"https:\/\/www.ufi.eu\/sk\/#organization"},"potentialAction":[{"@type":"SearchAction","target":{"@type":"EntryPoint","urlTemplate":"https:\/\/www.ufi.eu\/sk\/?s={search_term_string}"},"query-input":{"@type":"PropertyValueSpecification","valueRequired":true,"valueName":"search_term_string"}}],"inLanguage":"sk-SK"},{"@type":"Organization","@id":"https:\/\/www.ufi.eu\/sk\/#organization","name":"UFI.EU","url":"https:\/\/www.ufi.eu\/sk\/","logo":{"@type":"ImageObject","inLanguage":"sk-SK","@id":"https:\/\/www.ufi.eu\/sk\/#\/schema\/logo\/image\/","url":"https:\/\/www.ufi.eu\/wp-content\/uploads\/2025\/03\/cropped-logo_ufi3.jpg","contentUrl":"https:\/\/www.ufi.eu\/wp-content\/uploads\/2025\/03\/cropped-logo_ufi3.jpg","width":231,"height":78,"caption":"UFI.EU"},"image":{"@id":"https:\/\/www.ufi.eu\/sk\/#\/schema\/logo\/image\/"},"description":"UFI.eu specializes in digital registrations for Poison Centre Notifications (PCN), ensuring your chemical products meet EU regulatory requirements effortlessly. Our streamlined solutions help businesses stay compliant while reducing complexity and administrative burden.","email":"info@ufi.eu","legalName":"UFI.EU"}]},"product_price_amount":"0.00","product_price_currency":"EUR","og_availability":"instock","product_availability":"instock","product_condition":"new"},"_links":{"self":[{"href":"https:\/\/www.ufi.eu\/sk\/wp-json\/wp\/v2\/product\/12807","targetHints":{"allow":["GET"]}}],"collection":[{"href":"https:\/\/www.ufi.eu\/sk\/wp-json\/wp\/v2\/product"}],"about":[{"href":"https:\/\/www.ufi.eu\/sk\/wp-json\/wp\/v2\/types\/product"}],"wp:featuredmedia":[{"embeddable":true,"href":"https:\/\/www.ufi.eu\/sk\/wp-json\/wp\/v2\/media\/12490"}],"wp:attachment":[{"href":"https:\/\/www.ufi.eu\/sk\/wp-json\/wp\/v2\/media?parent=12807"}],"wp:term":[{"taxonomy":"product_brand","embeddable":true,"href":"https:\/\/www.ufi.eu\/sk\/wp-json\/wp\/v2\/product_brand?post=12807"},{"taxonomy":"product_cat","embeddable":true,"href":"https:\/\/www.ufi.eu\/sk\/wp-json\/wp\/v2\/product_cat?post=12807"},{"taxonomy":"product_tag","embeddable":true,"href":"https:\/\/www.ufi.eu\/sk\/wp-json\/wp\/v2\/product_tag?post=12807"}],"curies":[{"name":"wp","href":"https:\/\/api.w.org\/{rel}","templated":true}]}}