{"id":12766,"date":"2025-04-05T15:21:48","date_gmt":"2025-04-15T20:26:04","guid":{"rendered":"https:\/\/www.ufi.eu\/pcn\/nezaraden\u00e9\/vytvorenie-etikety-clp-a-kontrola-suladu\/"},"modified":"2025-04-28T12:15:15","modified_gmt":"2025-04-28T12:15:15","slug":"vytvorenie-etikety-clp-a-kontrola-suladu","status":"publish","type":"product","link":"https:\/\/www.ufi.eu\/sk\/product\/vytvorenie-etikety-clp-a-kontrola-suladu\/","title":{"rendered":"Vytvorenie etikety CLP a kontrola s\u00faladu"},"content":{"rendered":"\n<p><strong>Profesion\u00e1lne slu\u017eby ozna\u010dovania nebezpe\u010dn\u00fdch zmes\u00ed pod\u013ea nariadenia CLP (ES \u010d. 1272\/2008)<\/strong><\/p>\n\n<p>\u0160pecializujeme sa na tvorbu a overovanie etikiet pre nebezpe\u010dn\u00e9 chemick\u00e9 v\u00fdrobky, ktor\u00e9 s\u00fa v s\u00falade so z\u00e1konom. \u010ci u\u017e uv\u00e1dzate na trh kozmetick\u00fa b\u00e1zu s nebezpe\u010dn\u00fdmi zlo\u017ekami, priemyseln\u00fd \u010distiaci prostriedok alebo in\u00fa chemick\u00fa zmes, na\u0161e slu\u017eby ozna\u010dovania pod\u013ea nariadenia CLP zabezpe\u010dia, \u017ee ozna\u010denie v\u00e1\u0161ho v\u00fdrobku sp\u013a\u0148a v\u0161etky pr\u00e1vne po\u017eiadavky v E\u00da a EHP. <\/p>\n\n<h2 class=\"wp-block-heading\" id=\"h-why-clp-compliant-labels-are-essential\">Pre\u010do s\u00fa etikety v s\u00falade s nariaden\u00edm CLP nevyhnutn\u00e9<\/h2>\n\n<p>Pod\u013ea <strong>nariadenia CLP (klasifik\u00e1cia, ozna\u010dovanie a balenie<\/strong>) s\u00fa dod\u00e1vatelia nebezpe\u010dn\u00fdch l\u00e1tok a zmes\u00ed povinn\u00ed:<\/p>\n\n<ul class=\"wp-block-list\">\n<li>klasifikova\u0165 svoje v\u00fdrobky pod\u013ea fyzik\u00e1lnych, zdravotn\u00fdch a environment\u00e1lnych riz\u00edk.<\/li>\n\n\n\n<li>Vhodne ich ozna\u010dte pomocou predp\u00edsan\u00fdch prvkov, ako s\u00fa v\u00fdstra\u017en\u00e9 piktogramy, sign\u00e1lne slov\u00e1 a \u0161tandardizovan\u00e9 v\u00fdstra\u017en\u00e9 a bezpe\u010dnostn\u00e9 upozornenia.<\/li>\n\n\n\n<li>Bezpe\u010dne ich zaba\u013ete a prilo\u017ete po\u017eadovan\u00e9 ozna\u010denie dod\u00e1vate\u013ea.<\/li>\n<\/ul>\n\n<p>Nespr\u00e1vne alebo ne\u00fapln\u00e9 ozna\u010denie m\u00f4\u017ee ma\u0165 za n\u00e1sledok <strong>stiahnutie v\u00fdrobku z trhu<\/strong>, <strong>pr\u00e1vne sankcie<\/strong> alebo <strong>odmietnutie zo strany maloobchodn\u00edkov<\/strong> a online trhov.<\/p>\n\n<h2 class=\"wp-block-heading\" id=\"h-what-our-clp-label-service-includes\">\u010co zah\u0155\u0148a na\u0161a slu\u017eba ozna\u010dovania CLP<\/h2>\n\n<h4 class=\"wp-block-heading\" id=\"h-1-clp-label-creation\">1. <strong>Vytv\u00e1ranie etikiet CLP<\/strong><\/h4>\n\n<p>Va\u0161u etiketu navrhneme od za\u010diatku na z\u00e1klade karty bezpe\u010dnostn\u00fdch \u00fadajov (KB\u00da) alebo \u00fadajov o zlo\u017een\u00ed v\u00fdrobku. Na\u0161e slu\u017eby zah\u0155\u0148aj\u00fa: <\/p>\n\n<ul class=\"wp-block-list\">\n<li>Spr\u00e1vna klasifik\u00e1cia nebezpe\u010dnosti (na z\u00e1klade bezpe\u010dnostn\u00fdch listov alebo inform\u00e1ci\u00ed o zlo\u017ek\u00e1ch).<\/li>\n\n\n\n<li>V\u00fdber vhodn\u00fdch <strong>v\u00fdstra\u017en\u00fdch piktogramov<\/strong>, <strong>sign\u00e1lneho slova<\/strong>, <strong>viet H<\/strong> a <strong>viet P<\/strong>.<\/li>\n\n\n\n<li>Rozlo\u017eenie pod\u013ea po\u017eadovan\u00fdch rozmerov a \u010ditate\u013enosti.<\/li>\n\n\n\n<li>Zahrnutie n\u00e1zvu dod\u00e1vate\u013ea, UFI (ak sa uplat\u0148uje) a in\u00fdch pr\u00e1vnych prvkov.<\/li>\n<\/ul>\n\n<h4 class=\"wp-block-heading\" id=\"h-2-label-verification-compliance-check\">2. <strong>Overenie etikety\/kontrola zhody<\/strong><\/h4>\n\n<p>U\u017e m\u00e1te \u0161t\u00edtok? Skontrolujeme v\u00e1\u0161 n\u00e1vrh v s\u00falade s aktu\u00e1lnymi po\u017eiadavkami nariadenia CLP a v pr\u00edpade potreby v\u00e1m poskytneme jasn\u00fa sp\u00e4tn\u00fa v\u00e4zbu a opravy: <\/p>\n\n<ul class=\"wp-block-list\">\n<li>Presnos\u0165 klasifik\u00e1cie nebezpe\u010denstva.<\/li>\n\n\n\n<li>Spr\u00e1vne pou\u017e\u00edvanie fr\u00e1z, sign\u00e1lnych slov a piktogramov.<\/li>\n\n\n\n<li>\u010citate\u013enos\u0165, form\u00e1t a umiestnenie povinn\u00fdch prvkov.<\/li>\n\n\n\n<li>Overenie pr\u00edtomnosti a \u0161trukt\u00fary UFI (ak sa vy\u017eaduje).<\/li>\n<\/ul>\n\n<h4 class=\"wp-block-heading\" id=\"h-3-optional-add-ons\">3. <strong>Volite\u013en\u00e9 doplnky<\/strong><\/h4>\n\n<ul class=\"wp-block-list\">\n<li>Slu\u017eba <strong>generovania UFI<\/strong> a oznamovania PCN.<\/li>\n\n\n\n<li><strong>Presk\u00famanie karty bezpe\u010dnostn\u00fdch \u00fadajov (KB\u00da)<\/strong> s cie\u013eom zabezpe\u010di\u0165 s\u00falad s \u00fadajmi na etikete.<\/li>\n\n\n\n<li>Jazykov\u00fd preklad etikiet ur\u010den\u00fdch pre viacer\u00e9 trhy E\u00da.<\/li>\n<\/ul>\n\n<h2 class=\"wp-block-heading\" id=\"h-which-products-require-clp-compliant-labels\">Ktor\u00e9 v\u00fdrobky si vy\u017eaduj\u00fa etikety v s\u00falade s nariaden\u00edm CLP?<\/h2>\n\n<p>Na\u0161a slu\u017eba ozna\u010dovania CLP sa vz\u0165ahuje na \u0161irok\u00fa \u0161k\u00e1lu nebezpe\u010dn\u00fdch zmes\u00ed, okrem in\u00e9ho:<\/p>\n\n<ul class=\"wp-block-list\">\n<li>Priemyseln\u00e9 \u010distiace prostriedky a \u010distiace prostriedky pre dom\u00e1cnos\u0165.<\/li>\n\n\n\n<li>Farby, lepidl\u00e1, \u017eivice a n\u00e1tery.<\/li>\n\n\n\n<li>Automobilov\u00e9 v\u00fdrobky a maziv\u00e1.<\/li>\n\n\n\n<li>Vonn\u00e9 zmesi a koncentr\u00e1ty esenci\u00e1lnych olejov.<\/li>\n\n\n\n<li>Osvie\u017eova\u010de vzduchu, voskov\u00e9 taveniny a vo\u0148av\u00e9 izbov\u00e9 spreje.<\/li>\n\n\n\n<li>Technick\u00e9 aeros\u00f3ly a spreje.<\/li>\n<\/ul>\n\n<p>Ak v\u00e1\u0161 v\u00fdrobok obsahuje zlo\u017eky, ktor\u00e9 predstavuj\u00fa <strong>fyzik\u00e1lne, zdravotn\u00e9 alebo environment\u00e1lne rizik\u00e1<\/strong>, pravdepodobne sa vy\u017eaduje ozna\u010denie v s\u00falade s nariaden\u00edm CLP.<\/p>\n\n<h2 class=\"wp-block-heading\" id=\"h-who-is-this-service-for\">Pre koho je t\u00e1to slu\u017eba ur\u010den\u00e1?<\/h2>\n\n<ul class=\"wp-block-list\">\n<li><strong>V\u00fdrobcovia<\/strong>, <strong>dovozcovia<\/strong> a <strong>s\u00fakromn\u00ed zna\u010dk\u00e1ri<\/strong> chemick\u00fdch zmes\u00ed.<\/li>\n\n\n\n<li><strong>Za\u010d\u00ednaj\u00face podniky<\/strong> a MSP, ktor\u00e9 h\u013eadaj\u00fa cenovo dostupn\u00fa regula\u010dn\u00fa podporu.<\/li>\n\n\n\n<li><strong>Maloobchodn\u00edci a trhovisk\u00e1,<\/strong> ktor\u00ed potrebuj\u00fa vyhovuj\u00face etikety na \u010fal\u0161\u00ed predaj.<\/li>\n\n\n\n<li><strong>V\u00fdvozcovia<\/strong> distribuuj\u00faci do kraj\u00edn E\u00da\/EHP.<\/li>\n<\/ul>\n\n<h2 class=\"wp-block-heading\" id=\"h-why-choose-ufi-eu\">Pre\u010do si vybra\u0165 UFI.EU?<\/h2>\n\n<ul class=\"wp-block-list\">\n<li><strong>Odborn\u00e9 znalosti v oblasti regul\u00e1cie<\/strong> CLP, UFI a PCN vo viacer\u00fdch odvetviach.<\/li>\n\n\n\n<li><strong>R\u00fdchle vybavenie<\/strong> a jasn\u00e1 komunik\u00e1cia.<\/li>\n\n\n\n<li><strong>Presn\u00e9 a pr\u00e1vne obh\u00e1jite\u013en\u00e9 ozna\u010dovanie na<\/strong> z\u00e1klade najnov\u0161\u00edch predpisov E\u00da.<\/li>\n\n\n\n<li><strong>Viacjazy\u010dn\u00e1 podpora na<\/strong> zabezpe\u010denie celoeur\u00f3pskej zhody.<\/li>\n<\/ul>\n\n<h2 class=\"wp-block-heading\" id=\"h-how-it-works\">Ako to funguje<\/h2>\n\n<ol class=\"wp-block-list\">\n<li><strong>Odo\u0161lite svoj bezpe\u010dnostn\u00fd list alebo inform\u00e1cie o zlo\u017een\u00ed.<\/strong><\/li>\n\n\n\n<li><strong>Analyzujeme \u00fadaje a vytvor\u00edme alebo skontrolujeme v\u00e1\u0161 \u0161t\u00edtok.<\/strong><\/li>\n\n\n\n<li><strong>Dostanete s\u00fabor so \u0161t\u00edtkom CLP pripraven\u00fd na pou\u017eitie alebo spr\u00e1vu s po\u017eadovan\u00fdmi opravami.<\/strong><\/li>\n<\/ol>\n\n<h2 class=\"wp-block-heading\" id=\"h-ready-to-order\">Ste pripraven\u00ed na objedn\u00e1vku?<\/h2>\n\n<p>Vyhnite sa stresu z nevyhovuj\u00facich \u0161t\u00edtkov. Nechajte na\u0161ich odborn\u00edkov, aby v\u00e1m pomohli s istotou splni\u0165 va\u0161e z\u00e1konn\u00e9 povinnosti. <br\/><strong>Objednajte si vytvorenie etikety CLP alebo kontrolu zhody e\u0161te dnes.<\/strong><\/p>\n","protected":false},"excerpt":{"rendered":"<p>Poskytneme v\u00e1m inform\u00e1cie na etiketu v\u00e1\u0161ho v\u00fdrobku. V\u00e1\u0161 kone\u010dn\u00fd n\u00e1vrh etikety bude skontrolovan\u00fd z h\u013eadiska dodr\u017eiavania pr\u00e1vnych predpisov. <\/p>\n","protected":false},"featured_media":12490,"template":"","meta":[],"product_brand":[],"product_cat":[401],"product_tag":[],"class_list":{"0":"post-12766","1":"product","2":"type-product","3":"status-publish","4":"has-post-thumbnail","6":"product_cat-stitok-clp","8":"first","9":"instock","10":"virtual","11":"taxable","12":"purchasable","13":"product-type-simple"},"bundled_by":["12807","13580","14276","31748"],"bundle_stock_status":"instock","bundle_stock_quantity":null,"bundle_virtual":false,"bundle_layout":"","bundle_add_to_cart_form_location":"","bundle_editable_in_cart":false,"bundle_sold_individually_context":"","bundle_item_grouping":"","bundle_min_size":"","bundle_max_size":"","bundle_price":[],"bundled_items":[],"bundle_sell_ids":[],"yoast_head":"<!-- This site is optimized with the Yoast SEO Premium plugin v25.1 (Yoast SEO v25.1) - https:\/\/yoast.com\/wordpress\/plugins\/seo\/ -->\n<title>Vytvorenie etikety CLP a kontrola s\u00faladu - UFI<\/title>\n<meta name=\"description\" content=\"Na\u0161a slu\u017eba vytvorenia etikety CLP a kontroly s\u00faladu s predpismi zabezpe\u010d\u00ed, \u017ee ozna\u010denie v\u00e1\u0161ho v\u00fdrobku sp\u013a\u0148a v\u0161etky pr\u00e1vne po\u017eiadavky v E\u00da a EHP.\" \/>\n<meta name=\"robots\" content=\"index, follow, max-snippet:-1, max-image-preview:large, max-video-preview:-1\" \/>\n<link rel=\"canonical\" href=\"https:\/\/www.ufi.eu\/sk\/product\/vytvorenie-etikety-clp-a-kontrola-suladu\/\" \/>\n<meta property=\"og:locale\" content=\"sk_SK\" \/>\n<meta property=\"og:type\" content=\"article\" \/>\n<meta property=\"og:title\" content=\"Vytvorenie etikety CLP a kontrola s\u00faladu\" \/>\n<meta property=\"og:description\" content=\"Na\u0161a slu\u017eba vytvorenia etikety CLP a kontroly s\u00faladu s predpismi zabezpe\u010d\u00ed, \u017ee ozna\u010denie v\u00e1\u0161ho v\u00fdrobku sp\u013a\u0148a v\u0161etky pr\u00e1vne po\u017eiadavky v E\u00da a EHP.\" \/>\n<meta property=\"og:url\" content=\"https:\/\/www.ufi.eu\/sk\/product\/vytvorenie-etikety-clp-a-kontrola-suladu\/\" \/>\n<meta property=\"og:site_name\" content=\"UFI\" \/>\n<meta property=\"article:modified_time\" content=\"2025-04-28T12:15:15+00:00\" \/>\n<meta property=\"og:image\" content=\"https:\/\/www.ufi.eu\/wp-content\/uploads\/2025\/03\/pcn_ufi.jpg\" \/>\n\t<meta property=\"og:image:width\" content=\"1024\" \/>\n\t<meta property=\"og:image:height\" content=\"1024\" \/>\n\t<meta property=\"og:image:type\" content=\"image\/jpeg\" \/>\n<meta name=\"twitter:card\" content=\"summary_large_image\" \/>\n<meta name=\"twitter:label1\" content=\"Cena\" \/>\n\t<meta name=\"twitter:data1\" content=\"&euro;50.00\" \/>\n\t<meta name=\"twitter:label2\" content=\"Dostupnos\u0165\" \/>\n\t<meta name=\"twitter:data2\" content=\"Na sklade\" \/>\n<script type=\"application\/ld+json\" class=\"yoast-schema-graph\">{\"@context\":\"https:\/\/schema.org\",\"@graph\":[{\"@type\":\"WebPage\",\"@id\":\"https:\/\/www.ufi.eu\/sk\/product\/vytvorenie-etikety-clp-a-kontrola-suladu\/\",\"url\":\"https:\/\/www.ufi.eu\/sk\/product\/vytvorenie-etikety-clp-a-kontrola-suladu\/\",\"name\":\"Vytvorenie etikety CLP a kontrola s\u00faladu - UFI\",\"isPartOf\":{\"@id\":\"https:\/\/www.ufi.eu\/sk\/#website\"},\"primaryImageOfPage\":{\"@id\":\"https:\/\/www.ufi.eu\/sk\/product\/vytvorenie-etikety-clp-a-kontrola-suladu\/#primaryimage\"},\"image\":{\"@id\":\"https:\/\/www.ufi.eu\/sk\/product\/vytvorenie-etikety-clp-a-kontrola-suladu\/#primaryimage\"},\"thumbnailUrl\":\"https:\/\/www.ufi.eu\/wp-content\/uploads\/2025\/03\/pcn_ufi.jpg\",\"datePublished\":\"2025-04-15T20:26:04+00:00\",\"dateModified\":\"2025-04-28T12:15:15+00:00\",\"description\":\"Na\u0161a slu\u017eba vytvorenia etikety CLP a kontroly s\u00faladu s predpismi zabezpe\u010d\u00ed, \u017ee ozna\u010denie v\u00e1\u0161ho v\u00fdrobku sp\u013a\u0148a v\u0161etky pr\u00e1vne po\u017eiadavky v E\u00da a EHP.\",\"breadcrumb\":{\"@id\":\"https:\/\/www.ufi.eu\/sk\/product\/vytvorenie-etikety-clp-a-kontrola-suladu\/#breadcrumb\"},\"inLanguage\":\"sk-SK\",\"potentialAction\":[{\"@type\":\"ReadAction\",\"target\":[\"https:\/\/www.ufi.eu\/sk\/product\/vytvorenie-etikety-clp-a-kontrola-suladu\/\"]}]},{\"@type\":\"ImageObject\",\"inLanguage\":\"sk-SK\",\"@id\":\"https:\/\/www.ufi.eu\/sk\/product\/vytvorenie-etikety-clp-a-kontrola-suladu\/#primaryimage\",\"url\":\"https:\/\/www.ufi.eu\/wp-content\/uploads\/2025\/03\/pcn_ufi.jpg\",\"contentUrl\":\"https:\/\/www.ufi.eu\/wp-content\/uploads\/2025\/03\/pcn_ufi.jpg\",\"width\":1024,\"height\":1024},{\"@type\":\"BreadcrumbList\",\"@id\":\"https:\/\/www.ufi.eu\/sk\/product\/vytvorenie-etikety-clp-a-kontrola-suladu\/#breadcrumb\",\"itemListElement\":[{\"@type\":\"ListItem\",\"position\":1,\"name\":\"Home\",\"item\":\"https:\/\/www.ufi.eu\/sk\/domov\/\"},{\"@type\":\"ListItem\",\"position\":2,\"name\":\"Obchod\",\"item\":\"https:\/\/www.ufi.eu\/sk\/obchod\/\"},{\"@type\":\"ListItem\",\"position\":3,\"name\":\"Vytvorenie etikety CLP a kontrola s\u00faladu\"}]},{\"@type\":\"WebSite\",\"@id\":\"https:\/\/www.ufi.eu\/sk\/#website\",\"url\":\"https:\/\/www.ufi.eu\/sk\/\",\"name\":\"UFI.EU\",\"description\":\"Poison Centre Notifications (PCN) and UFI\",\"publisher\":{\"@id\":\"https:\/\/www.ufi.eu\/sk\/#organization\"},\"potentialAction\":[{\"@type\":\"SearchAction\",\"target\":{\"@type\":\"EntryPoint\",\"urlTemplate\":\"https:\/\/www.ufi.eu\/sk\/?s={search_term_string}\"},\"query-input\":{\"@type\":\"PropertyValueSpecification\",\"valueRequired\":true,\"valueName\":\"search_term_string\"}}],\"inLanguage\":\"sk-SK\"},{\"@type\":\"Organization\",\"@id\":\"https:\/\/www.ufi.eu\/sk\/#organization\",\"name\":\"UFI.EU\",\"url\":\"https:\/\/www.ufi.eu\/sk\/\",\"logo\":{\"@type\":\"ImageObject\",\"inLanguage\":\"sk-SK\",\"@id\":\"https:\/\/www.ufi.eu\/sk\/#\/schema\/logo\/image\/\",\"url\":\"https:\/\/www.ufi.eu\/wp-content\/uploads\/2025\/03\/cropped-logo_ufi3.jpg\",\"contentUrl\":\"https:\/\/www.ufi.eu\/wp-content\/uploads\/2025\/03\/cropped-logo_ufi3.jpg\",\"width\":231,\"height\":78,\"caption\":\"UFI.EU\"},\"image\":{\"@id\":\"https:\/\/www.ufi.eu\/sk\/#\/schema\/logo\/image\/\"},\"description\":\"UFI.eu specializes in digital registrations for Poison Centre Notifications (PCN), ensuring your chemical products meet EU regulatory requirements effortlessly. Our streamlined solutions help businesses stay compliant while reducing complexity and administrative burden.\",\"email\":\"info@ufi.eu\",\"legalName\":\"UFI.EU\"}]}<\/script>\n<meta property=\"product:price:amount\" content=\"50.00\" \/>\n<meta property=\"product:price:currency\" content=\"EUR\" \/>\n<meta property=\"og:availability\" content=\"instock\" \/>\n<meta property=\"product:availability\" content=\"instock\" \/>\n<meta property=\"product:condition\" content=\"new\" \/>\n<!-- \/ Yoast SEO Premium plugin. -->","yoast_head_json":{"title":"Vytvorenie etikety CLP a kontrola s\u00faladu - UFI","description":"Na\u0161a slu\u017eba vytvorenia etikety CLP a kontroly s\u00faladu s predpismi zabezpe\u010d\u00ed, \u017ee ozna\u010denie v\u00e1\u0161ho v\u00fdrobku sp\u013a\u0148a v\u0161etky pr\u00e1vne po\u017eiadavky v E\u00da a EHP.","robots":{"index":"index","follow":"follow","max-snippet":"max-snippet:-1","max-image-preview":"max-image-preview:large","max-video-preview":"max-video-preview:-1"},"canonical":"https:\/\/www.ufi.eu\/sk\/product\/vytvorenie-etikety-clp-a-kontrola-suladu\/","og_locale":"sk_SK","og_type":"article","og_title":"Vytvorenie etikety CLP a kontrola s\u00faladu","og_description":"Na\u0161a slu\u017eba vytvorenia etikety CLP a kontroly s\u00faladu s predpismi zabezpe\u010d\u00ed, \u017ee ozna\u010denie v\u00e1\u0161ho v\u00fdrobku sp\u013a\u0148a v\u0161etky pr\u00e1vne po\u017eiadavky v E\u00da a EHP.","og_url":"https:\/\/www.ufi.eu\/sk\/product\/vytvorenie-etikety-clp-a-kontrola-suladu\/","og_site_name":"UFI","article_modified_time":"2025-04-28T12:15:15+00:00","og_image":[{"width":1024,"height":1024,"url":"https:\/\/www.ufi.eu\/wp-content\/uploads\/2025\/03\/pcn_ufi.jpg","type":"image\/jpeg"}],"twitter_card":"summary_large_image","twitter_misc":{"Cena":"&euro;50.00","Dostupnos\u0165":"Na sklade"},"schema":{"@context":"https:\/\/schema.org","@graph":[{"@type":"WebPage","@id":"https:\/\/www.ufi.eu\/sk\/product\/vytvorenie-etikety-clp-a-kontrola-suladu\/","url":"https:\/\/www.ufi.eu\/sk\/product\/vytvorenie-etikety-clp-a-kontrola-suladu\/","name":"Vytvorenie etikety CLP a kontrola s\u00faladu - UFI","isPartOf":{"@id":"https:\/\/www.ufi.eu\/sk\/#website"},"primaryImageOfPage":{"@id":"https:\/\/www.ufi.eu\/sk\/product\/vytvorenie-etikety-clp-a-kontrola-suladu\/#primaryimage"},"image":{"@id":"https:\/\/www.ufi.eu\/sk\/product\/vytvorenie-etikety-clp-a-kontrola-suladu\/#primaryimage"},"thumbnailUrl":"https:\/\/www.ufi.eu\/wp-content\/uploads\/2025\/03\/pcn_ufi.jpg","datePublished":"2025-04-15T20:26:04+00:00","dateModified":"2025-04-28T12:15:15+00:00","description":"Na\u0161a slu\u017eba vytvorenia etikety CLP a kontroly s\u00faladu s predpismi zabezpe\u010d\u00ed, \u017ee ozna\u010denie v\u00e1\u0161ho v\u00fdrobku sp\u013a\u0148a v\u0161etky pr\u00e1vne po\u017eiadavky v E\u00da a EHP.","breadcrumb":{"@id":"https:\/\/www.ufi.eu\/sk\/product\/vytvorenie-etikety-clp-a-kontrola-suladu\/#breadcrumb"},"inLanguage":"sk-SK","potentialAction":[{"@type":"ReadAction","target":["https:\/\/www.ufi.eu\/sk\/product\/vytvorenie-etikety-clp-a-kontrola-suladu\/"]}]},{"@type":"ImageObject","inLanguage":"sk-SK","@id":"https:\/\/www.ufi.eu\/sk\/product\/vytvorenie-etikety-clp-a-kontrola-suladu\/#primaryimage","url":"https:\/\/www.ufi.eu\/wp-content\/uploads\/2025\/03\/pcn_ufi.jpg","contentUrl":"https:\/\/www.ufi.eu\/wp-content\/uploads\/2025\/03\/pcn_ufi.jpg","width":1024,"height":1024},{"@type":"BreadcrumbList","@id":"https:\/\/www.ufi.eu\/sk\/product\/vytvorenie-etikety-clp-a-kontrola-suladu\/#breadcrumb","itemListElement":[{"@type":"ListItem","position":1,"name":"Home","item":"https:\/\/www.ufi.eu\/sk\/domov\/"},{"@type":"ListItem","position":2,"name":"Obchod","item":"https:\/\/www.ufi.eu\/sk\/obchod\/"},{"@type":"ListItem","position":3,"name":"Vytvorenie etikety CLP a kontrola s\u00faladu"}]},{"@type":"WebSite","@id":"https:\/\/www.ufi.eu\/sk\/#website","url":"https:\/\/www.ufi.eu\/sk\/","name":"UFI.EU","description":"Poison Centre Notifications (PCN) and UFI","publisher":{"@id":"https:\/\/www.ufi.eu\/sk\/#organization"},"potentialAction":[{"@type":"SearchAction","target":{"@type":"EntryPoint","urlTemplate":"https:\/\/www.ufi.eu\/sk\/?s={search_term_string}"},"query-input":{"@type":"PropertyValueSpecification","valueRequired":true,"valueName":"search_term_string"}}],"inLanguage":"sk-SK"},{"@type":"Organization","@id":"https:\/\/www.ufi.eu\/sk\/#organization","name":"UFI.EU","url":"https:\/\/www.ufi.eu\/sk\/","logo":{"@type":"ImageObject","inLanguage":"sk-SK","@id":"https:\/\/www.ufi.eu\/sk\/#\/schema\/logo\/image\/","url":"https:\/\/www.ufi.eu\/wp-content\/uploads\/2025\/03\/cropped-logo_ufi3.jpg","contentUrl":"https:\/\/www.ufi.eu\/wp-content\/uploads\/2025\/03\/cropped-logo_ufi3.jpg","width":231,"height":78,"caption":"UFI.EU"},"image":{"@id":"https:\/\/www.ufi.eu\/sk\/#\/schema\/logo\/image\/"},"description":"UFI.eu specializes in digital registrations for Poison Centre Notifications (PCN), ensuring your chemical products meet EU regulatory requirements effortlessly. Our streamlined solutions help businesses stay compliant while reducing complexity and administrative burden.","email":"info@ufi.eu","legalName":"UFI.EU"}]},"product_price_amount":"50.00","product_price_currency":"EUR","og_availability":"instock","product_availability":"instock","product_condition":"new"},"_links":{"self":[{"href":"https:\/\/www.ufi.eu\/sk\/wp-json\/wp\/v2\/product\/12766","targetHints":{"allow":["GET"]}}],"collection":[{"href":"https:\/\/www.ufi.eu\/sk\/wp-json\/wp\/v2\/product"}],"about":[{"href":"https:\/\/www.ufi.eu\/sk\/wp-json\/wp\/v2\/types\/product"}],"wp:featuredmedia":[{"embeddable":true,"href":"https:\/\/www.ufi.eu\/sk\/wp-json\/wp\/v2\/media\/12490"}],"wp:attachment":[{"href":"https:\/\/www.ufi.eu\/sk\/wp-json\/wp\/v2\/media?parent=12766"}],"wp:term":[{"taxonomy":"product_brand","embeddable":true,"href":"https:\/\/www.ufi.eu\/sk\/wp-json\/wp\/v2\/product_brand?post=12766"},{"taxonomy":"product_cat","embeddable":true,"href":"https:\/\/www.ufi.eu\/sk\/wp-json\/wp\/v2\/product_cat?post=12766"},{"taxonomy":"product_tag","embeddable":true,"href":"https:\/\/www.ufi.eu\/sk\/wp-json\/wp\/v2\/product_tag?post=12766"}],"curies":[{"name":"wp","href":"https:\/\/api.w.org\/{rel}","templated":true}]}}