{"id":12591,"date":"2025-03-09T14:12:29","date_gmt":"2025-04-15T19:37:55","guid":{"rendered":"https:\/\/www.ufi.eu\/pcn\/nezaraden\u00e9\/krajiny-na-registraciu-pcn\/"},"modified":"2025-05-15T16:47:55","modified_gmt":"2025-05-15T16:47:55","slug":"krajiny-na-registraciu-pcn","status":"publish","type":"product","link":"https:\/\/www.ufi.eu\/sk\/product\/krajiny-na-registraciu-pcn\/","title":{"rendered":"Krajiny na registr\u00e1ciu PCN"},"content":{"rendered":"\n<h2 class=\"wp-block-heading\" id=\"h-launch-your-product-across-europe-with-ease\">Jednoduch\u00e9 uvedenie v\u00e1\u0161ho produktu na trh v celej Eur\u00f3pe<\/h2>\n\n<p>Pri registr\u00e1cii v\u00e1\u0161ho v\u00fdrobku na \u00fa\u010dely ozn\u00e1menia centra E\u00da pre jedovat\u00e9 l\u00e1tky (PCN) je potrebn\u00e9, aby ka\u017ed\u00e1 krajina, v ktorej pl\u00e1nujete pred\u00e1va\u0165, predlo\u017eila ozn\u00e1menie pr\u00edslu\u0161n\u00e9mu vn\u00fatro\u0161t\u00e1tnemu org\u00e1nu. S na\u0161ou registr\u00e1ciou kraj\u00edn E\u00da pre PCN si m\u00f4\u017eete vybra\u0165 presn\u00e9 krajiny, v ktor\u00fdch chcete svoj v\u00fdrobok uvies\u0165 na trh &#8211; z\u00edskate tak \u00fapln\u00fa flexibilitu a kontrolu nad svoj\u00edm dosahom na trh. <\/p>\n\n<h2 class=\"wp-block-heading\" id=\"h-what-you-re-purchasing\">\u010co kupujete<\/h2>\n\n<p>Tento produkt v\u00e1m umo\u017e\u0148uje <strong>k\u00fapi\u0165 \u017eet\u00f3ny kraj\u00edn<\/strong> 27 \u010dlensk\u00fdch \u0161t\u00e1tov E\u00da. Tieto \u017eet\u00f3ny m\u00f4\u017eete pou\u017ei\u0165 <strong>pri akejko\u013evek registr\u00e1cii PCN,<\/strong> ktor\u00fa u n\u00e1s vykon\u00e1te. Po zak\u00fapen\u00ed sa krajiny <strong>pridaj\u00fa do <a href=\"https:\/\/www.ufi.eu\/my-account\/points\/\">zoznamu kraj\u00edn PCN<\/a><\/strong> a m\u00f4\u017eete ich pou\u017ei\u0165 pri vyp\u013a\u0148an\u00ed n\u00e1\u0161ho <strong>formul\u00e1ra na pr\u00edjem PCN pre<\/strong> v\u00e1\u0161 produkt.    <\/p>\n\n<p><strong><a href=\"https:\/\/www.ufi.eu\/shop\/\">Pre svoj v\u00fdrobok si budete musie\u0165 zak\u00fapi\u0165 aj PCN<\/a>. Tento v\u00fdrobok je len vo\u013en\u00e1 krajina, nie PCN. <\/strong><\/p>\n\n<h4 class=\"wp-block-heading\">\u2705 Ako to funguje:<\/h4>\n\n<ol class=\"wp-block-list\">\n<li>Ur\u010dite <strong>krajiny,<\/strong> v <strong>ktor\u00fdch<\/strong> pl\u00e1nujete pred\u00e1va\u0165.<\/li>\n\n\n\n<li>Zak\u00fapte po\u010det <strong>\u017eet\u00f3nov krajiny<\/strong>.<\/li>\n\n\n\n<li><a href=\"https:\/\/www.ufi.eu\/sk\/novy-produkt\/\">Odo\u0161lite n\u00e1m formul\u00e1r na pr\u00edjem v\u00e1\u0161ho v\u00fdrobku<\/a>.<\/li>\n\n\n\n<li>Jednoducho prira\u010fte krajiny, v ktor\u00fdch chcete, aby sme v\u00e1\u0161 v\u00fdrobok odoslali na predlo\u017eenie PCN.<\/li>\n\n\n\n<li>Token krajiny sa odpo\u010d\u00edta od celkovej sumy pri odoslan\u00ed formul\u00e1ra.<\/li>\n<\/ol>\n\n<p>Bez oh\u013eadu na to, \u010di uv\u00e1dzate na trh jeden produkt alebo spravujete cel\u00e9 portf\u00f3lio, m\u00f4\u017eete <strong> <a href=\"https:\/\/www.ufi.eu\/my-account\/points\/\">zak\u00fapen\u00e9 tokeny kraj\u00edn<\/a> pou\u017e\u00edva\u0165<\/strong> pri r\u00f4znych podaniach PCN &#8211; u\u0161etr\u00edte tak \u010das, zabezpe\u010d\u00edte s\u00falad s predpismi a bez probl\u00e9mov roz\u0161\u00edrite svoju pr\u00edtomnos\u0165 na trhu E\u00da.<\/p>\n\n<h3 class=\"wp-block-heading\" id=\"h-supported-eu-countries\">Podporovan\u00e9 krajiny E\u00da<\/h3>\n\n<p>E\u00da m\u00e1 27 kraj\u00edn a EHP 30 (E\u00da + Lichten\u0161tajnsko, N\u00f3rsko a Island) Na port\u00e1li si m\u00f4\u017eete vybra\u0165 z t\u00fdchto kraj\u00edn:<\/p>\n\n<figure class=\"wp-block-table\"><table class=\"has-fixed-layout\"><tbody><tr><td>Belgicko<\/td><td>(BE)<\/td><td>\u0160panielsko<\/td><td>(ES)<\/td><td>Ma\u010farsko<\/td><td>(HU)<\/td><td>Slovensko<\/td><td>(SK)<\/td><\/tr><tr><td>Bulharsko<\/td><td>(BG)<\/td><td>Franc\u00fazsko<\/td><td>(FR)<\/td><td>Malta<\/td><td>(MT)<\/td><td>F\u00ednsko<\/td><td>(FI)<\/td><\/tr><tr><td>\u010cesko<\/td><td>(CZ)<\/td><td>Chorv\u00e1tsko<\/td><td>(HR)<\/td><td>Holandsko<\/td><td>(NL)<\/td><td>\u0160v\u00e9dsko<\/td><td>(SE)<\/td><\/tr><tr><td>D\u00e1nsko<\/td><td>(DK)<\/td><td>Taliansko<\/td><td>(IT)<\/td><td>Rak\u00fasko<\/td><td>(AT)<\/td><td>Nemecko<\/td><td>(DE)<\/td><\/tr><tr><td>Cyprus<\/td><td>(CY)<\/td><td>Po\u013esko<\/td><td>(PL)<\/td><td>Island<\/td><td>(IS)<\/td><td>Est\u00f3nsko<\/td><td>(EE)<\/td><\/tr><tr><td>Loty\u0161sko<\/td><td>(LV)<\/td><td>Portugalsko<\/td><td>(PT)<\/td><td>Lichten\u0161tajnsko<\/td><td>(LI)<\/td><td>\u00cdrsko<\/td><td>(IE)<\/td><\/tr><tr><td>Litva<\/td><td>(LT)<\/td><td>Rumunsko<\/td><td>(RO)<\/td><td>N\u00f3rsko<\/td><td>(NIE)<\/td><td>Gr\u00e9cko<\/td><td>(EL)<\/td><\/tr><tr><td>Luxembursko<\/td><td>(LU)<\/td><td>Slovinsko<\/td><td>(SI)<\/td><td>\u0160vaj\u010diarsko*<\/td><td>(CH)<\/td><td><\/td><td><\/td><\/tr><\/tbody><\/table><\/figure>\n\n<p>*V pr\u00edpade \u0160vaj\u010diarska m\u00f4\u017eeme vytvori\u0165 dokument\u00e1ciu PCN so v\u0161etk\u00fdmi potrebn\u00fdmi inform\u00e1ciami na podanie \u017eiadosti na \u0161vaj\u010diarskom port\u00e1li. Pre viac inform\u00e1ci\u00ed n\u00e1s kontaktujte. <\/p>\n\n<h2 class=\"wp-block-heading\" id=\"h-example-of-how-it-works\">Pr\u00edklad fungovania<\/h2>\n\n<p>Uv\u00e1dzate na trh nov\u00fd \u010distiaci v\u00fdrobok vo <strong>Franc\u00fazsku, Nemecku a \u0160panielsku<\/strong>. Sta\u010d\u00ed k\u00fapi\u0165 tri krajiny. Pri vyp\u013a\u0148an\u00ed formul\u00e1ra na pr\u00edjem PCN u n\u00e1s prirad\u00edte tieto \u017eet\u00f3ny kraj\u00edn k v\u00fdrobku &#8211; zabezpe\u010d\u00edte tak s\u00falad s pr\u00e1vnymi predpismi na v\u0161etk\u00fdch troch trhoch bez probl\u00e9mov s individu\u00e1lnym predkladan\u00edm.  <\/p>\n","protected":false},"excerpt":{"rendered":"<p>Vyberte po\u010det kraj\u00edn, v ktor\u00fdch chcete zaregistrova\u0165 svoj v\u00fdrobok.<\/p>\n","protected":false},"featured_media":12592,"template":"","meta":[],"product_brand":[],"product_cat":[361],"product_tag":[],"class_list":{"0":"post-12591","1":"product","2":"type-product","3":"status-publish","4":"has-post-thumbnail","6":"product_cat-krajiny","8":"first","9":"instock","10":"virtual","11":"taxable","12":"purchasable","13":"product-type-simple"},"bundled_by":["12608","12628","12807","12870","12900","12910","12940","13142","13301","13311","13355","13375","13580","13628","13648","13662","13692","13698","13712","13732","13742","13952","14190","14210","14214","14230","14240","14276","14296","14306","14326","14346","14582","14646","14652","14726","14876","14906","14926","14938","14953","15147","15167","15187","15215","15225","15247","15329","15407","15569","15587","15593","15751","15771","15791","15801","15817","16042","16048","16097","16121","16127","16167","16197","16217","16417","16433","16665","16695","16705","16725","16745","16765","16785","16805","16835","16845","16875","17111","17121","17149","17159","17179","17209","17491","17499","17525","17545","17563","17573","17603","17611","17641","17995","18003","18098","18104","18128","18148","18158","18261","18293","18311","18557","18577","18581","18677","18697","18703","18845","18863","19127","19147","19185","19195","19215","19245","19255","19473","19547","19567","19587","19617","19637","19657","19955","20021","20041","20051","20081","20101","20111","20131","20161","20469","20479","20499","20519","20549","20569","20589","20609","20899","20909","20939","20967","20987","21007","21037","21047","21063","21081","21097","21275","21285","21303","21345","21363","21373","21809","21839","21849","21865","21887","21895","21913","22021","22323","22351","22361","22391","22407","22413","22429","22779","22799","22819","22849","22859","22883","22903","22913","22943","23277","23343","23363","23373","23397","23417","23437","23467","23487","23503","23783","23803","23823","23871","23891","23901","23931","23951","24028","24048","24078","24096","31748"],"bundle_stock_status":"instock","bundle_stock_quantity":null,"bundle_virtual":false,"bundle_layout":"","bundle_add_to_cart_form_location":"","bundle_editable_in_cart":false,"bundle_sold_individually_context":"","bundle_item_grouping":"","bundle_min_size":"","bundle_max_size":"","bundle_price":[],"bundled_items":[],"bundle_sell_ids":[],"yoast_head":"<!-- This site is optimized with the Yoast SEO Premium plugin v25.1 (Yoast SEO v25.1) - https:\/\/yoast.com\/wordpress\/plugins\/seo\/ -->\n<title>Krajiny na registr\u00e1ciu PCN - UFI<\/title>\n<meta name=\"description\" content=\"V\u010faka na\u0161ej registr\u00e1cii PCN v krajin\u00e1ch E\u00da si m\u00f4\u017eete vybra\u0165 presn\u00e9 krajiny, v ktor\u00fdch chcete uvies\u0165 svoj produkt na trh, \u010do v\u00e1m poskytuje \u00fapln\u00fa flexibilitu a kontrolu nad dosahom na trh.\" \/>\n<meta name=\"robots\" content=\"index, follow, max-snippet:-1, max-image-preview:large, max-video-preview:-1\" \/>\n<link rel=\"canonical\" href=\"https:\/\/www.ufi.eu\/sk\/product\/krajiny-na-registraciu-pcn\/\" \/>\n<meta property=\"og:locale\" content=\"sk_SK\" \/>\n<meta property=\"og:type\" content=\"article\" \/>\n<meta property=\"og:title\" content=\"Krajiny na registr\u00e1ciu PCN\" \/>\n<meta property=\"og:description\" content=\"V\u010faka na\u0161ej registr\u00e1cii PCN v krajin\u00e1ch E\u00da si m\u00f4\u017eete vybra\u0165 presn\u00e9 krajiny, v ktor\u00fdch chcete uvies\u0165 svoj produkt na trh, \u010do v\u00e1m poskytuje \u00fapln\u00fa flexibilitu a kontrolu nad dosahom na trh.\" \/>\n<meta property=\"og:url\" content=\"https:\/\/www.ufi.eu\/sk\/product\/krajiny-na-registraciu-pcn\/\" \/>\n<meta property=\"og:site_name\" content=\"UFI\" \/>\n<meta property=\"article:modified_time\" content=\"2025-05-15T16:47:55+00:00\" \/>\n<meta property=\"og:image\" content=\"https:\/\/www.ufi.eu\/wp-content\/uploads\/2025\/03\/eu.jpg\" \/>\n\t<meta property=\"og:image:width\" content=\"800\" \/>\n\t<meta property=\"og:image:height\" content=\"800\" \/>\n\t<meta property=\"og:image:type\" content=\"image\/jpeg\" \/>\n<meta name=\"twitter:card\" content=\"summary_large_image\" \/>\n<meta name=\"twitter:label1\" content=\"Cena\" \/>\n\t<meta name=\"twitter:data1\" content=\"&euro;35.00\" \/>\n\t<meta name=\"twitter:label2\" content=\"Dostupnos\u0165\" \/>\n\t<meta name=\"twitter:data2\" content=\"Na sklade\" \/>\n<script type=\"application\/ld+json\" class=\"yoast-schema-graph\">{\"@context\":\"https:\/\/schema.org\",\"@graph\":[{\"@type\":\"WebPage\",\"@id\":\"https:\/\/www.ufi.eu\/sk\/product\/krajiny-na-registraciu-pcn\/\",\"url\":\"https:\/\/www.ufi.eu\/sk\/product\/krajiny-na-registraciu-pcn\/\",\"name\":\"Krajiny na registr\u00e1ciu PCN - UFI\",\"isPartOf\":{\"@id\":\"https:\/\/www.ufi.eu\/sk\/#website\"},\"primaryImageOfPage\":{\"@id\":\"https:\/\/www.ufi.eu\/sk\/product\/krajiny-na-registraciu-pcn\/#primaryimage\"},\"image\":{\"@id\":\"https:\/\/www.ufi.eu\/sk\/product\/krajiny-na-registraciu-pcn\/#primaryimage\"},\"thumbnailUrl\":\"https:\/\/www.ufi.eu\/wp-content\/uploads\/2025\/03\/eu.jpg\",\"datePublished\":\"2025-04-15T19:37:55+00:00\",\"dateModified\":\"2025-05-15T16:47:55+00:00\",\"description\":\"V\u010faka na\u0161ej registr\u00e1cii PCN v krajin\u00e1ch E\u00da si m\u00f4\u017eete vybra\u0165 presn\u00e9 krajiny, v ktor\u00fdch chcete uvies\u0165 svoj produkt na trh, \u010do v\u00e1m poskytuje \u00fapln\u00fa flexibilitu a kontrolu nad dosahom na trh.\",\"breadcrumb\":{\"@id\":\"https:\/\/www.ufi.eu\/sk\/product\/krajiny-na-registraciu-pcn\/#breadcrumb\"},\"inLanguage\":\"sk-SK\",\"potentialAction\":[{\"@type\":\"ReadAction\",\"target\":[\"https:\/\/www.ufi.eu\/sk\/product\/krajiny-na-registraciu-pcn\/\"]}]},{\"@type\":\"ImageObject\",\"inLanguage\":\"sk-SK\",\"@id\":\"https:\/\/www.ufi.eu\/sk\/product\/krajiny-na-registraciu-pcn\/#primaryimage\",\"url\":\"https:\/\/www.ufi.eu\/wp-content\/uploads\/2025\/03\/eu.jpg\",\"contentUrl\":\"https:\/\/www.ufi.eu\/wp-content\/uploads\/2025\/03\/eu.jpg\",\"width\":800,\"height\":800},{\"@type\":\"BreadcrumbList\",\"@id\":\"https:\/\/www.ufi.eu\/sk\/product\/krajiny-na-registraciu-pcn\/#breadcrumb\",\"itemListElement\":[{\"@type\":\"ListItem\",\"position\":1,\"name\":\"Home\",\"item\":\"https:\/\/www.ufi.eu\/sk\/domov\/\"},{\"@type\":\"ListItem\",\"position\":2,\"name\":\"Obchod\",\"item\":\"https:\/\/www.ufi.eu\/sk\/obchod\/\"},{\"@type\":\"ListItem\",\"position\":3,\"name\":\"Krajiny na registr\u00e1ciu PCN\"}]},{\"@type\":\"WebSite\",\"@id\":\"https:\/\/www.ufi.eu\/sk\/#website\",\"url\":\"https:\/\/www.ufi.eu\/sk\/\",\"name\":\"UFI.EU\",\"description\":\"Poison Centre Notifications (PCN) and UFI\",\"publisher\":{\"@id\":\"https:\/\/www.ufi.eu\/sk\/#organization\"},\"potentialAction\":[{\"@type\":\"SearchAction\",\"target\":{\"@type\":\"EntryPoint\",\"urlTemplate\":\"https:\/\/www.ufi.eu\/sk\/?s={search_term_string}\"},\"query-input\":{\"@type\":\"PropertyValueSpecification\",\"valueRequired\":true,\"valueName\":\"search_term_string\"}}],\"inLanguage\":\"sk-SK\"},{\"@type\":\"Organization\",\"@id\":\"https:\/\/www.ufi.eu\/sk\/#organization\",\"name\":\"UFI.EU\",\"url\":\"https:\/\/www.ufi.eu\/sk\/\",\"logo\":{\"@type\":\"ImageObject\",\"inLanguage\":\"sk-SK\",\"@id\":\"https:\/\/www.ufi.eu\/sk\/#\/schema\/logo\/image\/\",\"url\":\"https:\/\/www.ufi.eu\/wp-content\/uploads\/2025\/03\/cropped-logo_ufi3.jpg\",\"contentUrl\":\"https:\/\/www.ufi.eu\/wp-content\/uploads\/2025\/03\/cropped-logo_ufi3.jpg\",\"width\":231,\"height\":78,\"caption\":\"UFI.EU\"},\"image\":{\"@id\":\"https:\/\/www.ufi.eu\/sk\/#\/schema\/logo\/image\/\"},\"description\":\"UFI.eu specializes in digital registrations for Poison Centre Notifications (PCN), ensuring your chemical products meet EU regulatory requirements effortlessly. Our streamlined solutions help businesses stay compliant while reducing complexity and administrative burden.\",\"email\":\"info@ufi.eu\",\"legalName\":\"UFI.EU\"}]}<\/script>\n<meta property=\"product:price:amount\" content=\"35.00\" \/>\n<meta property=\"product:price:currency\" content=\"EUR\" \/>\n<meta property=\"og:availability\" content=\"instock\" \/>\n<meta property=\"product:availability\" content=\"instock\" \/>\n<meta property=\"product:retailer_item_id\" content=\"PCN-COUNTRIES\" \/>\n<meta property=\"product:condition\" content=\"new\" \/>\n<!-- \/ Yoast SEO Premium plugin. -->","yoast_head_json":{"title":"Krajiny na registr\u00e1ciu PCN - UFI","description":"V\u010faka na\u0161ej registr\u00e1cii PCN v krajin\u00e1ch E\u00da si m\u00f4\u017eete vybra\u0165 presn\u00e9 krajiny, v ktor\u00fdch chcete uvies\u0165 svoj produkt na trh, \u010do v\u00e1m poskytuje \u00fapln\u00fa flexibilitu a kontrolu nad dosahom na trh.","robots":{"index":"index","follow":"follow","max-snippet":"max-snippet:-1","max-image-preview":"max-image-preview:large","max-video-preview":"max-video-preview:-1"},"canonical":"https:\/\/www.ufi.eu\/sk\/product\/krajiny-na-registraciu-pcn\/","og_locale":"sk_SK","og_type":"article","og_title":"Krajiny na registr\u00e1ciu PCN","og_description":"V\u010faka na\u0161ej registr\u00e1cii PCN v krajin\u00e1ch E\u00da si m\u00f4\u017eete vybra\u0165 presn\u00e9 krajiny, v ktor\u00fdch chcete uvies\u0165 svoj produkt na trh, \u010do v\u00e1m poskytuje \u00fapln\u00fa flexibilitu a kontrolu nad dosahom na trh.","og_url":"https:\/\/www.ufi.eu\/sk\/product\/krajiny-na-registraciu-pcn\/","og_site_name":"UFI","article_modified_time":"2025-05-15T16:47:55+00:00","og_image":[{"width":800,"height":800,"url":"https:\/\/www.ufi.eu\/wp-content\/uploads\/2025\/03\/eu.jpg","type":"image\/jpeg"}],"twitter_card":"summary_large_image","twitter_misc":{"Cena":"&euro;35.00","Dostupnos\u0165":"Na sklade"},"schema":{"@context":"https:\/\/schema.org","@graph":[{"@type":"WebPage","@id":"https:\/\/www.ufi.eu\/sk\/product\/krajiny-na-registraciu-pcn\/","url":"https:\/\/www.ufi.eu\/sk\/product\/krajiny-na-registraciu-pcn\/","name":"Krajiny na registr\u00e1ciu PCN - UFI","isPartOf":{"@id":"https:\/\/www.ufi.eu\/sk\/#website"},"primaryImageOfPage":{"@id":"https:\/\/www.ufi.eu\/sk\/product\/krajiny-na-registraciu-pcn\/#primaryimage"},"image":{"@id":"https:\/\/www.ufi.eu\/sk\/product\/krajiny-na-registraciu-pcn\/#primaryimage"},"thumbnailUrl":"https:\/\/www.ufi.eu\/wp-content\/uploads\/2025\/03\/eu.jpg","datePublished":"2025-04-15T19:37:55+00:00","dateModified":"2025-05-15T16:47:55+00:00","description":"V\u010faka na\u0161ej registr\u00e1cii PCN v krajin\u00e1ch E\u00da si m\u00f4\u017eete vybra\u0165 presn\u00e9 krajiny, v ktor\u00fdch chcete uvies\u0165 svoj produkt na trh, \u010do v\u00e1m poskytuje \u00fapln\u00fa flexibilitu a kontrolu nad dosahom na trh.","breadcrumb":{"@id":"https:\/\/www.ufi.eu\/sk\/product\/krajiny-na-registraciu-pcn\/#breadcrumb"},"inLanguage":"sk-SK","potentialAction":[{"@type":"ReadAction","target":["https:\/\/www.ufi.eu\/sk\/product\/krajiny-na-registraciu-pcn\/"]}]},{"@type":"ImageObject","inLanguage":"sk-SK","@id":"https:\/\/www.ufi.eu\/sk\/product\/krajiny-na-registraciu-pcn\/#primaryimage","url":"https:\/\/www.ufi.eu\/wp-content\/uploads\/2025\/03\/eu.jpg","contentUrl":"https:\/\/www.ufi.eu\/wp-content\/uploads\/2025\/03\/eu.jpg","width":800,"height":800},{"@type":"BreadcrumbList","@id":"https:\/\/www.ufi.eu\/sk\/product\/krajiny-na-registraciu-pcn\/#breadcrumb","itemListElement":[{"@type":"ListItem","position":1,"name":"Home","item":"https:\/\/www.ufi.eu\/sk\/domov\/"},{"@type":"ListItem","position":2,"name":"Obchod","item":"https:\/\/www.ufi.eu\/sk\/obchod\/"},{"@type":"ListItem","position":3,"name":"Krajiny na registr\u00e1ciu PCN"}]},{"@type":"WebSite","@id":"https:\/\/www.ufi.eu\/sk\/#website","url":"https:\/\/www.ufi.eu\/sk\/","name":"UFI.EU","description":"Poison Centre Notifications (PCN) and UFI","publisher":{"@id":"https:\/\/www.ufi.eu\/sk\/#organization"},"potentialAction":[{"@type":"SearchAction","target":{"@type":"EntryPoint","urlTemplate":"https:\/\/www.ufi.eu\/sk\/?s={search_term_string}"},"query-input":{"@type":"PropertyValueSpecification","valueRequired":true,"valueName":"search_term_string"}}],"inLanguage":"sk-SK"},{"@type":"Organization","@id":"https:\/\/www.ufi.eu\/sk\/#organization","name":"UFI.EU","url":"https:\/\/www.ufi.eu\/sk\/","logo":{"@type":"ImageObject","inLanguage":"sk-SK","@id":"https:\/\/www.ufi.eu\/sk\/#\/schema\/logo\/image\/","url":"https:\/\/www.ufi.eu\/wp-content\/uploads\/2025\/03\/cropped-logo_ufi3.jpg","contentUrl":"https:\/\/www.ufi.eu\/wp-content\/uploads\/2025\/03\/cropped-logo_ufi3.jpg","width":231,"height":78,"caption":"UFI.EU"},"image":{"@id":"https:\/\/www.ufi.eu\/sk\/#\/schema\/logo\/image\/"},"description":"UFI.eu specializes in digital registrations for Poison Centre Notifications (PCN), ensuring your chemical products meet EU regulatory requirements effortlessly. Our streamlined solutions help businesses stay compliant while reducing complexity and administrative burden.","email":"info@ufi.eu","legalName":"UFI.EU"}]},"product_price_amount":"35.00","product_price_currency":"EUR","og_availability":"instock","product_availability":"instock","product_retailer_item_id":"PCN-COUNTRIES","product_condition":"new"},"_links":{"self":[{"href":"https:\/\/www.ufi.eu\/sk\/wp-json\/wp\/v2\/product\/12591","targetHints":{"allow":["GET"]}}],"collection":[{"href":"https:\/\/www.ufi.eu\/sk\/wp-json\/wp\/v2\/product"}],"about":[{"href":"https:\/\/www.ufi.eu\/sk\/wp-json\/wp\/v2\/types\/product"}],"wp:featuredmedia":[{"embeddable":true,"href":"https:\/\/www.ufi.eu\/sk\/wp-json\/wp\/v2\/media\/12592"}],"wp:attachment":[{"href":"https:\/\/www.ufi.eu\/sk\/wp-json\/wp\/v2\/media?parent=12591"}],"wp:term":[{"taxonomy":"product_brand","embeddable":true,"href":"https:\/\/www.ufi.eu\/sk\/wp-json\/wp\/v2\/product_brand?post=12591"},{"taxonomy":"product_cat","embeddable":true,"href":"https:\/\/www.ufi.eu\/sk\/wp-json\/wp\/v2\/product_cat?post=12591"},{"taxonomy":"product_tag","embeddable":true,"href":"https:\/\/www.ufi.eu\/sk\/wp-json\/wp\/v2\/product_tag?post=12591"}],"curies":[{"name":"wp","href":"https:\/\/api.w.org\/{rel}","templated":true}]}}