{"id":31741,"date":"2025-06-25T10:04:58","date_gmt":"2025-09-24T14:40:36","guid":{"rendered":"https:\/\/www.ufi.eu\/product\/pachet-pcn-ufi\/"},"modified":"2026-01-09T16:14:25","modified_gmt":"2026-01-09T16:14:25","slug":"pachet-pcn-ufi","status":"publish","type":"product","link":"https:\/\/www.ufi.eu\/ro\/product\/pachet-pcn-ufi\/","title":{"rendered":"Pachet PCN &amp; UFI"},"content":{"rendered":"\n<h2 class=\"wp-block-heading\" id=\"h-how-does-the-ufi-creation-and-pcn-notification-service-work\">Cum func\u021bioneaz\u0103 serviciul de creare a UFI \u0219i de notificare a PCN?<\/h2>\n\n<p>Dup\u0103 achizi\u021bionarea acestui serviciu, ve\u021bi primi acces la portalul securizat. Acest portal con\u021bine o prezentare general\u0103 a tuturor etapelor.  Completa\u021bi detaliile produsului dvs. \u0219i ne vom apuca de treab\u0103.<\/p>\n\n<h3 class=\"wp-block-heading\" id=\"h-poison-center-notification-amp-ufi\">Notificarea Centrului pentru otr\u0103viri &amp; UFI<\/h3>\n\n<p>Vom furniza:<\/p>\n\n<ul class=\"wp-block-list\">\n<li>Identificatorul unic de formul\u0103 (UFI) al produsului dumneavoastr\u0103<\/li>\n\n\n\n<li>Un raport PCN (Poison Centre Notification)<\/li>\n\n\n\n<li>\u00cenregistrarea produsului dumneavoastr\u0103 la centrele na\u021bionale antitoxice relevante prin intermediul ECHA.<\/li>\n\n\n\n<li>Fi\u0219a cu date de securitate a produsului dvs.<\/li>\n<\/ul>\n\n<h3 class=\"wp-block-heading\" id=\"h-countries-for-pcn-registration\">\u021a\u0103ri pentru \u00eenregistrarea PCN<\/h3>\n\n<p>Pute\u021bi num\u0103ra num\u0103rul de \u021b\u0103ri \u00een care dori\u021bi s\u0103 v\u0103 \u00eenregistra\u021bi produsul. Acesta este num\u0103rul de \u021b\u0103ri pe care trebuie s\u0103 le achizi\u021biona\u021bi.  Ve\u021bi putea selecta \u021b\u0103rile specifice \u00een cadrul portalului. Dac\u0103 inten\u021biona\u021bi s\u0103 extinde\u021bi v\u00e2nz\u0103rile produselor dvs. c\u0103tre noi \u021b\u0103ri la o dat\u0103 ulterioar\u0103, atunci pute\u021bi oric\u00e2nd s\u0103 comanda\u021bi <a href=\"https:\/\/www.ufi.eu\/pcn\/countries\/countries-for-pcn-registration\/\" target=\"_blank\" rel=\"noreferrer noopener\">\u00eenregistr\u0103ri suplimentare de \u021b\u0103ri PCN<\/a>.<br\/>UE are 27 de \u021b\u0103ri, iar SEE are 30 (UE+Lichtenstein, Norvegia \u0219i Islanda) \u00cen portal pute\u021bi selecta aceste \u021b\u0103ri: <\/p>\n\n<figure class=\"wp-block-table\"><table class=\"has-fixed-layout\"><tbody><tr><td>Belgia<\/td><td>(BE)<\/td><td>Spania<\/td><td>(ES)<\/td><td>Ungaria<\/td><td>(HU)<\/td><td>Slovacia<\/td><td>(SK)<\/td><\/tr><tr><td>Bulgaria<\/td><td>(BG)<\/td><td>Fran\u021ba<\/td><td>(FR)<\/td><td>Malta<\/td><td>(MT)<\/td><td>Finlanda<\/td><td>(FI)<\/td><\/tr><tr><td>Cehia<\/td><td>(CZ)<\/td><td>Croa\u021bia<\/td><td>(HR)<\/td><td>\u021a\u0103rile de Jos<\/td><td>(NL)<\/td><td>Suedia<\/td><td>(SE)<\/td><\/tr><tr><td>Danemarca<\/td><td>(DK)<\/td><td>Italia<\/td><td>(IT)<\/td><td>Austria<\/td><td>(AT)<\/td><td>Germania<\/td><td>(DE)<\/td><\/tr><tr><td>Cipru<\/td><td>(CY)<\/td><td>Polonia<\/td><td>(PL)<\/td><td>Islanda<\/td><td>(IS)<\/td><td>Estonia<\/td><td>(EE)<\/td><\/tr><tr><td>Letonia<\/td><td>(LV)<\/td><td>Portugalia<\/td><td>(PT)<\/td><td>Liechtenstein<\/td><td>(LI)<\/td><td>Irlanda<\/td><td>(IE)<\/td><\/tr><tr><td>Lituania<\/td><td>(LT)<\/td><td>Rom\u00e2nia<\/td><td>(RO)<\/td><td>Norvegia<\/td><td>(NU)<\/td><td>Grecia<\/td><td>(EL)<\/td><\/tr><tr><td>Luxemburg<\/td><td>(LU)<\/td><td>Slovenia<\/td><td>(SI)<\/td><td>Elve\u021bia*<\/td><td>(CH)<\/td><td>\u00a0<\/td><td>\u00a0<\/td><\/tr><\/tbody><\/table><\/figure>\n\n<p>*Pentru Elve\u021bia, putem crea dosarul PCN, cu toate informa\u021biile necesare pentru a depune o cerere pe portalul elve\u021bian. Contacta\u021bi-ne pentru mai multe informa\u021bii. <\/p>\n\n<h3 class=\"wp-block-heading\" id=\"h-clp-label-information\">Informa\u021bii privind eticheta CLP<\/h3>\n\n<p>Oferim op\u021biunea de a achizi\u021biona o etichet\u0103 de produs conform\u0103 cu CLP, care con\u021bine toate informa\u021biile obligatorii prev\u0103zute de Regulamentul CLP al UE. Aceasta va fi furnizat\u0103 \u00een format PDF.  Acesta nu este un design, ci o sintez\u0103 a informa\u021biilor necesare. Acest lucru v\u0103 va permite s\u0103 integra\u021bi informa\u021biile necesare \u00een designul etichetei produsului dumneavoastr\u0103.  De asemenea, pute\u021bi comanda separat <a href=\"https:\/\/www.ufi.eu\/pcn\/clp-label\/clp-label-creation-compliance-check\/\" target=\"_blank\" rel=\"noreferrer noopener\">crearea etichetei CLP<\/a>. Ave\u021bi deja o etichet\u0103? &#8211; Putem efectua o <a href=\"https:\/\/www.ufi.eu\/pcn\/clp-label\/clp-label-creation-compliance-check\/\" target=\"_blank\" rel=\"noreferrer noopener\">verificare a conformit\u0103\u021bii etichetei dvs. CLP<\/a> \u00een conformitate cu cerin\u021bele CLP actuale. Vom oferi feedback detaliat \u0219i corec\u021bii pentru a ne asigura c\u0103 eticheta dvs. \u00eendepline\u0219te toate standardele de reglementare.   <\/p>\n\n<h2 class=\"wp-block-heading\" id=\"h-registering-formulations-with-the-eu-poison-centre\">\u00cenregistrarea formul\u0103rilor la Centrul pentru intoxica\u021bii al UE<\/h2>\n\n<p>Formul\u0103rile sunt amestecuri chimice destinate a fi formulate ulterior \u00een alte amestecuri sau destinate utiliz\u0103rii finale directe. Aceste amestecuri trebuie \u00eenregistrate la Centrul pentru intoxica\u021bii al UE pentru a se asigura c\u0103 intervenien\u021bii de urgen\u021b\u0103 au acces la date esen\u021biale privind siguran\u021ba \u00een caz de expunere accidental\u0103. Procesul de notificare a Centrului pentru intoxica\u021bii (PCN) asigur\u0103 faptul c\u0103 clasific\u0103rile de pericol \u0219i profilurile toxicologice relevante sunt disponibile imediat pentru cadrele medicale \u0219i autorit\u0103\u021bi.  <\/p>\n\n<h3 class=\"wp-block-heading\" id=\"h-what-is-a-ufi\">Ce este un UFI?<\/h3>\n\n<p>Un identificator unic de formul\u0103 (UFI) este un cod alfanumeric de 16 caractere utilizat pentru a identifica \u00een mod unic un amestec chimic. Acesta trebuie imprimat pe eticheta produsului \u0219i inclus \u00een fi\u0219a cu date de securitate (SDS). UFI permite centrelor de otr\u0103vire s\u0103 recupereze rapid informa\u021bii de siguran\u021b\u0103 \u0219i toxicologice despre amestec \u00een cazul unui incident.  <\/p>\n\n<h3 class=\"wp-block-heading\" id=\"h-what-is-a-pcn\">Ce este o PCN?<\/h3>\n\n<p>O notificare a centrului de otr\u0103vire (PCN) este un document de reglementare care con\u021bine date detaliate privind siguran\u021ba \u0219i toxicologia amestecurilor periculoase. NCP include informa\u021bii precum compozi\u021bia amestecului, clasificarea, avertismentele de pericol \u0219i m\u0103surile de r\u0103spuns \u00een caz de urgen\u021b\u0103. Ea este obligatorie pentru orice amestec periculos introdus pe pia\u021ba UE.  <\/p>\n\n<h3 class=\"wp-block-heading\" id=\"h-what-is-clp\">Ce este CLP?<\/h3>\n\n<p>CLP (clasificare, etichetare \u0219i ambalare) este un regulament al UE (CE nr. 1272\/2008) care garanteaz\u0103 c\u0103 produsele chimice sunt clasificate \u0219i etichetate \u00een func\u021bie de pericolele pe care le prezint\u0103. Regulamentul se aliniaz\u0103 la Sistemul global armonizat al ONU (GHS) \u0219i garanteaz\u0103 c\u0103 toate amestecurile periculoase au etichete de avertizare \u0219i instruc\u021biuni de siguran\u021b\u0103 adecvate. <\/p>\n\n<h3 class=\"wp-block-heading\" id=\"h-what-is-the-eu-poison-centre\">Ce este Centrul pentru intoxica\u021bii al UE?<\/h3>\n\n<p>Centrul pentru intoxica\u021bii al UE este un organism oficial care colecteaz\u0103 \u0219i stocheaz\u0103 informa\u021bii privind siguran\u021ba amestecurilor periculoase. Profesioni\u0219tii din domeniul s\u0103n\u0103t\u0103\u021bii \u0219i cei care r\u0103spund \u00een caz de urgen\u021b\u0103 se bazeaz\u0103 pe Centrul pentru intoxica\u021bii pentru a furniza date exacte privind siguran\u021ba chimic\u0103 \u00een caz de expunere accidental\u0103 sau de otr\u0103vire. <\/p>\n\n<h3 class=\"wp-block-heading\" id=\"h-why-is-this-needed\">De ce este nevoie de acest lucru?<\/h3>\n\n<p>Formul\u0103rile industriale con\u021bin adesea substan\u021be chimice periculoase care necesit\u0103 o identificare clar\u0103 \u00een situa\u021bii de urgen\u021b\u0103. Prin transmiterea unui NCP, \u00eentreprinderile se asigur\u0103 c\u0103 centrele de otr\u0103vire \u0219i cadrele medicale au acces imediat la informa\u021biile relevante, \u00eembun\u0103t\u0103\u021bind rezultatele \u00een materie de siguran\u021b\u0103 \u00een caz de expunere. <\/p>\n\n<h3 class=\"wp-block-heading\" id=\"h-since-when-is-it-by-law-obligatory\">De c\u00e2nd este obligatoriu prin lege?<\/h3>\n\n<p>Cerin\u021ba legal\u0103 de a prezenta un NCP pentru amestecurile periculoase a intrat \u00een vigoare la 1 ianuarie 2021. Pentru formul\u0103rile industriale utilizate exclusiv \u00een procesarea ulterioar\u0103, conformitatea este obligatorie de la 1 ianuarie 2024. <\/p>\n","protected":false},"excerpt":{"rendered":"<p>Cum func\u021bioneaz\u0103 serviciul de creare a UFI \u0219i de notificare a PCN? Dup\u0103 achizi\u021bionarea acestui serviciu, ve\u021bi primi acces la portalul securizat. Acest portal con\u021bine o prezentare general\u0103 a tuturor etapelor. Completa\u021bi detaliile produsului dvs. \u0219i ne vom apuca de treab\u0103. Notificarea Centrului pentru otr\u0103viri &amp; UFI Vom furniza: \u021a\u0103ri pentru \u00eenregistrarea PCN Pute\u021bi num\u0103ra [&hellip;]<\/p>\n","protected":false},"featured_media":12501,"template":"","meta":[],"product_brand":[],"product_cat":[393],"product_tag":[],"class_list":{"0":"post-31741","1":"product","2":"type-product","3":"status-publish","4":"has-post-thumbnail","6":"product_cat-eticheta-clp","8":"first","9":"instock","10":"virtual","11":"taxable","12":"purchasable","13":"product-type-bundle"},"bundled_by":[],"bundle_stock_status":"instock","bundle_stock_quantity":"","bundle_virtual":false,"bundle_layout":"default","bundle_add_to_cart_form_location":"default","bundle_editable_in_cart":false,"bundle_sold_individually_context":"product","bundle_item_grouping":"parent","bundle_min_size":"","bundle_max_size":"","bundle_price":{"price":{"min":{"incl_tax":"78.65","excl_tax":"65"},"max":{"incl_tax":"","excl_tax":""}},"regular_price":{"min":{"incl_tax":"78.65","excl_tax":"65"},"max":{"incl_tax":"","excl_tax":""}}},"bundled_items":[{"bundled_item_id":13067,"product_id":12566,"menu_order":0,"quantity_min":1,"quantity_max":"","quantity_default":1,"priced_individually":true,"shipped_individually":true,"override_title":false,"title":"Notificarea Centrului pentru otr\u0103viri &amp; UFI","override_description":false,"description":"Notificarea Centrului pentru otr\u0103viri &amp; UFI","optional":false,"hide_thumbnail":false,"discount":"","override_variations":false,"allowed_variations":[""],"override_default_variation_attributes":false,"default_variation_attributes":[],"single_product_visibility":"visible","cart_visibility":"visible","order_visibility":"visible","single_product_price_visibility":"visible","cart_price_visibility":"visible","order_price_visibility":"visible","stock_status":"in_stock"},{"bundled_item_id":13068,"product_id":31698,"menu_order":1,"quantity_min":0,"quantity_max":"","quantity_default":0,"priced_individually":true,"shipped_individually":false,"override_title":false,"title":"Toate \u021b\u0103rile SEE pentru \u00eenregistrarea PCN Bundle","override_description":false,"description":"Toate \u021b\u0103rile SEE pentru \u00eenregistrarea PCN Bundle","optional":false,"hide_thumbnail":false,"discount":"","override_variations":false,"allowed_variations":[""],"override_default_variation_attributes":false,"default_variation_attributes":[],"single_product_visibility":"visible","cart_visibility":"visible","order_visibility":"visible","single_product_price_visibility":"visible","cart_price_visibility":"visible","order_price_visibility":"visible","stock_status":"in_stock"},{"bundled_item_id":13161,"product_id":12561,"menu_order":1,"quantity_min":0,"quantity_max":"","quantity_default":1,"priced_individually":true,"shipped_individually":true,"override_title":false,"title":"\u021a\u0103ri pentru \u00eenregistrarea PCN","override_description":false,"description":"\u021a\u0103ri pentru \u00eenregistrarea PCN","optional":false,"hide_thumbnail":false,"discount":"","override_variations":false,"allowed_variations":[""],"override_default_variation_attributes":false,"default_variation_attributes":[],"single_product_visibility":"visible","cart_visibility":"visible","order_visibility":"visible","single_product_price_visibility":"visible","cart_price_visibility":"visible","order_price_visibility":"visible","stock_status":"in_stock"},{"bundled_item_id":13069,"product_id":12758,"menu_order":2,"quantity_min":0,"quantity_max":"","quantity_default":0,"priced_individually":true,"shipped_individually":true,"override_title":false,"title":"Crearea etichetei CLP \u0219i verificarea conformit\u0103\u021bii","override_description":true,"description":"","optional":false,"hide_thumbnail":false,"discount":"","override_variations":false,"allowed_variations":[""],"override_default_variation_attributes":false,"default_variation_attributes":[],"single_product_visibility":"visible","cart_visibility":"visible","order_visibility":"visible","single_product_price_visibility":"visible","cart_price_visibility":"visible","order_price_visibility":"visible","stock_status":"in_stock"},{"bundled_item_id":13070,"product_id":12504,"menu_order":3,"quantity_min":0,"quantity_max":"","quantity_default":0,"priced_individually":true,"shipped_individually":true,"override_title":false,"title":"Crearea fi\u0219ei cu date de securitate","override_description":false,"description":"Crearea fi\u0219ei cu date de securitate","optional":false,"hide_thumbnail":false,"discount":"","override_variations":false,"allowed_variations":[""],"override_default_variation_attributes":false,"default_variation_attributes":[],"single_product_visibility":"visible","cart_visibility":"visible","order_visibility":"visible","single_product_price_visibility":"visible","cart_price_visibility":"visible","order_price_visibility":"visible","stock_status":"in_stock"},{"bundled_item_id":13071,"product_id":12498,"menu_order":4,"quantity_min":0,"quantity_max":"","quantity_default":0,"priced_individually":true,"shipped_individually":false,"override_title":true,"title":"Limba fi\u0219ei cu date de securitate","override_description":false,"description":"Limba fi\u0219ei cu date de securitate","optional":false,"hide_thumbnail":false,"discount":"","override_variations":false,"allowed_variations":[""],"override_default_variation_attributes":false,"default_variation_attributes":[],"single_product_visibility":"visible","cart_visibility":"visible","order_visibility":"visible","single_product_price_visibility":"visible","cart_price_visibility":"visible","order_price_visibility":"visible","stock_status":"in_stock"}],"bundle_sell_ids":[],"yoast_head":"<!-- This site is optimized with the Yoast SEO Premium plugin v25.1 (Yoast SEO v25.1) - https:\/\/yoast.com\/wordpress\/plugins\/seo\/ -->\n<title>Pachet PCN &amp; UFI - UFI<\/title>\n<meta name=\"description\" content=\"Pachetul PCN &amp; UFI v\u0103 va oferi tot ce ave\u021bi nevoie pentru a \u00eencepe s\u0103 v\u0103 vinde\u021bi produsul \u00een UE.\" \/>\n<meta name=\"robots\" content=\"index, follow, max-snippet:-1, max-image-preview:large, max-video-preview:-1\" \/>\n<link rel=\"canonical\" href=\"https:\/\/www.ufi.eu\/ro\/product\/pachet-pcn-ufi\/\" \/>\n<meta property=\"og:locale\" content=\"ro_RO\" \/>\n<meta property=\"og:type\" content=\"article\" \/>\n<meta property=\"og:title\" content=\"Pachet PCN &amp; UFI\" \/>\n<meta property=\"og:description\" content=\"Pachetul PCN &amp; UFI v\u0103 va oferi tot ce ave\u021bi nevoie pentru a \u00eencepe s\u0103 v\u0103 vinde\u021bi produsul \u00een UE.\" \/>\n<meta property=\"og:url\" content=\"https:\/\/www.ufi.eu\/ro\/product\/pachet-pcn-ufi\/\" \/>\n<meta property=\"og:site_name\" content=\"UFI\" \/>\n<meta property=\"article:modified_time\" content=\"2026-01-09T16:14:25+00:00\" \/>\n<meta property=\"og:image\" content=\"https:\/\/www.ufi.eu\/wp-content\/uploads\/2025\/03\/pcn_ufi.jpg\" \/>\n\t<meta property=\"og:image:width\" content=\"1024\" \/>\n\t<meta property=\"og:image:height\" content=\"1024\" \/>\n\t<meta property=\"og:image:type\" content=\"image\/jpeg\" \/>\n<meta name=\"twitter:card\" content=\"summary_large_image\" \/>\n<meta name=\"twitter:label1\" content=\"Pre\u021b\" \/>\n\t<meta name=\"twitter:data1\" content=\"&euro;0.00\" \/>\n\t<meta name=\"twitter:label2\" content=\"Disponibilitate\" \/>\n\t<meta name=\"twitter:data2\" content=\"\u00cen stoc\" \/>\n<script type=\"application\/ld+json\" class=\"yoast-schema-graph\">{\"@context\":\"https:\/\/schema.org\",\"@graph\":[{\"@type\":\"WebPage\",\"@id\":\"https:\/\/www.ufi.eu\/ro\/product\/pachet-pcn-ufi\/\",\"url\":\"https:\/\/www.ufi.eu\/ro\/product\/pachet-pcn-ufi\/\",\"name\":\"Pachet PCN &amp; UFI - UFI\",\"isPartOf\":{\"@id\":\"https:\/\/www.ufi.eu\/ro\/#website\"},\"primaryImageOfPage\":{\"@id\":\"https:\/\/www.ufi.eu\/ro\/product\/pachet-pcn-ufi\/#primaryimage\"},\"image\":{\"@id\":\"https:\/\/www.ufi.eu\/ro\/product\/pachet-pcn-ufi\/#primaryimage\"},\"thumbnailUrl\":\"https:\/\/www.ufi.eu\/wp-content\/uploads\/2025\/03\/pcn_ufi.jpg\",\"datePublished\":\"2025-09-24T14:40:36+00:00\",\"dateModified\":\"2026-01-09T16:14:25+00:00\",\"description\":\"Pachetul PCN & UFI v\u0103 va oferi tot ce ave\u021bi nevoie pentru a \u00eencepe s\u0103 v\u0103 vinde\u021bi produsul \u00een UE.\",\"breadcrumb\":{\"@id\":\"https:\/\/www.ufi.eu\/ro\/product\/pachet-pcn-ufi\/#breadcrumb\"},\"inLanguage\":\"ro-RO\",\"potentialAction\":[{\"@type\":\"ReadAction\",\"target\":[\"https:\/\/www.ufi.eu\/ro\/product\/pachet-pcn-ufi\/\"]}]},{\"@type\":\"ImageObject\",\"inLanguage\":\"ro-RO\",\"@id\":\"https:\/\/www.ufi.eu\/ro\/product\/pachet-pcn-ufi\/#primaryimage\",\"url\":\"https:\/\/www.ufi.eu\/wp-content\/uploads\/2025\/03\/pcn_ufi.jpg\",\"contentUrl\":\"https:\/\/www.ufi.eu\/wp-content\/uploads\/2025\/03\/pcn_ufi.jpg\",\"width\":1024,\"height\":1024},{\"@type\":\"BreadcrumbList\",\"@id\":\"https:\/\/www.ufi.eu\/ro\/product\/pachet-pcn-ufi\/#breadcrumb\",\"itemListElement\":[{\"@type\":\"ListItem\",\"position\":1,\"name\":\"Home\",\"item\":\"https:\/\/www.ufi.eu\/ro\/acasa\/\"},{\"@type\":\"ListItem\",\"position\":2,\"name\":\"Magazin\",\"item\":\"https:\/\/www.ufi.eu\/ro\/magazin\/\"},{\"@type\":\"ListItem\",\"position\":3,\"name\":\"Pachet PCN &amp; UFI\"}]},{\"@type\":\"WebSite\",\"@id\":\"https:\/\/www.ufi.eu\/ro\/#website\",\"url\":\"https:\/\/www.ufi.eu\/ro\/\",\"name\":\"UFI.EU\",\"description\":\"Poison Centre Notifications (PCN) and UFI\",\"publisher\":{\"@id\":\"https:\/\/www.ufi.eu\/ro\/#organization\"},\"potentialAction\":[{\"@type\":\"SearchAction\",\"target\":{\"@type\":\"EntryPoint\",\"urlTemplate\":\"https:\/\/www.ufi.eu\/ro\/?s={search_term_string}\"},\"query-input\":{\"@type\":\"PropertyValueSpecification\",\"valueRequired\":true,\"valueName\":\"search_term_string\"}}],\"inLanguage\":\"ro-RO\"},{\"@type\":\"Organization\",\"@id\":\"https:\/\/www.ufi.eu\/ro\/#organization\",\"name\":\"UFI.EU\",\"url\":\"https:\/\/www.ufi.eu\/ro\/\",\"logo\":{\"@type\":\"ImageObject\",\"inLanguage\":\"ro-RO\",\"@id\":\"https:\/\/www.ufi.eu\/ro\/#\/schema\/logo\/image\/\",\"url\":\"https:\/\/www.ufi.eu\/wp-content\/uploads\/2025\/03\/cropped-logo_ufi3.jpg\",\"contentUrl\":\"https:\/\/www.ufi.eu\/wp-content\/uploads\/2025\/03\/cropped-logo_ufi3.jpg\",\"width\":231,\"height\":78,\"caption\":\"UFI.EU\"},\"image\":{\"@id\":\"https:\/\/www.ufi.eu\/ro\/#\/schema\/logo\/image\/\"},\"description\":\"UFI.eu specializes in digital registrations for Poison Centre Notifications (PCN), ensuring your chemical products meet EU regulatory requirements effortlessly. Our streamlined solutions help businesses stay compliant while reducing complexity and administrative burden.\",\"email\":\"info@ufi.eu\",\"legalName\":\"UFI.EU\"}]}<\/script>\n<meta property=\"product:price:amount\" content=\"0.00\" \/>\n<meta property=\"product:price:currency\" content=\"EUR\" \/>\n<meta property=\"og:availability\" content=\"instock\" \/>\n<meta property=\"product:availability\" content=\"instock\" \/>\n<meta property=\"product:condition\" content=\"new\" \/>\n<!-- \/ Yoast SEO Premium plugin. -->","yoast_head_json":{"title":"Pachet PCN &amp; UFI - UFI","description":"Pachetul PCN & UFI v\u0103 va oferi tot ce ave\u021bi nevoie pentru a \u00eencepe s\u0103 v\u0103 vinde\u021bi produsul \u00een UE.","robots":{"index":"index","follow":"follow","max-snippet":"max-snippet:-1","max-image-preview":"max-image-preview:large","max-video-preview":"max-video-preview:-1"},"canonical":"https:\/\/www.ufi.eu\/ro\/product\/pachet-pcn-ufi\/","og_locale":"ro_RO","og_type":"article","og_title":"Pachet PCN &amp; UFI","og_description":"Pachetul PCN & UFI v\u0103 va oferi tot ce ave\u021bi nevoie pentru a \u00eencepe s\u0103 v\u0103 vinde\u021bi produsul \u00een UE.","og_url":"https:\/\/www.ufi.eu\/ro\/product\/pachet-pcn-ufi\/","og_site_name":"UFI","article_modified_time":"2026-01-09T16:14:25+00:00","og_image":[{"width":1024,"height":1024,"url":"https:\/\/www.ufi.eu\/wp-content\/uploads\/2025\/03\/pcn_ufi.jpg","type":"image\/jpeg"}],"twitter_card":"summary_large_image","twitter_misc":{"Pre\u021b":"&euro;0.00","Disponibilitate":"\u00cen stoc"},"schema":{"@context":"https:\/\/schema.org","@graph":[{"@type":"WebPage","@id":"https:\/\/www.ufi.eu\/ro\/product\/pachet-pcn-ufi\/","url":"https:\/\/www.ufi.eu\/ro\/product\/pachet-pcn-ufi\/","name":"Pachet PCN &amp; UFI - UFI","isPartOf":{"@id":"https:\/\/www.ufi.eu\/ro\/#website"},"primaryImageOfPage":{"@id":"https:\/\/www.ufi.eu\/ro\/product\/pachet-pcn-ufi\/#primaryimage"},"image":{"@id":"https:\/\/www.ufi.eu\/ro\/product\/pachet-pcn-ufi\/#primaryimage"},"thumbnailUrl":"https:\/\/www.ufi.eu\/wp-content\/uploads\/2025\/03\/pcn_ufi.jpg","datePublished":"2025-09-24T14:40:36+00:00","dateModified":"2026-01-09T16:14:25+00:00","description":"Pachetul PCN & UFI v\u0103 va oferi tot ce ave\u021bi nevoie pentru a \u00eencepe s\u0103 v\u0103 vinde\u021bi produsul \u00een UE.","breadcrumb":{"@id":"https:\/\/www.ufi.eu\/ro\/product\/pachet-pcn-ufi\/#breadcrumb"},"inLanguage":"ro-RO","potentialAction":[{"@type":"ReadAction","target":["https:\/\/www.ufi.eu\/ro\/product\/pachet-pcn-ufi\/"]}]},{"@type":"ImageObject","inLanguage":"ro-RO","@id":"https:\/\/www.ufi.eu\/ro\/product\/pachet-pcn-ufi\/#primaryimage","url":"https:\/\/www.ufi.eu\/wp-content\/uploads\/2025\/03\/pcn_ufi.jpg","contentUrl":"https:\/\/www.ufi.eu\/wp-content\/uploads\/2025\/03\/pcn_ufi.jpg","width":1024,"height":1024},{"@type":"BreadcrumbList","@id":"https:\/\/www.ufi.eu\/ro\/product\/pachet-pcn-ufi\/#breadcrumb","itemListElement":[{"@type":"ListItem","position":1,"name":"Home","item":"https:\/\/www.ufi.eu\/ro\/acasa\/"},{"@type":"ListItem","position":2,"name":"Magazin","item":"https:\/\/www.ufi.eu\/ro\/magazin\/"},{"@type":"ListItem","position":3,"name":"Pachet PCN &amp; UFI"}]},{"@type":"WebSite","@id":"https:\/\/www.ufi.eu\/ro\/#website","url":"https:\/\/www.ufi.eu\/ro\/","name":"UFI.EU","description":"Poison Centre Notifications (PCN) and UFI","publisher":{"@id":"https:\/\/www.ufi.eu\/ro\/#organization"},"potentialAction":[{"@type":"SearchAction","target":{"@type":"EntryPoint","urlTemplate":"https:\/\/www.ufi.eu\/ro\/?s={search_term_string}"},"query-input":{"@type":"PropertyValueSpecification","valueRequired":true,"valueName":"search_term_string"}}],"inLanguage":"ro-RO"},{"@type":"Organization","@id":"https:\/\/www.ufi.eu\/ro\/#organization","name":"UFI.EU","url":"https:\/\/www.ufi.eu\/ro\/","logo":{"@type":"ImageObject","inLanguage":"ro-RO","@id":"https:\/\/www.ufi.eu\/ro\/#\/schema\/logo\/image\/","url":"https:\/\/www.ufi.eu\/wp-content\/uploads\/2025\/03\/cropped-logo_ufi3.jpg","contentUrl":"https:\/\/www.ufi.eu\/wp-content\/uploads\/2025\/03\/cropped-logo_ufi3.jpg","width":231,"height":78,"caption":"UFI.EU"},"image":{"@id":"https:\/\/www.ufi.eu\/ro\/#\/schema\/logo\/image\/"},"description":"UFI.eu specializes in digital registrations for Poison Centre Notifications (PCN), ensuring your chemical products meet EU regulatory requirements effortlessly. Our streamlined solutions help businesses stay compliant while reducing complexity and administrative burden.","email":"info@ufi.eu","legalName":"UFI.EU"}]},"product_price_amount":"0.00","product_price_currency":"EUR","og_availability":"instock","product_availability":"instock","product_condition":"new"},"_links":{"self":[{"href":"https:\/\/www.ufi.eu\/ro\/wp-json\/wp\/v2\/product\/31741","targetHints":{"allow":["GET"]}}],"collection":[{"href":"https:\/\/www.ufi.eu\/ro\/wp-json\/wp\/v2\/product"}],"about":[{"href":"https:\/\/www.ufi.eu\/ro\/wp-json\/wp\/v2\/types\/product"}],"wp:featuredmedia":[{"embeddable":true,"href":"https:\/\/www.ufi.eu\/ro\/wp-json\/wp\/v2\/media\/12501"}],"wp:attachment":[{"href":"https:\/\/www.ufi.eu\/ro\/wp-json\/wp\/v2\/media?parent=31741"}],"wp:term":[{"taxonomy":"product_brand","embeddable":true,"href":"https:\/\/www.ufi.eu\/ro\/wp-json\/wp\/v2\/product_brand?post=31741"},{"taxonomy":"product_cat","embeddable":true,"href":"https:\/\/www.ufi.eu\/ro\/wp-json\/wp\/v2\/product_cat?post=31741"},{"taxonomy":"product_tag","embeddable":true,"href":"https:\/\/www.ufi.eu\/ro\/wp-json\/wp\/v2\/product_tag?post=31741"}],"curies":[{"name":"wp","href":"https:\/\/api.w.org\/{rel}","templated":true}]}}