{"id":13359,"date":"2025-03-03T16:34:04","date_gmt":"2025-04-15T21:28:37","guid":{"rendered":"https:\/\/www.ufi.eu\/pcn\/fara-categorie\/pcn-ufi-pentru-adezivi-uz-casnic-scolar-si-de-birou\/"},"modified":"2025-04-15T21:28:37","modified_gmt":"2025-04-15T21:28:37","slug":"pcn-ufi-pentru-adezivi-uz-casnic-scolar-si-de-birou","status":"publish","type":"product","link":"https:\/\/www.ufi.eu\/ro\/product\/pcn-ufi-pentru-adezivi-uz-casnic-scolar-si-de-birou\/","title":{"rendered":"PCN &amp; UFI pentru adezivi &#8211; uz casnic, \u0219colar \u0219i de birou"},"content":{"rendered":"<h2>\u00cenregistrarea adezivilor \u0219i etan\u0219an\u021bilor pentru uz casnic, de birou sau \u0219colar<\/h2>\n<p>\u00cenregistrarea adezivilor \u0219i etan\u0219an\u021bilor pentru uz casnic, de birou sau \u0219colar este esen\u021bial\u0103 pentru a asigura conformitatea cu standardele de reglementare privind siguran\u021ba, etichetarea \u0219i protec\u021bia consumatorilor. Aceste produse, inclusiv adezivi pentru artizanat, adezivi multifunc\u021bionali, be\u021be de lipici, adezivi instant, adezivi pentru lemn, adezivi de contact \u0219i spray-uri adezive, sunt utilizate pe scar\u0103 larg\u0103 \u00een medii cotidiene precum locuin\u021be, \u0219coli \u0219i birouri. \u00cenregistrarea corespunz\u0103toare garanteaz\u0103 c\u0103 aceste produse \u00eendeplinesc standardele de siguran\u021b\u0103 necesare, au o etichetare clar\u0103 cu informa\u021bii privind riscurile \u0219i ofer\u0103 instruc\u021biuni privind utilizarea \u00een condi\u021bii de siguran\u021b\u0103 pentru a proteja consumatorii de eventualele riscuri pentru s\u0103n\u0103tate.  <\/p>\n<h3>Ce este un UFI?<\/h3>\n<p>Un UFI (identificator unic de formul\u0103) este un cod care identific\u0103 compozi\u021bia chimic\u0103 specific\u0103 a unui produs. Acesta trebuie inclus pe eticheta produsului \u0219i este obligatoriu prin lege ca parte a notific\u0103rii centrului de otr\u0103vire (PCN). UFI ajut\u0103 intervenien\u021bii de urgen\u021b\u0103 s\u0103 identifice rapid produsul \u0219i s\u0103 evalueze riscul \u00een timpul incidentelor de expunere chimic\u0103 sau otr\u0103vire.  <\/p>\n<h3>Ce este o PCN?<\/h3>\n<p>O NCP (notificare a centrului de otr\u0103vire) este o cerin\u021b\u0103 de reglementare pentru produc\u0103torii \u0219i distribuitorii de produse periculoase de a notifica centrul de otr\u0103vire al UE cu privire la compozi\u021bia \u0219i pericolele poten\u021biale ale produselor lor. Pentru adezivi \u0219i materiale de etan\u0219are, NCP garanteaz\u0103 c\u0103 ingredientele chimice ale produsului, clasificarea pericolelor \u0219i instruc\u021biunile de utilizare \u00een condi\u021bii de siguran\u021b\u0103 sunt disponibile pentru furnizorii de asisten\u021b\u0103 medical\u0103 \u0219i pentru interven\u021biile de urgen\u021b\u0103 \u00een caz de expunere sau otr\u0103vire. <\/p>\n<h3>Ce este CLP?<\/h3>\n<p>CLP (clasificare, etichetare \u0219i ambalare) este un regulament UE care clasific\u0103 substan\u021bele chimice \u00een func\u021bie de pericolele pe care le prezint\u0103 \u0219i se asigur\u0103 c\u0103 acestea sunt etichetate cu avertismente de siguran\u021b\u0103 \u0219i simboluri de pericol adecvate. Pentru adezivi \u0219i etan\u0219an\u021bi, regulamentul CLP impune ca eticheta produsului s\u0103 includ\u0103 informa\u021bii clare privind pericolele poten\u021biale, cum ar fi iritarea pielii, toxicitatea sau inflamabilitatea. Acest lucru ajut\u0103 utilizatorii s\u0103 manipuleze produsele \u00een siguran\u021b\u0103 \u0219i reduce riscul de accidente.  <\/p>\n<h3>Ce este Centrul pentru intoxica\u021bii al UE?<\/h3>\n<p>Centrul UE pentru intoxica\u021bii este un organism central care gestioneaz\u0103 datele referitoare la produsele periculoase din \u00eentreaga Uniune European\u0103. Acesta joac\u0103 un rol esen\u021bial \u00een asigurarea siguran\u021bei prin furnizarea de informa\u021bii esen\u021biale intervenien\u021bilor de urgen\u021b\u0103 \u00een timpul incidentelor de expunere. Produc\u0103torii trebuie s\u0103 notifice Centrul pentru intoxica\u021bii cu privire la produsele lor periculoase, asigur\u00e2ndu-se c\u0103 aceste date esen\u021biale sunt disponibile atunci c\u00e2nd este necesar.  <\/p>\n<h3>De ce este nevoie de acest lucru?<\/h3>\n<p>\u00cenregistrarea adezivilor \u0219i a materialelor de etan\u0219are pentru uz casnic, de birou sau \u0219colar la Centrul pentru intoxica\u021bii garanteaz\u0103 faptul c\u0103 produsele sunt sigure pentru consumatori \u0219i clasificate corespunz\u0103tor \u00een func\u021bie de pericolele lor. Acest lucru le ofer\u0103 intervenien\u021bilor de urgen\u021b\u0103 datele necesare pentru a gestiona eficient incidentele de expunere. Deoarece adezivii \u0219i etan\u0219an\u021bii pot prezenta riscuri pentru s\u0103n\u0103tate dac\u0103 nu sunt manipula\u021bi \u00een mod corespunz\u0103tor, este esen\u021bial s\u0103 se respecte reglement\u0103rile pentru a minimiza accidentele \u0219i a proteja utilizatorii de eventualele v\u0103t\u0103m\u0103ri.  <\/p>\n<h3>De c\u00e2nd este aceasta obligatorie din punct de vedere juridic?<\/h3>\n<p>Obliga\u021bia legal\u0103 de a transmite un NCP pentru produsele periculoase, inclusiv adezivii \u0219i etan\u0219an\u021bii, a devenit obligatorie la 1 ianuarie 2021. De la aceast\u0103 dat\u0103, to\u021bi produc\u0103torii \u0219i distribuitorii trebuie s\u0103 se asigure c\u0103 produsele lor respect\u0103 standardele de siguran\u021b\u0103 ale UE \u0219i s\u0103 transmit\u0103 informa\u021biile necesare c\u0103tre Centrul European pentru Intoxica\u021bii \u00eenainte de a le introduce pe pia\u021b\u0103. <\/p>\n<h2>\u00ceNTREB\u0102RI FRECVENTE<\/h2>\n<h3>\u00centrebare: Ce este un UFI \u0219i de ce am nevoie de el pentru produsul meu?<\/h3>\n<p>R\u0103spuns: Un UFI (Unique Formula Identifier) este un cod care identific\u0103 \u00een mod unic compozi\u021bia chimic\u0103 a produsului dumneavoastr\u0103. Acesta este obligatoriu prin lege \u0219i trebuie inclus pe eticheta produsului dumneavoastr\u0103. UFI permite interven\u021biilor de urgen\u021b\u0103 s\u0103 acceseze rapid informa\u021bii esen\u021biale privind siguran\u021ba \u00een cazul unui incident de expunere sau otr\u0103vire.  <\/p>\n<h3>\u00centrebare: Ce presupune o NCP pentru adezivi \u0219i etan\u0219an\u021bi?<\/h3>\n<p>R\u0103spuns: O PCN (Poison Centre Notification) presupune notificarea Centrului pentru intoxica\u021bii al UE cu privire la ingredientele \u0219i pericolele asociate produsului dumneavoastr\u0103. Acest lucru permite interven\u021biilor de urgen\u021b\u0103 s\u0103 aib\u0103 acces la informa\u021bii detaliate privind siguran\u021ba produsului, ajut\u00e2ndu-i s\u0103 r\u0103spund\u0103 eficient la incidentele de expunere chimic\u0103 sau otr\u0103vire. <\/p>\n<h3>\u00centrebare: Ce este CLP \u0219i cum se aplic\u0103 la adezivi \u0219i etan\u0219an\u021bi?<\/h3>\n<p>R\u0103spuns: CLP (clasificare, etichetare \u0219i ambalare) este un regulament UE care clasific\u0103 produsele chimice \u00een func\u021bie de pericolele pe care le prezint\u0103 \u0219i impune etichetarea clar\u0103 cu pictograme de pericol, cuvinte de avertizare \u0219i instruc\u021biuni de siguran\u021b\u0103. Adezivii \u0219i etan\u0219an\u021bii trebuie s\u0103 respecte CLP pentru a se asigura c\u0103 utilizatorii sunt informa\u021bi cu privire la riscurile poten\u021biale \u0219i pot manipula produsele \u00een siguran\u021b\u0103. <\/p>\n<h3>\u00centrebare: Ce rol joac\u0103 Centrul European pentru Intoxica\u021bii \u00een materie de siguran\u021b\u0103?<\/h3>\n<p>R\u0103spuns: Centrul pentru intoxica\u021bii al UE colecteaz\u0103 \u0219i prelucreaz\u0103 date privind siguran\u021ba produselor periculoase. Acesta furnizeaz\u0103 informa\u021bii esen\u021biale furnizorilor de asisten\u021b\u0103 medical\u0103 \u0219i intervenien\u021bilor de urgen\u021b\u0103 \u00een timpul incidentelor de expunere, asigur\u00e2ndu-se c\u0103 ace\u0219tia pot gestiona \u00een mod eficient eventualele intoxica\u021bii sau riscuri pentru s\u0103n\u0103tate legate de produsele chimice. <\/p>\n<h3>\u00centrebare: De ce este necesar\u0103 \u00eenregistrarea adezivilor \u0219i etan\u0219an\u021bilor pentru uz casnic, de birou sau \u0219colar?<\/h3>\n<p>R\u0103spuns: \u00cenregistrarea asigur\u0103 faptul c\u0103 adezivii \u0219i etan\u0219an\u021bii \u00eendeplinesc standardele de siguran\u021b\u0103 \u0219i sunt clasifica\u021bi \u00een mod corespunz\u0103tor pentru utilizarea \u00een medii cotidiene. Aceasta furnizeaz\u0103 informa\u021biile necesare pentru a asigura siguran\u021ba consumatorilor \u0219i permite reac\u021bii rapide \u0219i precise \u00een caz de incidente de expunere sau otr\u0103vire. <\/p>\n<h3>\u00centrebare: De c\u00e2nd este obligatorie notificarea PCN?<\/h3>\n<p>R\u0103spuns: Cerin\u021ba privind notific\u0103rile PCN a devenit obligatorie la 1 ianuarie 2021. To\u021bi produc\u0103torii \u0219i distribuitorii de produse periculoase, inclusiv adezivi \u0219i etan\u0219an\u021bi, trebuie s\u0103 asigure conformitatea cu aceste reglement\u0103ri \u00eenainte de a-\u0219i introduce produsele pe pia\u021ba UE. <\/p>\n","protected":false},"excerpt":{"rendered":"<p>\u00cenregistrarea adezivilor \u0219i etan\u0219an\u021bilor pentru uz casnic, de birou sau \u0219colar \u00cenregistrarea adezivilor \u0219i etan\u0219an\u021bilor pentru uz casnic, de birou sau \u0219colar este esen\u021bial\u0103 pentru a asigura conformitatea cu standardele de reglementare privind siguran\u021ba, etichetarea \u0219i protec\u021bia consumatorilor. Aceste produse, inclusiv adezivi pentru artizanat, adezivi multifunc\u021bionali, be\u021be de lipici, adezivi instant, adezivi pentru lemn, adezivi [&hellip;]<\/p>\n","protected":false},"featured_media":13360,"template":"","meta":[],"product_brand":[],"product_cat":[529],"product_tag":[],"class_list":{"0":"post-13359","1":"product","2":"type-product","3":"status-publish","4":"has-post-thumbnail","6":"product_cat-adezivi-si-etansanti","8":"first","9":"instock","10":"virtual","11":"taxable","12":"purchasable","13":"product-type-bundle"},"bundled_by":[],"bundle_stock_status":"instock","bundle_stock_quantity":"","bundle_virtual":false,"bundle_layout":"default","bundle_add_to_cart_form_location":"default","bundle_editable_in_cart":false,"bundle_sold_individually_context":"product","bundle_item_grouping":"parent","bundle_min_size":"","bundle_max_size":"","bundle_price":{"price":{"min":{"incl_tax":"121","excl_tax":"100"},"max":{"incl_tax":"","excl_tax":""}},"regular_price":{"min":{"incl_tax":"121","excl_tax":"100"},"max":{"incl_tax":"","excl_tax":""}}},"bundled_items":[{"bundled_item_id":1982,"product_id":12566,"menu_order":0,"quantity_min":1,"quantity_max":1,"quantity_default":1,"priced_individually":true,"shipped_individually":true,"override_title":false,"title":"Notificarea Centrului pentru otr\u0103viri &amp; UFI","override_description":false,"description":"Notificarea Centrului pentru otr\u0103viri &amp; UFI","optional":false,"hide_thumbnail":false,"discount":"","override_variations":false,"allowed_variations":[""],"override_default_variation_attributes":false,"default_variation_attributes":[],"single_product_visibility":"visible","cart_visibility":"visible","order_visibility":"visible","single_product_price_visibility":"visible","cart_price_visibility":"visible","order_price_visibility":"visible","stock_status":"in_stock"},{"bundled_item_id":1983,"product_id":12561,"menu_order":1,"quantity_min":1,"quantity_max":"","quantity_default":1,"priced_individually":true,"shipped_individually":true,"override_title":false,"title":"\u021a\u0103ri pentru \u00eenregistrarea PCN","override_description":false,"description":"\u021a\u0103ri pentru \u00eenregistrarea PCN","optional":false,"hide_thumbnail":false,"discount":"","override_variations":false,"allowed_variations":[""],"override_default_variation_attributes":false,"default_variation_attributes":[],"single_product_visibility":"visible","cart_visibility":"visible","order_visibility":"visible","single_product_price_visibility":"visible","cart_price_visibility":"visible","order_price_visibility":"visible","stock_status":"in_stock"},{"bundled_item_id":12960,"product_id":12504,"menu_order":2,"quantity_min":0,"quantity_max":1,"quantity_default":1,"priced_individually":true,"shipped_individually":true,"override_title":false,"title":"Crearea fi\u0219ei cu date de securitate","override_description":false,"description":"Crearea fi\u0219ei cu date de securitate","optional":false,"hide_thumbnail":false,"discount":"","override_variations":false,"allowed_variations":[""],"override_default_variation_attributes":false,"default_variation_attributes":[],"single_product_visibility":"visible","cart_visibility":"visible","order_visibility":"visible","single_product_price_visibility":"visible","cart_price_visibility":"visible","order_price_visibility":"visible","stock_status":"in_stock"},{"bundled_item_id":12961,"product_id":12498,"menu_order":3,"quantity_min":0,"quantity_max":"","quantity_default":1,"priced_individually":true,"shipped_individually":false,"override_title":false,"title":"Traducerea fi\u0219ei cu date de securitate","override_description":false,"description":"Traducerea fi\u0219ei cu date de securitate","optional":false,"hide_thumbnail":false,"discount":"","override_variations":false,"allowed_variations":[""],"override_default_variation_attributes":false,"default_variation_attributes":[],"single_product_visibility":"visible","cart_visibility":"visible","order_visibility":"visible","single_product_price_visibility":"visible","cart_price_visibility":"visible","order_price_visibility":"visible","stock_status":"in_stock"}],"bundle_sell_ids":[],"yoast_head":"<!-- This site is optimized with the Yoast SEO Premium plugin v25.1 (Yoast SEO v25.1) - https:\/\/yoast.com\/wordpress\/plugins\/seo\/ -->\n<title>PCN &amp; UFI pentru adezivi - uz casnic, \u0219colar \u0219i de birou - UFI<\/title>\n<meta name=\"description\" content=\"\u00cenregistrarea adezivilor \u0219i etan\u0219an\u021bilor pentru uz casnic, de birou sau \u0219colar este esen\u021bial\u0103 pentru a asigura conformitatea cu standardele de reglementare privind siguran\u021ba, etichetarea \u0219i protec\u021bia consumatorilor.\" \/>\n<meta name=\"robots\" content=\"index, follow, max-snippet:-1, max-image-preview:large, max-video-preview:-1\" \/>\n<link rel=\"canonical\" href=\"https:\/\/www.ufi.eu\/ro\/product\/pcn-ufi-pentru-adezivi-uz-casnic-scolar-si-de-birou\/\" \/>\n<meta property=\"og:locale\" content=\"ro_RO\" \/>\n<meta property=\"og:type\" content=\"article\" \/>\n<meta property=\"og:title\" content=\"PCN &amp; UFI pentru adezivi - uz casnic, \u0219colar \u0219i de birou\" \/>\n<meta property=\"og:description\" content=\"\u00cenregistrarea adezivilor \u0219i etan\u0219an\u021bilor pentru uz casnic, de birou sau \u0219colar este esen\u021bial\u0103 pentru a asigura conformitatea cu standardele de reglementare privind siguran\u021ba, etichetarea \u0219i protec\u021bia consumatorilor.\" \/>\n<meta property=\"og:url\" content=\"https:\/\/www.ufi.eu\/ro\/product\/pcn-ufi-pentru-adezivi-uz-casnic-scolar-si-de-birou\/\" \/>\n<meta property=\"og:site_name\" content=\"UFI\" \/>\n<meta property=\"og:image\" content=\"https:\/\/www.ufi.eu\/wp-content\/uploads\/2025\/03\/PC-ADH-1.jpg\" \/>\n\t<meta property=\"og:image:width\" content=\"1024\" \/>\n\t<meta property=\"og:image:height\" content=\"1024\" \/>\n\t<meta property=\"og:image:type\" content=\"image\/jpeg\" \/>\n<meta name=\"twitter:card\" content=\"summary_large_image\" \/>\n<meta name=\"twitter:label1\" content=\"Pre\u021b\" \/>\n\t<meta name=\"twitter:data1\" content=\"&euro;0.00\" \/>\n\t<meta name=\"twitter:label2\" content=\"Disponibilitate\" \/>\n\t<meta name=\"twitter:data2\" content=\"\u00cen stoc\" \/>\n<script type=\"application\/ld+json\" class=\"yoast-schema-graph\">{\"@context\":\"https:\/\/schema.org\",\"@graph\":[{\"@type\":\"WebPage\",\"@id\":\"https:\/\/www.ufi.eu\/ro\/product\/pcn-ufi-pentru-adezivi-uz-casnic-scolar-si-de-birou\/\",\"url\":\"https:\/\/www.ufi.eu\/ro\/product\/pcn-ufi-pentru-adezivi-uz-casnic-scolar-si-de-birou\/\",\"name\":\"PCN &amp; UFI pentru adezivi - uz casnic, \u0219colar \u0219i de birou - UFI\",\"isPartOf\":{\"@id\":\"https:\/\/www.ufi.eu\/ro\/#website\"},\"primaryImageOfPage\":{\"@id\":\"https:\/\/www.ufi.eu\/ro\/product\/pcn-ufi-pentru-adezivi-uz-casnic-scolar-si-de-birou\/#primaryimage\"},\"image\":{\"@id\":\"https:\/\/www.ufi.eu\/ro\/product\/pcn-ufi-pentru-adezivi-uz-casnic-scolar-si-de-birou\/#primaryimage\"},\"thumbnailUrl\":\"https:\/\/www.ufi.eu\/wp-content\/uploads\/2025\/03\/PC-ADH-1.jpg\",\"datePublished\":\"2025-04-15T21:28:37+00:00\",\"description\":\"\u00cenregistrarea adezivilor \u0219i etan\u0219an\u021bilor pentru uz casnic, de birou sau \u0219colar este esen\u021bial\u0103 pentru a asigura conformitatea cu standardele de reglementare privind siguran\u021ba, etichetarea \u0219i protec\u021bia consumatorilor.\",\"breadcrumb\":{\"@id\":\"https:\/\/www.ufi.eu\/ro\/product\/pcn-ufi-pentru-adezivi-uz-casnic-scolar-si-de-birou\/#breadcrumb\"},\"inLanguage\":\"ro-RO\",\"potentialAction\":[{\"@type\":\"ReadAction\",\"target\":[\"https:\/\/www.ufi.eu\/ro\/product\/pcn-ufi-pentru-adezivi-uz-casnic-scolar-si-de-birou\/\"]}]},{\"@type\":\"ImageObject\",\"inLanguage\":\"ro-RO\",\"@id\":\"https:\/\/www.ufi.eu\/ro\/product\/pcn-ufi-pentru-adezivi-uz-casnic-scolar-si-de-birou\/#primaryimage\",\"url\":\"https:\/\/www.ufi.eu\/wp-content\/uploads\/2025\/03\/PC-ADH-1.jpg\",\"contentUrl\":\"https:\/\/www.ufi.eu\/wp-content\/uploads\/2025\/03\/PC-ADH-1.jpg\",\"width\":1024,\"height\":1024},{\"@type\":\"BreadcrumbList\",\"@id\":\"https:\/\/www.ufi.eu\/ro\/product\/pcn-ufi-pentru-adezivi-uz-casnic-scolar-si-de-birou\/#breadcrumb\",\"itemListElement\":[{\"@type\":\"ListItem\",\"position\":1,\"name\":\"Home\",\"item\":\"https:\/\/www.ufi.eu\/ro\/acasa\/\"},{\"@type\":\"ListItem\",\"position\":2,\"name\":\"Magazin\",\"item\":\"https:\/\/www.ufi.eu\/ro\/magazin\/\"},{\"@type\":\"ListItem\",\"position\":3,\"name\":\"PCN &amp; UFI pentru adezivi &#8211; uz casnic, \u0219colar \u0219i de birou\"}]},{\"@type\":\"WebSite\",\"@id\":\"https:\/\/www.ufi.eu\/ro\/#website\",\"url\":\"https:\/\/www.ufi.eu\/ro\/\",\"name\":\"UFI.EU\",\"description\":\"Poison Centre Notifications (PCN) and UFI\",\"publisher\":{\"@id\":\"https:\/\/www.ufi.eu\/ro\/#organization\"},\"potentialAction\":[{\"@type\":\"SearchAction\",\"target\":{\"@type\":\"EntryPoint\",\"urlTemplate\":\"https:\/\/www.ufi.eu\/ro\/?s={search_term_string}\"},\"query-input\":{\"@type\":\"PropertyValueSpecification\",\"valueRequired\":true,\"valueName\":\"search_term_string\"}}],\"inLanguage\":\"ro-RO\"},{\"@type\":\"Organization\",\"@id\":\"https:\/\/www.ufi.eu\/ro\/#organization\",\"name\":\"UFI.EU\",\"url\":\"https:\/\/www.ufi.eu\/ro\/\",\"logo\":{\"@type\":\"ImageObject\",\"inLanguage\":\"ro-RO\",\"@id\":\"https:\/\/www.ufi.eu\/ro\/#\/schema\/logo\/image\/\",\"url\":\"https:\/\/www.ufi.eu\/wp-content\/uploads\/2025\/03\/cropped-logo_ufi3.jpg\",\"contentUrl\":\"https:\/\/www.ufi.eu\/wp-content\/uploads\/2025\/03\/cropped-logo_ufi3.jpg\",\"width\":231,\"height\":78,\"caption\":\"UFI.EU\"},\"image\":{\"@id\":\"https:\/\/www.ufi.eu\/ro\/#\/schema\/logo\/image\/\"},\"description\":\"UFI.eu specializes in digital registrations for Poison Centre Notifications (PCN), ensuring your chemical products meet EU regulatory requirements effortlessly. Our streamlined solutions help businesses stay compliant while reducing complexity and administrative burden.\",\"email\":\"info@ufi.eu\",\"legalName\":\"UFI.EU\"}]}<\/script>\n<meta property=\"product:price:amount\" content=\"0.00\" \/>\n<meta property=\"product:price:currency\" content=\"EUR\" \/>\n<meta property=\"og:availability\" content=\"instock\" \/>\n<meta property=\"product:availability\" content=\"instock\" \/>\n<meta property=\"product:retailer_item_id\" content=\"PC-ADH-1\" \/>\n<meta property=\"product:condition\" content=\"new\" \/>\n<!-- \/ Yoast SEO Premium plugin. -->","yoast_head_json":{"title":"PCN &amp; UFI pentru adezivi - uz casnic, \u0219colar \u0219i de birou - UFI","description":"\u00cenregistrarea adezivilor \u0219i etan\u0219an\u021bilor pentru uz casnic, de birou sau \u0219colar este esen\u021bial\u0103 pentru a asigura conformitatea cu standardele de reglementare privind siguran\u021ba, etichetarea \u0219i protec\u021bia consumatorilor.","robots":{"index":"index","follow":"follow","max-snippet":"max-snippet:-1","max-image-preview":"max-image-preview:large","max-video-preview":"max-video-preview:-1"},"canonical":"https:\/\/www.ufi.eu\/ro\/product\/pcn-ufi-pentru-adezivi-uz-casnic-scolar-si-de-birou\/","og_locale":"ro_RO","og_type":"article","og_title":"PCN &amp; UFI pentru adezivi - uz casnic, \u0219colar \u0219i de birou","og_description":"\u00cenregistrarea adezivilor \u0219i etan\u0219an\u021bilor pentru uz casnic, de birou sau \u0219colar este esen\u021bial\u0103 pentru a asigura conformitatea cu standardele de reglementare privind siguran\u021ba, etichetarea \u0219i protec\u021bia consumatorilor.","og_url":"https:\/\/www.ufi.eu\/ro\/product\/pcn-ufi-pentru-adezivi-uz-casnic-scolar-si-de-birou\/","og_site_name":"UFI","og_image":[{"width":1024,"height":1024,"url":"https:\/\/www.ufi.eu\/wp-content\/uploads\/2025\/03\/PC-ADH-1.jpg","type":"image\/jpeg"}],"twitter_card":"summary_large_image","twitter_misc":{"Pre\u021b":"&euro;0.00","Disponibilitate":"\u00cen stoc"},"schema":{"@context":"https:\/\/schema.org","@graph":[{"@type":"WebPage","@id":"https:\/\/www.ufi.eu\/ro\/product\/pcn-ufi-pentru-adezivi-uz-casnic-scolar-si-de-birou\/","url":"https:\/\/www.ufi.eu\/ro\/product\/pcn-ufi-pentru-adezivi-uz-casnic-scolar-si-de-birou\/","name":"PCN &amp; UFI pentru adezivi - uz casnic, \u0219colar \u0219i de birou - UFI","isPartOf":{"@id":"https:\/\/www.ufi.eu\/ro\/#website"},"primaryImageOfPage":{"@id":"https:\/\/www.ufi.eu\/ro\/product\/pcn-ufi-pentru-adezivi-uz-casnic-scolar-si-de-birou\/#primaryimage"},"image":{"@id":"https:\/\/www.ufi.eu\/ro\/product\/pcn-ufi-pentru-adezivi-uz-casnic-scolar-si-de-birou\/#primaryimage"},"thumbnailUrl":"https:\/\/www.ufi.eu\/wp-content\/uploads\/2025\/03\/PC-ADH-1.jpg","datePublished":"2025-04-15T21:28:37+00:00","description":"\u00cenregistrarea adezivilor \u0219i etan\u0219an\u021bilor pentru uz casnic, de birou sau \u0219colar este esen\u021bial\u0103 pentru a asigura conformitatea cu standardele de reglementare privind siguran\u021ba, etichetarea \u0219i protec\u021bia consumatorilor.","breadcrumb":{"@id":"https:\/\/www.ufi.eu\/ro\/product\/pcn-ufi-pentru-adezivi-uz-casnic-scolar-si-de-birou\/#breadcrumb"},"inLanguage":"ro-RO","potentialAction":[{"@type":"ReadAction","target":["https:\/\/www.ufi.eu\/ro\/product\/pcn-ufi-pentru-adezivi-uz-casnic-scolar-si-de-birou\/"]}]},{"@type":"ImageObject","inLanguage":"ro-RO","@id":"https:\/\/www.ufi.eu\/ro\/product\/pcn-ufi-pentru-adezivi-uz-casnic-scolar-si-de-birou\/#primaryimage","url":"https:\/\/www.ufi.eu\/wp-content\/uploads\/2025\/03\/PC-ADH-1.jpg","contentUrl":"https:\/\/www.ufi.eu\/wp-content\/uploads\/2025\/03\/PC-ADH-1.jpg","width":1024,"height":1024},{"@type":"BreadcrumbList","@id":"https:\/\/www.ufi.eu\/ro\/product\/pcn-ufi-pentru-adezivi-uz-casnic-scolar-si-de-birou\/#breadcrumb","itemListElement":[{"@type":"ListItem","position":1,"name":"Home","item":"https:\/\/www.ufi.eu\/ro\/acasa\/"},{"@type":"ListItem","position":2,"name":"Magazin","item":"https:\/\/www.ufi.eu\/ro\/magazin\/"},{"@type":"ListItem","position":3,"name":"PCN &amp; UFI pentru adezivi &#8211; uz casnic, \u0219colar \u0219i de birou"}]},{"@type":"WebSite","@id":"https:\/\/www.ufi.eu\/ro\/#website","url":"https:\/\/www.ufi.eu\/ro\/","name":"UFI.EU","description":"Poison Centre Notifications (PCN) and UFI","publisher":{"@id":"https:\/\/www.ufi.eu\/ro\/#organization"},"potentialAction":[{"@type":"SearchAction","target":{"@type":"EntryPoint","urlTemplate":"https:\/\/www.ufi.eu\/ro\/?s={search_term_string}"},"query-input":{"@type":"PropertyValueSpecification","valueRequired":true,"valueName":"search_term_string"}}],"inLanguage":"ro-RO"},{"@type":"Organization","@id":"https:\/\/www.ufi.eu\/ro\/#organization","name":"UFI.EU","url":"https:\/\/www.ufi.eu\/ro\/","logo":{"@type":"ImageObject","inLanguage":"ro-RO","@id":"https:\/\/www.ufi.eu\/ro\/#\/schema\/logo\/image\/","url":"https:\/\/www.ufi.eu\/wp-content\/uploads\/2025\/03\/cropped-logo_ufi3.jpg","contentUrl":"https:\/\/www.ufi.eu\/wp-content\/uploads\/2025\/03\/cropped-logo_ufi3.jpg","width":231,"height":78,"caption":"UFI.EU"},"image":{"@id":"https:\/\/www.ufi.eu\/ro\/#\/schema\/logo\/image\/"},"description":"UFI.eu specializes in digital registrations for Poison Centre Notifications (PCN), ensuring your chemical products meet EU regulatory requirements effortlessly. Our streamlined solutions help businesses stay compliant while reducing complexity and administrative burden.","email":"info@ufi.eu","legalName":"UFI.EU"}]},"product_price_amount":"0.00","product_price_currency":"EUR","og_availability":"instock","product_availability":"instock","product_retailer_item_id":"PC-ADH-1","product_condition":"new"},"_links":{"self":[{"href":"https:\/\/www.ufi.eu\/ro\/wp-json\/wp\/v2\/product\/13359","targetHints":{"allow":["GET"]}}],"collection":[{"href":"https:\/\/www.ufi.eu\/ro\/wp-json\/wp\/v2\/product"}],"about":[{"href":"https:\/\/www.ufi.eu\/ro\/wp-json\/wp\/v2\/types\/product"}],"wp:featuredmedia":[{"embeddable":true,"href":"https:\/\/www.ufi.eu\/ro\/wp-json\/wp\/v2\/media\/13360"}],"wp:attachment":[{"href":"https:\/\/www.ufi.eu\/ro\/wp-json\/wp\/v2\/media?parent=13359"}],"wp:term":[{"taxonomy":"product_brand","embeddable":true,"href":"https:\/\/www.ufi.eu\/ro\/wp-json\/wp\/v2\/product_brand?post=13359"},{"taxonomy":"product_cat","embeddable":true,"href":"https:\/\/www.ufi.eu\/ro\/wp-json\/wp\/v2\/product_cat?post=13359"},{"taxonomy":"product_tag","embeddable":true,"href":"https:\/\/www.ufi.eu\/ro\/wp-json\/wp\/v2\/product_tag?post=13359"}],"curies":[{"name":"wp","href":"https:\/\/api.w.org\/{rel}","templated":true}]}}