{"id":12809,"date":"2025-04-15T20:37:11","date_gmt":"2025-04-15T20:37:11","guid":{"rendered":"https:\/\/www.ufi.eu\/pcn\/fara-categorie\/pcn-ufi-pentru-societatile-din-afara-ue\/"},"modified":"2025-04-15T20:37:16","modified_gmt":"2025-04-15T20:37:16","slug":"pcn-ufi-pentru-societatile-din-afara-ue","status":"publish","type":"product","link":"https:\/\/www.ufi.eu\/ro\/product\/pcn-ufi-pentru-societatile-din-afara-ue\/","title":{"rendered":"PCN &amp; UFI pentru societ\u0103\u021bile din afara UE"},"content":{"rendered":"\n<p>Extinderea pe pia\u021ba UE ofer\u0103 oportunit\u0103\u021bi interesante, dar vine \u0219i cu obliga\u021bii stricte de reglementare. Dac\u0103 societatea dumneavoastr\u0103 are sediul \u00een afara UE\/SEE sau a Irlandei de Nord \u0219i inten\u021biona\u021bi s\u0103 vinde\u021bi \u00een UE amestecuri chimice precum produse cosmetice, produse de cur\u0103\u021bare sau alte articole reglementate, va trebui s\u0103 \u00eendeplini\u021bi cerin\u021bele specifice de conformitate prev\u0103zute de Regulamentul CLP (CE nr. 1272\/2008), inclusiv notificarea centrului antipoison (PCN) \u0219i utilizarea unui identificator unic de formul\u0103 (UFI). <\/p>\n\n<p>\u00cen calitate de \u00eentreprindere din afara UE, nu vi se permite s\u0103 depune\u021bi direct o NCP &#8211; dar <strong>v\u0103 putem ajuta<\/strong>. Oferim asisten\u021b\u0103 complet\u0103 \u00een ceea ce prive\u0219te <strong>orient\u0103rile de reglementare \u0219i preg\u0103tirea unei etichete conforme<\/strong>, ajut\u00e2ndu-v\u0103 s\u0103 naviga\u021bi cu \u00eencredere prin legisla\u021bia UE \u0219i s\u0103 intra\u021bi pe pia\u021ba european\u0103 \u00een mod profesionist \u0219i eficient. <\/p>\n\n<p>\u00cen cazul \u00een care societatea dumneavoastr\u0103 este situat\u0103 \u00een afara UE\/SEE sau a Irlandei de Nord, nu vi se permite s\u0103 transmite\u021bi direct o notificare c\u0103tre un centru pentru intoxica\u021bii (PCN) \u00een temeiul anexei VIII la Regulamentul (CE) nr. 1272\/2008 (Regulamentul CLP).  <\/p>\n\n<h2 class=\"wp-block-heading\" id=\"h-non-eu-companies-must-appoint-an-eu-based-contact\">Societ\u0103\u021bile din afara UE trebuie s\u0103 desemneze o persoan\u0103 de contact cu sediul \u00een UE<\/h2>\n\n<p>V\u0103 rug\u0103m s\u0103 re\u021bine\u021bi: <strong>societ\u0103\u021bile din afara UE nu au dreptul s\u0103 depun\u0103 ele \u00eensele o NCP.<\/strong><br\/>Pentru a respecta legisla\u021bia UE, trebuie s\u0103 desemna\u021bi un:<\/p>\n\n<ul class=\"wp-block-list\">\n<li><strong>Importator UE<\/strong>, sau<\/li>\n\n\n\n<li><strong>&#8220;Utilizator din aval&#8221; cu sediul \u00een UE sau reprezentant unic<\/strong><\/li>\n<\/ul>\n\n<p>Aceast\u0103 entitate desemnat\u0103 va fi responsabil\u0103 de transmiterea NCP \u0219i trebuie s\u0103 fie men\u021bionat\u0103 \u00een notificare. V\u0103 putem ajuta s\u0103 v\u0103 face\u021bi produsul compatibil. <\/p>\n\n<h2 class=\"wp-block-heading\">Cum func\u021bioneaz\u0103 serviciul de creare a UFI \u0219i de notificare a PCN?<\/h2>\n\n<p>Dup\u0103 achizi\u021bionarea acestui serviciu, ve\u021bi primi acces la portalul securizat. Acest portal con\u021bine o prezentare general\u0103 a tuturor etapelor.  Completa\u021bi detaliile produsului dvs. \u0219i ne vom apuca de treab\u0103.<\/p>\n\n<h3 class=\"wp-block-heading\">Notificarea Centrului pentru otr\u0103viri &amp; UFI<\/h3>\n\n<p>Vom furniza:<\/p>\n\n<ul class=\"wp-block-list\">\n<li>Identificatorul unic de formul\u0103 (UFI) al produsului dumneavoastr\u0103<\/li>\n\n\n\n<li>Un raport PCN (Poison Centre Notification)<\/li>\n\n\n\n<li>\u00cenregistrarea produsului dumneavoastr\u0103 la centrele na\u021bionale antitoxice relevante prin intermediul ECHA.<\/li>\n<\/ul>\n\n<h3 class=\"wp-block-heading\">\u021a\u0103ri pentru \u00eenregistrarea PCN<\/h3>\n\n<p>Num\u0103ra\u021bi num\u0103rul de \u021b\u0103ri \u00een care dori\u021bi s\u0103 v\u0103 \u00eenregistra\u021bi produsul. Ve\u021bi putea selecta \u021b\u0103rile specifice \u00een cadrul portalului. \u021a\u0103rile suplimentare pot fi ad\u0103ugate la o dat\u0103 ulterioar\u0103 \u0219i pute\u021bi oric\u00e2nd s\u0103 comanda\u021bi <a href=\"https:\/\/www.ufi.eu\/ro\/pcn\/tari\/tari-pentru-inregistrarea-pcn\/\" target=\"_blank\" rel=\"noreferrer noopener\">\u00eenregistr\u0103ri suplimentare de \u021b\u0103ri PCN<\/a>.  <\/p>\n\n<h3 class=\"wp-block-heading\">Informa\u021bii privind eticheta CLP<\/h3>\n\n<p>Oferim op\u021biunea de a achizi\u021biona o etichet\u0103 de produs conform\u0103 cu CLP, care con\u021bine toate informa\u021biile obligatorii prev\u0103zute de Regulamentul CLP al UE. Aceasta va fi furnizat\u0103 \u00een format PDF, permi\u021b\u00e2ndu-v\u0103 s\u0103 integra\u021bi informa\u021biile necesare \u00een designul etichetei produsului dumneavoastr\u0103. De asemenea, pute\u021bi comanda separat <a href=\"https:\/\/www.ufi.eu\/ro\/pcn\/eticheta-clp\/crearea-etichetei-clp-si-verificarea-conformitatii\/\" target=\"_blank\" rel=\"noreferrer noopener\">informa\u021biile de pe eticheta CLP<\/a>. Ave\u021bi deja o etichet\u0103? &#8211; V\u0103 putem revizui eticheta \u00een conformitate cu cerin\u021bele CLP actuale. Vom oferi feedback detaliat \u0219i corec\u021bii pentru a ne asigura c\u0103 eticheta dvs. \u00eendepline\u0219te toate standardele de reglementare.     <\/p>\n","protected":false},"excerpt":{"rendered":"<p>Extinderea pe pia\u021ba UE ofer\u0103 oportunit\u0103\u021bi interesante, dar vine \u0219i cu obliga\u021bii stricte de reglementare. Dac\u0103 societatea dumneavoastr\u0103 are sediul \u00een afara UE\/SEE sau a Irlandei de Nord \u0219i inten\u021biona\u021bi s\u0103 vinde\u021bi \u00een UE amestecuri chimice precum produse cosmetice, produse de cur\u0103\u021bare sau alte articole reglementate, va trebui s\u0103 \u00eendeplini\u021bi cerin\u021bele specifice de conformitate prev\u0103zute [&hellip;]<\/p>\n","protected":false},"featured_media":12501,"template":"","meta":[],"product_brand":[],"product_cat":[426],"product_tag":[],"class_list":{"0":"post-12809","1":"product","2":"type-product","3":"status-publish","4":"has-post-thumbnail","6":"product_cat-in-afara-ue","8":"first","9":"instock","10":"virtual","11":"taxable","12":"purchasable","13":"product-type-bundle"},"bundled_by":[],"bundle_stock_status":"instock","bundle_stock_quantity":"","bundle_virtual":false,"bundle_layout":"default","bundle_add_to_cart_form_location":"default","bundle_editable_in_cart":false,"bundle_sold_individually_context":"product","bundle_item_grouping":"parent","bundle_min_size":"","bundle_max_size":"","bundle_price":{"price":{"min":{"incl_tax":"78.65","excl_tax":"65"},"max":{"incl_tax":"","excl_tax":""}},"regular_price":{"min":{"incl_tax":"78.65","excl_tax":"65"},"max":{"incl_tax":"","excl_tax":""}}},"bundled_items":[{"bundled_item_id":1358,"product_id":12566,"menu_order":0,"quantity_min":1,"quantity_max":1,"quantity_default":1,"priced_individually":true,"shipped_individually":true,"override_title":false,"title":null,"override_description":false,"description":null,"optional":false,"hide_thumbnail":false,"discount":"","override_variations":false,"allowed_variations":[""],"override_default_variation_attributes":false,"default_variation_attributes":[],"single_product_visibility":"visible","cart_visibility":"visible","order_visibility":"visible","single_product_price_visibility":"visible","cart_price_visibility":"visible","order_price_visibility":"visible","stock_status":"in_stock"},{"bundled_item_id":1359,"product_id":12561,"menu_order":1,"quantity_min":0,"quantity_max":"","quantity_default":0,"priced_individually":true,"shipped_individually":true,"override_title":false,"title":null,"override_description":false,"description":null,"optional":false,"hide_thumbnail":false,"discount":"","override_variations":false,"allowed_variations":[""],"override_default_variation_attributes":false,"default_variation_attributes":[],"single_product_visibility":"visible","cart_visibility":"visible","order_visibility":"visible","single_product_price_visibility":"visible","cart_price_visibility":"visible","order_price_visibility":"visible","stock_status":"in_stock"},{"bundled_item_id":1360,"product_id":12758,"menu_order":2,"quantity_min":1,"quantity_max":1,"quantity_default":1,"priced_individually":true,"shipped_individually":true,"override_title":false,"title":null,"override_description":false,"description":null,"optional":true,"hide_thumbnail":false,"discount":"","override_variations":false,"allowed_variations":[""],"override_default_variation_attributes":false,"default_variation_attributes":[],"single_product_visibility":"visible","cart_visibility":"visible","order_visibility":"visible","single_product_price_visibility":"visible","cart_price_visibility":"visible","order_price_visibility":"visible","stock_status":"in_stock"}],"bundle_sell_ids":[],"yoast_head":"<!-- This site is optimized with the Yoast SEO Premium plugin v25.1 (Yoast SEO v25.1) - https:\/\/yoast.com\/wordpress\/plugins\/seo\/ -->\n<title>PCN &amp; UFI pentru societ\u0103\u021bile din afara UE - UFI<\/title>\n<meta name=\"description\" content=\"Oferim asisten\u021b\u0103 cu PCN \u0219i UFI pentru societ\u0103\u021bile din afara UE. Companii cu sediul \u00een afara UE\/SEE sau Irlandei de Nord.\" \/>\n<meta name=\"robots\" content=\"index, follow, max-snippet:-1, max-image-preview:large, max-video-preview:-1\" \/>\n<link rel=\"canonical\" href=\"https:\/\/www.ufi.eu\/ro\/product\/pcn-ufi-pentru-societatile-din-afara-ue\/\" \/>\n<meta property=\"og:locale\" content=\"ro_RO\" \/>\n<meta property=\"og:type\" content=\"article\" \/>\n<meta property=\"og:title\" content=\"PCN &amp; UFI pentru societ\u0103\u021bile din afara UE\" \/>\n<meta property=\"og:description\" content=\"Oferim asisten\u021b\u0103 cu PCN \u0219i UFI pentru societ\u0103\u021bile din afara UE. Companii cu sediul \u00een afara UE\/SEE sau Irlandei de Nord.\" \/>\n<meta property=\"og:url\" content=\"https:\/\/www.ufi.eu\/ro\/product\/pcn-ufi-pentru-societatile-din-afara-ue\/\" \/>\n<meta property=\"og:site_name\" content=\"UFI\" \/>\n<meta property=\"article:modified_time\" content=\"2025-04-15T20:37:16+00:00\" \/>\n<meta property=\"og:image\" content=\"https:\/\/www.ufi.eu\/wp-content\/uploads\/2025\/03\/pcn_ufi.jpg\" \/>\n\t<meta property=\"og:image:width\" content=\"1024\" \/>\n\t<meta property=\"og:image:height\" content=\"1024\" \/>\n\t<meta property=\"og:image:type\" content=\"image\/jpeg\" \/>\n<meta name=\"twitter:card\" content=\"summary_large_image\" \/>\n<meta name=\"twitter:label1\" content=\"Pre\u021b\" \/>\n\t<meta name=\"twitter:data1\" content=\"&euro;0.00\" \/>\n\t<meta name=\"twitter:label2\" content=\"Disponibilitate\" \/>\n\t<meta name=\"twitter:data2\" content=\"\u00cen stoc\" \/>\n<script type=\"application\/ld+json\" class=\"yoast-schema-graph\">{\"@context\":\"https:\/\/schema.org\",\"@graph\":[{\"@type\":\"WebPage\",\"@id\":\"https:\/\/www.ufi.eu\/ro\/product\/pcn-ufi-pentru-societatile-din-afara-ue\/\",\"url\":\"https:\/\/www.ufi.eu\/ro\/product\/pcn-ufi-pentru-societatile-din-afara-ue\/\",\"name\":\"PCN &amp; UFI pentru societ\u0103\u021bile din afara UE - UFI\",\"isPartOf\":{\"@id\":\"https:\/\/www.ufi.eu\/ro\/#website\"},\"primaryImageOfPage\":{\"@id\":\"https:\/\/www.ufi.eu\/ro\/product\/pcn-ufi-pentru-societatile-din-afara-ue\/#primaryimage\"},\"image\":{\"@id\":\"https:\/\/www.ufi.eu\/ro\/product\/pcn-ufi-pentru-societatile-din-afara-ue\/#primaryimage\"},\"thumbnailUrl\":\"https:\/\/www.ufi.eu\/wp-content\/uploads\/2025\/03\/pcn_ufi.jpg\",\"datePublished\":\"2025-04-15T20:37:11+00:00\",\"dateModified\":\"2025-04-15T20:37:16+00:00\",\"description\":\"Oferim asisten\u021b\u0103 cu PCN \u0219i UFI pentru societ\u0103\u021bile din afara UE. Companii cu sediul \u00een afara UE\/SEE sau Irlandei de Nord.\",\"breadcrumb\":{\"@id\":\"https:\/\/www.ufi.eu\/ro\/product\/pcn-ufi-pentru-societatile-din-afara-ue\/#breadcrumb\"},\"inLanguage\":\"ro-RO\",\"potentialAction\":[{\"@type\":\"ReadAction\",\"target\":[\"https:\/\/www.ufi.eu\/ro\/product\/pcn-ufi-pentru-societatile-din-afara-ue\/\"]}]},{\"@type\":\"ImageObject\",\"inLanguage\":\"ro-RO\",\"@id\":\"https:\/\/www.ufi.eu\/ro\/product\/pcn-ufi-pentru-societatile-din-afara-ue\/#primaryimage\",\"url\":\"https:\/\/www.ufi.eu\/wp-content\/uploads\/2025\/03\/pcn_ufi.jpg\",\"contentUrl\":\"https:\/\/www.ufi.eu\/wp-content\/uploads\/2025\/03\/pcn_ufi.jpg\",\"width\":1024,\"height\":1024},{\"@type\":\"BreadcrumbList\",\"@id\":\"https:\/\/www.ufi.eu\/ro\/product\/pcn-ufi-pentru-societatile-din-afara-ue\/#breadcrumb\",\"itemListElement\":[{\"@type\":\"ListItem\",\"position\":1,\"name\":\"Home\",\"item\":\"https:\/\/www.ufi.eu\/ro\/acasa\/\"},{\"@type\":\"ListItem\",\"position\":2,\"name\":\"Magazin\",\"item\":\"https:\/\/www.ufi.eu\/ro\/magazin\/\"},{\"@type\":\"ListItem\",\"position\":3,\"name\":\"PCN &amp; UFI pentru societ\u0103\u021bile din afara UE\"}]},{\"@type\":\"WebSite\",\"@id\":\"https:\/\/www.ufi.eu\/ro\/#website\",\"url\":\"https:\/\/www.ufi.eu\/ro\/\",\"name\":\"UFI.EU\",\"description\":\"Poison Centre Notifications (PCN) and UFI\",\"publisher\":{\"@id\":\"https:\/\/www.ufi.eu\/ro\/#organization\"},\"potentialAction\":[{\"@type\":\"SearchAction\",\"target\":{\"@type\":\"EntryPoint\",\"urlTemplate\":\"https:\/\/www.ufi.eu\/ro\/?s={search_term_string}\"},\"query-input\":{\"@type\":\"PropertyValueSpecification\",\"valueRequired\":true,\"valueName\":\"search_term_string\"}}],\"inLanguage\":\"ro-RO\"},{\"@type\":\"Organization\",\"@id\":\"https:\/\/www.ufi.eu\/ro\/#organization\",\"name\":\"UFI.EU\",\"url\":\"https:\/\/www.ufi.eu\/ro\/\",\"logo\":{\"@type\":\"ImageObject\",\"inLanguage\":\"ro-RO\",\"@id\":\"https:\/\/www.ufi.eu\/ro\/#\/schema\/logo\/image\/\",\"url\":\"https:\/\/www.ufi.eu\/wp-content\/uploads\/2025\/03\/cropped-logo_ufi3.jpg\",\"contentUrl\":\"https:\/\/www.ufi.eu\/wp-content\/uploads\/2025\/03\/cropped-logo_ufi3.jpg\",\"width\":231,\"height\":78,\"caption\":\"UFI.EU\"},\"image\":{\"@id\":\"https:\/\/www.ufi.eu\/ro\/#\/schema\/logo\/image\/\"},\"description\":\"UFI.eu specializes in digital registrations for Poison Centre Notifications (PCN), ensuring your chemical products meet EU regulatory requirements effortlessly. Our streamlined solutions help businesses stay compliant while reducing complexity and administrative burden.\",\"email\":\"info@ufi.eu\",\"legalName\":\"UFI.EU\"}]}<\/script>\n<meta property=\"product:price:amount\" content=\"0.00\" \/>\n<meta property=\"product:price:currency\" content=\"EUR\" \/>\n<meta property=\"og:availability\" content=\"instock\" \/>\n<meta property=\"product:availability\" content=\"instock\" \/>\n<meta property=\"product:condition\" content=\"new\" \/>\n<!-- \/ Yoast SEO Premium plugin. -->","yoast_head_json":{"title":"PCN &amp; UFI pentru societ\u0103\u021bile din afara UE - UFI","description":"Oferim asisten\u021b\u0103 cu PCN \u0219i UFI pentru societ\u0103\u021bile din afara UE. Companii cu sediul \u00een afara UE\/SEE sau Irlandei de Nord.","robots":{"index":"index","follow":"follow","max-snippet":"max-snippet:-1","max-image-preview":"max-image-preview:large","max-video-preview":"max-video-preview:-1"},"canonical":"https:\/\/www.ufi.eu\/ro\/product\/pcn-ufi-pentru-societatile-din-afara-ue\/","og_locale":"ro_RO","og_type":"article","og_title":"PCN &amp; UFI pentru societ\u0103\u021bile din afara UE","og_description":"Oferim asisten\u021b\u0103 cu PCN \u0219i UFI pentru societ\u0103\u021bile din afara UE. Companii cu sediul \u00een afara UE\/SEE sau Irlandei de Nord.","og_url":"https:\/\/www.ufi.eu\/ro\/product\/pcn-ufi-pentru-societatile-din-afara-ue\/","og_site_name":"UFI","article_modified_time":"2025-04-15T20:37:16+00:00","og_image":[{"width":1024,"height":1024,"url":"https:\/\/www.ufi.eu\/wp-content\/uploads\/2025\/03\/pcn_ufi.jpg","type":"image\/jpeg"}],"twitter_card":"summary_large_image","twitter_misc":{"Pre\u021b":"&euro;0.00","Disponibilitate":"\u00cen stoc"},"schema":{"@context":"https:\/\/schema.org","@graph":[{"@type":"WebPage","@id":"https:\/\/www.ufi.eu\/ro\/product\/pcn-ufi-pentru-societatile-din-afara-ue\/","url":"https:\/\/www.ufi.eu\/ro\/product\/pcn-ufi-pentru-societatile-din-afara-ue\/","name":"PCN &amp; UFI pentru societ\u0103\u021bile din afara UE - UFI","isPartOf":{"@id":"https:\/\/www.ufi.eu\/ro\/#website"},"primaryImageOfPage":{"@id":"https:\/\/www.ufi.eu\/ro\/product\/pcn-ufi-pentru-societatile-din-afara-ue\/#primaryimage"},"image":{"@id":"https:\/\/www.ufi.eu\/ro\/product\/pcn-ufi-pentru-societatile-din-afara-ue\/#primaryimage"},"thumbnailUrl":"https:\/\/www.ufi.eu\/wp-content\/uploads\/2025\/03\/pcn_ufi.jpg","datePublished":"2025-04-15T20:37:11+00:00","dateModified":"2025-04-15T20:37:16+00:00","description":"Oferim asisten\u021b\u0103 cu PCN \u0219i UFI pentru societ\u0103\u021bile din afara UE. Companii cu sediul \u00een afara UE\/SEE sau Irlandei de Nord.","breadcrumb":{"@id":"https:\/\/www.ufi.eu\/ro\/product\/pcn-ufi-pentru-societatile-din-afara-ue\/#breadcrumb"},"inLanguage":"ro-RO","potentialAction":[{"@type":"ReadAction","target":["https:\/\/www.ufi.eu\/ro\/product\/pcn-ufi-pentru-societatile-din-afara-ue\/"]}]},{"@type":"ImageObject","inLanguage":"ro-RO","@id":"https:\/\/www.ufi.eu\/ro\/product\/pcn-ufi-pentru-societatile-din-afara-ue\/#primaryimage","url":"https:\/\/www.ufi.eu\/wp-content\/uploads\/2025\/03\/pcn_ufi.jpg","contentUrl":"https:\/\/www.ufi.eu\/wp-content\/uploads\/2025\/03\/pcn_ufi.jpg","width":1024,"height":1024},{"@type":"BreadcrumbList","@id":"https:\/\/www.ufi.eu\/ro\/product\/pcn-ufi-pentru-societatile-din-afara-ue\/#breadcrumb","itemListElement":[{"@type":"ListItem","position":1,"name":"Home","item":"https:\/\/www.ufi.eu\/ro\/acasa\/"},{"@type":"ListItem","position":2,"name":"Magazin","item":"https:\/\/www.ufi.eu\/ro\/magazin\/"},{"@type":"ListItem","position":3,"name":"PCN &amp; UFI pentru societ\u0103\u021bile din afara UE"}]},{"@type":"WebSite","@id":"https:\/\/www.ufi.eu\/ro\/#website","url":"https:\/\/www.ufi.eu\/ro\/","name":"UFI.EU","description":"Poison Centre Notifications (PCN) and UFI","publisher":{"@id":"https:\/\/www.ufi.eu\/ro\/#organization"},"potentialAction":[{"@type":"SearchAction","target":{"@type":"EntryPoint","urlTemplate":"https:\/\/www.ufi.eu\/ro\/?s={search_term_string}"},"query-input":{"@type":"PropertyValueSpecification","valueRequired":true,"valueName":"search_term_string"}}],"inLanguage":"ro-RO"},{"@type":"Organization","@id":"https:\/\/www.ufi.eu\/ro\/#organization","name":"UFI.EU","url":"https:\/\/www.ufi.eu\/ro\/","logo":{"@type":"ImageObject","inLanguage":"ro-RO","@id":"https:\/\/www.ufi.eu\/ro\/#\/schema\/logo\/image\/","url":"https:\/\/www.ufi.eu\/wp-content\/uploads\/2025\/03\/cropped-logo_ufi3.jpg","contentUrl":"https:\/\/www.ufi.eu\/wp-content\/uploads\/2025\/03\/cropped-logo_ufi3.jpg","width":231,"height":78,"caption":"UFI.EU"},"image":{"@id":"https:\/\/www.ufi.eu\/ro\/#\/schema\/logo\/image\/"},"description":"UFI.eu specializes in digital registrations for Poison Centre Notifications (PCN), ensuring your chemical products meet EU regulatory requirements effortlessly. Our streamlined solutions help businesses stay compliant while reducing complexity and administrative burden.","email":"info@ufi.eu","legalName":"UFI.EU"}]},"product_price_amount":"0.00","product_price_currency":"EUR","og_availability":"instock","product_availability":"instock","product_condition":"new"},"_links":{"self":[{"href":"https:\/\/www.ufi.eu\/ro\/wp-json\/wp\/v2\/product\/12809","targetHints":{"allow":["GET"]}}],"collection":[{"href":"https:\/\/www.ufi.eu\/ro\/wp-json\/wp\/v2\/product"}],"about":[{"href":"https:\/\/www.ufi.eu\/ro\/wp-json\/wp\/v2\/types\/product"}],"wp:featuredmedia":[{"embeddable":true,"href":"https:\/\/www.ufi.eu\/ro\/wp-json\/wp\/v2\/media\/12501"}],"wp:attachment":[{"href":"https:\/\/www.ufi.eu\/ro\/wp-json\/wp\/v2\/media?parent=12809"}],"wp:term":[{"taxonomy":"product_brand","embeddable":true,"href":"https:\/\/www.ufi.eu\/ro\/wp-json\/wp\/v2\/product_brand?post=12809"},{"taxonomy":"product_cat","embeddable":true,"href":"https:\/\/www.ufi.eu\/ro\/wp-json\/wp\/v2\/product_cat?post=12809"},{"taxonomy":"product_tag","embeddable":true,"href":"https:\/\/www.ufi.eu\/ro\/wp-json\/wp\/v2\/product_tag?post=12809"}],"curies":[{"name":"wp","href":"https:\/\/api.w.org\/{rel}","templated":true}]}}