{"id":12504,"date":"2025-04-09T20:19:16","date_gmt":"2025-04-15T19:34:27","guid":{"rendered":"https:\/\/www.ufi.eu\/pcn\/fara-categorie\/crearea-fisei-cu-date-de-securitate\/"},"modified":"2025-08-29T09:15:46","modified_gmt":"2025-08-29T09:15:46","slug":"crearea-fisei-cu-date-de-securitate","status":"publish","type":"product","link":"https:\/\/www.ufi.eu\/ro\/product\/crearea-fisei-cu-date-de-securitate\/","title":{"rendered":"Crearea fi\u0219ei cu date de securitate"},"content":{"rendered":"\n<h3 class=\"wp-block-heading\" id=\"h-please-select-the-bundle-including-a-language-for-the-creation-of-an-sds-without-a-language-we-cannot-create-the-sds\"><strong><a href=\"https:\/\/www.ufi.eu\/ro\/product\/serviciul-de-creare-a-fiselor-cu-date-de-securitate-msds-sds\/\">V\u0103 rug\u0103m s\u0103 selecta\u021bi pachetul<\/a> care include o limb\u0103 pentru crearea unei SDD. F\u0103r\u0103 o limb\u0103 nu putem crea FDS.   <\/strong><\/h3>\n\n<p><strong>Fi\u0219e cu date de securitate redactate profesional, \u00een deplin\u0103 conformitate cu Regulamentul UE (REACH &amp; CLP)<\/strong><br\/>Oferim <strong>fi\u0219e cu date de securitate (FDS)<\/strong> &#8211; cunoscute \u0219i sub denumirea de <strong>fi\u0219e cu date de securitate ale materialelor (FDSM)<\/strong> &#8211; elaborate de exper\u021bi, adaptate produsului dumneavoastr\u0103 \u0219i conforme cu cele mai recente reglement\u0103ri UE. Indiferent dac\u0103 fabrica\u021bi amestecuri chimice, importa\u021bi produse \u00een UE sau le distribui\u021bi sub o marc\u0103 privat\u0103, o FDS conform\u0103 este obligatorie din punct de vedere legal \u0219i esen\u021bial\u0103 pentru utilizarea \u00een condi\u021bii de siguran\u021b\u0103 de-a lungul lan\u021bului de aprovizionare. <\/p>\n\n<h2 class=\"wp-block-heading\" id=\"h-what-is-an-safety-data-sheet-msds-sds-and-why-do-you-need-one\">Ce este o fi\u0219\u0103 cu date de securitate (MSDS\/SDS) \u0219i de ce ave\u021bi nevoie de una?<\/h2>\n\n<p>O <strong>fi\u0219\u0103 cu date de securitate<\/strong> este un document obligatoriu din punct de vedere juridic care ofer\u0103 informa\u021bii complete privind propriet\u0103\u021bile unei substan\u021be sau ale unui amestec chimic. \u00cen conformitate cu <strong>REACH (CE nr. 1907\/2006)<\/strong> \u0219i <strong>CLP (CE nr. 1272\/2008)<\/strong>, furnizorii trebuie s\u0103 pun\u0103 la dispozi\u021bia utilizatorilor din aval o fi\u0219\u0103 de date de securitate pentru orice produs periculos sau care con\u021bine substan\u021be periculoase. <\/p>\n\n<p>Neprezentarea unei FDS exacte \u0219i complete poate duce la:<\/p>\n\n<ul class=\"wp-block-list\">\n<li><strong>Sanc\u021biuni legale<\/strong> sau \u00eent\u00e2rzieri vamale<\/li>\n\n\n\n<li><strong>Transporturi respinse<\/strong> sau parteneri de afaceri pierdu\u021bi<\/li>\n\n\n\n<li><strong>Risc pentru s\u0103n\u0103tatea uman\u0103 \u0219i pentru mediu<\/strong><\/li>\n<\/ul>\n\n<h2 class=\"wp-block-heading\" id=\"h-what-our-sds-creation-service-includes\">Ce include serviciul nostru de creare SDS<\/h2>\n\n<h4 class=\"wp-block-heading\" id=\"h-1-fully-compliant-sds-creation-16-sections\">1. <strong>Crearea unei FDS \u00een deplin\u0103 conformitate (16 sec\u021biuni)<\/strong><\/h4>\n\n<p>V\u0103 cre\u0103m FDS de la zero pe baza formul\u0103rii produsului \u0219i\/sau a datelor existente, inclusiv:<\/p>\n\n<ul class=\"wp-block-list\">\n<li>Informa\u021bii privind clasificarea \u0219i etichetarea pericolelor (conform CLP)<\/li>\n\n\n\n<li>Prezentarea compozi\u021biei \u0219i a ingredientelor<\/li>\n\n\n\n<li>Instruc\u021biuni de manipulare, depozitare \u0219i transport \u00een condi\u021bii de siguran\u021b\u0103<\/li>\n\n\n\n<li>M\u0103suri de prim ajutor, de stingere a incendiilor \u0219i de eliberare accidental\u0103<\/li>\n\n\n\n<li>Referin\u021be de reglementare (anexa II la REACH)<\/li>\n<\/ul>\n\n<p>Fiecare FDS este livrat\u0103 \u00een conformitate cu <strong>anexa II la REACH<\/strong>, aliniat\u0103 cu cele mai recente actualiz\u0103ri \u0219i clasific\u0103ri armonizate.<\/p>\n\n<h4 class=\"wp-block-heading\" id=\"h-2-multilingual-sds-versions\">2. <strong>Versiuni SDS multilingve<\/strong><\/h4>\n\n<p>Oferim crearea de FDS \u00een mai multe limbi oficiale ale UE, preg\u0103tite pentru distribu\u021bie transfrontalier\u0103. Aceasta include: <\/p>\n\n<ul class=\"wp-block-list\">\n<li>Traduceri efectuate de exper\u021bi familiariza\u021bi cu terminologia chimic\u0103<\/li>\n\n\n\n<li>adapt\u0103ri specifice fiec\u0103rei \u021b\u0103ri, dup\u0103 caz (de exemplu, limite na\u021bionale de expunere)<\/li>\n<\/ul>\n\n<h4 class=\"wp-block-heading\" id=\"h-3-update-amp-conversion-service\">3. <strong>Serviciul de actualizare \u0219i conversie<\/strong><\/h4>\n\n<p>Ave\u021bi deja o FDS \u00eenvechit\u0103 sau neconform\u0103? Noi putem: <\/p>\n\n<ul class=\"wp-block-list\">\n<li>Revizuirea \u0219i actualizarea fi\u0219ei existente pentru a respecta standardele actuale<\/li>\n\n\n\n<li>Conversia formatelor FDS din afara UE (de exemplu, US OSHA) \u00een versiuni conforme cu REACH UE<\/li>\n<\/ul>\n\n<h4 class=\"wp-block-heading\" id=\"h-4-optional-add-ons\">4. <strong>Complet\u0103ri op\u021bionale<\/strong><\/h4>\n\n<ul class=\"wp-block-list\">\n<li>Crearea etichetei CLP pentru a se potrivi cu SDS<\/li>\n\n\n\n<li>Generarea UFI \u0219i notificarea PCN<\/li>\n\n\n\n<li>Clasificarea produselor pe baza materiilor prime sau a listelor de ingrediente<\/li>\n<\/ul>\n\n<h2 class=\"wp-block-heading\" id=\"h-which-products-need-an-sds\">Ce produse au nevoie de o FDS?<\/h2>\n\n<p>O FDS este necesar\u0103 dac\u0103 produsul dumneavoastr\u0103:<\/p>\n\n<ul class=\"wp-block-list\">\n<li>Este clasificat ca fiind periculos (de exemplu, inflamabil, iritant, toxic, coroziv)<\/li>\n\n\n\n<li>Con\u021bine substan\u021be periculoase sau enumerate pe liste de reglementare specifice (de exemplu, SVHC)<\/li>\n\n\n\n<li>Este destinat utiliz\u0103rii profesionale sau industriale, chiar dac\u0103 nu este clasificat ca periculos<\/li>\n<\/ul>\n\n<p>Acest lucru este valabil pentru o gam\u0103 larg\u0103 de produse:<\/p>\n\n<ul class=\"wp-block-list\">\n<li>Amestecuri de parfumuri \u0219i uleiuri esen\u021biale<\/li>\n\n\n\n<li>Agen\u021bi de cur\u0103\u021bare \u0219i spray-uri de suprafa\u021b\u0103<\/li>\n\n\n\n<li>Vopsele, acoperiri \u0219i r\u0103\u0219ini<\/li>\n\n\n\n<li>Cear\u0103 topit\u0103, spray-uri de camer\u0103 \u0219i odorizante<\/li>\n\n\n\n<li>Produse chimice industriale \u0219i produse intermediare<\/li>\n<\/ul>\n\n<h2 class=\"wp-block-heading\" id=\"h-who-is-this-service-for\">Pentru cine este acest serviciu?<\/h2>\n\n<ul class=\"wp-block-list\">\n<li>Produc\u0103tori \u0219i proprietari de m\u0103rci de amestecuri chimice<\/li>\n\n\n\n<li>Importatori de produse din afara UE<\/li>\n\n\n\n<li>Distribuitori de etichete private \u0219i de etichete albe<\/li>\n\n\n\n<li>\u00centreprinderile care v\u00e2nd produse periculoase prin intermediul pie\u021belor online sau cu am\u0103nuntul<\/li>\n<\/ul>\n\n<h2 class=\"wp-block-heading\" id=\"h-why-choose-ufi-eu\">De ce s\u0103 alege\u021bi UFI.EU?<\/h2>\n\n<ul class=\"wp-block-list\">\n<li><strong>Echip\u0103 de reglementare cu experien\u021b\u0103<\/strong>, specializat\u0103 \u00een CLP, REACH \u0219i PCN<\/li>\n\n\n\n<li><strong>FDS exacte \u0219i pe deplin conforme<\/strong>, adaptate produsului dvs.<\/li>\n\n\n\n<li><strong>Suport multilingv<\/strong> pentru conformitatea la nivelul UE<\/li>\n\n\n\n<li><strong>Termene de execu\u021bie rapide<\/strong> \u0219i pre\u021buri transparente<\/li>\n<\/ul>\n\n<h2 class=\"wp-block-heading\" id=\"h-how-it-works\">Cum func\u021bioneaz\u0103<\/h2>\n\n<ol class=\"wp-block-list\">\n<li><strong>Trimite\u021bi formularea produsului dvs. sau FDS-ul existent<\/strong><\/li>\n\n\n\n<li><strong>Analiz\u0103m ingredientele \u0219i preg\u0103tim FDS<\/strong><\/li>\n\n\n\n<li><strong>Primi\u021bi un document formatat profesional, gata pentru distribu\u021bie sau \u00eenregistrare<\/strong><\/li>\n<\/ol>\n\n<h2 class=\"wp-block-heading\" id=\"h-order-your-sds-today\">Comanda\u021bi SDS-ul dvs. ast\u0103zi<\/h2>\n\n<p>Indiferent dac\u0103 ave\u021bi nevoie de o FDS nou\u0103, de o actualizare sau de versiuni multilingve pentru diferite pie\u021be, <strong>UFI.EU<\/strong> este partenerul dvs. de \u00eencredere pentru respectarea legisla\u021biei privind substan\u021bele chimice.<br\/><strong>Comanda\u021bi acum serviciul dvs. de creare a FDS \u0219i r\u0103m\u00e2ne\u021bi \u00een deplin\u0103 conformitate cu legisla\u021bia UE.<\/strong><\/p>\n","protected":false},"excerpt":{"rendered":"<p>V\u0103 rug\u0103m s\u0103 selecta\u021bi pachetul care include o limb\u0103 pentru crearea unei SDD. F\u0103r\u0103 o limb\u0103 nu putem crea FDS. Fi\u0219e cu date de securitate redactate profesional, \u00een deplin\u0103 conformitate cu Regulamentul UE (REACH &amp; CLP)Oferim fi\u0219e cu date de securitate (FDS) &#8211; cunoscute \u0219i sub denumirea de fi\u0219e cu date de securitate ale materialelor [&hellip;]<\/p>\n","protected":false},"featured_media":12501,"template":"","meta":[],"product_brand":[],"product_cat":[306],"product_tag":[],"class_list":{"0":"post-12504","1":"product","2":"type-product","3":"status-publish","4":"has-post-thumbnail","6":"product_cat-fisa-cu-date-de-securitate","8":"first","9":"instock","10":"virtual","11":"taxable","12":"purchasable","13":"product-type-simple"},"bundled_by":["12819","13359","31741"],"bundle_stock_status":"instock","bundle_stock_quantity":null,"bundle_virtual":false,"bundle_layout":"","bundle_add_to_cart_form_location":"","bundle_editable_in_cart":false,"bundle_sold_individually_context":"","bundle_item_grouping":"","bundle_min_size":"","bundle_max_size":"","bundle_price":[],"bundled_items":[],"bundle_sell_ids":[],"yoast_head":"<!-- This site is optimized with the Yoast SEO Premium plugin v25.1 (Yoast SEO v25.1) - https:\/\/yoast.com\/wordpress\/plugins\/seo\/ -->\n<title>Crearea fi\u0219ei cu date de securitate - UFI<\/title>\n<meta name=\"robots\" content=\"noindex, follow\" \/>\n<meta property=\"og:locale\" content=\"ro_RO\" \/>\n<meta property=\"og:type\" content=\"article\" \/>\n<meta property=\"og:title\" content=\"Crearea fi\u0219ei cu date de securitate\" \/>\n<meta property=\"og:description\" content=\"V\u0103 rug\u0103m s\u0103 selecta\u021bi pachetul care include o limb\u0103 pentru crearea unei SDD. F\u0103r\u0103 o limb\u0103 nu putem crea FDS. Fi\u0219e cu date de securitate redactate profesional, \u00een deplin\u0103 conformitate cu Regulamentul UE (REACH &amp; CLP)Oferim fi\u0219e cu date de securitate (FDS) &#8211; cunoscute \u0219i sub denumirea de fi\u0219e cu date de securitate ale materialelor [&hellip;]\" \/>\n<meta property=\"og:url\" content=\"https:\/\/www.ufi.eu\/ro\/product\/crearea-fisei-cu-date-de-securitate\/\" \/>\n<meta property=\"og:site_name\" content=\"UFI\" \/>\n<meta property=\"article:modified_time\" content=\"2025-08-29T09:15:46+00:00\" \/>\n<meta property=\"og:image\" content=\"https:\/\/www.ufi.eu\/wp-content\/uploads\/2025\/03\/pcn_ufi.jpg\" \/>\n\t<meta property=\"og:image:width\" content=\"1024\" \/>\n\t<meta property=\"og:image:height\" content=\"1024\" \/>\n\t<meta property=\"og:image:type\" content=\"image\/jpeg\" \/>\n<meta name=\"twitter:card\" content=\"summary_large_image\" \/>\n<meta name=\"twitter:label1\" content=\"Pre\u021b\" \/>\n\t<meta name=\"twitter:data1\" content=\"&euro;49.00\" \/>\n\t<meta name=\"twitter:label2\" content=\"Disponibilitate\" \/>\n\t<meta name=\"twitter:data2\" content=\"\u00cen stoc\" \/>\n<script type=\"application\/ld+json\" class=\"yoast-schema-graph\">{\"@context\":\"https:\/\/schema.org\",\"@graph\":[{\"@type\":\"WebPage\",\"@id\":\"https:\/\/www.ufi.eu\/ro\/product\/crearea-fisei-cu-date-de-securitate\/\",\"url\":\"https:\/\/www.ufi.eu\/ro\/product\/crearea-fisei-cu-date-de-securitate\/\",\"name\":\"Crearea fi\u0219ei cu date de securitate - UFI\",\"isPartOf\":{\"@id\":\"https:\/\/www.ufi.eu\/ro\/#website\"},\"primaryImageOfPage\":{\"@id\":\"https:\/\/www.ufi.eu\/ro\/product\/crearea-fisei-cu-date-de-securitate\/#primaryimage\"},\"image\":{\"@id\":\"https:\/\/www.ufi.eu\/ro\/product\/crearea-fisei-cu-date-de-securitate\/#primaryimage\"},\"thumbnailUrl\":\"https:\/\/www.ufi.eu\/wp-content\/uploads\/2025\/03\/pcn_ufi.jpg\",\"datePublished\":\"2025-04-15T19:34:27+00:00\",\"dateModified\":\"2025-08-29T09:15:46+00:00\",\"breadcrumb\":{\"@id\":\"https:\/\/www.ufi.eu\/ro\/product\/crearea-fisei-cu-date-de-securitate\/#breadcrumb\"},\"inLanguage\":\"ro-RO\",\"potentialAction\":[{\"@type\":\"ReadAction\",\"target\":[\"https:\/\/www.ufi.eu\/ro\/product\/crearea-fisei-cu-date-de-securitate\/\"]}]},{\"@type\":\"ImageObject\",\"inLanguage\":\"ro-RO\",\"@id\":\"https:\/\/www.ufi.eu\/ro\/product\/crearea-fisei-cu-date-de-securitate\/#primaryimage\",\"url\":\"https:\/\/www.ufi.eu\/wp-content\/uploads\/2025\/03\/pcn_ufi.jpg\",\"contentUrl\":\"https:\/\/www.ufi.eu\/wp-content\/uploads\/2025\/03\/pcn_ufi.jpg\",\"width\":1024,\"height\":1024},{\"@type\":\"BreadcrumbList\",\"@id\":\"https:\/\/www.ufi.eu\/ro\/product\/crearea-fisei-cu-date-de-securitate\/#breadcrumb\",\"itemListElement\":[{\"@type\":\"ListItem\",\"position\":1,\"name\":\"Home\",\"item\":\"https:\/\/www.ufi.eu\/ro\/acasa\/\"},{\"@type\":\"ListItem\",\"position\":2,\"name\":\"Magazin\",\"item\":\"https:\/\/www.ufi.eu\/ro\/magazin\/\"},{\"@type\":\"ListItem\",\"position\":3,\"name\":\"Crearea fi\u0219ei cu date de securitate\"}]},{\"@type\":\"WebSite\",\"@id\":\"https:\/\/www.ufi.eu\/ro\/#website\",\"url\":\"https:\/\/www.ufi.eu\/ro\/\",\"name\":\"UFI.EU\",\"description\":\"Poison Centre Notifications (PCN) and UFI\",\"publisher\":{\"@id\":\"https:\/\/www.ufi.eu\/ro\/#organization\"},\"potentialAction\":[{\"@type\":\"SearchAction\",\"target\":{\"@type\":\"EntryPoint\",\"urlTemplate\":\"https:\/\/www.ufi.eu\/ro\/?s={search_term_string}\"},\"query-input\":{\"@type\":\"PropertyValueSpecification\",\"valueRequired\":true,\"valueName\":\"search_term_string\"}}],\"inLanguage\":\"ro-RO\"},{\"@type\":\"Organization\",\"@id\":\"https:\/\/www.ufi.eu\/ro\/#organization\",\"name\":\"UFI.EU\",\"url\":\"https:\/\/www.ufi.eu\/ro\/\",\"logo\":{\"@type\":\"ImageObject\",\"inLanguage\":\"ro-RO\",\"@id\":\"https:\/\/www.ufi.eu\/ro\/#\/schema\/logo\/image\/\",\"url\":\"https:\/\/www.ufi.eu\/wp-content\/uploads\/2025\/03\/cropped-logo_ufi3.jpg\",\"contentUrl\":\"https:\/\/www.ufi.eu\/wp-content\/uploads\/2025\/03\/cropped-logo_ufi3.jpg\",\"width\":231,\"height\":78,\"caption\":\"UFI.EU\"},\"image\":{\"@id\":\"https:\/\/www.ufi.eu\/ro\/#\/schema\/logo\/image\/\"},\"description\":\"UFI.eu specializes in digital registrations for Poison Centre Notifications (PCN), ensuring your chemical products meet EU regulatory requirements effortlessly. Our streamlined solutions help businesses stay compliant while reducing complexity and administrative burden.\",\"email\":\"info@ufi.eu\",\"legalName\":\"UFI.EU\"}]}<\/script>\n<meta property=\"product:price:amount\" content=\"49.00\" \/>\n<meta property=\"product:price:currency\" content=\"EUR\" \/>\n<meta property=\"og:availability\" content=\"instock\" \/>\n<meta property=\"product:availability\" content=\"instock\" \/>\n<meta property=\"product:condition\" content=\"new\" \/>\n<!-- \/ Yoast SEO Premium plugin. -->","yoast_head_json":{"title":"Crearea fi\u0219ei cu date de securitate - UFI","robots":{"index":"noindex","follow":"follow"},"og_locale":"ro_RO","og_type":"article","og_title":"Crearea fi\u0219ei cu date de securitate","og_description":"V\u0103 rug\u0103m s\u0103 selecta\u021bi pachetul care include o limb\u0103 pentru crearea unei SDD. F\u0103r\u0103 o limb\u0103 nu putem crea FDS. Fi\u0219e cu date de securitate redactate profesional, \u00een deplin\u0103 conformitate cu Regulamentul UE (REACH &amp; CLP)Oferim fi\u0219e cu date de securitate (FDS) &#8211; cunoscute \u0219i sub denumirea de fi\u0219e cu date de securitate ale materialelor [&hellip;]","og_url":"https:\/\/www.ufi.eu\/ro\/product\/crearea-fisei-cu-date-de-securitate\/","og_site_name":"UFI","article_modified_time":"2025-08-29T09:15:46+00:00","og_image":[{"width":1024,"height":1024,"url":"https:\/\/www.ufi.eu\/wp-content\/uploads\/2025\/03\/pcn_ufi.jpg","type":"image\/jpeg"}],"twitter_card":"summary_large_image","twitter_misc":{"Pre\u021b":"&euro;49.00","Disponibilitate":"\u00cen stoc"},"schema":{"@context":"https:\/\/schema.org","@graph":[{"@type":"WebPage","@id":"https:\/\/www.ufi.eu\/ro\/product\/crearea-fisei-cu-date-de-securitate\/","url":"https:\/\/www.ufi.eu\/ro\/product\/crearea-fisei-cu-date-de-securitate\/","name":"Crearea fi\u0219ei cu date de securitate - UFI","isPartOf":{"@id":"https:\/\/www.ufi.eu\/ro\/#website"},"primaryImageOfPage":{"@id":"https:\/\/www.ufi.eu\/ro\/product\/crearea-fisei-cu-date-de-securitate\/#primaryimage"},"image":{"@id":"https:\/\/www.ufi.eu\/ro\/product\/crearea-fisei-cu-date-de-securitate\/#primaryimage"},"thumbnailUrl":"https:\/\/www.ufi.eu\/wp-content\/uploads\/2025\/03\/pcn_ufi.jpg","datePublished":"2025-04-15T19:34:27+00:00","dateModified":"2025-08-29T09:15:46+00:00","breadcrumb":{"@id":"https:\/\/www.ufi.eu\/ro\/product\/crearea-fisei-cu-date-de-securitate\/#breadcrumb"},"inLanguage":"ro-RO","potentialAction":[{"@type":"ReadAction","target":["https:\/\/www.ufi.eu\/ro\/product\/crearea-fisei-cu-date-de-securitate\/"]}]},{"@type":"ImageObject","inLanguage":"ro-RO","@id":"https:\/\/www.ufi.eu\/ro\/product\/crearea-fisei-cu-date-de-securitate\/#primaryimage","url":"https:\/\/www.ufi.eu\/wp-content\/uploads\/2025\/03\/pcn_ufi.jpg","contentUrl":"https:\/\/www.ufi.eu\/wp-content\/uploads\/2025\/03\/pcn_ufi.jpg","width":1024,"height":1024},{"@type":"BreadcrumbList","@id":"https:\/\/www.ufi.eu\/ro\/product\/crearea-fisei-cu-date-de-securitate\/#breadcrumb","itemListElement":[{"@type":"ListItem","position":1,"name":"Home","item":"https:\/\/www.ufi.eu\/ro\/acasa\/"},{"@type":"ListItem","position":2,"name":"Magazin","item":"https:\/\/www.ufi.eu\/ro\/magazin\/"},{"@type":"ListItem","position":3,"name":"Crearea fi\u0219ei cu date de securitate"}]},{"@type":"WebSite","@id":"https:\/\/www.ufi.eu\/ro\/#website","url":"https:\/\/www.ufi.eu\/ro\/","name":"UFI.EU","description":"Poison Centre Notifications (PCN) and UFI","publisher":{"@id":"https:\/\/www.ufi.eu\/ro\/#organization"},"potentialAction":[{"@type":"SearchAction","target":{"@type":"EntryPoint","urlTemplate":"https:\/\/www.ufi.eu\/ro\/?s={search_term_string}"},"query-input":{"@type":"PropertyValueSpecification","valueRequired":true,"valueName":"search_term_string"}}],"inLanguage":"ro-RO"},{"@type":"Organization","@id":"https:\/\/www.ufi.eu\/ro\/#organization","name":"UFI.EU","url":"https:\/\/www.ufi.eu\/ro\/","logo":{"@type":"ImageObject","inLanguage":"ro-RO","@id":"https:\/\/www.ufi.eu\/ro\/#\/schema\/logo\/image\/","url":"https:\/\/www.ufi.eu\/wp-content\/uploads\/2025\/03\/cropped-logo_ufi3.jpg","contentUrl":"https:\/\/www.ufi.eu\/wp-content\/uploads\/2025\/03\/cropped-logo_ufi3.jpg","width":231,"height":78,"caption":"UFI.EU"},"image":{"@id":"https:\/\/www.ufi.eu\/ro\/#\/schema\/logo\/image\/"},"description":"UFI.eu specializes in digital registrations for Poison Centre Notifications (PCN), ensuring your chemical products meet EU regulatory requirements effortlessly. Our streamlined solutions help businesses stay compliant while reducing complexity and administrative burden.","email":"info@ufi.eu","legalName":"UFI.EU"}]},"product_price_amount":"49.00","product_price_currency":"EUR","og_availability":"instock","product_availability":"instock","product_condition":"new"},"_links":{"self":[{"href":"https:\/\/www.ufi.eu\/ro\/wp-json\/wp\/v2\/product\/12504","targetHints":{"allow":["GET"]}}],"collection":[{"href":"https:\/\/www.ufi.eu\/ro\/wp-json\/wp\/v2\/product"}],"about":[{"href":"https:\/\/www.ufi.eu\/ro\/wp-json\/wp\/v2\/types\/product"}],"wp:featuredmedia":[{"embeddable":true,"href":"https:\/\/www.ufi.eu\/ro\/wp-json\/wp\/v2\/media\/12501"}],"wp:attachment":[{"href":"https:\/\/www.ufi.eu\/ro\/wp-json\/wp\/v2\/media?parent=12504"}],"wp:term":[{"taxonomy":"product_brand","embeddable":true,"href":"https:\/\/www.ufi.eu\/ro\/wp-json\/wp\/v2\/product_brand?post=12504"},{"taxonomy":"product_cat","embeddable":true,"href":"https:\/\/www.ufi.eu\/ro\/wp-json\/wp\/v2\/product_cat?post=12504"},{"taxonomy":"product_tag","embeddable":true,"href":"https:\/\/www.ufi.eu\/ro\/wp-json\/wp\/v2\/product_tag?post=12504"}],"curies":[{"name":"wp","href":"https:\/\/api.w.org\/{rel}","templated":true}]}}