{"id":11313,"date":"2025-04-15T07:32:42","date_gmt":"2025-04-15T07:32:42","guid":{"rendered":"https:\/\/www.ufi.eu\/termeni-si-conditii\/"},"modified":"2025-04-15T07:32:43","modified_gmt":"2025-04-15T07:32:43","slug":"termeni-si-conditii","status":"publish","type":"page","link":"https:\/\/www.ufi.eu\/ro\/termeni-si-conditii\/","title":{"rendered":"Termeni \u0219i condi\u021bii"},"content":{"rendered":"\n<p><strong>Companie: UFI.EU<\/strong> UFI.EU<br\/><strong>Adresa \u00eenregistrat\u0103: Str:<\/strong> Transistorstraat 91 &#8211; 02, 1322 CL Almere, \u021a\u0103rile de Jos<br\/><strong>Camera de Comer\u021b (KvK):<\/strong> 61064939<br\/><strong>TVA ID:<\/strong> NL854189543B01<\/p>\n\n<h2 class=\"wp-block-heading\" id=\"h-1-overview\"><strong>1. Prezentare general\u0103<\/strong><\/h2>\n\n<p>Acest site este gestionat de <strong>UFI.EU<\/strong>. Pe tot parcursul site-ului, termenii &#8220;noi&#8221;, &#8220;ne&#8221; \u0219i &#8220;nostru&#8221; se refer\u0103 la <strong>UFI.EU<\/strong>. Vizit\u00e2nd site-ul nostru \u0219i\/sau cump\u0103r\u00e2nd ceva de la noi, utiliza\u021bi &#8220;serviciul&#8221; nostru \u0219i sunte\u021bi de acord s\u0103 respecta\u021bi urm\u0103torii <strong>Termeni \u0219i condi\u021bii<\/strong> (&#8220;Termeni&#8221;), inclusiv orice termeni, condi\u021bii \u0219i politici suplimentare la care se face referire \u00een prezentul document sau care sunt legate de aceast\u0103 pagin\u0103.  <\/p>\n\n<p>Ace\u0219ti termeni se aplic\u0103 tuturor utilizatorilor site-ului, inclusiv, dar f\u0103r\u0103 a se limita la browsere, furnizori, clien\u021bi, comercian\u021bi \u0219i contribuitori de con\u021binut. Dac\u0103 nu sunte\u021bi de acord cu to\u021bi termenii acestui acord, nu pute\u021bi accesa site-ul sau utiliza orice servicii. <\/p>\n\n<p>Ne rezerv\u0103m dreptul de a actualiza sau modifica ace\u0219ti Termeni \u00een orice moment. Este responsabilitatea dumneavoastr\u0103 s\u0103 verifica\u021bi aceast\u0103 pagin\u0103 \u00een mod regulat. Utilizarea \u00een continuare a site-ului dup\u0103 orice modific\u0103ri constituie acceptarea modific\u0103rilor respective.  <\/p>\n\n<h2 class=\"wp-block-heading\" id=\"h-2-online-store-terms\"><strong>2. Termeni magazin online<\/strong><\/h2>\n\n<p>Prin acceptarea acestor Termeni, confirma\u021bi c\u0103 ave\u021bi v\u00e2rsta legal\u0103 \u00een \u021bara dumneavoastr\u0103 de re\u0219edin\u021b\u0103 sau c\u0103 a\u021bi dat consim\u021b\u0103m\u00e2ntul pentru orice minor care utilizeaz\u0103 acest site sub responsabilitatea dumneavoastr\u0103.<\/p>\n\n<p>Nu pute\u021bi utiliza produsele sau serviciile noastre \u00een scopuri ilegale sau neautorizate \u0219i nu pute\u021bi \u00eenc\u0103lca nicio lege din jurisdic\u021bia dvs. \u00een timpul utiliz\u0103rii serviciului. O \u00eenc\u0103lcare a oric\u0103ruia dintre ace\u0219ti Termeni va duce la \u00eencetarea imediat\u0103 a accesului dvs. la Serviciile noastre. <\/p>\n\n<h2 class=\"wp-block-heading\" id=\"h-3-accuracy-completeness-amp-timeliness-of-information\"><strong>3. Acurate\u021bea, completitudinea \u0219i actualitatea informa\u021biilor<\/strong><\/h2>\n\n<p>Nu suntem responsabili dac\u0103 informa\u021biile puse la dispozi\u021bie pe acest site nu sunt exacte, complete sau actuale. Materialul este furnizat doar pentru informa\u021bii generale \u0219i nu ar trebui s\u0103 fie utilizat ca baz\u0103 unic\u0103 pentru luarea deciziilor. <\/p>\n\n<p>Putem actualiza con\u021binutul site-ului nostru \u00een orice moment, dar nu suntem obliga\u021bi s\u0103 facem acest lucru. Sunte\u021bi de acord c\u0103 este responsabilitatea dumneavoastr\u0103 s\u0103 monitoriza\u021bi modific\u0103rile aduse site-ului nostru. <\/p>\n\n<h2 class=\"wp-block-heading\" id=\"h-4-modifications-to-services-amp-prices\"><strong>4. Modific\u0103ri ale serviciilor \u0219i pre\u021burilor<\/strong><\/h2>\n\n<p>Pre\u021burile pentru serviciile noastre se pot modifica f\u0103r\u0103 notificare prealabil\u0103. Ne rezerv\u0103m dreptul de a modifica sau de a \u00eentrerupe \u00een orice moment un serviciu (sau o parte a acestuia) f\u0103r\u0103 notificare prealabil\u0103. Nu suntem responsabili pentru nicio modificare, schimbare de pre\u021b, suspendare sau \u00eentrerupere a serviciului.  <\/p>\n\n<h2 class=\"wp-block-heading\" id=\"h-5-products-amp-services\"><strong>5. Produse \u0219i servicii<\/strong><\/h2>\n\n<p>Anumite servicii pot fi disponibile exclusiv online prin intermediul site-ului nostru. Acestea pot avea o disponibilitate limitat\u0103 \u0219i fac obiectul politicii noastre de rambursare \u0219i returnare. <\/p>\n\n<p>Ne rezerv\u0103m dreptul de a limita v\u00e2nzarea serviciilor noastre la anumite regiuni, utilizatori sau jurisdic\u021bii. Descrierile \u0219i pre\u021burile serviciilor se pot modifica f\u0103r\u0103 notificare prealabil\u0103. Nu garant\u0103m c\u0103 calitatea serviciilor achizi\u021bionate va corespunde a\u0219tept\u0103rilor dumneavoastr\u0103.  <\/p>\n\n<h2 class=\"wp-block-heading\" id=\"h-6-accuracy-of-billing-amp-account-information\"><strong>6. Acurate\u021bea informa\u021biilor privind facturarea \u0219i contul<\/strong><\/h2>\n\n<p>Ne rezerv\u0103m dreptul de a refuza sau anula orice comand\u0103. Sunte\u021bi de acord s\u0103 furniza\u021bi informa\u021bii actuale, complete \u0219i exacte privind achizi\u021bia \u0219i contul. Sunte\u021bi responsabil pentru actualizarea prompt\u0103 a contului dvs. \u0219i a detaliilor de plat\u0103.  <\/p>\n\n<h2 class=\"wp-block-heading\" id=\"h-7-use-of-pcn-and-country-tokens\"><strong>7. Utilizarea PCN \u0219i a jetoanelor de \u021bar\u0103<\/strong><\/h2>\n\n<p>Jetoanele PCN \u0219i de \u021bar\u0103 reprezint\u0103 drepturi de a trimite notific\u0103ri PCN c\u0103tre anumite \u021b\u0103ri din UE. Jetoanele sunt atribuite per produs per \u021bar\u0103. Jetoanele nu sunt rambursabile.  <\/p>\n\n<h2 class=\"wp-block-heading\" id=\"h-8-optional-tools-amp-third-party-links\"><strong>8. Instrumente op\u021bionale \u0219i linkuri c\u0103tre ter\u021be p\u0103r\u021bi<\/strong><\/h2>\n\n<p>Putem oferi acces la instrumentele ter\u021bilor f\u0103r\u0103 monitorizare sau control. Sunte\u021bi de acord s\u0103 utiliza\u021bi aceste instrumente pe propriul risc. Leg\u0103turile cu ter\u021be p\u0103r\u021bi de pe site-ul nostru v\u0103 pot direc\u021biona c\u0103tre site-uri externe. Nu suntem responsabili pentru con\u021binutul sau practicile acestora.   <\/p>\n\n<h2 class=\"wp-block-heading\" id=\"h-9-user-submissions-amp-feedback\"><strong>9. Propunerile utilizatorilor \u0219i feedback-ul<\/strong><\/h2>\n\n<p>Dac\u0103 trimite\u021bi sugestii, idei sau alte materiale (denumite colectiv &#8220;comentarii&#8221;), sunte\u021bi de acord c\u0103 le putem utiliza f\u0103r\u0103 restric\u021bii. Nu pute\u021bi posta con\u021binut ilegal, def\u0103im\u0103tor sau d\u0103un\u0103tor. Sunte\u021bi singurul responsabil pentru comentariile dumneavoastr\u0103.  <\/p>\n\n<h2 class=\"wp-block-heading\" id=\"h-10-personal-information\"><strong>10. Informa\u021bii personale<\/strong><\/h2>\n\n<p>Gestionarea de c\u0103tre noi a datelor cu caracter personal este reglementat\u0103 de <a href=\"https:\/\/www.ufi.eu\/ro\/politica-de-confidentialitate\/\">Politica noastr\u0103 de confiden\u021bialitate<\/a>. V\u0103 rug\u0103m s\u0103 o consulta\u021bi pentru mai multe informa\u021bii. <\/p>\n\n<h2 class=\"wp-block-heading\" id=\"h-11-errors-inaccuracies-amp-omissions\"><strong>11. Erori, inexactit\u0103\u021bi \u0219i omisiuni<\/strong><\/h2>\n\n<p>Ne rezerv\u0103m dreptul de a corecta orice erori, inexactit\u0103\u021bi sau omisiuni \u0219i de a anula sau actualiza comenzile \u00een cazul \u00een care informa\u021biile sunt incorecte, \u00een orice moment, f\u0103r\u0103 notificare prealabil\u0103, inclusiv dup\u0103 ce o comand\u0103 a fost trimis\u0103.<\/p>\n\n<h2 class=\"wp-block-heading\" id=\"h-12-prohibited-uses\"><strong>12. Utiliz\u0103ri interzise<\/strong><\/h2>\n\n<p>V\u0103 este interzis\u0103 utilizarea site-ului sau a con\u021binutului acestuia \u00een scopuri ilegale, pentru a \u00eenc\u0103lca drepturile de proprietate intelectual\u0103, a h\u0103r\u021bui alte persoane, a r\u0103sp\u00e2ndi programe malware, a colecta date personale sau a interfera cu securitatea site-ului.<\/p>\n\n<h2 class=\"wp-block-heading\" id=\"h-13-disclaimer-of-warranties-limitation-of-liability\"><strong>13. Excluderea garan\u021biilor; limitarea r\u0103spunderii<\/strong><\/h2>\n\n<p>Serviciile noastre sunt furnizate &#8220;a\u0219a cum sunt&#8221; \u0219i &#8220;conform disponibilit\u0103\u021bii&#8221;, f\u0103r\u0103 nicio garan\u021bie. Nu garant\u0103m servicii ne\u00eentrerupte sau f\u0103r\u0103 erori. \u00cen niciun caz UFI.EU sau directorii, angaja\u021bii sau afilia\u021bii s\u0103i nu vor fi r\u0103spunz\u0103tori pentru orice daune directe, indirecte, accidentale sau subsecvente rezultate din utilizarea serviciilor noastre.  <\/p>\n\n<h2 class=\"wp-block-heading\" id=\"h-14-indemnification\"><strong>14. Indemniza\u021bie<\/strong><\/h2>\n\n<p>Sunte\u021bi de acord s\u0103 desp\u0103gubi\u021bi \u0219i s\u0103 exonera\u021bi UFI.EU \u0219i afilia\u021bii s\u0103i de orice reclama\u021bie sau cerere, inclusiv de taxele legale, care rezult\u0103 din \u00eenc\u0103lcarea de c\u0103tre dvs. a acestor Termeni sau a oric\u0103rei legi sau drepturi ale ter\u021bilor.<\/p>\n\n<h2 class=\"wp-block-heading\" id=\"h-15-severability\"><strong>15. Severabilitatea<\/strong><\/h2>\n\n<p>\u00cen cazul \u00een care orice dispozi\u021bie a acestor Termeni se dovede\u0219te a fi ilegal\u0103 sau inaplicabil\u0103, celelalte dispozi\u021bii vor r\u0103m\u00e2ne \u00een vigoare.<\/p>\n\n<h2 class=\"wp-block-heading\" id=\"h-16-termination\"><strong>16. Rezilierea<\/strong><\/h2>\n\n<p>Ace\u0219ti Termeni sunt \u00een vigoare dac\u0103 nu sunt rezilia\u021bi de dvs. sau de noi. Putem rezilia acest acord \u00een orice moment dac\u0103 \u00eenc\u0103lca\u021bi ace\u0219ti Termeni. La reziliere, r\u0103m\u00e2ne\u021bi r\u0103spunz\u0103tor pentru toate sumele datorate.  <\/p>\n\n<h2 class=\"wp-block-heading\" id=\"h-17-entire-agreement\"><strong>17. Acordul integral<\/strong><\/h2>\n\n<p>Ace\u0219ti Termeni \u0219i orice politici publicate pe acest site constituie \u00eentregul acord dintre dvs. \u0219i UFI.EU privind utilizarea serviciilor noastre.<\/p>\n\n<h2 class=\"wp-block-heading\" id=\"h-18-governing-law\"><strong>18. Legea aplicabil\u0103<\/strong><\/h2>\n\n<p>Ace\u0219ti Termeni \u0219i orice litigii legate de ace\u0219tia vor fi reglementate \u0219i interpretate \u00een conformitate cu <strong>legisla\u021bia olandez\u0103<\/strong>. Toate acordurile sunt considerate a fi executate \u00een Almere, \u021a\u0103rile de Jos. <\/p>\n\n<h2 class=\"wp-block-heading\" id=\"h-19-changes-to-these-terms\"><strong>19. Modific\u0103ri ale prezentelor condi\u021bii<\/strong><\/h2>\n\n<p>Versiunea curent\u0103 a Termenilor este \u00eentotdeauna disponibil\u0103 pe aceast\u0103 pagin\u0103. Ne rezerv\u0103m dreptul de a actualiza, modifica sau \u00eenlocui orice parte a acestor Termeni la discre\u021bia noastr\u0103. <\/p>\n","protected":false},"excerpt":{"rendered":"<p>Companie: UFI.EU UFI.EUAdresa \u00eenregistrat\u0103: Str: Transistorstraat 91 &#8211; 02, 1322 CL Almere, \u021a\u0103rile de JosCamera de Comer\u021b (KvK): 61064939TVA ID: NL854189543B01 1. Prezentare general\u0103 Acest site este gestionat de UFI.EU. Pe tot parcursul site-ului, termenii &#8220;noi&#8221;, &#8220;ne&#8221; \u0219i &#8220;nostru&#8221; se refer\u0103 la UFI.EU. Vizit\u00e2nd site-ul nostru \u0219i\/sau cump\u0103r\u00e2nd ceva de la noi, utiliza\u021bi &#8220;serviciul&#8221; nostru [&hellip;]<\/p>\n","protected":false},"author":1,"featured_media":0,"parent":0,"menu_order":0,"comment_status":"closed","ping_status":"closed","template":"","meta":{"footnotes":""},"class_list":["post-11313","page","type-page","status-publish","hentry"],"yoast_head":"<!-- This site is optimized with the Yoast SEO Premium plugin v25.1 (Yoast SEO v25.1) - https:\/\/yoast.com\/wordpress\/plugins\/seo\/ -->\n<title>Termeni \u0219i condi\u021bii - UFI<\/title>\n<meta name=\"robots\" content=\"index, follow, max-snippet:-1, max-image-preview:large, max-video-preview:-1\" \/>\n<link rel=\"canonical\" href=\"https:\/\/www.ufi.eu\/ro\/termeni-si-conditii\/\" \/>\n<meta property=\"og:locale\" content=\"ro_RO\" \/>\n<meta property=\"og:type\" content=\"article\" \/>\n<meta property=\"og:title\" content=\"Termeni \u0219i condi\u021bii\" \/>\n<meta property=\"og:description\" content=\"Companie: UFI.EU UFI.EUAdresa \u00eenregistrat\u0103: Str: Transistorstraat 91 &#8211; 02, 1322 CL Almere, \u021a\u0103rile de JosCamera de Comer\u021b (KvK): 61064939TVA ID: NL854189543B01 1. Prezentare general\u0103 Acest site este gestionat de UFI.EU. Pe tot parcursul site-ului, termenii &#8220;noi&#8221;, &#8220;ne&#8221; \u0219i &#8220;nostru&#8221; se refer\u0103 la UFI.EU. Vizit\u00e2nd site-ul nostru \u0219i\/sau cump\u0103r\u00e2nd ceva de la noi, utiliza\u021bi &#8220;serviciul&#8221; nostru [&hellip;]\" \/>\n<meta property=\"og:url\" content=\"https:\/\/www.ufi.eu\/ro\/termeni-si-conditii\/\" \/>\n<meta property=\"og:site_name\" content=\"UFI\" \/>\n<meta property=\"article:modified_time\" content=\"2025-04-15T07:32:43+00:00\" \/>\n<meta name=\"twitter:card\" content=\"summary_large_image\" \/>\n<meta name=\"twitter:label1\" content=\"Timp estimat pentru citire\" \/>\n\t<meta name=\"twitter:data1\" content=\"6 minut\" \/>\n<script type=\"application\/ld+json\" class=\"yoast-schema-graph\">{\"@context\":\"https:\/\/schema.org\",\"@graph\":[{\"@type\":\"WebPage\",\"@id\":\"https:\/\/www.ufi.eu\/ro\/termeni-si-conditii\/\",\"url\":\"https:\/\/www.ufi.eu\/ro\/termeni-si-conditii\/\",\"name\":\"Termeni \u0219i condi\u021bii - UFI\",\"isPartOf\":{\"@id\":\"https:\/\/www.ufi.eu\/ro\/#website\"},\"datePublished\":\"2025-04-15T07:32:42+00:00\",\"dateModified\":\"2025-04-15T07:32:43+00:00\",\"breadcrumb\":{\"@id\":\"https:\/\/www.ufi.eu\/ro\/termeni-si-conditii\/#breadcrumb\"},\"inLanguage\":\"ro-RO\",\"potentialAction\":[{\"@type\":\"ReadAction\",\"target\":[\"https:\/\/www.ufi.eu\/ro\/termeni-si-conditii\/\"]}]},{\"@type\":\"BreadcrumbList\",\"@id\":\"https:\/\/www.ufi.eu\/ro\/termeni-si-conditii\/#breadcrumb\",\"itemListElement\":[{\"@type\":\"ListItem\",\"position\":1,\"name\":\"Home\",\"item\":\"https:\/\/www.ufi.eu\/ro\/acasa\/\"},{\"@type\":\"ListItem\",\"position\":2,\"name\":\"Termeni \u0219i condi\u021bii\"}]},{\"@type\":\"WebSite\",\"@id\":\"https:\/\/www.ufi.eu\/ro\/#website\",\"url\":\"https:\/\/www.ufi.eu\/ro\/\",\"name\":\"UFI.EU\",\"description\":\"Poison Centre Notifications (PCN) and UFI\",\"publisher\":{\"@id\":\"https:\/\/www.ufi.eu\/ro\/#organization\"},\"potentialAction\":[{\"@type\":\"SearchAction\",\"target\":{\"@type\":\"EntryPoint\",\"urlTemplate\":\"https:\/\/www.ufi.eu\/ro\/?s={search_term_string}\"},\"query-input\":{\"@type\":\"PropertyValueSpecification\",\"valueRequired\":true,\"valueName\":\"search_term_string\"}}],\"inLanguage\":\"ro-RO\"},{\"@type\":\"Organization\",\"@id\":\"https:\/\/www.ufi.eu\/ro\/#organization\",\"name\":\"UFI.EU\",\"url\":\"https:\/\/www.ufi.eu\/ro\/\",\"logo\":{\"@type\":\"ImageObject\",\"inLanguage\":\"ro-RO\",\"@id\":\"https:\/\/www.ufi.eu\/ro\/#\/schema\/logo\/image\/\",\"url\":\"https:\/\/www.ufi.eu\/wp-content\/uploads\/2025\/03\/cropped-logo_ufi3.jpg\",\"contentUrl\":\"https:\/\/www.ufi.eu\/wp-content\/uploads\/2025\/03\/cropped-logo_ufi3.jpg\",\"width\":231,\"height\":78,\"caption\":\"UFI.EU\"},\"image\":{\"@id\":\"https:\/\/www.ufi.eu\/ro\/#\/schema\/logo\/image\/\"},\"description\":\"UFI.eu specializes in digital registrations for Poison Centre Notifications (PCN), ensuring your chemical products meet EU regulatory requirements effortlessly. Our streamlined solutions help businesses stay compliant while reducing complexity and administrative burden.\",\"email\":\"info@ufi.eu\",\"legalName\":\"UFI.EU\"}]}<\/script>\n<!-- \/ Yoast SEO Premium plugin. -->","yoast_head_json":{"title":"Termeni \u0219i condi\u021bii - UFI","robots":{"index":"index","follow":"follow","max-snippet":"max-snippet:-1","max-image-preview":"max-image-preview:large","max-video-preview":"max-video-preview:-1"},"canonical":"https:\/\/www.ufi.eu\/ro\/termeni-si-conditii\/","og_locale":"ro_RO","og_type":"article","og_title":"Termeni \u0219i condi\u021bii","og_description":"Companie: UFI.EU UFI.EUAdresa \u00eenregistrat\u0103: Str: Transistorstraat 91 &#8211; 02, 1322 CL Almere, \u021a\u0103rile de JosCamera de Comer\u021b (KvK): 61064939TVA ID: NL854189543B01 1. Prezentare general\u0103 Acest site este gestionat de UFI.EU. Pe tot parcursul site-ului, termenii &#8220;noi&#8221;, &#8220;ne&#8221; \u0219i &#8220;nostru&#8221; se refer\u0103 la UFI.EU. Vizit\u00e2nd site-ul nostru \u0219i\/sau cump\u0103r\u00e2nd ceva de la noi, utiliza\u021bi &#8220;serviciul&#8221; nostru [&hellip;]","og_url":"https:\/\/www.ufi.eu\/ro\/termeni-si-conditii\/","og_site_name":"UFI","article_modified_time":"2025-04-15T07:32:43+00:00","twitter_card":"summary_large_image","twitter_misc":{"Timp estimat pentru citire":"6 minut"},"schema":{"@context":"https:\/\/schema.org","@graph":[{"@type":"WebPage","@id":"https:\/\/www.ufi.eu\/ro\/termeni-si-conditii\/","url":"https:\/\/www.ufi.eu\/ro\/termeni-si-conditii\/","name":"Termeni \u0219i condi\u021bii - UFI","isPartOf":{"@id":"https:\/\/www.ufi.eu\/ro\/#website"},"datePublished":"2025-04-15T07:32:42+00:00","dateModified":"2025-04-15T07:32:43+00:00","breadcrumb":{"@id":"https:\/\/www.ufi.eu\/ro\/termeni-si-conditii\/#breadcrumb"},"inLanguage":"ro-RO","potentialAction":[{"@type":"ReadAction","target":["https:\/\/www.ufi.eu\/ro\/termeni-si-conditii\/"]}]},{"@type":"BreadcrumbList","@id":"https:\/\/www.ufi.eu\/ro\/termeni-si-conditii\/#breadcrumb","itemListElement":[{"@type":"ListItem","position":1,"name":"Home","item":"https:\/\/www.ufi.eu\/ro\/acasa\/"},{"@type":"ListItem","position":2,"name":"Termeni \u0219i condi\u021bii"}]},{"@type":"WebSite","@id":"https:\/\/www.ufi.eu\/ro\/#website","url":"https:\/\/www.ufi.eu\/ro\/","name":"UFI.EU","description":"Poison Centre Notifications (PCN) and UFI","publisher":{"@id":"https:\/\/www.ufi.eu\/ro\/#organization"},"potentialAction":[{"@type":"SearchAction","target":{"@type":"EntryPoint","urlTemplate":"https:\/\/www.ufi.eu\/ro\/?s={search_term_string}"},"query-input":{"@type":"PropertyValueSpecification","valueRequired":true,"valueName":"search_term_string"}}],"inLanguage":"ro-RO"},{"@type":"Organization","@id":"https:\/\/www.ufi.eu\/ro\/#organization","name":"UFI.EU","url":"https:\/\/www.ufi.eu\/ro\/","logo":{"@type":"ImageObject","inLanguage":"ro-RO","@id":"https:\/\/www.ufi.eu\/ro\/#\/schema\/logo\/image\/","url":"https:\/\/www.ufi.eu\/wp-content\/uploads\/2025\/03\/cropped-logo_ufi3.jpg","contentUrl":"https:\/\/www.ufi.eu\/wp-content\/uploads\/2025\/03\/cropped-logo_ufi3.jpg","width":231,"height":78,"caption":"UFI.EU"},"image":{"@id":"https:\/\/www.ufi.eu\/ro\/#\/schema\/logo\/image\/"},"description":"UFI.eu specializes in digital registrations for Poison Centre Notifications (PCN), ensuring your chemical products meet EU regulatory requirements effortlessly. Our streamlined solutions help businesses stay compliant while reducing complexity and administrative burden.","email":"info@ufi.eu","legalName":"UFI.EU"}]}},"_links":{"self":[{"href":"https:\/\/www.ufi.eu\/ro\/wp-json\/wp\/v2\/pages\/11313","targetHints":{"allow":["GET"]}}],"collection":[{"href":"https:\/\/www.ufi.eu\/ro\/wp-json\/wp\/v2\/pages"}],"about":[{"href":"https:\/\/www.ufi.eu\/ro\/wp-json\/wp\/v2\/types\/page"}],"author":[{"embeddable":true,"href":"https:\/\/www.ufi.eu\/ro\/wp-json\/wp\/v2\/users\/1"}],"replies":[{"embeddable":true,"href":"https:\/\/www.ufi.eu\/ro\/wp-json\/wp\/v2\/comments?post=11313"}],"version-history":[{"count":1,"href":"https:\/\/www.ufi.eu\/ro\/wp-json\/wp\/v2\/pages\/11313\/revisions"}],"predecessor-version":[{"id":11320,"href":"https:\/\/www.ufi.eu\/ro\/wp-json\/wp\/v2\/pages\/11313\/revisions\/11320"}],"wp:attachment":[{"href":"https:\/\/www.ufi.eu\/ro\/wp-json\/wp\/v2\/media?parent=11313"}],"curies":[{"name":"wp","href":"https:\/\/api.w.org\/{rel}","templated":true}]}}