{"id":31701,"date":"2025-09-24T14:37:07","date_gmt":"2025-09-24T14:37:07","guid":{"rendered":"https:\/\/www.ufi.eu\/product\/todos-os-paises-do-eee-para-o-pacote-de-registo-pcn\/"},"modified":"2025-09-24T14:37:15","modified_gmt":"2025-09-24T14:37:15","slug":"todos-os-paises-do-eee-para-o-pacote-de-registo-pcn","status":"publish","type":"product","link":"https:\/\/www.ufi.eu\/pt-pt\/product\/todos-os-paises-do-eee-para-o-pacote-de-registo-pcn\/","title":{"rendered":"Todos os pa\u00edses do EEE para o pacote de registo PCN"},"content":{"rendered":"\n<h2 class=\"wp-block-heading\" id=\"h-launch-your-product-across-europe-with-ease\">Lan\u00e7ar o seu produto na Europa com facilidade<\/h2>\n\n<p>Ao registar o seu produto para efeitos de Notifica\u00e7\u00e3o de Centro de Intoxica\u00e7\u00e3o da UE (PCN), cada pa\u00eds onde tenciona vender exige a apresenta\u00e7\u00e3o \u00e0 respectiva autoridade nacional. Com o nosso registo PCN nos pa\u00edses da UE, pode selecionar os pa\u00edses exactos onde pretende lan\u00e7ar o seu produto, o que lhe d\u00e1 total flexibilidade e controlo sobre o seu alcance no mercado.<\/p>\n\n<h2 class=\"wp-block-heading\" id=\"h-what-you-re-purchasing\">O que est\u00e1 a comprar<\/h2>\n\n<p>Este produto \u00e9 um <strong>pacote para todos os pa\u00edses do EEE<\/strong>. Estes 30 tokens podem ser utilizados <strong>em qualquer registo de NCP<\/strong> que efectue connosco. Uma vez adquiridos, os pa\u00edses s\u00e3o <strong>adicionados \u00e0 <a href=\"https:\/\/www.ufi.eu\/my-account\/points\/\">sua lista de pa\u00edses de NCP<\/a><\/strong> e podem ser aplicados ao preencher o nosso <strong>formul\u00e1rio de registo de NCP<\/strong> para o seu produto.  <\/p>\n\n<p><strong>Ter\u00e1 tamb\u00e9m de <a href=\"https:\/\/www.ufi.eu\/shop\/\">comprar um NCP para o seu produto<\/a>. Este produto \u00e9 apenas um pa\u00eds solto, n\u00e3o o PCN. <\/strong><\/p>\n\n<h4 class=\"wp-block-heading\">\u2705 Como funciona:<\/h4>\n\n<ol class=\"wp-block-list\">\n<li>Determinar <strong>os pa\u00edses<\/strong> onde tenciona vender.<\/li>\n\n\n\n<li>Comprar o n\u00famero de <strong>fichas de pa\u00eds<\/strong>.<\/li>\n\n\n\n<li><a href=\"https:\/\/www.ufi.eu\/pt-pt\/novo-produto\/\">Envie-nos o formul\u00e1rio de registo do seu produto<\/a>.<\/li>\n\n\n\n<li>Basta atribuir os pa\u00edses para os quais pretende que enviemos o seu produto para apresenta\u00e7\u00e3o de PCN.<\/li>\n\n\n\n<li>O token de pa\u00eds \u00e9 deduzido do seu total quando submete o seu formul\u00e1rio connosco.<\/li>\n<\/ol>\n\n<p>Quer esteja a lan\u00e7ar um produto ou a gerir uma carteira completa, pode <strong>utilizar <a href=\"https:\/\/www.ufi.eu\/my-account\/points\/\">os tokens de pa\u00eds adquiridos<\/a><\/strong> em diferentes submiss\u00f5es de PCN &#8211; poupando tempo, garantindo a conformidade e expandindo a sua presen\u00e7a no mercado da UE sem esfor\u00e7o.<\/p>\n\n<h3 class=\"wp-block-heading\" id=\"h-supported-eu-countries\">Pa\u00edses da UE apoiados<\/h3>\n\n<p>A UE tem 27 pa\u00edses e o EEE tem 30 (UE+Lichtenstein, Noruega e Isl\u00e2ndia). No portal, pode selecionar entre estes pa\u00edses:<\/p>\n\n<figure class=\"wp-block-table\"><table class=\"has-fixed-layout\"><tbody><tr><td>B\u00e9lgica<\/td><td>(BE)<\/td><td>Espanha<\/td><td>(ES)<\/td><td>Hungria<\/td><td>(HU)<\/td><td>Eslov\u00e1quia<\/td><td>(SK)<\/td><\/tr><tr><td>Bulg\u00e1ria<\/td><td>(BG)<\/td><td>Fran\u00e7a<\/td><td>(FR)<\/td><td>Malta<\/td><td>(MT)<\/td><td>Finl\u00e2ndia<\/td><td>(FI)<\/td><\/tr><tr><td>Rep\u00fablica Checa<\/td><td>(CZ)<\/td><td>Cro\u00e1cia<\/td><td>(HR)<\/td><td>Pa\u00edses Baixos<\/td><td>(NL)<\/td><td>Su\u00e9cia<\/td><td>(SE)<\/td><\/tr><tr><td>Dinamarca<\/td><td>(DK)<\/td><td>It\u00e1lia<\/td><td>(IT)<\/td><td>\u00c1ustria<\/td><td>(AT)<\/td><td>Alemanha<\/td><td>(DE)<\/td><\/tr><tr><td>Chipre<\/td><td>(CY)<\/td><td>Pol\u00f3nia<\/td><td>(PL)<\/td><td>Isl\u00e2ndia<\/td><td>(IS)<\/td><td>Est\u00f3nia<\/td><td>(EE)<\/td><\/tr><tr><td>Let\u00f3nia<\/td><td>(LV)<\/td><td>Portugal<\/td><td>(PT)<\/td><td>Liechtenstein<\/td><td>(LI)<\/td><td>Irlanda<\/td><td>(IE)<\/td><\/tr><tr><td>Litu\u00e2nia<\/td><td>(LT)<\/td><td>Rom\u00e9nia<\/td><td>(RO)<\/td><td>Noruega<\/td><td>(N\u00c3O)<\/td><td>Gr\u00e9cia<\/td><td>(EL)<\/td><\/tr><tr><td>Luxemburgo<\/td><td>(LU)<\/td><td>Eslov\u00e9nia<\/td><td>(SI)<\/td><td>Su\u00ed\u00e7a*<\/td><td>(CH)<\/td><td><\/td><td><\/td><\/tr><\/tbody><\/table><\/figure>\n\n<p>*Para a Su\u00ed\u00e7a, podemos criar o dossier PCN, com todas as informa\u00e7\u00f5es necess\u00e1rias para efetuar uma apresenta\u00e7\u00e3o no portal su\u00ed\u00e7o. Contacte-nos para mais informa\u00e7\u00f5es. <\/p>\n\n<h2 class=\"wp-block-heading\" id=\"h-example-of-how-it-works\">Exemplo de como funciona<\/h2>\n\n<p>Est\u00e1 a lan\u00e7ar um novo produto de limpeza em <strong>Fran\u00e7a, Alemanha e Espanha<\/strong>. Basta comprar tr\u00eas pa\u00edses. Ao preencher o formul\u00e1rio de registo de PCN connosco, atribuir\u00e1 esses tokens de pa\u00eds ao produto &#8211; garantindo a conformidade legal nos tr\u00eas mercados sem o inc\u00f3modo de envios individuais.  <\/p>\n\n<p><\/p>\n","protected":false},"excerpt":{"rendered":"<p>Lan\u00e7ar o seu produto na Europa com facilidade Ao registar o seu produto para efeitos de Notifica\u00e7\u00e3o de Centro de Intoxica\u00e7\u00e3o da UE (PCN), cada pa\u00eds onde tenciona vender exige a apresenta\u00e7\u00e3o \u00e0 respectiva autoridade nacional. Com o nosso registo PCN nos pa\u00edses da UE, pode selecionar os pa\u00edses exactos onde pretende lan\u00e7ar o seu [&hellip;]<\/p>\n","protected":false},"featured_media":12570,"template":"","meta":[],"product_brand":[],"product_cat":[301],"product_tag":[],"class_list":{"0":"post-31701","1":"product","2":"type-product","3":"status-publish","4":"has-post-thumbnail","6":"product_cat-ficha-de-dados-de-seguranca","8":"first","9":"instock","10":"taxable","11":"shipping-taxable","12":"purchasable","13":"product-type-simple"},"bundled_by":["31742"],"bundle_stock_status":"instock","bundle_stock_quantity":null,"bundle_virtual":false,"bundle_layout":"","bundle_add_to_cart_form_location":"","bundle_editable_in_cart":false,"bundle_sold_individually_context":"","bundle_item_grouping":"","bundle_min_size":"","bundle_max_size":"","bundle_price":[],"bundled_items":[],"bundle_sell_ids":[],"yoast_head":"<!-- This site is optimized with the Yoast SEO Premium plugin v25.1 (Yoast SEO v25.1) - https:\/\/yoast.com\/wordpress\/plugins\/seo\/ -->\n<title>Todos os pa\u00edses do EEE para o pacote de registo PCN - UFI<\/title>\n<meta name=\"description\" content=\"Este produto \u00e9 um pacote para todos os pa\u00edses do EEE. Estes 30 tokens podem ser utilizados em qualquer registo de NCP que efectue connosco. Uma vez adquiridos, os pa\u00edses s\u00e3o adicionados \u00e0 sua lista de pa\u00edses de NCP e podem ser aplicados ao preencher o nosso formul\u00e1rio de registo de NCP para o seu produto.\" \/>\n<meta name=\"robots\" content=\"index, follow, max-snippet:-1, max-image-preview:large, max-video-preview:-1\" \/>\n<link rel=\"canonical\" href=\"https:\/\/www.ufi.eu\/pt-pt\/product\/todos-os-paises-do-eee-para-o-pacote-de-registo-pcn\/\" \/>\n<meta property=\"og:locale\" content=\"pt_PT\" \/>\n<meta property=\"og:type\" content=\"article\" \/>\n<meta property=\"og:title\" content=\"Todos os pa\u00edses do EEE para o pacote de registo PCN\" \/>\n<meta property=\"og:description\" content=\"Este produto \u00e9 um pacote para todos os pa\u00edses do EEE. Estes 30 tokens podem ser utilizados em qualquer registo de NCP que efectue connosco. Uma vez adquiridos, os pa\u00edses s\u00e3o adicionados \u00e0 sua lista de pa\u00edses de NCP e podem ser aplicados ao preencher o nosso formul\u00e1rio de registo de NCP para o seu produto.\" \/>\n<meta property=\"og:url\" content=\"https:\/\/www.ufi.eu\/pt-pt\/product\/todos-os-paises-do-eee-para-o-pacote-de-registo-pcn\/\" \/>\n<meta property=\"og:site_name\" content=\"UFI\" \/>\n<meta property=\"article:modified_time\" content=\"2025-09-24T14:37:15+00:00\" \/>\n<meta property=\"og:image\" content=\"https:\/\/www.ufi.eu\/wp-content\/uploads\/2025\/03\/eu.jpg\" \/>\n\t<meta property=\"og:image:width\" content=\"800\" \/>\n\t<meta property=\"og:image:height\" content=\"800\" \/>\n\t<meta property=\"og:image:type\" content=\"image\/jpeg\" \/>\n<meta name=\"twitter:card\" content=\"summary_large_image\" \/>\n<meta name=\"twitter:label1\" content=\"pre\u00e7o\" \/>\n\t<meta name=\"twitter:data1\" content=\"&euro;415.00\" \/>\n\t<meta name=\"twitter:label2\" content=\"Disponibilidade\" \/>\n\t<meta name=\"twitter:data2\" content=\"Em stock\" \/>\n<script type=\"application\/ld+json\" class=\"yoast-schema-graph\">{\"@context\":\"https:\/\/schema.org\",\"@graph\":[{\"@type\":\"WebPage\",\"@id\":\"https:\/\/www.ufi.eu\/pt-pt\/product\/todos-os-paises-do-eee-para-o-pacote-de-registo-pcn\/\",\"url\":\"https:\/\/www.ufi.eu\/pt-pt\/product\/todos-os-paises-do-eee-para-o-pacote-de-registo-pcn\/\",\"name\":\"Todos os pa\u00edses do EEE para o pacote de registo PCN - UFI\",\"isPartOf\":{\"@id\":\"https:\/\/www.ufi.eu\/pt-pt\/#website\"},\"primaryImageOfPage\":{\"@id\":\"https:\/\/www.ufi.eu\/pt-pt\/product\/todos-os-paises-do-eee-para-o-pacote-de-registo-pcn\/#primaryimage\"},\"image\":{\"@id\":\"https:\/\/www.ufi.eu\/pt-pt\/product\/todos-os-paises-do-eee-para-o-pacote-de-registo-pcn\/#primaryimage\"},\"thumbnailUrl\":\"https:\/\/www.ufi.eu\/wp-content\/uploads\/2025\/03\/eu.jpg\",\"datePublished\":\"2025-09-24T14:37:07+00:00\",\"dateModified\":\"2025-09-24T14:37:15+00:00\",\"description\":\"Este produto \u00e9 um pacote para todos os pa\u00edses do EEE. Estes 30 tokens podem ser utilizados em qualquer registo de NCP que efectue connosco. Uma vez adquiridos, os pa\u00edses s\u00e3o adicionados \u00e0 sua lista de pa\u00edses de NCP e podem ser aplicados ao preencher o nosso formul\u00e1rio de registo de NCP para o seu produto.\",\"breadcrumb\":{\"@id\":\"https:\/\/www.ufi.eu\/pt-pt\/product\/todos-os-paises-do-eee-para-o-pacote-de-registo-pcn\/#breadcrumb\"},\"inLanguage\":\"pt-PT\",\"potentialAction\":[{\"@type\":\"ReadAction\",\"target\":[\"https:\/\/www.ufi.eu\/pt-pt\/product\/todos-os-paises-do-eee-para-o-pacote-de-registo-pcn\/\"]}]},{\"@type\":\"ImageObject\",\"inLanguage\":\"pt-PT\",\"@id\":\"https:\/\/www.ufi.eu\/pt-pt\/product\/todos-os-paises-do-eee-para-o-pacote-de-registo-pcn\/#primaryimage\",\"url\":\"https:\/\/www.ufi.eu\/wp-content\/uploads\/2025\/03\/eu.jpg\",\"contentUrl\":\"https:\/\/www.ufi.eu\/wp-content\/uploads\/2025\/03\/eu.jpg\",\"width\":800,\"height\":800},{\"@type\":\"BreadcrumbList\",\"@id\":\"https:\/\/www.ufi.eu\/pt-pt\/product\/todos-os-paises-do-eee-para-o-pacote-de-registo-pcn\/#breadcrumb\",\"itemListElement\":[{\"@type\":\"ListItem\",\"position\":1,\"name\":\"Home\",\"item\":\"https:\/\/www.ufi.eu\/pt-pt\/inicio\/\"},{\"@type\":\"ListItem\",\"position\":2,\"name\":\"Loja\",\"item\":\"https:\/\/www.ufi.eu\/pt-pt\/loja\/\"},{\"@type\":\"ListItem\",\"position\":3,\"name\":\"Todos os pa\u00edses do EEE para o pacote de registo PCN\"}]},{\"@type\":\"WebSite\",\"@id\":\"https:\/\/www.ufi.eu\/pt-pt\/#website\",\"url\":\"https:\/\/www.ufi.eu\/pt-pt\/\",\"name\":\"UFI.EU\",\"description\":\"Poison Centre Notifications (PCN) and UFI\",\"publisher\":{\"@id\":\"https:\/\/www.ufi.eu\/pt-pt\/#organization\"},\"potentialAction\":[{\"@type\":\"SearchAction\",\"target\":{\"@type\":\"EntryPoint\",\"urlTemplate\":\"https:\/\/www.ufi.eu\/pt-pt\/?s={search_term_string}\"},\"query-input\":{\"@type\":\"PropertyValueSpecification\",\"valueRequired\":true,\"valueName\":\"search_term_string\"}}],\"inLanguage\":\"pt-PT\"},{\"@type\":\"Organization\",\"@id\":\"https:\/\/www.ufi.eu\/pt-pt\/#organization\",\"name\":\"UFI.EU\",\"url\":\"https:\/\/www.ufi.eu\/pt-pt\/\",\"logo\":{\"@type\":\"ImageObject\",\"inLanguage\":\"pt-PT\",\"@id\":\"https:\/\/www.ufi.eu\/pt-pt\/#\/schema\/logo\/image\/\",\"url\":\"https:\/\/www.ufi.eu\/wp-content\/uploads\/2025\/03\/cropped-logo_ufi3.jpg\",\"contentUrl\":\"https:\/\/www.ufi.eu\/wp-content\/uploads\/2025\/03\/cropped-logo_ufi3.jpg\",\"width\":231,\"height\":78,\"caption\":\"UFI.EU\"},\"image\":{\"@id\":\"https:\/\/www.ufi.eu\/pt-pt\/#\/schema\/logo\/image\/\"},\"description\":\"UFI.eu specializes in digital registrations for Poison Centre Notifications (PCN), ensuring your chemical products meet EU regulatory requirements effortlessly. Our streamlined solutions help businesses stay compliant while reducing complexity and administrative burden.\",\"email\":\"info@ufi.eu\",\"legalName\":\"UFI.EU\"}]}<\/script>\n<meta property=\"product:price:amount\" content=\"415.00\" \/>\n<meta property=\"product:price:currency\" content=\"EUR\" \/>\n<meta property=\"og:availability\" content=\"instock\" \/>\n<meta property=\"product:availability\" content=\"instock\" \/>\n<meta property=\"product:condition\" content=\"new\" \/>\n<!-- \/ Yoast SEO Premium plugin. -->","yoast_head_json":{"title":"Todos os pa\u00edses do EEE para o pacote de registo PCN - UFI","description":"Este produto \u00e9 um pacote para todos os pa\u00edses do EEE. Estes 30 tokens podem ser utilizados em qualquer registo de NCP que efectue connosco. Uma vez adquiridos, os pa\u00edses s\u00e3o adicionados \u00e0 sua lista de pa\u00edses de NCP e podem ser aplicados ao preencher o nosso formul\u00e1rio de registo de NCP para o seu produto.","robots":{"index":"index","follow":"follow","max-snippet":"max-snippet:-1","max-image-preview":"max-image-preview:large","max-video-preview":"max-video-preview:-1"},"canonical":"https:\/\/www.ufi.eu\/pt-pt\/product\/todos-os-paises-do-eee-para-o-pacote-de-registo-pcn\/","og_locale":"pt_PT","og_type":"article","og_title":"Todos os pa\u00edses do EEE para o pacote de registo PCN","og_description":"Este produto \u00e9 um pacote para todos os pa\u00edses do EEE. Estes 30 tokens podem ser utilizados em qualquer registo de NCP que efectue connosco. Uma vez adquiridos, os pa\u00edses s\u00e3o adicionados \u00e0 sua lista de pa\u00edses de NCP e podem ser aplicados ao preencher o nosso formul\u00e1rio de registo de NCP para o seu produto.","og_url":"https:\/\/www.ufi.eu\/pt-pt\/product\/todos-os-paises-do-eee-para-o-pacote-de-registo-pcn\/","og_site_name":"UFI","article_modified_time":"2025-09-24T14:37:15+00:00","og_image":[{"width":800,"height":800,"url":"https:\/\/www.ufi.eu\/wp-content\/uploads\/2025\/03\/eu.jpg","type":"image\/jpeg"}],"twitter_card":"summary_large_image","twitter_misc":{"pre\u00e7o":"&euro;415.00","Disponibilidade":"Em stock"},"schema":{"@context":"https:\/\/schema.org","@graph":[{"@type":"WebPage","@id":"https:\/\/www.ufi.eu\/pt-pt\/product\/todos-os-paises-do-eee-para-o-pacote-de-registo-pcn\/","url":"https:\/\/www.ufi.eu\/pt-pt\/product\/todos-os-paises-do-eee-para-o-pacote-de-registo-pcn\/","name":"Todos os pa\u00edses do EEE para o pacote de registo PCN - UFI","isPartOf":{"@id":"https:\/\/www.ufi.eu\/pt-pt\/#website"},"primaryImageOfPage":{"@id":"https:\/\/www.ufi.eu\/pt-pt\/product\/todos-os-paises-do-eee-para-o-pacote-de-registo-pcn\/#primaryimage"},"image":{"@id":"https:\/\/www.ufi.eu\/pt-pt\/product\/todos-os-paises-do-eee-para-o-pacote-de-registo-pcn\/#primaryimage"},"thumbnailUrl":"https:\/\/www.ufi.eu\/wp-content\/uploads\/2025\/03\/eu.jpg","datePublished":"2025-09-24T14:37:07+00:00","dateModified":"2025-09-24T14:37:15+00:00","description":"Este produto \u00e9 um pacote para todos os pa\u00edses do EEE. Estes 30 tokens podem ser utilizados em qualquer registo de NCP que efectue connosco. Uma vez adquiridos, os pa\u00edses s\u00e3o adicionados \u00e0 sua lista de pa\u00edses de NCP e podem ser aplicados ao preencher o nosso formul\u00e1rio de registo de NCP para o seu produto.","breadcrumb":{"@id":"https:\/\/www.ufi.eu\/pt-pt\/product\/todos-os-paises-do-eee-para-o-pacote-de-registo-pcn\/#breadcrumb"},"inLanguage":"pt-PT","potentialAction":[{"@type":"ReadAction","target":["https:\/\/www.ufi.eu\/pt-pt\/product\/todos-os-paises-do-eee-para-o-pacote-de-registo-pcn\/"]}]},{"@type":"ImageObject","inLanguage":"pt-PT","@id":"https:\/\/www.ufi.eu\/pt-pt\/product\/todos-os-paises-do-eee-para-o-pacote-de-registo-pcn\/#primaryimage","url":"https:\/\/www.ufi.eu\/wp-content\/uploads\/2025\/03\/eu.jpg","contentUrl":"https:\/\/www.ufi.eu\/wp-content\/uploads\/2025\/03\/eu.jpg","width":800,"height":800},{"@type":"BreadcrumbList","@id":"https:\/\/www.ufi.eu\/pt-pt\/product\/todos-os-paises-do-eee-para-o-pacote-de-registo-pcn\/#breadcrumb","itemListElement":[{"@type":"ListItem","position":1,"name":"Home","item":"https:\/\/www.ufi.eu\/pt-pt\/inicio\/"},{"@type":"ListItem","position":2,"name":"Loja","item":"https:\/\/www.ufi.eu\/pt-pt\/loja\/"},{"@type":"ListItem","position":3,"name":"Todos os pa\u00edses do EEE para o pacote de registo PCN"}]},{"@type":"WebSite","@id":"https:\/\/www.ufi.eu\/pt-pt\/#website","url":"https:\/\/www.ufi.eu\/pt-pt\/","name":"UFI.EU","description":"Poison Centre Notifications (PCN) and UFI","publisher":{"@id":"https:\/\/www.ufi.eu\/pt-pt\/#organization"},"potentialAction":[{"@type":"SearchAction","target":{"@type":"EntryPoint","urlTemplate":"https:\/\/www.ufi.eu\/pt-pt\/?s={search_term_string}"},"query-input":{"@type":"PropertyValueSpecification","valueRequired":true,"valueName":"search_term_string"}}],"inLanguage":"pt-PT"},{"@type":"Organization","@id":"https:\/\/www.ufi.eu\/pt-pt\/#organization","name":"UFI.EU","url":"https:\/\/www.ufi.eu\/pt-pt\/","logo":{"@type":"ImageObject","inLanguage":"pt-PT","@id":"https:\/\/www.ufi.eu\/pt-pt\/#\/schema\/logo\/image\/","url":"https:\/\/www.ufi.eu\/wp-content\/uploads\/2025\/03\/cropped-logo_ufi3.jpg","contentUrl":"https:\/\/www.ufi.eu\/wp-content\/uploads\/2025\/03\/cropped-logo_ufi3.jpg","width":231,"height":78,"caption":"UFI.EU"},"image":{"@id":"https:\/\/www.ufi.eu\/pt-pt\/#\/schema\/logo\/image\/"},"description":"UFI.eu specializes in digital registrations for Poison Centre Notifications (PCN), ensuring your chemical products meet EU regulatory requirements effortlessly. Our streamlined solutions help businesses stay compliant while reducing complexity and administrative burden.","email":"info@ufi.eu","legalName":"UFI.EU"}]},"product_price_amount":"415.00","product_price_currency":"EUR","og_availability":"instock","product_availability":"instock","product_condition":"new"},"_links":{"self":[{"href":"https:\/\/www.ufi.eu\/pt-pt\/wp-json\/wp\/v2\/product\/31701","targetHints":{"allow":["GET"]}}],"collection":[{"href":"https:\/\/www.ufi.eu\/pt-pt\/wp-json\/wp\/v2\/product"}],"about":[{"href":"https:\/\/www.ufi.eu\/pt-pt\/wp-json\/wp\/v2\/types\/product"}],"wp:featuredmedia":[{"embeddable":true,"href":"https:\/\/www.ufi.eu\/pt-pt\/wp-json\/wp\/v2\/media\/12570"}],"wp:attachment":[{"href":"https:\/\/www.ufi.eu\/pt-pt\/wp-json\/wp\/v2\/media?parent=31701"}],"wp:term":[{"taxonomy":"product_brand","embeddable":true,"href":"https:\/\/www.ufi.eu\/pt-pt\/wp-json\/wp\/v2\/product_brand?post=31701"},{"taxonomy":"product_cat","embeddable":true,"href":"https:\/\/www.ufi.eu\/pt-pt\/wp-json\/wp\/v2\/product_cat?post=31701"},{"taxonomy":"product_tag","embeddable":true,"href":"https:\/\/www.ufi.eu\/pt-pt\/wp-json\/wp\/v2\/product_tag?post=31701"}],"curies":[{"name":"wp","href":"https:\/\/api.w.org\/{rel}","templated":true}]}}