{"id":20525,"date":"2025-03-20T08:26:04","date_gmt":"2025-04-17T09:17:57","guid":{"rendered":"https:\/\/www.ufi.eu\/pcn\/sem categoria\/pcn-ufi-para-misturas-de-fragrancias\/"},"modified":"2025-04-17T09:17:57","modified_gmt":"2025-04-17T09:17:57","slug":"pcn-ufi-para-misturas-de-fragrancias","status":"publish","type":"product","link":"https:\/\/www.ufi.eu\/pt-pt\/product\/pcn-ufi-para-misturas-de-fragrancias\/","title":{"rendered":"PCN &amp; UFI para misturas de fragr\u00e2ncias"},"content":{"rendered":"<h2>Como funciona o servi\u00e7o de cria\u00e7\u00e3o de UFI e de notifica\u00e7\u00e3o de PCN?<\/h2>\n<p>Depois de adquirir este servi\u00e7o, receber\u00e1 acesso ao portal seguro. Este portal cont\u00e9m uma vis\u00e3o geral de todas as etapas.  Preencha os dados do seu produto e n\u00f3s come\u00e7amos a trabalhar.<\/p>\n<h3>Notifica\u00e7\u00e3o do Centro de Intoxica\u00e7\u00f5es e UFI<\/h3>\n<p>N\u00f3s forneceremos:<\/p>\n<ul>\n<li>O identificador \u00fanico de f\u00f3rmula (UFI) do seu produto<\/li>\n<li>Um relat\u00f3rio de Notifica\u00e7\u00e3o do Centro de Intoxica\u00e7\u00e3o (PCN)<\/li>\n<li>Registo do seu produto nos Centros Antivenenos nacionais relevantes atrav\u00e9s da ECHA.<\/li>\n<\/ul>\n<h3>Pa\u00edses para registo de NCP<\/h3>\n<p>Pode contar o n\u00famero de pa\u00edses em que pretende registar o seu produto. Este \u00e9 o n\u00famero de pa\u00edses que precisa de comprar.  Poder\u00e1 selecionar os pa\u00edses espec\u00edficos no portal. Se planear expandir as vendas dos seus produtos para novos pa\u00edses numa data posterior, pode sempre encomendar <a href=\"https:\/\/www.ufi.eu\/pt-pt\/pcn\/paises\/paises-para-registo-de-ncp\/\" target=\"_blank\" title=\"Registos de pa\u00edses PCN\">registos de pa\u00edses PCN<\/a> adicionais.<br \/>A UE tem 27 pa\u00edses e o EEE tem 30 (UE+Lichtenstein, Noruega e Isl\u00e2ndia) No portal, pode selecionar estes pa\u00edses: <\/p>\n<table cellpadding=\"2\" cellspacing=\"0\" border=\"1\">\n<tbody>\n<tr>\n<td>B\u00e9lgica<\/td>\n<td>(BE)<\/td>\n<td>Espanha<\/td>\n<td>(ES)<\/td>\n<td>Hungria<\/td>\n<td>(HU)<\/td>\n<td>Eslov\u00e1quia<\/td>\n<td>(SK)<\/td>\n<\/tr>\n<tr>\n<td>Bulg\u00e1ria<\/td>\n<td>(BG)<\/td>\n<td>Fran\u00e7a<\/td>\n<td>(FR)<\/td>\n<td>Malta<\/td>\n<td>(MT)<\/td>\n<td>Finl\u00e2ndia<\/td>\n<td>(FI)<\/td>\n<\/tr>\n<tr>\n<td>Rep\u00fablica Checa<\/td>\n<td>(CZ)<\/td>\n<td>Cro\u00e1cia<\/td>\n<td>(HR)<\/td>\n<td>Pa\u00edses Baixos<\/td>\n<td>(NL)<\/td>\n<td>Su\u00e9cia<\/td>\n<td>(SE)<\/td>\n<\/tr>\n<tr>\n<td>Dinamarca<\/td>\n<td>(DK)<\/td>\n<td>It\u00e1lia<\/td>\n<td>(IT)<\/td>\n<td>\u00c1ustria<\/td>\n<td>(AT)<\/td>\n<td>Alemanha<\/td>\n<td>(DE)<\/td>\n<\/tr>\n<tr>\n<td>Chipre<\/td>\n<td>(CY)<\/td>\n<td>Pol\u00f3nia<\/td>\n<td>(PL)<\/td>\n<td>Isl\u00e2ndia<\/td>\n<td>(IS)<\/td>\n<td>Est\u00f3nia<\/td>\n<td>(EE)<\/td>\n<\/tr>\n<tr>\n<td>Let\u00f3nia<\/td>\n<td>(LV)<\/td>\n<td>Portugal<\/td>\n<td>(PT)<\/td>\n<td>Liechtenstein<\/td>\n<td>(LI)<\/td>\n<td>Irlanda<\/td>\n<td>(IE)<\/td>\n<\/tr>\n<tr>\n<td>Litu\u00e2nia<\/td>\n<td>(LT)<\/td>\n<td>Rom\u00e9nia<\/td>\n<td>(RO)<\/td>\n<td>Noruega<\/td>\n<td>(N\u00c3O)<\/td>\n<td>Gr\u00e9cia<\/td>\n<td>(EL)<\/td>\n<\/tr>\n<tr>\n<td>Luxemburgo<\/td>\n<td>(LU)<\/td>\n<td>Eslov\u00e9nia<\/td>\n<td>(SI)<\/td>\n<td>Su\u00ed\u00e7a*<\/td>\n<td>(CH)<\/td>\n<td><\/td>\n<td><\/td>\n<\/tr>\n<\/tbody>\n<\/table>\n<p>*Para a Su\u00ed\u00e7a, podemos criar o dossier PCN, com todas as informa\u00e7\u00f5es necess\u00e1rias para efetuar uma apresenta\u00e7\u00e3o no portal su\u00ed\u00e7o. Contacte-nos para mais informa\u00e7\u00f5es. <\/p>\n<h3>Informa\u00e7\u00f5es do r\u00f3tulo CLP<\/h3>\n<p>Oferecemos a op\u00e7\u00e3o de adquirir um r\u00f3tulo de produto em conformidade com o CLP, contendo todas as informa\u00e7\u00f5es obrigat\u00f3rias exigidas pelo Regulamento CLP da UE. Este ser\u00e1 fornecido em formato PDF.  N\u00e3o se trata de um desenho, mas de um resumo das informa\u00e7\u00f5es necess\u00e1rias. Isto permitir-lhe-\u00e1 integrar as informa\u00e7\u00f5es necess\u00e1rias na conce\u00e7\u00e3o do r\u00f3tulo do seu produto. Tamb\u00e9m pode encomendar a <a href=\"https:\/\/www.ufi.eu\/pt-pt\/pcn\/rotulo-clp\/criacao-de-rotulos-clp-e-verificacao-da-conformidade\/\" target=\"_blank\" title=\"CLP labelcCreation\">cria\u00e7\u00e3o do r\u00f3tulo CLP<\/a> separadamente.   J\u00e1 tem um r\u00f3tulo? &#8211; Podemos efetuar uma <a href=\"https:\/\/www.ufi.eu\/pt-pt\/pcn\/rotulo-clp\/criacao-de-rotulos-clp-e-verificacao-da-conformidade\/\" target=\"_blank\" title=\"Verifica\u00e7\u00e3o da conformidade do r\u00f3tulo CLP\">verifica\u00e7\u00e3o da conformidade<\/a> do seu r\u00f3tulo com o Regulamento CRE, de acordo com os requisitos actuais do Regulamento CRE. Forneceremos feedback detalhado e correc\u00e7\u00f5es para garantir que o seu r\u00f3tulo cumpre todas as normas regulamentares.  <\/p>\n<h2>Notifica\u00e7\u00e3o do Centro de Intoxica\u00e7\u00e3o para Fragr\u00e2ncias<\/h2>\n<p>As fragr\u00e2ncias, incluindo as misturas de fragr\u00e2ncias destinadas apenas \u00e0 utiliza\u00e7\u00e3o final, s\u00e3o amplamente utilizadas em produtos de consumo, como perfumes, ambientadores e cosm\u00e9ticos. Uma vez que as fragr\u00e2ncias podem conter qu\u00edmicos que podem ser perigosos para a sa\u00fade, \u00e9 crucial que cumpram os regulamentos da UE. \u00c9 necess\u00e1ria uma Notifica\u00e7\u00e3o de Centro de Intoxica\u00e7\u00e3o (PCN) para garantir que as informa\u00e7\u00f5es de seguran\u00e7a est\u00e3o acess\u00edveis aos centros de intoxica\u00e7\u00e3o em caso de exposi\u00e7\u00e3o acidental ou utiliza\u00e7\u00e3o incorrecta.  <\/p>\n<h3>O que \u00e9 um UFI?<\/h3>\n<p>O Identificador \u00danico de F\u00f3rmula (UFI) \u00e9 um c\u00f3digo alfanum\u00e9rico de 16 caracteres que liga a composi\u00e7\u00e3o de um produto \u00e0 sua Notifica\u00e7\u00e3o do Centro de Intoxica\u00e7\u00e3o. O UFI deve ser inclu\u00eddo no r\u00f3tulo do produto, permitindo uma identifica\u00e7\u00e3o r\u00e1pida em situa\u00e7\u00f5es de emerg\u00eancia. <\/p>\n<h3>O que \u00e9 um PCN?<\/h3>\n<p>Uma Notifica\u00e7\u00e3o do Centro de Intoxica\u00e7\u00e3o (PCN) \u00e9 uma apresenta\u00e7\u00e3o que fornece informa\u00e7\u00f5es pormenorizadas sobre o produto, incluindo a sua composi\u00e7\u00e3o qu\u00edmica, classifica\u00e7\u00e3o de perigo e utiliza\u00e7\u00e3o prevista, aos centros de intoxica\u00e7\u00e3o da UE. Esta informa\u00e7\u00e3o permite que os centros antivenenos respondam eficazmente a emerg\u00eancias que envolvam o produto. <\/p>\n<h3>O que \u00e9 o CLP?<\/h3>\n<p>O regulamento de Classifica\u00e7\u00e3o, Rotulagem e Embalagem (CLP) exige que os produtos qu\u00edmicos perigosos sejam corretamente classificados e rotulados para informar os consumidores sobre os riscos potenciais. As misturas de fragr\u00e2ncias devem apresentar r\u00f3tulos de perigo e recomenda\u00e7\u00f5es de precau\u00e7\u00e3o adequados de acordo com os regulamentos CLP, juntamente com o UFI para identifica\u00e7\u00e3o. <\/p>\n<h3>O que \u00e9 o Centro de Intoxica\u00e7\u00f5es?<\/h3>\n<p>O Centro de Intoxica\u00e7\u00e3o \u00e9 uma rede de organiza\u00e7\u00f5es nacionais que gerem casos de exposi\u00e7\u00e3o e envenenamento por produtos qu\u00edmicos. Ao ter acesso aos dados do PCN, os centros antivenenos podem fornecer conselhos precisos e atempados em situa\u00e7\u00f5es de emerg\u00eancia que envolvam fragr\u00e2ncias ou outros produtos perigosos. <\/p>\n<h3>Porque \u00e9 que isto \u00e9 necess\u00e1rio?<\/h3>\n<p>As fragr\u00e2ncias podem conter subst\u00e2ncias qu\u00edmicas que podem representar um risco para a sa\u00fade em caso de utiliza\u00e7\u00e3o incorrecta ou ingest\u00e3o acidental. Um PCN garante que os centros antivenenos t\u00eam acesso a todos os dados relevantes do produto para responder adequadamente em caso de exposi\u00e7\u00e3o. Em \u00faltima an\u00e1lise, isto aumenta a seguran\u00e7a do consumidor e permite melhores protocolos de resposta a emerg\u00eancias.  <\/p>\n<h3>Desde quando \u00e9 que isto \u00e9 obrigat\u00f3rio por lei?<\/h3>\n<p>A obriga\u00e7\u00e3o de apresentar um PCN para misturas perigosas, incluindo fragr\u00e2ncias, tornou-se obrigat\u00f3ria em 1 de janeiro de 2021, ao abrigo do Anexo VIII do Regulamento CRE.<\/p>\n<h2>FAQ<\/h2>\n<h3>Quest\u00e3o: Todos os produtos de perfumaria necessitam de um NCP?<\/h3>\n<p>Resposta: N\u00e3o, apenas as misturas de fragr\u00e2ncias classificadas como perigosas ao abrigo do regulamento CLP requerem um PCN.<\/p>\n<h3>Quest\u00e3o: O que \u00e9 necess\u00e1rio para preencher um PCN para fragr\u00e2ncias?<\/h3>\n<p>Resposta: O PCN exige pormenores sobre a composi\u00e7\u00e3o qu\u00edmica da fragr\u00e2ncia, a sua classifica\u00e7\u00e3o, a utiliza\u00e7\u00e3o prevista, a embalagem e o Identificador \u00danico de F\u00f3rmula (UFI).<\/p>\n<h3>Quest\u00e3o: Onde \u00e9 que o UFI deve ser afixado nos produtos de perfumaria?<\/h3>\n<p>Resposta: O UFI deve ser claramente impresso no r\u00f3tulo do produto, normalmente junto \u00e0s informa\u00e7\u00f5es de perigo e de precau\u00e7\u00e3o.<\/p>\n<h3>Quest\u00e3o: Quem \u00e9 respons\u00e1vel pela apresenta\u00e7\u00e3o do PCN?<\/h3>\n<p>Resposta: O fabricante, importador ou utilizador a jusante que coloca o produto de perfumaria no mercado da UE \u00e9 respons\u00e1vel pela apresenta\u00e7\u00e3o do NCP.<\/p>\n<h3>Quest\u00e3o: Quais s\u00e3o as consequ\u00eancias do incumprimento?<\/h3>\n<p>Resposta: O n\u00e3o cumprimento dos regulamentos PCN pode resultar em coimas, recolhas de produtos ou restri\u00e7\u00f5es \u00e0 venda do produto de fragr\u00e2ncia no mercado da UE.<\/p>\n<h3>Quest\u00e3o: Todos os produtos de perfumaria est\u00e3o sujeitos aos requisitos do NCP?<\/h3>\n<p>Resposta: N\u00e3o, apenas as misturas de fragr\u00e2ncias classificadas como perigosas ao abrigo do regulamento CLP s\u00e3o obrigadas a apresentar um PCN.<\/p>\n<h3>Quest\u00e3o: Quanto tempo \u00e9 necess\u00e1rio para apresentar a notifica\u00e7\u00e3o UFI e PCN?<\/h3>\n<p>S\u00e3o necess\u00e1rios alguns dias de trabalho. Assim que carregar a documenta\u00e7\u00e3o, come\u00e7aremos de imediato. <\/p>\n<h3>Quest\u00e3o: Sou o propriet\u00e1rio da notifica\u00e7\u00e3o PCN?<\/h3>\n<p>Sim, \u00e9 o propriet\u00e1rio da notifica\u00e7\u00e3o PCN. Mant\u00e9m a propriedade total dos dados que forneceu.  A notifica\u00e7\u00e3o PCN estar\u00e1 acess\u00edvel na sua conta ECHA.<\/p>\n<h3>Quest\u00e3o: Este servi\u00e7o \u00e9 para um ou mais produtos?<\/h3>\n<p>O servi\u00e7o \u00e9 para um produto.<\/p>\n<h3>Quest\u00e3o: Porque \u00e9 que tenho de pagar para criar um UFI?<\/h3>\n<p>O servi\u00e7o que oferecemos n\u00e3o se limita a fornecer uma UFI. A UFI \u00e9 uma componente de um processo muito mais alargado.  O principal servi\u00e7o que prestamos \u00e9 a prepara\u00e7\u00e3o e apresenta\u00e7\u00e3o da sua Notifica\u00e7\u00e3o de Centro de Intoxica\u00e7\u00e3o (PCN) aos organismos nacionais designados atrav\u00e9s do portal da ECHA, que \u00e9 um requisito obrigat\u00f3rio ao abrigo do Regulamento CLP da UE para a coloca\u00e7\u00e3o de misturas perigosas no mercado. A cria\u00e7\u00e3o de uma UFI \u00e9 a parte mais simples.  O relat\u00f3rio PCN, no entanto, \u00e9 complexo. Exige uma an\u00e1lise pormenorizada dos ingredientes &#8211; classifica\u00e7\u00f5es qu\u00edmicas &#8211; formatadas com precis\u00e3o para apresenta\u00e7\u00e3o ao Centro de Intoxica\u00e7\u00e3o atrav\u00e9s da ECHA. <\/p>\n<h3>Quest\u00e3o: A minha empresa n\u00e3o est\u00e1 sediada na UE, como \u00e9 que posso apresentar um PCN?<\/h3>\n<p>Oferecemos uma solu\u00e7\u00e3o para as empresas que n\u00e3o est\u00e3o sediadas na UE. Pode encontrar mais informa\u00e7\u00f5es na p\u00e1gina <a href=\"https:\/\/www.ufi.eu\/pt-pt\/pcn\/fora-da-ue\/pcn-e-ufi-para-empresas-nao-comunitarias\/\" target=\"_blank\" rel=\"noopener\">PCN &amp; UFI para empresas n\u00e3o comunit\u00e1rias<\/a>. <\/p>\n<h3>Quest\u00e3o: Podem fornecer fichas de dados de seguran\u00e7a em total conformidade com o Regulamento da UE (REACH e CLP)?<\/h3>\n<p>Sim, podemos <a href=\"https:\/\/www.ufi.eu\/pt-pt\/pcn\/ficha-de-dados-de-seguranca\/servico-de-criacao-de-fichas-de-dados-de-seguranca-msds-sds\/\" target=\"_blank\"><strong>criar Fichas de Dados de Seguran\u00e7a (FDS)<\/strong><\/a>&#8211; tamb\u00e9m conhecidas como <strong>Fichas de Dados de Seguran\u00e7a do Material (MSDS<\/strong>) &#8211; adaptadas ao seu produto e em conformidade com os mais recentes regulamentos da UE. Quer esteja a fabricar misturas qu\u00edmicas, a importar produtos para a UE ou a distribuir sob uma marca privada, uma FDS em conformidade \u00e9 legalmente exigida e essencial para uma utiliza\u00e7\u00e3o segura em toda a cadeia de abastecimento. Para mais informa\u00e7\u00f5es, consulte a p\u00e1gina <a href=\"https:\/\/www.ufi.eu\/pt-pt\/pcn\/ficha-de-dados-de-seguranca\/servico-de-criacao-de-fichas-de-dados-de-seguranca-msds-sds\/\" target=\"_blank\">do servi\u00e7o de cria\u00e7\u00e3o de fichas de dados de seguran\u00e7a (MSDS\/SDS)<\/a>.  <\/p>\n","protected":false},"excerpt":{"rendered":"<p>Como funciona o servi\u00e7o de cria\u00e7\u00e3o de UFI e de notifica\u00e7\u00e3o de PCN? Depois de adquirir este servi\u00e7o, receber\u00e1 acesso ao portal seguro. Este portal cont\u00e9m uma vis\u00e3o geral de todas as etapas. Preencha os dados do seu produto e n\u00f3s come\u00e7amos a trabalhar. Notifica\u00e7\u00e3o do Centro de Intoxica\u00e7\u00f5es e UFI N\u00f3s forneceremos: O identificador [&hellip;]<\/p>\n","protected":false},"featured_media":20526,"template":"","meta":[],"product_brand":[],"product_cat":[354],"product_tag":[],"class_list":{"0":"post-20525","1":"product","2":"type-product","3":"status-publish","4":"has-post-thumbnail","6":"product_cat-produtos-para-processos-quimicos-ou-tecnicos","8":"first","9":"instock","10":"virtual","11":"taxable","12":"purchasable","13":"product-type-bundle"},"bundled_by":[],"bundle_stock_status":"instock","bundle_stock_quantity":"","bundle_virtual":false,"bundle_layout":"default","bundle_add_to_cart_form_location":"default","bundle_editable_in_cart":false,"bundle_sold_individually_context":"product","bundle_item_grouping":"parent","bundle_min_size":"","bundle_max_size":"","bundle_price":{"price":{"min":{"incl_tax":"121","excl_tax":"100"},"max":{"incl_tax":"","excl_tax":""}},"regular_price":{"min":{"incl_tax":"121","excl_tax":"100"},"max":{"incl_tax":"","excl_tax":""}}},"bundled_items":[{"bundled_item_id":9256,"product_id":12579,"menu_order":0,"quantity_min":1,"quantity_max":1,"quantity_default":1,"priced_individually":true,"shipped_individually":false,"override_title":false,"title":null,"override_description":false,"description":null,"optional":false,"hide_thumbnail":false,"discount":"","override_variations":false,"allowed_variations":[""],"override_default_variation_attributes":false,"default_variation_attributes":[],"single_product_visibility":"visible","cart_visibility":"visible","order_visibility":"visible","single_product_price_visibility":"visible","cart_price_visibility":"visible","order_price_visibility":"visible","stock_status":"in_stock"},{"bundled_item_id":9257,"product_id":12567,"menu_order":1,"quantity_min":1,"quantity_max":"","quantity_default":1,"priced_individually":true,"shipped_individually":false,"override_title":false,"title":null,"override_description":false,"description":null,"optional":false,"hide_thumbnail":false,"discount":"","override_variations":false,"allowed_variations":[""],"override_default_variation_attributes":false,"default_variation_attributes":[],"single_product_visibility":"visible","cart_visibility":"visible","order_visibility":"visible","single_product_price_visibility":"visible","cart_price_visibility":"visible","order_price_visibility":"visible","stock_status":"in_stock"}],"bundle_sell_ids":[],"yoast_head":"<!-- This site is optimized with the Yoast SEO Premium plugin v25.1 (Yoast SEO v25.1) - https:\/\/yoast.com\/wordpress\/plugins\/seo\/ -->\n<title>PCN &amp; UFI para misturas de fragr\u00e2ncias - UFI<\/title>\n<meta name=\"description\" content=\"Obter um PCN e UFI para misturas de fragr\u00e2ncias de utiliza\u00e7\u00e3o final. Garanta a conformidade com o Centro Antivenenos da UE com o nosso servi\u00e7o de notifica\u00e7\u00e3o r\u00e1pido e fi\u00e1vel!\" \/>\n<meta name=\"robots\" content=\"index, follow, max-snippet:-1, max-image-preview:large, max-video-preview:-1\" \/>\n<link rel=\"canonical\" href=\"https:\/\/www.ufi.eu\/pt-pt\/product\/pcn-ufi-para-misturas-de-fragrancias\/\" \/>\n<meta property=\"og:locale\" content=\"pt_PT\" \/>\n<meta property=\"og:type\" content=\"article\" \/>\n<meta property=\"og:title\" content=\"PCN &amp; UFI para misturas de fragr\u00e2ncias\" \/>\n<meta property=\"og:description\" content=\"Obter um PCN e UFI para misturas de fragr\u00e2ncias de utiliza\u00e7\u00e3o final. Garanta a conformidade com o Centro Antivenenos da UE com o nosso servi\u00e7o de notifica\u00e7\u00e3o r\u00e1pido e fi\u00e1vel!\" \/>\n<meta property=\"og:url\" content=\"https:\/\/www.ufi.eu\/pt-pt\/product\/pcn-ufi-para-misturas-de-fragrancias\/\" \/>\n<meta property=\"og:site_name\" content=\"UFI\" \/>\n<meta property=\"og:image\" content=\"https:\/\/www.ufi.eu\/wp-content\/uploads\/2025\/03\/PC-TEC-6.jpg\" \/>\n\t<meta property=\"og:image:width\" content=\"1024\" \/>\n\t<meta property=\"og:image:height\" content=\"1024\" \/>\n\t<meta property=\"og:image:type\" content=\"image\/jpeg\" \/>\n<meta name=\"twitter:card\" content=\"summary_large_image\" \/>\n<meta name=\"twitter:label1\" content=\"pre\u00e7o\" \/>\n\t<meta name=\"twitter:data1\" content=\"&euro;0.00\" \/>\n\t<meta name=\"twitter:label2\" content=\"Disponibilidade\" \/>\n\t<meta name=\"twitter:data2\" content=\"Em stock\" \/>\n<script type=\"application\/ld+json\" class=\"yoast-schema-graph\">{\"@context\":\"https:\/\/schema.org\",\"@graph\":[{\"@type\":\"WebPage\",\"@id\":\"https:\/\/www.ufi.eu\/pt-pt\/product\/pcn-ufi-para-misturas-de-fragrancias\/\",\"url\":\"https:\/\/www.ufi.eu\/pt-pt\/product\/pcn-ufi-para-misturas-de-fragrancias\/\",\"name\":\"PCN &amp; UFI para misturas de fragr\u00e2ncias - UFI\",\"isPartOf\":{\"@id\":\"https:\/\/www.ufi.eu\/pt-pt\/#website\"},\"primaryImageOfPage\":{\"@id\":\"https:\/\/www.ufi.eu\/pt-pt\/product\/pcn-ufi-para-misturas-de-fragrancias\/#primaryimage\"},\"image\":{\"@id\":\"https:\/\/www.ufi.eu\/pt-pt\/product\/pcn-ufi-para-misturas-de-fragrancias\/#primaryimage\"},\"thumbnailUrl\":\"https:\/\/www.ufi.eu\/wp-content\/uploads\/2025\/03\/PC-TEC-6.jpg\",\"datePublished\":\"2025-04-17T09:17:57+00:00\",\"description\":\"Obter um PCN e UFI para misturas de fragr\u00e2ncias de utiliza\u00e7\u00e3o final. Garanta a conformidade com o Centro Antivenenos da UE com o nosso servi\u00e7o de notifica\u00e7\u00e3o r\u00e1pido e fi\u00e1vel!\",\"breadcrumb\":{\"@id\":\"https:\/\/www.ufi.eu\/pt-pt\/product\/pcn-ufi-para-misturas-de-fragrancias\/#breadcrumb\"},\"inLanguage\":\"pt-PT\",\"potentialAction\":[{\"@type\":\"ReadAction\",\"target\":[\"https:\/\/www.ufi.eu\/pt-pt\/product\/pcn-ufi-para-misturas-de-fragrancias\/\"]}]},{\"@type\":\"ImageObject\",\"inLanguage\":\"pt-PT\",\"@id\":\"https:\/\/www.ufi.eu\/pt-pt\/product\/pcn-ufi-para-misturas-de-fragrancias\/#primaryimage\",\"url\":\"https:\/\/www.ufi.eu\/wp-content\/uploads\/2025\/03\/PC-TEC-6.jpg\",\"contentUrl\":\"https:\/\/www.ufi.eu\/wp-content\/uploads\/2025\/03\/PC-TEC-6.jpg\",\"width\":1024,\"height\":1024},{\"@type\":\"BreadcrumbList\",\"@id\":\"https:\/\/www.ufi.eu\/pt-pt\/product\/pcn-ufi-para-misturas-de-fragrancias\/#breadcrumb\",\"itemListElement\":[{\"@type\":\"ListItem\",\"position\":1,\"name\":\"Home\",\"item\":\"https:\/\/www.ufi.eu\/pt-pt\/inicio\/\"},{\"@type\":\"ListItem\",\"position\":2,\"name\":\"Loja\",\"item\":\"https:\/\/www.ufi.eu\/pt-pt\/loja\/\"},{\"@type\":\"ListItem\",\"position\":3,\"name\":\"PCN &amp; UFI para misturas de fragr\u00e2ncias\"}]},{\"@type\":\"WebSite\",\"@id\":\"https:\/\/www.ufi.eu\/pt-pt\/#website\",\"url\":\"https:\/\/www.ufi.eu\/pt-pt\/\",\"name\":\"UFI.EU\",\"description\":\"Poison Centre Notifications (PCN) and UFI\",\"publisher\":{\"@id\":\"https:\/\/www.ufi.eu\/pt-pt\/#organization\"},\"potentialAction\":[{\"@type\":\"SearchAction\",\"target\":{\"@type\":\"EntryPoint\",\"urlTemplate\":\"https:\/\/www.ufi.eu\/pt-pt\/?s={search_term_string}\"},\"query-input\":{\"@type\":\"PropertyValueSpecification\",\"valueRequired\":true,\"valueName\":\"search_term_string\"}}],\"inLanguage\":\"pt-PT\"},{\"@type\":\"Organization\",\"@id\":\"https:\/\/www.ufi.eu\/pt-pt\/#organization\",\"name\":\"UFI.EU\",\"url\":\"https:\/\/www.ufi.eu\/pt-pt\/\",\"logo\":{\"@type\":\"ImageObject\",\"inLanguage\":\"pt-PT\",\"@id\":\"https:\/\/www.ufi.eu\/pt-pt\/#\/schema\/logo\/image\/\",\"url\":\"https:\/\/www.ufi.eu\/wp-content\/uploads\/2025\/03\/cropped-logo_ufi3.jpg\",\"contentUrl\":\"https:\/\/www.ufi.eu\/wp-content\/uploads\/2025\/03\/cropped-logo_ufi3.jpg\",\"width\":231,\"height\":78,\"caption\":\"UFI.EU\"},\"image\":{\"@id\":\"https:\/\/www.ufi.eu\/pt-pt\/#\/schema\/logo\/image\/\"},\"description\":\"UFI.eu specializes in digital registrations for Poison Centre Notifications (PCN), ensuring your chemical products meet EU regulatory requirements effortlessly. Our streamlined solutions help businesses stay compliant while reducing complexity and administrative burden.\",\"email\":\"info@ufi.eu\",\"legalName\":\"UFI.EU\"}]}<\/script>\n<meta property=\"product:price:amount\" content=\"0.00\" \/>\n<meta property=\"product:price:currency\" content=\"EUR\" \/>\n<meta property=\"og:availability\" content=\"instock\" \/>\n<meta property=\"product:availability\" content=\"instock\" \/>\n<meta property=\"product:retailer_item_id\" content=\"PC-TEC-6\" \/>\n<meta property=\"product:condition\" content=\"new\" \/>\n<!-- \/ Yoast SEO Premium plugin. -->","yoast_head_json":{"title":"PCN &amp; UFI para misturas de fragr\u00e2ncias - UFI","description":"Obter um PCN e UFI para misturas de fragr\u00e2ncias de utiliza\u00e7\u00e3o final. Garanta a conformidade com o Centro Antivenenos da UE com o nosso servi\u00e7o de notifica\u00e7\u00e3o r\u00e1pido e fi\u00e1vel!","robots":{"index":"index","follow":"follow","max-snippet":"max-snippet:-1","max-image-preview":"max-image-preview:large","max-video-preview":"max-video-preview:-1"},"canonical":"https:\/\/www.ufi.eu\/pt-pt\/product\/pcn-ufi-para-misturas-de-fragrancias\/","og_locale":"pt_PT","og_type":"article","og_title":"PCN &amp; UFI para misturas de fragr\u00e2ncias","og_description":"Obter um PCN e UFI para misturas de fragr\u00e2ncias de utiliza\u00e7\u00e3o final. Garanta a conformidade com o Centro Antivenenos da UE com o nosso servi\u00e7o de notifica\u00e7\u00e3o r\u00e1pido e fi\u00e1vel!","og_url":"https:\/\/www.ufi.eu\/pt-pt\/product\/pcn-ufi-para-misturas-de-fragrancias\/","og_site_name":"UFI","og_image":[{"width":1024,"height":1024,"url":"https:\/\/www.ufi.eu\/wp-content\/uploads\/2025\/03\/PC-TEC-6.jpg","type":"image\/jpeg"}],"twitter_card":"summary_large_image","twitter_misc":{"pre\u00e7o":"&euro;0.00","Disponibilidade":"Em stock"},"schema":{"@context":"https:\/\/schema.org","@graph":[{"@type":"WebPage","@id":"https:\/\/www.ufi.eu\/pt-pt\/product\/pcn-ufi-para-misturas-de-fragrancias\/","url":"https:\/\/www.ufi.eu\/pt-pt\/product\/pcn-ufi-para-misturas-de-fragrancias\/","name":"PCN &amp; UFI para misturas de fragr\u00e2ncias - UFI","isPartOf":{"@id":"https:\/\/www.ufi.eu\/pt-pt\/#website"},"primaryImageOfPage":{"@id":"https:\/\/www.ufi.eu\/pt-pt\/product\/pcn-ufi-para-misturas-de-fragrancias\/#primaryimage"},"image":{"@id":"https:\/\/www.ufi.eu\/pt-pt\/product\/pcn-ufi-para-misturas-de-fragrancias\/#primaryimage"},"thumbnailUrl":"https:\/\/www.ufi.eu\/wp-content\/uploads\/2025\/03\/PC-TEC-6.jpg","datePublished":"2025-04-17T09:17:57+00:00","description":"Obter um PCN e UFI para misturas de fragr\u00e2ncias de utiliza\u00e7\u00e3o final. Garanta a conformidade com o Centro Antivenenos da UE com o nosso servi\u00e7o de notifica\u00e7\u00e3o r\u00e1pido e fi\u00e1vel!","breadcrumb":{"@id":"https:\/\/www.ufi.eu\/pt-pt\/product\/pcn-ufi-para-misturas-de-fragrancias\/#breadcrumb"},"inLanguage":"pt-PT","potentialAction":[{"@type":"ReadAction","target":["https:\/\/www.ufi.eu\/pt-pt\/product\/pcn-ufi-para-misturas-de-fragrancias\/"]}]},{"@type":"ImageObject","inLanguage":"pt-PT","@id":"https:\/\/www.ufi.eu\/pt-pt\/product\/pcn-ufi-para-misturas-de-fragrancias\/#primaryimage","url":"https:\/\/www.ufi.eu\/wp-content\/uploads\/2025\/03\/PC-TEC-6.jpg","contentUrl":"https:\/\/www.ufi.eu\/wp-content\/uploads\/2025\/03\/PC-TEC-6.jpg","width":1024,"height":1024},{"@type":"BreadcrumbList","@id":"https:\/\/www.ufi.eu\/pt-pt\/product\/pcn-ufi-para-misturas-de-fragrancias\/#breadcrumb","itemListElement":[{"@type":"ListItem","position":1,"name":"Home","item":"https:\/\/www.ufi.eu\/pt-pt\/inicio\/"},{"@type":"ListItem","position":2,"name":"Loja","item":"https:\/\/www.ufi.eu\/pt-pt\/loja\/"},{"@type":"ListItem","position":3,"name":"PCN &amp; UFI para misturas de fragr\u00e2ncias"}]},{"@type":"WebSite","@id":"https:\/\/www.ufi.eu\/pt-pt\/#website","url":"https:\/\/www.ufi.eu\/pt-pt\/","name":"UFI.EU","description":"Poison Centre Notifications (PCN) and UFI","publisher":{"@id":"https:\/\/www.ufi.eu\/pt-pt\/#organization"},"potentialAction":[{"@type":"SearchAction","target":{"@type":"EntryPoint","urlTemplate":"https:\/\/www.ufi.eu\/pt-pt\/?s={search_term_string}"},"query-input":{"@type":"PropertyValueSpecification","valueRequired":true,"valueName":"search_term_string"}}],"inLanguage":"pt-PT"},{"@type":"Organization","@id":"https:\/\/www.ufi.eu\/pt-pt\/#organization","name":"UFI.EU","url":"https:\/\/www.ufi.eu\/pt-pt\/","logo":{"@type":"ImageObject","inLanguage":"pt-PT","@id":"https:\/\/www.ufi.eu\/pt-pt\/#\/schema\/logo\/image\/","url":"https:\/\/www.ufi.eu\/wp-content\/uploads\/2025\/03\/cropped-logo_ufi3.jpg","contentUrl":"https:\/\/www.ufi.eu\/wp-content\/uploads\/2025\/03\/cropped-logo_ufi3.jpg","width":231,"height":78,"caption":"UFI.EU"},"image":{"@id":"https:\/\/www.ufi.eu\/pt-pt\/#\/schema\/logo\/image\/"},"description":"UFI.eu specializes in digital registrations for Poison Centre Notifications (PCN), ensuring your chemical products meet EU regulatory requirements effortlessly. Our streamlined solutions help businesses stay compliant while reducing complexity and administrative burden.","email":"info@ufi.eu","legalName":"UFI.EU"}]},"product_price_amount":"0.00","product_price_currency":"EUR","og_availability":"instock","product_availability":"instock","product_retailer_item_id":"PC-TEC-6","product_condition":"new"},"_links":{"self":[{"href":"https:\/\/www.ufi.eu\/pt-pt\/wp-json\/wp\/v2\/product\/20525","targetHints":{"allow":["GET"]}}],"collection":[{"href":"https:\/\/www.ufi.eu\/pt-pt\/wp-json\/wp\/v2\/product"}],"about":[{"href":"https:\/\/www.ufi.eu\/pt-pt\/wp-json\/wp\/v2\/types\/product"}],"wp:featuredmedia":[{"embeddable":true,"href":"https:\/\/www.ufi.eu\/pt-pt\/wp-json\/wp\/v2\/media\/20526"}],"wp:attachment":[{"href":"https:\/\/www.ufi.eu\/pt-pt\/wp-json\/wp\/v2\/media?parent=20525"}],"wp:term":[{"taxonomy":"product_brand","embeddable":true,"href":"https:\/\/www.ufi.eu\/pt-pt\/wp-json\/wp\/v2\/product_brand?post=20525"},{"taxonomy":"product_cat","embeddable":true,"href":"https:\/\/www.ufi.eu\/pt-pt\/wp-json\/wp\/v2\/product_cat?post=20525"},{"taxonomy":"product_tag","embeddable":true,"href":"https:\/\/www.ufi.eu\/pt-pt\/wp-json\/wp\/v2\/product_tag?post=20525"}],"curies":[{"name":"wp","href":"https:\/\/api.w.org\/{rel}","templated":true}]}}