{"id":12820,"date":"2025-04-15T20:37:30","date_gmt":"2025-04-15T20:37:30","guid":{"rendered":"https:\/\/www.ufi.eu\/pcn\/sem%20categoria\/servico-de-criacao-de-fichas-de-dados-de-seguranca-msds-sds\/"},"modified":"2025-04-15T20:37:37","modified_gmt":"2025-04-15T20:37:37","slug":"servico-de-criacao-de-fichas-de-dados-de-seguranca-msds-sds","status":"publish","type":"product","link":"https:\/\/www.ufi.eu\/pt-pt\/product\/servico-de-criacao-de-fichas-de-dados-de-seguranca-msds-sds\/","title":{"rendered":"Servi\u00e7o de cria\u00e7\u00e3o de fichas de dados de seguran\u00e7a (MSDS\/SDS)"},"content":{"rendered":"\n<p><strong>Fichas de dados de seguran\u00e7a redigidas por profissionais em total conformidade com o Regulamento da UE (REACH &amp; CLP)<\/strong><\/p>\n\n<p>Fornecemos <strong>Fichas de Dados de Seguran\u00e7a (FDS)<\/strong> preparadas por especialistas &#8211; tamb\u00e9m conhecidas como <strong>Fichas de Dados de Seguran\u00e7a de Materiais (MSDS)<\/strong> &#8211; adaptadas ao seu produto e em conformidade com os mais recentes regulamentos da UE. Quer esteja a fabricar misturas qu\u00edmicas, a importar produtos para a UE ou a distribuir sob uma marca privada, uma FDS conforme \u00e9 legalmente exigida e essencial para uma utiliza\u00e7\u00e3o segura em toda a cadeia de abastecimento. <\/p>\n\n<h2 class=\"wp-block-heading\" id=\"h-what-is-an-safety-data-sheet-msds-sds-and-why-do-you-need-one\">O que \u00e9 uma ficha de dados de seguran\u00e7a (MSDS\/SDS) e porque \u00e9 que precisa de uma?<\/h2>\n\n<p>Uma <strong>ficha de dados de seguran\u00e7a<\/strong> \u00e9 um documento legalmente exigido que fornece informa\u00e7\u00f5es completas sobre as propriedades de uma subst\u00e2ncia ou mistura qu\u00edmica. Nos termos dos Regulamentos <strong>REACH (CE n.\u00ba 1907\/2006)<\/strong> e <strong><a href=\"https:\/\/www.ufi.eu\/pt-pt\/pcn\/rotulo-clp\/criacao-de-rotulos-clp-e-verificacao-da-conformidade\/\">CLP (CE n.\u00ba 1272\/2008)<\/a><\/strong>os fornecedores devem fornecer uma FDS aos utilizadores a jusante para qualquer produto que seja perigoso ou que contenha subst\u00e2ncias que suscitem preocupa\u00e7\u00e3o. <\/p>\n\n<p>O n\u00e3o fornecimento de uma FDS exacta e completa pode conduzir a<\/p>\n\n<ul class=\"wp-block-list\">\n<li><strong>San\u00e7\u00f5es legais<\/strong> ou atrasos aduaneiros<\/li>\n\n\n\n<li><strong>Remessas rejeitadas<\/strong> ou parceiros comerciais perdidos<\/li>\n\n\n\n<li><strong>Risco para a sa\u00fade humana e o ambiente<\/strong><\/li>\n<\/ul>\n\n<h2 class=\"wp-block-heading\" id=\"h-what-our-sds-creation-service-includes\">O que inclui o nosso servi\u00e7o de cria\u00e7\u00e3o de FDS<\/h2>\n\n<h4 class=\"wp-block-heading\" id=\"h-1-fully-compliant-sds-creation-16-sections\">1. <strong>Cria\u00e7\u00e3o de FDS em total conformidade (16 sec\u00e7\u00f5es)<\/strong><\/h4>\n\n<p>Criamos a sua FDS de raiz com base na formula\u00e7\u00e3o do seu produto e\/ou nos dados existentes, incluindo:<\/p>\n\n<ul class=\"wp-block-list\">\n<li>Classifica\u00e7\u00e3o de perigo e informa\u00e7\u00f5es de rotulagem (em conformidade com o CLP)<\/li>\n\n\n\n<li>Divulga\u00e7\u00e3o da composi\u00e7\u00e3o e dos ingredientes<\/li>\n\n\n\n<li>Instru\u00e7\u00f5es de manuseamento, armazenamento e transporte seguros<\/li>\n\n\n\n<li>Medidas de primeiros socorros, de combate a inc\u00eandios e de liberta\u00e7\u00e3o acidental<\/li>\n\n\n\n<li>Refer\u00eancias regulamentares (Anexo II do REACH)<\/li>\n<\/ul>\n\n<p>Cada FDS \u00e9 entregue em conformidade com o <strong>Anexo II do REACH<\/strong>, alinhada com as \u00faltimas actualiza\u00e7\u00f5es e classifica\u00e7\u00f5es harmonizadas.<\/p>\n\n<h4 class=\"wp-block-heading\" id=\"h-2-multilingual-sds-versions\">2. <strong>Vers\u00f5es multilingues da FDS<\/strong><\/h4>\n\n<p>Oferecemos a cria\u00e7\u00e3o de FDS em v\u00e1rias l\u00ednguas oficiais da UE, prontas para distribui\u00e7\u00e3o transfronteiri\u00e7a. Isto inclui: <\/p>\n\n<ul class=\"wp-block-list\">\n<li><a href=\"https:\/\/www.ufi.eu\/pt-pt\/pcn\/ficha-de-dados-de-seguranca\/traducao-da-ficha-de-dados-de-seguranca\/\">Tradu\u00e7\u00f5es de MSDS<\/a> por especialistas familiarizados com a terminologia qu\u00edmica<\/li>\n\n\n\n<li>Adapta\u00e7\u00f5es espec\u00edficas por pa\u00eds, quando necess\u00e1rio (por exemplo, limites de exposi\u00e7\u00e3o nacionais)<\/li>\n<\/ul>\n\n<h4 class=\"wp-block-heading\" id=\"h-3-update-amp-conversion-service\">3. <strong>Servi\u00e7o de atualiza\u00e7\u00e3o e convers\u00e3o<\/strong><\/h4>\n\n<p>J\u00e1 tem uma FDS desactualizada ou n\u00e3o conforme? N\u00f3s podemos: <\/p>\n\n<ul class=\"wp-block-list\">\n<li>Rever e atualizar a sua folha existente para cumprir as normas actuais<\/li>\n\n\n\n<li>Converter formatos de FDS n\u00e3o comunit\u00e1rios (por exemplo, US OSHA) em vers\u00f5es compat\u00edveis com o REACH da UE<\/li>\n<\/ul>\n\n<h4 class=\"wp-block-heading\" id=\"h-4-optional-add-ons\">4. <strong>Suplementos opcionais<\/strong><\/h4>\n\n<ul class=\"wp-block-list\">\n<li><a href=\"https:\/\/www.ufi.eu\/pt-pt\/pcn\/rotulo-clp\/criacao-de-rotulos-clp-e-verificacao-da-conformidade\/\">Cria\u00e7\u00e3o de r\u00f3tulos CLP<\/a> para corresponder \u00e0 FDS<\/li>\n\n\n\n<li>Gera\u00e7\u00e3o de UFI e notifica\u00e7\u00e3o de PCN<\/li>\n\n\n\n<li>Classifica\u00e7\u00e3o de produtos com base em mat\u00e9rias-primas ou listas de ingredientes<\/li>\n<\/ul>\n\n<h2 class=\"wp-block-heading\" id=\"h-which-products-need-an-sds\">Que produtos necessitam de uma FDS?<\/h2>\n\n<p>\u00c9 necess\u00e1ria uma FDS se o seu produto:<\/p>\n\n<ul class=\"wp-block-list\">\n<li>\u00c9 classificado como perigoso (por exemplo, inflam\u00e1vel, irritante, t\u00f3xico, corrosivo)<\/li>\n\n\n\n<li>Cont\u00e9m subst\u00e2ncias perigosas ou inclu\u00eddas em listas regulamentares espec\u00edficas (por exemplo, SVHC)<\/li>\n\n\n\n<li>Destina-se a uma utiliza\u00e7\u00e3o profissional ou industrial, mesmo que n\u00e3o seja classificada como perigosa<\/li>\n<\/ul>\n\n<p>Isto aplica-se a uma vasta gama de produtos:<\/p>\n\n<ul class=\"wp-block-list\">\n<li>Misturas de fragr\u00e2ncias e \u00f3leos essenciais<\/li>\n\n\n\n<li>Agentes de limpeza e sprays de superf\u00edcie<\/li>\n\n\n\n<li>Tintas, revestimentos e resinas<\/li>\n\n\n\n<li>Derretimentos de cera, sprays de ambiente e ambientadores<\/li>\n\n\n\n<li>Produtos qu\u00edmicos industriais e interm\u00e9dios<\/li>\n<\/ul>\n\n<h2 class=\"wp-block-heading\" id=\"h-who-is-this-service-for\">A quem se destina este servi\u00e7o?<\/h2>\n\n<ul class=\"wp-block-list\">\n<li>Fabricantes e propriet\u00e1rios de marcas de misturas qu\u00edmicas<\/li>\n\n\n\n<li>Importadores de produtos de fora da UE<\/li>\n\n\n\n<li>Distribuidores de marcas pr\u00f3prias e de marcas brancas<\/li>\n\n\n\n<li>Empresas que vendem produtos perigosos em mercados em linha ou a retalho<\/li>\n<\/ul>\n\n<h2 class=\"wp-block-heading\" id=\"h-why-choose-ufi-eu\">Porqu\u00ea escolher o UFI.EU?<\/h2>\n\n<ul class=\"wp-block-list\">\n<li><strong>Equipa de regulamenta\u00e7\u00e3o experiente<\/strong> especializada em CLP, REACH e PCN<\/li>\n\n\n\n<li><strong>FDS exactas e totalmente conformes<\/strong>, adaptadas ao seu produto<\/li>\n\n\n\n<li><strong>Suporte multilingue<\/strong> para conformidade em toda a UE<\/li>\n\n\n\n<li><strong>Tempos de execu\u00e7\u00e3o r\u00e1pidos<\/strong> e pre\u00e7os transparentes<\/li>\n<\/ul>\n\n<h2 class=\"wp-block-heading\" id=\"h-how-it-works\">Como funciona<\/h2>\n\n<ol class=\"wp-block-list\">\n<li><strong>Envie a formula\u00e7\u00e3o do seu produto ou a FDS existente<\/strong><\/li>\n\n\n\n<li><strong>Analisamos os ingredientes e preparamos a FDS<\/strong><\/li>\n\n\n\n<li><strong>Receber um documento formatado de forma profissional, pronto para distribui\u00e7\u00e3o ou registo<\/strong><\/li>\n<\/ol>\n\n<h2 class=\"wp-block-heading\" id=\"h-order-your-sds-today\">Encomende hoje a sua FDS<\/h2>\n\n<p>Quer necessite de uma nova FDS, de uma atualiza\u00e7\u00e3o ou de vers\u00f5es multilingues para diferentes mercados, <strong>a UFI.EU<\/strong> \u00e9 o seu parceiro fi\u00e1vel para a conformidade qu\u00edmica.<br\/><strong>Encomende j\u00e1 o seu servi\u00e7o de cria\u00e7\u00e3o de FDS e cumpra integralmente a legisla\u00e7\u00e3o da UE<\/strong>.<\/p>\n","protected":false},"excerpt":{"rendered":"<p>Fichas de dados de seguran\u00e7a redigidas por profissionais em total conformidade com o Regulamento da UE (REACH &amp; CLP) Fornecemos Fichas de Dados de Seguran\u00e7a (FDS) preparadas por especialistas &#8211; tamb\u00e9m conhecidas como Fichas de Dados de Seguran\u00e7a de Materiais (MSDS) &#8211; adaptadas ao seu produto e em conformidade com os mais recentes regulamentos da [&hellip;]<\/p>\n","protected":false},"featured_media":12486,"template":"","meta":[],"product_brand":[],"product_cat":[301],"product_tag":[],"class_list":{"0":"post-12820","1":"product","2":"type-product","3":"status-publish","4":"has-post-thumbnail","6":"product_cat-ficha-de-dados-de-seguranca","8":"first","9":"instock","10":"virtual","11":"taxable","12":"purchasable","13":"product-type-bundle"},"bundled_by":[],"bundle_stock_status":"instock","bundle_stock_quantity":"","bundle_virtual":false,"bundle_layout":"default","bundle_add_to_cart_form_location":"default","bundle_editable_in_cart":false,"bundle_sold_individually_context":"product","bundle_item_grouping":"parent","bundle_min_size":"","bundle_max_size":"","bundle_price":{"price":{"min":{"incl_tax":"119.79","excl_tax":"99"},"max":{"incl_tax":"","excl_tax":""}},"regular_price":{"min":{"incl_tax":"119.79","excl_tax":"99"},"max":{"incl_tax":"","excl_tax":""}}},"bundled_items":[{"bundled_item_id":1384,"product_id":12482,"menu_order":0,"quantity_min":1,"quantity_max":1,"quantity_default":1,"priced_individually":true,"shipped_individually":true,"override_title":false,"title":null,"override_description":false,"description":null,"optional":false,"hide_thumbnail":false,"discount":"","override_variations":false,"allowed_variations":[""],"override_default_variation_attributes":false,"default_variation_attributes":[],"single_product_visibility":"visible","cart_visibility":"visible","order_visibility":"visible","single_product_price_visibility":"visible","cart_price_visibility":"visible","order_price_visibility":"visible","stock_status":"in_stock"},{"bundled_item_id":1385,"product_id":12497,"menu_order":1,"quantity_min":1,"quantity_max":"","quantity_default":1,"priced_individually":true,"shipped_individually":false,"override_title":false,"title":null,"override_description":false,"description":null,"optional":false,"hide_thumbnail":false,"discount":"","override_variations":false,"allowed_variations":[""],"override_default_variation_attributes":false,"default_variation_attributes":[],"single_product_visibility":"visible","cart_visibility":"visible","order_visibility":"visible","single_product_price_visibility":"visible","cart_price_visibility":"visible","order_price_visibility":"visible","stock_status":"in_stock"}],"bundle_sell_ids":[],"yoast_head":"<!-- This site is optimized with the Yoast SEO Premium plugin v25.1 (Yoast SEO v25.1) - https:\/\/yoast.com\/wordpress\/plugins\/seo\/ -->\n<title>Servi\u00e7o de cria\u00e7\u00e3o de fichas de dados de seguran\u00e7a (MSDS\/SDS) - UFI<\/title>\n<meta name=\"description\" content=\"Fornecemos Fichas de Dados de Seguran\u00e7a (FDS) preparadas por especialistas - tamb\u00e9m conhecidas como Fichas de Dados de Seguran\u00e7a de Materiais (MSDS) - adaptadas ao seu produto e em conformidade com os mais recentes regulamentos da UE.\" \/>\n<meta name=\"robots\" content=\"index, follow, max-snippet:-1, max-image-preview:large, max-video-preview:-1\" \/>\n<link rel=\"canonical\" href=\"https:\/\/www.ufi.eu\/pt-pt\/product\/servico-de-criacao-de-fichas-de-dados-de-seguranca-msds-sds\/\" \/>\n<meta property=\"og:locale\" content=\"pt_PT\" \/>\n<meta property=\"og:type\" content=\"article\" \/>\n<meta property=\"og:title\" content=\"Servi\u00e7o de cria\u00e7\u00e3o de fichas de dados de seguran\u00e7a (MSDS\/SDS)\" \/>\n<meta property=\"og:description\" content=\"Fornecemos Fichas de Dados de Seguran\u00e7a (FDS) preparadas por especialistas - tamb\u00e9m conhecidas como Fichas de Dados de Seguran\u00e7a de Materiais (MSDS) - adaptadas ao seu produto e em conformidade com os mais recentes regulamentos da UE.\" \/>\n<meta property=\"og:url\" content=\"https:\/\/www.ufi.eu\/pt-pt\/product\/servico-de-criacao-de-fichas-de-dados-de-seguranca-msds-sds\/\" \/>\n<meta property=\"og:site_name\" content=\"UFI\" \/>\n<meta property=\"article:modified_time\" content=\"2025-04-15T20:37:37+00:00\" \/>\n<meta property=\"og:image\" content=\"https:\/\/www.ufi.eu\/wp-content\/uploads\/2025\/03\/pcn_ufi.jpg\" \/>\n\t<meta property=\"og:image:width\" content=\"1024\" \/>\n\t<meta property=\"og:image:height\" content=\"1024\" \/>\n\t<meta property=\"og:image:type\" content=\"image\/jpeg\" \/>\n<meta name=\"twitter:card\" content=\"summary_large_image\" \/>\n<meta name=\"twitter:label1\" content=\"pre\u00e7o\" \/>\n\t<meta name=\"twitter:data1\" content=\"&euro;0.00\" \/>\n\t<meta name=\"twitter:label2\" content=\"Disponibilidade\" \/>\n\t<meta name=\"twitter:data2\" content=\"Em stock\" \/>\n<script type=\"application\/ld+json\" class=\"yoast-schema-graph\">{\"@context\":\"https:\/\/schema.org\",\"@graph\":[{\"@type\":\"WebPage\",\"@id\":\"https:\/\/www.ufi.eu\/pt-pt\/product\/servico-de-criacao-de-fichas-de-dados-de-seguranca-msds-sds\/\",\"url\":\"https:\/\/www.ufi.eu\/pt-pt\/product\/servico-de-criacao-de-fichas-de-dados-de-seguranca-msds-sds\/\",\"name\":\"Servi\u00e7o de cria\u00e7\u00e3o de fichas de dados de seguran\u00e7a (MSDS\/SDS) - UFI\",\"isPartOf\":{\"@id\":\"https:\/\/www.ufi.eu\/pt-pt\/#website\"},\"primaryImageOfPage\":{\"@id\":\"https:\/\/www.ufi.eu\/pt-pt\/product\/servico-de-criacao-de-fichas-de-dados-de-seguranca-msds-sds\/#primaryimage\"},\"image\":{\"@id\":\"https:\/\/www.ufi.eu\/pt-pt\/product\/servico-de-criacao-de-fichas-de-dados-de-seguranca-msds-sds\/#primaryimage\"},\"thumbnailUrl\":\"https:\/\/www.ufi.eu\/wp-content\/uploads\/2025\/03\/pcn_ufi.jpg\",\"datePublished\":\"2025-04-15T20:37:30+00:00\",\"dateModified\":\"2025-04-15T20:37:37+00:00\",\"description\":\"Fornecemos Fichas de Dados de Seguran\u00e7a (FDS) preparadas por especialistas - tamb\u00e9m conhecidas como Fichas de Dados de Seguran\u00e7a de Materiais (MSDS) - adaptadas ao seu produto e em conformidade com os mais recentes regulamentos da UE.\",\"breadcrumb\":{\"@id\":\"https:\/\/www.ufi.eu\/pt-pt\/product\/servico-de-criacao-de-fichas-de-dados-de-seguranca-msds-sds\/#breadcrumb\"},\"inLanguage\":\"pt-PT\",\"potentialAction\":[{\"@type\":\"ReadAction\",\"target\":[\"https:\/\/www.ufi.eu\/pt-pt\/product\/servico-de-criacao-de-fichas-de-dados-de-seguranca-msds-sds\/\"]}]},{\"@type\":\"ImageObject\",\"inLanguage\":\"pt-PT\",\"@id\":\"https:\/\/www.ufi.eu\/pt-pt\/product\/servico-de-criacao-de-fichas-de-dados-de-seguranca-msds-sds\/#primaryimage\",\"url\":\"https:\/\/www.ufi.eu\/wp-content\/uploads\/2025\/03\/pcn_ufi.jpg\",\"contentUrl\":\"https:\/\/www.ufi.eu\/wp-content\/uploads\/2025\/03\/pcn_ufi.jpg\",\"width\":1024,\"height\":1024},{\"@type\":\"BreadcrumbList\",\"@id\":\"https:\/\/www.ufi.eu\/pt-pt\/product\/servico-de-criacao-de-fichas-de-dados-de-seguranca-msds-sds\/#breadcrumb\",\"itemListElement\":[{\"@type\":\"ListItem\",\"position\":1,\"name\":\"Home\",\"item\":\"https:\/\/www.ufi.eu\/pt-pt\/inicio\/\"},{\"@type\":\"ListItem\",\"position\":2,\"name\":\"Loja\",\"item\":\"https:\/\/www.ufi.eu\/pt-pt\/loja\/\"},{\"@type\":\"ListItem\",\"position\":3,\"name\":\"Servi\u00e7o de cria\u00e7\u00e3o de fichas de dados de seguran\u00e7a (MSDS\/SDS)\"}]},{\"@type\":\"WebSite\",\"@id\":\"https:\/\/www.ufi.eu\/pt-pt\/#website\",\"url\":\"https:\/\/www.ufi.eu\/pt-pt\/\",\"name\":\"UFI.EU\",\"description\":\"Poison Centre Notifications (PCN) and UFI\",\"publisher\":{\"@id\":\"https:\/\/www.ufi.eu\/pt-pt\/#organization\"},\"potentialAction\":[{\"@type\":\"SearchAction\",\"target\":{\"@type\":\"EntryPoint\",\"urlTemplate\":\"https:\/\/www.ufi.eu\/pt-pt\/?s={search_term_string}\"},\"query-input\":{\"@type\":\"PropertyValueSpecification\",\"valueRequired\":true,\"valueName\":\"search_term_string\"}}],\"inLanguage\":\"pt-PT\"},{\"@type\":\"Organization\",\"@id\":\"https:\/\/www.ufi.eu\/pt-pt\/#organization\",\"name\":\"UFI.EU\",\"url\":\"https:\/\/www.ufi.eu\/pt-pt\/\",\"logo\":{\"@type\":\"ImageObject\",\"inLanguage\":\"pt-PT\",\"@id\":\"https:\/\/www.ufi.eu\/pt-pt\/#\/schema\/logo\/image\/\",\"url\":\"https:\/\/www.ufi.eu\/wp-content\/uploads\/2025\/03\/cropped-logo_ufi3.jpg\",\"contentUrl\":\"https:\/\/www.ufi.eu\/wp-content\/uploads\/2025\/03\/cropped-logo_ufi3.jpg\",\"width\":231,\"height\":78,\"caption\":\"UFI.EU\"},\"image\":{\"@id\":\"https:\/\/www.ufi.eu\/pt-pt\/#\/schema\/logo\/image\/\"},\"description\":\"UFI.eu specializes in digital registrations for Poison Centre Notifications (PCN), ensuring your chemical products meet EU regulatory requirements effortlessly. Our streamlined solutions help businesses stay compliant while reducing complexity and administrative burden.\",\"email\":\"info@ufi.eu\",\"legalName\":\"UFI.EU\"}]}<\/script>\n<meta property=\"product:price:amount\" content=\"0.00\" \/>\n<meta property=\"product:price:currency\" content=\"EUR\" \/>\n<meta property=\"og:availability\" content=\"instock\" \/>\n<meta property=\"product:availability\" content=\"instock\" \/>\n<meta property=\"product:condition\" content=\"new\" \/>\n<!-- \/ Yoast SEO Premium plugin. -->","yoast_head_json":{"title":"Servi\u00e7o de cria\u00e7\u00e3o de fichas de dados de seguran\u00e7a (MSDS\/SDS) - UFI","description":"Fornecemos Fichas de Dados de Seguran\u00e7a (FDS) preparadas por especialistas - tamb\u00e9m conhecidas como Fichas de Dados de Seguran\u00e7a de Materiais (MSDS) - adaptadas ao seu produto e em conformidade com os mais recentes regulamentos da UE.","robots":{"index":"index","follow":"follow","max-snippet":"max-snippet:-1","max-image-preview":"max-image-preview:large","max-video-preview":"max-video-preview:-1"},"canonical":"https:\/\/www.ufi.eu\/pt-pt\/product\/servico-de-criacao-de-fichas-de-dados-de-seguranca-msds-sds\/","og_locale":"pt_PT","og_type":"article","og_title":"Servi\u00e7o de cria\u00e7\u00e3o de fichas de dados de seguran\u00e7a (MSDS\/SDS)","og_description":"Fornecemos Fichas de Dados de Seguran\u00e7a (FDS) preparadas por especialistas - tamb\u00e9m conhecidas como Fichas de Dados de Seguran\u00e7a de Materiais (MSDS) - adaptadas ao seu produto e em conformidade com os mais recentes regulamentos da UE.","og_url":"https:\/\/www.ufi.eu\/pt-pt\/product\/servico-de-criacao-de-fichas-de-dados-de-seguranca-msds-sds\/","og_site_name":"UFI","article_modified_time":"2025-04-15T20:37:37+00:00","og_image":[{"width":1024,"height":1024,"url":"https:\/\/www.ufi.eu\/wp-content\/uploads\/2025\/03\/pcn_ufi.jpg","type":"image\/jpeg"}],"twitter_card":"summary_large_image","twitter_misc":{"pre\u00e7o":"&euro;0.00","Disponibilidade":"Em stock"},"schema":{"@context":"https:\/\/schema.org","@graph":[{"@type":"WebPage","@id":"https:\/\/www.ufi.eu\/pt-pt\/product\/servico-de-criacao-de-fichas-de-dados-de-seguranca-msds-sds\/","url":"https:\/\/www.ufi.eu\/pt-pt\/product\/servico-de-criacao-de-fichas-de-dados-de-seguranca-msds-sds\/","name":"Servi\u00e7o de cria\u00e7\u00e3o de fichas de dados de seguran\u00e7a (MSDS\/SDS) - UFI","isPartOf":{"@id":"https:\/\/www.ufi.eu\/pt-pt\/#website"},"primaryImageOfPage":{"@id":"https:\/\/www.ufi.eu\/pt-pt\/product\/servico-de-criacao-de-fichas-de-dados-de-seguranca-msds-sds\/#primaryimage"},"image":{"@id":"https:\/\/www.ufi.eu\/pt-pt\/product\/servico-de-criacao-de-fichas-de-dados-de-seguranca-msds-sds\/#primaryimage"},"thumbnailUrl":"https:\/\/www.ufi.eu\/wp-content\/uploads\/2025\/03\/pcn_ufi.jpg","datePublished":"2025-04-15T20:37:30+00:00","dateModified":"2025-04-15T20:37:37+00:00","description":"Fornecemos Fichas de Dados de Seguran\u00e7a (FDS) preparadas por especialistas - tamb\u00e9m conhecidas como Fichas de Dados de Seguran\u00e7a de Materiais (MSDS) - adaptadas ao seu produto e em conformidade com os mais recentes regulamentos da UE.","breadcrumb":{"@id":"https:\/\/www.ufi.eu\/pt-pt\/product\/servico-de-criacao-de-fichas-de-dados-de-seguranca-msds-sds\/#breadcrumb"},"inLanguage":"pt-PT","potentialAction":[{"@type":"ReadAction","target":["https:\/\/www.ufi.eu\/pt-pt\/product\/servico-de-criacao-de-fichas-de-dados-de-seguranca-msds-sds\/"]}]},{"@type":"ImageObject","inLanguage":"pt-PT","@id":"https:\/\/www.ufi.eu\/pt-pt\/product\/servico-de-criacao-de-fichas-de-dados-de-seguranca-msds-sds\/#primaryimage","url":"https:\/\/www.ufi.eu\/wp-content\/uploads\/2025\/03\/pcn_ufi.jpg","contentUrl":"https:\/\/www.ufi.eu\/wp-content\/uploads\/2025\/03\/pcn_ufi.jpg","width":1024,"height":1024},{"@type":"BreadcrumbList","@id":"https:\/\/www.ufi.eu\/pt-pt\/product\/servico-de-criacao-de-fichas-de-dados-de-seguranca-msds-sds\/#breadcrumb","itemListElement":[{"@type":"ListItem","position":1,"name":"Home","item":"https:\/\/www.ufi.eu\/pt-pt\/inicio\/"},{"@type":"ListItem","position":2,"name":"Loja","item":"https:\/\/www.ufi.eu\/pt-pt\/loja\/"},{"@type":"ListItem","position":3,"name":"Servi\u00e7o de cria\u00e7\u00e3o de fichas de dados de seguran\u00e7a (MSDS\/SDS)"}]},{"@type":"WebSite","@id":"https:\/\/www.ufi.eu\/pt-pt\/#website","url":"https:\/\/www.ufi.eu\/pt-pt\/","name":"UFI.EU","description":"Poison Centre Notifications (PCN) and UFI","publisher":{"@id":"https:\/\/www.ufi.eu\/pt-pt\/#organization"},"potentialAction":[{"@type":"SearchAction","target":{"@type":"EntryPoint","urlTemplate":"https:\/\/www.ufi.eu\/pt-pt\/?s={search_term_string}"},"query-input":{"@type":"PropertyValueSpecification","valueRequired":true,"valueName":"search_term_string"}}],"inLanguage":"pt-PT"},{"@type":"Organization","@id":"https:\/\/www.ufi.eu\/pt-pt\/#organization","name":"UFI.EU","url":"https:\/\/www.ufi.eu\/pt-pt\/","logo":{"@type":"ImageObject","inLanguage":"pt-PT","@id":"https:\/\/www.ufi.eu\/pt-pt\/#\/schema\/logo\/image\/","url":"https:\/\/www.ufi.eu\/wp-content\/uploads\/2025\/03\/cropped-logo_ufi3.jpg","contentUrl":"https:\/\/www.ufi.eu\/wp-content\/uploads\/2025\/03\/cropped-logo_ufi3.jpg","width":231,"height":78,"caption":"UFI.EU"},"image":{"@id":"https:\/\/www.ufi.eu\/pt-pt\/#\/schema\/logo\/image\/"},"description":"UFI.eu specializes in digital registrations for Poison Centre Notifications (PCN), ensuring your chemical products meet EU regulatory requirements effortlessly. Our streamlined solutions help businesses stay compliant while reducing complexity and administrative burden.","email":"info@ufi.eu","legalName":"UFI.EU"}]},"product_price_amount":"0.00","product_price_currency":"EUR","og_availability":"instock","product_availability":"instock","product_condition":"new"},"_links":{"self":[{"href":"https:\/\/www.ufi.eu\/pt-pt\/wp-json\/wp\/v2\/product\/12820","targetHints":{"allow":["GET"]}}],"collection":[{"href":"https:\/\/www.ufi.eu\/pt-pt\/wp-json\/wp\/v2\/product"}],"about":[{"href":"https:\/\/www.ufi.eu\/pt-pt\/wp-json\/wp\/v2\/types\/product"}],"wp:featuredmedia":[{"embeddable":true,"href":"https:\/\/www.ufi.eu\/pt-pt\/wp-json\/wp\/v2\/media\/12486"}],"wp:attachment":[{"href":"https:\/\/www.ufi.eu\/pt-pt\/wp-json\/wp\/v2\/media?parent=12820"}],"wp:term":[{"taxonomy":"product_brand","embeddable":true,"href":"https:\/\/www.ufi.eu\/pt-pt\/wp-json\/wp\/v2\/product_brand?post=12820"},{"taxonomy":"product_cat","embeddable":true,"href":"https:\/\/www.ufi.eu\/pt-pt\/wp-json\/wp\/v2\/product_cat?post=12820"},{"taxonomy":"product_tag","embeddable":true,"href":"https:\/\/www.ufi.eu\/pt-pt\/wp-json\/wp\/v2\/product_tag?post=12820"}],"curies":[{"name":"wp","href":"https:\/\/api.w.org\/{rel}","templated":true}]}}