{"id":12749,"date":"2025-04-05T15:24:57","date_gmt":"2025-04-15T20:25:39","guid":{"rendered":"https:\/\/www.ufi.eu\/pcn\/sem%20categoria\/criacao-de-rotulos-clp-e-verificacao-da-conformidade-para-detergentes\/"},"modified":"2025-04-28T12:21:28","modified_gmt":"2025-04-28T12:21:28","slug":"criacao-de-rotulos-clp-e-verificacao-da-conformidade-para-detergentes","status":"publish","type":"product","link":"https:\/\/www.ufi.eu\/pt-pt\/product\/criacao-de-rotulos-clp-e-verificacao-da-conformidade-para-detergentes\/","title":{"rendered":"Cria\u00e7\u00e3o de r\u00f3tulos CLP e verifica\u00e7\u00e3o da conformidade para detergentes"},"content":{"rendered":"\n<p><strong>Garanta a total conformidade com o Regulamento CLP e com o Regulamento relativo aos Detergentes com o nosso servi\u00e7o especializado.<\/strong><\/p>\n\n<p>Somos especializados em ajudar as empresas a cumprir os requisitos legais para a coloca\u00e7\u00e3o de produtos detergentes no mercado europeu. O nosso servi\u00e7o de cria\u00e7\u00e3o e verifica\u00e7\u00e3o de r\u00f3tulos CLP garante que os r\u00f3tulos dos seus produtos est\u00e3o totalmente em conformidade com o <strong>Regulamento CLP (CE n.\u00ba 1272\/2008)<\/strong> e com o <strong>Regulamento relativo aos detergentes (CE n.\u00ba 648\/2004)<\/strong>. <\/p>\n\n<h2 class=\"wp-block-heading\" id=\"h-why-correct-labeling-for-detergents-is-crucial\">Porque \u00e9 que a rotulagem correta dos detergentes \u00e9 crucial<\/h2>\n\n<p>Os detergentes est\u00e3o sujeitos a dois regulamentos europeus fundamentais:<\/p>\n\n<ul class=\"wp-block-list\">\n<li><strong>Regulamento CLP<\/strong>, que rege a classifica\u00e7\u00e3o, rotulagem e embalagem de subst\u00e2ncias e misturas perigosas.<\/li>\n\n\n\n<li><strong>Regulamento relativo aos<\/strong> detergentes, que acrescenta obriga\u00e7\u00f5es espec\u00edficas de rotulagem para os produtos detergentes, especialmente os utilizados pelos consumidores.<\/li>\n<\/ul>\n\n<p>O n\u00e3o cumprimento pode levar \u00e0 recolha de produtos, multas ou mesmo \u00e0 proibi\u00e7\u00e3o de comercializa\u00e7\u00e3o. A nossa equipa assegura que os seus r\u00f3tulos s\u00e3o precisos, completos e legalmente defens\u00e1veis. <\/p>\n\n<h2 class=\"wp-block-heading\" id=\"h-what-we-offer\">O que oferecemos<\/h2>\n\n<h4 class=\"wp-block-heading\" id=\"h-1-clp-label-creation-for-detergents\">1. <strong>Cria\u00e7\u00e3o de r\u00f3tulos CLP para detergentes<\/strong><\/h4>\n\n<p>Preparamos o r\u00f3tulo do seu produto com base na classifica\u00e7\u00e3o espec\u00edfica de perigo da sua f\u00f3rmula de detergente. Isto inclui: <\/p>\n\n<ul class=\"wp-block-list\">\n<li>Sele\u00e7\u00e3o dos <strong>pictogramas de perigo<\/strong>, das <strong>palavras-sinal<\/strong>, das <strong>frases H<\/strong> e das <strong>frases P<\/strong> corretas.<\/li>\n\n\n\n<li><strong>Coloca\u00e7\u00e3o<\/strong> e formata\u00e7\u00e3o corretas <strong>dos UFI<\/strong> (se aplic\u00e1vel).<\/li>\n\n\n\n<li>Dados obrigat\u00f3rios de identifica\u00e7\u00e3o do fornecedor e do produto.<\/li>\n<\/ul>\n\n<h4 class=\"wp-block-heading\" id=\"h-2-label-check-for-existing-detergent-products\">2. <strong>Verifica\u00e7\u00e3o do r\u00f3tulo dos produtos de detergentes existentes<\/strong><\/h4>\n\n<p>J\u00e1 tem uma etiqueta? Analisamos e verificamos: <\/p>\n\n<ul class=\"wp-block-list\">\n<li>Classifica\u00e7\u00e3o de perigo correta nos termos do CLP.<\/li>\n\n\n\n<li>Etiquetar o texto e o formato de acordo com os regulamentos actuais.<\/li>\n\n\n\n<li>Requisitos espec\u00edficos para detergentes, como a divulga\u00e7\u00e3o da gama de ingredientes e a listagem de alerg\u00e9nios.<\/li>\n<\/ul>\n\n<h4 class=\"wp-block-heading\" id=\"h-3-compliance-with-detergents-regulation-ec-no-648-2004\">3. <strong>Conformidade com o Regulamento relativo aos detergentes (CE n.\u00ba 648\/2004)<\/strong><\/h4>\n\n<p>Garantimos que o seu r\u00f3tulo cumpre os requisitos espec\u00edficos dos detergentes, incluindo:<\/p>\n\n<ul class=\"wp-block-list\">\n<li>Declara\u00e7\u00f5es sobre a gama de ingredientes (por exemplo, &#8220;5-15% de tensioactivos ani\u00f3nicos&#8221;).<\/li>\n\n\n\n<li>Revela\u00e7\u00e3o de fragr\u00e2ncias alerg\u00e9nicas (por exemplo, limoneno, linalol).<\/li>\n\n\n\n<li>Configura\u00e7\u00e3o da lista de ingredientes em linha (se aplic\u00e1vel).<\/li>\n<\/ul>\n\n<h2 class=\"wp-block-heading\" id=\"h-when-is-a-clp-label-and-ufi-required\">Quando \u00e9 que \u00e9 necess\u00e1rio um r\u00f3tulo CLP e uma UFI?<\/h2>\n\n<p>\u00c9 necess\u00e1rio um r\u00f3tulo em conformidade com o Regulamento CRE (e potencialmente uma notifica\u00e7\u00e3o PCN com a UFI) se o seu detergente<\/p>\n\n<ul class=\"wp-block-list\">\n<li>Cont\u00e9m ingredientes perigosos classificados quanto aos seus efeitos f\u00edsicos ou na sa\u00fade.<\/li>\n\n\n\n<li>\u00c9 comercializado para consumidores ou profissionais.<\/li>\n<\/ul>\n\n<p>Ajudamo-lo a determinar se o seu produto necessita de um <strong>UFI<\/strong>, de uma <strong>apresenta\u00e7\u00e3o PCN<\/strong> ou apenas de rotulagem de acordo com o Regulamento relativo aos detergentes.<\/p>\n\n<h2 class=\"wp-block-heading\" id=\"h-who-is-this-service-for\">A quem se destina este servi\u00e7o?<\/h2>\n\n<ul class=\"wp-block-list\">\n<li>Fabricantes de detergentes l\u00edquidos ou em p\u00f3.<\/li>\n\n\n\n<li>Importadores de produtos de limpeza e de lavandaria.<\/li>\n\n\n\n<li>Marcas de marca pr\u00f3pria que necessitam de apoio total \u00e0 conformidade da marca.<\/li>\n\n\n\n<li>As empresas n\u00e3o t\u00eam a certeza se o seu produto \u00e9 perigoso ou n\u00e3o.<\/li>\n<\/ul>\n\n<h2 class=\"wp-block-heading\" id=\"h-why-choose-ufi-eu\">Porqu\u00ea escolher o UFI.EU?<\/h2>\n\n<ul class=\"wp-block-list\">\n<li><strong>Especialistas em Regulamenta\u00e7\u00e3o de CLP e Detergentes<\/strong> com anos de experi\u00eancia.<\/li>\n\n\n\n<li><strong>Servi\u00e7o r\u00e1pido e preciso<\/strong>, adaptado \u00e0s necessidades do seu produto.<\/li>\n\n\n\n<li><strong>Pre\u00e7os claros<\/strong> e comunica\u00e7\u00e3o pessoal.<\/li>\n\n\n\n<li><strong>Complementos opcionais<\/strong>: Notifica\u00e7\u00e3o PCN, cria\u00e7\u00e3o de SDS e gera\u00e7\u00e3o de UFI.<\/li>\n<\/ul>\n\n<h2 class=\"wp-block-heading\" id=\"h-get-started-today\">Comece a trabalhar hoje<\/h2>\n\n<p>Quer necessite de um novo r\u00f3tulo ou pretenda verificar o r\u00f3tulo existente, o UFI.EU est\u00e1 aqui para apoiar o seu processo de conformidade.<br\/><strong>Deixe-nos tratar dos pormenores legais para que se possa concentrar na sua atividade.<\/strong><\/p>\n\n<p>Clique no bot\u00e3o abaixo para solicitar <strong>a cria\u00e7\u00e3o do<\/strong> seu <strong>r\u00f3tulo CLP ou a verifica\u00e7\u00e3o de detergentes<\/strong>.<\/p>\n","protected":false},"excerpt":{"rendered":"<p>Garanta a total conformidade com o Regulamento CLP e com o Regulamento relativo aos Detergentes com o nosso servi\u00e7o especializado. Somos especializados em ajudar as empresas a cumprir os requisitos legais para a coloca\u00e7\u00e3o de produtos detergentes no mercado europeu. O nosso servi\u00e7o de cria\u00e7\u00e3o e verifica\u00e7\u00e3o de r\u00f3tulos CLP garante que os r\u00f3tulos dos [&hellip;]<\/p>\n","protected":false},"featured_media":12486,"template":"","meta":[],"product_brand":[],"product_cat":[394],"product_tag":[],"class_list":{"0":"post-12749","1":"product","2":"type-product","3":"status-publish","4":"has-post-thumbnail","6":"product_cat-rotulo-clp","8":"first","9":"instock","10":"virtual","11":"taxable","12":"purchasable","13":"product-type-simple"},"bundled_by":[],"bundle_stock_status":"instock","bundle_stock_quantity":null,"bundle_virtual":false,"bundle_layout":"","bundle_add_to_cart_form_location":"","bundle_editable_in_cart":false,"bundle_sold_individually_context":"","bundle_item_grouping":"","bundle_min_size":"","bundle_max_size":"","bundle_price":[],"bundled_items":[],"bundle_sell_ids":[],"yoast_head":"<!-- This site is optimized with the Yoast SEO Premium plugin v25.1 (Yoast SEO v25.1) - https:\/\/yoast.com\/wordpress\/plugins\/seo\/ -->\n<title>Cria\u00e7\u00e3o de r\u00f3tulos CLP e verifica\u00e7\u00e3o da conformidade para detergentes - UFI<\/title>\n<meta name=\"description\" content=\"O nosso servi\u00e7o de cria\u00e7\u00e3o e verifica\u00e7\u00e3o de r\u00f3tulos CLP garante que os r\u00f3tulos dos seus produtos est\u00e3o totalmente em conformidade com o Regulamento CLP (CE n.\u00ba 1272\/2008) e com o Regulamento relativo aos detergentes (CE n.\u00ba 648\/2004).\" \/>\n<meta name=\"robots\" content=\"index, follow, max-snippet:-1, max-image-preview:large, max-video-preview:-1\" \/>\n<link rel=\"canonical\" href=\"https:\/\/www.ufi.eu\/pt-pt\/product\/criacao-de-rotulos-clp-e-verificacao-da-conformidade-para-detergentes\/\" \/>\n<meta property=\"og:locale\" content=\"pt_PT\" \/>\n<meta property=\"og:type\" content=\"article\" \/>\n<meta property=\"og:title\" content=\"Cria\u00e7\u00e3o de r\u00f3tulos CLP e verifica\u00e7\u00e3o da conformidade para detergentes\" \/>\n<meta property=\"og:description\" content=\"O nosso servi\u00e7o de cria\u00e7\u00e3o e verifica\u00e7\u00e3o de r\u00f3tulos CLP garante que os r\u00f3tulos dos seus produtos est\u00e3o totalmente em conformidade com o Regulamento CLP (CE n.\u00ba 1272\/2008) e com o Regulamento relativo aos detergentes (CE n.\u00ba 648\/2004).\" \/>\n<meta property=\"og:url\" content=\"https:\/\/www.ufi.eu\/pt-pt\/product\/criacao-de-rotulos-clp-e-verificacao-da-conformidade-para-detergentes\/\" \/>\n<meta property=\"og:site_name\" content=\"UFI\" \/>\n<meta property=\"article:modified_time\" content=\"2025-04-28T12:21:28+00:00\" \/>\n<meta property=\"og:image\" content=\"https:\/\/www.ufi.eu\/wp-content\/uploads\/2025\/03\/pcn_ufi.jpg\" \/>\n\t<meta property=\"og:image:width\" content=\"1024\" \/>\n\t<meta property=\"og:image:height\" content=\"1024\" \/>\n\t<meta property=\"og:image:type\" content=\"image\/jpeg\" \/>\n<meta name=\"twitter:card\" content=\"summary_large_image\" \/>\n<meta name=\"twitter:label1\" content=\"pre\u00e7o\" \/>\n\t<meta name=\"twitter:data1\" content=\"&euro;50.00\" \/>\n\t<meta name=\"twitter:label2\" content=\"Disponibilidade\" \/>\n\t<meta name=\"twitter:data2\" content=\"Em stock\" \/>\n<script type=\"application\/ld+json\" class=\"yoast-schema-graph\">{\"@context\":\"https:\/\/schema.org\",\"@graph\":[{\"@type\":\"WebPage\",\"@id\":\"https:\/\/www.ufi.eu\/pt-pt\/product\/criacao-de-rotulos-clp-e-verificacao-da-conformidade-para-detergentes\/\",\"url\":\"https:\/\/www.ufi.eu\/pt-pt\/product\/criacao-de-rotulos-clp-e-verificacao-da-conformidade-para-detergentes\/\",\"name\":\"Cria\u00e7\u00e3o de r\u00f3tulos CLP e verifica\u00e7\u00e3o da conformidade para detergentes - UFI\",\"isPartOf\":{\"@id\":\"https:\/\/www.ufi.eu\/pt-pt\/#website\"},\"primaryImageOfPage\":{\"@id\":\"https:\/\/www.ufi.eu\/pt-pt\/product\/criacao-de-rotulos-clp-e-verificacao-da-conformidade-para-detergentes\/#primaryimage\"},\"image\":{\"@id\":\"https:\/\/www.ufi.eu\/pt-pt\/product\/criacao-de-rotulos-clp-e-verificacao-da-conformidade-para-detergentes\/#primaryimage\"},\"thumbnailUrl\":\"https:\/\/www.ufi.eu\/wp-content\/uploads\/2025\/03\/pcn_ufi.jpg\",\"datePublished\":\"2025-04-15T20:25:39+00:00\",\"dateModified\":\"2025-04-28T12:21:28+00:00\",\"description\":\"O nosso servi\u00e7o de cria\u00e7\u00e3o e verifica\u00e7\u00e3o de r\u00f3tulos CLP garante que os r\u00f3tulos dos seus produtos est\u00e3o totalmente em conformidade com o Regulamento CLP (CE n.\u00ba 1272\/2008) e com o Regulamento relativo aos detergentes (CE n.\u00ba 648\/2004).\",\"breadcrumb\":{\"@id\":\"https:\/\/www.ufi.eu\/pt-pt\/product\/criacao-de-rotulos-clp-e-verificacao-da-conformidade-para-detergentes\/#breadcrumb\"},\"inLanguage\":\"pt-PT\",\"potentialAction\":[{\"@type\":\"ReadAction\",\"target\":[\"https:\/\/www.ufi.eu\/pt-pt\/product\/criacao-de-rotulos-clp-e-verificacao-da-conformidade-para-detergentes\/\"]}]},{\"@type\":\"ImageObject\",\"inLanguage\":\"pt-PT\",\"@id\":\"https:\/\/www.ufi.eu\/pt-pt\/product\/criacao-de-rotulos-clp-e-verificacao-da-conformidade-para-detergentes\/#primaryimage\",\"url\":\"https:\/\/www.ufi.eu\/wp-content\/uploads\/2025\/03\/pcn_ufi.jpg\",\"contentUrl\":\"https:\/\/www.ufi.eu\/wp-content\/uploads\/2025\/03\/pcn_ufi.jpg\",\"width\":1024,\"height\":1024},{\"@type\":\"BreadcrumbList\",\"@id\":\"https:\/\/www.ufi.eu\/pt-pt\/product\/criacao-de-rotulos-clp-e-verificacao-da-conformidade-para-detergentes\/#breadcrumb\",\"itemListElement\":[{\"@type\":\"ListItem\",\"position\":1,\"name\":\"Home\",\"item\":\"https:\/\/www.ufi.eu\/pt-pt\/inicio\/\"},{\"@type\":\"ListItem\",\"position\":2,\"name\":\"Loja\",\"item\":\"https:\/\/www.ufi.eu\/pt-pt\/loja\/\"},{\"@type\":\"ListItem\",\"position\":3,\"name\":\"Cria\u00e7\u00e3o de r\u00f3tulos CLP e verifica\u00e7\u00e3o da conformidade para detergentes\"}]},{\"@type\":\"WebSite\",\"@id\":\"https:\/\/www.ufi.eu\/pt-pt\/#website\",\"url\":\"https:\/\/www.ufi.eu\/pt-pt\/\",\"name\":\"UFI.EU\",\"description\":\"Poison Centre Notifications (PCN) and UFI\",\"publisher\":{\"@id\":\"https:\/\/www.ufi.eu\/pt-pt\/#organization\"},\"potentialAction\":[{\"@type\":\"SearchAction\",\"target\":{\"@type\":\"EntryPoint\",\"urlTemplate\":\"https:\/\/www.ufi.eu\/pt-pt\/?s={search_term_string}\"},\"query-input\":{\"@type\":\"PropertyValueSpecification\",\"valueRequired\":true,\"valueName\":\"search_term_string\"}}],\"inLanguage\":\"pt-PT\"},{\"@type\":\"Organization\",\"@id\":\"https:\/\/www.ufi.eu\/pt-pt\/#organization\",\"name\":\"UFI.EU\",\"url\":\"https:\/\/www.ufi.eu\/pt-pt\/\",\"logo\":{\"@type\":\"ImageObject\",\"inLanguage\":\"pt-PT\",\"@id\":\"https:\/\/www.ufi.eu\/pt-pt\/#\/schema\/logo\/image\/\",\"url\":\"https:\/\/www.ufi.eu\/wp-content\/uploads\/2025\/03\/cropped-logo_ufi3.jpg\",\"contentUrl\":\"https:\/\/www.ufi.eu\/wp-content\/uploads\/2025\/03\/cropped-logo_ufi3.jpg\",\"width\":231,\"height\":78,\"caption\":\"UFI.EU\"},\"image\":{\"@id\":\"https:\/\/www.ufi.eu\/pt-pt\/#\/schema\/logo\/image\/\"},\"description\":\"UFI.eu specializes in digital registrations for Poison Centre Notifications (PCN), ensuring your chemical products meet EU regulatory requirements effortlessly. Our streamlined solutions help businesses stay compliant while reducing complexity and administrative burden.\",\"email\":\"info@ufi.eu\",\"legalName\":\"UFI.EU\"}]}<\/script>\n<meta property=\"product:price:amount\" content=\"50.00\" \/>\n<meta property=\"product:price:currency\" content=\"EUR\" \/>\n<meta property=\"og:availability\" content=\"instock\" \/>\n<meta property=\"product:availability\" content=\"instock\" \/>\n<meta property=\"product:condition\" content=\"new\" \/>\n<!-- \/ Yoast SEO Premium plugin. -->","yoast_head_json":{"title":"Cria\u00e7\u00e3o de r\u00f3tulos CLP e verifica\u00e7\u00e3o da conformidade para detergentes - UFI","description":"O nosso servi\u00e7o de cria\u00e7\u00e3o e verifica\u00e7\u00e3o de r\u00f3tulos CLP garante que os r\u00f3tulos dos seus produtos est\u00e3o totalmente em conformidade com o Regulamento CLP (CE n.\u00ba 1272\/2008) e com o Regulamento relativo aos detergentes (CE n.\u00ba 648\/2004).","robots":{"index":"index","follow":"follow","max-snippet":"max-snippet:-1","max-image-preview":"max-image-preview:large","max-video-preview":"max-video-preview:-1"},"canonical":"https:\/\/www.ufi.eu\/pt-pt\/product\/criacao-de-rotulos-clp-e-verificacao-da-conformidade-para-detergentes\/","og_locale":"pt_PT","og_type":"article","og_title":"Cria\u00e7\u00e3o de r\u00f3tulos CLP e verifica\u00e7\u00e3o da conformidade para detergentes","og_description":"O nosso servi\u00e7o de cria\u00e7\u00e3o e verifica\u00e7\u00e3o de r\u00f3tulos CLP garante que os r\u00f3tulos dos seus produtos est\u00e3o totalmente em conformidade com o Regulamento CLP (CE n.\u00ba 1272\/2008) e com o Regulamento relativo aos detergentes (CE n.\u00ba 648\/2004).","og_url":"https:\/\/www.ufi.eu\/pt-pt\/product\/criacao-de-rotulos-clp-e-verificacao-da-conformidade-para-detergentes\/","og_site_name":"UFI","article_modified_time":"2025-04-28T12:21:28+00:00","og_image":[{"width":1024,"height":1024,"url":"https:\/\/www.ufi.eu\/wp-content\/uploads\/2025\/03\/pcn_ufi.jpg","type":"image\/jpeg"}],"twitter_card":"summary_large_image","twitter_misc":{"pre\u00e7o":"&euro;50.00","Disponibilidade":"Em stock"},"schema":{"@context":"https:\/\/schema.org","@graph":[{"@type":"WebPage","@id":"https:\/\/www.ufi.eu\/pt-pt\/product\/criacao-de-rotulos-clp-e-verificacao-da-conformidade-para-detergentes\/","url":"https:\/\/www.ufi.eu\/pt-pt\/product\/criacao-de-rotulos-clp-e-verificacao-da-conformidade-para-detergentes\/","name":"Cria\u00e7\u00e3o de r\u00f3tulos CLP e verifica\u00e7\u00e3o da conformidade para detergentes - UFI","isPartOf":{"@id":"https:\/\/www.ufi.eu\/pt-pt\/#website"},"primaryImageOfPage":{"@id":"https:\/\/www.ufi.eu\/pt-pt\/product\/criacao-de-rotulos-clp-e-verificacao-da-conformidade-para-detergentes\/#primaryimage"},"image":{"@id":"https:\/\/www.ufi.eu\/pt-pt\/product\/criacao-de-rotulos-clp-e-verificacao-da-conformidade-para-detergentes\/#primaryimage"},"thumbnailUrl":"https:\/\/www.ufi.eu\/wp-content\/uploads\/2025\/03\/pcn_ufi.jpg","datePublished":"2025-04-15T20:25:39+00:00","dateModified":"2025-04-28T12:21:28+00:00","description":"O nosso servi\u00e7o de cria\u00e7\u00e3o e verifica\u00e7\u00e3o de r\u00f3tulos CLP garante que os r\u00f3tulos dos seus produtos est\u00e3o totalmente em conformidade com o Regulamento CLP (CE n.\u00ba 1272\/2008) e com o Regulamento relativo aos detergentes (CE n.\u00ba 648\/2004).","breadcrumb":{"@id":"https:\/\/www.ufi.eu\/pt-pt\/product\/criacao-de-rotulos-clp-e-verificacao-da-conformidade-para-detergentes\/#breadcrumb"},"inLanguage":"pt-PT","potentialAction":[{"@type":"ReadAction","target":["https:\/\/www.ufi.eu\/pt-pt\/product\/criacao-de-rotulos-clp-e-verificacao-da-conformidade-para-detergentes\/"]}]},{"@type":"ImageObject","inLanguage":"pt-PT","@id":"https:\/\/www.ufi.eu\/pt-pt\/product\/criacao-de-rotulos-clp-e-verificacao-da-conformidade-para-detergentes\/#primaryimage","url":"https:\/\/www.ufi.eu\/wp-content\/uploads\/2025\/03\/pcn_ufi.jpg","contentUrl":"https:\/\/www.ufi.eu\/wp-content\/uploads\/2025\/03\/pcn_ufi.jpg","width":1024,"height":1024},{"@type":"BreadcrumbList","@id":"https:\/\/www.ufi.eu\/pt-pt\/product\/criacao-de-rotulos-clp-e-verificacao-da-conformidade-para-detergentes\/#breadcrumb","itemListElement":[{"@type":"ListItem","position":1,"name":"Home","item":"https:\/\/www.ufi.eu\/pt-pt\/inicio\/"},{"@type":"ListItem","position":2,"name":"Loja","item":"https:\/\/www.ufi.eu\/pt-pt\/loja\/"},{"@type":"ListItem","position":3,"name":"Cria\u00e7\u00e3o de r\u00f3tulos CLP e verifica\u00e7\u00e3o da conformidade para detergentes"}]},{"@type":"WebSite","@id":"https:\/\/www.ufi.eu\/pt-pt\/#website","url":"https:\/\/www.ufi.eu\/pt-pt\/","name":"UFI.EU","description":"Poison Centre Notifications (PCN) and UFI","publisher":{"@id":"https:\/\/www.ufi.eu\/pt-pt\/#organization"},"potentialAction":[{"@type":"SearchAction","target":{"@type":"EntryPoint","urlTemplate":"https:\/\/www.ufi.eu\/pt-pt\/?s={search_term_string}"},"query-input":{"@type":"PropertyValueSpecification","valueRequired":true,"valueName":"search_term_string"}}],"inLanguage":"pt-PT"},{"@type":"Organization","@id":"https:\/\/www.ufi.eu\/pt-pt\/#organization","name":"UFI.EU","url":"https:\/\/www.ufi.eu\/pt-pt\/","logo":{"@type":"ImageObject","inLanguage":"pt-PT","@id":"https:\/\/www.ufi.eu\/pt-pt\/#\/schema\/logo\/image\/","url":"https:\/\/www.ufi.eu\/wp-content\/uploads\/2025\/03\/cropped-logo_ufi3.jpg","contentUrl":"https:\/\/www.ufi.eu\/wp-content\/uploads\/2025\/03\/cropped-logo_ufi3.jpg","width":231,"height":78,"caption":"UFI.EU"},"image":{"@id":"https:\/\/www.ufi.eu\/pt-pt\/#\/schema\/logo\/image\/"},"description":"UFI.eu specializes in digital registrations for Poison Centre Notifications (PCN), ensuring your chemical products meet EU regulatory requirements effortlessly. Our streamlined solutions help businesses stay compliant while reducing complexity and administrative burden.","email":"info@ufi.eu","legalName":"UFI.EU"}]},"product_price_amount":"50.00","product_price_currency":"EUR","og_availability":"instock","product_availability":"instock","product_condition":"new"},"_links":{"self":[{"href":"https:\/\/www.ufi.eu\/pt-pt\/wp-json\/wp\/v2\/product\/12749","targetHints":{"allow":["GET"]}}],"collection":[{"href":"https:\/\/www.ufi.eu\/pt-pt\/wp-json\/wp\/v2\/product"}],"about":[{"href":"https:\/\/www.ufi.eu\/pt-pt\/wp-json\/wp\/v2\/types\/product"}],"wp:featuredmedia":[{"embeddable":true,"href":"https:\/\/www.ufi.eu\/pt-pt\/wp-json\/wp\/v2\/media\/12486"}],"wp:attachment":[{"href":"https:\/\/www.ufi.eu\/pt-pt\/wp-json\/wp\/v2\/media?parent=12749"}],"wp:term":[{"taxonomy":"product_brand","embeddable":true,"href":"https:\/\/www.ufi.eu\/pt-pt\/wp-json\/wp\/v2\/product_brand?post=12749"},{"taxonomy":"product_cat","embeddable":true,"href":"https:\/\/www.ufi.eu\/pt-pt\/wp-json\/wp\/v2\/product_cat?post=12749"},{"taxonomy":"product_tag","embeddable":true,"href":"https:\/\/www.ufi.eu\/pt-pt\/wp-json\/wp\/v2\/product_tag?post=12749"}],"curies":[{"name":"wp","href":"https:\/\/api.w.org\/{rel}","templated":true}]}}