{"id":12567,"date":"2025-03-09T14:12:29","date_gmt":"2025-04-15T19:37:17","guid":{"rendered":"https:\/\/www.ufi.eu\/pcn\/sem%20categoria\/paises-para-registo-de-ncp\/"},"modified":"2025-05-15T16:47:51","modified_gmt":"2025-05-15T16:47:51","slug":"paises-para-registo-de-ncp","status":"publish","type":"product","link":"https:\/\/www.ufi.eu\/pt-pt\/product\/paises-para-registo-de-ncp\/","title":{"rendered":"Pa\u00edses para registo de NCP"},"content":{"rendered":"<h2 class=\"wp-block-heading\" id=\"h-launch-your-product-across-europe-with-ease\">Lan\u00e7ar o seu produto na Europa com facilidade<\/h2><p>Ao registar o seu produto para efeitos de Notifica\u00e7\u00e3o de Centro de Intoxica\u00e7\u00e3o (PCN) da UE, cada pa\u00eds onde tenciona vender o seu produto deve ser apresentado \u00e0 respectiva autoridade nacional. Com o nosso registo de pa\u00edses da UE para PCN, pode selecionar os pa\u00edses exactos onde pretende lan\u00e7ar o seu produto &#8211; dando-lhe total flexibilidade e controlo sobre o seu alcance de mercado. <\/p><h2 class=\"wp-block-heading\" id=\"h-what-you-re-purchasing\">O que est\u00e1 a comprar<\/h2><p>Este produto permite-lhe <strong>comprar fichas de pa\u00eds<\/strong> para os 27 Estados-Membros da UE. Estes tokens podem ser utilizados <strong>em qualquer registo de NCP<\/strong> que efectue connosco. Uma vez adquiridos, os pa\u00edses s\u00e3o <strong>adicionados \u00e0 <a href=\"https:\/\/www.ufi.eu\/my-account\/points\/\">sua lista de pa\u00edses de NCP<\/a><\/strong> e podem ser aplicados ao preencher o nosso <strong>formul\u00e1rio de registo de NCP<\/strong> para o seu produto.    <\/p><p><strong>Ter\u00e1 tamb\u00e9m de <a href=\"https:\/\/www.ufi.eu\/shop\/\">comprar um NCP para o seu produto<\/a>. Este produto \u00e9 apenas um pa\u00eds solto, n\u00e3o o PCN. <\/strong><\/p><h4 class=\"wp-block-heading\">\u2705 Como funciona:<\/h4><ol class=\"wp-block-list\"><li>Determinar <strong>os pa\u00edses<\/strong> onde tenciona vender.<\/li>\n\n<li>Comprar o n\u00famero de <strong>fichas de pa\u00eds<\/strong>.<\/li>\n\n<li><a href=\"https:\/\/www.ufi.eu\/pt-pt\/novo-produto\/\">Envie-nos o formul\u00e1rio de registo do seu produto<\/a>.<\/li>\n\n<li>Basta atribuir os pa\u00edses para os quais pretende que enviemos o seu produto para apresenta\u00e7\u00e3o de PCN.<\/li>\n\n<li>O token de pa\u00eds \u00e9 deduzido do seu total quando submete o seu formul\u00e1rio connosco.<\/li><\/ol><p>Quer esteja a lan\u00e7ar um produto ou a gerir uma carteira completa, pode <strong>utilizar <a href=\"https:\/\/www.ufi.eu\/my-account\/points\/\">os tokens de pa\u00eds adquiridos<\/a><\/strong> em diferentes submiss\u00f5es de PCN &#8211; poupando tempo, garantindo a conformidade e expandindo a sua presen\u00e7a no mercado da UE sem esfor\u00e7o.<\/p><h3 class=\"wp-block-heading\" id=\"h-supported-eu-countries\">Pa\u00edses da UE apoiados<\/h3><p>A UE tem 27 pa\u00edses e o EEE tem 30 (UE+Lichtenstein, Noruega e Isl\u00e2ndia). No portal, pode selecionar entre estes pa\u00edses:<\/p><figure class=\"wp-block-table\"><table class=\"has-fixed-layout\"><tbody><tr><td>B\u00e9lgica<\/td><td>(BE)<\/td><td>Espanha<\/td><td>(ES)<\/td><td>Hungria<\/td><td>(HU)<\/td><td>Eslov\u00e1quia<\/td><td>(SK)<\/td><\/tr><tr><td>Bulg\u00e1ria<\/td><td>(BG)<\/td><td>Fran\u00e7a<\/td><td>(FR)<\/td><td>Malta<\/td><td>(MT)<\/td><td>Finl\u00e2ndia<\/td><td>(FI)<\/td><\/tr><tr><td>Rep\u00fablica Checa<\/td><td>(CZ)<\/td><td>Cro\u00e1cia<\/td><td>(HR)<\/td><td>Pa\u00edses Baixos<\/td><td>(NL)<\/td><td>Su\u00e9cia<\/td><td>(SE)<\/td><\/tr><tr><td>Dinamarca<\/td><td>(DK)<\/td><td>It\u00e1lia<\/td><td>(IT)<\/td><td>\u00c1ustria<\/td><td>(AT)<\/td><td>Alemanha<\/td><td>(DE)<\/td><\/tr><tr><td>Chipre<\/td><td>(CY)<\/td><td>Pol\u00f3nia<\/td><td>(PL)<\/td><td>Isl\u00e2ndia<\/td><td>(IS)<\/td><td>Est\u00f3nia<\/td><td>(EE)<\/td><\/tr><tr><td>Let\u00f3nia<\/td><td>(LV)<\/td><td>Portugal<\/td><td>(PT)<\/td><td>Liechtenstein<\/td><td>(LI)<\/td><td>Irlanda<\/td><td>(IE)<\/td><\/tr><tr><td>Litu\u00e2nia<\/td><td>(LT)<\/td><td>Rom\u00e9nia<\/td><td>(RO)<\/td><td>Noruega<\/td><td>(N\u00c3O)<\/td><td>Gr\u00e9cia<\/td><td>(EL)<\/td><\/tr><tr><td>Luxemburgo<\/td><td>(LU)<\/td><td>Eslov\u00e9nia<\/td><td>(SI)<\/td><td>Su\u00ed\u00e7a*<\/td><td>(CH)<\/td><td><\/td><td><\/td><\/tr><\/tbody><\/table><\/figure><p>*Para a Su\u00ed\u00e7a, podemos criar o dossier PCN, com todas as informa\u00e7\u00f5es necess\u00e1rias para efetuar uma apresenta\u00e7\u00e3o no portal su\u00ed\u00e7o. Contacte-nos para mais informa\u00e7\u00f5es. <\/p><h2 class=\"wp-block-heading\" id=\"h-example-of-how-it-works\">Exemplo de como funciona<\/h2><p>Est\u00e1 a lan\u00e7ar um novo produto de limpeza em <strong>Fran\u00e7a, Alemanha e Espanha<\/strong>. Basta comprar tr\u00eas pa\u00edses. Ao preencher o formul\u00e1rio de registo de PCN connosco, atribuir\u00e1 esses tokens de pa\u00eds ao produto &#8211; garantindo a conformidade legal nos tr\u00eas mercados sem o inc\u00f3modo de envios individuais.  <\/p>","protected":false},"excerpt":{"rendered":"<p>Selecione o n\u00famero de pa\u00edses em que pretende registar o seu produto.<\/p>\n","protected":false},"featured_media":12570,"template":"","meta":[],"product_brand":[],"product_cat":[347],"product_tag":[],"class_list":{"0":"post-12567","1":"product","2":"type-product","3":"status-publish","4":"has-post-thumbnail","6":"product_cat-paises","8":"first","9":"instock","10":"virtual","11":"taxable","12":"purchasable","13":"product-type-simple"},"bundled_by":["12614","12634","12810","12876","12886","12916","12926","13148","13287","13317","13361","13381","13602","13616","13654","13676","13680","13700","13718","13748","13768","13958","13992","14176","14194","14218","14246","14262","14282","14312","14332","14352","14588","14658","14662","14742","14774","14882","14892","14912","14929","15153","15173","15193","15201","15231","15239","15335","15381","15395","15413","15575","15737","15757","15777","15807","15823","16037","16083","16103","16109","16113","16177","16183","16203","16233","16423","16671","16681","16711","16731","16751","16771","16791","16811","16821","16851","16861","17097","17127","17165","17185","17195","17225","17477","17493","17511","17531","17579","17589","17617","17627","17647","17981","18005","18084","18107","18114","18134","18164","18263","18279","18297","18317","18543","18563","18599","18667","18683","18711","18719","19113","19133","19171","19201","19221","19231","19261","19479","19553","19573","19593","19603","19623","19643","19961","20007","20027","20057","20067","20087","20117","20137","20147","20455","20485","20505","20525","20535","20555","20575","20595","20885","20915","20925","20973","20993","21013","21023","21053","21069","21083","21261","21291","21309","21321","21349","21367","21387","21565","21815","21825","21853","21871","21903","21915","21937","21993","22015","22025","22039","22329","22337","22367","22377","22721","22787","22805","22821","22835","22865","22889","22919","22929","23283","23329","23349","23379","23385","23403","23423","23443","23453","23473","23789","23809","23829","23857","23877","23907","23917","23937","24034","24054","24064","24082","31742"],"bundle_stock_status":"instock","bundle_stock_quantity":null,"bundle_virtual":false,"bundle_layout":"","bundle_add_to_cart_form_location":"","bundle_editable_in_cart":false,"bundle_sold_individually_context":"","bundle_item_grouping":"","bundle_min_size":"","bundle_max_size":"","bundle_price":[],"bundled_items":[],"bundle_sell_ids":[],"yoast_head":"<!-- This site is optimized with the Yoast SEO Premium plugin v25.1 (Yoast SEO v25.1) - https:\/\/yoast.com\/wordpress\/plugins\/seo\/ -->\n<title>Pa\u00edses para registo de NCP - UFI<\/title>\n<meta name=\"description\" content=\"Com o nosso registo PCN nos pa\u00edses da UE, pode selecionar os pa\u00edses exactos onde pretende lan\u00e7ar o seu produto, o que lhe d\u00e1 total flexibilidade e controlo sobre o seu alcance no mercado.\" \/>\n<meta name=\"robots\" content=\"index, follow, max-snippet:-1, max-image-preview:large, max-video-preview:-1\" \/>\n<link rel=\"canonical\" href=\"https:\/\/www.ufi.eu\/pt-pt\/product\/paises-para-registo-de-ncp\/\" \/>\n<meta property=\"og:locale\" content=\"pt_PT\" \/>\n<meta property=\"og:type\" content=\"article\" \/>\n<meta property=\"og:title\" content=\"Pa\u00edses para registo de NCP\" \/>\n<meta property=\"og:description\" content=\"Com o nosso registo PCN nos pa\u00edses da UE, pode selecionar os pa\u00edses exactos onde pretende lan\u00e7ar o seu produto, o que lhe d\u00e1 total flexibilidade e controlo sobre o seu alcance no mercado.\" \/>\n<meta property=\"og:url\" content=\"https:\/\/www.ufi.eu\/pt-pt\/product\/paises-para-registo-de-ncp\/\" \/>\n<meta property=\"og:site_name\" content=\"UFI\" \/>\n<meta property=\"article:modified_time\" content=\"2025-05-15T16:47:51+00:00\" \/>\n<meta property=\"og:image\" content=\"https:\/\/www.ufi.eu\/wp-content\/uploads\/2025\/03\/eu.jpg\" \/>\n\t<meta property=\"og:image:width\" content=\"800\" \/>\n\t<meta property=\"og:image:height\" content=\"800\" \/>\n\t<meta property=\"og:image:type\" content=\"image\/jpeg\" \/>\n<meta name=\"twitter:card\" content=\"summary_large_image\" \/>\n<meta name=\"twitter:label1\" content=\"pre\u00e7o\" \/>\n\t<meta name=\"twitter:data1\" content=\"&euro;35.00\" \/>\n\t<meta name=\"twitter:label2\" content=\"Disponibilidade\" \/>\n\t<meta name=\"twitter:data2\" content=\"Em stock\" \/>\n<script type=\"application\/ld+json\" class=\"yoast-schema-graph\">{\"@context\":\"https:\/\/schema.org\",\"@graph\":[{\"@type\":\"WebPage\",\"@id\":\"https:\/\/www.ufi.eu\/pt-pt\/product\/paises-para-registo-de-ncp\/\",\"url\":\"https:\/\/www.ufi.eu\/pt-pt\/product\/paises-para-registo-de-ncp\/\",\"name\":\"Pa\u00edses para registo de NCP - UFI\",\"isPartOf\":{\"@id\":\"https:\/\/www.ufi.eu\/pt-pt\/#website\"},\"primaryImageOfPage\":{\"@id\":\"https:\/\/www.ufi.eu\/pt-pt\/product\/paises-para-registo-de-ncp\/#primaryimage\"},\"image\":{\"@id\":\"https:\/\/www.ufi.eu\/pt-pt\/product\/paises-para-registo-de-ncp\/#primaryimage\"},\"thumbnailUrl\":\"https:\/\/www.ufi.eu\/wp-content\/uploads\/2025\/03\/eu.jpg\",\"datePublished\":\"2025-04-15T19:37:17+00:00\",\"dateModified\":\"2025-05-15T16:47:51+00:00\",\"description\":\"Com o nosso registo PCN nos pa\u00edses da UE, pode selecionar os pa\u00edses exactos onde pretende lan\u00e7ar o seu produto, o que lhe d\u00e1 total flexibilidade e controlo sobre o seu alcance no mercado.\",\"breadcrumb\":{\"@id\":\"https:\/\/www.ufi.eu\/pt-pt\/product\/paises-para-registo-de-ncp\/#breadcrumb\"},\"inLanguage\":\"pt-PT\",\"potentialAction\":[{\"@type\":\"ReadAction\",\"target\":[\"https:\/\/www.ufi.eu\/pt-pt\/product\/paises-para-registo-de-ncp\/\"]}]},{\"@type\":\"ImageObject\",\"inLanguage\":\"pt-PT\",\"@id\":\"https:\/\/www.ufi.eu\/pt-pt\/product\/paises-para-registo-de-ncp\/#primaryimage\",\"url\":\"https:\/\/www.ufi.eu\/wp-content\/uploads\/2025\/03\/eu.jpg\",\"contentUrl\":\"https:\/\/www.ufi.eu\/wp-content\/uploads\/2025\/03\/eu.jpg\",\"width\":800,\"height\":800},{\"@type\":\"BreadcrumbList\",\"@id\":\"https:\/\/www.ufi.eu\/pt-pt\/product\/paises-para-registo-de-ncp\/#breadcrumb\",\"itemListElement\":[{\"@type\":\"ListItem\",\"position\":1,\"name\":\"Home\",\"item\":\"https:\/\/www.ufi.eu\/pt-pt\/inicio\/\"},{\"@type\":\"ListItem\",\"position\":2,\"name\":\"Loja\",\"item\":\"https:\/\/www.ufi.eu\/pt-pt\/loja\/\"},{\"@type\":\"ListItem\",\"position\":3,\"name\":\"Pa\u00edses para registo de NCP\"}]},{\"@type\":\"WebSite\",\"@id\":\"https:\/\/www.ufi.eu\/pt-pt\/#website\",\"url\":\"https:\/\/www.ufi.eu\/pt-pt\/\",\"name\":\"UFI.EU\",\"description\":\"Poison Centre Notifications (PCN) and UFI\",\"publisher\":{\"@id\":\"https:\/\/www.ufi.eu\/pt-pt\/#organization\"},\"potentialAction\":[{\"@type\":\"SearchAction\",\"target\":{\"@type\":\"EntryPoint\",\"urlTemplate\":\"https:\/\/www.ufi.eu\/pt-pt\/?s={search_term_string}\"},\"query-input\":{\"@type\":\"PropertyValueSpecification\",\"valueRequired\":true,\"valueName\":\"search_term_string\"}}],\"inLanguage\":\"pt-PT\"},{\"@type\":\"Organization\",\"@id\":\"https:\/\/www.ufi.eu\/pt-pt\/#organization\",\"name\":\"UFI.EU\",\"url\":\"https:\/\/www.ufi.eu\/pt-pt\/\",\"logo\":{\"@type\":\"ImageObject\",\"inLanguage\":\"pt-PT\",\"@id\":\"https:\/\/www.ufi.eu\/pt-pt\/#\/schema\/logo\/image\/\",\"url\":\"https:\/\/www.ufi.eu\/wp-content\/uploads\/2025\/03\/cropped-logo_ufi3.jpg\",\"contentUrl\":\"https:\/\/www.ufi.eu\/wp-content\/uploads\/2025\/03\/cropped-logo_ufi3.jpg\",\"width\":231,\"height\":78,\"caption\":\"UFI.EU\"},\"image\":{\"@id\":\"https:\/\/www.ufi.eu\/pt-pt\/#\/schema\/logo\/image\/\"},\"description\":\"UFI.eu specializes in digital registrations for Poison Centre Notifications (PCN), ensuring your chemical products meet EU regulatory requirements effortlessly. Our streamlined solutions help businesses stay compliant while reducing complexity and administrative burden.\",\"email\":\"info@ufi.eu\",\"legalName\":\"UFI.EU\"}]}<\/script>\n<meta property=\"product:price:amount\" content=\"35.00\" \/>\n<meta property=\"product:price:currency\" content=\"EUR\" \/>\n<meta property=\"og:availability\" content=\"instock\" \/>\n<meta property=\"product:availability\" content=\"instock\" \/>\n<meta property=\"product:retailer_item_id\" content=\"PCN-COUNTRIES\" \/>\n<meta property=\"product:condition\" content=\"new\" \/>\n<!-- \/ Yoast SEO Premium plugin. -->","yoast_head_json":{"title":"Pa\u00edses para registo de NCP - UFI","description":"Com o nosso registo PCN nos pa\u00edses da UE, pode selecionar os pa\u00edses exactos onde pretende lan\u00e7ar o seu produto, o que lhe d\u00e1 total flexibilidade e controlo sobre o seu alcance no mercado.","robots":{"index":"index","follow":"follow","max-snippet":"max-snippet:-1","max-image-preview":"max-image-preview:large","max-video-preview":"max-video-preview:-1"},"canonical":"https:\/\/www.ufi.eu\/pt-pt\/product\/paises-para-registo-de-ncp\/","og_locale":"pt_PT","og_type":"article","og_title":"Pa\u00edses para registo de NCP","og_description":"Com o nosso registo PCN nos pa\u00edses da UE, pode selecionar os pa\u00edses exactos onde pretende lan\u00e7ar o seu produto, o que lhe d\u00e1 total flexibilidade e controlo sobre o seu alcance no mercado.","og_url":"https:\/\/www.ufi.eu\/pt-pt\/product\/paises-para-registo-de-ncp\/","og_site_name":"UFI","article_modified_time":"2025-05-15T16:47:51+00:00","og_image":[{"width":800,"height":800,"url":"https:\/\/www.ufi.eu\/wp-content\/uploads\/2025\/03\/eu.jpg","type":"image\/jpeg"}],"twitter_card":"summary_large_image","twitter_misc":{"pre\u00e7o":"&euro;35.00","Disponibilidade":"Em stock"},"schema":{"@context":"https:\/\/schema.org","@graph":[{"@type":"WebPage","@id":"https:\/\/www.ufi.eu\/pt-pt\/product\/paises-para-registo-de-ncp\/","url":"https:\/\/www.ufi.eu\/pt-pt\/product\/paises-para-registo-de-ncp\/","name":"Pa\u00edses para registo de NCP - UFI","isPartOf":{"@id":"https:\/\/www.ufi.eu\/pt-pt\/#website"},"primaryImageOfPage":{"@id":"https:\/\/www.ufi.eu\/pt-pt\/product\/paises-para-registo-de-ncp\/#primaryimage"},"image":{"@id":"https:\/\/www.ufi.eu\/pt-pt\/product\/paises-para-registo-de-ncp\/#primaryimage"},"thumbnailUrl":"https:\/\/www.ufi.eu\/wp-content\/uploads\/2025\/03\/eu.jpg","datePublished":"2025-04-15T19:37:17+00:00","dateModified":"2025-05-15T16:47:51+00:00","description":"Com o nosso registo PCN nos pa\u00edses da UE, pode selecionar os pa\u00edses exactos onde pretende lan\u00e7ar o seu produto, o que lhe d\u00e1 total flexibilidade e controlo sobre o seu alcance no mercado.","breadcrumb":{"@id":"https:\/\/www.ufi.eu\/pt-pt\/product\/paises-para-registo-de-ncp\/#breadcrumb"},"inLanguage":"pt-PT","potentialAction":[{"@type":"ReadAction","target":["https:\/\/www.ufi.eu\/pt-pt\/product\/paises-para-registo-de-ncp\/"]}]},{"@type":"ImageObject","inLanguage":"pt-PT","@id":"https:\/\/www.ufi.eu\/pt-pt\/product\/paises-para-registo-de-ncp\/#primaryimage","url":"https:\/\/www.ufi.eu\/wp-content\/uploads\/2025\/03\/eu.jpg","contentUrl":"https:\/\/www.ufi.eu\/wp-content\/uploads\/2025\/03\/eu.jpg","width":800,"height":800},{"@type":"BreadcrumbList","@id":"https:\/\/www.ufi.eu\/pt-pt\/product\/paises-para-registo-de-ncp\/#breadcrumb","itemListElement":[{"@type":"ListItem","position":1,"name":"Home","item":"https:\/\/www.ufi.eu\/pt-pt\/inicio\/"},{"@type":"ListItem","position":2,"name":"Loja","item":"https:\/\/www.ufi.eu\/pt-pt\/loja\/"},{"@type":"ListItem","position":3,"name":"Pa\u00edses para registo de NCP"}]},{"@type":"WebSite","@id":"https:\/\/www.ufi.eu\/pt-pt\/#website","url":"https:\/\/www.ufi.eu\/pt-pt\/","name":"UFI.EU","description":"Poison Centre Notifications (PCN) and UFI","publisher":{"@id":"https:\/\/www.ufi.eu\/pt-pt\/#organization"},"potentialAction":[{"@type":"SearchAction","target":{"@type":"EntryPoint","urlTemplate":"https:\/\/www.ufi.eu\/pt-pt\/?s={search_term_string}"},"query-input":{"@type":"PropertyValueSpecification","valueRequired":true,"valueName":"search_term_string"}}],"inLanguage":"pt-PT"},{"@type":"Organization","@id":"https:\/\/www.ufi.eu\/pt-pt\/#organization","name":"UFI.EU","url":"https:\/\/www.ufi.eu\/pt-pt\/","logo":{"@type":"ImageObject","inLanguage":"pt-PT","@id":"https:\/\/www.ufi.eu\/pt-pt\/#\/schema\/logo\/image\/","url":"https:\/\/www.ufi.eu\/wp-content\/uploads\/2025\/03\/cropped-logo_ufi3.jpg","contentUrl":"https:\/\/www.ufi.eu\/wp-content\/uploads\/2025\/03\/cropped-logo_ufi3.jpg","width":231,"height":78,"caption":"UFI.EU"},"image":{"@id":"https:\/\/www.ufi.eu\/pt-pt\/#\/schema\/logo\/image\/"},"description":"UFI.eu specializes in digital registrations for Poison Centre Notifications (PCN), ensuring your chemical products meet EU regulatory requirements effortlessly. Our streamlined solutions help businesses stay compliant while reducing complexity and administrative burden.","email":"info@ufi.eu","legalName":"UFI.EU"}]},"product_price_amount":"35.00","product_price_currency":"EUR","og_availability":"instock","product_availability":"instock","product_retailer_item_id":"PCN-COUNTRIES","product_condition":"new"},"_links":{"self":[{"href":"https:\/\/www.ufi.eu\/pt-pt\/wp-json\/wp\/v2\/product\/12567","targetHints":{"allow":["GET"]}}],"collection":[{"href":"https:\/\/www.ufi.eu\/pt-pt\/wp-json\/wp\/v2\/product"}],"about":[{"href":"https:\/\/www.ufi.eu\/pt-pt\/wp-json\/wp\/v2\/types\/product"}],"wp:featuredmedia":[{"embeddable":true,"href":"https:\/\/www.ufi.eu\/pt-pt\/wp-json\/wp\/v2\/media\/12570"}],"wp:attachment":[{"href":"https:\/\/www.ufi.eu\/pt-pt\/wp-json\/wp\/v2\/media?parent=12567"}],"wp:term":[{"taxonomy":"product_brand","embeddable":true,"href":"https:\/\/www.ufi.eu\/pt-pt\/wp-json\/wp\/v2\/product_brand?post=12567"},{"taxonomy":"product_cat","embeddable":true,"href":"https:\/\/www.ufi.eu\/pt-pt\/wp-json\/wp\/v2\/product_cat?post=12567"},{"taxonomy":"product_tag","embeddable":true,"href":"https:\/\/www.ufi.eu\/pt-pt\/wp-json\/wp\/v2\/product_tag?post=12567"}],"curies":[{"name":"wp","href":"https:\/\/api.w.org\/{rel}","templated":true}]}}