{"id":22867,"date":"2025-03-20T08:24:35","date_gmt":"2025-04-17T10:51:56","guid":{"rendered":"https:\/\/www.ufi.eu\/pcn\/bez-kategorii\/pcn-i-ufi-dla-e-plynow-gotowych-do-uzycia\/"},"modified":"2025-04-17T10:51:56","modified_gmt":"2025-04-17T10:51:56","slug":"pcn-i-ufi-dla-e-plynow-gotowych-do-uzycia","status":"publish","type":"product","link":"https:\/\/www.ufi.eu\/pl\/product\/pcn-i-ufi-dla-e-plynow-gotowych-do-uzycia\/","title":{"rendered":"PCN i UFI dla e-p\u0142yn\u00f3w (gotowych do u\u017cycia)"},"content":{"rendered":"<h2>Jak dzia\u0142a us\u0142uga tworzenia UFI i powiadamiania PCN?<\/h2>\n<p>Po zakupie tej us\u0142ugi otrzymaj\u0105 Pa\u0144stwo dost\u0119p do bezpiecznego portalu. Portal ten zawiera przegl\u0105d wszystkich krok\u00f3w.  Prosz\u0119 poda\u0107 dane produktu, a my zabierzemy si\u0119 do pracy.<\/p>\n<h3>Powiadomienie o\u015brodka zatru\u0107 i UFI<\/h3>\n<p>Zapewnimy:<\/p>\n<ul>\n<li>Unikalny identyfikator formu\u0142y (UFI) Pa\u0144stwa produktu<\/li>\n<li>Zg\u0142oszenie do o\u015brodka zatru\u0107 (PCN)<\/li>\n<li>Rejestracja Pa\u0144stwa produktu w odpowiednich krajowych o\u015brodkach ds. zatru\u0107 za po\u015brednictwem ECHA.<\/li>\n<\/ul>\n<h3>Kraje rejestracji PCN<\/h3>\n<p>Mog\u0105 Pa\u0144stwo policzy\u0107 liczb\u0119 kraj\u00f3w, w kt\u00f3rych chc\u0105 Pa\u0144stwo zarejestrowa\u0107 sw\u00f3j produkt. Jest to liczba kraj\u00f3w, w kt\u00f3rych musz\u0105 Pa\u0144stwo dokona\u0107 zakupu.  W portalu b\u0119d\u0105 Pa\u0144stwo mogli wybra\u0107 konkretne kraje. Je\u015bli planuj\u0105 Pa\u0144stwo rozszerzy\u0107 sprzeda\u017c swoich produkt\u00f3w na nowe kraje w p\u00f3\u017aniejszym terminie, zawsze mo\u017cna zam\u00f3wi\u0107 dodatkowe <a href=\"https:\/\/www.ufi.eu\/pl\/pcn\/kraje\/kraje-rejestracji-pcn\/\" target=\"_blank\" title=\"Krajowe rejestracje PCN\">rejestracje krajowe PCN<\/a>.<br \/>UE obejmuje 27 kraj\u00f3w, a EOG 30 (UE + Liechtenstein, Norwegia i Islandia) W portalu mo\u017cna wybra\u0107 te kraje: <\/p>\n<table cellpadding=\"2\" cellspacing=\"0\" border=\"1\">\n<tbody>\n<tr>\n<td>Belgia<\/td>\n<td>(BE)<\/td>\n<td>Hiszpania<\/td>\n<td>(ES)<\/td>\n<td>W\u0119gry<\/td>\n<td>(HU)<\/td>\n<td>S\u0142owacja<\/td>\n<td>(SK)<\/td>\n<\/tr>\n<tr>\n<td>Bu\u0142garia<\/td>\n<td>(BG)<\/td>\n<td>Francja<\/td>\n<td>(FR)<\/td>\n<td>Malta<\/td>\n<td>(MT)<\/td>\n<td>Finlandia<\/td>\n<td>(FI)<\/td>\n<\/tr>\n<tr>\n<td>Czechy<\/td>\n<td>(CZ)<\/td>\n<td>Chorwacja<\/td>\n<td>(HR)<\/td>\n<td>Holandia<\/td>\n<td>(NL)<\/td>\n<td>Szwecja<\/td>\n<td>(SE)<\/td>\n<\/tr>\n<tr>\n<td>Dania<\/td>\n<td>(DK)<\/td>\n<td>W\u0142ochy<\/td>\n<td>(IT)<\/td>\n<td>Austria<\/td>\n<td>(AT)<\/td>\n<td>Niemcy<\/td>\n<td>(DE)<\/td>\n<\/tr>\n<tr>\n<td>Cypr<\/td>\n<td>(CY)<\/td>\n<td>Polska<\/td>\n<td>(PL)<\/td>\n<td>Islandia<\/td>\n<td>(IS)<\/td>\n<td>Estonia<\/td>\n<td>(EE)<\/td>\n<\/tr>\n<tr>\n<td>\u0141otwa<\/td>\n<td>(LV)<\/td>\n<td>Portugalia<\/td>\n<td>(PT)<\/td>\n<td>Liechtenstein<\/td>\n<td>(LI)<\/td>\n<td>Irlandia<\/td>\n<td>(IE)<\/td>\n<\/tr>\n<tr>\n<td>Litwa<\/td>\n<td>(LT)<\/td>\n<td>Rumunia<\/td>\n<td>(RO)<\/td>\n<td>Norwegia<\/td>\n<td>(NIE)<\/td>\n<td>Grecja<\/td>\n<td>(EL)<\/td>\n<\/tr>\n<tr>\n<td>Luksemburg<\/td>\n<td>(LU)<\/td>\n<td>S\u0142owenia<\/td>\n<td>(SI)<\/td>\n<td>Szwajcaria*<\/td>\n<td>(CH)<\/td>\n<td><\/td>\n<td><\/td>\n<\/tr>\n<\/tbody>\n<\/table>\n<p>*W przypadku Szwajcarii mo\u017cemy stworzy\u0107 dokumentacj\u0119 PCN, zawieraj\u0105c\u0105 wszystkie informacje potrzebne do z\u0142o\u017cenia wniosku na szwajcarskim portalu. Prosz\u0119 skontaktowa\u0107 si\u0119 z nami, aby uzyska\u0107 wi\u0119cej informacji. <\/p>\n<h3>Informacje na etykiecie CLP<\/h3>\n<p>Oferujemy Pa\u0144stwu mo\u017cliwo\u015b\u0107 zakupu etykiety produktu zgodnej z CLP, zawieraj\u0105cej wszystkie obowi\u0105zkowe informacje wymagane przez rozporz\u0105dzenie UE CLP. Otrzymaj\u0105 j\u0105 Pa\u0144stwo w formacie PDF.  Nie jest to projekt, ale podsumowanie wymaganych informacji. Umo\u017cliwi to Pa\u0144stwu w\u0142\u0105czenie niezb\u0119dnych informacji do projektu etykiety produktu.  <a href=\"https:\/\/www.ufi.eu\/pl\/pcn\/etykieta-clp\/tworzenie-etykiet-clp-i-kontrola-zgodnosci\/\" target=\"_blank\" title=\"CLP labelcCreation\">Tworzenie etykiet CLP<\/a> mo\u017cna r\u00f3wnie\u017c zam\u00f3wi\u0107 osobno. Maj\u0105 ju\u017c Pa\u0144stwo etykiet\u0119? &#8211; Mo\u017cemy przeprowadzi\u0107 <a href=\"https:\/\/www.ufi.eu\/pl\/pcn\/etykieta-clp\/tworzenie-etykiet-clp-i-kontrola-zgodnosci\/\" target=\"_blank\" title=\"Kontrola zgodno\u015bci z etykiet\u0105 CLP\">kontrol\u0119 zgodno\u015bci<\/a> Pa\u0144stwa etykiety z aktualnymi wymogami CLP. Zapewnimy szczeg\u00f3\u0142owe informacje zwrotne i poprawki, aby upewni\u0107 si\u0119, \u017ce Pa\u0144stwa etykieta spe\u0142nia wszystkie normy prawne.   <\/p>\n<h2>Powiadomienie o\u015brodka zatru\u0107 o e-liquidach do papieros\u00f3w elektronicznych<\/h2>\n<p>E-liquidy do papieros\u00f3w elektronicznych to gotowe do u\u017cycia mieszanki przeznaczone do wapowania. Produkty te cz\u0119sto zawieraj\u0105 niebezpieczne sk\u0142adniki, takie jak nikotyna, kt\u00f3re mog\u0105 stanowi\u0107 powa\u017cne zagro\u017cenie w przypadku spo\u017cycia, wdychania w du\u017cych ilo\u015bciach lub kontaktu ze sk\u00f3r\u0105. Powiadomienie o\u015brodka zatru\u0107 (PCN) jest wymagane, aby zapewni\u0107 zespo\u0142om ratunkowym szybki dost\u0119p do szczeg\u00f3\u0142owych informacji o produkcie w razie przypadkowego nara\u017cenia lub niew\u0142a\u015bciwego u\u017cycia.  <\/p>\n<h3>Co to jest UFI?<\/h3>\n<p>Unikalny identyfikator formu\u0142y (UFI) to 16-znakowy kod alfanumeryczny, kt\u00f3ry \u0142\u0105czy si\u0119 bezpo\u015brednio z konkretnym sk\u0142adem produktu. W przypadku e-liquid\u00f3w, UFI musi by\u0107 wydrukowany na etykiecie produktu, aby pom\u00f3c o\u015brodkom zatru\u0107 szybko zidentyfikowa\u0107 mieszank\u0119 w nag\u0142ych wypadkach. <\/p>\n<h3>Co to jest PCN?<\/h3>\n<p>Powiadomienie o\u015brodka zatru\u0107 (PCN) to zg\u0142oszenie zawieraj\u0105ce szczeg\u00f3\u0142owe informacje na temat niebezpiecznego produktu, takie jak jego sk\u0142ad chemiczny, szczeg\u00f3\u0142y dotycz\u0105ce opakowania, zamierzone zastosowanie i klasyfikacja zagro\u017ce\u0144. Informacje te zapewniaj\u0105, \u017ce o\u015brodki zatru\u0107 mog\u0105 skutecznie reagowa\u0107 podczas incydent\u00f3w z udzia\u0142em e-liquid\u00f3w. <\/p>\n<h3>Co to jest CLP?<\/h3>\n<p>Rozporz\u0105dzenie w sprawie klasyfikacji, oznakowania i pakowania (CLP) reguluje klasyfikacj\u0119 i oznakowanie produkt\u00f3w chemicznych w UE. E-liquidy musz\u0105 by\u0107 zgodne z wymogami CLP, w tym zawiera\u0107 wyra\u017ane symbole zagro\u017ce\u0144, zwroty wskazuj\u0105ce \u015brodki ostro\u017cno\u015bci i UFI na etykiecie. <\/p>\n<h3>Co to jest Centrum Zatru\u0107?<\/h3>\n<p>Centrum Zatru\u0107 to sie\u0107 krajowych organizacji, kt\u00f3re zapewniaj\u0105 porady medyczne i wsparcie w nag\u0142ych przypadkach nara\u017cenia na dzia\u0142anie substancji chemicznych. Przesy\u0142aj\u0105c PCN, producenci i dystrybutorzy umo\u017cliwiaj\u0105 tym o\u015brodkom szybki dost\u0119p do dok\u0142adnych informacji o produkcie, zwi\u0119kszaj\u0105c bezpiecze\u0144stwo publiczne. <\/p>\n<h3>Dlaczego jest to potrzebne?<\/h3>\n<p>E-liquidy cz\u0119sto zawieraj\u0105 substancje takie jak nikotyna, kt\u00f3re s\u0105 klasyfikowane jako niebezpieczne zgodnie z rozporz\u0105dzeniem CLP. PCN zapewnia, \u017ce o\u015brodki zatru\u0107 mog\u0105 udziela\u0107 precyzyjnych porad i wskaz\u00f3wek ratownikom medycznym w razie przypadkowego spo\u017cycia, niew\u0142a\u015bciwego u\u017cycia lub nara\u017cenia. <\/p>\n<h3>Od kiedy jest to prawnie obowi\u0105zkowe?<\/h3>\n<p>Sk\u0142adanie PCN dla niebezpiecznych mieszanin, w tym e-liquid\u00f3w, sta\u0142o si\u0119 obowi\u0105zkowe 1 stycznia 2021 r. dla wszystkich produkt\u00f3w sprzedawanych w UE. Wym\u00f3g ten zapewnia jednolite bezpiecze\u0144stwo i zgodno\u015b\u0107 we wszystkich pa\u0144stwach cz\u0142onkowskich. <\/p>\n<h2>FAQ<\/h2>\n<h3>Pytanie: Czy wszystkie e-liquidy wymagaj\u0105 PCN?<\/h3>\n<p>Odpowied\u017a: Tylko e-liquidy sklasyfikowane jako niebezpieczne zgodnie z rozporz\u0105dzeniem CLP, takie jak te zawieraj\u0105ce nikotyn\u0119, wymagaj\u0105 PCN. Produkty inne ni\u017c niebezpieczne s\u0105 zwolnione z tego wymogu. <\/p>\n<h3>Pytanie: Gdzie powinien by\u0107 wy\u015bwietlany UFI?<\/h3>\n<p>Odpowied\u017a: UFI musi by\u0107 wyra\u017anie wydrukowany na etykiecie produktu, zazwyczaj w pobli\u017cu symboli zagro\u017ce\u0144 lub zwrot\u00f3w wskazuj\u0105cych \u015brodki ostro\u017cno\u015bci.<\/p>\n<h3>Pytanie: Jakie informacje s\u0105 zawarte w PCN?<\/h3>\n<p>Odpowied\u017a: PCN zawiera szczeg\u00f3\u0142owe informacje na temat sk\u0142adu chemicznego produktu, klasyfikacji zagro\u017ce\u0144, zamierzonego zastosowania i specyfikacji opakowania.<\/p>\n<h3>Pytanie: Kto jest odpowiedzialny za z\u0142o\u017cenie PCN?<\/h3>\n<p>Odpowied\u017a: Producent, importer lub dystrybutor e-liquidu jest odpowiedzialny za z\u0142o\u017cenie PCN do odpowiednich w\u0142adz o\u015brodka zatru\u0107.<\/p>\n<h3>Pytanie: Jakie s\u0105 kary za niez\u0142o\u017cenie PCN?<\/h3>\n<p>Odpowied\u017a: Nieprzestrzeganie wymog\u00f3w PCN mo\u017ce skutkowa\u0107 grzywnami, wycofaniem produktu z rynku lub ograniczeniem dost\u0119pu do rynku w UE.<\/p>\n<h3>Pytanie: Dlaczego PCN jest wa\u017cny dla e-liquid\u00f3w?<\/h3>\n<p>Odpowied\u017a: PCN zapewnia, \u017ce o\u015brodki zatru\u0107 maj\u0105 niezb\u0119dne informacje, aby pom\u00f3c ratownikom medycznym w nag\u0142ych wypadkach zwi\u0105zanych z niebezpiecznymi e-liquidami, takimi jak te zawieraj\u0105ce nikotyn\u0119.<\/p>\n<h3>Pytanie: Jak d\u0142ugo trwa przes\u0142anie powiadomienia UFI i PCN?<\/h3>\n<p>Zajmuje nam to kilka dni. Gdy tylko prze\u015bl\u0105 Pa\u0144stwo dokumentacj\u0119, natychmiast rozpoczniemy prac\u0119. <\/p>\n<h3>Pytanie: Czy jestem w\u0142a\u015bcicielem powiadomienia PCN?<\/h3>\n<p>Tak, jest Pan\/Pani w\u0142a\u015bcicielem powiadomienia PCN. Zachowuj\u0105 Pa\u0144stwo pe\u0142n\u0105 w\u0142asno\u015b\u0107 przekazanych danych.  Powiadomienie PCN b\u0119dzie dost\u0119pne na Pa\u0144stwa koncie ECHA.<\/p>\n<h3>Pytanie: Czy ta us\u0142uga dotyczy jednego produktu czy wi\u0119cej?<\/h3>\n<p>Us\u0142uga dotyczy jednego produktu.<\/p>\n<h3>Pytanie: Dlaczego musz\u0119 p\u0142aci\u0107 za utworzenie UFI?<\/h3>\n<p>Oferowana przez nas us\u0142uga nie polega wy\u0142\u0105cznie na dostarczeniu UFI. UFI jest elementem znacznie bardziej rozbudowanego procesu.  Podstawow\u0105 \u015bwiadczon\u0105 przez nas us\u0142ug\u0105 jest przygotowanie i przes\u0142anie Pa\u0144stwa Powiadomienia o O\u015brodku Zatru\u0107 (PCN) do wyznaczonych organ\u00f3w krajowych za po\u015brednictwem portalu ECHA, co jest obowi\u0105zkowym wymogiem zgodnie z rozporz\u0105dzeniem UE CLP dotycz\u0105cym wprowadzania do obrotu niebezpiecznych mieszanin. Wygenerowanie UFI to najprostsza cz\u0119\u015b\u0107.  Raport PCN jest jednak z\u0142o\u017cony. Wymaga on szczeg\u00f3\u0142owego przegl\u0105du sk\u0142adnik\u00f3w &#8211; klasyfikacji chemicznych &#8211; sformatowanych dok\u0142adnie tak, aby mo\u017cna je by\u0142o przes\u0142a\u0107 do O\u015brodka Zatru\u0107 za po\u015brednictwem ECHA. <\/p>\n<h3>Pytanie: Moja firma nie ma siedziby w UE, jak mog\u0119 z\u0142o\u017cy\u0107 PCN?<\/h3>\n<p>Zapewniamy rozwi\u0105zanie dla firm, kt\u00f3re nie maj\u0105 siedziby w UE. Wi\u0119cej informacji znajd\u0105 Pa\u0144stwo na stronie <a href=\"https:\/\/www.ufi.eu\/pl\/pcn\/poza-ue\/pcn-i-ufi-dla-firm-spoza-ue\/\" target=\"_blank\" rel=\"noopener\">PCN i UFI dla firm spoza<\/a> UE. <\/p>\n<h3>Pytanie: Czy mog\u0105 Pa\u0144stwo dostarczy\u0107 karty charakterystyki w pe\u0142nej zgodno\u015bci z rozporz\u0105dzeniem UE (REACH &amp; CLP)?<\/h3>\n<p>Tak, mo\u017cemy <a href=\"https:\/\/www.ufi.eu\/pl\/pcn\/karta-charakterystyki\/usluga-tworzenia-kart-charakterystyki-msds-sds\/\" target=\"_blank\"><strong>stworzy\u0107 karty charakterystyki (SDS)<\/strong><\/a>&#8211; znane r\u00f3wnie\u017c jako <strong>karty charakterystyki substancji niebezpiecznych (MSDS)<\/strong>&#8211; dostosowane do Pa\u0144stwa produktu i zgodne z najnowszymi przepisami UE. Niezale\u017cnie od tego, czy produkuj\u0105 Pa\u0144stwo mieszaniny chemiczne, importuj\u0105 produkty do UE, czy te\u017c dystrybuuj\u0105 je pod w\u0142asn\u0105 mark\u0105, zgodna z przepisami karta charakterystyki substancji niebezpiecznej jest prawnie wymagana i niezb\u0119dna do bezpiecznego stosowania w ca\u0142ym \u0142a\u0144cuchu dostaw. Wi\u0119cej informacji znajd\u0105 Pa\u0144stwo na stronie po\u015bwi\u0119conej <a href=\"https:\/\/www.ufi.eu\/pl\/pcn\/karta-charakterystyki\/usluga-tworzenia-kart-charakterystyki-msds-sds\/\" target=\"_blank\">us\u0142udze tworzenia kart charakterystyki (MSDS\/SDS)<\/a>.  <\/p>\n","protected":false},"excerpt":{"rendered":"<p>Jak dzia\u0142a us\u0142uga tworzenia UFI i powiadamiania PCN? Po zakupie tej us\u0142ugi otrzymaj\u0105 Pa\u0144stwo dost\u0119p do bezpiecznego portalu. Portal ten zawiera przegl\u0105d wszystkich krok\u00f3w. Prosz\u0119 poda\u0107 dane produktu, a my zabierzemy si\u0119 do pracy. Powiadomienie o\u015brodka zatru\u0107 i UFI Zapewnimy: Unikalny identyfikator formu\u0142y (UFI) Pa\u0144stwa produktu Zg\u0142oszenie do o\u015brodka zatru\u0107 (PCN) Rejestracja Pa\u0144stwa produktu w [&hellip;]<\/p>\n","protected":false},"featured_media":22868,"template":"","meta":[],"product_brand":[],"product_cat":[1077],"product_tag":[],"class_list":{"0":"post-22867","1":"product","2":"type-product","3":"status-publish","4":"has-post-thumbnail","6":"product_cat-e-liquidy-pl","8":"first","9":"instock","10":"virtual","11":"taxable","12":"purchasable","13":"product-type-bundle"},"bundled_by":[],"bundle_stock_status":"instock","bundle_stock_quantity":"","bundle_virtual":false,"bundle_layout":"default","bundle_add_to_cart_form_location":"default","bundle_editable_in_cart":false,"bundle_sold_individually_context":"product","bundle_item_grouping":"parent","bundle_min_size":"","bundle_max_size":"","bundle_price":{"price":{"min":{"incl_tax":"121","excl_tax":"100"},"max":{"incl_tax":"","excl_tax":""}},"regular_price":{"min":{"incl_tax":"121","excl_tax":"100"},"max":{"incl_tax":"","excl_tax":""}}},"bundled_items":[{"bundled_item_id":11598,"product_id":12576,"menu_order":0,"quantity_min":1,"quantity_max":1,"quantity_default":1,"priced_individually":true,"shipped_individually":false,"override_title":false,"title":null,"override_description":false,"description":null,"optional":false,"hide_thumbnail":false,"discount":"","override_variations":false,"allowed_variations":[""],"override_default_variation_attributes":false,"default_variation_attributes":[],"single_product_visibility":"visible","cart_visibility":"visible","order_visibility":"visible","single_product_price_visibility":"visible","cart_price_visibility":"visible","order_price_visibility":"visible","stock_status":"in_stock"},{"bundled_item_id":11599,"product_id":12587,"menu_order":1,"quantity_min":1,"quantity_max":"","quantity_default":1,"priced_individually":true,"shipped_individually":false,"override_title":false,"title":null,"override_description":false,"description":null,"optional":false,"hide_thumbnail":false,"discount":"","override_variations":false,"allowed_variations":[""],"override_default_variation_attributes":false,"default_variation_attributes":[],"single_product_visibility":"visible","cart_visibility":"visible","order_visibility":"visible","single_product_price_visibility":"visible","cart_price_visibility":"visible","order_price_visibility":"visible","stock_status":"in_stock"}],"bundle_sell_ids":[],"yoast_head":"<!-- This site is optimized with the Yoast SEO Premium plugin v25.1 (Yoast SEO v25.1) - https:\/\/yoast.com\/wordpress\/plugins\/seo\/ -->\n<title>PCN i UFI dla e-p\u0142yn\u00f3w (gotowych do u\u017cycia) - UFI<\/title>\n<meta name=\"description\" content=\"Uzyskaj PCN i UFI dla gotowych do u\u017cycia e-liquid\u00f3w do waporyzacji. Dzi\u0119ki naszej szybkiej i niezawodnej us\u0142udze powiadamiania mog\u0105 Pa\u0144stwo zapewni\u0107 zgodno\u015b\u0107 z przepisami unijnego o\u015brodka zatru\u0107!\" \/>\n<meta name=\"robots\" content=\"index, follow, max-snippet:-1, max-image-preview:large, max-video-preview:-1\" \/>\n<link rel=\"canonical\" href=\"https:\/\/www.ufi.eu\/pl\/product\/pcn-i-ufi-dla-e-plynow-gotowych-do-uzycia\/\" \/>\n<meta property=\"og:locale\" content=\"pl_PL\" \/>\n<meta property=\"og:type\" content=\"article\" \/>\n<meta property=\"og:title\" content=\"PCN i UFI dla e-p\u0142yn\u00f3w (gotowych do u\u017cycia)\" \/>\n<meta property=\"og:description\" content=\"Uzyskaj PCN i UFI dla gotowych do u\u017cycia e-liquid\u00f3w do waporyzacji. Dzi\u0119ki naszej szybkiej i niezawodnej us\u0142udze powiadamiania mog\u0105 Pa\u0144stwo zapewni\u0107 zgodno\u015b\u0107 z przepisami unijnego o\u015brodka zatru\u0107!\" \/>\n<meta property=\"og:url\" content=\"https:\/\/www.ufi.eu\/pl\/product\/pcn-i-ufi-dla-e-plynow-gotowych-do-uzycia\/\" \/>\n<meta property=\"og:site_name\" content=\"UFI\" \/>\n<meta property=\"og:image\" content=\"https:\/\/www.ufi.eu\/wp-content\/uploads\/2025\/03\/PC-ELQ-1.jpg\" \/>\n\t<meta property=\"og:image:width\" content=\"1024\" \/>\n\t<meta property=\"og:image:height\" content=\"1024\" \/>\n\t<meta property=\"og:image:type\" content=\"image\/jpeg\" \/>\n<meta name=\"twitter:card\" content=\"summary_large_image\" \/>\n<meta name=\"twitter:label1\" content=\"Cena\" \/>\n\t<meta name=\"twitter:data1\" content=\"&euro;0.00\" \/>\n\t<meta name=\"twitter:label2\" content=\"Dost\u0119pno\u015b\u0107\" \/>\n\t<meta name=\"twitter:data2\" content=\"Dost\u0119pny\" \/>\n<script type=\"application\/ld+json\" class=\"yoast-schema-graph\">{\"@context\":\"https:\/\/schema.org\",\"@graph\":[{\"@type\":\"WebPage\",\"@id\":\"https:\/\/www.ufi.eu\/pl\/product\/pcn-i-ufi-dla-e-plynow-gotowych-do-uzycia\/\",\"url\":\"https:\/\/www.ufi.eu\/pl\/product\/pcn-i-ufi-dla-e-plynow-gotowych-do-uzycia\/\",\"name\":\"PCN i UFI dla e-p\u0142yn\u00f3w (gotowych do u\u017cycia) - UFI\",\"isPartOf\":{\"@id\":\"https:\/\/www.ufi.eu\/pl\/#website\"},\"primaryImageOfPage\":{\"@id\":\"https:\/\/www.ufi.eu\/pl\/product\/pcn-i-ufi-dla-e-plynow-gotowych-do-uzycia\/#primaryimage\"},\"image\":{\"@id\":\"https:\/\/www.ufi.eu\/pl\/product\/pcn-i-ufi-dla-e-plynow-gotowych-do-uzycia\/#primaryimage\"},\"thumbnailUrl\":\"https:\/\/www.ufi.eu\/wp-content\/uploads\/2025\/03\/PC-ELQ-1.jpg\",\"datePublished\":\"2025-04-17T10:51:56+00:00\",\"description\":\"Uzyskaj PCN i UFI dla gotowych do u\u017cycia e-liquid\u00f3w do waporyzacji. Dzi\u0119ki naszej szybkiej i niezawodnej us\u0142udze powiadamiania mog\u0105 Pa\u0144stwo zapewni\u0107 zgodno\u015b\u0107 z przepisami unijnego o\u015brodka zatru\u0107!\",\"breadcrumb\":{\"@id\":\"https:\/\/www.ufi.eu\/pl\/product\/pcn-i-ufi-dla-e-plynow-gotowych-do-uzycia\/#breadcrumb\"},\"inLanguage\":\"pl-PL\",\"potentialAction\":[{\"@type\":\"ReadAction\",\"target\":[\"https:\/\/www.ufi.eu\/pl\/product\/pcn-i-ufi-dla-e-plynow-gotowych-do-uzycia\/\"]}]},{\"@type\":\"ImageObject\",\"inLanguage\":\"pl-PL\",\"@id\":\"https:\/\/www.ufi.eu\/pl\/product\/pcn-i-ufi-dla-e-plynow-gotowych-do-uzycia\/#primaryimage\",\"url\":\"https:\/\/www.ufi.eu\/wp-content\/uploads\/2025\/03\/PC-ELQ-1.jpg\",\"contentUrl\":\"https:\/\/www.ufi.eu\/wp-content\/uploads\/2025\/03\/PC-ELQ-1.jpg\",\"width\":1024,\"height\":1024},{\"@type\":\"BreadcrumbList\",\"@id\":\"https:\/\/www.ufi.eu\/pl\/product\/pcn-i-ufi-dla-e-plynow-gotowych-do-uzycia\/#breadcrumb\",\"itemListElement\":[{\"@type\":\"ListItem\",\"position\":1,\"name\":\"Home\",\"item\":\"https:\/\/www.ufi.eu\/pl\/strona-glowna\/\"},{\"@type\":\"ListItem\",\"position\":2,\"name\":\"Sklep\",\"item\":\"https:\/\/www.ufi.eu\/pl\/sklep\/\"},{\"@type\":\"ListItem\",\"position\":3,\"name\":\"PCN i UFI dla e-p\u0142yn\u00f3w (gotowych do u\u017cycia)\"}]},{\"@type\":\"WebSite\",\"@id\":\"https:\/\/www.ufi.eu\/pl\/#website\",\"url\":\"https:\/\/www.ufi.eu\/pl\/\",\"name\":\"UFI.EU\",\"description\":\"Poison Centre Notifications (PCN) and UFI\",\"publisher\":{\"@id\":\"https:\/\/www.ufi.eu\/pl\/#organization\"},\"potentialAction\":[{\"@type\":\"SearchAction\",\"target\":{\"@type\":\"EntryPoint\",\"urlTemplate\":\"https:\/\/www.ufi.eu\/pl\/?s={search_term_string}\"},\"query-input\":{\"@type\":\"PropertyValueSpecification\",\"valueRequired\":true,\"valueName\":\"search_term_string\"}}],\"inLanguage\":\"pl-PL\"},{\"@type\":\"Organization\",\"@id\":\"https:\/\/www.ufi.eu\/pl\/#organization\",\"name\":\"UFI.EU\",\"url\":\"https:\/\/www.ufi.eu\/pl\/\",\"logo\":{\"@type\":\"ImageObject\",\"inLanguage\":\"pl-PL\",\"@id\":\"https:\/\/www.ufi.eu\/pl\/#\/schema\/logo\/image\/\",\"url\":\"https:\/\/www.ufi.eu\/wp-content\/uploads\/2025\/03\/cropped-logo_ufi3.jpg\",\"contentUrl\":\"https:\/\/www.ufi.eu\/wp-content\/uploads\/2025\/03\/cropped-logo_ufi3.jpg\",\"width\":231,\"height\":78,\"caption\":\"UFI.EU\"},\"image\":{\"@id\":\"https:\/\/www.ufi.eu\/pl\/#\/schema\/logo\/image\/\"},\"description\":\"UFI.eu specializes in digital registrations for Poison Centre Notifications (PCN), ensuring your chemical products meet EU regulatory requirements effortlessly. Our streamlined solutions help businesses stay compliant while reducing complexity and administrative burden.\",\"email\":\"info@ufi.eu\",\"legalName\":\"UFI.EU\"}]}<\/script>\n<meta property=\"product:price:amount\" content=\"0.00\" \/>\n<meta property=\"product:price:currency\" content=\"EUR\" \/>\n<meta property=\"og:availability\" content=\"instock\" \/>\n<meta property=\"product:availability\" content=\"instock\" \/>\n<meta property=\"product:retailer_item_id\" content=\"PC-ELQ-1\" \/>\n<meta property=\"product:condition\" content=\"new\" \/>\n<!-- \/ Yoast SEO Premium plugin. -->","yoast_head_json":{"title":"PCN i UFI dla e-p\u0142yn\u00f3w (gotowych do u\u017cycia) - UFI","description":"Uzyskaj PCN i UFI dla gotowych do u\u017cycia e-liquid\u00f3w do waporyzacji. Dzi\u0119ki naszej szybkiej i niezawodnej us\u0142udze powiadamiania mog\u0105 Pa\u0144stwo zapewni\u0107 zgodno\u015b\u0107 z przepisami unijnego o\u015brodka zatru\u0107!","robots":{"index":"index","follow":"follow","max-snippet":"max-snippet:-1","max-image-preview":"max-image-preview:large","max-video-preview":"max-video-preview:-1"},"canonical":"https:\/\/www.ufi.eu\/pl\/product\/pcn-i-ufi-dla-e-plynow-gotowych-do-uzycia\/","og_locale":"pl_PL","og_type":"article","og_title":"PCN i UFI dla e-p\u0142yn\u00f3w (gotowych do u\u017cycia)","og_description":"Uzyskaj PCN i UFI dla gotowych do u\u017cycia e-liquid\u00f3w do waporyzacji. Dzi\u0119ki naszej szybkiej i niezawodnej us\u0142udze powiadamiania mog\u0105 Pa\u0144stwo zapewni\u0107 zgodno\u015b\u0107 z przepisami unijnego o\u015brodka zatru\u0107!","og_url":"https:\/\/www.ufi.eu\/pl\/product\/pcn-i-ufi-dla-e-plynow-gotowych-do-uzycia\/","og_site_name":"UFI","og_image":[{"width":1024,"height":1024,"url":"https:\/\/www.ufi.eu\/wp-content\/uploads\/2025\/03\/PC-ELQ-1.jpg","type":"image\/jpeg"}],"twitter_card":"summary_large_image","twitter_misc":{"Cena":"&euro;0.00","Dost\u0119pno\u015b\u0107":"Dost\u0119pny"},"schema":{"@context":"https:\/\/schema.org","@graph":[{"@type":"WebPage","@id":"https:\/\/www.ufi.eu\/pl\/product\/pcn-i-ufi-dla-e-plynow-gotowych-do-uzycia\/","url":"https:\/\/www.ufi.eu\/pl\/product\/pcn-i-ufi-dla-e-plynow-gotowych-do-uzycia\/","name":"PCN i UFI dla e-p\u0142yn\u00f3w (gotowych do u\u017cycia) - UFI","isPartOf":{"@id":"https:\/\/www.ufi.eu\/pl\/#website"},"primaryImageOfPage":{"@id":"https:\/\/www.ufi.eu\/pl\/product\/pcn-i-ufi-dla-e-plynow-gotowych-do-uzycia\/#primaryimage"},"image":{"@id":"https:\/\/www.ufi.eu\/pl\/product\/pcn-i-ufi-dla-e-plynow-gotowych-do-uzycia\/#primaryimage"},"thumbnailUrl":"https:\/\/www.ufi.eu\/wp-content\/uploads\/2025\/03\/PC-ELQ-1.jpg","datePublished":"2025-04-17T10:51:56+00:00","description":"Uzyskaj PCN i UFI dla gotowych do u\u017cycia e-liquid\u00f3w do waporyzacji. Dzi\u0119ki naszej szybkiej i niezawodnej us\u0142udze powiadamiania mog\u0105 Pa\u0144stwo zapewni\u0107 zgodno\u015b\u0107 z przepisami unijnego o\u015brodka zatru\u0107!","breadcrumb":{"@id":"https:\/\/www.ufi.eu\/pl\/product\/pcn-i-ufi-dla-e-plynow-gotowych-do-uzycia\/#breadcrumb"},"inLanguage":"pl-PL","potentialAction":[{"@type":"ReadAction","target":["https:\/\/www.ufi.eu\/pl\/product\/pcn-i-ufi-dla-e-plynow-gotowych-do-uzycia\/"]}]},{"@type":"ImageObject","inLanguage":"pl-PL","@id":"https:\/\/www.ufi.eu\/pl\/product\/pcn-i-ufi-dla-e-plynow-gotowych-do-uzycia\/#primaryimage","url":"https:\/\/www.ufi.eu\/wp-content\/uploads\/2025\/03\/PC-ELQ-1.jpg","contentUrl":"https:\/\/www.ufi.eu\/wp-content\/uploads\/2025\/03\/PC-ELQ-1.jpg","width":1024,"height":1024},{"@type":"BreadcrumbList","@id":"https:\/\/www.ufi.eu\/pl\/product\/pcn-i-ufi-dla-e-plynow-gotowych-do-uzycia\/#breadcrumb","itemListElement":[{"@type":"ListItem","position":1,"name":"Home","item":"https:\/\/www.ufi.eu\/pl\/strona-glowna\/"},{"@type":"ListItem","position":2,"name":"Sklep","item":"https:\/\/www.ufi.eu\/pl\/sklep\/"},{"@type":"ListItem","position":3,"name":"PCN i UFI dla e-p\u0142yn\u00f3w (gotowych do u\u017cycia)"}]},{"@type":"WebSite","@id":"https:\/\/www.ufi.eu\/pl\/#website","url":"https:\/\/www.ufi.eu\/pl\/","name":"UFI.EU","description":"Poison Centre Notifications (PCN) and UFI","publisher":{"@id":"https:\/\/www.ufi.eu\/pl\/#organization"},"potentialAction":[{"@type":"SearchAction","target":{"@type":"EntryPoint","urlTemplate":"https:\/\/www.ufi.eu\/pl\/?s={search_term_string}"},"query-input":{"@type":"PropertyValueSpecification","valueRequired":true,"valueName":"search_term_string"}}],"inLanguage":"pl-PL"},{"@type":"Organization","@id":"https:\/\/www.ufi.eu\/pl\/#organization","name":"UFI.EU","url":"https:\/\/www.ufi.eu\/pl\/","logo":{"@type":"ImageObject","inLanguage":"pl-PL","@id":"https:\/\/www.ufi.eu\/pl\/#\/schema\/logo\/image\/","url":"https:\/\/www.ufi.eu\/wp-content\/uploads\/2025\/03\/cropped-logo_ufi3.jpg","contentUrl":"https:\/\/www.ufi.eu\/wp-content\/uploads\/2025\/03\/cropped-logo_ufi3.jpg","width":231,"height":78,"caption":"UFI.EU"},"image":{"@id":"https:\/\/www.ufi.eu\/pl\/#\/schema\/logo\/image\/"},"description":"UFI.eu specializes in digital registrations for Poison Centre Notifications (PCN), ensuring your chemical products meet EU regulatory requirements effortlessly. Our streamlined solutions help businesses stay compliant while reducing complexity and administrative burden.","email":"info@ufi.eu","legalName":"UFI.EU"}]},"product_price_amount":"0.00","product_price_currency":"EUR","og_availability":"instock","product_availability":"instock","product_retailer_item_id":"PC-ELQ-1","product_condition":"new"},"_links":{"self":[{"href":"https:\/\/www.ufi.eu\/pl\/wp-json\/wp\/v2\/product\/22867","targetHints":{"allow":["GET"]}}],"collection":[{"href":"https:\/\/www.ufi.eu\/pl\/wp-json\/wp\/v2\/product"}],"about":[{"href":"https:\/\/www.ufi.eu\/pl\/wp-json\/wp\/v2\/types\/product"}],"wp:featuredmedia":[{"embeddable":true,"href":"https:\/\/www.ufi.eu\/pl\/wp-json\/wp\/v2\/media\/22868"}],"wp:attachment":[{"href":"https:\/\/www.ufi.eu\/pl\/wp-json\/wp\/v2\/media?parent=22867"}],"wp:term":[{"taxonomy":"product_brand","embeddable":true,"href":"https:\/\/www.ufi.eu\/pl\/wp-json\/wp\/v2\/product_brand?post=22867"},{"taxonomy":"product_cat","embeddable":true,"href":"https:\/\/www.ufi.eu\/pl\/wp-json\/wp\/v2\/product_cat?post=22867"},{"taxonomy":"product_tag","embeddable":true,"href":"https:\/\/www.ufi.eu\/pl\/wp-json\/wp\/v2\/product_tag?post=22867"}],"curies":[{"name":"wp","href":"https:\/\/api.w.org\/{rel}","templated":true}]}}