{"id":12750,"date":"2025-04-05T15:24:57","date_gmt":"2025-04-15T20:25:40","guid":{"rendered":"https:\/\/www.ufi.eu\/pcn\/bez-kategorii\/tworzenie-etykiet-clp-i-kontrola-zgodnosci-dla-detergentow\/"},"modified":"2025-04-28T12:21:26","modified_gmt":"2025-04-28T12:21:26","slug":"tworzenie-etykiet-clp-i-kontrola-zgodnosci-dla-detergentow","status":"publish","type":"product","link":"https:\/\/www.ufi.eu\/pl\/product\/tworzenie-etykiet-clp-i-kontrola-zgodnosci-dla-detergentow\/","title":{"rendered":"Tworzenie etykiet CLP i kontrola zgodno\u015bci dla detergent\u00f3w"},"content":{"rendered":"<p><strong>Dzi\u0119ki naszym specjalistycznym us\u0142ugom zapewni\u0105 Pa\u0144stwo pe\u0142n\u0105 zgodno\u015b\u0107 z rozporz\u0105dzeniem CLP i rozporz\u0105dzeniem w sprawie detergent\u00f3w.<\/strong><\/p><p>Specjalizujemy si\u0119 w pomaganiu firmom w spe\u0142nianiu wymog\u00f3w prawnych dotycz\u0105cych wprowadzania detergent\u00f3w na rynek europejski. Nasza us\u0142uga tworzenia i sprawdzania etykiet CLP gwarantuje, \u017ce etykiety Pa\u0144stwa produkt\u00f3w s\u0105 w pe\u0142ni zgodne zar\u00f3wno z <strong>rozporz\u0105dzeniem CLP (WE nr 1272\/2008)<\/strong>, jak i <strong>rozporz\u0105dzeniem w sprawie detergent\u00f3w (WE nr 648\/2004)<\/strong>. <\/p><h2 class=\"wp-block-heading\" id=\"h-why-correct-labeling-for-detergents-is-crucial\">Dlaczego prawid\u0142owe oznakowanie detergent\u00f3w ma kluczowe znaczenie?<\/h2><p>Detergenty podlegaj\u0105 dw\u00f3m kluczowym regulacjom europejskim:<\/p><ul class=\"wp-block-list\"><li><strong>Rozporz\u0105dzenie CLP<\/strong>, kt\u00f3re reguluje klasyfikacj\u0119, oznakowanie i pakowanie niebezpiecznych substancji i mieszanin.<\/li>\n\n<li><strong>Rozporz\u0105dzenie w sprawie detergent\u00f3w<\/strong>, kt\u00f3re nak\u0142ada szczeg\u00f3lne obowi\u0105zki w zakresie etykietowania detergent\u00f3w, zw\u0142aszcza tych u\u017cywanych przez konsument\u00f3w.<\/li><\/ul><p>Nieprzestrzeganie przepis\u00f3w mo\u017ce prowadzi\u0107 do wycofania produktu z rynku, grzywien, a nawet zakaz\u00f3w rynkowych. Nasz zesp\u00f3\u0142 zapewnia, \u017ce Pa\u0144stwa etykiety s\u0105 dok\u0142adne, kompletne i zgodne z prawem. <\/p><h2 class=\"wp-block-heading\" id=\"h-what-we-offer\">Co oferujemy<\/h2><h4 class=\"wp-block-heading\" id=\"h-1-clp-label-creation-for-detergents\">1. <strong>Tworzenie etykiet CLP dla detergent\u00f3w<\/strong><\/h4><p>Przygotowujemy etykiet\u0119 Pa\u0144stwa produktu w oparciu o konkretn\u0105 klasyfikacj\u0119 zagro\u017ce\u0144 Pa\u0144stwa preparatu detergentowego. Obejmuje to: <\/p><ul class=\"wp-block-list\"><li>Wyb\u00f3r w\u0142a\u015bciwych <strong>piktogram\u00f3w zagro\u017ce\u0144<\/strong>, <strong>s\u0142\u00f3w sygnalizacyjnych<\/strong>, <strong>zwrot\u00f3w H<\/strong> i <strong>P<\/strong>.<\/li>\n\n<li>Prawid\u0142owe <strong>umieszczenie<\/strong> i formatowanie <strong>UFI<\/strong> (je\u015bli dotyczy).<\/li>\n\n<li>Obowi\u0105zkowe dane identyfikacyjne dostawcy i produktu.<\/li><\/ul><h4 class=\"wp-block-heading\" id=\"h-2-label-check-for-existing-detergent-products\">2. <strong>Kontrola etykiet istniej\u0105cych detergent\u00f3w<\/strong><\/h4><p>Maj\u0105 ju\u017c Pa\u0144stwo etykiet\u0119? Sprawdzamy i weryfikujemy: <\/p><ul class=\"wp-block-list\"><li>W\u0142a\u015bciwa klasyfikacja zagro\u017ce\u0144 zgodnie z CLP.<\/li>\n\n<li>Tekst etykiety i format zgodny z obowi\u0105zuj\u0105cymi przepisami.<\/li>\n\n<li>Wymagania dotycz\u0105ce detergent\u00f3w, takie jak ujawnienie zakresu sk\u0142adnik\u00f3w i lista alergen\u00f3w.<\/li><\/ul><h4 class=\"wp-block-heading\" id=\"h-3-compliance-with-detergents-regulation-ec-no-648-2004\">3. <strong>Zgodno\u015b\u0107 z rozporz\u0105dzeniem w sprawie detergent\u00f3w (WE nr 648\/2004)<\/strong><\/h4><p>Zapewniamy, \u017ce Pa\u0144stwa etykieta spe\u0142nia wymagania dotycz\u0105ce detergent\u00f3w, w tym:<\/p><ul class=\"wp-block-list\"><li>Deklaracje zakresu sk\u0142adnik\u00f3w (np. &#8220;5-15% anionowych \u015brodk\u00f3w powierzchniowo czynnych&#8221;).<\/li>\n\n<li>Ujawnienie alergen\u00f3w zapachowych (np. limonen, linalool).<\/li>\n\n<li>Konfiguracja listy sk\u0142adnik\u00f3w online (je\u015bli dotyczy).<\/li><\/ul><h2 class=\"wp-block-heading\" id=\"h-when-is-a-clp-label-and-ufi-required\">Kiedy wymagana jest etykieta CLP i UFI?<\/h2><p>Etykieta zgodna z CLP (i potencjalnie powiadomienie PCN z UFI) jest wymagana, je\u015bli Pa\u0144stwa detergent:<\/p><ul class=\"wp-block-list\"><li>Zawiera niebezpieczne sk\u0142adniki sklasyfikowane ze wzgl\u0119du na skutki zdrowotne lub fizyczne.<\/li>\n\n<li>Jest sprzedawany konsumentom lub profesjonalistom.<\/li><\/ul><p>Pomo\u017cemy Pa\u0144stwu ustali\u0107, czy Pa\u0144stwa produkt wymaga <strong>zg\u0142oszenia<\/strong> <strong>UFI<\/strong>, <strong>PCN<\/strong>, czy tylko etykietowania zgodnie z rozporz\u0105dzeniem w sprawie detergent\u00f3w.<\/p><h2 class=\"wp-block-heading\" id=\"h-who-is-this-service-for\">Dla kogo przeznaczona jest ta us\u0142uga?<\/h2><ul class=\"wp-block-list\"><li>Producenci detergent\u00f3w w p\u0142ynie lub proszku.<\/li>\n\n<li>Importerzy \u015brodk\u00f3w czyszcz\u0105cych i produkt\u00f3w do prania.<\/li>\n\n<li>Marki w\u0142asne wymagaj\u0105ce pe\u0142nego wsparcia w zakresie zgodno\u015bci z etykietami.<\/li>\n\n<li>Firmy nie s\u0105 pewne, czy ich produkt jest niebezpieczny, czy nie.<\/li><\/ul><h2 class=\"wp-block-heading\" id=\"h-why-choose-ufi-eu\">Dlaczego warto wybra\u0107 UFI.EU?<\/h2><ul class=\"wp-block-list\"><li><strong>Eksperci w zakresie przepis\u00f3w CLP i detergent\u00f3w<\/strong> z wieloletnim do\u015bwiadczeniem.<\/li>\n\n<li><strong>Szybka i dok\u0142adna obs\u0142uga<\/strong> dostosowana do potrzeb Pa\u0144stwa produktu.<\/li>\n\n<li><strong>Przejrzyste ceny<\/strong> i osobista komunikacja.<\/li>\n\n<li><strong>Opcjonalne dodatki<\/strong>: Powiadomienie PCN, tworzenie SDS i generowanie UFI.<\/li><\/ul><h2 class=\"wp-block-heading\" id=\"h-get-started-today\">Prosz\u0119 zacz\u0105\u0107 ju\u017c dzi\u015b<\/h2><p>Niezale\u017cnie od tego, czy potrzebuj\u0105 Pa\u0144stwo nowej etykiety, czy chc\u0105 zweryfikowa\u0107 istniej\u0105c\u0105, UFI.EU jest tutaj, aby wspiera\u0107 Pa\u0144stwa proces zgodno\u015bci.<br\/><strong>Prosz\u0119 pozwoli\u0107 nam zaj\u0105\u0107 si\u0119 szczeg\u00f3\u0142ami prawnymi, aby mogli Pa\u0144stwo skupi\u0107 si\u0119 na swojej dzia\u0142alno\u015bci<\/strong>.<\/p><p>Prosz\u0119 klikn\u0105\u0107 poni\u017cszy przycisk, aby poprosi\u0107 o <strong>utworzenie etykiety CLP lub sprawdzenie detergent\u00f3w<\/strong>.<\/p>","protected":false},"excerpt":{"rendered":"<p>Dzi\u0119ki naszym specjalistycznym us\u0142ugom zapewni\u0105 Pa\u0144stwo pe\u0142n\u0105 zgodno\u015b\u0107 z rozporz\u0105dzeniem CLP i rozporz\u0105dzeniem w sprawie detergent\u00f3w. Specjalizujemy si\u0119 w pomaganiu firmom w spe\u0142nianiu wymog\u00f3w prawnych dotycz\u0105cych wprowadzania detergent\u00f3w na rynek europejski. Nasza us\u0142uga tworzenia i sprawdzania etykiet CLP gwarantuje, \u017ce etykiety Pa\u0144stwa produkt\u00f3w s\u0105 w pe\u0142ni zgodne zar\u00f3wno z rozporz\u0105dzeniem CLP (WE nr 1272\/2008), jak [&hellip;]<\/p>\n","protected":false},"featured_media":12507,"template":"","meta":[],"product_brand":[],"product_cat":[395],"product_tag":[],"class_list":{"0":"post-12750","1":"product","2":"type-product","3":"status-publish","4":"has-post-thumbnail","6":"product_cat-etykieta-clp","8":"first","9":"instock","10":"virtual","11":"taxable","12":"purchasable","13":"product-type-simple"},"bundled_by":[],"bundle_stock_status":"instock","bundle_stock_quantity":null,"bundle_virtual":false,"bundle_layout":"","bundle_add_to_cart_form_location":"","bundle_editable_in_cart":false,"bundle_sold_individually_context":"","bundle_item_grouping":"","bundle_min_size":"","bundle_max_size":"","bundle_price":[],"bundled_items":[],"bundle_sell_ids":[],"yoast_head":"<!-- This site is optimized with the Yoast SEO Premium plugin v25.1 (Yoast SEO v25.1) - https:\/\/yoast.com\/wordpress\/plugins\/seo\/ -->\n<title>Tworzenie etykiet CLP i kontrola zgodno\u015bci dla detergent\u00f3w - UFI<\/title>\n<meta name=\"description\" content=\"Nasza us\u0142uga tworzenia i sprawdzania etykiet CLP gwarantuje, \u017ce etykiety Pa\u0144stwa produkt\u00f3w s\u0105 w pe\u0142ni zgodne zar\u00f3wno z rozporz\u0105dzeniem CLP (WE nr 1272\/2008), jak i rozporz\u0105dzeniem w sprawie detergent\u00f3w (WE nr 648\/2004).\" \/>\n<meta name=\"robots\" content=\"index, follow, max-snippet:-1, max-image-preview:large, max-video-preview:-1\" \/>\n<link rel=\"canonical\" href=\"https:\/\/www.ufi.eu\/pl\/product\/tworzenie-etykiet-clp-i-kontrola-zgodnosci-dla-detergentow\/\" \/>\n<meta property=\"og:locale\" content=\"pl_PL\" \/>\n<meta property=\"og:type\" content=\"article\" \/>\n<meta property=\"og:title\" content=\"Tworzenie etykiet CLP i kontrola zgodno\u015bci dla detergent\u00f3w\" \/>\n<meta property=\"og:description\" content=\"Nasza us\u0142uga tworzenia i sprawdzania etykiet CLP gwarantuje, \u017ce etykiety Pa\u0144stwa produkt\u00f3w s\u0105 w pe\u0142ni zgodne zar\u00f3wno z rozporz\u0105dzeniem CLP (WE nr 1272\/2008), jak i rozporz\u0105dzeniem w sprawie detergent\u00f3w (WE nr 648\/2004).\" \/>\n<meta property=\"og:url\" content=\"https:\/\/www.ufi.eu\/pl\/product\/tworzenie-etykiet-clp-i-kontrola-zgodnosci-dla-detergentow\/\" \/>\n<meta property=\"og:site_name\" content=\"UFI\" \/>\n<meta property=\"article:modified_time\" content=\"2025-04-28T12:21:26+00:00\" \/>\n<meta property=\"og:image\" content=\"https:\/\/www.ufi.eu\/wp-content\/uploads\/2025\/03\/pcn_ufi.jpg\" \/>\n\t<meta property=\"og:image:width\" content=\"1024\" \/>\n\t<meta property=\"og:image:height\" content=\"1024\" \/>\n\t<meta property=\"og:image:type\" content=\"image\/jpeg\" \/>\n<meta name=\"twitter:card\" content=\"summary_large_image\" \/>\n<meta name=\"twitter:label1\" content=\"Cena\" \/>\n\t<meta name=\"twitter:data1\" content=\"&euro;50.00\" \/>\n\t<meta name=\"twitter:label2\" content=\"Dost\u0119pno\u015b\u0107\" \/>\n\t<meta name=\"twitter:data2\" content=\"Dost\u0119pny\" \/>\n<script type=\"application\/ld+json\" class=\"yoast-schema-graph\">{\"@context\":\"https:\/\/schema.org\",\"@graph\":[{\"@type\":\"WebPage\",\"@id\":\"https:\/\/www.ufi.eu\/pl\/product\/tworzenie-etykiet-clp-i-kontrola-zgodnosci-dla-detergentow\/\",\"url\":\"https:\/\/www.ufi.eu\/pl\/product\/tworzenie-etykiet-clp-i-kontrola-zgodnosci-dla-detergentow\/\",\"name\":\"Tworzenie etykiet CLP i kontrola zgodno\u015bci dla detergent\u00f3w - UFI\",\"isPartOf\":{\"@id\":\"https:\/\/www.ufi.eu\/pl\/#website\"},\"primaryImageOfPage\":{\"@id\":\"https:\/\/www.ufi.eu\/pl\/product\/tworzenie-etykiet-clp-i-kontrola-zgodnosci-dla-detergentow\/#primaryimage\"},\"image\":{\"@id\":\"https:\/\/www.ufi.eu\/pl\/product\/tworzenie-etykiet-clp-i-kontrola-zgodnosci-dla-detergentow\/#primaryimage\"},\"thumbnailUrl\":\"https:\/\/www.ufi.eu\/wp-content\/uploads\/2025\/03\/pcn_ufi.jpg\",\"datePublished\":\"2025-04-15T20:25:40+00:00\",\"dateModified\":\"2025-04-28T12:21:26+00:00\",\"description\":\"Nasza us\u0142uga tworzenia i sprawdzania etykiet CLP gwarantuje, \u017ce etykiety Pa\u0144stwa produkt\u00f3w s\u0105 w pe\u0142ni zgodne zar\u00f3wno z rozporz\u0105dzeniem CLP (WE nr 1272\/2008), jak i rozporz\u0105dzeniem w sprawie detergent\u00f3w (WE nr 648\/2004).\",\"breadcrumb\":{\"@id\":\"https:\/\/www.ufi.eu\/pl\/product\/tworzenie-etykiet-clp-i-kontrola-zgodnosci-dla-detergentow\/#breadcrumb\"},\"inLanguage\":\"pl-PL\",\"potentialAction\":[{\"@type\":\"ReadAction\",\"target\":[\"https:\/\/www.ufi.eu\/pl\/product\/tworzenie-etykiet-clp-i-kontrola-zgodnosci-dla-detergentow\/\"]}]},{\"@type\":\"ImageObject\",\"inLanguage\":\"pl-PL\",\"@id\":\"https:\/\/www.ufi.eu\/pl\/product\/tworzenie-etykiet-clp-i-kontrola-zgodnosci-dla-detergentow\/#primaryimage\",\"url\":\"https:\/\/www.ufi.eu\/wp-content\/uploads\/2025\/03\/pcn_ufi.jpg\",\"contentUrl\":\"https:\/\/www.ufi.eu\/wp-content\/uploads\/2025\/03\/pcn_ufi.jpg\",\"width\":1024,\"height\":1024},{\"@type\":\"BreadcrumbList\",\"@id\":\"https:\/\/www.ufi.eu\/pl\/product\/tworzenie-etykiet-clp-i-kontrola-zgodnosci-dla-detergentow\/#breadcrumb\",\"itemListElement\":[{\"@type\":\"ListItem\",\"position\":1,\"name\":\"Home\",\"item\":\"https:\/\/www.ufi.eu\/pl\/strona-glowna\/\"},{\"@type\":\"ListItem\",\"position\":2,\"name\":\"Sklep\",\"item\":\"https:\/\/www.ufi.eu\/pl\/sklep\/\"},{\"@type\":\"ListItem\",\"position\":3,\"name\":\"Tworzenie etykiet CLP i kontrola zgodno\u015bci dla detergent\u00f3w\"}]},{\"@type\":\"WebSite\",\"@id\":\"https:\/\/www.ufi.eu\/pl\/#website\",\"url\":\"https:\/\/www.ufi.eu\/pl\/\",\"name\":\"UFI.EU\",\"description\":\"Poison Centre Notifications (PCN) and UFI\",\"publisher\":{\"@id\":\"https:\/\/www.ufi.eu\/pl\/#organization\"},\"potentialAction\":[{\"@type\":\"SearchAction\",\"target\":{\"@type\":\"EntryPoint\",\"urlTemplate\":\"https:\/\/www.ufi.eu\/pl\/?s={search_term_string}\"},\"query-input\":{\"@type\":\"PropertyValueSpecification\",\"valueRequired\":true,\"valueName\":\"search_term_string\"}}],\"inLanguage\":\"pl-PL\"},{\"@type\":\"Organization\",\"@id\":\"https:\/\/www.ufi.eu\/pl\/#organization\",\"name\":\"UFI.EU\",\"url\":\"https:\/\/www.ufi.eu\/pl\/\",\"logo\":{\"@type\":\"ImageObject\",\"inLanguage\":\"pl-PL\",\"@id\":\"https:\/\/www.ufi.eu\/pl\/#\/schema\/logo\/image\/\",\"url\":\"https:\/\/www.ufi.eu\/wp-content\/uploads\/2025\/03\/cropped-logo_ufi3.jpg\",\"contentUrl\":\"https:\/\/www.ufi.eu\/wp-content\/uploads\/2025\/03\/cropped-logo_ufi3.jpg\",\"width\":231,\"height\":78,\"caption\":\"UFI.EU\"},\"image\":{\"@id\":\"https:\/\/www.ufi.eu\/pl\/#\/schema\/logo\/image\/\"},\"description\":\"UFI.eu specializes in digital registrations for Poison Centre Notifications (PCN), ensuring your chemical products meet EU regulatory requirements effortlessly. Our streamlined solutions help businesses stay compliant while reducing complexity and administrative burden.\",\"email\":\"info@ufi.eu\",\"legalName\":\"UFI.EU\"}]}<\/script>\n<meta property=\"product:price:amount\" content=\"50.00\" \/>\n<meta property=\"product:price:currency\" content=\"EUR\" \/>\n<meta property=\"og:availability\" content=\"instock\" \/>\n<meta property=\"product:availability\" content=\"instock\" \/>\n<meta property=\"product:condition\" content=\"new\" \/>\n<!-- \/ Yoast SEO Premium plugin. -->","yoast_head_json":{"title":"Tworzenie etykiet CLP i kontrola zgodno\u015bci dla detergent\u00f3w - UFI","description":"Nasza us\u0142uga tworzenia i sprawdzania etykiet CLP gwarantuje, \u017ce etykiety Pa\u0144stwa produkt\u00f3w s\u0105 w pe\u0142ni zgodne zar\u00f3wno z rozporz\u0105dzeniem CLP (WE nr 1272\/2008), jak i rozporz\u0105dzeniem w sprawie detergent\u00f3w (WE nr 648\/2004).","robots":{"index":"index","follow":"follow","max-snippet":"max-snippet:-1","max-image-preview":"max-image-preview:large","max-video-preview":"max-video-preview:-1"},"canonical":"https:\/\/www.ufi.eu\/pl\/product\/tworzenie-etykiet-clp-i-kontrola-zgodnosci-dla-detergentow\/","og_locale":"pl_PL","og_type":"article","og_title":"Tworzenie etykiet CLP i kontrola zgodno\u015bci dla detergent\u00f3w","og_description":"Nasza us\u0142uga tworzenia i sprawdzania etykiet CLP gwarantuje, \u017ce etykiety Pa\u0144stwa produkt\u00f3w s\u0105 w pe\u0142ni zgodne zar\u00f3wno z rozporz\u0105dzeniem CLP (WE nr 1272\/2008), jak i rozporz\u0105dzeniem w sprawie detergent\u00f3w (WE nr 648\/2004).","og_url":"https:\/\/www.ufi.eu\/pl\/product\/tworzenie-etykiet-clp-i-kontrola-zgodnosci-dla-detergentow\/","og_site_name":"UFI","article_modified_time":"2025-04-28T12:21:26+00:00","og_image":[{"width":1024,"height":1024,"url":"https:\/\/www.ufi.eu\/wp-content\/uploads\/2025\/03\/pcn_ufi.jpg","type":"image\/jpeg"}],"twitter_card":"summary_large_image","twitter_misc":{"Cena":"&euro;50.00","Dost\u0119pno\u015b\u0107":"Dost\u0119pny"},"schema":{"@context":"https:\/\/schema.org","@graph":[{"@type":"WebPage","@id":"https:\/\/www.ufi.eu\/pl\/product\/tworzenie-etykiet-clp-i-kontrola-zgodnosci-dla-detergentow\/","url":"https:\/\/www.ufi.eu\/pl\/product\/tworzenie-etykiet-clp-i-kontrola-zgodnosci-dla-detergentow\/","name":"Tworzenie etykiet CLP i kontrola zgodno\u015bci dla detergent\u00f3w - UFI","isPartOf":{"@id":"https:\/\/www.ufi.eu\/pl\/#website"},"primaryImageOfPage":{"@id":"https:\/\/www.ufi.eu\/pl\/product\/tworzenie-etykiet-clp-i-kontrola-zgodnosci-dla-detergentow\/#primaryimage"},"image":{"@id":"https:\/\/www.ufi.eu\/pl\/product\/tworzenie-etykiet-clp-i-kontrola-zgodnosci-dla-detergentow\/#primaryimage"},"thumbnailUrl":"https:\/\/www.ufi.eu\/wp-content\/uploads\/2025\/03\/pcn_ufi.jpg","datePublished":"2025-04-15T20:25:40+00:00","dateModified":"2025-04-28T12:21:26+00:00","description":"Nasza us\u0142uga tworzenia i sprawdzania etykiet CLP gwarantuje, \u017ce etykiety Pa\u0144stwa produkt\u00f3w s\u0105 w pe\u0142ni zgodne zar\u00f3wno z rozporz\u0105dzeniem CLP (WE nr 1272\/2008), jak i rozporz\u0105dzeniem w sprawie detergent\u00f3w (WE nr 648\/2004).","breadcrumb":{"@id":"https:\/\/www.ufi.eu\/pl\/product\/tworzenie-etykiet-clp-i-kontrola-zgodnosci-dla-detergentow\/#breadcrumb"},"inLanguage":"pl-PL","potentialAction":[{"@type":"ReadAction","target":["https:\/\/www.ufi.eu\/pl\/product\/tworzenie-etykiet-clp-i-kontrola-zgodnosci-dla-detergentow\/"]}]},{"@type":"ImageObject","inLanguage":"pl-PL","@id":"https:\/\/www.ufi.eu\/pl\/product\/tworzenie-etykiet-clp-i-kontrola-zgodnosci-dla-detergentow\/#primaryimage","url":"https:\/\/www.ufi.eu\/wp-content\/uploads\/2025\/03\/pcn_ufi.jpg","contentUrl":"https:\/\/www.ufi.eu\/wp-content\/uploads\/2025\/03\/pcn_ufi.jpg","width":1024,"height":1024},{"@type":"BreadcrumbList","@id":"https:\/\/www.ufi.eu\/pl\/product\/tworzenie-etykiet-clp-i-kontrola-zgodnosci-dla-detergentow\/#breadcrumb","itemListElement":[{"@type":"ListItem","position":1,"name":"Home","item":"https:\/\/www.ufi.eu\/pl\/strona-glowna\/"},{"@type":"ListItem","position":2,"name":"Sklep","item":"https:\/\/www.ufi.eu\/pl\/sklep\/"},{"@type":"ListItem","position":3,"name":"Tworzenie etykiet CLP i kontrola zgodno\u015bci dla detergent\u00f3w"}]},{"@type":"WebSite","@id":"https:\/\/www.ufi.eu\/pl\/#website","url":"https:\/\/www.ufi.eu\/pl\/","name":"UFI.EU","description":"Poison Centre Notifications (PCN) and UFI","publisher":{"@id":"https:\/\/www.ufi.eu\/pl\/#organization"},"potentialAction":[{"@type":"SearchAction","target":{"@type":"EntryPoint","urlTemplate":"https:\/\/www.ufi.eu\/pl\/?s={search_term_string}"},"query-input":{"@type":"PropertyValueSpecification","valueRequired":true,"valueName":"search_term_string"}}],"inLanguage":"pl-PL"},{"@type":"Organization","@id":"https:\/\/www.ufi.eu\/pl\/#organization","name":"UFI.EU","url":"https:\/\/www.ufi.eu\/pl\/","logo":{"@type":"ImageObject","inLanguage":"pl-PL","@id":"https:\/\/www.ufi.eu\/pl\/#\/schema\/logo\/image\/","url":"https:\/\/www.ufi.eu\/wp-content\/uploads\/2025\/03\/cropped-logo_ufi3.jpg","contentUrl":"https:\/\/www.ufi.eu\/wp-content\/uploads\/2025\/03\/cropped-logo_ufi3.jpg","width":231,"height":78,"caption":"UFI.EU"},"image":{"@id":"https:\/\/www.ufi.eu\/pl\/#\/schema\/logo\/image\/"},"description":"UFI.eu specializes in digital registrations for Poison Centre Notifications (PCN), ensuring your chemical products meet EU regulatory requirements effortlessly. Our streamlined solutions help businesses stay compliant while reducing complexity and administrative burden.","email":"info@ufi.eu","legalName":"UFI.EU"}]},"product_price_amount":"50.00","product_price_currency":"EUR","og_availability":"instock","product_availability":"instock","product_condition":"new"},"_links":{"self":[{"href":"https:\/\/www.ufi.eu\/pl\/wp-json\/wp\/v2\/product\/12750","targetHints":{"allow":["GET"]}}],"collection":[{"href":"https:\/\/www.ufi.eu\/pl\/wp-json\/wp\/v2\/product"}],"about":[{"href":"https:\/\/www.ufi.eu\/pl\/wp-json\/wp\/v2\/types\/product"}],"wp:featuredmedia":[{"embeddable":true,"href":"https:\/\/www.ufi.eu\/pl\/wp-json\/wp\/v2\/media\/12507"}],"wp:attachment":[{"href":"https:\/\/www.ufi.eu\/pl\/wp-json\/wp\/v2\/media?parent=12750"}],"wp:term":[{"taxonomy":"product_brand","embeddable":true,"href":"https:\/\/www.ufi.eu\/pl\/wp-json\/wp\/v2\/product_brand?post=12750"},{"taxonomy":"product_cat","embeddable":true,"href":"https:\/\/www.ufi.eu\/pl\/wp-json\/wp\/v2\/product_cat?post=12750"},{"taxonomy":"product_tag","embeddable":true,"href":"https:\/\/www.ufi.eu\/pl\/wp-json\/wp\/v2\/product_tag?post=12750"}],"curies":[{"name":"wp","href":"https:\/\/api.w.org\/{rel}","templated":true}]}}