{"id":12587,"date":"2025-03-09T14:12:29","date_gmt":"2025-04-15T19:37:40","guid":{"rendered":"https:\/\/www.ufi.eu\/pcn\/bez-kategorii\/kraje-rejestracji-pcn\/"},"modified":"2025-05-15T16:47:49","modified_gmt":"2025-05-15T16:47:49","slug":"kraje-rejestracji-pcn","status":"publish","type":"product","link":"https:\/\/www.ufi.eu\/pl\/product\/kraje-rejestracji-pcn\/","title":{"rendered":"Kraje rejestracji PCN"},"content":{"rendered":"\n<h2 class=\"wp-block-heading\" id=\"h-launch-your-product-across-europe-with-ease\">\u0141atwe wprowadzenie produktu na rynek europejski<\/h2>\n\n<p>Rejestruj\u0105c sw\u00f3j produkt do cel\u00f3w zg\u0142oszenia do o\u015brodka zatru\u0107 w UE (PCN), ka\u017cdy kraj, w kt\u00f3rym planuj\u0105 Pa\u0144stwo sprzeda\u017c, wymaga zg\u0142oszenia do odpowiedniego organu krajowego. Dzi\u0119ki naszej us\u0142udze rejestracji w krajach UE na potrzeby PCN mog\u0105 Pa\u0144stwo wybra\u0107 dok\u0142adnie te kraje, w kt\u00f3rych chc\u0105 Pa\u0144stwo wprowadzi\u0107 sw\u00f3j produkt na rynek, co zapewnia pe\u0142n\u0105 elastyczno\u015b\u0107 i kontrol\u0119 nad zasi\u0119giem rynkowym. <\/p>\n\n<h2 class=\"wp-block-heading\" id=\"h-what-you-re-purchasing\">Co Pa\u0144stwo kupuj\u0105<\/h2>\n\n<p>Ten produkt umo\u017cliwia <strong>zakup token\u00f3w krajowych<\/strong> dla 27 pa\u0144stw cz\u0142onkowskich UE. Tokeny te mo\u017cna wykorzysta\u0107 <strong>przy ka\u017cdej rejestracji PCN<\/strong>, kt\u00f3rej dokonaj\u0105 Pa\u0144stwo u nas. Po zakupie kraje s\u0105 <strong>dodawane do <a href=\"https:\/\/www.ufi.eu\/my-account\/points\/\">listy kraj\u00f3w PCN<\/a><\/strong> i mog\u0105 by\u0107 stosowane podczas wype\u0142niania naszego <strong>formularza PCN<\/strong> dla Pa\u0144stwa produktu.    <\/p>\n\n<p><strong>B\u0119d\u0105 Pa\u0144stwo r\u00f3wnie\u017c musieli <a href=\"https:\/\/www.ufi.eu\/shop\/\">zakupi\u0107 PCN dla swojego produktu<\/a>. Ten produkt jest tylko lu\u017anym krajem, a nie PCN. <\/strong><\/p>\n\n<h4 class=\"wp-block-heading\">\u2705 Jak to dzia\u0142a?<\/h4>\n\n<ol class=\"wp-block-list\">\n<li>Prosz\u0119 okre\u015bli\u0107 <strong>kraje,<\/strong> w kt\u00f3rych planuj\u0105 Pa\u0144stwo prowadzi\u0107 sprzeda\u017c.<\/li>\n\n\n\n<li>Prosz\u0119 zakupi\u0107 okre\u015blon\u0105 liczb\u0119 <strong>\u017ceton\u00f3w kraju<\/strong>.<\/li>\n\n\n\n<li><a href=\"https:\/\/www.ufi.eu\/pl\/nowy-produkt\/\">Prosz\u0119 przes\u0142a\u0107 do nas formularz zg\u0142oszenia produktu<\/a>.<\/li>\n\n\n\n<li>Prosz\u0119 po prostu przypisa\u0107 kraje, w kt\u00f3rych chcieliby Pa\u0144stwo, aby\u015bmy zg\u0142osili Pa\u0144stwa produkt do PCN.<\/li>\n\n\n\n<li>Token kraju jest odejmowany od Pa\u0144stwa sumy podczas wysy\u0142ania formularza do nas.<\/li>\n<\/ol>\n\n<p>Niezale\u017cnie od tego, czy wprowadzaj\u0105 Pa\u0144stwo na rynek jeden produkt, czy zarz\u0105dzaj\u0105 pe\u0142nym portfolio, mog\u0105 Pa\u0144stwo <strong>wykorzysta\u0107 <a href=\"https:\/\/www.ufi.eu\/my-account\/points\/\">zakupione tokeny<\/a><\/strong> krajowe w r\u00f3\u017cnych zg\u0142oszeniach PCN &#8211; oszcz\u0119dzaj\u0105c czas, zapewniaj\u0105c zgodno\u015b\u0107 i bez wysi\u0142ku rozszerzaj\u0105c swoj\u0105 obecno\u015b\u0107 na rynku UE.<\/p>\n\n<h3 class=\"wp-block-heading\" id=\"h-supported-eu-countries\">Obs\u0142ugiwane kraje UE<\/h3>\n\n<p>UE sk\u0142ada si\u0119 z 27 kraj\u00f3w, a EOG z 30 (UE + Liechtenstein, Norwegia i Islandia). W portalu mog\u0105 Pa\u0144stwo wybiera\u0107 spo\u015br\u00f3d tych kraj\u00f3w:<\/p>\n\n<figure class=\"wp-block-table\"><table class=\"has-fixed-layout\"><tbody><tr><td>Belgia<\/td><td>(BE)<\/td><td>Hiszpania<\/td><td>(ES)<\/td><td>W\u0119gry<\/td><td>(HU)<\/td><td>S\u0142owacja<\/td><td>(SK)<\/td><\/tr><tr><td>Bu\u0142garia<\/td><td>(BG)<\/td><td>Francja<\/td><td>(FR)<\/td><td>Malta<\/td><td>(MT)<\/td><td>Finlandia<\/td><td>(FI)<\/td><\/tr><tr><td>Czechy<\/td><td>(CZ)<\/td><td>Chorwacja<\/td><td>(HR)<\/td><td>Holandia<\/td><td>(NL)<\/td><td>Szwecja<\/td><td>(SE)<\/td><\/tr><tr><td>Dania<\/td><td>(DK)<\/td><td>W\u0142ochy<\/td><td>(IT)<\/td><td>Austria<\/td><td>(AT)<\/td><td>Niemcy<\/td><td>(DE)<\/td><\/tr><tr><td>Cypr<\/td><td>(CY)<\/td><td>Polska<\/td><td>(PL)<\/td><td>Islandia<\/td><td>(IS)<\/td><td>Estonia<\/td><td>(EE)<\/td><\/tr><tr><td>\u0141otwa<\/td><td>(LV)<\/td><td>Portugalia<\/td><td>(PT)<\/td><td>Liechtenstein<\/td><td>(LI)<\/td><td>Irlandia<\/td><td>(IE)<\/td><\/tr><tr><td>Litwa<\/td><td>(LT)<\/td><td>Rumunia<\/td><td>(RO)<\/td><td>Norwegia<\/td><td>(NIE)<\/td><td>Grecja<\/td><td>(EL)<\/td><\/tr><tr><td>Luksemburg<\/td><td>(LU)<\/td><td>S\u0142owenia<\/td><td>(SI)<\/td><td>Szwajcaria*<\/td><td>(CH)<\/td><td><\/td><td><\/td><\/tr><\/tbody><\/table><\/figure>\n\n<p>*W przypadku Szwajcarii mo\u017cemy stworzy\u0107 dokumentacj\u0119 PCN, zawieraj\u0105c\u0105 wszystkie informacje potrzebne do z\u0142o\u017cenia wniosku na szwajcarskim portalu. Prosz\u0119 skontaktowa\u0107 si\u0119 z nami, aby uzyska\u0107 wi\u0119cej informacji. <\/p>\n\n<h2 class=\"wp-block-heading\" id=\"h-example-of-how-it-works\">Przyk\u0142ad dzia\u0142ania<\/h2>\n\n<p>Wprowadzaj\u0105 Pa\u0144stwo na rynek nowy produkt czyszcz\u0105cy we <strong>Francji, Niemczech i Hiszpanii<\/strong>. Wystarczy zakupi\u0107 trzy kraje. Wype\u0142niaj\u0105c z nami formularz PCN, przypisz\u0105 Pa\u0144stwo te tokeny kraj\u00f3w do produktu &#8211; zapewniaj\u0105c zgodno\u015b\u0107 z prawem na wszystkich trzech rynkach bez k\u0142opot\u00f3w z indywidualnymi zg\u0142oszeniami.  <\/p>\n","protected":false},"excerpt":{"rendered":"<p>Prosz\u0119 wybra\u0107 liczb\u0119 kraj\u00f3w, w kt\u00f3rych chcesz zarejestrowa\u0107 sw\u00f3j produkt.<\/p>\n","protected":false},"featured_media":12588,"template":"","meta":[],"product_brand":[],"product_cat":[360],"product_tag":[],"class_list":{"0":"post-12587","1":"product","2":"type-product","3":"status-publish","4":"has-post-thumbnail","6":"product_cat-kraje","8":"first","9":"instock","10":"virtual","11":"taxable","12":"purchasable","13":"product-type-simple"},"bundled_by":["12616","12636","12811","12878","12888","12918","12928","13150","13289","13319","13363","13383","13594","13624","13626","13656","13682","13702","13720","13750","13770","13960","13994","14178","14196","14220","14248","14264","14284","14314","14334","14354","14590","14650","14730","14734","14776","14884","14894","14914","14930","15155","15175","15195","15203","15233","15240","15337","15383","15577","15597","15599","15739","15759","15779","15809","15825","16028","16074","16077","16105","16115","16185","16205","16235","16425","16437","16673","16683","16713","16733","16753","16773","16793","16813","16823","16853","16863","17099","17129","17137","17167","17187","17197","17227","17479","17513","17533","17551","17581","17591","17619","17629","17649","17983","18086","18108","18116","18136","18166","18265","18281","18299","18327","18545","18565","18685","18709","18849","18855","18867","19115","19135","19173","19203","19223","19233","19263","19481","19555","19575","19595","19605","19625","19645","19963","20009","20029","20059","20069","20089","20119","20139","20149","20457","20487","20507","20527","20537","20557","20577","20597","20887","20917","20927","20975","20995","21015","21025","21055","21071","21085","21111","21263","21293","21311","21323","21351","21389","21817","21827","21855","21873","21899","21905","21917","21939","21995","22027","22041","22331","22339","22369","22379","22397","22723","22789","22807","22823","22837","22867","22891","22921","22931","23285","23331","23351","23381","23387","23405","23425","23445","23455","23475","23791","23811","23831","23859","23879","23909","23919","23939","24036","24056","24066","24084","31726"],"bundle_stock_status":"instock","bundle_stock_quantity":null,"bundle_virtual":false,"bundle_layout":"","bundle_add_to_cart_form_location":"","bundle_editable_in_cart":false,"bundle_sold_individually_context":"","bundle_item_grouping":"","bundle_min_size":"","bundle_max_size":"","bundle_price":[],"bundled_items":[],"bundle_sell_ids":[],"yoast_head":"<!-- This site is optimized with the Yoast SEO Premium plugin v25.1 (Yoast SEO v25.1) - https:\/\/yoast.com\/wordpress\/plugins\/seo\/ -->\n<title>Kraje rejestracji PCN - UFI<\/title>\n<meta name=\"description\" content=\"Dzi\u0119ki rejestracji PCN w krajach UE mog\u0105 Pa\u0144stwo wybra\u0107 dok\u0142adnie te kraje, w kt\u00f3rych chc\u0105 Pa\u0144stwo wprowadzi\u0107 sw\u00f3j produkt na rynek, co zapewnia pe\u0142n\u0105 elastyczno\u015b\u0107 i kontrol\u0119 nad zasi\u0119giem rynkowym.\" \/>\n<meta name=\"robots\" content=\"index, follow, max-snippet:-1, max-image-preview:large, max-video-preview:-1\" \/>\n<link rel=\"canonical\" href=\"https:\/\/www.ufi.eu\/pl\/product\/kraje-rejestracji-pcn\/\" \/>\n<meta property=\"og:locale\" content=\"pl_PL\" \/>\n<meta property=\"og:type\" content=\"article\" \/>\n<meta property=\"og:title\" content=\"Kraje rejestracji PCN\" \/>\n<meta property=\"og:description\" content=\"Dzi\u0119ki rejestracji PCN w krajach UE mog\u0105 Pa\u0144stwo wybra\u0107 dok\u0142adnie te kraje, w kt\u00f3rych chc\u0105 Pa\u0144stwo wprowadzi\u0107 sw\u00f3j produkt na rynek, co zapewnia pe\u0142n\u0105 elastyczno\u015b\u0107 i kontrol\u0119 nad zasi\u0119giem rynkowym.\" \/>\n<meta property=\"og:url\" content=\"https:\/\/www.ufi.eu\/pl\/product\/kraje-rejestracji-pcn\/\" \/>\n<meta property=\"og:site_name\" content=\"UFI\" \/>\n<meta property=\"article:modified_time\" content=\"2025-05-15T16:47:49+00:00\" \/>\n<meta property=\"og:image\" content=\"https:\/\/www.ufi.eu\/wp-content\/uploads\/2025\/03\/eu.jpg\" \/>\n\t<meta property=\"og:image:width\" content=\"800\" \/>\n\t<meta property=\"og:image:height\" content=\"800\" \/>\n\t<meta property=\"og:image:type\" content=\"image\/jpeg\" \/>\n<meta name=\"twitter:card\" content=\"summary_large_image\" \/>\n<meta name=\"twitter:label1\" content=\"Cena\" \/>\n\t<meta name=\"twitter:data1\" content=\"&euro;35.00\" \/>\n\t<meta name=\"twitter:label2\" content=\"Dost\u0119pno\u015b\u0107\" \/>\n\t<meta name=\"twitter:data2\" content=\"Dost\u0119pny\" \/>\n<script type=\"application\/ld+json\" class=\"yoast-schema-graph\">{\"@context\":\"https:\/\/schema.org\",\"@graph\":[{\"@type\":\"WebPage\",\"@id\":\"https:\/\/www.ufi.eu\/pl\/product\/kraje-rejestracji-pcn\/\",\"url\":\"https:\/\/www.ufi.eu\/pl\/product\/kraje-rejestracji-pcn\/\",\"name\":\"Kraje rejestracji PCN - UFI\",\"isPartOf\":{\"@id\":\"https:\/\/www.ufi.eu\/pl\/#website\"},\"primaryImageOfPage\":{\"@id\":\"https:\/\/www.ufi.eu\/pl\/product\/kraje-rejestracji-pcn\/#primaryimage\"},\"image\":{\"@id\":\"https:\/\/www.ufi.eu\/pl\/product\/kraje-rejestracji-pcn\/#primaryimage\"},\"thumbnailUrl\":\"https:\/\/www.ufi.eu\/wp-content\/uploads\/2025\/03\/eu.jpg\",\"datePublished\":\"2025-04-15T19:37:40+00:00\",\"dateModified\":\"2025-05-15T16:47:49+00:00\",\"description\":\"Dzi\u0119ki rejestracji PCN w krajach UE mog\u0105 Pa\u0144stwo wybra\u0107 dok\u0142adnie te kraje, w kt\u00f3rych chc\u0105 Pa\u0144stwo wprowadzi\u0107 sw\u00f3j produkt na rynek, co zapewnia pe\u0142n\u0105 elastyczno\u015b\u0107 i kontrol\u0119 nad zasi\u0119giem rynkowym.\",\"breadcrumb\":{\"@id\":\"https:\/\/www.ufi.eu\/pl\/product\/kraje-rejestracji-pcn\/#breadcrumb\"},\"inLanguage\":\"pl-PL\",\"potentialAction\":[{\"@type\":\"ReadAction\",\"target\":[\"https:\/\/www.ufi.eu\/pl\/product\/kraje-rejestracji-pcn\/\"]}]},{\"@type\":\"ImageObject\",\"inLanguage\":\"pl-PL\",\"@id\":\"https:\/\/www.ufi.eu\/pl\/product\/kraje-rejestracji-pcn\/#primaryimage\",\"url\":\"https:\/\/www.ufi.eu\/wp-content\/uploads\/2025\/03\/eu.jpg\",\"contentUrl\":\"https:\/\/www.ufi.eu\/wp-content\/uploads\/2025\/03\/eu.jpg\",\"width\":800,\"height\":800},{\"@type\":\"BreadcrumbList\",\"@id\":\"https:\/\/www.ufi.eu\/pl\/product\/kraje-rejestracji-pcn\/#breadcrumb\",\"itemListElement\":[{\"@type\":\"ListItem\",\"position\":1,\"name\":\"Home\",\"item\":\"https:\/\/www.ufi.eu\/pl\/strona-glowna\/\"},{\"@type\":\"ListItem\",\"position\":2,\"name\":\"Sklep\",\"item\":\"https:\/\/www.ufi.eu\/pl\/sklep\/\"},{\"@type\":\"ListItem\",\"position\":3,\"name\":\"Kraje rejestracji PCN\"}]},{\"@type\":\"WebSite\",\"@id\":\"https:\/\/www.ufi.eu\/pl\/#website\",\"url\":\"https:\/\/www.ufi.eu\/pl\/\",\"name\":\"UFI.EU\",\"description\":\"Poison Centre Notifications (PCN) and UFI\",\"publisher\":{\"@id\":\"https:\/\/www.ufi.eu\/pl\/#organization\"},\"potentialAction\":[{\"@type\":\"SearchAction\",\"target\":{\"@type\":\"EntryPoint\",\"urlTemplate\":\"https:\/\/www.ufi.eu\/pl\/?s={search_term_string}\"},\"query-input\":{\"@type\":\"PropertyValueSpecification\",\"valueRequired\":true,\"valueName\":\"search_term_string\"}}],\"inLanguage\":\"pl-PL\"},{\"@type\":\"Organization\",\"@id\":\"https:\/\/www.ufi.eu\/pl\/#organization\",\"name\":\"UFI.EU\",\"url\":\"https:\/\/www.ufi.eu\/pl\/\",\"logo\":{\"@type\":\"ImageObject\",\"inLanguage\":\"pl-PL\",\"@id\":\"https:\/\/www.ufi.eu\/pl\/#\/schema\/logo\/image\/\",\"url\":\"https:\/\/www.ufi.eu\/wp-content\/uploads\/2025\/03\/cropped-logo_ufi3.jpg\",\"contentUrl\":\"https:\/\/www.ufi.eu\/wp-content\/uploads\/2025\/03\/cropped-logo_ufi3.jpg\",\"width\":231,\"height\":78,\"caption\":\"UFI.EU\"},\"image\":{\"@id\":\"https:\/\/www.ufi.eu\/pl\/#\/schema\/logo\/image\/\"},\"description\":\"UFI.eu specializes in digital registrations for Poison Centre Notifications (PCN), ensuring your chemical products meet EU regulatory requirements effortlessly. Our streamlined solutions help businesses stay compliant while reducing complexity and administrative burden.\",\"email\":\"info@ufi.eu\",\"legalName\":\"UFI.EU\"}]}<\/script>\n<meta property=\"product:price:amount\" content=\"35.00\" \/>\n<meta property=\"product:price:currency\" content=\"EUR\" \/>\n<meta property=\"og:availability\" content=\"instock\" \/>\n<meta property=\"product:availability\" content=\"instock\" \/>\n<meta property=\"product:retailer_item_id\" content=\"PCN-COUNTRIES\" \/>\n<meta property=\"product:condition\" content=\"new\" \/>\n<!-- \/ Yoast SEO Premium plugin. -->","yoast_head_json":{"title":"Kraje rejestracji PCN - UFI","description":"Dzi\u0119ki rejestracji PCN w krajach UE mog\u0105 Pa\u0144stwo wybra\u0107 dok\u0142adnie te kraje, w kt\u00f3rych chc\u0105 Pa\u0144stwo wprowadzi\u0107 sw\u00f3j produkt na rynek, co zapewnia pe\u0142n\u0105 elastyczno\u015b\u0107 i kontrol\u0119 nad zasi\u0119giem rynkowym.","robots":{"index":"index","follow":"follow","max-snippet":"max-snippet:-1","max-image-preview":"max-image-preview:large","max-video-preview":"max-video-preview:-1"},"canonical":"https:\/\/www.ufi.eu\/pl\/product\/kraje-rejestracji-pcn\/","og_locale":"pl_PL","og_type":"article","og_title":"Kraje rejestracji PCN","og_description":"Dzi\u0119ki rejestracji PCN w krajach UE mog\u0105 Pa\u0144stwo wybra\u0107 dok\u0142adnie te kraje, w kt\u00f3rych chc\u0105 Pa\u0144stwo wprowadzi\u0107 sw\u00f3j produkt na rynek, co zapewnia pe\u0142n\u0105 elastyczno\u015b\u0107 i kontrol\u0119 nad zasi\u0119giem rynkowym.","og_url":"https:\/\/www.ufi.eu\/pl\/product\/kraje-rejestracji-pcn\/","og_site_name":"UFI","article_modified_time":"2025-05-15T16:47:49+00:00","og_image":[{"width":800,"height":800,"url":"https:\/\/www.ufi.eu\/wp-content\/uploads\/2025\/03\/eu.jpg","type":"image\/jpeg"}],"twitter_card":"summary_large_image","twitter_misc":{"Cena":"&euro;35.00","Dost\u0119pno\u015b\u0107":"Dost\u0119pny"},"schema":{"@context":"https:\/\/schema.org","@graph":[{"@type":"WebPage","@id":"https:\/\/www.ufi.eu\/pl\/product\/kraje-rejestracji-pcn\/","url":"https:\/\/www.ufi.eu\/pl\/product\/kraje-rejestracji-pcn\/","name":"Kraje rejestracji PCN - UFI","isPartOf":{"@id":"https:\/\/www.ufi.eu\/pl\/#website"},"primaryImageOfPage":{"@id":"https:\/\/www.ufi.eu\/pl\/product\/kraje-rejestracji-pcn\/#primaryimage"},"image":{"@id":"https:\/\/www.ufi.eu\/pl\/product\/kraje-rejestracji-pcn\/#primaryimage"},"thumbnailUrl":"https:\/\/www.ufi.eu\/wp-content\/uploads\/2025\/03\/eu.jpg","datePublished":"2025-04-15T19:37:40+00:00","dateModified":"2025-05-15T16:47:49+00:00","description":"Dzi\u0119ki rejestracji PCN w krajach UE mog\u0105 Pa\u0144stwo wybra\u0107 dok\u0142adnie te kraje, w kt\u00f3rych chc\u0105 Pa\u0144stwo wprowadzi\u0107 sw\u00f3j produkt na rynek, co zapewnia pe\u0142n\u0105 elastyczno\u015b\u0107 i kontrol\u0119 nad zasi\u0119giem rynkowym.","breadcrumb":{"@id":"https:\/\/www.ufi.eu\/pl\/product\/kraje-rejestracji-pcn\/#breadcrumb"},"inLanguage":"pl-PL","potentialAction":[{"@type":"ReadAction","target":["https:\/\/www.ufi.eu\/pl\/product\/kraje-rejestracji-pcn\/"]}]},{"@type":"ImageObject","inLanguage":"pl-PL","@id":"https:\/\/www.ufi.eu\/pl\/product\/kraje-rejestracji-pcn\/#primaryimage","url":"https:\/\/www.ufi.eu\/wp-content\/uploads\/2025\/03\/eu.jpg","contentUrl":"https:\/\/www.ufi.eu\/wp-content\/uploads\/2025\/03\/eu.jpg","width":800,"height":800},{"@type":"BreadcrumbList","@id":"https:\/\/www.ufi.eu\/pl\/product\/kraje-rejestracji-pcn\/#breadcrumb","itemListElement":[{"@type":"ListItem","position":1,"name":"Home","item":"https:\/\/www.ufi.eu\/pl\/strona-glowna\/"},{"@type":"ListItem","position":2,"name":"Sklep","item":"https:\/\/www.ufi.eu\/pl\/sklep\/"},{"@type":"ListItem","position":3,"name":"Kraje rejestracji PCN"}]},{"@type":"WebSite","@id":"https:\/\/www.ufi.eu\/pl\/#website","url":"https:\/\/www.ufi.eu\/pl\/","name":"UFI.EU","description":"Poison Centre Notifications (PCN) and UFI","publisher":{"@id":"https:\/\/www.ufi.eu\/pl\/#organization"},"potentialAction":[{"@type":"SearchAction","target":{"@type":"EntryPoint","urlTemplate":"https:\/\/www.ufi.eu\/pl\/?s={search_term_string}"},"query-input":{"@type":"PropertyValueSpecification","valueRequired":true,"valueName":"search_term_string"}}],"inLanguage":"pl-PL"},{"@type":"Organization","@id":"https:\/\/www.ufi.eu\/pl\/#organization","name":"UFI.EU","url":"https:\/\/www.ufi.eu\/pl\/","logo":{"@type":"ImageObject","inLanguage":"pl-PL","@id":"https:\/\/www.ufi.eu\/pl\/#\/schema\/logo\/image\/","url":"https:\/\/www.ufi.eu\/wp-content\/uploads\/2025\/03\/cropped-logo_ufi3.jpg","contentUrl":"https:\/\/www.ufi.eu\/wp-content\/uploads\/2025\/03\/cropped-logo_ufi3.jpg","width":231,"height":78,"caption":"UFI.EU"},"image":{"@id":"https:\/\/www.ufi.eu\/pl\/#\/schema\/logo\/image\/"},"description":"UFI.eu specializes in digital registrations for Poison Centre Notifications (PCN), ensuring your chemical products meet EU regulatory requirements effortlessly. Our streamlined solutions help businesses stay compliant while reducing complexity and administrative burden.","email":"info@ufi.eu","legalName":"UFI.EU"}]},"product_price_amount":"35.00","product_price_currency":"EUR","og_availability":"instock","product_availability":"instock","product_retailer_item_id":"PCN-COUNTRIES","product_condition":"new"},"_links":{"self":[{"href":"https:\/\/www.ufi.eu\/pl\/wp-json\/wp\/v2\/product\/12587","targetHints":{"allow":["GET"]}}],"collection":[{"href":"https:\/\/www.ufi.eu\/pl\/wp-json\/wp\/v2\/product"}],"about":[{"href":"https:\/\/www.ufi.eu\/pl\/wp-json\/wp\/v2\/types\/product"}],"wp:featuredmedia":[{"embeddable":true,"href":"https:\/\/www.ufi.eu\/pl\/wp-json\/wp\/v2\/media\/12588"}],"wp:attachment":[{"href":"https:\/\/www.ufi.eu\/pl\/wp-json\/wp\/v2\/media?parent=12587"}],"wp:term":[{"taxonomy":"product_brand","embeddable":true,"href":"https:\/\/www.ufi.eu\/pl\/wp-json\/wp\/v2\/product_brand?post=12587"},{"taxonomy":"product_cat","embeddable":true,"href":"https:\/\/www.ufi.eu\/pl\/wp-json\/wp\/v2\/product_cat?post=12587"},{"taxonomy":"product_tag","embeddable":true,"href":"https:\/\/www.ufi.eu\/pl\/wp-json\/wp\/v2\/product_tag?post=12587"}],"curies":[{"name":"wp","href":"https:\/\/api.w.org\/{rel}","templated":true}]}}