{"id":12576,"date":"2025-03-09T14:15:09","date_gmt":"2025-04-15T19:37:22","guid":{"rendered":"https:\/\/www.ufi.eu\/pcn\/bez-kategorii\/powiadomienie-osrodka-zatruc-i-ufi\/"},"modified":"2025-04-15T19:37:22","modified_gmt":"2025-04-15T19:37:22","slug":"powiadomienie-osrodka-zatruc-i-ufi","status":"publish","type":"product","link":"https:\/\/www.ufi.eu\/pl\/product\/powiadomienie-osrodka-zatruc-i-ufi\/","title":{"rendered":"Powiadomienie o\u015brodka zatru\u0107 i UFI"},"content":{"rendered":"","protected":false},"excerpt":{"rendered":"","protected":false},"featured_media":12507,"template":"","meta":[],"product_brand":[],"product_cat":[352],"product_tag":[],"class_list":{"0":"post-12576","1":"product","2":"type-product","3":"status-publish","4":"has-post-thumbnail","6":"product_cat-produkty-dla-procesow-chemicznych-lub-technicznych","8":"first","9":"instock","10":"virtual","11":"taxable","12":"purchasable","13":"product-type-simple"},"bundled_by":["12616","12636","12811","12878","12888","12918","12928","13150","13289","13319","13363","13383","13594","13624","13626","13656","13682","13702","13720","13750","13770","13960","13994","14178","14196","14220","14248","14264","14284","14314","14334","14354","14590","14650","14730","14734","14776","14884","14894","14914","14930","15155","15175","15195","15203","15233","15240","15337","15383","15577","15597","15599","15739","15759","15779","15809","15825","16028","16074","16077","16105","16115","16185","16205","16235","16425","16437","16673","16683","16713","16733","16753","16773","16793","16813","16823","16853","16863","17099","17129","17137","17167","17187","17197","17227","17479","17513","17533","17551","17581","17591","17619","17629","17649","17983","18086","18108","18116","18136","18166","18265","18281","18299","18327","18545","18565","18685","18709","18849","18855","18867","19115","19135","19173","19203","19223","19233","19263","19481","19555","19575","19595","19605","19625","19645","19963","20009","20029","20059","20069","20089","20119","20139","20149","20457","20487","20507","20527","20537","20557","20577","20597","20887","20917","20927","20975","20995","21015","21025","21055","21071","21085","21111","21263","21293","21311","21323","21351","21389","21817","21827","21855","21873","21899","21905","21917","21939","21995","22027","22041","22331","22339","22369","22379","22397","22723","22789","22807","22823","22837","22867","22891","22921","22931","23285","23331","23351","23381","23387","23405","23425","23445","23455","23475","23791","23811","23831","23859","23879","23909","23919","23939","24036","24056","24066","24084","31726"],"bundle_stock_status":"instock","bundle_stock_quantity":null,"bundle_virtual":false,"bundle_layout":"","bundle_add_to_cart_form_location":"","bundle_editable_in_cart":false,"bundle_sold_individually_context":"","bundle_item_grouping":"","bundle_min_size":"","bundle_max_size":"","bundle_price":[],"bundled_items":[],"bundle_sell_ids":[],"yoast_head":"<!-- This site is optimized with the Yoast SEO Premium plugin v25.1 (Yoast SEO v25.1) - https:\/\/yoast.com\/wordpress\/plugins\/seo\/ -->\n<title>Powiadomienie o\u015brodka zatru\u0107 i UFI - UFI<\/title>\n<meta name=\"robots\" content=\"index, follow, max-snippet:-1, max-image-preview:large, max-video-preview:-1\" \/>\n<link rel=\"canonical\" href=\"https:\/\/www.ufi.eu\/pl\/product\/powiadomienie-osrodka-zatruc-i-ufi\/\" \/>\n<meta property=\"og:locale\" content=\"pl_PL\" \/>\n<meta property=\"og:type\" content=\"article\" \/>\n<meta property=\"og:title\" content=\"Powiadomienie o\u015brodka zatru\u0107 i UFI\" \/>\n<meta property=\"og:url\" content=\"https:\/\/www.ufi.eu\/pl\/product\/powiadomienie-osrodka-zatruc-i-ufi\/\" \/>\n<meta property=\"og:site_name\" content=\"UFI\" \/>\n<meta property=\"og:image\" content=\"https:\/\/www.ufi.eu\/wp-content\/uploads\/2025\/03\/pcn_ufi.jpg\" \/>\n\t<meta property=\"og:image:width\" content=\"1024\" \/>\n\t<meta property=\"og:image:height\" content=\"1024\" \/>\n\t<meta property=\"og:image:type\" content=\"image\/jpeg\" \/>\n<meta name=\"twitter:card\" content=\"summary_large_image\" \/>\n<meta name=\"twitter:label1\" content=\"Cena\" \/>\n\t<meta name=\"twitter:data1\" content=\"&euro;65.00\" \/>\n\t<meta name=\"twitter:label2\" content=\"Dost\u0119pno\u015b\u0107\" \/>\n\t<meta name=\"twitter:data2\" content=\"Dost\u0119pny\" \/>\n<script type=\"application\/ld+json\" class=\"yoast-schema-graph\">{\"@context\":\"https:\/\/schema.org\",\"@graph\":[{\"@type\":\"WebPage\",\"@id\":\"https:\/\/www.ufi.eu\/pl\/product\/powiadomienie-osrodka-zatruc-i-ufi\/\",\"url\":\"https:\/\/www.ufi.eu\/pl\/product\/powiadomienie-osrodka-zatruc-i-ufi\/\",\"name\":\"Powiadomienie o\u015brodka zatru\u0107 i UFI - UFI\",\"isPartOf\":{\"@id\":\"https:\/\/www.ufi.eu\/pl\/#website\"},\"primaryImageOfPage\":{\"@id\":\"https:\/\/www.ufi.eu\/pl\/product\/powiadomienie-osrodka-zatruc-i-ufi\/#primaryimage\"},\"image\":{\"@id\":\"https:\/\/www.ufi.eu\/pl\/product\/powiadomienie-osrodka-zatruc-i-ufi\/#primaryimage\"},\"thumbnailUrl\":\"https:\/\/www.ufi.eu\/wp-content\/uploads\/2025\/03\/pcn_ufi.jpg\",\"datePublished\":\"2025-04-15T19:37:22+00:00\",\"breadcrumb\":{\"@id\":\"https:\/\/www.ufi.eu\/pl\/product\/powiadomienie-osrodka-zatruc-i-ufi\/#breadcrumb\"},\"inLanguage\":\"pl-PL\",\"potentialAction\":[{\"@type\":\"ReadAction\",\"target\":[\"https:\/\/www.ufi.eu\/pl\/product\/powiadomienie-osrodka-zatruc-i-ufi\/\"]}]},{\"@type\":\"ImageObject\",\"inLanguage\":\"pl-PL\",\"@id\":\"https:\/\/www.ufi.eu\/pl\/product\/powiadomienie-osrodka-zatruc-i-ufi\/#primaryimage\",\"url\":\"https:\/\/www.ufi.eu\/wp-content\/uploads\/2025\/03\/pcn_ufi.jpg\",\"contentUrl\":\"https:\/\/www.ufi.eu\/wp-content\/uploads\/2025\/03\/pcn_ufi.jpg\",\"width\":1024,\"height\":1024},{\"@type\":\"BreadcrumbList\",\"@id\":\"https:\/\/www.ufi.eu\/pl\/product\/powiadomienie-osrodka-zatruc-i-ufi\/#breadcrumb\",\"itemListElement\":[{\"@type\":\"ListItem\",\"position\":1,\"name\":\"Home\",\"item\":\"https:\/\/www.ufi.eu\/pl\/strona-glowna\/\"},{\"@type\":\"ListItem\",\"position\":2,\"name\":\"Sklep\",\"item\":\"https:\/\/www.ufi.eu\/pl\/sklep\/\"},{\"@type\":\"ListItem\",\"position\":3,\"name\":\"Powiadomienie o\u015brodka zatru\u0107 i UFI\"}]},{\"@type\":\"WebSite\",\"@id\":\"https:\/\/www.ufi.eu\/pl\/#website\",\"url\":\"https:\/\/www.ufi.eu\/pl\/\",\"name\":\"UFI.EU\",\"description\":\"Poison Centre Notifications (PCN) and UFI\",\"publisher\":{\"@id\":\"https:\/\/www.ufi.eu\/pl\/#organization\"},\"potentialAction\":[{\"@type\":\"SearchAction\",\"target\":{\"@type\":\"EntryPoint\",\"urlTemplate\":\"https:\/\/www.ufi.eu\/pl\/?s={search_term_string}\"},\"query-input\":{\"@type\":\"PropertyValueSpecification\",\"valueRequired\":true,\"valueName\":\"search_term_string\"}}],\"inLanguage\":\"pl-PL\"},{\"@type\":\"Organization\",\"@id\":\"https:\/\/www.ufi.eu\/pl\/#organization\",\"name\":\"UFI.EU\",\"url\":\"https:\/\/www.ufi.eu\/pl\/\",\"logo\":{\"@type\":\"ImageObject\",\"inLanguage\":\"pl-PL\",\"@id\":\"https:\/\/www.ufi.eu\/pl\/#\/schema\/logo\/image\/\",\"url\":\"https:\/\/www.ufi.eu\/wp-content\/uploads\/2025\/03\/cropped-logo_ufi3.jpg\",\"contentUrl\":\"https:\/\/www.ufi.eu\/wp-content\/uploads\/2025\/03\/cropped-logo_ufi3.jpg\",\"width\":231,\"height\":78,\"caption\":\"UFI.EU\"},\"image\":{\"@id\":\"https:\/\/www.ufi.eu\/pl\/#\/schema\/logo\/image\/\"},\"description\":\"UFI.eu specializes in digital registrations for Poison Centre Notifications (PCN), ensuring your chemical products meet EU regulatory requirements effortlessly. Our streamlined solutions help businesses stay compliant while reducing complexity and administrative burden.\",\"email\":\"info@ufi.eu\",\"legalName\":\"UFI.EU\"}]}<\/script>\n<meta property=\"product:price:amount\" content=\"65.00\" \/>\n<meta property=\"product:price:currency\" content=\"EUR\" \/>\n<meta property=\"og:availability\" content=\"instock\" \/>\n<meta property=\"product:availability\" content=\"instock\" \/>\n<meta property=\"product:retailer_item_id\" content=\"PCN-UFI\" \/>\n<meta property=\"product:condition\" content=\"new\" \/>\n<!-- \/ Yoast SEO Premium plugin. -->","yoast_head_json":{"title":"Powiadomienie o\u015brodka zatru\u0107 i UFI - UFI","robots":{"index":"index","follow":"follow","max-snippet":"max-snippet:-1","max-image-preview":"max-image-preview:large","max-video-preview":"max-video-preview:-1"},"canonical":"https:\/\/www.ufi.eu\/pl\/product\/powiadomienie-osrodka-zatruc-i-ufi\/","og_locale":"pl_PL","og_type":"article","og_title":"Powiadomienie o\u015brodka zatru\u0107 i UFI","og_url":"https:\/\/www.ufi.eu\/pl\/product\/powiadomienie-osrodka-zatruc-i-ufi\/","og_site_name":"UFI","og_image":[{"width":1024,"height":1024,"url":"https:\/\/www.ufi.eu\/wp-content\/uploads\/2025\/03\/pcn_ufi.jpg","type":"image\/jpeg"}],"twitter_card":"summary_large_image","twitter_misc":{"Cena":"&euro;65.00","Dost\u0119pno\u015b\u0107":"Dost\u0119pny"},"schema":{"@context":"https:\/\/schema.org","@graph":[{"@type":"WebPage","@id":"https:\/\/www.ufi.eu\/pl\/product\/powiadomienie-osrodka-zatruc-i-ufi\/","url":"https:\/\/www.ufi.eu\/pl\/product\/powiadomienie-osrodka-zatruc-i-ufi\/","name":"Powiadomienie o\u015brodka zatru\u0107 i UFI - UFI","isPartOf":{"@id":"https:\/\/www.ufi.eu\/pl\/#website"},"primaryImageOfPage":{"@id":"https:\/\/www.ufi.eu\/pl\/product\/powiadomienie-osrodka-zatruc-i-ufi\/#primaryimage"},"image":{"@id":"https:\/\/www.ufi.eu\/pl\/product\/powiadomienie-osrodka-zatruc-i-ufi\/#primaryimage"},"thumbnailUrl":"https:\/\/www.ufi.eu\/wp-content\/uploads\/2025\/03\/pcn_ufi.jpg","datePublished":"2025-04-15T19:37:22+00:00","breadcrumb":{"@id":"https:\/\/www.ufi.eu\/pl\/product\/powiadomienie-osrodka-zatruc-i-ufi\/#breadcrumb"},"inLanguage":"pl-PL","potentialAction":[{"@type":"ReadAction","target":["https:\/\/www.ufi.eu\/pl\/product\/powiadomienie-osrodka-zatruc-i-ufi\/"]}]},{"@type":"ImageObject","inLanguage":"pl-PL","@id":"https:\/\/www.ufi.eu\/pl\/product\/powiadomienie-osrodka-zatruc-i-ufi\/#primaryimage","url":"https:\/\/www.ufi.eu\/wp-content\/uploads\/2025\/03\/pcn_ufi.jpg","contentUrl":"https:\/\/www.ufi.eu\/wp-content\/uploads\/2025\/03\/pcn_ufi.jpg","width":1024,"height":1024},{"@type":"BreadcrumbList","@id":"https:\/\/www.ufi.eu\/pl\/product\/powiadomienie-osrodka-zatruc-i-ufi\/#breadcrumb","itemListElement":[{"@type":"ListItem","position":1,"name":"Home","item":"https:\/\/www.ufi.eu\/pl\/strona-glowna\/"},{"@type":"ListItem","position":2,"name":"Sklep","item":"https:\/\/www.ufi.eu\/pl\/sklep\/"},{"@type":"ListItem","position":3,"name":"Powiadomienie o\u015brodka zatru\u0107 i UFI"}]},{"@type":"WebSite","@id":"https:\/\/www.ufi.eu\/pl\/#website","url":"https:\/\/www.ufi.eu\/pl\/","name":"UFI.EU","description":"Poison Centre Notifications (PCN) and UFI","publisher":{"@id":"https:\/\/www.ufi.eu\/pl\/#organization"},"potentialAction":[{"@type":"SearchAction","target":{"@type":"EntryPoint","urlTemplate":"https:\/\/www.ufi.eu\/pl\/?s={search_term_string}"},"query-input":{"@type":"PropertyValueSpecification","valueRequired":true,"valueName":"search_term_string"}}],"inLanguage":"pl-PL"},{"@type":"Organization","@id":"https:\/\/www.ufi.eu\/pl\/#organization","name":"UFI.EU","url":"https:\/\/www.ufi.eu\/pl\/","logo":{"@type":"ImageObject","inLanguage":"pl-PL","@id":"https:\/\/www.ufi.eu\/pl\/#\/schema\/logo\/image\/","url":"https:\/\/www.ufi.eu\/wp-content\/uploads\/2025\/03\/cropped-logo_ufi3.jpg","contentUrl":"https:\/\/www.ufi.eu\/wp-content\/uploads\/2025\/03\/cropped-logo_ufi3.jpg","width":231,"height":78,"caption":"UFI.EU"},"image":{"@id":"https:\/\/www.ufi.eu\/pl\/#\/schema\/logo\/image\/"},"description":"UFI.eu specializes in digital registrations for Poison Centre Notifications (PCN), ensuring your chemical products meet EU regulatory requirements effortlessly. Our streamlined solutions help businesses stay compliant while reducing complexity and administrative burden.","email":"info@ufi.eu","legalName":"UFI.EU"}]},"product_price_amount":"65.00","product_price_currency":"EUR","og_availability":"instock","product_availability":"instock","product_retailer_item_id":"PCN-UFI","product_condition":"new"},"_links":{"self":[{"href":"https:\/\/www.ufi.eu\/pl\/wp-json\/wp\/v2\/product\/12576","targetHints":{"allow":["GET"]}}],"collection":[{"href":"https:\/\/www.ufi.eu\/pl\/wp-json\/wp\/v2\/product"}],"about":[{"href":"https:\/\/www.ufi.eu\/pl\/wp-json\/wp\/v2\/types\/product"}],"wp:featuredmedia":[{"embeddable":true,"href":"https:\/\/www.ufi.eu\/pl\/wp-json\/wp\/v2\/media\/12507"}],"wp:attachment":[{"href":"https:\/\/www.ufi.eu\/pl\/wp-json\/wp\/v2\/media?parent=12576"}],"wp:term":[{"taxonomy":"product_brand","embeddable":true,"href":"https:\/\/www.ufi.eu\/pl\/wp-json\/wp\/v2\/product_brand?post=12576"},{"taxonomy":"product_cat","embeddable":true,"href":"https:\/\/www.ufi.eu\/pl\/wp-json\/wp\/v2\/product_cat?post=12576"},{"taxonomy":"product_tag","embeddable":true,"href":"https:\/\/www.ufi.eu\/pl\/wp-json\/wp\/v2\/product_tag?post=12576"}],"curies":[{"name":"wp","href":"https:\/\/api.w.org\/{rel}","templated":true}]}}