{"id":31728,"date":"2025-06-25T10:04:58","date_gmt":"2025-09-24T14:39:51","guid":{"rendered":"https:\/\/www.ufi.eu\/product\/pcn-og-ufi-pakke\/"},"modified":"2026-01-09T16:14:02","modified_gmt":"2026-01-09T16:14:02","slug":"pcn-og-ufi-pakke","status":"publish","type":"product","link":"https:\/\/www.ufi.eu\/no\/product\/pcn-og-ufi-pakke\/","title":{"rendered":"PCN- og UFI-pakke"},"content":{"rendered":"\n<h2 class=\"wp-block-heading\" id=\"h-how-does-the-ufi-creation-and-pcn-notification-service-work\">Hvordan fungerer tjenesten for opprettelse av UFI og PCN-varsling?<\/h2>\n\n<p>N\u00e5r du har kj\u00f8pt denne tjenesten, f\u00e5r du tilgang til den sikre portalen. Denne portalen inneholder en oversikt over alle trinnene.  Du fyller inn produktopplysningene dine, s\u00e5 setter vi i gang.<\/p>\n\n<h3 class=\"wp-block-heading\" id=\"h-poison-center-notification-amp-ufi\">Varsling til giftinformasjonssenter og UFI<\/h3>\n\n<p>Vi vil s\u00f8rge for..:<\/p>\n\n<ul class=\"wp-block-list\">\n<li>Produktets unike formelidentifikator (UFI)<\/li>\n\n\n\n<li>En rapport fra Giftinformasjonssentralen (PCN)<\/li>\n\n\n\n<li>Registrering av produktet ditt hos de relevante nasjonale giftinformasjonssentrene via ECHA.<\/li>\n\n\n\n<li>Sikkerhetsdatabladet for produktet ditt<\/li>\n<\/ul>\n\n<h3 class=\"wp-block-heading\" id=\"h-countries-for-pcn-registration\">Land for PCN-registrering<\/h3>\n\n<p>Du kan telle antall land du \u00f8nsker \u00e5 registrere produktet ditt i. Dette er antallet land du trenger \u00e5 kj\u00f8pe.  Du vil kunne velge de spesifikke landene i portalen. Hvis du planlegger \u00e5 utvide salget av produktene dine til nye land p\u00e5 et senere tidspunkt, kan du alltid bestille flere <a href=\"https:\/\/www.ufi.eu\/pcn\/countries\/countries-for-pcn-registration\/\" target=\"_blank\" rel=\"noreferrer noopener\">PCN-landsregistreringer<\/a>.<br\/>EU har 27 land og E\u00d8S har 30 (EU+Lichtenstein, Norge og Island). I portalen kan du velge disse landene: <\/p>\n\n<figure class=\"wp-block-table\"><table class=\"has-fixed-layout\"><tbody><tr><td>Belgia<\/td><td>(BE)<\/td><td>Spania<\/td><td>(ES)<\/td><td>Ungarn<\/td><td>(HU)<\/td><td>Slovakia<\/td><td>(SK)<\/td><\/tr><tr><td>Bulgaria<\/td><td>(BG)<\/td><td>Frankrike<\/td><td>(FR)<\/td><td>Malta<\/td><td>(MT)<\/td><td>Finland<\/td><td>(FI)<\/td><\/tr><tr><td>Tsjekkia<\/td><td>(CZ)<\/td><td>Kroatia<\/td><td>(HR)<\/td><td>Nederland<\/td><td>(NL)<\/td><td>Sverige<\/td><td>(SE)<\/td><\/tr><tr><td>Danmark<\/td><td>(DK)<\/td><td>Italia<\/td><td>(IT)<\/td><td>\u00d8sterrike<\/td><td>(AT)<\/td><td>Tyskland<\/td><td>(DE)<\/td><\/tr><tr><td>Kypros<\/td><td>(CY)<\/td><td>Polen<\/td><td>(PL)<\/td><td>Island<\/td><td>(IS)<\/td><td>Estland<\/td><td>(EE)<\/td><\/tr><tr><td>Latvia<\/td><td>(LV)<\/td><td>Portugal<\/td><td>(PT)<\/td><td>Liechtenstein<\/td><td>(LI)<\/td><td>Irland<\/td><td>(IE)<\/td><\/tr><tr><td>Litauen<\/td><td>(LT)<\/td><td>Romania<\/td><td>(RO)<\/td><td>Norge<\/td><td>(NO)<\/td><td>Hellas<\/td><td>(EL)<\/td><\/tr><tr><td>Luxembourg<\/td><td>(LU)<\/td><td>Slovenia<\/td><td>(SI)<\/td><td>Sveits*<\/td><td>(CH)<\/td><td>\u00a0<\/td><td>\u00a0<\/td><\/tr><\/tbody><\/table><\/figure>\n\n<p>*For Sveits kan vi opprette PCN-dokumentasjonen med all n\u00f8dvendig informasjon for \u00e5 sende inn en s\u00f8knad i den sveitsiske portalen. Kontakt oss for mer informasjon. <\/p>\n\n<h3 class=\"wp-block-heading\" id=\"h-clp-label-information\">Informasjon om CLP-merking<\/h3>\n\n<p>Vi tilbyr muligheten til \u00e5 kj\u00f8pe en CLP-kompatibel produktetikett som inneholder all obligatorisk informasjon som kreves i henhold til EUs CLP-forordning. Denne vil bli levert som PDF-fil.  Dette er ikke et design, men en oppsummering av den n\u00f8dvendige informasjonen. Slik kan du integrere den n\u00f8dvendige informasjonen i designen av produktetikettene dine.  Du kan ogs\u00e5 bestille <a href=\"https:\/\/www.ufi.eu\/pcn\/clp-label\/clp-label-creation-compliance-check\/\" target=\"_blank\" rel=\"noreferrer noopener\">CLP-etikettopprettingen<\/a> separat. Har du allerede en etikett? &#8211; Vi kan utf\u00f8re en <a href=\"https:\/\/www.ufi.eu\/pcn\/clp-label\/clp-label-creation-compliance-check\/\" target=\"_blank\" rel=\"noreferrer noopener\">kontroll<\/a> av etiketten din i henhold til gjeldende CLP-krav. Vi gir deg detaljerte tilbakemeldinger og korrigeringer for \u00e5 sikre at etiketten din oppfyller alle regulatoriske standarder.   <\/p>\n\n<h2 class=\"wp-block-heading\" id=\"h-registering-formulations-with-the-eu-poison-centre\">Registrering av formuleringer hos EUs giftsenter<\/h2>\n\n<p>Formuleringer er kjemiske blandinger som er beregnet p\u00e5 \u00e5 bli videreformulert til andre blandinger eller beregnet p\u00e5 direkte sluttbruk. Disse blandingene m\u00e5 registreres hos EUs giftinformasjonssenter for \u00e5 sikre at n\u00f8detatene har tilgang til viktige sikkerhetsdata i tilfelle utilsiktet eksponering. Giftinformasjonssentralens PCN-prosess (Poison Centre Notification) sikrer at relevante fareklassifiseringer og toksikologiske profiler er lett tilgjengelige for medisinsk personell og myndigheter.  <\/p>\n\n<h3 class=\"wp-block-heading\" id=\"h-what-is-a-ufi\">Hva er en UFI?<\/h3>\n\n<p>En unik formelidentifikator (UFI) er en alfanumerisk kode p\u00e5 16 tegn som brukes til \u00e5 identifisere en kjemisk blanding p\u00e5 en unik m\u00e5te. Den m\u00e5 trykkes p\u00e5 produktetiketten og inkluderes i sikkerhetsdatabladet (SDS). UFI-koden gj\u00f8r det mulig for giftinformasjonssentraler \u00e5 raskt finne sikkerhets- og toksikologisk informasjon om blandingen i tilfelle en hendelse skulle inntreffe.  <\/p>\n\n<h3 class=\"wp-block-heading\" id=\"h-what-is-a-pcn\">Hva er en PCN?<\/h3>\n\n<p>En Giftinformasjonssentral (PCN) er en forskriftsmessig innsending som inneholder detaljerte sikkerhets- og toksikologiske data om farlige blandinger. PCN inneholder informasjon som blandingens sammensetning, klassifisering, fareadvarsler og beredskapstiltak. Det er obligatorisk for alle farlige blandinger som skal markedsf\u00f8res i EU.  <\/p>\n\n<h3 class=\"wp-block-heading\" id=\"h-what-is-clp\">Hva er CLP?<\/h3>\n\n<p>CLP (Classification, Labelling, and Packaging) er en EU-forordning (EF nr. 1272\/2008) som sikrer at kjemiske produkter klassifiseres og merkes i henhold til farene de utgj\u00f8r. Den er i tr\u00e5d med FNs globalt harmoniserte system (GHS) og sikrer at alle farlige blandinger har passende advarselsmerking og sikkerhetsinstruksjoner. <\/p>\n\n<h3 class=\"wp-block-heading\" id=\"h-what-is-the-eu-poison-centre\">Hva er EUs giftinformasjonssenter?<\/h3>\n\n<p>EUs giftinformasjonssenter er et offisielt organ som samler inn og lagrer sikkerhetsinformasjon om farlige stoffblandinger. Helsepersonell og n\u00f8detater stoler p\u00e5 at Giftinformasjonssenteret gir n\u00f8yaktige sikkerhetsdata om kjemikalier i tilfelle utilsiktet eksponering eller forgiftningstilfeller. <\/p>\n\n<h3 class=\"wp-block-heading\" id=\"h-why-is-this-needed\">Hvorfor er dette n\u00f8dvendig?<\/h3>\n\n<p>Industrielle formuleringer inneholder ofte farlige kjemikalier som krever tydelig identifikasjon i n\u00f8dsituasjoner. Ved \u00e5 sende inn en PCN sikrer bedriftene at giftinformasjonssentraler og medisinsk personell har umiddelbar tilgang til relevant informasjon, noe som forbedrer sikkerheten i tilfelle eksponering. <\/p>\n\n<h3 class=\"wp-block-heading\" id=\"h-since-when-is-it-by-law-obligatory\">Siden n\u00e5r er det lovp\u00e5lagt?<\/h3>\n\n<p>Lovkravet om \u00e5 sende inn en PCN for farlige blandinger tr\u00e5dte i kraft 1. januar 2021. For industrielle formuleringer som utelukkende brukes i videreforedling, har det v\u00e6rt obligatorisk siden 1. januar 2024. <\/p>\n","protected":false},"excerpt":{"rendered":"<p>Hvordan fungerer tjenesten for opprettelse av UFI og PCN-varsling? N\u00e5r du har kj\u00f8pt denne tjenesten, f\u00e5r du tilgang til den sikre portalen. Denne portalen inneholder en oversikt over alle trinnene. Du fyller inn produktopplysningene dine, s\u00e5 setter vi i gang. Varsling til giftinformasjonssenter og UFI Vi vil s\u00f8rge for..: Land for PCN-registrering Du kan telle [&hellip;]<\/p>\n","protected":false},"featured_media":12483,"template":"","meta":[],"product_brand":[],"product_cat":[396],"product_tag":[],"class_list":{"0":"post-31728","1":"product","2":"type-product","3":"status-publish","4":"has-post-thumbnail","6":"product_cat-clp-merking","8":"first","9":"instock","10":"virtual","11":"taxable","12":"purchasable","13":"product-type-bundle"},"bundled_by":[],"bundle_stock_status":"instock","bundle_stock_quantity":"","bundle_virtual":false,"bundle_layout":"default","bundle_add_to_cart_form_location":"default","bundle_editable_in_cart":false,"bundle_sold_individually_context":"product","bundle_item_grouping":"parent","bundle_min_size":"","bundle_max_size":"","bundle_price":{"price":{"min":{"incl_tax":"78.65","excl_tax":"65"},"max":{"incl_tax":"","excl_tax":""}},"regular_price":{"min":{"incl_tax":"78.65","excl_tax":"65"},"max":{"incl_tax":"","excl_tax":""}}},"bundled_items":[{"bundled_item_id":13007,"product_id":12563,"menu_order":0,"quantity_min":1,"quantity_max":"","quantity_default":1,"priced_individually":true,"shipped_individually":true,"override_title":false,"title":"Varsling til giftinformasjonssenter og UFI","override_description":false,"description":"Varsling til giftinformasjonssenter og UFI","optional":false,"hide_thumbnail":false,"discount":"","override_variations":false,"allowed_variations":[""],"override_default_variation_attributes":false,"default_variation_attributes":[],"single_product_visibility":"visible","cart_visibility":"visible","order_visibility":"visible","single_product_price_visibility":"visible","cart_price_visibility":"visible","order_price_visibility":"visible","stock_status":"in_stock"},{"bundled_item_id":13008,"product_id":31705,"menu_order":1,"quantity_min":0,"quantity_max":"","quantity_default":0,"priced_individually":true,"shipped_individually":false,"override_title":false,"title":"Alle E\u00d8S-land for PCN-registrering Bundle","override_description":false,"description":"Alle E\u00d8S-land for PCN-registrering Bundle","optional":false,"hide_thumbnail":false,"discount":"","override_variations":false,"allowed_variations":[""],"override_default_variation_attributes":false,"default_variation_attributes":[],"single_product_visibility":"visible","cart_visibility":"visible","order_visibility":"visible","single_product_price_visibility":"visible","cart_price_visibility":"visible","order_price_visibility":"visible","stock_status":"in_stock"},{"bundled_item_id":13158,"product_id":12593,"menu_order":1,"quantity_min":0,"quantity_max":"","quantity_default":1,"priced_individually":true,"shipped_individually":true,"override_title":false,"title":"Land for PCN-registrering","override_description":false,"description":"Land for PCN-registrering","optional":false,"hide_thumbnail":false,"discount":"","override_variations":false,"allowed_variations":[""],"override_default_variation_attributes":false,"default_variation_attributes":[],"single_product_visibility":"visible","cart_visibility":"visible","order_visibility":"visible","single_product_price_visibility":"visible","cart_price_visibility":"visible","order_price_visibility":"visible","stock_status":"in_stock"},{"bundled_item_id":13009,"product_id":12761,"menu_order":2,"quantity_min":0,"quantity_max":"","quantity_default":0,"priced_individually":true,"shipped_individually":true,"override_title":false,"title":"Opprettelse av CLP-merking og kontroll av samsvar","override_description":true,"description":"","optional":false,"hide_thumbnail":false,"discount":"","override_variations":false,"allowed_variations":[""],"override_default_variation_attributes":false,"default_variation_attributes":[],"single_product_visibility":"visible","cart_visibility":"visible","order_visibility":"visible","single_product_price_visibility":"visible","cart_price_visibility":"visible","order_price_visibility":"visible","stock_status":"in_stock"},{"bundled_item_id":13010,"product_id":12481,"menu_order":3,"quantity_min":0,"quantity_max":"","quantity_default":0,"priced_individually":true,"shipped_individually":true,"override_title":false,"title":"Opprettelse av sikkerhetsdatablad","override_description":false,"description":"Opprettelse av sikkerhetsdatablad","optional":false,"hide_thumbnail":false,"discount":"","override_variations":false,"allowed_variations":[""],"override_default_variation_attributes":false,"default_variation_attributes":[],"single_product_visibility":"visible","cart_visibility":"visible","order_visibility":"visible","single_product_price_visibility":"visible","cart_price_visibility":"visible","order_price_visibility":"visible","stock_status":"in_stock"},{"bundled_item_id":13011,"product_id":12496,"menu_order":4,"quantity_min":0,"quantity_max":"","quantity_default":0,"priced_individually":true,"shipped_individually":false,"override_title":true,"title":"Spr\u00e5k for sikkerhetsdatablad","override_description":false,"description":"Spr\u00e5k for sikkerhetsdatablad","optional":false,"hide_thumbnail":false,"discount":"","override_variations":false,"allowed_variations":[""],"override_default_variation_attributes":false,"default_variation_attributes":[],"single_product_visibility":"visible","cart_visibility":"visible","order_visibility":"visible","single_product_price_visibility":"visible","cart_price_visibility":"visible","order_price_visibility":"visible","stock_status":"in_stock"}],"bundle_sell_ids":[],"yoast_head":"<!-- This site is optimized with the Yoast SEO Premium plugin v25.1 (Yoast SEO v25.1) - https:\/\/yoast.com\/wordpress\/plugins\/seo\/ -->\n<title>PCN- og UFI-pakke - UFI<\/title>\n<meta name=\"description\" content=\"PCN- og UFI-pakken gir deg alt du trenger for \u00e5 begynne \u00e5 selge produktet ditt i EU.\" \/>\n<meta name=\"robots\" content=\"index, follow, max-snippet:-1, max-image-preview:large, max-video-preview:-1\" \/>\n<link rel=\"canonical\" href=\"https:\/\/www.ufi.eu\/no\/product\/pcn-og-ufi-pakke\/\" \/>\n<meta property=\"og:locale\" content=\"nb_NO\" \/>\n<meta property=\"og:type\" content=\"article\" \/>\n<meta property=\"og:title\" content=\"PCN- og UFI-pakke\" \/>\n<meta property=\"og:description\" content=\"PCN- og UFI-pakken gir deg alt du trenger for \u00e5 begynne \u00e5 selge produktet ditt i EU.\" \/>\n<meta property=\"og:url\" content=\"https:\/\/www.ufi.eu\/no\/product\/pcn-og-ufi-pakke\/\" \/>\n<meta property=\"og:site_name\" content=\"UFI\" \/>\n<meta property=\"article:modified_time\" content=\"2026-01-09T16:14:02+00:00\" \/>\n<meta property=\"og:image\" content=\"https:\/\/www.ufi.eu\/wp-content\/uploads\/2025\/03\/pcn_ufi.jpg\" \/>\n\t<meta property=\"og:image:width\" content=\"1024\" \/>\n\t<meta property=\"og:image:height\" content=\"1024\" \/>\n\t<meta property=\"og:image:type\" content=\"image\/jpeg\" \/>\n<meta name=\"twitter:card\" content=\"summary_large_image\" \/>\n<meta name=\"twitter:label1\" content=\"Pris\" \/>\n\t<meta name=\"twitter:data1\" content=\"&euro;0.00\" \/>\n\t<meta name=\"twitter:label2\" content=\"Tilgjengelighet\" \/>\n\t<meta name=\"twitter:data2\" content=\"P\u00e5 lager\" \/>\n<script type=\"application\/ld+json\" class=\"yoast-schema-graph\">{\"@context\":\"https:\/\/schema.org\",\"@graph\":[{\"@type\":\"WebPage\",\"@id\":\"https:\/\/www.ufi.eu\/no\/product\/pcn-og-ufi-pakke\/\",\"url\":\"https:\/\/www.ufi.eu\/no\/product\/pcn-og-ufi-pakke\/\",\"name\":\"PCN- og UFI-pakke - UFI\",\"isPartOf\":{\"@id\":\"https:\/\/www.ufi.eu\/no\/#website\"},\"primaryImageOfPage\":{\"@id\":\"https:\/\/www.ufi.eu\/no\/product\/pcn-og-ufi-pakke\/#primaryimage\"},\"image\":{\"@id\":\"https:\/\/www.ufi.eu\/no\/product\/pcn-og-ufi-pakke\/#primaryimage\"},\"thumbnailUrl\":\"https:\/\/www.ufi.eu\/wp-content\/uploads\/2025\/03\/pcn_ufi.jpg\",\"datePublished\":\"2025-09-24T14:39:51+00:00\",\"dateModified\":\"2026-01-09T16:14:02+00:00\",\"description\":\"PCN- og UFI-pakken gir deg alt du trenger for \u00e5 begynne \u00e5 selge produktet ditt i EU.\",\"breadcrumb\":{\"@id\":\"https:\/\/www.ufi.eu\/no\/product\/pcn-og-ufi-pakke\/#breadcrumb\"},\"inLanguage\":\"nb-NO\",\"potentialAction\":[{\"@type\":\"ReadAction\",\"target\":[\"https:\/\/www.ufi.eu\/no\/product\/pcn-og-ufi-pakke\/\"]}]},{\"@type\":\"ImageObject\",\"inLanguage\":\"nb-NO\",\"@id\":\"https:\/\/www.ufi.eu\/no\/product\/pcn-og-ufi-pakke\/#primaryimage\",\"url\":\"https:\/\/www.ufi.eu\/wp-content\/uploads\/2025\/03\/pcn_ufi.jpg\",\"contentUrl\":\"https:\/\/www.ufi.eu\/wp-content\/uploads\/2025\/03\/pcn_ufi.jpg\",\"width\":1024,\"height\":1024},{\"@type\":\"BreadcrumbList\",\"@id\":\"https:\/\/www.ufi.eu\/no\/product\/pcn-og-ufi-pakke\/#breadcrumb\",\"itemListElement\":[{\"@type\":\"ListItem\",\"position\":1,\"name\":\"Home\",\"item\":\"https:\/\/www.ufi.eu\/no\/hjem\/\"},{\"@type\":\"ListItem\",\"position\":2,\"name\":\"Butikk\",\"item\":\"https:\/\/www.ufi.eu\/no\/butikk\/\"},{\"@type\":\"ListItem\",\"position\":3,\"name\":\"PCN- og UFI-pakke\"}]},{\"@type\":\"WebSite\",\"@id\":\"https:\/\/www.ufi.eu\/no\/#website\",\"url\":\"https:\/\/www.ufi.eu\/no\/\",\"name\":\"UFI.EU\",\"description\":\"Poison Centre Notifications (PCN) and UFI\",\"publisher\":{\"@id\":\"https:\/\/www.ufi.eu\/no\/#organization\"},\"potentialAction\":[{\"@type\":\"SearchAction\",\"target\":{\"@type\":\"EntryPoint\",\"urlTemplate\":\"https:\/\/www.ufi.eu\/no\/?s={search_term_string}\"},\"query-input\":{\"@type\":\"PropertyValueSpecification\",\"valueRequired\":true,\"valueName\":\"search_term_string\"}}],\"inLanguage\":\"nb-NO\"},{\"@type\":\"Organization\",\"@id\":\"https:\/\/www.ufi.eu\/no\/#organization\",\"name\":\"UFI.EU\",\"url\":\"https:\/\/www.ufi.eu\/no\/\",\"logo\":{\"@type\":\"ImageObject\",\"inLanguage\":\"nb-NO\",\"@id\":\"https:\/\/www.ufi.eu\/no\/#\/schema\/logo\/image\/\",\"url\":\"https:\/\/www.ufi.eu\/wp-content\/uploads\/2025\/03\/cropped-logo_ufi3.jpg\",\"contentUrl\":\"https:\/\/www.ufi.eu\/wp-content\/uploads\/2025\/03\/cropped-logo_ufi3.jpg\",\"width\":231,\"height\":78,\"caption\":\"UFI.EU\"},\"image\":{\"@id\":\"https:\/\/www.ufi.eu\/no\/#\/schema\/logo\/image\/\"},\"description\":\"UFI.eu specializes in digital registrations for Poison Centre Notifications (PCN), ensuring your chemical products meet EU regulatory requirements effortlessly. Our streamlined solutions help businesses stay compliant while reducing complexity and administrative burden.\",\"email\":\"info@ufi.eu\",\"legalName\":\"UFI.EU\"}]}<\/script>\n<meta property=\"product:price:amount\" content=\"0.00\" \/>\n<meta property=\"product:price:currency\" content=\"EUR\" \/>\n<meta property=\"og:availability\" content=\"instock\" \/>\n<meta property=\"product:availability\" content=\"instock\" \/>\n<meta property=\"product:condition\" content=\"new\" \/>\n<!-- \/ Yoast SEO Premium plugin. -->","yoast_head_json":{"title":"PCN- og UFI-pakke - UFI","description":"PCN- og UFI-pakken gir deg alt du trenger for \u00e5 begynne \u00e5 selge produktet ditt i EU.","robots":{"index":"index","follow":"follow","max-snippet":"max-snippet:-1","max-image-preview":"max-image-preview:large","max-video-preview":"max-video-preview:-1"},"canonical":"https:\/\/www.ufi.eu\/no\/product\/pcn-og-ufi-pakke\/","og_locale":"nb_NO","og_type":"article","og_title":"PCN- og UFI-pakke","og_description":"PCN- og UFI-pakken gir deg alt du trenger for \u00e5 begynne \u00e5 selge produktet ditt i EU.","og_url":"https:\/\/www.ufi.eu\/no\/product\/pcn-og-ufi-pakke\/","og_site_name":"UFI","article_modified_time":"2026-01-09T16:14:02+00:00","og_image":[{"width":1024,"height":1024,"url":"https:\/\/www.ufi.eu\/wp-content\/uploads\/2025\/03\/pcn_ufi.jpg","type":"image\/jpeg"}],"twitter_card":"summary_large_image","twitter_misc":{"Pris":"&euro;0.00","Tilgjengelighet":"P\u00e5 lager"},"schema":{"@context":"https:\/\/schema.org","@graph":[{"@type":"WebPage","@id":"https:\/\/www.ufi.eu\/no\/product\/pcn-og-ufi-pakke\/","url":"https:\/\/www.ufi.eu\/no\/product\/pcn-og-ufi-pakke\/","name":"PCN- og UFI-pakke - UFI","isPartOf":{"@id":"https:\/\/www.ufi.eu\/no\/#website"},"primaryImageOfPage":{"@id":"https:\/\/www.ufi.eu\/no\/product\/pcn-og-ufi-pakke\/#primaryimage"},"image":{"@id":"https:\/\/www.ufi.eu\/no\/product\/pcn-og-ufi-pakke\/#primaryimage"},"thumbnailUrl":"https:\/\/www.ufi.eu\/wp-content\/uploads\/2025\/03\/pcn_ufi.jpg","datePublished":"2025-09-24T14:39:51+00:00","dateModified":"2026-01-09T16:14:02+00:00","description":"PCN- og UFI-pakken gir deg alt du trenger for \u00e5 begynne \u00e5 selge produktet ditt i EU.","breadcrumb":{"@id":"https:\/\/www.ufi.eu\/no\/product\/pcn-og-ufi-pakke\/#breadcrumb"},"inLanguage":"nb-NO","potentialAction":[{"@type":"ReadAction","target":["https:\/\/www.ufi.eu\/no\/product\/pcn-og-ufi-pakke\/"]}]},{"@type":"ImageObject","inLanguage":"nb-NO","@id":"https:\/\/www.ufi.eu\/no\/product\/pcn-og-ufi-pakke\/#primaryimage","url":"https:\/\/www.ufi.eu\/wp-content\/uploads\/2025\/03\/pcn_ufi.jpg","contentUrl":"https:\/\/www.ufi.eu\/wp-content\/uploads\/2025\/03\/pcn_ufi.jpg","width":1024,"height":1024},{"@type":"BreadcrumbList","@id":"https:\/\/www.ufi.eu\/no\/product\/pcn-og-ufi-pakke\/#breadcrumb","itemListElement":[{"@type":"ListItem","position":1,"name":"Home","item":"https:\/\/www.ufi.eu\/no\/hjem\/"},{"@type":"ListItem","position":2,"name":"Butikk","item":"https:\/\/www.ufi.eu\/no\/butikk\/"},{"@type":"ListItem","position":3,"name":"PCN- og UFI-pakke"}]},{"@type":"WebSite","@id":"https:\/\/www.ufi.eu\/no\/#website","url":"https:\/\/www.ufi.eu\/no\/","name":"UFI.EU","description":"Poison Centre Notifications (PCN) and UFI","publisher":{"@id":"https:\/\/www.ufi.eu\/no\/#organization"},"potentialAction":[{"@type":"SearchAction","target":{"@type":"EntryPoint","urlTemplate":"https:\/\/www.ufi.eu\/no\/?s={search_term_string}"},"query-input":{"@type":"PropertyValueSpecification","valueRequired":true,"valueName":"search_term_string"}}],"inLanguage":"nb-NO"},{"@type":"Organization","@id":"https:\/\/www.ufi.eu\/no\/#organization","name":"UFI.EU","url":"https:\/\/www.ufi.eu\/no\/","logo":{"@type":"ImageObject","inLanguage":"nb-NO","@id":"https:\/\/www.ufi.eu\/no\/#\/schema\/logo\/image\/","url":"https:\/\/www.ufi.eu\/wp-content\/uploads\/2025\/03\/cropped-logo_ufi3.jpg","contentUrl":"https:\/\/www.ufi.eu\/wp-content\/uploads\/2025\/03\/cropped-logo_ufi3.jpg","width":231,"height":78,"caption":"UFI.EU"},"image":{"@id":"https:\/\/www.ufi.eu\/no\/#\/schema\/logo\/image\/"},"description":"UFI.eu specializes in digital registrations for Poison Centre Notifications (PCN), ensuring your chemical products meet EU regulatory requirements effortlessly. Our streamlined solutions help businesses stay compliant while reducing complexity and administrative burden.","email":"info@ufi.eu","legalName":"UFI.EU"}]},"product_price_amount":"0.00","product_price_currency":"EUR","og_availability":"instock","product_availability":"instock","product_condition":"new"},"_links":{"self":[{"href":"https:\/\/www.ufi.eu\/no\/wp-json\/wp\/v2\/product\/31728","targetHints":{"allow":["GET"]}}],"collection":[{"href":"https:\/\/www.ufi.eu\/no\/wp-json\/wp\/v2\/product"}],"about":[{"href":"https:\/\/www.ufi.eu\/no\/wp-json\/wp\/v2\/types\/product"}],"wp:featuredmedia":[{"embeddable":true,"href":"https:\/\/www.ufi.eu\/no\/wp-json\/wp\/v2\/media\/12483"}],"wp:attachment":[{"href":"https:\/\/www.ufi.eu\/no\/wp-json\/wp\/v2\/media?parent=31728"}],"wp:term":[{"taxonomy":"product_brand","embeddable":true,"href":"https:\/\/www.ufi.eu\/no\/wp-json\/wp\/v2\/product_brand?post=31728"},{"taxonomy":"product_cat","embeddable":true,"href":"https:\/\/www.ufi.eu\/no\/wp-json\/wp\/v2\/product_cat?post=31728"},{"taxonomy":"product_tag","embeddable":true,"href":"https:\/\/www.ufi.eu\/no\/wp-json\/wp\/v2\/product_tag?post=31728"}],"curies":[{"name":"wp","href":"https:\/\/api.w.org\/{rel}","templated":true}]}}