{"id":31705,"date":"2025-09-24T14:37:13","date_gmt":"2025-09-24T14:37:13","guid":{"rendered":"https:\/\/www.ufi.eu\/product\/alle-eos-land-for-pcn-registrering-bundle\/"},"modified":"2025-09-24T14:37:16","modified_gmt":"2025-09-24T14:37:16","slug":"alle-eos-land-for-pcn-registrering-bundle","status":"publish","type":"product","link":"https:\/\/www.ufi.eu\/no\/product\/alle-eos-land-for-pcn-registrering-bundle\/","title":{"rendered":"Alle E\u00d8S-land for PCN-registrering Bundle"},"content":{"rendered":"\n<h2 class=\"wp-block-heading\" id=\"h-launch-your-product-across-europe-with-ease\">Lanser produktet ditt i hele Europa p\u00e5 en enkel m\u00e5te<\/h2>\n\n<p>N\u00e5r du registrerer produktet ditt for EU Poison Centre Notification (PCN), m\u00e5 hvert land du planlegger \u00e5 selge i, sende det inn til sine respektive nasjonale myndigheter. Med v\u00e5r PCN-registrering i EU-land kan du velge n\u00f8yaktig de landene der du \u00f8nsker \u00e5 lansere produktet ditt &#8211; noe som gir deg full fleksibilitet og kontroll over markedsrekkevidden din.<\/p>\n\n<h2 class=\"wp-block-heading\" id=\"h-what-you-re-purchasing\">Hva du kj\u00f8per<\/h2>\n\n<p>Dette produktet er en <strong>pakke for alle E\u00d8S-land<\/strong>. Disse 30 tokens kan brukes <strong>med alle PCN-registreringer<\/strong> du gj\u00f8r hos oss. N\u00e5r du har kj\u00f8pt dem, blir landene <strong>lagt til p\u00e5 <a href=\"https:\/\/www.ufi.eu\/my-account\/points\/\">PCN-landlisten din<\/a><\/strong> og kan brukes n\u00e5r du fyller ut <strong>PCN-inntaksskjemaet<\/strong> for produktet ditt.  <\/p>\n\n<p><strong>Du m\u00e5 ogs\u00e5 <a href=\"https:\/\/www.ufi.eu\/shop\/\">kj\u00f8pe et PCN for produktet ditt<\/a>. Dette produktet er bare et l\u00f8st land, ikke PCN. <\/strong><\/p>\n\n<h4 class=\"wp-block-heading\">\u2705 Hvordan det fungerer:<\/h4>\n\n<ol class=\"wp-block-list\">\n<li>Bestem <strong>hvilke land<\/strong> du planlegger \u00e5 selge i.<\/li>\n\n\n\n<li>Kj\u00f8p antall <strong>landsymboler<\/strong>.<\/li>\n\n\n\n<li><a href=\"https:\/\/www.ufi.eu\/no\/nytt-produkt\/\">Send inn skjemaet for inntak av produktet ditt<\/a> til oss.<\/li>\n\n\n\n<li>Du trenger bare \u00e5 angi hvilke land du \u00f8nsker at vi skal sende produktet ditt til PCN.<\/li>\n\n\n\n<li>Landstoken trekkes fra totalsummen n\u00e5r du sender inn skjemaet ditt til oss.<\/li>\n<\/ol>\n\n<p>Enten du lanserer ett produkt eller administrerer en hel portef\u00f8lje, kan du <strong>bruke <a href=\"https:\/\/www.ufi.eu\/my-account\/points\/\">de innkj\u00f8pte landstokener<\/a><\/strong> p\u00e5 tvers av ulike PCN-innleveringer &#8211; noe som sparer tid, sikrer samsvar og utvider din tilstedev\u00e6relse p\u00e5 EU-markedet uten problemer.<\/p>\n\n<h3 class=\"wp-block-heading\" id=\"h-supported-eu-countries\">EU-land som st\u00f8ttes<\/h3>\n\n<p>EU har 27 land og E\u00d8S har 30 (EU+Lichtenstein, Norge og Island). I portalen kan du velge mellom disse landene:<\/p>\n\n<figure class=\"wp-block-table\"><table class=\"has-fixed-layout\"><tbody><tr><td>Belgia<\/td><td>(BE)<\/td><td>Spania<\/td><td>(ES)<\/td><td>Ungarn<\/td><td>(HU)<\/td><td>Slovakia<\/td><td>(SK)<\/td><\/tr><tr><td>Bulgaria<\/td><td>(BG)<\/td><td>Frankrike<\/td><td>(FR)<\/td><td>Malta<\/td><td>(MT)<\/td><td>Finland<\/td><td>(FI)<\/td><\/tr><tr><td>Tsjekkia<\/td><td>(CZ)<\/td><td>Kroatia<\/td><td>(HR)<\/td><td>Nederland<\/td><td>(NL)<\/td><td>Sverige<\/td><td>(SE)<\/td><\/tr><tr><td>Danmark<\/td><td>(DK)<\/td><td>Italia<\/td><td>(IT)<\/td><td>\u00d8sterrike<\/td><td>(AT)<\/td><td>Tyskland<\/td><td>(DE)<\/td><\/tr><tr><td>Kypros<\/td><td>(CY)<\/td><td>Polen<\/td><td>(PL)<\/td><td>Island<\/td><td>(IS)<\/td><td>Estland<\/td><td>(EE)<\/td><\/tr><tr><td>Latvia<\/td><td>(LV)<\/td><td>Portugal<\/td><td>(PT)<\/td><td>Liechtenstein<\/td><td>(LI)<\/td><td>Irland<\/td><td>(IE)<\/td><\/tr><tr><td>Litauen<\/td><td>(LT)<\/td><td>Romania<\/td><td>(RO)<\/td><td>Norge<\/td><td>(NO)<\/td><td>Hellas<\/td><td>(EL)<\/td><\/tr><tr><td>Luxembourg<\/td><td>(LU)<\/td><td>Slovenia<\/td><td>(SI)<\/td><td>Sveits*<\/td><td>(CH)<\/td><td><\/td><td><\/td><\/tr><\/tbody><\/table><\/figure>\n\n<p>*For Sveits kan vi opprette PCN-dokumentasjonen med all n\u00f8dvendig informasjon for \u00e5 sende inn en s\u00f8knad i den sveitsiske portalen. Kontakt oss for mer informasjon. <\/p>\n\n<h2 class=\"wp-block-heading\" id=\"h-example-of-how-it-works\">Eksempel p\u00e5 hvordan det fungerer<\/h2>\n\n<p>Du skal lansere et nytt rengj\u00f8ringsprodukt i <strong>Frankrike, Tyskland og Spania.<\/strong> Du trenger bare \u00e5 kj\u00f8pe tre land. N\u00e5r du fyller ut PCN-inntaksskjemaet hos oss, tilordner du disse landstokensene til produktet &#8211; slik at du er sikret juridisk samsvar i alle tre markedene uten \u00e5 m\u00e5tte bruke tid p\u00e5 individuelle innsendinger.  <\/p>\n\n<p><\/p>\n","protected":false},"excerpt":{"rendered":"<p>Lanser produktet ditt i hele Europa p\u00e5 en enkel m\u00e5te N\u00e5r du registrerer produktet ditt for EU Poison Centre Notification (PCN), m\u00e5 hvert land du planlegger \u00e5 selge i, sende det inn til sine respektive nasjonale myndigheter. Med v\u00e5r PCN-registrering i EU-land kan du velge n\u00f8yaktig de landene der du \u00f8nsker \u00e5 lansere produktet ditt [&hellip;]<\/p>\n","protected":false},"featured_media":12594,"template":"","meta":[],"product_brand":[],"product_cat":[299],"product_tag":[],"class_list":{"0":"post-31705","1":"product","2":"type-product","3":"status-publish","4":"has-post-thumbnail","6":"product_cat-sikkerhetsdatablad","8":"first","9":"instock","10":"taxable","11":"shipping-taxable","12":"purchasable","13":"product-type-simple"},"bundled_by":["31728"],"bundle_stock_status":"instock","bundle_stock_quantity":null,"bundle_virtual":false,"bundle_layout":"","bundle_add_to_cart_form_location":"","bundle_editable_in_cart":false,"bundle_sold_individually_context":"","bundle_item_grouping":"","bundle_min_size":"","bundle_max_size":"","bundle_price":[],"bundled_items":[],"bundle_sell_ids":[],"yoast_head":"<!-- This site is optimized with the Yoast SEO Premium plugin v25.1 (Yoast SEO v25.1) - https:\/\/yoast.com\/wordpress\/plugins\/seo\/ -->\n<title>Alle E\u00d8S-land for PCN-registrering Bundle - UFI<\/title>\n<meta name=\"description\" content=\"Dette produktet er en pakke for alle E\u00d8S-land. Disse 30 tokens kan brukes i forbindelse med alle PCN-registreringer du gj\u00f8r hos oss. N\u00e5r du har kj\u00f8pt dem, blir landene lagt til p\u00e5 PCN-landlisten din og kan brukes n\u00e5r du fyller ut PCN-inntaksskjemaet for produktet ditt.\" \/>\n<meta name=\"robots\" content=\"index, follow, max-snippet:-1, max-image-preview:large, max-video-preview:-1\" \/>\n<link rel=\"canonical\" href=\"https:\/\/www.ufi.eu\/no\/product\/alle-eos-land-for-pcn-registrering-bundle\/\" \/>\n<meta property=\"og:locale\" content=\"nb_NO\" \/>\n<meta property=\"og:type\" content=\"article\" \/>\n<meta property=\"og:title\" content=\"Alle E\u00d8S-land for PCN-registrering Bundle\" \/>\n<meta property=\"og:description\" content=\"Dette produktet er en pakke for alle E\u00d8S-land. Disse 30 tokens kan brukes i forbindelse med alle PCN-registreringer du gj\u00f8r hos oss. N\u00e5r du har kj\u00f8pt dem, blir landene lagt til p\u00e5 PCN-landlisten din og kan brukes n\u00e5r du fyller ut PCN-inntaksskjemaet for produktet ditt.\" \/>\n<meta property=\"og:url\" content=\"https:\/\/www.ufi.eu\/no\/product\/alle-eos-land-for-pcn-registrering-bundle\/\" \/>\n<meta property=\"og:site_name\" content=\"UFI\" \/>\n<meta property=\"article:modified_time\" content=\"2025-09-24T14:37:16+00:00\" \/>\n<meta property=\"og:image\" content=\"https:\/\/www.ufi.eu\/wp-content\/uploads\/2025\/03\/eu.jpg\" \/>\n\t<meta property=\"og:image:width\" content=\"800\" \/>\n\t<meta property=\"og:image:height\" content=\"800\" \/>\n\t<meta property=\"og:image:type\" content=\"image\/jpeg\" \/>\n<meta name=\"twitter:card\" content=\"summary_large_image\" \/>\n<meta name=\"twitter:label1\" content=\"Pris\" \/>\n\t<meta name=\"twitter:data1\" content=\"&euro;415.00\" \/>\n\t<meta name=\"twitter:label2\" content=\"Tilgjengelighet\" \/>\n\t<meta name=\"twitter:data2\" content=\"P\u00e5 lager\" \/>\n<script type=\"application\/ld+json\" class=\"yoast-schema-graph\">{\"@context\":\"https:\/\/schema.org\",\"@graph\":[{\"@type\":\"WebPage\",\"@id\":\"https:\/\/www.ufi.eu\/no\/product\/alle-eos-land-for-pcn-registrering-bundle\/\",\"url\":\"https:\/\/www.ufi.eu\/no\/product\/alle-eos-land-for-pcn-registrering-bundle\/\",\"name\":\"Alle E\u00d8S-land for PCN-registrering Bundle - UFI\",\"isPartOf\":{\"@id\":\"https:\/\/www.ufi.eu\/no\/#website\"},\"primaryImageOfPage\":{\"@id\":\"https:\/\/www.ufi.eu\/no\/product\/alle-eos-land-for-pcn-registrering-bundle\/#primaryimage\"},\"image\":{\"@id\":\"https:\/\/www.ufi.eu\/no\/product\/alle-eos-land-for-pcn-registrering-bundle\/#primaryimage\"},\"thumbnailUrl\":\"https:\/\/www.ufi.eu\/wp-content\/uploads\/2025\/03\/eu.jpg\",\"datePublished\":\"2025-09-24T14:37:13+00:00\",\"dateModified\":\"2025-09-24T14:37:16+00:00\",\"description\":\"Dette produktet er en pakke for alle E\u00d8S-land. Disse 30 tokens kan brukes i forbindelse med alle PCN-registreringer du gj\u00f8r hos oss. N\u00e5r du har kj\u00f8pt dem, blir landene lagt til p\u00e5 PCN-landlisten din og kan brukes n\u00e5r du fyller ut PCN-inntaksskjemaet for produktet ditt.\",\"breadcrumb\":{\"@id\":\"https:\/\/www.ufi.eu\/no\/product\/alle-eos-land-for-pcn-registrering-bundle\/#breadcrumb\"},\"inLanguage\":\"nb-NO\",\"potentialAction\":[{\"@type\":\"ReadAction\",\"target\":[\"https:\/\/www.ufi.eu\/no\/product\/alle-eos-land-for-pcn-registrering-bundle\/\"]}]},{\"@type\":\"ImageObject\",\"inLanguage\":\"nb-NO\",\"@id\":\"https:\/\/www.ufi.eu\/no\/product\/alle-eos-land-for-pcn-registrering-bundle\/#primaryimage\",\"url\":\"https:\/\/www.ufi.eu\/wp-content\/uploads\/2025\/03\/eu.jpg\",\"contentUrl\":\"https:\/\/www.ufi.eu\/wp-content\/uploads\/2025\/03\/eu.jpg\",\"width\":800,\"height\":800},{\"@type\":\"BreadcrumbList\",\"@id\":\"https:\/\/www.ufi.eu\/no\/product\/alle-eos-land-for-pcn-registrering-bundle\/#breadcrumb\",\"itemListElement\":[{\"@type\":\"ListItem\",\"position\":1,\"name\":\"Home\",\"item\":\"https:\/\/www.ufi.eu\/no\/hjem\/\"},{\"@type\":\"ListItem\",\"position\":2,\"name\":\"Butikk\",\"item\":\"https:\/\/www.ufi.eu\/no\/butikk\/\"},{\"@type\":\"ListItem\",\"position\":3,\"name\":\"Alle E\u00d8S-land for PCN-registrering Bundle\"}]},{\"@type\":\"WebSite\",\"@id\":\"https:\/\/www.ufi.eu\/no\/#website\",\"url\":\"https:\/\/www.ufi.eu\/no\/\",\"name\":\"UFI.EU\",\"description\":\"Poison Centre Notifications (PCN) and UFI\",\"publisher\":{\"@id\":\"https:\/\/www.ufi.eu\/no\/#organization\"},\"potentialAction\":[{\"@type\":\"SearchAction\",\"target\":{\"@type\":\"EntryPoint\",\"urlTemplate\":\"https:\/\/www.ufi.eu\/no\/?s={search_term_string}\"},\"query-input\":{\"@type\":\"PropertyValueSpecification\",\"valueRequired\":true,\"valueName\":\"search_term_string\"}}],\"inLanguage\":\"nb-NO\"},{\"@type\":\"Organization\",\"@id\":\"https:\/\/www.ufi.eu\/no\/#organization\",\"name\":\"UFI.EU\",\"url\":\"https:\/\/www.ufi.eu\/no\/\",\"logo\":{\"@type\":\"ImageObject\",\"inLanguage\":\"nb-NO\",\"@id\":\"https:\/\/www.ufi.eu\/no\/#\/schema\/logo\/image\/\",\"url\":\"https:\/\/www.ufi.eu\/wp-content\/uploads\/2025\/03\/cropped-logo_ufi3.jpg\",\"contentUrl\":\"https:\/\/www.ufi.eu\/wp-content\/uploads\/2025\/03\/cropped-logo_ufi3.jpg\",\"width\":231,\"height\":78,\"caption\":\"UFI.EU\"},\"image\":{\"@id\":\"https:\/\/www.ufi.eu\/no\/#\/schema\/logo\/image\/\"},\"description\":\"UFI.eu specializes in digital registrations for Poison Centre Notifications (PCN), ensuring your chemical products meet EU regulatory requirements effortlessly. Our streamlined solutions help businesses stay compliant while reducing complexity and administrative burden.\",\"email\":\"info@ufi.eu\",\"legalName\":\"UFI.EU\"}]}<\/script>\n<meta property=\"product:price:amount\" content=\"415.00\" \/>\n<meta property=\"product:price:currency\" content=\"EUR\" \/>\n<meta property=\"og:availability\" content=\"instock\" \/>\n<meta property=\"product:availability\" content=\"instock\" \/>\n<meta property=\"product:condition\" content=\"new\" \/>\n<!-- \/ Yoast SEO Premium plugin. -->","yoast_head_json":{"title":"Alle E\u00d8S-land for PCN-registrering Bundle - UFI","description":"Dette produktet er en pakke for alle E\u00d8S-land. Disse 30 tokens kan brukes i forbindelse med alle PCN-registreringer du gj\u00f8r hos oss. N\u00e5r du har kj\u00f8pt dem, blir landene lagt til p\u00e5 PCN-landlisten din og kan brukes n\u00e5r du fyller ut PCN-inntaksskjemaet for produktet ditt.","robots":{"index":"index","follow":"follow","max-snippet":"max-snippet:-1","max-image-preview":"max-image-preview:large","max-video-preview":"max-video-preview:-1"},"canonical":"https:\/\/www.ufi.eu\/no\/product\/alle-eos-land-for-pcn-registrering-bundle\/","og_locale":"nb_NO","og_type":"article","og_title":"Alle E\u00d8S-land for PCN-registrering Bundle","og_description":"Dette produktet er en pakke for alle E\u00d8S-land. Disse 30 tokens kan brukes i forbindelse med alle PCN-registreringer du gj\u00f8r hos oss. N\u00e5r du har kj\u00f8pt dem, blir landene lagt til p\u00e5 PCN-landlisten din og kan brukes n\u00e5r du fyller ut PCN-inntaksskjemaet for produktet ditt.","og_url":"https:\/\/www.ufi.eu\/no\/product\/alle-eos-land-for-pcn-registrering-bundle\/","og_site_name":"UFI","article_modified_time":"2025-09-24T14:37:16+00:00","og_image":[{"width":800,"height":800,"url":"https:\/\/www.ufi.eu\/wp-content\/uploads\/2025\/03\/eu.jpg","type":"image\/jpeg"}],"twitter_card":"summary_large_image","twitter_misc":{"Pris":"&euro;415.00","Tilgjengelighet":"P\u00e5 lager"},"schema":{"@context":"https:\/\/schema.org","@graph":[{"@type":"WebPage","@id":"https:\/\/www.ufi.eu\/no\/product\/alle-eos-land-for-pcn-registrering-bundle\/","url":"https:\/\/www.ufi.eu\/no\/product\/alle-eos-land-for-pcn-registrering-bundle\/","name":"Alle E\u00d8S-land for PCN-registrering Bundle - UFI","isPartOf":{"@id":"https:\/\/www.ufi.eu\/no\/#website"},"primaryImageOfPage":{"@id":"https:\/\/www.ufi.eu\/no\/product\/alle-eos-land-for-pcn-registrering-bundle\/#primaryimage"},"image":{"@id":"https:\/\/www.ufi.eu\/no\/product\/alle-eos-land-for-pcn-registrering-bundle\/#primaryimage"},"thumbnailUrl":"https:\/\/www.ufi.eu\/wp-content\/uploads\/2025\/03\/eu.jpg","datePublished":"2025-09-24T14:37:13+00:00","dateModified":"2025-09-24T14:37:16+00:00","description":"Dette produktet er en pakke for alle E\u00d8S-land. Disse 30 tokens kan brukes i forbindelse med alle PCN-registreringer du gj\u00f8r hos oss. N\u00e5r du har kj\u00f8pt dem, blir landene lagt til p\u00e5 PCN-landlisten din og kan brukes n\u00e5r du fyller ut PCN-inntaksskjemaet for produktet ditt.","breadcrumb":{"@id":"https:\/\/www.ufi.eu\/no\/product\/alle-eos-land-for-pcn-registrering-bundle\/#breadcrumb"},"inLanguage":"nb-NO","potentialAction":[{"@type":"ReadAction","target":["https:\/\/www.ufi.eu\/no\/product\/alle-eos-land-for-pcn-registrering-bundle\/"]}]},{"@type":"ImageObject","inLanguage":"nb-NO","@id":"https:\/\/www.ufi.eu\/no\/product\/alle-eos-land-for-pcn-registrering-bundle\/#primaryimage","url":"https:\/\/www.ufi.eu\/wp-content\/uploads\/2025\/03\/eu.jpg","contentUrl":"https:\/\/www.ufi.eu\/wp-content\/uploads\/2025\/03\/eu.jpg","width":800,"height":800},{"@type":"BreadcrumbList","@id":"https:\/\/www.ufi.eu\/no\/product\/alle-eos-land-for-pcn-registrering-bundle\/#breadcrumb","itemListElement":[{"@type":"ListItem","position":1,"name":"Home","item":"https:\/\/www.ufi.eu\/no\/hjem\/"},{"@type":"ListItem","position":2,"name":"Butikk","item":"https:\/\/www.ufi.eu\/no\/butikk\/"},{"@type":"ListItem","position":3,"name":"Alle E\u00d8S-land for PCN-registrering Bundle"}]},{"@type":"WebSite","@id":"https:\/\/www.ufi.eu\/no\/#website","url":"https:\/\/www.ufi.eu\/no\/","name":"UFI.EU","description":"Poison Centre Notifications (PCN) and UFI","publisher":{"@id":"https:\/\/www.ufi.eu\/no\/#organization"},"potentialAction":[{"@type":"SearchAction","target":{"@type":"EntryPoint","urlTemplate":"https:\/\/www.ufi.eu\/no\/?s={search_term_string}"},"query-input":{"@type":"PropertyValueSpecification","valueRequired":true,"valueName":"search_term_string"}}],"inLanguage":"nb-NO"},{"@type":"Organization","@id":"https:\/\/www.ufi.eu\/no\/#organization","name":"UFI.EU","url":"https:\/\/www.ufi.eu\/no\/","logo":{"@type":"ImageObject","inLanguage":"nb-NO","@id":"https:\/\/www.ufi.eu\/no\/#\/schema\/logo\/image\/","url":"https:\/\/www.ufi.eu\/wp-content\/uploads\/2025\/03\/cropped-logo_ufi3.jpg","contentUrl":"https:\/\/www.ufi.eu\/wp-content\/uploads\/2025\/03\/cropped-logo_ufi3.jpg","width":231,"height":78,"caption":"UFI.EU"},"image":{"@id":"https:\/\/www.ufi.eu\/no\/#\/schema\/logo\/image\/"},"description":"UFI.eu specializes in digital registrations for Poison Centre Notifications (PCN), ensuring your chemical products meet EU regulatory requirements effortlessly. Our streamlined solutions help businesses stay compliant while reducing complexity and administrative burden.","email":"info@ufi.eu","legalName":"UFI.EU"}]},"product_price_amount":"415.00","product_price_currency":"EUR","og_availability":"instock","product_availability":"instock","product_condition":"new"},"_links":{"self":[{"href":"https:\/\/www.ufi.eu\/no\/wp-json\/wp\/v2\/product\/31705","targetHints":{"allow":["GET"]}}],"collection":[{"href":"https:\/\/www.ufi.eu\/no\/wp-json\/wp\/v2\/product"}],"about":[{"href":"https:\/\/www.ufi.eu\/no\/wp-json\/wp\/v2\/types\/product"}],"wp:featuredmedia":[{"embeddable":true,"href":"https:\/\/www.ufi.eu\/no\/wp-json\/wp\/v2\/media\/12594"}],"wp:attachment":[{"href":"https:\/\/www.ufi.eu\/no\/wp-json\/wp\/v2\/media?parent=31705"}],"wp:term":[{"taxonomy":"product_brand","embeddable":true,"href":"https:\/\/www.ufi.eu\/no\/wp-json\/wp\/v2\/product_brand?post=31705"},{"taxonomy":"product_cat","embeddable":true,"href":"https:\/\/www.ufi.eu\/no\/wp-json\/wp\/v2\/product_cat?post=31705"},{"taxonomy":"product_tag","embeddable":true,"href":"https:\/\/www.ufi.eu\/no\/wp-json\/wp\/v2\/product_tag?post=31705"}],"curies":[{"name":"wp","href":"https:\/\/api.w.org\/{rel}","templated":true}]}}