{"id":19647,"date":"2025-03-20T08:26:48","date_gmt":"2025-04-17T08:58:48","guid":{"rendered":"https:\/\/www.ufi.eu\/pcn\/ukategorisert\/pcn-og-ufi-for-kjemiske-mellomprodukter\/"},"modified":"2025-04-17T08:58:48","modified_gmt":"2025-04-17T08:58:48","slug":"pcn-og-ufi-for-kjemiske-mellomprodukter","status":"publish","type":"product","link":"https:\/\/www.ufi.eu\/no\/product\/pcn-og-ufi-for-kjemiske-mellomprodukter\/","title":{"rendered":"PCN og UFI for kjemiske mellomprodukter"},"content":{"rendered":"<h2>Hvordan fungerer tjenesten for opprettelse av UFI og PCN-varsling?<\/h2>\n<p>N\u00e5r du har kj\u00f8pt denne tjenesten, f\u00e5r du tilgang til den sikre portalen. Denne portalen inneholder en oversikt over alle trinnene.  Du fyller inn produktopplysningene dine, s\u00e5 setter vi i gang.<\/p>\n<h3>Varsling til giftinformasjonssenter og UFI<\/h3>\n<p>Vi vil s\u00f8rge for..:<\/p>\n<ul>\n<li>Produktets unike formelidentifikator (UFI)<\/li>\n<li>En rapport fra Giftinformasjonssentralen (PCN)<\/li>\n<li>Registrering av produktet ditt hos de relevante nasjonale giftinformasjonssentrene via ECHA.<\/li>\n<\/ul>\n<h3>Land for PCN-registrering<\/h3>\n<p>Du kan telle antall land du \u00f8nsker \u00e5 registrere produktet ditt i. Dette er antallet land du trenger \u00e5 kj\u00f8pe.  Du vil kunne velge de spesifikke landene i portalen. Hvis du planlegger \u00e5 utvide salget av produktene dine til nye land p\u00e5 et senere tidspunkt, kan du alltid bestille flere <a href=\"https:\/\/www.ufi.eu\/no\/pcn\/land\/land-for-pcn-registrering\/\" target=\"_blank\" title=\"PCN-landregistreringer\">PCN-landsregistreringer<\/a>.<br \/>EU har 27 land og E\u00d8S har 30 (EU+Lichtenstein, Norge og Island). I portalen kan du velge disse landene: <\/p>\n<table cellpadding=\"2\" cellspacing=\"0\" border=\"1\">\n<tbody>\n<tr>\n<td>Belgia<\/td>\n<td>(BE)<\/td>\n<td>Spania<\/td>\n<td>(ES)<\/td>\n<td>Ungarn<\/td>\n<td>(HU)<\/td>\n<td>Slovakia<\/td>\n<td>(SK)<\/td>\n<\/tr>\n<tr>\n<td>Bulgaria<\/td>\n<td>(BG)<\/td>\n<td>Frankrike<\/td>\n<td>(FR)<\/td>\n<td>Malta<\/td>\n<td>(MT)<\/td>\n<td>Finland<\/td>\n<td>(FI)<\/td>\n<\/tr>\n<tr>\n<td>Tsjekkia<\/td>\n<td>(CZ)<\/td>\n<td>Kroatia<\/td>\n<td>(HR)<\/td>\n<td>Nederland<\/td>\n<td>(NL)<\/td>\n<td>Sverige<\/td>\n<td>(SE)<\/td>\n<\/tr>\n<tr>\n<td>Danmark<\/td>\n<td>(DK)<\/td>\n<td>Italia<\/td>\n<td>(IT)<\/td>\n<td>\u00d8sterrike<\/td>\n<td>(AT)<\/td>\n<td>Tyskland<\/td>\n<td>(DE)<\/td>\n<\/tr>\n<tr>\n<td>Kypros<\/td>\n<td>(CY)<\/td>\n<td>Polen<\/td>\n<td>(PL)<\/td>\n<td>Island<\/td>\n<td>(IS)<\/td>\n<td>Estland<\/td>\n<td>(EE)<\/td>\n<\/tr>\n<tr>\n<td>Latvia<\/td>\n<td>(LV)<\/td>\n<td>Portugal<\/td>\n<td>(PT)<\/td>\n<td>Liechtenstein<\/td>\n<td>(LI)<\/td>\n<td>Irland<\/td>\n<td>(IE)<\/td>\n<\/tr>\n<tr>\n<td>Litauen<\/td>\n<td>(LT)<\/td>\n<td>Romania<\/td>\n<td>(RO)<\/td>\n<td>Norge<\/td>\n<td>(NO)<\/td>\n<td>Hellas<\/td>\n<td>(EL)<\/td>\n<\/tr>\n<tr>\n<td>Luxembourg<\/td>\n<td>(LU)<\/td>\n<td>Slovenia<\/td>\n<td>(SI)<\/td>\n<td>Sveits*<\/td>\n<td>(CH)<\/td>\n<td><\/td>\n<td><\/td>\n<\/tr>\n<\/tbody>\n<\/table>\n<p>*For Sveits kan vi opprette PCN-dokumentasjonen med all n\u00f8dvendig informasjon for \u00e5 sende inn en s\u00f8knad i den sveitsiske portalen. Kontakt oss for mer informasjon. <\/p>\n<h3>Informasjon om CLP-merking<\/h3>\n<p>Vi tilbyr muligheten til \u00e5 kj\u00f8pe en CLP-kompatibel produktetikett som inneholder all obligatorisk informasjon som kreves i henhold til EUs CLP-forordning. Denne vil bli levert som PDF-fil.  Dette er ikke et design, men en oppsummering av den n\u00f8dvendige informasjonen. Slik kan du integrere den n\u00f8dvendige informasjonen i designen av produktetikettene dine.  Du kan ogs\u00e5 bestille <a href=\"https:\/\/www.ufi.eu\/no\/pcn\/clp-merking\/opprettelse-av-clp-merking-og-kontroll-av-samsvar\/\" target=\"_blank\" title=\"CLP-merkingCreation\">CLP-etikettopprettingen<\/a> separat. Har du allerede en etikett? &#8211; Vi kan utf\u00f8re en <a href=\"https:\/\/www.ufi.eu\/no\/pcn\/clp-merking\/opprettelse-av-clp-merking-og-kontroll-av-samsvar\/\" target=\"_blank\" title=\"Kontroll av samsvar med CLP-merking\">kontroll<\/a> av etiketten din i henhold til gjeldende CLP-krav. Vi gir deg detaljerte tilbakemeldinger og korrigeringer for \u00e5 sikre at etiketten din oppfyller alle regulatoriske standarder.   <\/p>\n<h2>Varsling til Giftinformasjonen for mellomprodukter<\/h2>\n<p>Mellomprodukter er stoffer som produseres og forbrukes i den kjemiske industrien for videre omdanning til andre stoffer. Disse stoffene spiller en viktig rolle i industrielle kjemiske prosesser, men kan utgj\u00f8re en helse- eller milj\u00f8risiko hvis de brukes eller eksponeres p\u00e5 feil m\u00e5te. Det kreves en Giftinformasjonssentral (PCN) for mellomprodukter som er farlige i henhold til CLP-forordningen (Classification, Labelling, and Packaging), for \u00e5 sikre at giftinformasjonssentraler har de n\u00f8dvendige opplysningene for \u00e5 kunne iverksette riktige beredskaps- og sikkerhetstiltak.  <\/p>\n<h3>Hva er en UFI?<\/h3>\n<p>Den unike formelidentifikatoren (UFI) er en alfanumerisk kode p\u00e5 16 tegn som knytter den kjemiske sammensetningen av et mellomprodukt til Giftinformasjonen. UFI-koden m\u00e5 st\u00e5 p\u00e5 produktetiketten for \u00e5 gj\u00f8re det enkelt \u00e5 identifisere produktet i en n\u00f8dsituasjon eller ved utilsiktet eksponering. <\/p>\n<h3>Hva er en PCN?<\/h3>\n<p>En giftmelding (PCN) er en melding som sendes inn for \u00e5 gi detaljert produktinformasjon, som kjemisk sammensetning, fareklassifisering, tiltenkt bruk og sikkerhetsregler, til giftinformasjonssentraler i EU. Dette gj\u00f8r det mulig for giftinformasjonssentrene \u00e5 reagere p\u00e5 riktig m\u00e5te i n\u00f8dsituasjoner som involverer mellomprodukter, og sikrer at helsepersonell kan gi riktig medisinsk behandling og r\u00e5d n\u00e5r det er n\u00f8dvendig. <\/p>\n<h3>Hva er CLP?<\/h3>\n<p>CLP-forordningen (Classification, Labelling, and Packaging) sikrer at farlige kjemikalier, inkludert mellomprodukter, klassifiseres, merkes og emballeres p\u00e5 riktig m\u00e5te. CLP-forordningen krever ogs\u00e5 at produktene er merket med faresymboler, forsiktighetsregler og UFI for \u00e5 forbedre sikkerheten og s\u00f8rge for riktig farekommunikasjon for mellomprodukter. <\/p>\n<h3>Hva er Giftinformasjonen?<\/h3>\n<p>Giftinformasjonssentrene er et nettverk av nasjonale organisasjoner som h\u00e5ndterer tilfeller av kjemisk eksponering og forgiftning i hele Europa. Disse sentrene er avhengige av n\u00f8yaktige data fra Giftinformasjonssentralene (PCN) for \u00e5 kunne gi rettidige og effektive r\u00e5d i n\u00f8dsituasjoner som involverer farlige produkter, inkludert mellomprodukter. <\/p>\n<h3>Hvorfor er dette n\u00f8dvendig?<\/h3>\n<p>Intermediater kan v\u00e6re sv\u00e6rt reaktive eller giftige og kan utgj\u00f8re en betydelig risiko for menneskers helse eller milj\u00f8et. Et PCN sikrer at giftinformasjonssentraler har umiddelbar tilgang til kritisk sikkerhetsinformasjon, slik at de kan reagere raskt og effektivt i tilfelle eksponering eller ulykker som involverer mellomprodukter. <\/p>\n<h3>Siden n\u00e5r er dette lovp\u00e5lagt?<\/h3>\n<p>Plikten til \u00e5 sende inn et PCN for farlige blandinger, inkludert mellomprodukter, ble etablert i henhold til vedlegg VIII i CLP-forordningen, og det ble obligatorisk fra 1. januar 2021.<\/p>\n<h2>VANLIGE SP\u00d8RSM\u00c5L<\/h2>\n<h3>Sp\u00f8rsm\u00e5l: Krever alle mellomprodukter en PCN?<\/h3>\n<p>Svar: Nei: Nei, det er bare mellomprodukter som er klassifisert som farlige i henhold til CLP-forordningen som krever innsending av PCN.<\/p>\n<h3>Sp\u00f8rsm\u00e5l: Hvilken informasjon kreves for \u00e5 sende inn en PCN for mellomprodukter?<\/h3>\n<p>Svar: PCN-innleveringen for mellomprodukter m\u00e5 inneholde detaljer som kjemisk sammensetning, fareklassifisering, tiltenkt bruk, emballasjeinformasjon og den unike formelidentifikatoren (UFI).<\/p>\n<h3>Sp\u00f8rsm\u00e5l: Hvor skal UFI-en vises p\u00e5 mellomprodukter?<\/h3>\n<p>Svar: UFI: UFI-en m\u00e5 trykkes p\u00e5 produktetiketten, vanligvis i n\u00e6rheten av fare- og sikkerhetssetningene, for \u00e5 sikre at den er lett tilgjengelig i n\u00f8dstilfeller.<\/p>\n<h3>Sp\u00f8rsm\u00e5l: Hvem er ansvarlig for \u00e5 sende inn PCN? Hvem er ansvarlig for \u00e5 sende inn PCN for mellomprodukter?<\/h3>\n<p>Svar p\u00e5 sp\u00f8rsm\u00e5let Produsenten, import\u00f8ren eller nedstr\u00f8msbrukeren som plasserer mellomproduktet p\u00e5 EU-markedet, er ansvarlig for \u00e5 sende inn PCN.<\/p>\n<h3>Sp\u00f8rsm\u00e5l: Hva er konsekvensene av \u00e5 ikke sende inn en PCN?<\/h3>\n<p>Svar p\u00e5 sp\u00f8rsm\u00e5let: Manglende innsending av PCN for farlige mellomprodukter kan f\u00f8re til juridiske konsekvenser, for eksempel b\u00f8ter, tilbakekalling av produkter eller restriksjoner p\u00e5 salg av produktet i EU.<\/p>\n<h3>Sp\u00f8rsm\u00e5l: Regnes alle kjemikalier som brukes i kjemisk prosessering som mellomprodukter?<\/h3>\n<p>Svar: Nei: Nei, bare stoffer som produseres for og forbrukes i kjemisk prosessering for \u00e5 omdannes til et annet stoff, kvalifiserer som mellomprodukter i henhold til REACH artikkel 3(15).<\/p>\n<h3>Sp\u00f8rsm\u00e5l: Hvor lang tid tar det? Hvor lang tid tar det \u00e5 sende inn UFI- og PCN-melding?<\/h3>\n<p>Det tar oss noen f\u00e5 dagers arbeid. S\u00e5 snart du har lastet opp dokumentasjonen, setter vi i gang med en gang. <\/p>\n<h3>Sp\u00f8rsm\u00e5l: Er jeg eier av PCN-varselet? Er jeg eier av PCN-varselet?<\/h3>\n<p>Ja, du er eier av PCN-varselet. Du beholder det fulle eierskapet til dataene du har oppgitt.  PCN-varselet vil v\u00e6re tilgjengelig p\u00e5 din ECHA-konto.<\/p>\n<h3>Sp\u00f8rsm\u00e5l: Gjelder denne tjenesten for ett eller flere produkter?<\/h3>\n<p>Tjenesten gjelder for ett produkt.<\/p>\n<h3>Sp\u00f8rsm\u00e5l: Hvorfor m\u00e5 jeg betale for \u00e5 opprette en UFI?<\/h3>\n<p>Tjenesten vi tilbyr handler ikke bare om \u00e5 levere en UFI. UFI-en er en komponent i en mye mer omfattende prosess.  Kjernetjenesten vi tilbyr, er utarbeidelse og innsending av Giftinformasjonssentralens melding (PCN) til nasjonale utnevnte organer via ECHA-portalen, som er et obligatorisk krav i henhold til EUs CLP-forordning for markedsf\u00f8ring av farlige stoffblandinger. Den enkleste delen er \u00e5 generere en UFI. PCN-rapporten er imidlertid kompleks. Den krever en detaljert gjennomgang av ingrediensene &#8211; kjemiske klassifiseringer &#8211; som er n\u00f8yaktig formatert for innsending til Giftinformasjonen via ECHA.   <\/p>\n<h3>Sp\u00f8rsm\u00e5l: Hvordan kan jeg sende inn en PCN? Hvordan kan jeg sende inn en PCN-melding hvis selskapet mitt ikke er basert i EU?<\/h3>\n<p>Vi tilbyr en l\u00f8sning for selskaper som ikke er basert i EU. Du finner mer informasjon p\u00e5 siden <a href=\"https:\/\/www.ufi.eu\/no\/pcn\/utenfor-eu\/pcn-og-ufi-for-selskaper-utenfor-eu\/\" target=\"_blank\" rel=\"noopener\">PCN og UFI for selskaper utenfor EU.<\/a>  <\/p>\n<h3>Sp\u00f8rsm\u00e5l: Kan dere levere sikkerhetsdatablad som er i full overensstemmelse med EU-forordningene (REACH og CLP)?<\/h3>\n<p>Ja, vi kan <a href=\"https:\/\/www.ufi.eu\/no\/pcn\/sikkerhetsdatablad\/tjeneste-for-opprettelse-av-sikkerhetsdatablad-msds-sds\/\" target=\"_blank\"><strong>lage sikkerhetsdatablad (SDS)<\/strong><\/a>&#8211; ogs\u00e5 kjent som <strong>sikkerhetsdatablad (MSDS)<\/strong>&#8211; skreddersydd for produktet ditt og i samsvar med de nyeste EU-forordningene. Enten du produserer kjemiske blandinger, importerer produkter til EU eller distribuerer dem under eget varemerke, er det lovp\u00e5lagt \u00e5 ha et sikkerhetsdatablad som er i samsvar med regelverket, og det er avgj\u00f8rende for sikker bruk i hele forsyningskjeden. Du finner mer informasjon p\u00e5 siden om <a href=\"https:\/\/www.ufi.eu\/no\/pcn\/sikkerhetsdatablad\/tjeneste-for-opprettelse-av-sikkerhetsdatablad-msds-sds\/\" target=\"_blank\">tjenesten for utarbeidelse av sikkerhetsdatablad (MSDS\/SDS).<\/a>   <\/p>\n","protected":false},"excerpt":{"rendered":"<p>Hvordan fungerer tjenesten for opprettelse av UFI og PCN-varsling? N\u00e5r du har kj\u00f8pt denne tjenesten, f\u00e5r du tilgang til den sikre portalen. Denne portalen inneholder en oversikt over alle trinnene. Du fyller inn produktopplysningene dine, s\u00e5 setter vi i gang. Varsling til giftinformasjonssenter og UFI Vi vil s\u00f8rge for..: Produktets unike formelidentifikator (UFI) En rapport [&hellip;]<\/p>\n","protected":false},"featured_media":19648,"template":"","meta":[],"product_brand":[],"product_cat":[344],"product_tag":[],"class_list":{"0":"post-19647","1":"product","2":"type-product","3":"status-publish","4":"has-post-thumbnail","6":"product_cat-produkter-for-kjemiske-eller-tekniske-prosesser","8":"first","9":"instock","10":"virtual","11":"taxable","12":"purchasable","13":"product-type-bundle"},"bundled_by":[],"bundle_stock_status":"instock","bundle_stock_quantity":"","bundle_virtual":false,"bundle_layout":"default","bundle_add_to_cart_form_location":"default","bundle_editable_in_cart":false,"bundle_sold_individually_context":"product","bundle_item_grouping":"parent","bundle_min_size":"","bundle_max_size":"","bundle_price":{"price":{"min":{"incl_tax":"121","excl_tax":"100"},"max":{"incl_tax":"","excl_tax":""}},"regular_price":{"min":{"incl_tax":"121","excl_tax":"100"},"max":{"incl_tax":"","excl_tax":""}}},"bundled_items":[{"bundled_item_id":8378,"product_id":12563,"menu_order":0,"quantity_min":1,"quantity_max":1,"quantity_default":1,"priced_individually":true,"shipped_individually":false,"override_title":false,"title":null,"override_description":false,"description":null,"optional":false,"hide_thumbnail":false,"discount":"","override_variations":false,"allowed_variations":[""],"override_default_variation_attributes":false,"default_variation_attributes":[],"single_product_visibility":"visible","cart_visibility":"visible","order_visibility":"visible","single_product_price_visibility":"visible","cart_price_visibility":"visible","order_price_visibility":"visible","stock_status":"in_stock"},{"bundled_item_id":8379,"product_id":12593,"menu_order":1,"quantity_min":1,"quantity_max":"","quantity_default":1,"priced_individually":true,"shipped_individually":false,"override_title":false,"title":null,"override_description":false,"description":null,"optional":false,"hide_thumbnail":false,"discount":"","override_variations":false,"allowed_variations":[""],"override_default_variation_attributes":false,"default_variation_attributes":[],"single_product_visibility":"visible","cart_visibility":"visible","order_visibility":"visible","single_product_price_visibility":"visible","cart_price_visibility":"visible","order_price_visibility":"visible","stock_status":"in_stock"}],"bundle_sell_ids":[],"yoast_head":"<!-- This site is optimized with the Yoast SEO Premium plugin v25.1 (Yoast SEO v25.1) - https:\/\/yoast.com\/wordpress\/plugins\/seo\/ -->\n<title>PCN og UFI for kjemiske mellomprodukter - UFI<\/title>\n<meta name=\"description\" content=\"F\u00e5 en PCN og UFI for stoffer som brukes i kjemisk prosessering (REACH, artikkel 3(15)). S\u00f8rg for at EUs Giftinformasjonssenter er i samsvar med v\u00e5re tjenester!\" \/>\n<meta name=\"robots\" content=\"index, follow, max-snippet:-1, max-image-preview:large, max-video-preview:-1\" \/>\n<link rel=\"canonical\" href=\"https:\/\/www.ufi.eu\/no\/product\/pcn-og-ufi-for-kjemiske-mellomprodukter\/\" \/>\n<meta property=\"og:locale\" content=\"nb_NO\" \/>\n<meta property=\"og:type\" content=\"article\" \/>\n<meta property=\"og:title\" content=\"PCN og UFI for kjemiske mellomprodukter\" \/>\n<meta property=\"og:description\" content=\"F\u00e5 en PCN og UFI for stoffer som brukes i kjemisk prosessering (REACH, artikkel 3(15)). S\u00f8rg for at EUs Giftinformasjonssenter er i samsvar med v\u00e5re tjenester!\" \/>\n<meta property=\"og:url\" content=\"https:\/\/www.ufi.eu\/no\/product\/pcn-og-ufi-for-kjemiske-mellomprodukter\/\" \/>\n<meta property=\"og:site_name\" content=\"UFI\" \/>\n<meta property=\"og:image\" content=\"https:\/\/www.ufi.eu\/wp-content\/uploads\/2025\/03\/PC-TEC-9.jpg\" \/>\n\t<meta property=\"og:image:width\" content=\"1024\" \/>\n\t<meta property=\"og:image:height\" content=\"1024\" \/>\n\t<meta property=\"og:image:type\" content=\"image\/jpeg\" \/>\n<meta name=\"twitter:card\" content=\"summary_large_image\" \/>\n<meta name=\"twitter:label1\" content=\"Pris\" \/>\n\t<meta name=\"twitter:data1\" content=\"&euro;0.00\" \/>\n\t<meta name=\"twitter:label2\" content=\"Tilgjengelighet\" \/>\n\t<meta name=\"twitter:data2\" content=\"P\u00e5 lager\" \/>\n<script type=\"application\/ld+json\" class=\"yoast-schema-graph\">{\"@context\":\"https:\/\/schema.org\",\"@graph\":[{\"@type\":\"WebPage\",\"@id\":\"https:\/\/www.ufi.eu\/no\/product\/pcn-og-ufi-for-kjemiske-mellomprodukter\/\",\"url\":\"https:\/\/www.ufi.eu\/no\/product\/pcn-og-ufi-for-kjemiske-mellomprodukter\/\",\"name\":\"PCN og UFI for kjemiske mellomprodukter - UFI\",\"isPartOf\":{\"@id\":\"https:\/\/www.ufi.eu\/no\/#website\"},\"primaryImageOfPage\":{\"@id\":\"https:\/\/www.ufi.eu\/no\/product\/pcn-og-ufi-for-kjemiske-mellomprodukter\/#primaryimage\"},\"image\":{\"@id\":\"https:\/\/www.ufi.eu\/no\/product\/pcn-og-ufi-for-kjemiske-mellomprodukter\/#primaryimage\"},\"thumbnailUrl\":\"https:\/\/www.ufi.eu\/wp-content\/uploads\/2025\/03\/PC-TEC-9.jpg\",\"datePublished\":\"2025-04-17T08:58:48+00:00\",\"description\":\"F\u00e5 en PCN og UFI for stoffer som brukes i kjemisk prosessering (REACH, artikkel 3(15)). S\u00f8rg for at EUs Giftinformasjonssenter er i samsvar med v\u00e5re tjenester!\",\"breadcrumb\":{\"@id\":\"https:\/\/www.ufi.eu\/no\/product\/pcn-og-ufi-for-kjemiske-mellomprodukter\/#breadcrumb\"},\"inLanguage\":\"nb-NO\",\"potentialAction\":[{\"@type\":\"ReadAction\",\"target\":[\"https:\/\/www.ufi.eu\/no\/product\/pcn-og-ufi-for-kjemiske-mellomprodukter\/\"]}]},{\"@type\":\"ImageObject\",\"inLanguage\":\"nb-NO\",\"@id\":\"https:\/\/www.ufi.eu\/no\/product\/pcn-og-ufi-for-kjemiske-mellomprodukter\/#primaryimage\",\"url\":\"https:\/\/www.ufi.eu\/wp-content\/uploads\/2025\/03\/PC-TEC-9.jpg\",\"contentUrl\":\"https:\/\/www.ufi.eu\/wp-content\/uploads\/2025\/03\/PC-TEC-9.jpg\",\"width\":1024,\"height\":1024},{\"@type\":\"BreadcrumbList\",\"@id\":\"https:\/\/www.ufi.eu\/no\/product\/pcn-og-ufi-for-kjemiske-mellomprodukter\/#breadcrumb\",\"itemListElement\":[{\"@type\":\"ListItem\",\"position\":1,\"name\":\"Home\",\"item\":\"https:\/\/www.ufi.eu\/no\/hjem\/\"},{\"@type\":\"ListItem\",\"position\":2,\"name\":\"Butikk\",\"item\":\"https:\/\/www.ufi.eu\/no\/butikk\/\"},{\"@type\":\"ListItem\",\"position\":3,\"name\":\"PCN og UFI for kjemiske mellomprodukter\"}]},{\"@type\":\"WebSite\",\"@id\":\"https:\/\/www.ufi.eu\/no\/#website\",\"url\":\"https:\/\/www.ufi.eu\/no\/\",\"name\":\"UFI.EU\",\"description\":\"Poison Centre Notifications (PCN) and UFI\",\"publisher\":{\"@id\":\"https:\/\/www.ufi.eu\/no\/#organization\"},\"potentialAction\":[{\"@type\":\"SearchAction\",\"target\":{\"@type\":\"EntryPoint\",\"urlTemplate\":\"https:\/\/www.ufi.eu\/no\/?s={search_term_string}\"},\"query-input\":{\"@type\":\"PropertyValueSpecification\",\"valueRequired\":true,\"valueName\":\"search_term_string\"}}],\"inLanguage\":\"nb-NO\"},{\"@type\":\"Organization\",\"@id\":\"https:\/\/www.ufi.eu\/no\/#organization\",\"name\":\"UFI.EU\",\"url\":\"https:\/\/www.ufi.eu\/no\/\",\"logo\":{\"@type\":\"ImageObject\",\"inLanguage\":\"nb-NO\",\"@id\":\"https:\/\/www.ufi.eu\/no\/#\/schema\/logo\/image\/\",\"url\":\"https:\/\/www.ufi.eu\/wp-content\/uploads\/2025\/03\/cropped-logo_ufi3.jpg\",\"contentUrl\":\"https:\/\/www.ufi.eu\/wp-content\/uploads\/2025\/03\/cropped-logo_ufi3.jpg\",\"width\":231,\"height\":78,\"caption\":\"UFI.EU\"},\"image\":{\"@id\":\"https:\/\/www.ufi.eu\/no\/#\/schema\/logo\/image\/\"},\"description\":\"UFI.eu specializes in digital registrations for Poison Centre Notifications (PCN), ensuring your chemical products meet EU regulatory requirements effortlessly. Our streamlined solutions help businesses stay compliant while reducing complexity and administrative burden.\",\"email\":\"info@ufi.eu\",\"legalName\":\"UFI.EU\"}]}<\/script>\n<meta property=\"product:price:amount\" content=\"0.00\" \/>\n<meta property=\"product:price:currency\" content=\"EUR\" \/>\n<meta property=\"og:availability\" content=\"instock\" \/>\n<meta property=\"product:availability\" content=\"instock\" \/>\n<meta property=\"product:retailer_item_id\" content=\"PC-TEC-9\" \/>\n<meta property=\"product:condition\" content=\"new\" \/>\n<!-- \/ Yoast SEO Premium plugin. -->","yoast_head_json":{"title":"PCN og UFI for kjemiske mellomprodukter - UFI","description":"F\u00e5 en PCN og UFI for stoffer som brukes i kjemisk prosessering (REACH, artikkel 3(15)). S\u00f8rg for at EUs Giftinformasjonssenter er i samsvar med v\u00e5re tjenester!","robots":{"index":"index","follow":"follow","max-snippet":"max-snippet:-1","max-image-preview":"max-image-preview:large","max-video-preview":"max-video-preview:-1"},"canonical":"https:\/\/www.ufi.eu\/no\/product\/pcn-og-ufi-for-kjemiske-mellomprodukter\/","og_locale":"nb_NO","og_type":"article","og_title":"PCN og UFI for kjemiske mellomprodukter","og_description":"F\u00e5 en PCN og UFI for stoffer som brukes i kjemisk prosessering (REACH, artikkel 3(15)). S\u00f8rg for at EUs Giftinformasjonssenter er i samsvar med v\u00e5re tjenester!","og_url":"https:\/\/www.ufi.eu\/no\/product\/pcn-og-ufi-for-kjemiske-mellomprodukter\/","og_site_name":"UFI","og_image":[{"width":1024,"height":1024,"url":"https:\/\/www.ufi.eu\/wp-content\/uploads\/2025\/03\/PC-TEC-9.jpg","type":"image\/jpeg"}],"twitter_card":"summary_large_image","twitter_misc":{"Pris":"&euro;0.00","Tilgjengelighet":"P\u00e5 lager"},"schema":{"@context":"https:\/\/schema.org","@graph":[{"@type":"WebPage","@id":"https:\/\/www.ufi.eu\/no\/product\/pcn-og-ufi-for-kjemiske-mellomprodukter\/","url":"https:\/\/www.ufi.eu\/no\/product\/pcn-og-ufi-for-kjemiske-mellomprodukter\/","name":"PCN og UFI for kjemiske mellomprodukter - UFI","isPartOf":{"@id":"https:\/\/www.ufi.eu\/no\/#website"},"primaryImageOfPage":{"@id":"https:\/\/www.ufi.eu\/no\/product\/pcn-og-ufi-for-kjemiske-mellomprodukter\/#primaryimage"},"image":{"@id":"https:\/\/www.ufi.eu\/no\/product\/pcn-og-ufi-for-kjemiske-mellomprodukter\/#primaryimage"},"thumbnailUrl":"https:\/\/www.ufi.eu\/wp-content\/uploads\/2025\/03\/PC-TEC-9.jpg","datePublished":"2025-04-17T08:58:48+00:00","description":"F\u00e5 en PCN og UFI for stoffer som brukes i kjemisk prosessering (REACH, artikkel 3(15)). S\u00f8rg for at EUs Giftinformasjonssenter er i samsvar med v\u00e5re tjenester!","breadcrumb":{"@id":"https:\/\/www.ufi.eu\/no\/product\/pcn-og-ufi-for-kjemiske-mellomprodukter\/#breadcrumb"},"inLanguage":"nb-NO","potentialAction":[{"@type":"ReadAction","target":["https:\/\/www.ufi.eu\/no\/product\/pcn-og-ufi-for-kjemiske-mellomprodukter\/"]}]},{"@type":"ImageObject","inLanguage":"nb-NO","@id":"https:\/\/www.ufi.eu\/no\/product\/pcn-og-ufi-for-kjemiske-mellomprodukter\/#primaryimage","url":"https:\/\/www.ufi.eu\/wp-content\/uploads\/2025\/03\/PC-TEC-9.jpg","contentUrl":"https:\/\/www.ufi.eu\/wp-content\/uploads\/2025\/03\/PC-TEC-9.jpg","width":1024,"height":1024},{"@type":"BreadcrumbList","@id":"https:\/\/www.ufi.eu\/no\/product\/pcn-og-ufi-for-kjemiske-mellomprodukter\/#breadcrumb","itemListElement":[{"@type":"ListItem","position":1,"name":"Home","item":"https:\/\/www.ufi.eu\/no\/hjem\/"},{"@type":"ListItem","position":2,"name":"Butikk","item":"https:\/\/www.ufi.eu\/no\/butikk\/"},{"@type":"ListItem","position":3,"name":"PCN og UFI for kjemiske mellomprodukter"}]},{"@type":"WebSite","@id":"https:\/\/www.ufi.eu\/no\/#website","url":"https:\/\/www.ufi.eu\/no\/","name":"UFI.EU","description":"Poison Centre Notifications (PCN) and UFI","publisher":{"@id":"https:\/\/www.ufi.eu\/no\/#organization"},"potentialAction":[{"@type":"SearchAction","target":{"@type":"EntryPoint","urlTemplate":"https:\/\/www.ufi.eu\/no\/?s={search_term_string}"},"query-input":{"@type":"PropertyValueSpecification","valueRequired":true,"valueName":"search_term_string"}}],"inLanguage":"nb-NO"},{"@type":"Organization","@id":"https:\/\/www.ufi.eu\/no\/#organization","name":"UFI.EU","url":"https:\/\/www.ufi.eu\/no\/","logo":{"@type":"ImageObject","inLanguage":"nb-NO","@id":"https:\/\/www.ufi.eu\/no\/#\/schema\/logo\/image\/","url":"https:\/\/www.ufi.eu\/wp-content\/uploads\/2025\/03\/cropped-logo_ufi3.jpg","contentUrl":"https:\/\/www.ufi.eu\/wp-content\/uploads\/2025\/03\/cropped-logo_ufi3.jpg","width":231,"height":78,"caption":"UFI.EU"},"image":{"@id":"https:\/\/www.ufi.eu\/no\/#\/schema\/logo\/image\/"},"description":"UFI.eu specializes in digital registrations for Poison Centre Notifications (PCN), ensuring your chemical products meet EU regulatory requirements effortlessly. Our streamlined solutions help businesses stay compliant while reducing complexity and administrative burden.","email":"info@ufi.eu","legalName":"UFI.EU"}]},"product_price_amount":"0.00","product_price_currency":"EUR","og_availability":"instock","product_availability":"instock","product_retailer_item_id":"PC-TEC-9","product_condition":"new"},"_links":{"self":[{"href":"https:\/\/www.ufi.eu\/no\/wp-json\/wp\/v2\/product\/19647","targetHints":{"allow":["GET"]}}],"collection":[{"href":"https:\/\/www.ufi.eu\/no\/wp-json\/wp\/v2\/product"}],"about":[{"href":"https:\/\/www.ufi.eu\/no\/wp-json\/wp\/v2\/types\/product"}],"wp:featuredmedia":[{"embeddable":true,"href":"https:\/\/www.ufi.eu\/no\/wp-json\/wp\/v2\/media\/19648"}],"wp:attachment":[{"href":"https:\/\/www.ufi.eu\/no\/wp-json\/wp\/v2\/media?parent=19647"}],"wp:term":[{"taxonomy":"product_brand","embeddable":true,"href":"https:\/\/www.ufi.eu\/no\/wp-json\/wp\/v2\/product_brand?post=19647"},{"taxonomy":"product_cat","embeddable":true,"href":"https:\/\/www.ufi.eu\/no\/wp-json\/wp\/v2\/product_cat?post=19647"},{"taxonomy":"product_tag","embeddable":true,"href":"https:\/\/www.ufi.eu\/no\/wp-json\/wp\/v2\/product_tag?post=19647"}],"curies":[{"name":"wp","href":"https:\/\/api.w.org\/{rel}","templated":true}]}}