{"id":12812,"date":"2025-04-15T20:37:14","date_gmt":"2025-04-15T20:37:14","guid":{"rendered":"https:\/\/www.ufi.eu\/pcn\/ukategorisert\/pcn-og-ufi-for-selskaper-utenfor-eu\/"},"modified":"2025-04-15T20:37:16","modified_gmt":"2025-04-15T20:37:16","slug":"pcn-og-ufi-for-selskaper-utenfor-eu","status":"publish","type":"product","link":"https:\/\/www.ufi.eu\/no\/product\/pcn-og-ufi-for-selskaper-utenfor-eu\/","title":{"rendered":"PCN og UFI for selskaper utenfor EU"},"content":{"rendered":"\n<p>\u00c5 ekspandere inn p\u00e5 EU-markedet byr p\u00e5 spennende muligheter &#8211; men det kommer ogs\u00e5 med strenge regulatoriske forpliktelser. Hvis bedriften din er basert utenfor EU\/E\u00d8S eller Nord-Irland, og du planlegger \u00e5 selge kjemiske blandinger som kosmetikk, rengj\u00f8ringsprodukter eller andre regulerte produkter i EU, m\u00e5 du oppfylle spesifikke krav i henhold til CLP-forordningen (EF nr. 1272\/2008), inkludert Giftinformasjonssentralen (PCN) og bruk av en unik formelidentifikator (UFI). <\/p>\n\n<p>Som ikke-EU-virksomhet har du ikke lov til \u00e5 sende inn et PCN direkte &#8211; men <strong>vi kan hjelpe<\/strong> deg. Vi tilbyr full st\u00f8tte med <strong>veiledning om regelverket og utarbeidelse av etiketter i samsvar med regelverket<\/strong>, slik at du kan navigere trygt gjennom EUs lover og komme inn p\u00e5 det europeiske markedet p\u00e5 en profesjonell og effektiv m\u00e5te. <\/p>\n\n<p>Hvis bedriften din er lokalisert utenfor EU\/E\u00d8S eller Nord-Irland, har du ikke lov til \u00e5 sende inn en Giftinformasjonssentral (PCN) direkte i henhold til vedlegg VIII i forordning (EF) nr. 1272\/2008 (CLP-forordningen).  <\/p>\n\n<h2 class=\"wp-block-heading\" id=\"h-non-eu-companies-must-appoint-an-eu-based-contact\">Bedrifter utenfor EU m\u00e5 utpeke en EU-basert kontaktperson<\/h2>\n\n<p>Merk: <strong>Bedrifter utenfor EU har ikke lov til \u00e5 sende inn en PCN selv.<\/strong><br\/>For \u00e5 overholde EU-lovgivningen m\u00e5 du oppnevne en:<\/p>\n\n<ul class=\"wp-block-list\">\n<li><strong>EU-import\u00f8r<\/strong>, eller<\/li>\n\n\n\n<li><strong>EU-basert &#8220;nedstr\u00f8msbruker&#8221; eller eneste representant<\/strong><\/li>\n<\/ul>\n\n<p>Denne utnevnte enheten vil v\u00e6re ansvarlig for PCN-innleveringen og m\u00e5 v\u00e6re oppf\u00f8rt i meldingen. Vi kan hjelpe deg med \u00e5 gj\u00f8re produktet ditt kompatibelt. <\/p>\n\n<h2 class=\"wp-block-heading\">Hvordan fungerer tjenesten for opprettelse av UFI og PCN-varsling?<\/h2>\n\n<p>N\u00e5r du har kj\u00f8pt denne tjenesten, f\u00e5r du tilgang til den sikre portalen. Denne portalen inneholder en oversikt over alle trinnene.  Du fyller inn produktopplysningene dine, s\u00e5 setter vi i gang.<\/p>\n\n<h3 class=\"wp-block-heading\">Varsling til giftinformasjonssenter og UFI<\/h3>\n\n<p>Vi vil s\u00f8rge for..:<\/p>\n\n<ul class=\"wp-block-list\">\n<li>Produktets unike formelidentifikator (UFI)<\/li>\n\n\n\n<li>En rapport fra Giftinformasjonssentralen (PCN)<\/li>\n\n\n\n<li>Registrering av produktet ditt hos de relevante nasjonale giftinformasjonssentrene via ECHA.<\/li>\n<\/ul>\n\n<h3 class=\"wp-block-heading\">Land for PCN-registrering<\/h3>\n\n<p>Tell opp antall land du \u00f8nsker \u00e5 registrere produktet ditt i. Du vil kunne velge de spesifikke landene i portalen. Du kan legge til flere land p\u00e5 et senere tidspunkt, og du kan alltid bestille flere <a href=\"https:\/\/www.ufi.eu\/no\/pcn\/land\/land-for-pcn-registrering\/\" target=\"_blank\" rel=\"noreferrer noopener\">PCN-landsregistreringer<\/a>.  <\/p>\n\n<h3 class=\"wp-block-heading\">Informasjon om CLP-merking<\/h3>\n\n<p>Vi tilbyr muligheten til \u00e5 kj\u00f8pe en CLP-kompatibel produktetikett som inneholder all obligatorisk informasjon som kreves i henhold til EUs CLP-forordning. Denne leveres som en PDF-fil, slik at du kan integrere den n\u00f8dvendige informasjonen i designen av produktetiketten. Du kan ogs\u00e5 bestille <a href=\"https:\/\/www.ufi.eu\/no\/pcn\/clp-merking\/opprettelse-av-clp-merking-og-kontroll-av-samsvar\/\" target=\"_blank\" rel=\"noreferrer noopener\">CLP-etikettinformasjonen<\/a> separat. Har du allerede en etikett? &#8211; Vi kan gjennomg\u00e5 etiketten din i samsvar med gjeldende CLP-krav. Vi gir deg detaljerte tilbakemeldinger og rettelser for \u00e5 sikre at etiketten din oppfyller alle forskriftsmessige standarder.     <\/p>\n","protected":false},"excerpt":{"rendered":"<p>\u00c5 ekspandere inn p\u00e5 EU-markedet byr p\u00e5 spennende muligheter &#8211; men det kommer ogs\u00e5 med strenge regulatoriske forpliktelser. Hvis bedriften din er basert utenfor EU\/E\u00d8S eller Nord-Irland, og du planlegger \u00e5 selge kjemiske blandinger som kosmetikk, rengj\u00f8ringsprodukter eller andre regulerte produkter i EU, m\u00e5 du oppfylle spesifikke krav i henhold til CLP-forordningen (EF nr. 1272\/2008), [&hellip;]<\/p>\n","protected":false},"featured_media":12483,"template":"","meta":[],"product_brand":[],"product_cat":[429],"product_tag":[],"class_list":{"0":"post-12812","1":"product","2":"type-product","3":"status-publish","4":"has-post-thumbnail","6":"product_cat-utenfor-eu","8":"first","9":"instock","10":"virtual","11":"taxable","12":"purchasable","13":"product-type-bundle"},"bundled_by":[],"bundle_stock_status":"instock","bundle_stock_quantity":"","bundle_virtual":false,"bundle_layout":"default","bundle_add_to_cart_form_location":"default","bundle_editable_in_cart":false,"bundle_sold_individually_context":"product","bundle_item_grouping":"parent","bundle_min_size":"","bundle_max_size":"","bundle_price":{"price":{"min":{"incl_tax":"78.65","excl_tax":"65"},"max":{"incl_tax":"","excl_tax":""}},"regular_price":{"min":{"incl_tax":"78.65","excl_tax":"65"},"max":{"incl_tax":"","excl_tax":""}}},"bundled_items":[{"bundled_item_id":1367,"product_id":12563,"menu_order":0,"quantity_min":1,"quantity_max":1,"quantity_default":1,"priced_individually":true,"shipped_individually":true,"override_title":false,"title":null,"override_description":false,"description":null,"optional":false,"hide_thumbnail":false,"discount":"","override_variations":false,"allowed_variations":[""],"override_default_variation_attributes":false,"default_variation_attributes":[],"single_product_visibility":"visible","cart_visibility":"visible","order_visibility":"visible","single_product_price_visibility":"visible","cart_price_visibility":"visible","order_price_visibility":"visible","stock_status":"in_stock"},{"bundled_item_id":1368,"product_id":12593,"menu_order":1,"quantity_min":0,"quantity_max":"","quantity_default":0,"priced_individually":true,"shipped_individually":true,"override_title":false,"title":null,"override_description":false,"description":null,"optional":false,"hide_thumbnail":false,"discount":"","override_variations":false,"allowed_variations":[""],"override_default_variation_attributes":false,"default_variation_attributes":[],"single_product_visibility":"visible","cart_visibility":"visible","order_visibility":"visible","single_product_price_visibility":"visible","cart_price_visibility":"visible","order_price_visibility":"visible","stock_status":"in_stock"},{"bundled_item_id":1369,"product_id":12761,"menu_order":2,"quantity_min":1,"quantity_max":1,"quantity_default":1,"priced_individually":true,"shipped_individually":true,"override_title":false,"title":null,"override_description":false,"description":null,"optional":true,"hide_thumbnail":false,"discount":"","override_variations":false,"allowed_variations":[""],"override_default_variation_attributes":false,"default_variation_attributes":[],"single_product_visibility":"visible","cart_visibility":"visible","order_visibility":"visible","single_product_price_visibility":"visible","cart_price_visibility":"visible","order_price_visibility":"visible","stock_status":"in_stock"}],"bundle_sell_ids":[],"yoast_head":"<!-- This site is optimized with the Yoast SEO Premium plugin v25.1 (Yoast SEO v25.1) - https:\/\/yoast.com\/wordpress\/plugins\/seo\/ -->\n<title>PCN og UFI for selskaper utenfor EU - UFI<\/title>\n<meta name=\"description\" content=\"Vi hjelper deg med PCN og UFI for selskaper utenfor EU. Selskaper med base utenfor EU\/E\u00d8S eller Nord-Irland.\" \/>\n<meta name=\"robots\" content=\"index, follow, max-snippet:-1, max-image-preview:large, max-video-preview:-1\" \/>\n<link rel=\"canonical\" href=\"https:\/\/www.ufi.eu\/no\/product\/pcn-og-ufi-for-selskaper-utenfor-eu\/\" \/>\n<meta property=\"og:locale\" content=\"nb_NO\" \/>\n<meta property=\"og:type\" content=\"article\" \/>\n<meta property=\"og:title\" content=\"PCN og UFI for selskaper utenfor EU\" \/>\n<meta property=\"og:description\" content=\"Vi hjelper deg med PCN og UFI for selskaper utenfor EU. Selskaper med base utenfor EU\/E\u00d8S eller Nord-Irland.\" \/>\n<meta property=\"og:url\" content=\"https:\/\/www.ufi.eu\/no\/product\/pcn-og-ufi-for-selskaper-utenfor-eu\/\" \/>\n<meta property=\"og:site_name\" content=\"UFI\" \/>\n<meta property=\"article:modified_time\" content=\"2025-04-15T20:37:16+00:00\" \/>\n<meta property=\"og:image\" content=\"https:\/\/www.ufi.eu\/wp-content\/uploads\/2025\/03\/pcn_ufi.jpg\" \/>\n\t<meta property=\"og:image:width\" content=\"1024\" \/>\n\t<meta property=\"og:image:height\" content=\"1024\" \/>\n\t<meta property=\"og:image:type\" content=\"image\/jpeg\" \/>\n<meta name=\"twitter:card\" content=\"summary_large_image\" \/>\n<meta name=\"twitter:label1\" content=\"Pris\" \/>\n\t<meta name=\"twitter:data1\" content=\"&euro;0.00\" \/>\n\t<meta name=\"twitter:label2\" content=\"Tilgjengelighet\" \/>\n\t<meta name=\"twitter:data2\" content=\"P\u00e5 lager\" \/>\n<script type=\"application\/ld+json\" class=\"yoast-schema-graph\">{\"@context\":\"https:\/\/schema.org\",\"@graph\":[{\"@type\":\"WebPage\",\"@id\":\"https:\/\/www.ufi.eu\/no\/product\/pcn-og-ufi-for-selskaper-utenfor-eu\/\",\"url\":\"https:\/\/www.ufi.eu\/no\/product\/pcn-og-ufi-for-selskaper-utenfor-eu\/\",\"name\":\"PCN og UFI for selskaper utenfor EU - UFI\",\"isPartOf\":{\"@id\":\"https:\/\/www.ufi.eu\/no\/#website\"},\"primaryImageOfPage\":{\"@id\":\"https:\/\/www.ufi.eu\/no\/product\/pcn-og-ufi-for-selskaper-utenfor-eu\/#primaryimage\"},\"image\":{\"@id\":\"https:\/\/www.ufi.eu\/no\/product\/pcn-og-ufi-for-selskaper-utenfor-eu\/#primaryimage\"},\"thumbnailUrl\":\"https:\/\/www.ufi.eu\/wp-content\/uploads\/2025\/03\/pcn_ufi.jpg\",\"datePublished\":\"2025-04-15T20:37:14+00:00\",\"dateModified\":\"2025-04-15T20:37:16+00:00\",\"description\":\"Vi hjelper deg med PCN og UFI for selskaper utenfor EU. Selskaper med base utenfor EU\/E\u00d8S eller Nord-Irland.\",\"breadcrumb\":{\"@id\":\"https:\/\/www.ufi.eu\/no\/product\/pcn-og-ufi-for-selskaper-utenfor-eu\/#breadcrumb\"},\"inLanguage\":\"nb-NO\",\"potentialAction\":[{\"@type\":\"ReadAction\",\"target\":[\"https:\/\/www.ufi.eu\/no\/product\/pcn-og-ufi-for-selskaper-utenfor-eu\/\"]}]},{\"@type\":\"ImageObject\",\"inLanguage\":\"nb-NO\",\"@id\":\"https:\/\/www.ufi.eu\/no\/product\/pcn-og-ufi-for-selskaper-utenfor-eu\/#primaryimage\",\"url\":\"https:\/\/www.ufi.eu\/wp-content\/uploads\/2025\/03\/pcn_ufi.jpg\",\"contentUrl\":\"https:\/\/www.ufi.eu\/wp-content\/uploads\/2025\/03\/pcn_ufi.jpg\",\"width\":1024,\"height\":1024},{\"@type\":\"BreadcrumbList\",\"@id\":\"https:\/\/www.ufi.eu\/no\/product\/pcn-og-ufi-for-selskaper-utenfor-eu\/#breadcrumb\",\"itemListElement\":[{\"@type\":\"ListItem\",\"position\":1,\"name\":\"Home\",\"item\":\"https:\/\/www.ufi.eu\/no\/hjem\/\"},{\"@type\":\"ListItem\",\"position\":2,\"name\":\"Butikk\",\"item\":\"https:\/\/www.ufi.eu\/no\/butikk\/\"},{\"@type\":\"ListItem\",\"position\":3,\"name\":\"PCN og UFI for selskaper utenfor EU\"}]},{\"@type\":\"WebSite\",\"@id\":\"https:\/\/www.ufi.eu\/no\/#website\",\"url\":\"https:\/\/www.ufi.eu\/no\/\",\"name\":\"UFI.EU\",\"description\":\"Poison Centre Notifications (PCN) and UFI\",\"publisher\":{\"@id\":\"https:\/\/www.ufi.eu\/no\/#organization\"},\"potentialAction\":[{\"@type\":\"SearchAction\",\"target\":{\"@type\":\"EntryPoint\",\"urlTemplate\":\"https:\/\/www.ufi.eu\/no\/?s={search_term_string}\"},\"query-input\":{\"@type\":\"PropertyValueSpecification\",\"valueRequired\":true,\"valueName\":\"search_term_string\"}}],\"inLanguage\":\"nb-NO\"},{\"@type\":\"Organization\",\"@id\":\"https:\/\/www.ufi.eu\/no\/#organization\",\"name\":\"UFI.EU\",\"url\":\"https:\/\/www.ufi.eu\/no\/\",\"logo\":{\"@type\":\"ImageObject\",\"inLanguage\":\"nb-NO\",\"@id\":\"https:\/\/www.ufi.eu\/no\/#\/schema\/logo\/image\/\",\"url\":\"https:\/\/www.ufi.eu\/wp-content\/uploads\/2025\/03\/cropped-logo_ufi3.jpg\",\"contentUrl\":\"https:\/\/www.ufi.eu\/wp-content\/uploads\/2025\/03\/cropped-logo_ufi3.jpg\",\"width\":231,\"height\":78,\"caption\":\"UFI.EU\"},\"image\":{\"@id\":\"https:\/\/www.ufi.eu\/no\/#\/schema\/logo\/image\/\"},\"description\":\"UFI.eu specializes in digital registrations for Poison Centre Notifications (PCN), ensuring your chemical products meet EU regulatory requirements effortlessly. Our streamlined solutions help businesses stay compliant while reducing complexity and administrative burden.\",\"email\":\"info@ufi.eu\",\"legalName\":\"UFI.EU\"}]}<\/script>\n<meta property=\"product:price:amount\" content=\"0.00\" \/>\n<meta property=\"product:price:currency\" content=\"EUR\" \/>\n<meta property=\"og:availability\" content=\"instock\" \/>\n<meta property=\"product:availability\" content=\"instock\" \/>\n<meta property=\"product:condition\" content=\"new\" \/>\n<!-- \/ Yoast SEO Premium plugin. -->","yoast_head_json":{"title":"PCN og UFI for selskaper utenfor EU - UFI","description":"Vi hjelper deg med PCN og UFI for selskaper utenfor EU. Selskaper med base utenfor EU\/E\u00d8S eller Nord-Irland.","robots":{"index":"index","follow":"follow","max-snippet":"max-snippet:-1","max-image-preview":"max-image-preview:large","max-video-preview":"max-video-preview:-1"},"canonical":"https:\/\/www.ufi.eu\/no\/product\/pcn-og-ufi-for-selskaper-utenfor-eu\/","og_locale":"nb_NO","og_type":"article","og_title":"PCN og UFI for selskaper utenfor EU","og_description":"Vi hjelper deg med PCN og UFI for selskaper utenfor EU. Selskaper med base utenfor EU\/E\u00d8S eller Nord-Irland.","og_url":"https:\/\/www.ufi.eu\/no\/product\/pcn-og-ufi-for-selskaper-utenfor-eu\/","og_site_name":"UFI","article_modified_time":"2025-04-15T20:37:16+00:00","og_image":[{"width":1024,"height":1024,"url":"https:\/\/www.ufi.eu\/wp-content\/uploads\/2025\/03\/pcn_ufi.jpg","type":"image\/jpeg"}],"twitter_card":"summary_large_image","twitter_misc":{"Pris":"&euro;0.00","Tilgjengelighet":"P\u00e5 lager"},"schema":{"@context":"https:\/\/schema.org","@graph":[{"@type":"WebPage","@id":"https:\/\/www.ufi.eu\/no\/product\/pcn-og-ufi-for-selskaper-utenfor-eu\/","url":"https:\/\/www.ufi.eu\/no\/product\/pcn-og-ufi-for-selskaper-utenfor-eu\/","name":"PCN og UFI for selskaper utenfor EU - UFI","isPartOf":{"@id":"https:\/\/www.ufi.eu\/no\/#website"},"primaryImageOfPage":{"@id":"https:\/\/www.ufi.eu\/no\/product\/pcn-og-ufi-for-selskaper-utenfor-eu\/#primaryimage"},"image":{"@id":"https:\/\/www.ufi.eu\/no\/product\/pcn-og-ufi-for-selskaper-utenfor-eu\/#primaryimage"},"thumbnailUrl":"https:\/\/www.ufi.eu\/wp-content\/uploads\/2025\/03\/pcn_ufi.jpg","datePublished":"2025-04-15T20:37:14+00:00","dateModified":"2025-04-15T20:37:16+00:00","description":"Vi hjelper deg med PCN og UFI for selskaper utenfor EU. Selskaper med base utenfor EU\/E\u00d8S eller Nord-Irland.","breadcrumb":{"@id":"https:\/\/www.ufi.eu\/no\/product\/pcn-og-ufi-for-selskaper-utenfor-eu\/#breadcrumb"},"inLanguage":"nb-NO","potentialAction":[{"@type":"ReadAction","target":["https:\/\/www.ufi.eu\/no\/product\/pcn-og-ufi-for-selskaper-utenfor-eu\/"]}]},{"@type":"ImageObject","inLanguage":"nb-NO","@id":"https:\/\/www.ufi.eu\/no\/product\/pcn-og-ufi-for-selskaper-utenfor-eu\/#primaryimage","url":"https:\/\/www.ufi.eu\/wp-content\/uploads\/2025\/03\/pcn_ufi.jpg","contentUrl":"https:\/\/www.ufi.eu\/wp-content\/uploads\/2025\/03\/pcn_ufi.jpg","width":1024,"height":1024},{"@type":"BreadcrumbList","@id":"https:\/\/www.ufi.eu\/no\/product\/pcn-og-ufi-for-selskaper-utenfor-eu\/#breadcrumb","itemListElement":[{"@type":"ListItem","position":1,"name":"Home","item":"https:\/\/www.ufi.eu\/no\/hjem\/"},{"@type":"ListItem","position":2,"name":"Butikk","item":"https:\/\/www.ufi.eu\/no\/butikk\/"},{"@type":"ListItem","position":3,"name":"PCN og UFI for selskaper utenfor EU"}]},{"@type":"WebSite","@id":"https:\/\/www.ufi.eu\/no\/#website","url":"https:\/\/www.ufi.eu\/no\/","name":"UFI.EU","description":"Poison Centre Notifications (PCN) and UFI","publisher":{"@id":"https:\/\/www.ufi.eu\/no\/#organization"},"potentialAction":[{"@type":"SearchAction","target":{"@type":"EntryPoint","urlTemplate":"https:\/\/www.ufi.eu\/no\/?s={search_term_string}"},"query-input":{"@type":"PropertyValueSpecification","valueRequired":true,"valueName":"search_term_string"}}],"inLanguage":"nb-NO"},{"@type":"Organization","@id":"https:\/\/www.ufi.eu\/no\/#organization","name":"UFI.EU","url":"https:\/\/www.ufi.eu\/no\/","logo":{"@type":"ImageObject","inLanguage":"nb-NO","@id":"https:\/\/www.ufi.eu\/no\/#\/schema\/logo\/image\/","url":"https:\/\/www.ufi.eu\/wp-content\/uploads\/2025\/03\/cropped-logo_ufi3.jpg","contentUrl":"https:\/\/www.ufi.eu\/wp-content\/uploads\/2025\/03\/cropped-logo_ufi3.jpg","width":231,"height":78,"caption":"UFI.EU"},"image":{"@id":"https:\/\/www.ufi.eu\/no\/#\/schema\/logo\/image\/"},"description":"UFI.eu specializes in digital registrations for Poison Centre Notifications (PCN), ensuring your chemical products meet EU regulatory requirements effortlessly. Our streamlined solutions help businesses stay compliant while reducing complexity and administrative burden.","email":"info@ufi.eu","legalName":"UFI.EU"}]},"product_price_amount":"0.00","product_price_currency":"EUR","og_availability":"instock","product_availability":"instock","product_condition":"new"},"_links":{"self":[{"href":"https:\/\/www.ufi.eu\/no\/wp-json\/wp\/v2\/product\/12812","targetHints":{"allow":["GET"]}}],"collection":[{"href":"https:\/\/www.ufi.eu\/no\/wp-json\/wp\/v2\/product"}],"about":[{"href":"https:\/\/www.ufi.eu\/no\/wp-json\/wp\/v2\/types\/product"}],"wp:featuredmedia":[{"embeddable":true,"href":"https:\/\/www.ufi.eu\/no\/wp-json\/wp\/v2\/media\/12483"}],"wp:attachment":[{"href":"https:\/\/www.ufi.eu\/no\/wp-json\/wp\/v2\/media?parent=12812"}],"wp:term":[{"taxonomy":"product_brand","embeddable":true,"href":"https:\/\/www.ufi.eu\/no\/wp-json\/wp\/v2\/product_brand?post=12812"},{"taxonomy":"product_cat","embeddable":true,"href":"https:\/\/www.ufi.eu\/no\/wp-json\/wp\/v2\/product_cat?post=12812"},{"taxonomy":"product_tag","embeddable":true,"href":"https:\/\/www.ufi.eu\/no\/wp-json\/wp\/v2\/product_tag?post=12812"}],"curies":[{"name":"wp","href":"https:\/\/api.w.org\/{rel}","templated":true}]}}