{"id":12761,"date":"2025-04-05T15:21:48","date_gmt":"2025-04-15T20:25:54","guid":{"rendered":"https:\/\/www.ufi.eu\/pcn\/ukategorisert\/opprettelse-av-clp-merking-og-kontroll-av-samsvar\/"},"modified":"2025-04-28T12:15:08","modified_gmt":"2025-04-28T12:15:08","slug":"opprettelse-av-clp-merking-og-kontroll-av-samsvar","status":"publish","type":"product","link":"https:\/\/www.ufi.eu\/no\/product\/opprettelse-av-clp-merking-og-kontroll-av-samsvar\/","title":{"rendered":"Opprettelse av CLP-merking og kontroll av samsvar"},"content":{"rendered":"\n<p><strong>Profesjonelle merkingstjenester for farlige blandinger i henhold til CLP-forordningen (EF nr. 1272\/2008)<\/strong><\/p>\n\n<p>Vi er spesialister p\u00e5 \u00e5 lage og verifisere lovp\u00e5lagte etiketter for farlige kjemiske produkter. Enten du skal lansere en kosmetisk base med farlige komponenter, et industrielt rengj\u00f8ringsmiddel eller en annen kjemisk blanding, s\u00f8rger v\u00e5r CLP-merkingstjeneste for at produktmerkingen din oppfyller alle lovkrav i EU og E\u00d8S. <\/p>\n\n<h2 class=\"wp-block-heading\" id=\"h-why-clp-compliant-labels-are-essential\">Hvorfor CLP-kompatible etiketter er avgj\u00f8rende<\/h2>\n\n<p>I henhold til <strong>CLP-forordningen (Classification, Labelling and Packaging)<\/strong> er leverand\u00f8rer av farlige stoffer og stoffblandinger lovp\u00e5lagt \u00e5<\/p>\n\n<ul class=\"wp-block-list\">\n<li>Klassifisere produktene sine i henhold til fysiske, helsemessige og milj\u00f8messige farer.<\/li>\n\n\n\n<li>Merk dem p\u00e5 riktig m\u00e5te ved hjelp av foreskrevne elementer som farepiktogrammer, signalord og standardiserte fare- og forsiktighetssetninger.<\/li>\n\n\n\n<li>Pakk dem inn p\u00e5 en trygg m\u00e5te, og legg ved n\u00f8dvendig leverand\u00f8ridentifikasjon.<\/li>\n<\/ul>\n\n<p>Feil eller ufullstendige etiketter kan f\u00f8re til <strong>tilbakekalling av produkter<\/strong>, <strong>juridiske sanksjoner<\/strong> eller <strong>avvisning fra forhandlere<\/strong> og nettbaserte markedsplasser.<\/p>\n\n<h2 class=\"wp-block-heading\" id=\"h-what-our-clp-label-service-includes\">Hva v\u00e5r CLP-merketjeneste inkluderer<\/h2>\n\n<h4 class=\"wp-block-heading\" id=\"h-1-clp-label-creation\">1. <strong>Opprettelse av CLP-etiketter<\/strong><\/h4>\n\n<p>Vi utformer etiketten din fra bunnen av, basert p\u00e5 produktets sikkerhetsdatablad (SDS) eller formuleringsdata. Tjenesten v\u00e5r inkluderer: <\/p>\n\n<ul class=\"wp-block-list\">\n<li>Korrekt klassifisering av farer (basert p\u00e5 sikkerhetsdatablad eller ingrediensinformasjon).<\/li>\n\n\n\n<li>Valg av passende <strong>farepiktogrammer<\/strong>, <strong>signalord<\/strong>, <strong>H-<\/strong> og <strong>P-utsagn<\/strong>.<\/li>\n\n\n\n<li>Layout i henhold til n\u00f8dvendige dimensjoner og lesbarhet.<\/li>\n\n\n\n<li>Inkludering av leverand\u00f8rnavn, UFI (hvis aktuelt) og andre juridiske elementer.<\/li>\n<\/ul>\n\n<h4 class=\"wp-block-heading\" id=\"h-2-label-verification-compliance-check\">2. <strong>Verifisering av etiketter \/ samsvarskontroll<\/strong><\/h4>\n\n<p>Har du allerede en etikett? Vi sjekker designet ditt opp mot gjeldende CLP-krav og gir klare tilbakemeldinger og korrigeringer, om n\u00f8dvendig: <\/p>\n\n<ul class=\"wp-block-list\">\n<li>N\u00f8yaktighet i fareklassifiseringen.<\/li>\n\n\n\n<li>Riktig bruk av fraser, signalord og piktogrammer.<\/li>\n\n\n\n<li>Lesbarhet, format og plassering av obligatoriske elementer.<\/li>\n\n\n\n<li>Verifisering av UFI-tilstedev\u00e6relse og -struktur (hvis p\u00e5krevd).<\/li>\n<\/ul>\n\n<h4 class=\"wp-block-heading\" id=\"h-3-optional-add-ons\">3. <strong>Valgfrie tillegg<\/strong><\/h4>\n\n<ul class=\"wp-block-list\">\n<li><strong>UFI-generering<\/strong> og PCN-varslingstjeneste.<\/li>\n\n\n\n<li><strong>Gjennomgang av sikkerhetsdatablad (SDS)<\/strong> for \u00e5 sikre samsvar med opplysningene p\u00e5 etiketten.<\/li>\n\n\n\n<li>Spr\u00e5koversettelse av etiketter beregnet p\u00e5 flere EU-markeder.<\/li>\n<\/ul>\n\n<h2 class=\"wp-block-heading\" id=\"h-which-products-require-clp-compliant-labels\">Hvilke produkter krever CLP-kompatible etiketter?<\/h2>\n\n<p>V\u00e5r CLP-merkingstjeneste gjelder for et bredt spekter av farlige blandinger, inkludert, men ikke begrenset til:<\/p>\n\n<ul class=\"wp-block-list\">\n<li>Rengj\u00f8ringsmidler for industri og husholdning.<\/li>\n\n\n\n<li>Maling, lim, harpiks og belegg.<\/li>\n\n\n\n<li>Bilprodukter og sm\u00f8remidler.<\/li>\n\n\n\n<li>Duftblandinger og konsentrater av eteriske oljer.<\/li>\n\n\n\n<li>Luftfriskere, voks og romspray med duft.<\/li>\n\n\n\n<li>Tekniske aerosoler og sprayer.<\/li>\n<\/ul>\n\n<p>Hvis produktet ditt inneholder ingredienser som utgj\u00f8r en <strong>fysisk, helsemessig eller milj\u00f8messig risiko<\/strong>, kreves det sannsynligvis en CLP-kompatibel etikett.<\/p>\n\n<h2 class=\"wp-block-heading\" id=\"h-who-is-this-service-for\">Hvem er denne tjenesten for?<\/h2>\n\n<ul class=\"wp-block-list\">\n<li><strong>Produsenter<\/strong>, <strong>import\u00f8rer<\/strong> og <strong>private labelers<\/strong> av kjemiske blandinger.<\/li>\n\n\n\n<li><strong>Nystartede bedrifter<\/strong> og sm\u00e5 og mellomstore bedrifter p\u00e5 jakt etter rimelig reguleringsst\u00f8tte.<\/li>\n\n\n\n<li><strong>Forhandlere og markedsplasser<\/strong> som trenger kompatible etiketter for videresalg.<\/li>\n\n\n\n<li><strong>Eksport\u00f8rer<\/strong> som distribuerer til EU\/E\u00d8S-land.<\/li>\n<\/ul>\n\n<h2 class=\"wp-block-heading\" id=\"h-why-choose-ufi-eu\">Hvorfor velge UFI.EU?<\/h2>\n\n<ul class=\"wp-block-list\">\n<li><strong>Regulatorisk ekspertise<\/strong> innen CLP, UFI og PCN p\u00e5 tvers av flere bransjer.<\/li>\n\n\n\n<li><strong>Rask behandlingstid<\/strong> og tydelig kommunikasjon.<\/li>\n\n\n\n<li><strong>N\u00f8yaktig, juridisk forsvarlig merking<\/strong> basert p\u00e5 de nyeste EU-forordningene.<\/li>\n\n\n\n<li><strong>Flerspr\u00e5klig st\u00f8tte<\/strong> for paneuropeisk samsvar.<\/li>\n<\/ul>\n\n<h2 class=\"wp-block-heading\" id=\"h-how-it-works\">Slik fungerer det<\/h2>\n\n<ol class=\"wp-block-list\">\n<li><strong>Send inn SDS eller formuleringsinformasjon.<\/strong><\/li>\n\n\n\n<li><strong>Vi analyserer dataene og oppretter eller gjennomg\u00e5r etiketten din.<\/strong><\/li>\n\n\n\n<li><strong>Du mottar en CLP-etikettfil som er klar til bruk, eller en rapport med n\u00f8dvendige rettelser.<\/strong><\/li>\n<\/ol>\n\n<h2 class=\"wp-block-heading\" id=\"h-ready-to-order\">Klar til \u00e5 bestille?<\/h2>\n\n<p>Unng\u00e5 stresset med etiketter som ikke er i samsvar med regelverket. La ekspertene v\u00e5re hjelpe deg med \u00e5 oppfylle dine juridiske forpliktelser. <br\/><strong>Bestill din CLP-etikett eller samsvarskontroll i dag.<\/strong><\/p>\n","protected":false},"excerpt":{"rendered":"<p>Vi s\u00f8rger for informasjonen til produktetiketten din. Det endelige etikettdesignet ditt vil bli kontrollert for \u00e5 sikre at det er i samsvar med lovverket. <\/p>\n","protected":false},"featured_media":12483,"template":"","meta":[],"product_brand":[],"product_cat":[396],"product_tag":[],"class_list":{"0":"post-12761","1":"product","2":"type-product","3":"status-publish","4":"has-post-thumbnail","6":"product_cat-clp-merking","8":"first","9":"instock","10":"virtual","11":"taxable","12":"purchasable","13":"product-type-simple"},"bundled_by":["12812","13610","14266","31728"],"bundle_stock_status":"instock","bundle_stock_quantity":null,"bundle_virtual":false,"bundle_layout":"","bundle_add_to_cart_form_location":"","bundle_editable_in_cart":false,"bundle_sold_individually_context":"","bundle_item_grouping":"","bundle_min_size":"","bundle_max_size":"","bundle_price":[],"bundled_items":[],"bundle_sell_ids":[],"yoast_head":"<!-- This site is optimized with the Yoast SEO Premium plugin v25.1 (Yoast SEO v25.1) - https:\/\/yoast.com\/wordpress\/plugins\/seo\/ -->\n<title>Opprettelse av CLP-merking og kontroll av samsvar - UFI<\/title>\n<meta name=\"description\" content=\"V\u00e5r tjeneste for oppretting av CLP-etiketter og samsvarskontroll sikrer at produktmerkingen din oppfyller alle lovkrav i EU og E\u00d8S.\" \/>\n<meta name=\"robots\" content=\"index, follow, max-snippet:-1, max-image-preview:large, max-video-preview:-1\" \/>\n<link rel=\"canonical\" href=\"https:\/\/www.ufi.eu\/no\/product\/opprettelse-av-clp-merking-og-kontroll-av-samsvar\/\" \/>\n<meta property=\"og:locale\" content=\"nb_NO\" \/>\n<meta property=\"og:type\" content=\"article\" \/>\n<meta property=\"og:title\" content=\"Opprettelse av CLP-merking og kontroll av samsvar\" \/>\n<meta property=\"og:description\" content=\"V\u00e5r tjeneste for oppretting av CLP-etiketter og samsvarskontroll sikrer at produktmerkingen din oppfyller alle lovkrav i EU og E\u00d8S.\" \/>\n<meta property=\"og:url\" content=\"https:\/\/www.ufi.eu\/no\/product\/opprettelse-av-clp-merking-og-kontroll-av-samsvar\/\" \/>\n<meta property=\"og:site_name\" content=\"UFI\" \/>\n<meta property=\"article:modified_time\" content=\"2025-04-28T12:15:08+00:00\" \/>\n<meta property=\"og:image\" content=\"https:\/\/www.ufi.eu\/wp-content\/uploads\/2025\/03\/pcn_ufi.jpg\" \/>\n\t<meta property=\"og:image:width\" content=\"1024\" \/>\n\t<meta property=\"og:image:height\" content=\"1024\" \/>\n\t<meta property=\"og:image:type\" content=\"image\/jpeg\" \/>\n<meta name=\"twitter:card\" content=\"summary_large_image\" \/>\n<meta name=\"twitter:label1\" content=\"Pris\" \/>\n\t<meta name=\"twitter:data1\" content=\"&euro;50.00\" \/>\n\t<meta name=\"twitter:label2\" content=\"Tilgjengelighet\" \/>\n\t<meta name=\"twitter:data2\" content=\"P\u00e5 lager\" \/>\n<script type=\"application\/ld+json\" class=\"yoast-schema-graph\">{\"@context\":\"https:\/\/schema.org\",\"@graph\":[{\"@type\":\"WebPage\",\"@id\":\"https:\/\/www.ufi.eu\/no\/product\/opprettelse-av-clp-merking-og-kontroll-av-samsvar\/\",\"url\":\"https:\/\/www.ufi.eu\/no\/product\/opprettelse-av-clp-merking-og-kontroll-av-samsvar\/\",\"name\":\"Opprettelse av CLP-merking og kontroll av samsvar - UFI\",\"isPartOf\":{\"@id\":\"https:\/\/www.ufi.eu\/no\/#website\"},\"primaryImageOfPage\":{\"@id\":\"https:\/\/www.ufi.eu\/no\/product\/opprettelse-av-clp-merking-og-kontroll-av-samsvar\/#primaryimage\"},\"image\":{\"@id\":\"https:\/\/www.ufi.eu\/no\/product\/opprettelse-av-clp-merking-og-kontroll-av-samsvar\/#primaryimage\"},\"thumbnailUrl\":\"https:\/\/www.ufi.eu\/wp-content\/uploads\/2025\/03\/pcn_ufi.jpg\",\"datePublished\":\"2025-04-15T20:25:54+00:00\",\"dateModified\":\"2025-04-28T12:15:08+00:00\",\"description\":\"V\u00e5r tjeneste for oppretting av CLP-etiketter og samsvarskontroll sikrer at produktmerkingen din oppfyller alle lovkrav i EU og E\u00d8S.\",\"breadcrumb\":{\"@id\":\"https:\/\/www.ufi.eu\/no\/product\/opprettelse-av-clp-merking-og-kontroll-av-samsvar\/#breadcrumb\"},\"inLanguage\":\"nb-NO\",\"potentialAction\":[{\"@type\":\"ReadAction\",\"target\":[\"https:\/\/www.ufi.eu\/no\/product\/opprettelse-av-clp-merking-og-kontroll-av-samsvar\/\"]}]},{\"@type\":\"ImageObject\",\"inLanguage\":\"nb-NO\",\"@id\":\"https:\/\/www.ufi.eu\/no\/product\/opprettelse-av-clp-merking-og-kontroll-av-samsvar\/#primaryimage\",\"url\":\"https:\/\/www.ufi.eu\/wp-content\/uploads\/2025\/03\/pcn_ufi.jpg\",\"contentUrl\":\"https:\/\/www.ufi.eu\/wp-content\/uploads\/2025\/03\/pcn_ufi.jpg\",\"width\":1024,\"height\":1024},{\"@type\":\"BreadcrumbList\",\"@id\":\"https:\/\/www.ufi.eu\/no\/product\/opprettelse-av-clp-merking-og-kontroll-av-samsvar\/#breadcrumb\",\"itemListElement\":[{\"@type\":\"ListItem\",\"position\":1,\"name\":\"Home\",\"item\":\"https:\/\/www.ufi.eu\/no\/hjem\/\"},{\"@type\":\"ListItem\",\"position\":2,\"name\":\"Butikk\",\"item\":\"https:\/\/www.ufi.eu\/no\/butikk\/\"},{\"@type\":\"ListItem\",\"position\":3,\"name\":\"Opprettelse av CLP-merking og kontroll av samsvar\"}]},{\"@type\":\"WebSite\",\"@id\":\"https:\/\/www.ufi.eu\/no\/#website\",\"url\":\"https:\/\/www.ufi.eu\/no\/\",\"name\":\"UFI.EU\",\"description\":\"Poison Centre Notifications (PCN) and UFI\",\"publisher\":{\"@id\":\"https:\/\/www.ufi.eu\/no\/#organization\"},\"potentialAction\":[{\"@type\":\"SearchAction\",\"target\":{\"@type\":\"EntryPoint\",\"urlTemplate\":\"https:\/\/www.ufi.eu\/no\/?s={search_term_string}\"},\"query-input\":{\"@type\":\"PropertyValueSpecification\",\"valueRequired\":true,\"valueName\":\"search_term_string\"}}],\"inLanguage\":\"nb-NO\"},{\"@type\":\"Organization\",\"@id\":\"https:\/\/www.ufi.eu\/no\/#organization\",\"name\":\"UFI.EU\",\"url\":\"https:\/\/www.ufi.eu\/no\/\",\"logo\":{\"@type\":\"ImageObject\",\"inLanguage\":\"nb-NO\",\"@id\":\"https:\/\/www.ufi.eu\/no\/#\/schema\/logo\/image\/\",\"url\":\"https:\/\/www.ufi.eu\/wp-content\/uploads\/2025\/03\/cropped-logo_ufi3.jpg\",\"contentUrl\":\"https:\/\/www.ufi.eu\/wp-content\/uploads\/2025\/03\/cropped-logo_ufi3.jpg\",\"width\":231,\"height\":78,\"caption\":\"UFI.EU\"},\"image\":{\"@id\":\"https:\/\/www.ufi.eu\/no\/#\/schema\/logo\/image\/\"},\"description\":\"UFI.eu specializes in digital registrations for Poison Centre Notifications (PCN), ensuring your chemical products meet EU regulatory requirements effortlessly. Our streamlined solutions help businesses stay compliant while reducing complexity and administrative burden.\",\"email\":\"info@ufi.eu\",\"legalName\":\"UFI.EU\"}]}<\/script>\n<meta property=\"product:price:amount\" content=\"50.00\" \/>\n<meta property=\"product:price:currency\" content=\"EUR\" \/>\n<meta property=\"og:availability\" content=\"instock\" \/>\n<meta property=\"product:availability\" content=\"instock\" \/>\n<meta property=\"product:condition\" content=\"new\" \/>\n<!-- \/ Yoast SEO Premium plugin. -->","yoast_head_json":{"title":"Opprettelse av CLP-merking og kontroll av samsvar - UFI","description":"V\u00e5r tjeneste for oppretting av CLP-etiketter og samsvarskontroll sikrer at produktmerkingen din oppfyller alle lovkrav i EU og E\u00d8S.","robots":{"index":"index","follow":"follow","max-snippet":"max-snippet:-1","max-image-preview":"max-image-preview:large","max-video-preview":"max-video-preview:-1"},"canonical":"https:\/\/www.ufi.eu\/no\/product\/opprettelse-av-clp-merking-og-kontroll-av-samsvar\/","og_locale":"nb_NO","og_type":"article","og_title":"Opprettelse av CLP-merking og kontroll av samsvar","og_description":"V\u00e5r tjeneste for oppretting av CLP-etiketter og samsvarskontroll sikrer at produktmerkingen din oppfyller alle lovkrav i EU og E\u00d8S.","og_url":"https:\/\/www.ufi.eu\/no\/product\/opprettelse-av-clp-merking-og-kontroll-av-samsvar\/","og_site_name":"UFI","article_modified_time":"2025-04-28T12:15:08+00:00","og_image":[{"width":1024,"height":1024,"url":"https:\/\/www.ufi.eu\/wp-content\/uploads\/2025\/03\/pcn_ufi.jpg","type":"image\/jpeg"}],"twitter_card":"summary_large_image","twitter_misc":{"Pris":"&euro;50.00","Tilgjengelighet":"P\u00e5 lager"},"schema":{"@context":"https:\/\/schema.org","@graph":[{"@type":"WebPage","@id":"https:\/\/www.ufi.eu\/no\/product\/opprettelse-av-clp-merking-og-kontroll-av-samsvar\/","url":"https:\/\/www.ufi.eu\/no\/product\/opprettelse-av-clp-merking-og-kontroll-av-samsvar\/","name":"Opprettelse av CLP-merking og kontroll av samsvar - UFI","isPartOf":{"@id":"https:\/\/www.ufi.eu\/no\/#website"},"primaryImageOfPage":{"@id":"https:\/\/www.ufi.eu\/no\/product\/opprettelse-av-clp-merking-og-kontroll-av-samsvar\/#primaryimage"},"image":{"@id":"https:\/\/www.ufi.eu\/no\/product\/opprettelse-av-clp-merking-og-kontroll-av-samsvar\/#primaryimage"},"thumbnailUrl":"https:\/\/www.ufi.eu\/wp-content\/uploads\/2025\/03\/pcn_ufi.jpg","datePublished":"2025-04-15T20:25:54+00:00","dateModified":"2025-04-28T12:15:08+00:00","description":"V\u00e5r tjeneste for oppretting av CLP-etiketter og samsvarskontroll sikrer at produktmerkingen din oppfyller alle lovkrav i EU og E\u00d8S.","breadcrumb":{"@id":"https:\/\/www.ufi.eu\/no\/product\/opprettelse-av-clp-merking-og-kontroll-av-samsvar\/#breadcrumb"},"inLanguage":"nb-NO","potentialAction":[{"@type":"ReadAction","target":["https:\/\/www.ufi.eu\/no\/product\/opprettelse-av-clp-merking-og-kontroll-av-samsvar\/"]}]},{"@type":"ImageObject","inLanguage":"nb-NO","@id":"https:\/\/www.ufi.eu\/no\/product\/opprettelse-av-clp-merking-og-kontroll-av-samsvar\/#primaryimage","url":"https:\/\/www.ufi.eu\/wp-content\/uploads\/2025\/03\/pcn_ufi.jpg","contentUrl":"https:\/\/www.ufi.eu\/wp-content\/uploads\/2025\/03\/pcn_ufi.jpg","width":1024,"height":1024},{"@type":"BreadcrumbList","@id":"https:\/\/www.ufi.eu\/no\/product\/opprettelse-av-clp-merking-og-kontroll-av-samsvar\/#breadcrumb","itemListElement":[{"@type":"ListItem","position":1,"name":"Home","item":"https:\/\/www.ufi.eu\/no\/hjem\/"},{"@type":"ListItem","position":2,"name":"Butikk","item":"https:\/\/www.ufi.eu\/no\/butikk\/"},{"@type":"ListItem","position":3,"name":"Opprettelse av CLP-merking og kontroll av samsvar"}]},{"@type":"WebSite","@id":"https:\/\/www.ufi.eu\/no\/#website","url":"https:\/\/www.ufi.eu\/no\/","name":"UFI.EU","description":"Poison Centre Notifications (PCN) and UFI","publisher":{"@id":"https:\/\/www.ufi.eu\/no\/#organization"},"potentialAction":[{"@type":"SearchAction","target":{"@type":"EntryPoint","urlTemplate":"https:\/\/www.ufi.eu\/no\/?s={search_term_string}"},"query-input":{"@type":"PropertyValueSpecification","valueRequired":true,"valueName":"search_term_string"}}],"inLanguage":"nb-NO"},{"@type":"Organization","@id":"https:\/\/www.ufi.eu\/no\/#organization","name":"UFI.EU","url":"https:\/\/www.ufi.eu\/no\/","logo":{"@type":"ImageObject","inLanguage":"nb-NO","@id":"https:\/\/www.ufi.eu\/no\/#\/schema\/logo\/image\/","url":"https:\/\/www.ufi.eu\/wp-content\/uploads\/2025\/03\/cropped-logo_ufi3.jpg","contentUrl":"https:\/\/www.ufi.eu\/wp-content\/uploads\/2025\/03\/cropped-logo_ufi3.jpg","width":231,"height":78,"caption":"UFI.EU"},"image":{"@id":"https:\/\/www.ufi.eu\/no\/#\/schema\/logo\/image\/"},"description":"UFI.eu specializes in digital registrations for Poison Centre Notifications (PCN), ensuring your chemical products meet EU regulatory requirements effortlessly. Our streamlined solutions help businesses stay compliant while reducing complexity and administrative burden.","email":"info@ufi.eu","legalName":"UFI.EU"}]},"product_price_amount":"50.00","product_price_currency":"EUR","og_availability":"instock","product_availability":"instock","product_condition":"new"},"_links":{"self":[{"href":"https:\/\/www.ufi.eu\/no\/wp-json\/wp\/v2\/product\/12761","targetHints":{"allow":["GET"]}}],"collection":[{"href":"https:\/\/www.ufi.eu\/no\/wp-json\/wp\/v2\/product"}],"about":[{"href":"https:\/\/www.ufi.eu\/no\/wp-json\/wp\/v2\/types\/product"}],"wp:featuredmedia":[{"embeddable":true,"href":"https:\/\/www.ufi.eu\/no\/wp-json\/wp\/v2\/media\/12483"}],"wp:attachment":[{"href":"https:\/\/www.ufi.eu\/no\/wp-json\/wp\/v2\/media?parent=12761"}],"wp:term":[{"taxonomy":"product_brand","embeddable":true,"href":"https:\/\/www.ufi.eu\/no\/wp-json\/wp\/v2\/product_brand?post=12761"},{"taxonomy":"product_cat","embeddable":true,"href":"https:\/\/www.ufi.eu\/no\/wp-json\/wp\/v2\/product_cat?post=12761"},{"taxonomy":"product_tag","embeddable":true,"href":"https:\/\/www.ufi.eu\/no\/wp-json\/wp\/v2\/product_tag?post=12761"}],"curies":[{"name":"wp","href":"https:\/\/api.w.org\/{rel}","templated":true}]}}